{"id":5673,"date":"2024-02-13T14:04:59","date_gmt":"2024-02-13T13:04:59","guid":{"rendered":"https:\/\/hense.pixel-tal.de\/quienes-somos\/"},"modified":"2024-04-12T15:23:25","modified_gmt":"2024-04-12T13:23:25","slug":"quienes-somos","status":"publish","type":"page","link":"https:\/\/hense-systeme.com\/es\/la-empresa\/quienes-somos\/","title":{"rendered":"Qui\u00e9nes somos"},"content":{"rendered":"<section id=\"81b6f8d8\" class=\"hero hero-81b6f8d8 hero--text\" data-theme=\"dark\">\n\t\t\t\t\t\t\t\t<div class=\"acf-innerblocks-container\">\n\r\n\t\t\t       \r\n                    \r\n            <div id=\"07f10c4e\" class=\"hero-item hero-item-07f10c4e hero-item--overlay hero-item--image\">\r\n\t\t\t\t<div class=\"hero-canvas\">\r\n\t\t\t\t\t<div class=\"acf-innerblocks-container\">\n<div id=\"1240fb28\" class=\"gb-container gb-container-1240fb28\" data-container-type=\"container\" data-theme=\"inherit\" data-aos=\"fade-up\">\n\n<div class=\"wp-block-pixel-headline headlines --subheadline-top has-text-align-center\"><h1 class=\"headline\" style=\"color:var(--base-3)\"><strong>Nuestra<\/strong><br>Perfil de la empresa<\/h1><span class=\"subheadline\" style=\"color:\">Qui\u00e9nes somos<\/span><\/div>\n\n<\/div>\n<\/div>\r\n\t\t\t\t<\/div>\r\n\t\t\t\t<div class=\"hero-media hero-media-image\"><img loading=\"lazy\" decoding=\"async\" width=\"1920\" height=\"500\" src=\"https:\/\/hense-systeme.com\/wp-content\/uploads\/header_ueber_uns.jpg\" class=\"attachment-full size-full\" alt=\"\" srcset=\"https:\/\/hense-systeme.com\/wp-content\/uploads\/header_ueber_uns.jpg 1920w, https:\/\/hense-systeme.com\/wp-content\/uploads\/header_ueber_uns-300x78.jpg 300w, https:\/\/hense-systeme.com\/wp-content\/uploads\/header_ueber_uns-1024x267.jpg 1024w, https:\/\/hense-systeme.com\/wp-content\/uploads\/header_ueber_uns-768x200.jpg 768w, https:\/\/hense-systeme.com\/wp-content\/uploads\/header_ueber_uns-1536x400.jpg 1536w, https:\/\/hense-systeme.com\/wp-content\/uploads\/header_ueber_uns-1x1.jpg 1w\" sizes=\"auto, (max-width: 1920px) 100vw, 1920px\" \/><\/div>            <\/div>\r\n\t\t\t\t\r\n            \r\n\t\t\t\r\n        \r\n            \n<\/div>\n\t\t\t\t\t\t\t\t\t\t\t\t<div id=\"start\"><\/div>\n\t\t\t<\/section>\n\t\t\t\t\n\t\t\t\n\t\t\t        \n            \n\n<section id=\"b6a6500f\" class=\"gb-section gb-container gb-container-b6a6500f\" data-container-type=\"section\" data-theme=\"dark\">\n<section id=\"cfe90332\" class=\"gb-inner-section gb-container gb-container-cfe90332\" data-container-type=\"container\" data-theme=\"inherit\">\n<div id=\"4cd3a069\" class=\"gb-container gb-container-4cd3a069\" data-container-type=\"container\" data-theme=\"inherit\" data-aos=\"fade-right\">\n\n<div class=\"wp-block-pixel-headline headlines --subheadline-top has-text-align-left\"><h2 class=\"headline\" style=\"color:\"><strong>Hense Systeme<\/strong> GmbH &amp; Co. KG<\/h2><span class=\"subheadline\" style=\"color:\">Calidad e innovaci\u00f3n con tradici\u00f3n<\/span><\/div>\n\n<\/div>\n\n<div class=\"gb-grid-wrapper gb-grid-wrapper-e7261f94\">\n<div class=\"gb-grid-column gb-grid-column-32f3d6d6\"><div id=\"32f3d6d6\" class=\"gb-container gb-container-32f3d6d6\" data-container-type=\"container\" data-theme=\"inherit\" data-aos=\"fade-right\">\n\n<p class=\"wp-block-paragraph\">&#8230; con sede en Bochum (Cuenca del Ruhr), es uno de los principales fabricantes de motores hidr\u00e1ulicos giratorios basados en el principio de paletas rotativas y de sistemas de elevaci\u00f3n y giro a medida. Tambi\u00e9n somos conocidos como fabricantes de equipos originales en muchas \u00e1reas de la tecnolog\u00eda de bancos de pruebas.<br><br>La empresa familiar se encuentra ahora en su tercera generaci\u00f3n de gesti\u00f3n y lleva 50 a\u00f1os ofreciendo soluciones innovadoras en el campo de los componentes hidr\u00e1ulicos para casi todos los sectores industriales.<br><\/p>\n\n<\/div><\/div>\n\n<div class=\"gb-grid-column gb-grid-column-09ecf06b\"><div id=\"09ecf06b\" class=\"gb-container gb-container-09ecf06b\" data-container-type=\"container\" data-theme=\"inherit\" data-aos=\"fade-left\">\n\n<p class=\"has-text-align-left wp-block-paragraph\">Gracias a nuestros muchos a\u00f1os de experiencia en ingenier\u00eda mec\u00e1nica, a un flujo constante de nuevas estrategias y desarrollos, a una orientaci\u00f3n constante hacia el cliente y al compromiso de nuestros empleados, continuaremos en el futuro por la senda del \u00e9xito para satisfacer las demandas del mercado mundial y asegurar y seguir ampliando nuestra posici\u00f3n.<br><br>Obtenga una visi\u00f3n general de nuestra empresa e inf\u00f3rmese sobre nuestros productos, reconocidos en el mercado entre otras cosas por su alta calidad.<br><\/p>\n\n<\/div><\/div>\n<\/div>\n<\/section>\n<\/section>\n\n<section id=\"56ece15a\" class=\"gb-section gb-container gb-container-56ece15a alignfull\" data-container-type=\"section\" data-theme=\"dark\">\n<div id=\"87098be6\" class=\"gb-inner-section gb-container gb-container-87098be6 center\" data-container-type=\"container\" data-theme=\"inherit\">\n<div class=\"gb-grid-wrapper gb-grid-wrapper-45ea1435 center\">\n<div class=\"gb-grid-column gb-grid-column-223b7a54\"><div id=\"223b7a54\" class=\"gb-container gb-container-223b7a54\" data-container-type=\"container\" data-theme=\"inherit\" data-aos=\"fade-right\">\n\n<figure class=\"gb-block-image gb-block-image-8b5e305d\"><img loading=\"lazy\" decoding=\"async\" width=\"370\" height=\"449\" class=\"gb-image gb-image-8b5e305d gb-image-style-border-left\" src=\"https:\/\/hense-systeme.com\/wp-content\/uploads\/qualitaet.jpg\" alt=\"\" title=\"calidad\" srcset=\"https:\/\/hense-systeme.com\/wp-content\/uploads\/qualitaet.jpg 370w, https:\/\/hense-systeme.com\/wp-content\/uploads\/qualitaet-247x300.jpg 247w, https:\/\/hense-systeme.com\/wp-content\/uploads\/qualitaet-1x1.jpg 1w\" sizes=\"auto, (max-width: 370px) 100vw, 370px\" \/><\/figure>\n\n<\/div><\/div>\n\n<div class=\"gb-grid-column gb-grid-column-241aa578\"><div id=\"241aa578\" class=\"gb-container gb-container-241aa578\" data-container-type=\"container\" data-theme=\"inherit\" data-aos=\"fade-left\">\n\n<div class=\"wp-block-pixel-headline headlines --subheadline-top has-text-align-left\"><h2 class=\"headline\" style=\"color:\"><strong>Alta<\/strong> calidad<\/h2><span class=\"subheadline\" style=\"color:\">Confiamos en<\/span><\/div>\n\n\n\n<p class=\"wp-block-paragraph\">Sabemos que nuestra alta calidad no s\u00f3lo se caracteriza por nuestros conocimientos y habilidades especiales en la fabricaci\u00f3n de nuestros productos. Al igual que ocurre con nuestros motores, varios factores tienen que interactuar sin problemas para que todo funcione a la perfecci\u00f3n. En nuestro trabajo diario tenemos siempre presentes las siguientes \u00e1reas y las armonizamos para lograr los mejores resultados.<\/p>\n\n<\/div><\/div>\n<\/div>\n<\/div>\n<\/section>","protected":false},"excerpt":{"rendered":"","protected":false},"author":1,"featured_media":0,"parent":6164,"menu_order":1,"comment_status":"closed","ping_status":"closed","template":"","meta":{"_acf_changed":false,"_crdt_document":"","footnotes":""},"class_list":{"0":"post-5673","1":"page","2":"type-page","3":"status-publish","5":"no-featured-image-padding"},"acf":[],"yoast_head":"<!-- This site is optimized with the Yoast SEO plugin v27.3 - https:\/\/yoast.com\/product\/yoast-seo-wordpress\/ -->\n<title>Qui\u00e9nes somos - Hense Systemtechnik GmbH &amp; Co. KG<\/title>\n<meta name=\"robots\" content=\"index, follow, max-snippet:-1, max-image-preview:large, max-video-preview:-1\" \/>\n<link rel=\"canonical\" href=\"https:\/\/hense-systeme.com\/es\/la-empresa\/quienes-somos\/\" \/>\n<meta property=\"og:locale\" content=\"es_ES\" \/>\n<meta property=\"og:type\" content=\"article\" \/>\n<meta property=\"og:title\" content=\"Qui\u00e9nes somos - Hense Systemtechnik GmbH &amp; Co. KG\" \/>\n<meta property=\"og:url\" content=\"https:\/\/hense-systeme.com\/es\/la-empresa\/quienes-somos\/\" \/>\n<meta property=\"og:site_name\" content=\"Hense Systemtechnik GmbH &amp; Co. KG\" \/>\n<meta property=\"article:modified_time\" content=\"2024-04-12T13:23:25+00:00\" \/>\n<meta property=\"og:image\" content=\"https:\/\/hense-systeme.com\/wp-content\/uploads\/qualitaet.jpg\" \/>\n<meta name=\"twitter:card\" content=\"summary_large_image\" \/>\n<script type=\"application\/ld+json\" class=\"yoast-schema-graph\">{\"@context\":\"https:\\\/\\\/schema.org\",\"@graph\":[{\"@type\":\"WebPage\",\"@id\":\"https:\\\/\\\/hense-systeme.com\\\/es\\\/la-empresa\\\/quienes-somos\\\/\",\"url\":\"https:\\\/\\\/hense-systeme.com\\\/es\\\/la-empresa\\\/quienes-somos\\\/\",\"name\":\"Qui\u00e9nes somos - Hense Systemtechnik GmbH &amp; Co. KG\",\"isPartOf\":{\"@id\":\"https:\\\/\\\/hense-systeme.com\\\/es\\\/#website\"},\"primaryImageOfPage\":{\"@id\":\"https:\\\/\\\/hense-systeme.com\\\/es\\\/la-empresa\\\/quienes-somos\\\/#primaryimage\"},\"image\":{\"@id\":\"https:\\\/\\\/hense-systeme.com\\\/es\\\/la-empresa\\\/quienes-somos\\\/#primaryimage\"},\"thumbnailUrl\":\"https:\\\/\\\/hense-systeme.com\\\/wp-content\\\/uploads\\\/qualitaet.jpg\",\"datePublished\":\"2024-02-13T13:04:59+00:00\",\"dateModified\":\"2024-04-12T13:23:25+00:00\",\"breadcrumb\":{\"@id\":\"https:\\\/\\\/hense-systeme.com\\\/es\\\/la-empresa\\\/quienes-somos\\\/#breadcrumb\"},\"inLanguage\":\"es\",\"potentialAction\":[{\"@type\":\"ReadAction\",\"target\":[\"https:\\\/\\\/hense-systeme.com\\\/es\\\/la-empresa\\\/quienes-somos\\\/\"]}]},{\"@type\":\"ImageObject\",\"inLanguage\":\"es\",\"@id\":\"https:\\\/\\\/hense-systeme.com\\\/es\\\/la-empresa\\\/quienes-somos\\\/#primaryimage\",\"url\":\"https:\\\/\\\/hense-systeme.com\\\/wp-content\\\/uploads\\\/qualitaet.jpg\",\"contentUrl\":\"https:\\\/\\\/hense-systeme.com\\\/wp-content\\\/uploads\\\/qualitaet.jpg\"},{\"@type\":\"BreadcrumbList\",\"@id\":\"https:\\\/\\\/hense-systeme.com\\\/es\\\/la-empresa\\\/quienes-somos\\\/#breadcrumb\",\"itemListElement\":[{\"@type\":\"ListItem\",\"position\":1,\"name\":\"Startseite\",\"item\":\"https:\\\/\\\/hense-systeme.com\\\/es\\\/\"},{\"@type\":\"ListItem\",\"position\":2,\"name\":\"Privat: La empresa\",\"item\":\"https:\\\/\\\/hense-systeme.com\\\/es\\\/?page_id=1400\"},{\"@type\":\"ListItem\",\"position\":3,\"name\":\"Qui\u00e9nes somos\"}]},{\"@type\":\"WebSite\",\"@id\":\"https:\\\/\\\/hense-systeme.com\\\/es\\\/#website\",\"url\":\"https:\\\/\\\/hense-systeme.com\\\/es\\\/\",\"name\":\"Hense Systemtechnik GmbH &amp; Co. KG\",\"description\":\"\",\"publisher\":{\"@id\":\"https:\\\/\\\/hense-systeme.com\\\/es\\\/#organization\"},\"potentialAction\":[{\"@type\":\"SearchAction\",\"target\":{\"@type\":\"EntryPoint\",\"urlTemplate\":\"https:\\\/\\\/hense-systeme.com\\\/es\\\/?s={search_term_string}\"},\"query-input\":{\"@type\":\"PropertyValueSpecification\",\"valueRequired\":true,\"valueName\":\"search_term_string\"}}],\"inLanguage\":\"es\"},{\"@type\":\"Organization\",\"@id\":\"https:\\\/\\\/hense-systeme.com\\\/es\\\/#organization\",\"name\":\"Hense Systemtechnik GmbH &amp; Co. KG\",\"url\":\"https:\\\/\\\/hense-systeme.com\\\/es\\\/\",\"logo\":{\"@type\":\"ImageObject\",\"inLanguage\":\"es\",\"@id\":\"https:\\\/\\\/hense-systeme.com\\\/es\\\/#\\\/schema\\\/logo\\\/image\\\/\",\"url\":\"https:\\\/\\\/hense-systeme.com\\\/wp-content\\\/uploads\\\/2024\\\/02\\\/hense_logo.svg\",\"contentUrl\":\"https:\\\/\\\/hense-systeme.com\\\/wp-content\\\/uploads\\\/2024\\\/02\\\/hense_logo.svg\",\"width\":241,\"height\":76,\"caption\":\"Hense Systemtechnik GmbH &amp; Co. KG\"},\"image\":{\"@id\":\"https:\\\/\\\/hense-systeme.com\\\/es\\\/#\\\/schema\\\/logo\\\/image\\\/\"}}]}<\/script>\n<!-- \/ Yoast SEO plugin. -->","yoast_head_json":{"title":"Qui\u00e9nes somos - Hense Systemtechnik GmbH &amp; Co. KG","robots":{"index":"index","follow":"follow","max-snippet":"max-snippet:-1","max-image-preview":"max-image-preview:large","max-video-preview":"max-video-preview:-1"},"canonical":"https:\/\/hense-systeme.com\/es\/la-empresa\/quienes-somos\/","og_locale":"es_ES","og_type":"article","og_title":"Qui\u00e9nes somos - Hense Systemtechnik GmbH &amp; Co. KG","og_url":"https:\/\/hense-systeme.com\/es\/la-empresa\/quienes-somos\/","og_site_name":"Hense Systemtechnik GmbH &amp; Co. KG","article_modified_time":"2024-04-12T13:23:25+00:00","og_image":[{"url":"https:\/\/hense-systeme.com\/wp-content\/uploads\/qualitaet.jpg","type":"","width":"","height":""}],"twitter_card":"summary_large_image","schema":{"@context":"https:\/\/schema.org","@graph":[{"@type":"WebPage","@id":"https:\/\/hense-systeme.com\/es\/la-empresa\/quienes-somos\/","url":"https:\/\/hense-systeme.com\/es\/la-empresa\/quienes-somos\/","name":"Qui\u00e9nes somos - Hense Systemtechnik GmbH &amp; Co. KG","isPartOf":{"@id":"https:\/\/hense-systeme.com\/es\/#website"},"primaryImageOfPage":{"@id":"https:\/\/hense-systeme.com\/es\/la-empresa\/quienes-somos\/#primaryimage"},"image":{"@id":"https:\/\/hense-systeme.com\/es\/la-empresa\/quienes-somos\/#primaryimage"},"thumbnailUrl":"https:\/\/hense-systeme.com\/wp-content\/uploads\/qualitaet.jpg","datePublished":"2024-02-13T13:04:59+00:00","dateModified":"2024-04-12T13:23:25+00:00","breadcrumb":{"@id":"https:\/\/hense-systeme.com\/es\/la-empresa\/quienes-somos\/#breadcrumb"},"inLanguage":"es","potentialAction":[{"@type":"ReadAction","target":["https:\/\/hense-systeme.com\/es\/la-empresa\/quienes-somos\/"]}]},{"@type":"ImageObject","inLanguage":"es","@id":"https:\/\/hense-systeme.com\/es\/la-empresa\/quienes-somos\/#primaryimage","url":"https:\/\/hense-systeme.com\/wp-content\/uploads\/qualitaet.jpg","contentUrl":"https:\/\/hense-systeme.com\/wp-content\/uploads\/qualitaet.jpg"},{"@type":"BreadcrumbList","@id":"https:\/\/hense-systeme.com\/es\/la-empresa\/quienes-somos\/#breadcrumb","itemListElement":[{"@type":"ListItem","position":1,"name":"Startseite","item":"https:\/\/hense-systeme.com\/es\/"},{"@type":"ListItem","position":2,"name":"Privat: La empresa","item":"https:\/\/hense-systeme.com\/es\/?page_id=1400"},{"@type":"ListItem","position":3,"name":"Qui\u00e9nes somos"}]},{"@type":"WebSite","@id":"https:\/\/hense-systeme.com\/es\/#website","url":"https:\/\/hense-systeme.com\/es\/","name":"Hense Systemtechnik GmbH &amp; Co. KG","description":"","publisher":{"@id":"https:\/\/hense-systeme.com\/es\/#organization"},"potentialAction":[{"@type":"SearchAction","target":{"@type":"EntryPoint","urlTemplate":"https:\/\/hense-systeme.com\/es\/?s={search_term_string}"},"query-input":{"@type":"PropertyValueSpecification","valueRequired":true,"valueName":"search_term_string"}}],"inLanguage":"es"},{"@type":"Organization","@id":"https:\/\/hense-systeme.com\/es\/#organization","name":"Hense Systemtechnik GmbH &amp; Co. KG","url":"https:\/\/hense-systeme.com\/es\/","logo":{"@type":"ImageObject","inLanguage":"es","@id":"https:\/\/hense-systeme.com\/es\/#\/schema\/logo\/image\/","url":"https:\/\/hense-systeme.com\/wp-content\/uploads\/2024\/02\/hense_logo.svg","contentUrl":"https:\/\/hense-systeme.com\/wp-content\/uploads\/2024\/02\/hense_logo.svg","width":241,"height":76,"caption":"Hense Systemtechnik GmbH &amp; Co. KG"},"image":{"@id":"https:\/\/hense-systeme.com\/es\/#\/schema\/logo\/image\/"}}]}},"_links":{"self":[{"href":"https:\/\/hense-systeme.com\/es\/wp-json\/wp\/v2\/pages\/5673","targetHints":{"allow":["GET"]}}],"collection":[{"href":"https:\/\/hense-systeme.com\/es\/wp-json\/wp\/v2\/pages"}],"about":[{"href":"https:\/\/hense-systeme.com\/es\/wp-json\/wp\/v2\/types\/page"}],"author":[{"embeddable":true,"href":"https:\/\/hense-systeme.com\/es\/wp-json\/wp\/v2\/users\/1"}],"replies":[{"embeddable":true,"href":"https:\/\/hense-systeme.com\/es\/wp-json\/wp\/v2\/comments?post=5673"}],"version-history":[{"count":6,"href":"https:\/\/hense-systeme.com\/es\/wp-json\/wp\/v2\/pages\/5673\/revisions"}],"predecessor-version":[{"id":8499,"href":"https:\/\/hense-systeme.com\/es\/wp-json\/wp\/v2\/pages\/5673\/revisions\/8499"}],"up":[{"embeddable":true,"href":"https:\/\/hense-systeme.com\/es\/wp-json\/wp\/v2\/pages\/6164"}],"wp:attachment":[{"href":"https:\/\/hense-systeme.com\/es\/wp-json\/wp\/v2\/media?parent=5673"}],"curies":[{"name":"wp","href":"https:\/\/api.w.org\/{rel}","templated":true}]}}