{"id":5787,"date":"2024-02-13T13:57:06","date_gmt":"2024-02-13T12:57:06","guid":{"rendered":"https:\/\/hense.pixel-tal.de\/productos\/tecnologia-de-bancos-de-pruebas\/"},"modified":"2024-04-09T10:08:29","modified_gmt":"2024-04-09T08:08:29","slug":"tecnologia-de-bancos-de-pruebas","status":"publish","type":"page","link":"https:\/\/hense-systeme.com\/es\/productos\/tecnologia-de-bancos-de-pruebas\/","title":{"rendered":"Tecnolog\u00eda de bancos de pruebas"},"content":{"rendered":"<section id=\"d88efe76\" class=\"hero hero-d88efe76 hero--text\" data-theme=\"dark\">\n\t\t\t\t\t\t\t\t<div class=\"acf-innerblocks-container\">\n\r\n\t\t\t       \r\n                    \r\n            <div id=\"d18a8e54\" class=\"hero-item hero-item-d18a8e54 hero-item--image\">\r\n\t\t\t\t<div class=\"hero-canvas\">\r\n\t\t\t\t\t<div class=\"acf-innerblocks-container\">\n<div id=\"0928ea7c\" class=\"gb-container gb-container-0928ea7c center\" data-container-type=\"container\" data-theme=\"inherit\" data-aos=\"fade-up\">\n\n<div class=\"wp-block-pixel-headline headlines --subheadline-top has-text-align-center is-gap-sm center\"><h1 class=\"headline\" style=\"color:var(--base-3)\">Tecnolog\u00eda de bancos de pruebas<\/h1><span class=\"subheadline\" style=\"color:var(--global-color-gruen)\">Motores hidr\u00e1ulicos de giro altamente din\u00e1micos<\/span><\/div>\n\n<\/div>\n<\/div>\r\n\t\t\t\t<\/div>\r\n\t\t\t\t<div class=\"hero-media hero-media-image\"><img loading=\"lazy\" decoding=\"async\" width=\"1920\" height=\"868\" src=\"https:\/\/hense-systeme.com\/wp-content\/uploads\/2024\/01\/home-image.png\" class=\"attachment-full size-full\" alt=\"\" srcset=\"https:\/\/hense-systeme.com\/wp-content\/uploads\/2024\/01\/home-image.png 1920w, https:\/\/hense-systeme.com\/wp-content\/uploads\/2024\/01\/home-image-300x136.png 300w, https:\/\/hense-systeme.com\/wp-content\/uploads\/2024\/01\/home-image-1024x463.png 1024w, https:\/\/hense-systeme.com\/wp-content\/uploads\/2024\/01\/home-image-768x347.png 768w, https:\/\/hense-systeme.com\/wp-content\/uploads\/2024\/01\/home-image-1536x694.png 1536w\" sizes=\"auto, (max-width: 1920px) 100vw, 1920px\" \/><\/div>            <\/div>\r\n\t\t\t\t\r\n            \r\n\t\t\t\r\n        \r\n            \n<\/div>\n\t\t\t\t\t\t\t\t\t\t\t\t<div id=\"start\"><\/div>\n\t\t\t<\/section>\n\t\t\t\t\n\t\t\t\n\t\t\t        \n            \n\n<section id=\"b6a6500f\" class=\"gb-section gb-container gb-container-b6a6500f\" data-container-type=\"section\" data-theme=\"dark\">\n<section id=\"cfe90332\" class=\"gb-inner-section gb-container gb-container-cfe90332\" data-container-type=\"container\" data-theme=\"inherit\">\n<div class=\"gb-grid-wrapper gb-grid-wrapper-e7261f94\">\n<div class=\"gb-grid-column gb-grid-column-32f3d6d6\"><div id=\"32f3d6d6\" class=\"gb-container gb-container-32f3d6d6\" data-container-type=\"container\" data-theme=\"inherit\" data-aos=\"fade-right\">\n\n<div class=\"wp-block-pixel-headline headlines --subheadline-top has-text-align-left is-gap-off\"><h2 class=\"headline\" style=\"color:\"><strong>La tecnolog\u00eda del banco de pruebas Hense Systeme<\/strong><\/h2><span class=\"subheadline\" style=\"color:\">HSS y HSH<\/span><\/div>\n\n<\/div><\/div>\n\n<div class=\"gb-grid-column gb-grid-column-ca784b04\"><div id=\"ca784b04\" class=\"gb-container gb-container-ca784b04\" data-container-type=\"container\" data-theme=\"inherit\" data-aos=\"fade-right\">\n\n<p class=\"wp-block-paragraph\">En todos los \u00e1mbitos de la industria, los nuevos productos deben llegar al mercado listos para su producci\u00f3n en serie en plazos cada vez m\u00e1s cortos. El conocimiento de la capacidad de carga y la resistencia a la fatiga de los materiales, los componentes individuales o los conjuntos completos es un requisito previo indispensable para el dimensionamiento y el dise\u00f1o econ\u00f3micos.<\/p>\n\n\n\n<p class=\"wp-block-paragraph\">Los bancos de pruebas de torsi\u00f3n se utilizan a menudo para determinar valores caracter\u00edsticos fiables al simular cargas de torsi\u00f3n alternas, que son necesarias, por ejemplo, al probar acoplamientos, conexiones eje-cubo, cajas de engranajes, etc.<\/p>\n\n<\/div><\/div>\n\n<div class=\"gb-grid-column gb-grid-column-09ecf06b\"><div id=\"09ecf06b\" class=\"gb-container gb-container-09ecf06b\" data-container-type=\"container\" data-theme=\"inherit\" data-aos=\"fade-left\">\n\n<p class=\"wp-block-paragraph\">Con nuestros motores giratorios y sistemas giratorios altamente din\u00e1micos de las series HSS y HSH, ofrecemos una moderna tecnolog\u00eda de bancos de pruebas de torsi\u00f3n con unidades de accionamiento de alta calidad con la m\u00e1xima densidad de potencia.<\/p>\n\n\n\n<p class=\"wp-block-paragraph\">Los motores giratorios de la serie HSS tienen un eje de salida con cojinetes lisos radiales y axiales y est\u00e1n optimizados en cuanto al material del cojinete y la tecnolog\u00eda de sellado con respecto al comportamiento de fricci\u00f3n. Los motores giratorios de la serie HSH tienen un eje de salida montado radial y axialmente de forma hidrost\u00e1tica y est\u00e1n completamente libres de juntas internamente, lo que los convierte en un producto de gama alta en cuanto a caracter\u00edsticas de control y vida \u00fatil.<\/p>\n\n<\/div><\/div>\n<\/div>\n<\/section>\n<\/section>\n\n<section id=\"0e314c2e\" class=\"gb-section gb-container gb-container-0e314c2e alignfull\" data-container-type=\"section\" data-theme=\"dark\">\n<div id=\"256bbec6\" class=\"gb-inner-section gb-container gb-container-256bbec6 center\" data-container-type=\"container\" data-theme=\"inherit\">\n<div class=\"gb-grid-wrapper gb-grid-wrapper-7e356255\">\n<div class=\"gb-grid-column gb-grid-column-b9d5d676\"><div id=\"b9d5d676\" class=\"gb-container gb-container-b9d5d676\" data-container-type=\"container\" data-theme=\"inherit\" data-aos=\"fade-up\">\n\n<div class=\"wp-block-pixel-headline headlines --subheadline-top has-text-align-center\"><h2 class=\"headline\" style=\"color:\"><strong>Productos<\/strong><\/h2><\/div>\n\n<\/div><\/div>\n<\/div>\n<\/div>\n<\/section>\n\n<section id=\"e96e5b84\" class=\"gb-section gb-container gb-container-e96e5b84 alignfull gb-container-bg-radial-gradient-blue\" data-container-type=\"section\" data-theme=\"dark\">\n<div id=\"6e661d9e\" class=\"gb-inner-section gb-container gb-container-6e661d9e product_overlap center\" data-container-type=\"container\" data-theme=\"inherit\">\n<div class=\"gb-grid-wrapper gb-grid-wrapper-4ccc56db content_overview\">\n<div class=\"gb-grid-column gb-grid-column-61ec46a0\"><div id=\"61ec46a0\" class=\"gb-container gb-container-61ec46a0\" data-container-type=\"container\" data-theme=\"inherit\" data-aos=\"fade-up\" data-aos-delay=\"200\">\n\n\t\t\t        \n                    \n\t\t\t\n            <div id=\"1b994b2c\" class=\"grid grid-1b994b2c grid-product grid-columns-4\" style=\"--grid-columns:4;--grid-gap:2.5rem;\">\n\n\t\t\t\t<div class=\"grid-group\"><div class=\"grid-inner\"><div class=\"grid-item\"><div class=\"card card-product  card-product-6881\" >\r\n\t\t\t\t<div class=\"card-media\"><img loading=\"lazy\" decoding=\"async\" width=\"423\" height=\"400\" src=\"https:\/\/hense-systeme.com\/wp-content\/uploads\/produkte_baureihe-hsh.png\" class=\"attachment-blog size-blog\" alt=\"\" srcset=\"https:\/\/hense-systeme.com\/wp-content\/uploads\/produkte_baureihe-hsh.png 467w, https:\/\/hense-systeme.com\/wp-content\/uploads\/produkte_baureihe-hsh-300x284.png 300w, https:\/\/hense-systeme.com\/wp-content\/uploads\/produkte_baureihe-hsh-1x1.png 1w\" sizes=\"auto, (max-width: 423px) 100vw, 423px\" \/><\/div>\t\t\t\t\r\n\t\t\t\t<div class=\"card-content\">\r\n\t\t\t\t\t<div class=\"card-inner\">\r\n\t\t\t\t\t\t<div class=\"card-headlines headlines --subheadline-\"><span class=\"card-headline headline is-h3\">Motor giratorio HSH<\/span><\/div><div class=\"card-copy\">Los motores HSH se utilizan preferentemente en sistemas de control altamente din\u00e1mico con movimientos oscilantes de giro, en los que las variables perturbadoras, como la fricci\u00f3n natural y el efecto stick-slip, deben reducirse al m\u00ednimo y debe alcanzarse el mayor n\u00famero de ciclos de carga.<\/div>\t\t\t\t\t<\/div>\r\n\r\n\t\t\t\t\t<div class=\"card-action team-information\"><a href=\"https:\/\/hense-systeme.com\/es\/produkt\/serie-hsh\/\" target=\"_top\" class=\"gb-button gb-button-border-white\">M\u00e1s informaci\u00f3n<\/a><\/div>\t\t\t\t<\/div>\r\n\t\t\t<\/div><\/div><div class=\"grid-item\"><div class=\"card card-product  card-product-6599\" >\r\n\t\t\t\t<div class=\"card-media\"><img loading=\"lazy\" decoding=\"async\" width=\"437\" height=\"400\" src=\"https:\/\/hense-systeme.com\/wp-content\/uploads\/produkte_baureihe-hss_02.png\" class=\"attachment-blog size-blog\" alt=\"\" srcset=\"https:\/\/hense-systeme.com\/wp-content\/uploads\/produkte_baureihe-hss_02.png 450w, https:\/\/hense-systeme.com\/wp-content\/uploads\/produkte_baureihe-hss_02-300x275.png 300w, https:\/\/hense-systeme.com\/wp-content\/uploads\/produkte_baureihe-hss_02-1x1.png 1w\" sizes=\"auto, (max-width: 437px) 100vw, 437px\" \/><\/div>\t\t\t\t\r\n\t\t\t\t<div class=\"card-content\">\r\n\t\t\t\t\t<div class=\"card-inner\">\r\n\t\t\t\t\t\t<div class=\"card-headlines headlines --subheadline-\"><span class=\"card-headline headline is-h3\">Motor giratorio HSS<\/span><\/div><div class=\"card-copy\">Estos accionamientos se utilizan preferentemente en sistemas controlados con movimientos oscilantes de giro en el rango de baja frecuencia. Cierran la brecha tecnol\u00f3gica entre los motores basculantes convencionales para aplicaciones industriales y la serie HSH. <\/div>\t\t\t\t\t<\/div>\r\n\r\n\t\t\t\t\t<div class=\"card-action team-information\"><a href=\"https:\/\/hense-systeme.com\/es\/produkt\/serie-hss\/\" target=\"_top\" class=\"gb-button gb-button-border-white\">M\u00e1s informaci\u00f3n<\/a><\/div>\t\t\t\t<\/div>\r\n\t\t\t<\/div><\/div><\/div><\/div><div class=\"swiper-pagination\"><\/div>            <\/div>\n\t\t\t\n\t\t\t\t\t\t\t\n\t\t\t\n            <!-- end:grid -->\n        \n            \n<\/div><\/div>\n<\/div>\n<\/div>\n<\/section>\n\n<section id=\"c33659b1\" class=\"gb-section gb-container gb-container-c33659b1\" data-container-type=\"section\" data-theme=\"dark\">\n<section id=\"40231590\" class=\"gb-inner-section gb-container gb-container-40231590\" data-container-type=\"container\" data-theme=\"inherit\">\n<div class=\"gb-grid-wrapper gb-grid-wrapper-b5d201f1\">\n<div class=\"gb-grid-column gb-grid-column-00d70859\"><div id=\"00d70859\" class=\"gb-container gb-container-00d70859\" data-container-type=\"container\" data-theme=\"inherit\" data-aos=\"fade-up\">\n\n<div class=\"wp-block-pixel-headline headlines --subheadline-top has-text-align-left\"><h2 class=\"headline\" style=\"color:\">Estaremos encantados de ayudarle<\/h2><span class=\"subheadline\" style=\"color:\">\u00bfTiene alguna otra pregunta?<\/span><\/div>\n\n<\/div><\/div>\n\n<div class=\"gb-grid-column gb-grid-column-64e43af8\"><div id=\"64e43af8\" class=\"gb-container gb-container-64e43af8\" data-container-type=\"container\" data-theme=\"inherit\" data-aos=\"fade-right\">\n<div class=\"contact-area\" style=\"--contacts-count:1;\"><div id=\"contact\" class=\"contact-area-form\">\n<div class=\"wpcf7 no-js\" id=\"wpcf7-f6334-o1\" lang=\"es-ES\" dir=\"ltr\" data-wpcf7-id=\"6334\">\n<div class=\"screen-reader-response\"><p role=\"status\" aria-live=\"polite\" aria-atomic=\"true\"><\/p> <ul><\/ul><\/div>\n<form action=\"\/es\/wp-json\/wp\/v2\/pages\/5787#wpcf7-f6334-o1\" method=\"post\" class=\"wpcf7-form init\" aria-label=\"Formulario de contacto\" novalidate=\"novalidate\" data-status=\"init\">\n<fieldset class=\"hidden-fields-container\"><input type=\"hidden\" name=\"_wpcf7\" value=\"6334\" \/><input type=\"hidden\" name=\"_wpcf7_version\" value=\"6.1.5\" \/><input type=\"hidden\" name=\"_wpcf7_locale\" value=\"es_ES\" \/><input type=\"hidden\" name=\"_wpcf7_unit_tag\" value=\"wpcf7-f6334-o1\" \/><input type=\"hidden\" name=\"_wpcf7_container_post\" value=\"0\" \/><input type=\"hidden\" name=\"_wpcf7_posted_data_hash\" value=\"\" \/><input type=\"hidden\" name=\"_wpcf7_recaptcha_response\" value=\"\" \/>\n<\/fieldset>\n<div class=\"form-fields\">\n    <div class=\"form-field\"><label>Nombre completo<\/label><span class=\"wpcf7-form-control-wrap\" data-name=\"name\"><input size=\"40\" maxlength=\"400\" class=\"wpcf7-form-control wpcf7-text wpcf7-validates-as-required\" aria-required=\"true\" aria-invalid=\"false\" value=\"\" type=\"text\" name=\"name\" \/><\/span><\/div>\n    <div class=\"form-field\"><label>La empresa<\/label><span class=\"wpcf7-form-control-wrap\" data-name=\"company\"><input size=\"40\" maxlength=\"400\" class=\"wpcf7-form-control wpcf7-text\" aria-invalid=\"false\" value=\"\" type=\"text\" name=\"company\" \/><\/span><\/div>\n    <div class=\"form-field\"><label>Posici\u00f3n<\/label><span class=\"wpcf7-form-control-wrap\" data-name=\"pos\"><input size=\"40\" maxlength=\"400\" class=\"wpcf7-form-control wpcf7-text\" aria-invalid=\"false\" value=\"\" type=\"text\" name=\"pos\" \/><\/span><\/div>\n    <div class=\"form-field\"><label>e-mail*<\/label><span class=\"wpcf7-form-control-wrap\" data-name=\"mail\"><input size=\"40\" maxlength=\"400\" class=\"wpcf7-form-control wpcf7-email wpcf7-validates-as-required wpcf7-text wpcf7-validates-as-email\" aria-required=\"true\" aria-invalid=\"false\" value=\"\" type=\"email\" name=\"mail\" \/><\/span><\/div>\n    <div class=\"form-field\"><label>Tel\u00e9fono<\/label><span class=\"wpcf7-form-control-wrap\" data-name=\"phone\"><input size=\"40\" maxlength=\"400\" class=\"wpcf7-form-control wpcf7-text\" aria-invalid=\"false\" value=\"\" type=\"text\" name=\"phone\" \/><\/span><\/div>\n    <div class=\"form-field textarea\"><label>Su mensaje<\/label><span class=\"wpcf7-form-control-wrap\" data-name=\"message\"><textarea cols=\"40\" rows=\"10\" maxlength=\"2000\" class=\"wpcf7-form-control wpcf7-textarea\" aria-invalid=\"false\" name=\"message\"><\/textarea><\/span><\/div>\n<\/div>\n\n<span class=\"required\">* Campos obligatorios<\/span>\n<div class=\"form-fields form-footer\">\n<div class=\"form-privacy\"><span class=\"wpcf7-form-control-wrap\" data-name=\"ds\"><span class=\"wpcf7-form-control wpcf7-acceptance\"><span class=\"wpcf7-list-item\"><input type=\"checkbox\" name=\"ds\" value=\"1\" aria-invalid=\"false\" \/><\/span><\/span><\/span><span class=\"privacy-policy-note\">Acepto la <a href=\"\/rechtliches\/datenschutz\/\" target=\"_blank\">pol\u00edtica de privacidad<\/a>. Este formulario est\u00e1 protegido por Google reCaptcha.<\/span><\/div>\n\n<\/div>\n<div class=\"form-submit\"><button id=\"submit\" class=\"wpcf7-form-control wpcf7-submit\">Env\u00edo de<\/button><\/div><div class=\"wpcf7-response-output\" aria-hidden=\"true\"><\/div>\n<\/form>\n<\/div>\n<\/div><div id=\"\" class=\"grid grid-contacts contact-area-contacts\" style=\"--grid-columns:3;--grid-gap:2.5;\"><div class=\"grid-inner\"><div class=\"grid-item\"><div class=\"card card-contact card-contact-6299\" >\r\n\t\t\t\t<div class=\"card-media\"><img loading=\"lazy\" decoding=\"async\" width=\"730\" height=\"570\" src=\"https:\/\/hense-systeme.com\/wp-content\/uploads\/kontakt_winzen.jpg\" class=\"attachment-contact size-contact\" alt=\"\" srcset=\"https:\/\/hense-systeme.com\/wp-content\/uploads\/kontakt_winzen.jpg 730w, https:\/\/hense-systeme.com\/wp-content\/uploads\/kontakt_winzen-300x234.jpg 300w, https:\/\/hense-systeme.com\/wp-content\/uploads\/kontakt_winzen-1x1.jpg 1w\" sizes=\"auto, (max-width: 730px) 100vw, 730px\" \/><\/div>\t\t\t\t\r\n\t\t\t\t<div class=\"card-content\">\r\n\t\t\t\t\t<div class=\"card-inner\">\r\n\t\t\t\t\t\t<div class=\"card-headlines headlines --subheadline-bottom\"><span class=\"card-headline headline --h3\">Ingeniero diplomado (FH) Rolf Winzen<\/span><span class=\"card-subheadline subheadline\">Jefe de Investigaci\u00f3n y Desarrollo<\/span><\/div>\t\t\t\t\t<\/div>\r\n\r\n\t\t\t\t\t<div class=\"card-action team-information\"><span class=\"card-line card-line-contact\"><div class=\"card-action\"><span class=\"card-line card-line-phone\"><span>Tel: <\/span><a href=\"tel:0234-95388-31\" target=\"_blank\" rel=\"nofollow\">0234 &#8211; 95388 &#8211; 31<\/a><\/span><span class=\"card-line card-line-email\"><a href=\"mailto:rolf.winzen@hense-systeme.de\" target=\"_blank\" rel=\"nofollow\">rolf.winzen@hense-systeme.de<\/a><\/span><\/div><\/span><\/div>\t\t\t\t<\/div>\r\n\t\t\t<\/div><\/div><\/div><div class=\"swiper-pagination\"><\/div><\/div><\/div>\n<\/div><\/div>\n<\/div>\n<\/section>\n<\/section>","protected":false},"excerpt":{"rendered":"","protected":false},"author":1,"featured_media":0,"parent":5576,"menu_order":1,"comment_status":"closed","ping_status":"closed","template":"","meta":{"_acf_changed":false,"_crdt_document":"","footnotes":""},"class_list":{"0":"post-5787","1":"page","2":"type-page","3":"status-publish","5":"no-featured-image-padding"},"acf":[],"yoast_head":"<!-- This site is optimized with the Yoast SEO plugin v27.3 - https:\/\/yoast.com\/product\/yoast-seo-wordpress\/ -->\n<title>Unidades giratorias hidr\u00e1ulicas para bancos de pruebas giratorios<\/title>\n<meta name=\"description\" content=\"Tecnolog\u00eda de bancos de pruebas Hense \u2705 Bancos de pruebas de torsi\u00f3n con alta densidad de potencia para la industria \u2705 Motores giratorios optimizados para ensayos de resistencia a la fatiga \u2794 Descubra m\u00e1s\" \/>\n<meta name=\"robots\" content=\"index, follow, max-snippet:-1, max-image-preview:large, max-video-preview:-1\" \/>\n<link rel=\"canonical\" href=\"https:\/\/hense-systeme.com\/es\/productos\/tecnologia-de-bancos-de-pruebas\/\" \/>\n<meta property=\"og:locale\" content=\"es_ES\" \/>\n<meta property=\"og:type\" content=\"article\" \/>\n<meta property=\"og:title\" content=\"Unidades giratorias hidr\u00e1ulicas para bancos de pruebas giratorios\" \/>\n<meta property=\"og:description\" content=\"Tecnolog\u00eda de bancos de pruebas Hense \u2705 Bancos de pruebas de torsi\u00f3n con alta densidad de potencia para la industria \u2705 Motores giratorios optimizados para ensayos de resistencia a la fatiga \u2794 Descubra m\u00e1s\" \/>\n<meta property=\"og:url\" content=\"https:\/\/hense-systeme.com\/es\/productos\/tecnologia-de-bancos-de-pruebas\/\" \/>\n<meta property=\"og:site_name\" content=\"Hense Systemtechnik GmbH &amp; Co. KG\" \/>\n<meta property=\"article:modified_time\" content=\"2024-04-09T08:08:29+00:00\" \/>\n<meta name=\"twitter:card\" content=\"summary_large_image\" \/>\n<meta name=\"twitter:label1\" content=\"Tiempo de lectura\" \/>\n\t<meta name=\"twitter:data1\" content=\"2 minutos\" \/>\n<script type=\"application\/ld+json\" class=\"yoast-schema-graph\">{\"@context\":\"https:\\\/\\\/schema.org\",\"@graph\":[{\"@type\":\"WebPage\",\"@id\":\"https:\\\/\\\/hense-systeme.com\\\/es\\\/productos\\\/tecnologia-de-bancos-de-pruebas\\\/\",\"url\":\"https:\\\/\\\/hense-systeme.com\\\/es\\\/productos\\\/tecnologia-de-bancos-de-pruebas\\\/\",\"name\":\"Unidades giratorias hidr\u00e1ulicas para bancos de pruebas giratorios\",\"isPartOf\":{\"@id\":\"https:\\\/\\\/hense-systeme.com\\\/es\\\/#website\"},\"datePublished\":\"2024-02-13T12:57:06+00:00\",\"dateModified\":\"2024-04-09T08:08:29+00:00\",\"description\":\"Tecnolog\u00eda de bancos de pruebas Hense \u2705 Bancos de pruebas de torsi\u00f3n con alta densidad de potencia para la industria \u2705 Motores giratorios optimizados para ensayos de resistencia a la fatiga \u2794 Descubra m\u00e1s\",\"breadcrumb\":{\"@id\":\"https:\\\/\\\/hense-systeme.com\\\/es\\\/productos\\\/tecnologia-de-bancos-de-pruebas\\\/#breadcrumb\"},\"inLanguage\":\"es\",\"potentialAction\":[{\"@type\":\"ReadAction\",\"target\":[\"https:\\\/\\\/hense-systeme.com\\\/es\\\/productos\\\/tecnologia-de-bancos-de-pruebas\\\/\"]}]},{\"@type\":\"BreadcrumbList\",\"@id\":\"https:\\\/\\\/hense-systeme.com\\\/es\\\/productos\\\/tecnologia-de-bancos-de-pruebas\\\/#breadcrumb\",\"itemListElement\":[{\"@type\":\"ListItem\",\"position\":1,\"name\":\"Startseite\",\"item\":\"https:\\\/\\\/hense-systeme.com\\\/es\\\/\"},{\"@type\":\"ListItem\",\"position\":2,\"name\":\"Productos\",\"item\":\"https:\\\/\\\/hense-systeme.com\\\/es\\\/produkte\\\/\"},{\"@type\":\"ListItem\",\"position\":3,\"name\":\"Tecnolog\u00eda de bancos de pruebas\"}]},{\"@type\":\"WebSite\",\"@id\":\"https:\\\/\\\/hense-systeme.com\\\/es\\\/#website\",\"url\":\"https:\\\/\\\/hense-systeme.com\\\/es\\\/\",\"name\":\"Hense Systemtechnik GmbH &amp; Co. KG\",\"description\":\"\",\"publisher\":{\"@id\":\"https:\\\/\\\/hense-systeme.com\\\/es\\\/#organization\"},\"potentialAction\":[{\"@type\":\"SearchAction\",\"target\":{\"@type\":\"EntryPoint\",\"urlTemplate\":\"https:\\\/\\\/hense-systeme.com\\\/es\\\/?s={search_term_string}\"},\"query-input\":{\"@type\":\"PropertyValueSpecification\",\"valueRequired\":true,\"valueName\":\"search_term_string\"}}],\"inLanguage\":\"es\"},{\"@type\":\"Organization\",\"@id\":\"https:\\\/\\\/hense-systeme.com\\\/es\\\/#organization\",\"name\":\"Hense Systemtechnik GmbH &amp; Co. KG\",\"url\":\"https:\\\/\\\/hense-systeme.com\\\/es\\\/\",\"logo\":{\"@type\":\"ImageObject\",\"inLanguage\":\"es\",\"@id\":\"https:\\\/\\\/hense-systeme.com\\\/es\\\/#\\\/schema\\\/logo\\\/image\\\/\",\"url\":\"https:\\\/\\\/hense-systeme.com\\\/wp-content\\\/uploads\\\/2024\\\/02\\\/hense_logo.svg\",\"contentUrl\":\"https:\\\/\\\/hense-systeme.com\\\/wp-content\\\/uploads\\\/2024\\\/02\\\/hense_logo.svg\",\"width\":241,\"height\":76,\"caption\":\"Hense Systemtechnik GmbH &amp; Co. KG\"},\"image\":{\"@id\":\"https:\\\/\\\/hense-systeme.com\\\/es\\\/#\\\/schema\\\/logo\\\/image\\\/\"}}]}<\/script>\n<!-- \/ Yoast SEO plugin. -->","yoast_head_json":{"title":"Unidades giratorias hidr\u00e1ulicas para bancos de pruebas giratorios","description":"Tecnolog\u00eda de bancos de pruebas Hense \u2705 Bancos de pruebas de torsi\u00f3n con alta densidad de potencia para la industria \u2705 Motores giratorios optimizados para ensayos de resistencia a la fatiga \u2794 Descubra m\u00e1s","robots":{"index":"index","follow":"follow","max-snippet":"max-snippet:-1","max-image-preview":"max-image-preview:large","max-video-preview":"max-video-preview:-1"},"canonical":"https:\/\/hense-systeme.com\/es\/productos\/tecnologia-de-bancos-de-pruebas\/","og_locale":"es_ES","og_type":"article","og_title":"Unidades giratorias hidr\u00e1ulicas para bancos de pruebas giratorios","og_description":"Tecnolog\u00eda de bancos de pruebas Hense \u2705 Bancos de pruebas de torsi\u00f3n con alta densidad de potencia para la industria \u2705 Motores giratorios optimizados para ensayos de resistencia a la fatiga \u2794 Descubra m\u00e1s","og_url":"https:\/\/hense-systeme.com\/es\/productos\/tecnologia-de-bancos-de-pruebas\/","og_site_name":"Hense Systemtechnik GmbH &amp; Co. KG","article_modified_time":"2024-04-09T08:08:29+00:00","twitter_card":"summary_large_image","twitter_misc":{"Tiempo de lectura":"2 minutos"},"schema":{"@context":"https:\/\/schema.org","@graph":[{"@type":"WebPage","@id":"https:\/\/hense-systeme.com\/es\/productos\/tecnologia-de-bancos-de-pruebas\/","url":"https:\/\/hense-systeme.com\/es\/productos\/tecnologia-de-bancos-de-pruebas\/","name":"Unidades giratorias hidr\u00e1ulicas para bancos de pruebas giratorios","isPartOf":{"@id":"https:\/\/hense-systeme.com\/es\/#website"},"datePublished":"2024-02-13T12:57:06+00:00","dateModified":"2024-04-09T08:08:29+00:00","description":"Tecnolog\u00eda de bancos de pruebas Hense \u2705 Bancos de pruebas de torsi\u00f3n con alta densidad de potencia para la industria \u2705 Motores giratorios optimizados para ensayos de resistencia a la fatiga \u2794 Descubra m\u00e1s","breadcrumb":{"@id":"https:\/\/hense-systeme.com\/es\/productos\/tecnologia-de-bancos-de-pruebas\/#breadcrumb"},"inLanguage":"es","potentialAction":[{"@type":"ReadAction","target":["https:\/\/hense-systeme.com\/es\/productos\/tecnologia-de-bancos-de-pruebas\/"]}]},{"@type":"BreadcrumbList","@id":"https:\/\/hense-systeme.com\/es\/productos\/tecnologia-de-bancos-de-pruebas\/#breadcrumb","itemListElement":[{"@type":"ListItem","position":1,"name":"Startseite","item":"https:\/\/hense-systeme.com\/es\/"},{"@type":"ListItem","position":2,"name":"Productos","item":"https:\/\/hense-systeme.com\/es\/produkte\/"},{"@type":"ListItem","position":3,"name":"Tecnolog\u00eda de bancos de pruebas"}]},{"@type":"WebSite","@id":"https:\/\/hense-systeme.com\/es\/#website","url":"https:\/\/hense-systeme.com\/es\/","name":"Hense Systemtechnik GmbH &amp; Co. KG","description":"","publisher":{"@id":"https:\/\/hense-systeme.com\/es\/#organization"},"potentialAction":[{"@type":"SearchAction","target":{"@type":"EntryPoint","urlTemplate":"https:\/\/hense-systeme.com\/es\/?s={search_term_string}"},"query-input":{"@type":"PropertyValueSpecification","valueRequired":true,"valueName":"search_term_string"}}],"inLanguage":"es"},{"@type":"Organization","@id":"https:\/\/hense-systeme.com\/es\/#organization","name":"Hense Systemtechnik GmbH &amp; Co. KG","url":"https:\/\/hense-systeme.com\/es\/","logo":{"@type":"ImageObject","inLanguage":"es","@id":"https:\/\/hense-systeme.com\/es\/#\/schema\/logo\/image\/","url":"https:\/\/hense-systeme.com\/wp-content\/uploads\/2024\/02\/hense_logo.svg","contentUrl":"https:\/\/hense-systeme.com\/wp-content\/uploads\/2024\/02\/hense_logo.svg","width":241,"height":76,"caption":"Hense Systemtechnik GmbH &amp; Co. KG"},"image":{"@id":"https:\/\/hense-systeme.com\/es\/#\/schema\/logo\/image\/"}}]}},"_links":{"self":[{"href":"https:\/\/hense-systeme.com\/es\/wp-json\/wp\/v2\/pages\/5787","targetHints":{"allow":["GET"]}}],"collection":[{"href":"https:\/\/hense-systeme.com\/es\/wp-json\/wp\/v2\/pages"}],"about":[{"href":"https:\/\/hense-systeme.com\/es\/wp-json\/wp\/v2\/types\/page"}],"author":[{"embeddable":true,"href":"https:\/\/hense-systeme.com\/es\/wp-json\/wp\/v2\/users\/1"}],"replies":[{"embeddable":true,"href":"https:\/\/hense-systeme.com\/es\/wp-json\/wp\/v2\/comments?post=5787"}],"version-history":[{"count":2,"href":"https:\/\/hense-systeme.com\/es\/wp-json\/wp\/v2\/pages\/5787\/revisions"}],"predecessor-version":[{"id":8352,"href":"https:\/\/hense-systeme.com\/es\/wp-json\/wp\/v2\/pages\/5787\/revisions\/8352"}],"up":[{"embeddable":true,"href":"https:\/\/hense-systeme.com\/es\/wp-json\/wp\/v2\/pages\/5576"}],"wp:attachment":[{"href":"https:\/\/hense-systeme.com\/es\/wp-json\/wp\/v2\/media?parent=5787"}],"curies":[{"name":"wp","href":"https:\/\/api.w.org\/{rel}","templated":true}]}}