{"id":5810,"date":"2024-02-13T13:57:06","date_gmt":"2024-02-13T12:57:06","guid":{"rendered":"https:\/\/hense.pixel-tal.de\/productos\/actuadores-de-fraccion-de-vuelta-helac\/"},"modified":"2025-06-11T13:32:05","modified_gmt":"2025-06-11T11:32:05","slug":"actuadores-de-fraccion-de-vuelta-helac","status":"publish","type":"page","link":"https:\/\/hense-systeme.com\/es\/productos\/actuadores-de-fraccion-de-vuelta-helac\/","title":{"rendered":"Actuadores de fracci\u00f3n de vuelta Helac"},"content":{"rendered":"<section id=\"928ec0d0\" class=\"hero hero-928ec0d0 hero--text\" data-theme=\"dark\">\n\t\t\t\t\t\t\t\t<div class=\"acf-innerblocks-container\">\n\r\n\t\t\t       \r\n                    \r\n            <div id=\"24c95924\" class=\"hero-item hero-item-24c95924 hero-item--image\">\r\n\t\t\t\t<div class=\"hero-canvas\">\r\n\t\t\t\t\t<div class=\"acf-innerblocks-container\">\n<div id=\"0928ea7c\" class=\"gb-container gb-container-0928ea7c center\" data-container-type=\"container\" data-theme=\"inherit\" data-aos=\"fade-up\">\n\n<div class=\"wp-block-pixel-headline headlines --subheadline-top has-text-align-center is-gap-sm center\"><h1 class=\"headline\" style=\"color:var(--base-3)\"><strong>Motores hidr\u00e1ulicos giratorios<\/strong><br>con rosca empinada<strong><br><\/strong><\/h1><span class=\"subheadline\" style=\"color:var(--global-color-gruen)\">Productos<\/span><\/div>\n\n<\/div>\n<\/div>\r\n\t\t\t\t<\/div>\r\n\t\t\t\t<div class=\"hero-media hero-media-image\"><img loading=\"lazy\" decoding=\"async\" width=\"1920\" height=\"868\" src=\"https:\/\/hense-systeme.com\/wp-content\/uploads\/2024\/01\/home-image.png\" class=\"attachment-full size-full\" alt=\"\" srcset=\"https:\/\/hense-systeme.com\/wp-content\/uploads\/2024\/01\/home-image.png 1920w, https:\/\/hense-systeme.com\/wp-content\/uploads\/2024\/01\/home-image-300x136.png 300w, https:\/\/hense-systeme.com\/wp-content\/uploads\/2024\/01\/home-image-1024x463.png 1024w, https:\/\/hense-systeme.com\/wp-content\/uploads\/2024\/01\/home-image-768x347.png 768w, https:\/\/hense-systeme.com\/wp-content\/uploads\/2024\/01\/home-image-1536x694.png 1536w\" sizes=\"auto, (max-width: 1920px) 100vw, 1920px\" \/><\/div>            <\/div>\r\n\t\t\t\t\r\n            \r\n\t\t\t\r\n        \r\n            \n<\/div>\n\t\t\t\t\t\t\t\t\t\t\t\t<div id=\"start\"><\/div>\n\t\t\t<\/section>\n\t\t\t\t\n\t\t\t\n\t\t\t        \n            <section id=\"b6a6500f\" class=\"gb-section gb-container gb-container-b6a6500f\" data-container-type=\"section\" data-theme=\"dark\">\n<section id=\"cfe90332\" class=\"gb-inner-section gb-container gb-container-cfe90332\" data-container-type=\"container\" data-theme=\"inherit\">\n<div class=\"gb-grid-wrapper gb-grid-wrapper-e7261f94\">\n<div class=\"gb-grid-column gb-grid-column-32f3d6d6\"><div id=\"32f3d6d6\" class=\"gb-container gb-container-32f3d6d6\" data-container-type=\"container\" data-theme=\"inherit\" data-aos=\"fade-right\">\n\n<div class=\"wp-block-pixel-headline headlines --subheadline-top has-text-align-left\"><h2 class=\"headline\" style=\"color:\"><strong>Como socio comercial para <\/strong>Alemania, Austria y Benelux<\/h2><span class=\"subheadline\" style=\"color:\">Actuadores hidr\u00e1ulicos de fracci\u00f3n de vuelta con engranaje helicoidal de Helac<\/span><\/div>\n\n\n\n<p class=\"wp-block-paragraph\">Helac Corporation lleva fabricando actuadores hidr\u00e1ulicos de fracci\u00f3n de vuelta de alta calidad con engranaje helicoidal desde principios de los a\u00f1os 80. Sus productos son sin\u00f3nimo de una combinaci\u00f3n muy especial de gran capacidad de carga, alto par, resistencia a los golpes sin fugas y forma compacta. En la actualidad, Helac es l\u00edder del sector hidr\u00e1ulico, con ventas directas a m\u00e1s de 1000 fabricantes de equipos originales, as\u00ed como a mayoristas y operadores de equipos en una amplia variedad de mercados de todo el mundo.  <br\/><br\/>B\u00e1sicamente, Helac se especializa en soluciones sencillas, eficaces y rentables que dan como resultado un dise\u00f1o racional, una mejor apariencia y menores costes de producci\u00f3n y montaje.<\/p>\n\n\n<div id=\"84b8deba\" class=\"gb-container gb-container-84b8deba\" data-container-type=\"container\" data-theme=\"inherit\">\n\n<div class=\"wp-block-pixel-headline headlines --subheadline-top has-text-align-left is-gap-off\"><h2 class=\"headline\" style=\"color:\"><\/h2><span class=\"subheadline\" style=\"color:\">Una estructura en la que puedes confiar<\/span><\/div>\n\n\n<div class=\"gb-grid-wrapper gb-grid-wrapper-eed932f8\">\n<div class=\"gb-grid-column gb-grid-column-2195ecdc\"><div id=\"2195ecdc\" class=\"gb-container gb-container-2195ecdc\" data-container-type=\"container\" data-theme=\"inherit\">\n\n<ul class=\"wp-block-list\">\n<li>Capacidad de carga de cargas pesadas<\/li>\n\n\n\n<li>Posicionamiento sin fugas ni desviaciones<\/li>\n\n\n\n<li>Alto par de salida<\/li>\n<\/ul>\n\n<\/div><\/div>\n\n<div class=\"gb-grid-column gb-grid-column-2caf2aed\"><div id=\"2caf2aed\" class=\"gb-container gb-container-2caf2aed\" data-container-type=\"container\" data-theme=\"inherit\">\n\n<ul class=\"wp-block-list\">\n<li>Alta resistencia a la compresi\u00f3n<\/li>\n\n\n\n<li>Dise\u00f1o ultracompacto<\/li>\n<\/ul>\n\n<\/div><\/div>\n<\/div>\n<\/div>\n<\/div><\/div>\n\n<div class=\"gb-grid-column gb-grid-column-09ecf06b\"><div id=\"09ecf06b\" class=\"gb-container gb-container-09ecf06b\" data-container-type=\"container\" data-theme=\"inherit\" data-aos=\"fade-left\">\n\n<figure class=\"gb-block-image gb-block-image-6ad14fae\"><img loading=\"lazy\" decoding=\"async\" width=\"644\" height=\"595\" class=\"gb-image gb-image-6ad14fae\" src=\"https:\/\/hense-systeme.com\/wp-content\/uploads\/produkte_helac.jpg\" alt=\"\" title=\"productos_helac\" srcset=\"https:\/\/hense-systeme.com\/wp-content\/uploads\/produkte_helac.jpg 644w, https:\/\/hense-systeme.com\/wp-content\/uploads\/produkte_helac-300x277.jpg 300w, https:\/\/hense-systeme.com\/wp-content\/uploads\/produkte_helac-1x1.jpg 1w\" sizes=\"auto, (max-width: 644px) 100vw, 644px\" \/><\/figure>\n\n<\/div><\/div>\n<\/div>\n<\/section>\n<\/section><section id=\"0e314c2e\" class=\"gb-section gb-container gb-container-0e314c2e alignfull\" data-container-type=\"section\" data-theme=\"dark\">\n<div id=\"256bbec6\" class=\"gb-inner-section gb-container gb-container-256bbec6 center\" data-container-type=\"container\" data-theme=\"inherit\">\n<div class=\"gb-grid-wrapper gb-grid-wrapper-7e356255\">\n<div class=\"gb-grid-column gb-grid-column-b9d5d676\"><div id=\"b9d5d676\" class=\"gb-container gb-container-b9d5d676\" data-container-type=\"container\" data-theme=\"inherit\" data-aos=\"fade-up\">\n\n<div class=\"wp-block-pixel-headline headlines --subheadline-top has-text-align-center\"><h2 class=\"headline\" style=\"color:\"><strong>Resumen del producto<\/strong><\/h2><\/div>\n\n<\/div><\/div>\n<\/div>\n<\/div>\n<\/section><section id=\"e96e5b84\" class=\"gb-section gb-container gb-container-e96e5b84 alignfull gb-container-bg-radial-gradient-blue\" data-container-type=\"section\" data-theme=\"dark\">\n<div id=\"6e661d9e\" class=\"gb-inner-section gb-container gb-container-6e661d9e product_overlap center\" data-container-type=\"container\" data-theme=\"inherit\">\n<div class=\"gb-grid-wrapper gb-grid-wrapper-4ccc56db content_overview\">\n<div class=\"gb-grid-column gb-grid-column-61ec46a0\"><div id=\"61ec46a0\" class=\"gb-container gb-container-61ec46a0\" data-container-type=\"container\" data-theme=\"inherit\" data-aos=\"fade-up\" data-aos-delay=\"200\">\n\n\t\t\t \n\t\t\t\t\n\t\t\t\t<p>No se han encontrado art\u00edculos.<\/p>\n\t\t\t\t\n\t\t\t\t\t\t\t\n\t\t\t\n            <!-- end:grid -->\n        \n            \n<\/div><\/div>\n<\/div>\n<\/div>\n<\/section><section id=\"c33659b1\" class=\"gb-section gb-container gb-container-c33659b1\" data-container-type=\"section\" data-theme=\"dark\">\n<section id=\"40231590\" class=\"gb-inner-section gb-container gb-container-40231590\" data-container-type=\"container\" data-theme=\"inherit\">\n<div class=\"gb-grid-wrapper gb-grid-wrapper-b5d201f1\">\n<div class=\"gb-grid-column gb-grid-column-00d70859\"><div id=\"00d70859\" class=\"gb-container gb-container-00d70859\" data-container-type=\"container\" data-theme=\"inherit\" data-aos=\"fade-up\">\n\n<div class=\"wp-block-pixel-headline headlines --subheadline-top has-text-align-left\"><h2 class=\"headline\" style=\"color:\">Estaremos encantados de <strong>ayudarte<\/strong> <\/h2><span class=\"subheadline\" style=\"color:\">\u00bfTienes alguna pregunta m\u00e1s?<\/span><\/div>\n\n<\/div><\/div>\n\n<div class=\"gb-grid-column gb-grid-column-64e43af8\"><div id=\"64e43af8\" class=\"gb-container gb-container-64e43af8\" data-container-type=\"container\" data-theme=\"inherit\" data-aos=\"fade-right\">\n<div class=\"contact-area\" style=\"--contacts-count:1;\"><div id=\"contact\" class=\"contact-area-form\">\n<div class=\"wpcf7 no-js\" id=\"wpcf7-f6334-o1\" lang=\"es-ES\" dir=\"ltr\" data-wpcf7-id=\"6334\">\n<div class=\"screen-reader-response\"><p role=\"status\" aria-live=\"polite\" aria-atomic=\"true\"><\/p> <ul><\/ul><\/div>\n<form action=\"\/es\/wp-json\/wp\/v2\/pages\/5810#wpcf7-f6334-o1\" method=\"post\" class=\"wpcf7-form init\" aria-label=\"Formulario de contacto\" novalidate=\"novalidate\" data-status=\"init\">\n<fieldset class=\"hidden-fields-container\"><input type=\"hidden\" name=\"_wpcf7\" value=\"6334\" \/><input type=\"hidden\" name=\"_wpcf7_version\" value=\"6.1.5\" \/><input type=\"hidden\" name=\"_wpcf7_locale\" value=\"es_ES\" \/><input type=\"hidden\" name=\"_wpcf7_unit_tag\" value=\"wpcf7-f6334-o1\" \/><input type=\"hidden\" name=\"_wpcf7_container_post\" value=\"0\" \/><input type=\"hidden\" name=\"_wpcf7_posted_data_hash\" value=\"\" \/><input type=\"hidden\" name=\"_wpcf7_recaptcha_response\" value=\"\" \/>\n<\/fieldset>\n<div class=\"form-fields\">\n    <div class=\"form-field\"><label>Nombre completo<\/label><span class=\"wpcf7-form-control-wrap\" data-name=\"name\"><input size=\"40\" maxlength=\"400\" class=\"wpcf7-form-control wpcf7-text wpcf7-validates-as-required\" aria-required=\"true\" aria-invalid=\"false\" value=\"\" type=\"text\" name=\"name\" \/><\/span><\/div>\n    <div class=\"form-field\"><label>La empresa<\/label><span class=\"wpcf7-form-control-wrap\" data-name=\"company\"><input size=\"40\" maxlength=\"400\" class=\"wpcf7-form-control wpcf7-text\" aria-invalid=\"false\" value=\"\" type=\"text\" name=\"company\" \/><\/span><\/div>\n    <div class=\"form-field\"><label>Posici\u00f3n<\/label><span class=\"wpcf7-form-control-wrap\" data-name=\"pos\"><input size=\"40\" maxlength=\"400\" class=\"wpcf7-form-control wpcf7-text\" aria-invalid=\"false\" value=\"\" type=\"text\" name=\"pos\" \/><\/span><\/div>\n    <div class=\"form-field\"><label>e-mail*<\/label><span class=\"wpcf7-form-control-wrap\" data-name=\"mail\"><input size=\"40\" maxlength=\"400\" class=\"wpcf7-form-control wpcf7-email wpcf7-validates-as-required wpcf7-text wpcf7-validates-as-email\" aria-required=\"true\" aria-invalid=\"false\" value=\"\" type=\"email\" name=\"mail\" \/><\/span><\/div>\n    <div class=\"form-field\"><label>Tel\u00e9fono<\/label><span class=\"wpcf7-form-control-wrap\" data-name=\"phone\"><input size=\"40\" maxlength=\"400\" class=\"wpcf7-form-control wpcf7-text\" aria-invalid=\"false\" value=\"\" type=\"text\" name=\"phone\" \/><\/span><\/div>\n    <div class=\"form-field textarea\"><label>Su mensaje<\/label><span class=\"wpcf7-form-control-wrap\" data-name=\"message\"><textarea cols=\"40\" rows=\"10\" maxlength=\"2000\" class=\"wpcf7-form-control wpcf7-textarea\" aria-invalid=\"false\" name=\"message\"><\/textarea><\/span><\/div>\n<\/div>\n\n<span class=\"required\">* Campos obligatorios<\/span>\n<div class=\"form-fields form-footer\">\n<div class=\"form-privacy\"><span class=\"wpcf7-form-control-wrap\" data-name=\"ds\"><span class=\"wpcf7-form-control wpcf7-acceptance\"><span class=\"wpcf7-list-item\"><input type=\"checkbox\" name=\"ds\" value=\"1\" aria-invalid=\"false\" \/><\/span><\/span><\/span><span class=\"privacy-policy-note\">Acepto la <a href=\"\/rechtliches\/datenschutz\/\" target=\"_blank\">pol\u00edtica de privacidad<\/a>. Este formulario est\u00e1 protegido por Google reCaptcha.<\/span><\/div>\n\n<\/div>\n<div class=\"form-submit\"><button id=\"submit\" class=\"wpcf7-form-control wpcf7-submit\">Env\u00edo de<\/button><\/div><div class=\"wpcf7-response-output\" aria-hidden=\"true\"><\/div>\n<\/form>\n<\/div>\n<\/div><div id=\"\" class=\"grid grid-contacts contact-area-contacts\" style=\"--grid-columns:3;--grid-gap:2.5;\"><div class=\"grid-inner\"><div class=\"grid-item\"><div class=\"card card-contact card-contact-6300\" >\r\n\t\t\t\t<div class=\"card-media\"><img loading=\"lazy\" decoding=\"async\" width=\"730\" height=\"570\" src=\"https:\/\/hense-systeme.com\/wp-content\/uploads\/Hense_Lukas_Ostrzolek_neu.jpg\" class=\"attachment-contact size-contact\" alt=\"\" srcset=\"https:\/\/hense-systeme.com\/wp-content\/uploads\/Hense_Lukas_Ostrzolek_neu.jpg 730w, https:\/\/hense-systeme.com\/wp-content\/uploads\/Hense_Lukas_Ostrzolek_neu-300x234.jpg 300w, https:\/\/hense-systeme.com\/wp-content\/uploads\/Hense_Lukas_Ostrzolek_neu-1x1.jpg 1w\" sizes=\"auto, (max-width: 730px) 100vw, 730px\" \/><\/div>\t\t\t\t\r\n\t\t\t\t<div class=\"card-content\">\r\n\t\t\t\t\t<div class=\"card-inner\">\r\n\t\t\t\t\t\t<div class=\"card-headlines headlines --subheadline-bottom\"><span class=\"card-headline headline --h3\">Lukas Ostrzolek<\/span><span class=\"card-subheadline subheadline\">Gesti\u00f3n de ventas<\/span><\/div>\t\t\t\t\t<\/div>\r\n\r\n\t\t\t\t\t<div class=\"card-action team-information\"><span class=\"card-line card-line-contact\"><div class=\"card-action\"><span class=\"card-line card-line-phone\"><span>Tel: <\/span><a href=\"tel:0234-95388-33\" target=\"_blank\" rel=\"nofollow\">0234 &#8211; 95388 &#8211; 33<\/a><\/span><span class=\"card-line card-line-email\"><a href=\"mailto:lukas.ostrzolek@hense-systeme.de\" target=\"_blank\" rel=\"nofollow\">lukas.ostrzolek@hense-systeme.de<\/a><\/span><\/div><\/span><\/div>\t\t\t\t<\/div>\r\n\t\t\t<\/div><\/div><\/div><div class=\"swiper-pagination\"><\/div><\/div><\/div>\n<\/div><\/div>\n<\/div>\n<\/section>\n<\/section>","protected":false},"excerpt":{"rendered":"","protected":false},"author":1,"featured_media":0,"parent":5576,"menu_order":3,"comment_status":"closed","ping_status":"closed","template":"","meta":{"_acf_changed":false,"_crdt_document":"","footnotes":""},"class_list":{"0":"post-5810","1":"page","2":"type-page","3":"status-publish","5":"no-featured-image-padding"},"acf":[],"yoast_head":"<!-- This site is optimized with the Yoast SEO plugin v27.3 - https:\/\/yoast.com\/product\/yoast-seo-wordpress\/ -->\n<title>Motores giratorios de rosca empinada de HELAC | Hense<\/title>\n<meta name=\"description\" content=\"Mecanismos de giro hidr\u00e1ulicos HELAC con engranaje helicoidal. Capacidad de carga \u2713 Resistentes a los golpes \u2713 Dise\u00f1o compacto \u2713 Alto par de salida \u2713 \u00a1Cons\u00faltalo ahora!\" \/>\n<meta name=\"robots\" content=\"index, follow, max-snippet:-1, max-image-preview:large, max-video-preview:-1\" \/>\n<link rel=\"canonical\" href=\"https:\/\/hense-systeme.com\/es\/productos\/actuadores-de-fraccion-de-vuelta-helac\/\" \/>\n<meta property=\"og:locale\" content=\"es_ES\" \/>\n<meta property=\"og:type\" content=\"article\" \/>\n<meta property=\"og:title\" content=\"Motores giratorios de rosca empinada de HELAC | Hense\" \/>\n<meta property=\"og:description\" content=\"Mecanismos de giro hidr\u00e1ulicos HELAC con engranaje helicoidal. Capacidad de carga \u2713 Resistentes a los golpes \u2713 Dise\u00f1o compacto \u2713 Alto par de salida \u2713 \u00a1Cons\u00faltalo ahora!\" \/>\n<meta property=\"og:url\" content=\"https:\/\/hense-systeme.com\/es\/productos\/actuadores-de-fraccion-de-vuelta-helac\/\" \/>\n<meta property=\"og:site_name\" content=\"Hense Systemtechnik GmbH &amp; Co. KG\" \/>\n<meta property=\"article:modified_time\" content=\"2025-06-11T11:32:05+00:00\" \/>\n<meta property=\"og:image\" content=\"https:\/\/hense-systeme.com\/wp-content\/uploads\/produkte_helac.jpg\" \/>\n<meta name=\"twitter:card\" content=\"summary_large_image\" \/>\n<meta name=\"twitter:label1\" content=\"Tiempo de lectura\" \/>\n\t<meta name=\"twitter:data1\" content=\"2 minutos\" \/>\n<script type=\"application\/ld+json\" class=\"yoast-schema-graph\">{\"@context\":\"https:\\\/\\\/schema.org\",\"@graph\":[{\"@type\":\"WebPage\",\"@id\":\"https:\\\/\\\/hense-systeme.com\\\/es\\\/productos\\\/actuadores-de-fraccion-de-vuelta-helac\\\/\",\"url\":\"https:\\\/\\\/hense-systeme.com\\\/es\\\/productos\\\/actuadores-de-fraccion-de-vuelta-helac\\\/\",\"name\":\"Motores giratorios de rosca empinada de HELAC | Hense\",\"isPartOf\":{\"@id\":\"https:\\\/\\\/hense-systeme.com\\\/es\\\/#website\"},\"primaryImageOfPage\":{\"@id\":\"https:\\\/\\\/hense-systeme.com\\\/es\\\/productos\\\/actuadores-de-fraccion-de-vuelta-helac\\\/#primaryimage\"},\"image\":{\"@id\":\"https:\\\/\\\/hense-systeme.com\\\/es\\\/productos\\\/actuadores-de-fraccion-de-vuelta-helac\\\/#primaryimage\"},\"thumbnailUrl\":\"https:\\\/\\\/hense-systeme.com\\\/wp-content\\\/uploads\\\/produkte_helac.jpg\",\"datePublished\":\"2024-02-13T12:57:06+00:00\",\"dateModified\":\"2025-06-11T11:32:05+00:00\",\"description\":\"Mecanismos de giro hidr\u00e1ulicos HELAC con engranaje helicoidal. Capacidad de carga \u2713 Resistentes a los golpes \u2713 Dise\u00f1o compacto \u2713 Alto par de salida \u2713 \u00a1Cons\u00faltalo ahora!\",\"breadcrumb\":{\"@id\":\"https:\\\/\\\/hense-systeme.com\\\/es\\\/productos\\\/actuadores-de-fraccion-de-vuelta-helac\\\/#breadcrumb\"},\"inLanguage\":\"es\",\"potentialAction\":[{\"@type\":\"ReadAction\",\"target\":[\"https:\\\/\\\/hense-systeme.com\\\/es\\\/productos\\\/actuadores-de-fraccion-de-vuelta-helac\\\/\"]}]},{\"@type\":\"ImageObject\",\"inLanguage\":\"es\",\"@id\":\"https:\\\/\\\/hense-systeme.com\\\/es\\\/productos\\\/actuadores-de-fraccion-de-vuelta-helac\\\/#primaryimage\",\"url\":\"https:\\\/\\\/hense-systeme.com\\\/wp-content\\\/uploads\\\/produkte_helac.jpg\",\"contentUrl\":\"https:\\\/\\\/hense-systeme.com\\\/wp-content\\\/uploads\\\/produkte_helac.jpg\"},{\"@type\":\"BreadcrumbList\",\"@id\":\"https:\\\/\\\/hense-systeme.com\\\/es\\\/productos\\\/actuadores-de-fraccion-de-vuelta-helac\\\/#breadcrumb\",\"itemListElement\":[{\"@type\":\"ListItem\",\"position\":1,\"name\":\"Startseite\",\"item\":\"https:\\\/\\\/hense-systeme.com\\\/es\\\/\"},{\"@type\":\"ListItem\",\"position\":2,\"name\":\"Productos\",\"item\":\"https:\\\/\\\/hense-systeme.com\\\/es\\\/produkte\\\/\"},{\"@type\":\"ListItem\",\"position\":3,\"name\":\"Actuadores de fracci\u00f3n de vuelta Helac\"}]},{\"@type\":\"WebSite\",\"@id\":\"https:\\\/\\\/hense-systeme.com\\\/es\\\/#website\",\"url\":\"https:\\\/\\\/hense-systeme.com\\\/es\\\/\",\"name\":\"Hense Systemtechnik GmbH &amp; Co. KG\",\"description\":\"\",\"publisher\":{\"@id\":\"https:\\\/\\\/hense-systeme.com\\\/es\\\/#organization\"},\"potentialAction\":[{\"@type\":\"SearchAction\",\"target\":{\"@type\":\"EntryPoint\",\"urlTemplate\":\"https:\\\/\\\/hense-systeme.com\\\/es\\\/?s={search_term_string}\"},\"query-input\":{\"@type\":\"PropertyValueSpecification\",\"valueRequired\":true,\"valueName\":\"search_term_string\"}}],\"inLanguage\":\"es\"},{\"@type\":\"Organization\",\"@id\":\"https:\\\/\\\/hense-systeme.com\\\/es\\\/#organization\",\"name\":\"Hense Systemtechnik GmbH &amp; Co. KG\",\"url\":\"https:\\\/\\\/hense-systeme.com\\\/es\\\/\",\"logo\":{\"@type\":\"ImageObject\",\"inLanguage\":\"es\",\"@id\":\"https:\\\/\\\/hense-systeme.com\\\/es\\\/#\\\/schema\\\/logo\\\/image\\\/\",\"url\":\"https:\\\/\\\/hense-systeme.com\\\/wp-content\\\/uploads\\\/2024\\\/02\\\/hense_logo.svg\",\"contentUrl\":\"https:\\\/\\\/hense-systeme.com\\\/wp-content\\\/uploads\\\/2024\\\/02\\\/hense_logo.svg\",\"width\":241,\"height\":76,\"caption\":\"Hense Systemtechnik GmbH &amp; Co. KG\"},\"image\":{\"@id\":\"https:\\\/\\\/hense-systeme.com\\\/es\\\/#\\\/schema\\\/logo\\\/image\\\/\"}}]}<\/script>\n<!-- \/ Yoast SEO plugin. -->","yoast_head_json":{"title":"Motores giratorios de rosca empinada de HELAC | Hense","description":"Mecanismos de giro hidr\u00e1ulicos HELAC con engranaje helicoidal. Capacidad de carga \u2713 Resistentes a los golpes \u2713 Dise\u00f1o compacto \u2713 Alto par de salida \u2713 \u00a1Cons\u00faltalo ahora!","robots":{"index":"index","follow":"follow","max-snippet":"max-snippet:-1","max-image-preview":"max-image-preview:large","max-video-preview":"max-video-preview:-1"},"canonical":"https:\/\/hense-systeme.com\/es\/productos\/actuadores-de-fraccion-de-vuelta-helac\/","og_locale":"es_ES","og_type":"article","og_title":"Motores giratorios de rosca empinada de HELAC | Hense","og_description":"Mecanismos de giro hidr\u00e1ulicos HELAC con engranaje helicoidal. Capacidad de carga \u2713 Resistentes a los golpes \u2713 Dise\u00f1o compacto \u2713 Alto par de salida \u2713 \u00a1Cons\u00faltalo ahora!","og_url":"https:\/\/hense-systeme.com\/es\/productos\/actuadores-de-fraccion-de-vuelta-helac\/","og_site_name":"Hense Systemtechnik GmbH &amp; Co. KG","article_modified_time":"2025-06-11T11:32:05+00:00","og_image":[{"url":"https:\/\/hense-systeme.com\/wp-content\/uploads\/produkte_helac.jpg","type":"","width":"","height":""}],"twitter_card":"summary_large_image","twitter_misc":{"Tiempo de lectura":"2 minutos"},"schema":{"@context":"https:\/\/schema.org","@graph":[{"@type":"WebPage","@id":"https:\/\/hense-systeme.com\/es\/productos\/actuadores-de-fraccion-de-vuelta-helac\/","url":"https:\/\/hense-systeme.com\/es\/productos\/actuadores-de-fraccion-de-vuelta-helac\/","name":"Motores giratorios de rosca empinada de HELAC | Hense","isPartOf":{"@id":"https:\/\/hense-systeme.com\/es\/#website"},"primaryImageOfPage":{"@id":"https:\/\/hense-systeme.com\/es\/productos\/actuadores-de-fraccion-de-vuelta-helac\/#primaryimage"},"image":{"@id":"https:\/\/hense-systeme.com\/es\/productos\/actuadores-de-fraccion-de-vuelta-helac\/#primaryimage"},"thumbnailUrl":"https:\/\/hense-systeme.com\/wp-content\/uploads\/produkte_helac.jpg","datePublished":"2024-02-13T12:57:06+00:00","dateModified":"2025-06-11T11:32:05+00:00","description":"Mecanismos de giro hidr\u00e1ulicos HELAC con engranaje helicoidal. Capacidad de carga \u2713 Resistentes a los golpes \u2713 Dise\u00f1o compacto \u2713 Alto par de salida \u2713 \u00a1Cons\u00faltalo ahora!","breadcrumb":{"@id":"https:\/\/hense-systeme.com\/es\/productos\/actuadores-de-fraccion-de-vuelta-helac\/#breadcrumb"},"inLanguage":"es","potentialAction":[{"@type":"ReadAction","target":["https:\/\/hense-systeme.com\/es\/productos\/actuadores-de-fraccion-de-vuelta-helac\/"]}]},{"@type":"ImageObject","inLanguage":"es","@id":"https:\/\/hense-systeme.com\/es\/productos\/actuadores-de-fraccion-de-vuelta-helac\/#primaryimage","url":"https:\/\/hense-systeme.com\/wp-content\/uploads\/produkte_helac.jpg","contentUrl":"https:\/\/hense-systeme.com\/wp-content\/uploads\/produkte_helac.jpg"},{"@type":"BreadcrumbList","@id":"https:\/\/hense-systeme.com\/es\/productos\/actuadores-de-fraccion-de-vuelta-helac\/#breadcrumb","itemListElement":[{"@type":"ListItem","position":1,"name":"Startseite","item":"https:\/\/hense-systeme.com\/es\/"},{"@type":"ListItem","position":2,"name":"Productos","item":"https:\/\/hense-systeme.com\/es\/produkte\/"},{"@type":"ListItem","position":3,"name":"Actuadores de fracci\u00f3n de vuelta Helac"}]},{"@type":"WebSite","@id":"https:\/\/hense-systeme.com\/es\/#website","url":"https:\/\/hense-systeme.com\/es\/","name":"Hense Systemtechnik GmbH &amp; Co. KG","description":"","publisher":{"@id":"https:\/\/hense-systeme.com\/es\/#organization"},"potentialAction":[{"@type":"SearchAction","target":{"@type":"EntryPoint","urlTemplate":"https:\/\/hense-systeme.com\/es\/?s={search_term_string}"},"query-input":{"@type":"PropertyValueSpecification","valueRequired":true,"valueName":"search_term_string"}}],"inLanguage":"es"},{"@type":"Organization","@id":"https:\/\/hense-systeme.com\/es\/#organization","name":"Hense Systemtechnik GmbH &amp; Co. KG","url":"https:\/\/hense-systeme.com\/es\/","logo":{"@type":"ImageObject","inLanguage":"es","@id":"https:\/\/hense-systeme.com\/es\/#\/schema\/logo\/image\/","url":"https:\/\/hense-systeme.com\/wp-content\/uploads\/2024\/02\/hense_logo.svg","contentUrl":"https:\/\/hense-systeme.com\/wp-content\/uploads\/2024\/02\/hense_logo.svg","width":241,"height":76,"caption":"Hense Systemtechnik GmbH &amp; Co. KG"},"image":{"@id":"https:\/\/hense-systeme.com\/es\/#\/schema\/logo\/image\/"}}]}},"_links":{"self":[{"href":"https:\/\/hense-systeme.com\/es\/wp-json\/wp\/v2\/pages\/5810","targetHints":{"allow":["GET"]}}],"collection":[{"href":"https:\/\/hense-systeme.com\/es\/wp-json\/wp\/v2\/pages"}],"about":[{"href":"https:\/\/hense-systeme.com\/es\/wp-json\/wp\/v2\/types\/page"}],"author":[{"embeddable":true,"href":"https:\/\/hense-systeme.com\/es\/wp-json\/wp\/v2\/users\/1"}],"replies":[{"embeddable":true,"href":"https:\/\/hense-systeme.com\/es\/wp-json\/wp\/v2\/comments?post=5810"}],"version-history":[{"count":4,"href":"https:\/\/hense-systeme.com\/es\/wp-json\/wp\/v2\/pages\/5810\/revisions"}],"predecessor-version":[{"id":10915,"href":"https:\/\/hense-systeme.com\/es\/wp-json\/wp\/v2\/pages\/5810\/revisions\/10915"}],"up":[{"embeddable":true,"href":"https:\/\/hense-systeme.com\/es\/wp-json\/wp\/v2\/pages\/5576"}],"wp:attachment":[{"href":"https:\/\/hense-systeme.com\/es\/wp-json\/wp\/v2\/media?parent=5810"}],"curies":[{"name":"wp","href":"https:\/\/api.w.org\/{rel}","templated":true}]}}