{"id":5889,"date":"2024-03-13T14:57:57","date_gmt":"2024-03-13T13:57:57","guid":{"rendered":"https:\/\/hense.pixel-tal.de\/productos\/combinacion-de-elevacion-y-giro\/sistema-de-cambio-de-herramientas\/"},"modified":"2024-04-08T13:20:47","modified_gmt":"2024-04-08T11:20:47","slug":"sistema-de-cambio-de-herramientas","status":"publish","type":"page","link":"https:\/\/hense-systeme.com\/es\/productos\/combinacion-de-elevacion-y-giro\/sistema-de-cambio-de-herramientas\/","title":{"rendered":"Sistema de cambio de herramientas"},"content":{"rendered":"<section id=\"aa3820d1\" class=\"gb-section gb-container gb-container-aa3820d1\" data-container-type=\"section\" data-theme=\"dark\">\n<section id=\"fcd75ec4\" class=\"gb-inner-section gb-container gb-container-fcd75ec4\" data-container-type=\"container\" data-theme=\"inherit\">\n\n<div class=\"wp-block-pixel-headline headlines --subheadline-top has-text-align-left\"><h1 class=\"headline\" style=\"color:var(--base-3)\"><strong>Sistema de cambio de herramientas<\/strong><\/h1><span class=\"subheadline\" style=\"color:\">Combinaci\u00f3n HUB-giratoria<\/span><\/div>\n\n<\/section>\n<\/section><section id=\"8d4d20d2\" class=\"gb-section gb-container gb-container-8d4d20d2\" data-container-type=\"section\" data-theme=\"dark\">\n<div id=\"2a91b84a\" class=\"gb-inner-section gb-container gb-container-2a91b84a\" data-container-type=\"container\" data-theme=\"inherit\">\n<div class=\"gb-grid-wrapper gb-grid-wrapper-36ddb237\">\n<div class=\"gb-grid-column gb-grid-column-4b19ce47\"><section id=\"4b19ce47\" class=\"gb-container gb-container-4b19ce47\" data-container-type=\"container\" data-theme=\"inherit\">\n\n<div class=\"wp-block-pixel-headline headlines --subheadline-top has-text-align-left\"><h2 class=\"headline\" style=\"color:\"><strong>\n  <strong>HSWW-<\/strong>\n<\/strong>Sistema de cambio de herramientas<\/h2><span class=\"subheadline\" style=\"color:\">EXPERIENCIA DESDE 1988<\/span><\/div>\n\n\n\n<p class=\"wp-block-paragraph\">La alimentaci\u00f3n autom\u00e1tica de herramientas del almac\u00e9n de herramientas al husillo de mecanizado se realiza en los centros de mecanizado modernos con ayuda de un cambiador de herramientas. Al mismo tiempo, este dispositivo se utiliza para devolver las herramientas al almac\u00e9n de herramientas.<\/p>\n\n\n\n<p class=\"wp-block-paragraph\">La reducci\u00f3n de los tiempos no productivos es un criterio importante para aumentar la eficacia de los centros de mecanizado. El tiempo de viruta a viruta est\u00e1 directamente influenciado positivamente por un cambio de herramienta r\u00e1pido, es decir, un tiempo de cambio de herramienta corto.<\/p>\n\n<\/section><\/div>\n\n<div class=\"gb-grid-column gb-grid-column-f2fbc061\"><section id=\"f2fbc061\" class=\"gb-container gb-container-f2fbc061\" data-container-type=\"container\" data-theme=\"inherit\">\n\n<figure class=\"gb-block-image gb-block-image-5ef330eb\"><img loading=\"lazy\" decoding=\"async\" width=\"730\" height=\"395\" class=\"gb-image gb-image-5ef330eb\" src=\"https:\/\/hense-systeme.com\/wp-content\/uploads\/hsww_werkzeugwechsel-system_01.jpg\" alt=\"\" title=\"hsww_tool-change-system_01\" srcset=\"https:\/\/hense-systeme.com\/wp-content\/uploads\/hsww_werkzeugwechsel-system_01.jpg 730w, https:\/\/hense-systeme.com\/wp-content\/uploads\/hsww_werkzeugwechsel-system_01-300x162.jpg 300w, https:\/\/hense-systeme.com\/wp-content\/uploads\/hsww_werkzeugwechsel-system_01-1x1.jpg 1w\" sizes=\"auto, (max-width: 730px) 100vw, 730px\" \/><\/figure>\n\n<\/section><\/div>\n<\/div>\n<\/div>\n<\/section><section id=\"7d5d452d\" class=\"gb-section gb-container gb-container-7d5d452d\" data-container-type=\"section\" data-theme=\"dark\" style=\"--section-padding-top:0;--section-padding-bottom:0;\">\n<div id=\"b6a85379\" class=\"gb-inner-section gb-container gb-container-b6a85379\" data-container-type=\"container\" data-theme=\"inherit\">\n<div class=\"gb-grid-wrapper gb-grid-wrapper-f2171cde\">\n<div class=\"gb-grid-column gb-grid-column-96a40c7d\"><section id=\"96a40c7d\" class=\"gb-container gb-container-96a40c7d\" data-container-type=\"container\" data-theme=\"inherit\">\n\n<figure class=\"gb-block-image gb-block-image-ea95850b\"><img loading=\"lazy\" decoding=\"async\" width=\"730\" height=\"997\" class=\"gb-image gb-image-ea95850b\" src=\"https:\/\/hense-systeme.com\/wp-content\/uploads\/hsww_fo_02.jpg\" alt=\"\" title=\"hsww_fo_02\" srcset=\"https:\/\/hense-systeme.com\/wp-content\/uploads\/hsww_fo_02.jpg 730w, https:\/\/hense-systeme.com\/wp-content\/uploads\/hsww_fo_02-220x300.jpg 220w, https:\/\/hense-systeme.com\/wp-content\/uploads\/hsww_fo_02-1x1.jpg 1w\" sizes=\"auto, (max-width: 730px) 100vw, 730px\" \/><\/figure>\n\n<\/section><\/div>\n\n<div class=\"gb-grid-column gb-grid-column-dc300982\"><section id=\"dc300982\" class=\"gb-container gb-container-dc300982\" data-container-type=\"container\" data-theme=\"inherit\">\n\n<div class=\"wp-block-pixel-headline headlines --subheadline-top has-text-align-left\"><h2 class=\"headline\" style=\"color:\">Producci\u00f3n<\/h2><\/div>\n\n\n\n<p class=\"wp-block-paragraph\">Con sus dos ejes de movimiento controlables independientemente, los cambiadores de herramientas Hense Systeme crean la base para que el fabricante de m\u00e1quinas herramienta optimice los tiempos de cambio de herramientas. Al mismo tiempo, el uso del cambiador de herramientas Hense Systeme garantiza una manipulaci\u00f3n segura incluso de herramientas grandes y pesadas. Los sistemas de pinzas adaptables, por ejemplo, una pinza doble con una funci\u00f3n de apertura conmutable activamente para ambas pinzas, se personalizan.<\/p>\n\n\n\n<p class=\"wp-block-paragraph\">El dise\u00f1o libre del eje lineal y del eje pivotante permite carreras r\u00e1pidas y variables y \u00e1ngulos de giro de hasta 270\u00b0.<\/p>\n\n\n\n<p class=\"wp-block-paragraph\">Ofrecemos soluciones personalizadas para una amplia gama de aplicaciones. Nuestro equipo cualificado estar\u00e1 encantado de asesorarle en el dise\u00f1o y la realizaci\u00f3n.<\/p>\n\n<\/section><\/div>\n<\/div>\n<\/div>\n<\/section><section id=\"c33659b1\" class=\"gb-section gb-container gb-container-c33659b1\" data-container-type=\"section\" data-theme=\"dark\">\n<section id=\"40231590\" class=\"gb-inner-section gb-container gb-container-40231590\" data-container-type=\"container\" data-theme=\"inherit\">\n<div class=\"gb-grid-wrapper gb-grid-wrapper-b5d201f1\">\n<div class=\"gb-grid-column gb-grid-column-00d70859\"><div id=\"00d70859\" class=\"gb-container gb-container-00d70859\" data-container-type=\"container\" data-theme=\"inherit\" data-aos=\"fade-up\">\n\n<div class=\"wp-block-pixel-headline headlines --subheadline-top has-text-align-left\"><h2 class=\"headline\" style=\"color:\"><strong>Para asesoramiento individual<\/strong><br>estamos a su disposici\u00f3n<\/h2><span class=\"subheadline\" style=\"color:\">\u00bfTiene alguna otra pregunta?<\/span><\/div>\n\n<\/div><\/div>\n\n<div class=\"gb-grid-column gb-grid-column-64e43af8\"><div id=\"64e43af8\" class=\"gb-container gb-container-64e43af8\" data-container-type=\"container\" data-theme=\"inherit\" data-aos=\"fade-right\">\n<div class=\"contact-area\" style=\"--contacts-count:1;\"><div id=\"contact\" class=\"contact-area-form\">\n<div class=\"wpcf7 no-js\" id=\"wpcf7-f6334-o1\" lang=\"es-ES\" dir=\"ltr\" data-wpcf7-id=\"6334\">\n<div class=\"screen-reader-response\"><p role=\"status\" aria-live=\"polite\" aria-atomic=\"true\"><\/p> <ul><\/ul><\/div>\n<form action=\"\/es\/wp-json\/wp\/v2\/pages\/5889#wpcf7-f6334-o1\" method=\"post\" class=\"wpcf7-form init\" aria-label=\"Formulario de contacto\" novalidate=\"novalidate\" data-status=\"init\">\n<fieldset class=\"hidden-fields-container\"><input type=\"hidden\" name=\"_wpcf7\" value=\"6334\" \/><input type=\"hidden\" name=\"_wpcf7_version\" value=\"6.1.5\" \/><input type=\"hidden\" name=\"_wpcf7_locale\" value=\"es_ES\" \/><input type=\"hidden\" name=\"_wpcf7_unit_tag\" value=\"wpcf7-f6334-o1\" \/><input type=\"hidden\" name=\"_wpcf7_container_post\" value=\"0\" \/><input type=\"hidden\" name=\"_wpcf7_posted_data_hash\" value=\"\" \/><input type=\"hidden\" name=\"_wpcf7_recaptcha_response\" value=\"\" \/>\n<\/fieldset>\n<div class=\"form-fields\">\n    <div class=\"form-field\"><label>Nombre completo<\/label><span class=\"wpcf7-form-control-wrap\" data-name=\"name\"><input size=\"40\" maxlength=\"400\" class=\"wpcf7-form-control wpcf7-text wpcf7-validates-as-required\" aria-required=\"true\" aria-invalid=\"false\" value=\"\" type=\"text\" name=\"name\" \/><\/span><\/div>\n    <div class=\"form-field\"><label>La empresa<\/label><span class=\"wpcf7-form-control-wrap\" data-name=\"company\"><input size=\"40\" maxlength=\"400\" class=\"wpcf7-form-control wpcf7-text\" aria-invalid=\"false\" value=\"\" type=\"text\" name=\"company\" \/><\/span><\/div>\n    <div class=\"form-field\"><label>Posici\u00f3n<\/label><span class=\"wpcf7-form-control-wrap\" data-name=\"pos\"><input size=\"40\" maxlength=\"400\" class=\"wpcf7-form-control wpcf7-text\" aria-invalid=\"false\" value=\"\" type=\"text\" name=\"pos\" \/><\/span><\/div>\n    <div class=\"form-field\"><label>e-mail*<\/label><span class=\"wpcf7-form-control-wrap\" data-name=\"mail\"><input size=\"40\" maxlength=\"400\" class=\"wpcf7-form-control wpcf7-email wpcf7-validates-as-required wpcf7-text wpcf7-validates-as-email\" aria-required=\"true\" aria-invalid=\"false\" value=\"\" type=\"email\" name=\"mail\" \/><\/span><\/div>\n    <div class=\"form-field\"><label>Tel\u00e9fono<\/label><span class=\"wpcf7-form-control-wrap\" data-name=\"phone\"><input size=\"40\" maxlength=\"400\" class=\"wpcf7-form-control wpcf7-text\" aria-invalid=\"false\" value=\"\" type=\"text\" name=\"phone\" \/><\/span><\/div>\n    <div class=\"form-field textarea\"><label>Su mensaje<\/label><span class=\"wpcf7-form-control-wrap\" data-name=\"message\"><textarea cols=\"40\" rows=\"10\" maxlength=\"2000\" class=\"wpcf7-form-control wpcf7-textarea\" aria-invalid=\"false\" name=\"message\"><\/textarea><\/span><\/div>\n<\/div>\n\n<span class=\"required\">* Campos obligatorios<\/span>\n<div class=\"form-fields form-footer\">\n<div class=\"form-privacy\"><span class=\"wpcf7-form-control-wrap\" data-name=\"ds\"><span class=\"wpcf7-form-control wpcf7-acceptance\"><span class=\"wpcf7-list-item\"><input type=\"checkbox\" name=\"ds\" value=\"1\" aria-invalid=\"false\" \/><\/span><\/span><\/span><span class=\"privacy-policy-note\">Acepto la <a href=\"\/rechtliches\/datenschutz\/\" target=\"_blank\">pol\u00edtica de privacidad<\/a>. Este formulario est\u00e1 protegido por Google reCaptcha.<\/span><\/div>\n\n<\/div>\n<div class=\"form-submit\"><button id=\"submit\" class=\"wpcf7-form-control wpcf7-submit\">Env\u00edo de<\/button><\/div><div class=\"wpcf7-response-output\" aria-hidden=\"true\"><\/div>\n<\/form>\n<\/div>\n<\/div><div id=\"\" class=\"grid grid-contacts contact-area-contacts\" style=\"--grid-columns:3;--grid-gap:2.5;\"><div class=\"grid-inner\"><div class=\"grid-item\"><div class=\"card card-contact card-contact-6299\" >\r\n\t\t\t\t<div class=\"card-media\"><img loading=\"lazy\" decoding=\"async\" width=\"730\" height=\"570\" src=\"https:\/\/hense-systeme.com\/wp-content\/uploads\/kontakt_winzen.jpg\" class=\"attachment-contact size-contact\" alt=\"\" srcset=\"https:\/\/hense-systeme.com\/wp-content\/uploads\/kontakt_winzen.jpg 730w, https:\/\/hense-systeme.com\/wp-content\/uploads\/kontakt_winzen-300x234.jpg 300w, https:\/\/hense-systeme.com\/wp-content\/uploads\/kontakt_winzen-1x1.jpg 1w\" sizes=\"auto, (max-width: 730px) 100vw, 730px\" \/><\/div>\t\t\t\t\r\n\t\t\t\t<div class=\"card-content\">\r\n\t\t\t\t\t<div class=\"card-inner\">\r\n\t\t\t\t\t\t<div class=\"card-headlines headlines --subheadline-bottom\"><span class=\"card-headline headline --h3\">Ingeniero diplomado (FH) Rolf Winzen<\/span><span class=\"card-subheadline subheadline\">Jefe de Investigaci\u00f3n y Desarrollo<\/span><\/div>\t\t\t\t\t<\/div>\r\n\r\n\t\t\t\t\t<div class=\"card-action team-information\"><span class=\"card-line card-line-contact\"><div class=\"card-action\"><span class=\"card-line card-line-phone\"><span>Tel: <\/span><a href=\"tel:0234-95388-31\" target=\"_blank\" rel=\"nofollow\">0234 &#8211; 95388 &#8211; 31<\/a><\/span><span class=\"card-line card-line-email\"><a href=\"mailto:rolf.winzen@hense-systeme.de\" target=\"_blank\" rel=\"nofollow\">rolf.winzen@hense-systeme.de<\/a><\/span><\/div><\/span><\/div>\t\t\t\t<\/div>\r\n\t\t\t<\/div><\/div><\/div><div class=\"swiper-pagination\"><\/div><\/div><\/div>\n<\/div><\/div>\n<\/div>\n<\/section>\n<\/section>","protected":false},"excerpt":{"rendered":"","protected":false},"author":1,"featured_media":0,"parent":5818,"menu_order":1,"comment_status":"closed","ping_status":"closed","template":"","meta":{"_acf_changed":false,"_crdt_document":"","footnotes":""},"class_list":{"0":"post-5889","1":"page","2":"type-page","3":"status-publish","5":"no-featured-image-padding"},"acf":[],"yoast_head":"<!-- This site is optimized with the Yoast SEO plugin v27.3 - https:\/\/yoast.com\/product\/yoast-seo-wordpress\/ -->\n<title>Cambiador de herramientas Hense - Procesos de producci\u00f3n eficientes<\/title>\n<meta name=\"description\" content=\"Optimice su producci\u00f3n con el cambiador de herramientas Hense \u2705 Sistemas a medida para cambios r\u00e1pidos y manejo seguro \u2794 Asesoramiento incluido\" \/>\n<meta name=\"robots\" content=\"index, follow, max-snippet:-1, max-image-preview:large, max-video-preview:-1\" \/>\n<link rel=\"canonical\" href=\"https:\/\/hense-systeme.com\/es\/productos\/combinacion-de-elevacion-y-giro\/sistema-de-cambio-de-herramientas\/\" \/>\n<meta property=\"og:locale\" content=\"es_ES\" \/>\n<meta property=\"og:type\" content=\"article\" \/>\n<meta property=\"og:title\" content=\"Cambiador de herramientas Hense - Procesos de producci\u00f3n eficientes\" \/>\n<meta property=\"og:description\" content=\"Optimice su producci\u00f3n con el cambiador de herramientas Hense \u2705 Sistemas a medida para cambios r\u00e1pidos y manejo seguro \u2794 Asesoramiento incluido\" \/>\n<meta property=\"og:url\" content=\"https:\/\/hense-systeme.com\/es\/productos\/combinacion-de-elevacion-y-giro\/sistema-de-cambio-de-herramientas\/\" \/>\n<meta property=\"og:site_name\" content=\"Hense Systemtechnik GmbH &amp; Co. KG\" \/>\n<meta property=\"article:modified_time\" content=\"2024-04-08T11:20:47+00:00\" \/>\n<meta property=\"og:image\" content=\"https:\/\/hense-systeme.com\/wp-content\/uploads\/hsww_werkzeugwechsel-system_01.jpg\" \/>\n<meta name=\"twitter:card\" content=\"summary_large_image\" \/>\n<meta name=\"twitter:label1\" content=\"Tiempo de lectura\" \/>\n\t<meta name=\"twitter:data1\" content=\"1 minuto\" \/>\n<script type=\"application\/ld+json\" class=\"yoast-schema-graph\">{\"@context\":\"https:\\\/\\\/schema.org\",\"@graph\":[{\"@type\":\"WebPage\",\"@id\":\"https:\\\/\\\/hense-systeme.com\\\/es\\\/productos\\\/combinacion-de-elevacion-y-giro\\\/sistema-de-cambio-de-herramientas\\\/\",\"url\":\"https:\\\/\\\/hense-systeme.com\\\/es\\\/productos\\\/combinacion-de-elevacion-y-giro\\\/sistema-de-cambio-de-herramientas\\\/\",\"name\":\"Cambiador de herramientas Hense - Procesos de producci\u00f3n eficientes\",\"isPartOf\":{\"@id\":\"https:\\\/\\\/hense-systeme.com\\\/es\\\/#website\"},\"primaryImageOfPage\":{\"@id\":\"https:\\\/\\\/hense-systeme.com\\\/es\\\/productos\\\/combinacion-de-elevacion-y-giro\\\/sistema-de-cambio-de-herramientas\\\/#primaryimage\"},\"image\":{\"@id\":\"https:\\\/\\\/hense-systeme.com\\\/es\\\/productos\\\/combinacion-de-elevacion-y-giro\\\/sistema-de-cambio-de-herramientas\\\/#primaryimage\"},\"thumbnailUrl\":\"https:\\\/\\\/hense-systeme.com\\\/wp-content\\\/uploads\\\/hsww_werkzeugwechsel-system_01.jpg\",\"datePublished\":\"2024-03-13T13:57:57+00:00\",\"dateModified\":\"2024-04-08T11:20:47+00:00\",\"description\":\"Optimice su producci\u00f3n con el cambiador de herramientas Hense \u2705 Sistemas a medida para cambios r\u00e1pidos y manejo seguro \u2794 Asesoramiento incluido\",\"breadcrumb\":{\"@id\":\"https:\\\/\\\/hense-systeme.com\\\/es\\\/productos\\\/combinacion-de-elevacion-y-giro\\\/sistema-de-cambio-de-herramientas\\\/#breadcrumb\"},\"inLanguage\":\"es\",\"potentialAction\":[{\"@type\":\"ReadAction\",\"target\":[\"https:\\\/\\\/hense-systeme.com\\\/es\\\/productos\\\/combinacion-de-elevacion-y-giro\\\/sistema-de-cambio-de-herramientas\\\/\"]}]},{\"@type\":\"ImageObject\",\"inLanguage\":\"es\",\"@id\":\"https:\\\/\\\/hense-systeme.com\\\/es\\\/productos\\\/combinacion-de-elevacion-y-giro\\\/sistema-de-cambio-de-herramientas\\\/#primaryimage\",\"url\":\"https:\\\/\\\/hense-systeme.com\\\/wp-content\\\/uploads\\\/hsww_werkzeugwechsel-system_01.jpg\",\"contentUrl\":\"https:\\\/\\\/hense-systeme.com\\\/wp-content\\\/uploads\\\/hsww_werkzeugwechsel-system_01.jpg\"},{\"@type\":\"BreadcrumbList\",\"@id\":\"https:\\\/\\\/hense-systeme.com\\\/es\\\/productos\\\/combinacion-de-elevacion-y-giro\\\/sistema-de-cambio-de-herramientas\\\/#breadcrumb\",\"itemListElement\":[{\"@type\":\"ListItem\",\"position\":1,\"name\":\"Startseite\",\"item\":\"https:\\\/\\\/hense-systeme.com\\\/es\\\/\"},{\"@type\":\"ListItem\",\"position\":2,\"name\":\"Productos\",\"item\":\"https:\\\/\\\/hense-systeme.com\\\/es\\\/produkte\\\/\"},{\"@type\":\"ListItem\",\"position\":3,\"name\":\"Combinaci\u00f3n de elevaci\u00f3n y giro\",\"item\":\"https:\\\/\\\/hense-systeme.com\\\/es\\\/productos\\\/combinacion-de-elevacion-y-giro\\\/\"},{\"@type\":\"ListItem\",\"position\":4,\"name\":\"Sistema de cambio de herramientas\"}]},{\"@type\":\"WebSite\",\"@id\":\"https:\\\/\\\/hense-systeme.com\\\/es\\\/#website\",\"url\":\"https:\\\/\\\/hense-systeme.com\\\/es\\\/\",\"name\":\"Hense Systemtechnik GmbH &amp; Co. KG\",\"description\":\"\",\"publisher\":{\"@id\":\"https:\\\/\\\/hense-systeme.com\\\/es\\\/#organization\"},\"potentialAction\":[{\"@type\":\"SearchAction\",\"target\":{\"@type\":\"EntryPoint\",\"urlTemplate\":\"https:\\\/\\\/hense-systeme.com\\\/es\\\/?s={search_term_string}\"},\"query-input\":{\"@type\":\"PropertyValueSpecification\",\"valueRequired\":true,\"valueName\":\"search_term_string\"}}],\"inLanguage\":\"es\"},{\"@type\":\"Organization\",\"@id\":\"https:\\\/\\\/hense-systeme.com\\\/es\\\/#organization\",\"name\":\"Hense Systemtechnik GmbH &amp; Co. KG\",\"url\":\"https:\\\/\\\/hense-systeme.com\\\/es\\\/\",\"logo\":{\"@type\":\"ImageObject\",\"inLanguage\":\"es\",\"@id\":\"https:\\\/\\\/hense-systeme.com\\\/es\\\/#\\\/schema\\\/logo\\\/image\\\/\",\"url\":\"https:\\\/\\\/hense-systeme.com\\\/wp-content\\\/uploads\\\/2024\\\/02\\\/hense_logo.svg\",\"contentUrl\":\"https:\\\/\\\/hense-systeme.com\\\/wp-content\\\/uploads\\\/2024\\\/02\\\/hense_logo.svg\",\"width\":241,\"height\":76,\"caption\":\"Hense Systemtechnik GmbH &amp; Co. KG\"},\"image\":{\"@id\":\"https:\\\/\\\/hense-systeme.com\\\/es\\\/#\\\/schema\\\/logo\\\/image\\\/\"}}]}<\/script>\n<!-- \/ Yoast SEO plugin. -->","yoast_head_json":{"title":"Cambiador de herramientas Hense - Procesos de producci\u00f3n eficientes","description":"Optimice su producci\u00f3n con el cambiador de herramientas Hense \u2705 Sistemas a medida para cambios r\u00e1pidos y manejo seguro \u2794 Asesoramiento incluido","robots":{"index":"index","follow":"follow","max-snippet":"max-snippet:-1","max-image-preview":"max-image-preview:large","max-video-preview":"max-video-preview:-1"},"canonical":"https:\/\/hense-systeme.com\/es\/productos\/combinacion-de-elevacion-y-giro\/sistema-de-cambio-de-herramientas\/","og_locale":"es_ES","og_type":"article","og_title":"Cambiador de herramientas Hense - Procesos de producci\u00f3n eficientes","og_description":"Optimice su producci\u00f3n con el cambiador de herramientas Hense \u2705 Sistemas a medida para cambios r\u00e1pidos y manejo seguro \u2794 Asesoramiento incluido","og_url":"https:\/\/hense-systeme.com\/es\/productos\/combinacion-de-elevacion-y-giro\/sistema-de-cambio-de-herramientas\/","og_site_name":"Hense Systemtechnik GmbH &amp; Co. KG","article_modified_time":"2024-04-08T11:20:47+00:00","og_image":[{"url":"https:\/\/hense-systeme.com\/wp-content\/uploads\/hsww_werkzeugwechsel-system_01.jpg","type":"","width":"","height":""}],"twitter_card":"summary_large_image","twitter_misc":{"Tiempo de lectura":"1 minuto"},"schema":{"@context":"https:\/\/schema.org","@graph":[{"@type":"WebPage","@id":"https:\/\/hense-systeme.com\/es\/productos\/combinacion-de-elevacion-y-giro\/sistema-de-cambio-de-herramientas\/","url":"https:\/\/hense-systeme.com\/es\/productos\/combinacion-de-elevacion-y-giro\/sistema-de-cambio-de-herramientas\/","name":"Cambiador de herramientas Hense - Procesos de producci\u00f3n eficientes","isPartOf":{"@id":"https:\/\/hense-systeme.com\/es\/#website"},"primaryImageOfPage":{"@id":"https:\/\/hense-systeme.com\/es\/productos\/combinacion-de-elevacion-y-giro\/sistema-de-cambio-de-herramientas\/#primaryimage"},"image":{"@id":"https:\/\/hense-systeme.com\/es\/productos\/combinacion-de-elevacion-y-giro\/sistema-de-cambio-de-herramientas\/#primaryimage"},"thumbnailUrl":"https:\/\/hense-systeme.com\/wp-content\/uploads\/hsww_werkzeugwechsel-system_01.jpg","datePublished":"2024-03-13T13:57:57+00:00","dateModified":"2024-04-08T11:20:47+00:00","description":"Optimice su producci\u00f3n con el cambiador de herramientas Hense \u2705 Sistemas a medida para cambios r\u00e1pidos y manejo seguro \u2794 Asesoramiento incluido","breadcrumb":{"@id":"https:\/\/hense-systeme.com\/es\/productos\/combinacion-de-elevacion-y-giro\/sistema-de-cambio-de-herramientas\/#breadcrumb"},"inLanguage":"es","potentialAction":[{"@type":"ReadAction","target":["https:\/\/hense-systeme.com\/es\/productos\/combinacion-de-elevacion-y-giro\/sistema-de-cambio-de-herramientas\/"]}]},{"@type":"ImageObject","inLanguage":"es","@id":"https:\/\/hense-systeme.com\/es\/productos\/combinacion-de-elevacion-y-giro\/sistema-de-cambio-de-herramientas\/#primaryimage","url":"https:\/\/hense-systeme.com\/wp-content\/uploads\/hsww_werkzeugwechsel-system_01.jpg","contentUrl":"https:\/\/hense-systeme.com\/wp-content\/uploads\/hsww_werkzeugwechsel-system_01.jpg"},{"@type":"BreadcrumbList","@id":"https:\/\/hense-systeme.com\/es\/productos\/combinacion-de-elevacion-y-giro\/sistema-de-cambio-de-herramientas\/#breadcrumb","itemListElement":[{"@type":"ListItem","position":1,"name":"Startseite","item":"https:\/\/hense-systeme.com\/es\/"},{"@type":"ListItem","position":2,"name":"Productos","item":"https:\/\/hense-systeme.com\/es\/produkte\/"},{"@type":"ListItem","position":3,"name":"Combinaci\u00f3n de elevaci\u00f3n y giro","item":"https:\/\/hense-systeme.com\/es\/productos\/combinacion-de-elevacion-y-giro\/"},{"@type":"ListItem","position":4,"name":"Sistema de cambio de herramientas"}]},{"@type":"WebSite","@id":"https:\/\/hense-systeme.com\/es\/#website","url":"https:\/\/hense-systeme.com\/es\/","name":"Hense Systemtechnik GmbH &amp; Co. KG","description":"","publisher":{"@id":"https:\/\/hense-systeme.com\/es\/#organization"},"potentialAction":[{"@type":"SearchAction","target":{"@type":"EntryPoint","urlTemplate":"https:\/\/hense-systeme.com\/es\/?s={search_term_string}"},"query-input":{"@type":"PropertyValueSpecification","valueRequired":true,"valueName":"search_term_string"}}],"inLanguage":"es"},{"@type":"Organization","@id":"https:\/\/hense-systeme.com\/es\/#organization","name":"Hense Systemtechnik GmbH &amp; Co. KG","url":"https:\/\/hense-systeme.com\/es\/","logo":{"@type":"ImageObject","inLanguage":"es","@id":"https:\/\/hense-systeme.com\/es\/#\/schema\/logo\/image\/","url":"https:\/\/hense-systeme.com\/wp-content\/uploads\/2024\/02\/hense_logo.svg","contentUrl":"https:\/\/hense-systeme.com\/wp-content\/uploads\/2024\/02\/hense_logo.svg","width":241,"height":76,"caption":"Hense Systemtechnik GmbH &amp; Co. KG"},"image":{"@id":"https:\/\/hense-systeme.com\/es\/#\/schema\/logo\/image\/"}}]}},"_links":{"self":[{"href":"https:\/\/hense-systeme.com\/es\/wp-json\/wp\/v2\/pages\/5889","targetHints":{"allow":["GET"]}}],"collection":[{"href":"https:\/\/hense-systeme.com\/es\/wp-json\/wp\/v2\/pages"}],"about":[{"href":"https:\/\/hense-systeme.com\/es\/wp-json\/wp\/v2\/types\/page"}],"author":[{"embeddable":true,"href":"https:\/\/hense-systeme.com\/es\/wp-json\/wp\/v2\/users\/1"}],"replies":[{"embeddable":true,"href":"https:\/\/hense-systeme.com\/es\/wp-json\/wp\/v2\/comments?post=5889"}],"version-history":[{"count":2,"href":"https:\/\/hense-systeme.com\/es\/wp-json\/wp\/v2\/pages\/5889\/revisions"}],"predecessor-version":[{"id":8332,"href":"https:\/\/hense-systeme.com\/es\/wp-json\/wp\/v2\/pages\/5889\/revisions\/8332"}],"up":[{"embeddable":true,"href":"https:\/\/hense-systeme.com\/es\/wp-json\/wp\/v2\/pages\/5818"}],"wp:attachment":[{"href":"https:\/\/hense-systeme.com\/es\/wp-json\/wp\/v2\/media?parent=5889"}],"curies":[{"name":"wp","href":"https:\/\/api.w.org\/{rel}","templated":true}]}}