{"id":5896,"date":"2024-02-09T13:03:49","date_gmt":"2024-02-09T12:03:49","guid":{"rendered":"https:\/\/hense.pixel-tal.de\/energias-renovables\/"},"modified":"2024-04-29T13:08:27","modified_gmt":"2024-04-29T11:08:27","slug":"energias-renovables","status":"publish","type":"page","link":"https:\/\/hense-systeme.com\/es\/industrias\/energias-renovables\/","title":{"rendered":"Energ\u00edas renovables"},"content":{"rendered":"<section id=\"84bdb7d4\" class=\"hero hero-84bdb7d4 hero--text\" data-theme=\"dark\">\n\t\t\t\t\t\t\t\t<div class=\"acf-innerblocks-container\">\n\r\n\t\t\t       \r\n                    \r\n            <div id=\"5d2e65f7\" class=\"hero-item hero-item-5d2e65f7 hero-item--superponer hero-item--image\">\r\n\t\t\t\t<div class=\"hero-canvas\">\r\n\t\t\t\t\t<div class=\"acf-innerblocks-container\">\n<div id=\"1240fb28\" class=\"gb-container gb-container-1240fb28\" data-container-type=\"container\" data-theme=\"inherit\" data-aos=\"fade-up\">\n\n<div class=\"wp-block-pixel-headline headlines --subheadline-top has-text-align-center\"><h1 class=\"headline\" style=\"color:var(--base-3)\"><strong>Renovables<\/strong><br>Energ\u00edas<\/h1><span class=\"subheadline\" style=\"color:\">Control de movimiento fiable<\/span><\/div>\n\n<\/div>\n<\/div>\r\n\t\t\t\t<\/div>\r\n\t\t\t\t<div class=\"hero-media hero-media-image\"><img loading=\"lazy\" decoding=\"async\" width=\"1920\" height=\"600\" src=\"https:\/\/hense-systeme.com\/wp-content\/uploads\/kopfbild_erneuerbare-energien.jpg\" class=\"attachment-full size-full\" alt=\"\" srcset=\"https:\/\/hense-systeme.com\/wp-content\/uploads\/kopfbild_erneuerbare-energien.jpg 1920w, https:\/\/hense-systeme.com\/wp-content\/uploads\/kopfbild_erneuerbare-energien-300x94.jpg 300w, https:\/\/hense-systeme.com\/wp-content\/uploads\/kopfbild_erneuerbare-energien-1024x320.jpg 1024w, https:\/\/hense-systeme.com\/wp-content\/uploads\/kopfbild_erneuerbare-energien-768x240.jpg 768w, https:\/\/hense-systeme.com\/wp-content\/uploads\/kopfbild_erneuerbare-energien-1536x480.jpg 1536w, https:\/\/hense-systeme.com\/wp-content\/uploads\/kopfbild_erneuerbare-energien-1x1.jpg 1w\" sizes=\"auto, (max-width: 1920px) 100vw, 1920px\" \/><\/div>            <\/div>\r\n\t\t\t\t\r\n            \r\n\t\t\t\r\n        \r\n            \n<\/div>\n\t\t\t\t\t\t\t\t\t\t\t\t<div id=\"start\"><\/div>\n\t\t\t<\/section>\n\t\t\t\t\n\t\t\t\n\t\t\t        \n            <section id=\"b6a6500f\" class=\"gb-section gb-container gb-container-b6a6500f\" data-container-type=\"section\" data-theme=\"dark\">\n<section id=\"cfe90332\" class=\"gb-inner-section gb-container gb-container-cfe90332\" data-container-type=\"container\" data-theme=\"inherit\">\n<div class=\"gb-grid-wrapper gb-grid-wrapper-e7261f94\">\n<div class=\"gb-grid-column gb-grid-column-32f3d6d6\"><div id=\"32f3d6d6\" class=\"gb-container gb-container-32f3d6d6\" data-container-type=\"container\" data-theme=\"inherit\" data-aos=\"fade-right\">\n\n<div class=\"wp-block-pixel-headline headlines --subheadline-top has-text-align-left\"><h2 class=\"headline\" style=\"color:\"><strong>Control fiable del movimiento<\/strong> en los aerogeneradores modernos<\/h2><span class=\"subheadline\" style=\"color:\">Productos Hense Systeme Contribuye a la transici\u00f3n energ\u00e9tica<\/span><\/div>\n\n\n\n<p class=\"wp-block-paragraph\">La posici\u00f3n de las palas del rotor en los aerogeneradores desempe\u00f1a un papel clave en la generaci\u00f3n eficiente de energ\u00eda. Durante el control del paso, las palas del rotor se alinean con precisi\u00f3n con las condiciones actuales del viento mediante motores giratorios Hense Systeme.<\/p>\n\n\n\n<p class=\"wp-block-paragraph\">Los motores basculantes de Hense Systeme tambi\u00e9n se utilizan antes de instalar las cajas de engranajes en las g\u00f3ndolas de los aerogeneradores. Antes de entregar los reductores, los fabricantes los prueban exhaustivamente en bancos de pruebas especialmente dise\u00f1ados para garantizar su perfecto funcionamiento, en los que la pieza central suele ser un motorreductor giratorio de Hense Systeme. Esto simula de forma realista las cargas variables que act\u00faan sobre las cajas de engranajes debido a la energ\u00eda e\u00f3lica.<\/p>\n\n\n\n<a class=\"gb-button gb-button-a8687c6f gb-button-text gb-button-default\" href=\"#contact\">P\u00f3ngase en contacto con nosotros<\/a>\n\n<\/div><\/div>\n\n<div class=\"gb-grid-column gb-grid-column-09ecf06b\"><div id=\"09ecf06b\" class=\"gb-container gb-container-09ecf06b\" data-container-type=\"container\" data-theme=\"inherit\" data-aos=\"fade-left\">\n\n<figure class=\"gb-block-image gb-block-image-6ad14fae\"><img loading=\"lazy\" decoding=\"async\" width=\"990\" height=\"660\" class=\"gb-image gb-image-6ad14fae\" src=\"https:\/\/hense-systeme.com\/wp-content\/uploads\/windenergie.png\" alt=\"\" title=\"energ\u00eda e\u00f3lica\" srcset=\"https:\/\/hense-systeme.com\/wp-content\/uploads\/windenergie.png 990w, https:\/\/hense-systeme.com\/wp-content\/uploads\/windenergie-300x200.png 300w, https:\/\/hense-systeme.com\/wp-content\/uploads\/windenergie-768x512.png 768w, https:\/\/hense-systeme.com\/wp-content\/uploads\/windenergie-1x1.png 1w\" sizes=\"auto, (max-width: 990px) 100vw, 990px\" \/><\/figure>\n\n<\/div><\/div>\n<\/div>\n<\/section>\n<\/section><section id=\"68dbba03\" class=\"gb-section gb-container gb-container-68dbba03 alignfull\" data-container-type=\"section\" data-theme=\"dark\">\n<section id=\"7b3addc3\" class=\"gb-inner-section gb-container gb-container-7b3addc3\" data-container-type=\"container\" data-theme=\"inherit\">\n<div class=\"gb-grid-wrapper gb-grid-wrapper-c4fe89e5\">\n<div class=\"gb-grid-column gb-grid-column-d6171046\"><div id=\"d6171046\" class=\"gb-container gb-container-d6171046\" data-container-type=\"container\" data-theme=\"inherit\" data-aos=\"fade-up\">\n\n<div class=\"wp-block-pixel-headline headlines --subheadline-top has-text-align-center\"><h2 class=\"headline\" style=\"color:\"><strong>Resumen de productos para<\/strong><br>Energ\u00edas renovables<\/h2><span class=\"subheadline\" style=\"color:\">DESCUBRA productos para esta industria<\/span><\/div>\n\n<\/div><\/div>\n<\/div>\n<\/section>\n<\/section><section id=\"bb12d332\" class=\"gb-section gb-container gb-container-bb12d332 gb-container-bg-radial-gradient-blue\" data-container-type=\"section\" data-theme=\"dark\">\n<section id=\"2c716519\" class=\"gb-inner-section gb-container gb-container-2c716519\" data-container-type=\"container\" data-theme=\"inherit\">\n<div class=\"gb-grid-wrapper gb-grid-wrapper-c271ca96\">\n<div class=\"gb-grid-column gb-grid-column-22e6f638\"><div id=\"22e6f638\" class=\"gb-container gb-container-22e6f638\" data-container-type=\"container\" data-theme=\"inherit\" data-aos=\"fade-up\" data-aos-delay=\"200\">\n\n\t\t\t \n\t\t\t\t\n\t\t\t\t<p>No se han encontrado art\u00edculos.<\/p>\n\t\t\t\t\n\t\t\t\t\t\t\t\n\t\t\t\n            <!-- end:grid -->\n        \n            \n<\/div><\/div>\n<\/div>\n<\/section>\n<\/section><section id=\"contact\" class=\"gb-section gb-container gb-container-c33659b1\" data-container-type=\"section\" data-theme=\"dark\">\n<section id=\"40231590\" class=\"gb-inner-section gb-container gb-container-40231590\" data-container-type=\"container\" data-theme=\"inherit\">\n<div class=\"gb-grid-wrapper gb-grid-wrapper-b5d201f1\">\n<div class=\"gb-grid-column gb-grid-column-00d70859\"><div id=\"00d70859\" class=\"gb-container gb-container-00d70859\" data-container-type=\"container\" data-theme=\"inherit\" data-aos=\"fade-up\">\n\n<div class=\"wp-block-pixel-headline headlines --subheadline-top has-text-align-left\"><h2 class=\"headline\" style=\"color:\"><strong>Para asesoramiento individual<\/strong><br>estamos a su disposici\u00f3n<\/h2><span class=\"subheadline\" style=\"color:\">\u00bfTiene alguna otra pregunta?<\/span><\/div>\n\n<\/div><\/div>\n\n<div class=\"gb-grid-column gb-grid-column-64e43af8\"><div id=\"64e43af8\" class=\"gb-container gb-container-64e43af8\" data-container-type=\"container\" data-theme=\"inherit\" data-aos=\"fade-right\">\n<div class=\"contact-area\" style=\"--contacts-count:1;\"><div id=\"contact\" class=\"contact-area-form\">\n<div class=\"wpcf7 no-js\" id=\"wpcf7-f6334-o1\" lang=\"es-ES\" dir=\"ltr\" data-wpcf7-id=\"6334\">\n<div class=\"screen-reader-response\"><p role=\"status\" aria-live=\"polite\" aria-atomic=\"true\"><\/p> <ul><\/ul><\/div>\n<form action=\"\/es\/wp-json\/wp\/v2\/pages\/5896#wpcf7-f6334-o1\" method=\"post\" class=\"wpcf7-form init\" aria-label=\"Formulario de contacto\" novalidate=\"novalidate\" data-status=\"init\">\n<fieldset class=\"hidden-fields-container\"><input type=\"hidden\" name=\"_wpcf7\" value=\"6334\" \/><input type=\"hidden\" name=\"_wpcf7_version\" value=\"6.1.5\" \/><input type=\"hidden\" name=\"_wpcf7_locale\" value=\"es_ES\" \/><input type=\"hidden\" name=\"_wpcf7_unit_tag\" value=\"wpcf7-f6334-o1\" \/><input type=\"hidden\" name=\"_wpcf7_container_post\" value=\"0\" \/><input type=\"hidden\" name=\"_wpcf7_posted_data_hash\" value=\"\" \/><input type=\"hidden\" name=\"_wpcf7_recaptcha_response\" value=\"\" \/>\n<\/fieldset>\n<div class=\"form-fields\">\n    <div class=\"form-field\"><label>Nombre completo<\/label><span class=\"wpcf7-form-control-wrap\" data-name=\"name\"><input size=\"40\" maxlength=\"400\" class=\"wpcf7-form-control wpcf7-text wpcf7-validates-as-required\" aria-required=\"true\" aria-invalid=\"false\" value=\"\" type=\"text\" name=\"name\" \/><\/span><\/div>\n    <div class=\"form-field\"><label>La empresa<\/label><span class=\"wpcf7-form-control-wrap\" data-name=\"company\"><input size=\"40\" maxlength=\"400\" class=\"wpcf7-form-control wpcf7-text\" aria-invalid=\"false\" value=\"\" type=\"text\" name=\"company\" \/><\/span><\/div>\n    <div class=\"form-field\"><label>Posici\u00f3n<\/label><span class=\"wpcf7-form-control-wrap\" data-name=\"pos\"><input size=\"40\" maxlength=\"400\" class=\"wpcf7-form-control wpcf7-text\" aria-invalid=\"false\" value=\"\" type=\"text\" name=\"pos\" \/><\/span><\/div>\n    <div class=\"form-field\"><label>e-mail*<\/label><span class=\"wpcf7-form-control-wrap\" data-name=\"mail\"><input size=\"40\" maxlength=\"400\" class=\"wpcf7-form-control wpcf7-email wpcf7-validates-as-required wpcf7-text wpcf7-validates-as-email\" aria-required=\"true\" aria-invalid=\"false\" value=\"\" type=\"email\" name=\"mail\" \/><\/span><\/div>\n    <div class=\"form-field\"><label>Tel\u00e9fono<\/label><span class=\"wpcf7-form-control-wrap\" data-name=\"phone\"><input size=\"40\" maxlength=\"400\" class=\"wpcf7-form-control wpcf7-text\" aria-invalid=\"false\" value=\"\" type=\"text\" name=\"phone\" \/><\/span><\/div>\n    <div class=\"form-field textarea\"><label>Su mensaje<\/label><span class=\"wpcf7-form-control-wrap\" data-name=\"message\"><textarea cols=\"40\" rows=\"10\" maxlength=\"2000\" class=\"wpcf7-form-control wpcf7-textarea\" aria-invalid=\"false\" name=\"message\"><\/textarea><\/span><\/div>\n<\/div>\n\n<span class=\"required\">* Campos obligatorios<\/span>\n<div class=\"form-fields form-footer\">\n<div class=\"form-privacy\"><span class=\"wpcf7-form-control-wrap\" data-name=\"ds\"><span class=\"wpcf7-form-control wpcf7-acceptance\"><span class=\"wpcf7-list-item\"><input type=\"checkbox\" name=\"ds\" value=\"1\" aria-invalid=\"false\" \/><\/span><\/span><\/span><span class=\"privacy-policy-note\">Acepto la <a href=\"\/rechtliches\/datenschutz\/\" target=\"_blank\">pol\u00edtica de privacidad<\/a>. Este formulario est\u00e1 protegido por Google reCaptcha.<\/span><\/div>\n\n<\/div>\n<div class=\"form-submit\"><button id=\"submit\" class=\"wpcf7-form-control wpcf7-submit\">Env\u00edo de<\/button><\/div><div class=\"wpcf7-response-output\" aria-hidden=\"true\"><\/div>\n<\/form>\n<\/div>\n<\/div><div id=\"\" class=\"grid grid-contacts contact-area-contacts\" style=\"--grid-columns:3;--grid-gap:2.5;\"><div class=\"grid-inner\"><div class=\"grid-item\"><div class=\"card card-contact card-contact-6300\" >\r\n\t\t\t\t<div class=\"card-media\"><img loading=\"lazy\" decoding=\"async\" width=\"730\" height=\"570\" src=\"https:\/\/hense-systeme.com\/wp-content\/uploads\/Hense_Lukas_Ostrzolek_neu.jpg\" class=\"attachment-contact size-contact\" alt=\"\" srcset=\"https:\/\/hense-systeme.com\/wp-content\/uploads\/Hense_Lukas_Ostrzolek_neu.jpg 730w, https:\/\/hense-systeme.com\/wp-content\/uploads\/Hense_Lukas_Ostrzolek_neu-300x234.jpg 300w, https:\/\/hense-systeme.com\/wp-content\/uploads\/Hense_Lukas_Ostrzolek_neu-1x1.jpg 1w\" sizes=\"auto, (max-width: 730px) 100vw, 730px\" \/><\/div>\t\t\t\t\r\n\t\t\t\t<div class=\"card-content\">\r\n\t\t\t\t\t<div class=\"card-inner\">\r\n\t\t\t\t\t\t<div class=\"card-headlines headlines --subheadline-bottom\"><span class=\"card-headline headline --h3\">Lukas Ostrzolek<\/span><span class=\"card-subheadline subheadline\">Gesti\u00f3n de ventas<\/span><\/div>\t\t\t\t\t<\/div>\r\n\r\n\t\t\t\t\t<div class=\"card-action team-information\"><span class=\"card-line card-line-contact\"><div class=\"card-action\"><span class=\"card-line card-line-phone\"><span>Tel: <\/span><a href=\"tel:0234-95388-33\" target=\"_blank\" rel=\"nofollow\">0234 &#8211; 95388 &#8211; 33<\/a><\/span><span class=\"card-line card-line-email\"><a href=\"mailto:lukas.ostrzolek@hense-systeme.de\" target=\"_blank\" rel=\"nofollow\">lukas.ostrzolek@hense-systeme.de<\/a><\/span><\/div><\/span><\/div>\t\t\t\t<\/div>\r\n\t\t\t<\/div><\/div><\/div><div class=\"swiper-pagination\"><\/div><\/div><\/div>\n<\/div><\/div>\n<\/div>\n<\/section>\n<\/section>","protected":false},"excerpt":{"rendered":"","protected":false},"author":1,"featured_media":5927,"parent":5950,"menu_order":2,"comment_status":"closed","ping_status":"closed","template":"","meta":{"_acf_changed":false,"_crdt_document":"","footnotes":""},"class_list":{"0":"post-5896","1":"page","2":"type-page","3":"status-publish","4":"has-post-thumbnail","6":"no-featured-image-padding"},"acf":[],"yoast_head":"<!-- This site is optimized with the Yoast SEO plugin v27.3 - https:\/\/yoast.com\/product\/yoast-seo-wordpress\/ -->\n<title>Motores giratorios para aerogeneradores de Hense<\/title>\n<meta name=\"description\" content=\"Optimice la posici\u00f3n de las palas del rotor de sus aerogeneradores con los motores giratorios Hense para obtener la m\u00e1xima eficiencia energ\u00e9tica \u2794 Desarrolle su soluci\u00f3n con nosotros\" \/>\n<meta name=\"robots\" content=\"index, follow, max-snippet:-1, max-image-preview:large, max-video-preview:-1\" \/>\n<link rel=\"canonical\" href=\"https:\/\/hense-systeme.com\/es\/industrias\/energias-renovables\/\" \/>\n<meta property=\"og:locale\" content=\"es_ES\" \/>\n<meta property=\"og:type\" content=\"article\" \/>\n<meta property=\"og:title\" content=\"Motores giratorios para aerogeneradores de Hense\" \/>\n<meta property=\"og:description\" content=\"Optimice la posici\u00f3n de las palas del rotor de sus aerogeneradores con los motores giratorios Hense para obtener la m\u00e1xima eficiencia energ\u00e9tica \u2794 Desarrolle su soluci\u00f3n con nosotros\" \/>\n<meta property=\"og:url\" content=\"https:\/\/hense-systeme.com\/es\/industrias\/energias-renovables\/\" \/>\n<meta property=\"og:site_name\" content=\"Hense Systemtechnik GmbH &amp; Co. KG\" \/>\n<meta property=\"article:modified_time\" content=\"2024-04-29T11:08:27+00:00\" \/>\n<meta property=\"og:image\" content=\"https:\/\/hense-systeme.com\/wp-content\/uploads\/branchen_bauelemente.jpg\" \/>\n\t<meta property=\"og:image:width\" content=\"730\" \/>\n\t<meta property=\"og:image:height\" content=\"803\" \/>\n\t<meta property=\"og:image:type\" content=\"image\/jpeg\" \/>\n<meta name=\"twitter:card\" content=\"summary_large_image\" \/>\n<meta name=\"twitter:label1\" content=\"Tiempo de lectura\" \/>\n\t<meta name=\"twitter:data1\" content=\"2 minutos\" \/>\n<script type=\"application\/ld+json\" class=\"yoast-schema-graph\">{\"@context\":\"https:\\\/\\\/schema.org\",\"@graph\":[{\"@type\":\"WebPage\",\"@id\":\"https:\\\/\\\/hense-systeme.com\\\/es\\\/industrias\\\/energias-renovables\\\/\",\"url\":\"https:\\\/\\\/hense-systeme.com\\\/es\\\/industrias\\\/energias-renovables\\\/\",\"name\":\"Motores giratorios para aerogeneradores de Hense\",\"isPartOf\":{\"@id\":\"https:\\\/\\\/hense-systeme.com\\\/es\\\/#website\"},\"primaryImageOfPage\":{\"@id\":\"https:\\\/\\\/hense-systeme.com\\\/es\\\/industrias\\\/energias-renovables\\\/#primaryimage\"},\"image\":{\"@id\":\"https:\\\/\\\/hense-systeme.com\\\/es\\\/industrias\\\/energias-renovables\\\/#primaryimage\"},\"thumbnailUrl\":\"https:\\\/\\\/hense-systeme.com\\\/wp-content\\\/uploads\\\/branchen_bauelemente.jpg\",\"datePublished\":\"2024-02-09T12:03:49+00:00\",\"dateModified\":\"2024-04-29T11:08:27+00:00\",\"description\":\"Optimice la posici\u00f3n de las palas del rotor de sus aerogeneradores con los motores giratorios Hense para obtener la m\u00e1xima eficiencia energ\u00e9tica \u2794 Desarrolle su soluci\u00f3n con nosotros\",\"breadcrumb\":{\"@id\":\"https:\\\/\\\/hense-systeme.com\\\/es\\\/industrias\\\/energias-renovables\\\/#breadcrumb\"},\"inLanguage\":\"es\",\"potentialAction\":[{\"@type\":\"ReadAction\",\"target\":[\"https:\\\/\\\/hense-systeme.com\\\/es\\\/industrias\\\/energias-renovables\\\/\"]}]},{\"@type\":\"ImageObject\",\"inLanguage\":\"es\",\"@id\":\"https:\\\/\\\/hense-systeme.com\\\/es\\\/industrias\\\/energias-renovables\\\/#primaryimage\",\"url\":\"https:\\\/\\\/hense-systeme.com\\\/wp-content\\\/uploads\\\/branchen_bauelemente.jpg\",\"contentUrl\":\"https:\\\/\\\/hense-systeme.com\\\/wp-content\\\/uploads\\\/branchen_bauelemente.jpg\",\"width\":730,\"height\":803},{\"@type\":\"BreadcrumbList\",\"@id\":\"https:\\\/\\\/hense-systeme.com\\\/es\\\/industrias\\\/energias-renovables\\\/#breadcrumb\",\"itemListElement\":[{\"@type\":\"ListItem\",\"position\":1,\"name\":\"Startseite\",\"item\":\"https:\\\/\\\/hense-systeme.com\\\/es\\\/\"},{\"@type\":\"ListItem\",\"position\":2,\"name\":\"Industrias\",\"item\":\"https:\\\/\\\/hense-systeme.com\\\/es\\\/branchen\\\/\"},{\"@type\":\"ListItem\",\"position\":3,\"name\":\"Energ\u00edas renovables\"}]},{\"@type\":\"WebSite\",\"@id\":\"https:\\\/\\\/hense-systeme.com\\\/es\\\/#website\",\"url\":\"https:\\\/\\\/hense-systeme.com\\\/es\\\/\",\"name\":\"Hense Systemtechnik GmbH &amp; Co. KG\",\"description\":\"\",\"publisher\":{\"@id\":\"https:\\\/\\\/hense-systeme.com\\\/es\\\/#organization\"},\"potentialAction\":[{\"@type\":\"SearchAction\",\"target\":{\"@type\":\"EntryPoint\",\"urlTemplate\":\"https:\\\/\\\/hense-systeme.com\\\/es\\\/?s={search_term_string}\"},\"query-input\":{\"@type\":\"PropertyValueSpecification\",\"valueRequired\":true,\"valueName\":\"search_term_string\"}}],\"inLanguage\":\"es\"},{\"@type\":\"Organization\",\"@id\":\"https:\\\/\\\/hense-systeme.com\\\/es\\\/#organization\",\"name\":\"Hense Systemtechnik GmbH &amp; Co. KG\",\"url\":\"https:\\\/\\\/hense-systeme.com\\\/es\\\/\",\"logo\":{\"@type\":\"ImageObject\",\"inLanguage\":\"es\",\"@id\":\"https:\\\/\\\/hense-systeme.com\\\/es\\\/#\\\/schema\\\/logo\\\/image\\\/\",\"url\":\"https:\\\/\\\/hense-systeme.com\\\/wp-content\\\/uploads\\\/2024\\\/02\\\/hense_logo.svg\",\"contentUrl\":\"https:\\\/\\\/hense-systeme.com\\\/wp-content\\\/uploads\\\/2024\\\/02\\\/hense_logo.svg\",\"width\":241,\"height\":76,\"caption\":\"Hense Systemtechnik GmbH &amp; Co. KG\"},\"image\":{\"@id\":\"https:\\\/\\\/hense-systeme.com\\\/es\\\/#\\\/schema\\\/logo\\\/image\\\/\"}}]}<\/script>\n<!-- \/ Yoast SEO plugin. -->","yoast_head_json":{"title":"Motores giratorios para aerogeneradores de Hense","description":"Optimice la posici\u00f3n de las palas del rotor de sus aerogeneradores con los motores giratorios Hense para obtener la m\u00e1xima eficiencia energ\u00e9tica \u2794 Desarrolle su soluci\u00f3n con nosotros","robots":{"index":"index","follow":"follow","max-snippet":"max-snippet:-1","max-image-preview":"max-image-preview:large","max-video-preview":"max-video-preview:-1"},"canonical":"https:\/\/hense-systeme.com\/es\/industrias\/energias-renovables\/","og_locale":"es_ES","og_type":"article","og_title":"Motores giratorios para aerogeneradores de Hense","og_description":"Optimice la posici\u00f3n de las palas del rotor de sus aerogeneradores con los motores giratorios Hense para obtener la m\u00e1xima eficiencia energ\u00e9tica \u2794 Desarrolle su soluci\u00f3n con nosotros","og_url":"https:\/\/hense-systeme.com\/es\/industrias\/energias-renovables\/","og_site_name":"Hense Systemtechnik GmbH &amp; Co. KG","article_modified_time":"2024-04-29T11:08:27+00:00","og_image":[{"width":730,"height":803,"url":"https:\/\/hense-systeme.com\/wp-content\/uploads\/branchen_bauelemente.jpg","type":"image\/jpeg"}],"twitter_card":"summary_large_image","twitter_misc":{"Tiempo de lectura":"2 minutos"},"schema":{"@context":"https:\/\/schema.org","@graph":[{"@type":"WebPage","@id":"https:\/\/hense-systeme.com\/es\/industrias\/energias-renovables\/","url":"https:\/\/hense-systeme.com\/es\/industrias\/energias-renovables\/","name":"Motores giratorios para aerogeneradores de Hense","isPartOf":{"@id":"https:\/\/hense-systeme.com\/es\/#website"},"primaryImageOfPage":{"@id":"https:\/\/hense-systeme.com\/es\/industrias\/energias-renovables\/#primaryimage"},"image":{"@id":"https:\/\/hense-systeme.com\/es\/industrias\/energias-renovables\/#primaryimage"},"thumbnailUrl":"https:\/\/hense-systeme.com\/wp-content\/uploads\/branchen_bauelemente.jpg","datePublished":"2024-02-09T12:03:49+00:00","dateModified":"2024-04-29T11:08:27+00:00","description":"Optimice la posici\u00f3n de las palas del rotor de sus aerogeneradores con los motores giratorios Hense para obtener la m\u00e1xima eficiencia energ\u00e9tica \u2794 Desarrolle su soluci\u00f3n con nosotros","breadcrumb":{"@id":"https:\/\/hense-systeme.com\/es\/industrias\/energias-renovables\/#breadcrumb"},"inLanguage":"es","potentialAction":[{"@type":"ReadAction","target":["https:\/\/hense-systeme.com\/es\/industrias\/energias-renovables\/"]}]},{"@type":"ImageObject","inLanguage":"es","@id":"https:\/\/hense-systeme.com\/es\/industrias\/energias-renovables\/#primaryimage","url":"https:\/\/hense-systeme.com\/wp-content\/uploads\/branchen_bauelemente.jpg","contentUrl":"https:\/\/hense-systeme.com\/wp-content\/uploads\/branchen_bauelemente.jpg","width":730,"height":803},{"@type":"BreadcrumbList","@id":"https:\/\/hense-systeme.com\/es\/industrias\/energias-renovables\/#breadcrumb","itemListElement":[{"@type":"ListItem","position":1,"name":"Startseite","item":"https:\/\/hense-systeme.com\/es\/"},{"@type":"ListItem","position":2,"name":"Industrias","item":"https:\/\/hense-systeme.com\/es\/branchen\/"},{"@type":"ListItem","position":3,"name":"Energ\u00edas renovables"}]},{"@type":"WebSite","@id":"https:\/\/hense-systeme.com\/es\/#website","url":"https:\/\/hense-systeme.com\/es\/","name":"Hense Systemtechnik GmbH &amp; Co. KG","description":"","publisher":{"@id":"https:\/\/hense-systeme.com\/es\/#organization"},"potentialAction":[{"@type":"SearchAction","target":{"@type":"EntryPoint","urlTemplate":"https:\/\/hense-systeme.com\/es\/?s={search_term_string}"},"query-input":{"@type":"PropertyValueSpecification","valueRequired":true,"valueName":"search_term_string"}}],"inLanguage":"es"},{"@type":"Organization","@id":"https:\/\/hense-systeme.com\/es\/#organization","name":"Hense Systemtechnik GmbH &amp; Co. KG","url":"https:\/\/hense-systeme.com\/es\/","logo":{"@type":"ImageObject","inLanguage":"es","@id":"https:\/\/hense-systeme.com\/es\/#\/schema\/logo\/image\/","url":"https:\/\/hense-systeme.com\/wp-content\/uploads\/2024\/02\/hense_logo.svg","contentUrl":"https:\/\/hense-systeme.com\/wp-content\/uploads\/2024\/02\/hense_logo.svg","width":241,"height":76,"caption":"Hense Systemtechnik GmbH &amp; Co. KG"},"image":{"@id":"https:\/\/hense-systeme.com\/es\/#\/schema\/logo\/image\/"}}]}},"_links":{"self":[{"href":"https:\/\/hense-systeme.com\/es\/wp-json\/wp\/v2\/pages\/5896","targetHints":{"allow":["GET"]}}],"collection":[{"href":"https:\/\/hense-systeme.com\/es\/wp-json\/wp\/v2\/pages"}],"about":[{"href":"https:\/\/hense-systeme.com\/es\/wp-json\/wp\/v2\/types\/page"}],"author":[{"embeddable":true,"href":"https:\/\/hense-systeme.com\/es\/wp-json\/wp\/v2\/users\/1"}],"replies":[{"embeddable":true,"href":"https:\/\/hense-systeme.com\/es\/wp-json\/wp\/v2\/comments?post=5896"}],"version-history":[{"count":6,"href":"https:\/\/hense-systeme.com\/es\/wp-json\/wp\/v2\/pages\/5896\/revisions"}],"predecessor-version":[{"id":9105,"href":"https:\/\/hense-systeme.com\/es\/wp-json\/wp\/v2\/pages\/5896\/revisions\/9105"}],"up":[{"embeddable":true,"href":"https:\/\/hense-systeme.com\/es\/wp-json\/wp\/v2\/pages\/5950"}],"wp:featuredmedia":[{"embeddable":true,"href":"https:\/\/hense-systeme.com\/es\/wp-json\/wp\/v2\/media\/5927"}],"wp:attachment":[{"href":"https:\/\/hense-systeme.com\/es\/wp-json\/wp\/v2\/media?parent=5896"}],"curies":[{"name":"wp","href":"https:\/\/api.w.org\/{rel}","templated":true}]}}