{"id":6055,"date":"2024-02-09T09:20:11","date_gmt":"2024-02-09T08:20:11","guid":{"rendered":"https:\/\/hense.pixel-tal.de\/equipo\/"},"modified":"2025-03-26T10:08:29","modified_gmt":"2025-03-26T09:08:29","slug":"equipo","status":"publish","type":"page","link":"https:\/\/hense-systeme.com\/es\/la-empresa\/equipo\/","title":{"rendered":"Equipo"},"content":{"rendered":"<section id=\"ee1e0991\" class=\"hero hero-ee1e0991 hero--text\" data-theme=\"dark\">\n\t\t\t\t\t\t\t\t<div class=\"acf-innerblocks-container\">\n\r\n\t\t\t       \r\n                    \r\n            <div id=\"0c1a363c\" class=\"hero-item hero-item-0c1a363c hero-item--overlay hero-item--image\">\r\n\t\t\t\t<div class=\"hero-canvas\">\r\n\t\t\t\t\t<div class=\"acf-innerblocks-container\">\n<div id=\"1240fb28\" class=\"gb-container gb-container-1240fb28\" data-container-type=\"container\" data-theme=\"inherit\" data-aos=\"fade-up\">\n\n<div class=\"wp-block-pixel-headline headlines --subheadline-top has-text-align-center\"><h1 class=\"headline\" style=\"color:var(--base-3)\"><strong>Nuestra<\/strong><br>Equipo<\/h1><span class=\"subheadline\" style=\"color:\">Con\u00f3zcanos<\/span><\/div>\n\n<\/div>\n<\/div>\r\n\t\t\t\t<\/div>\r\n\t\t\t\t<div class=\"hero-media hero-media-image\"><img loading=\"lazy\" decoding=\"async\" width=\"1920\" height=\"500\" src=\"https:\/\/hense-systeme.com\/wp-content\/uploads\/kopfbild_team.jpg\" class=\"attachment-full size-full\" alt=\"\" srcset=\"https:\/\/hense-systeme.com\/wp-content\/uploads\/kopfbild_team.jpg 1920w, https:\/\/hense-systeme.com\/wp-content\/uploads\/kopfbild_team-300x78.jpg 300w, https:\/\/hense-systeme.com\/wp-content\/uploads\/kopfbild_team-1024x267.jpg 1024w, https:\/\/hense-systeme.com\/wp-content\/uploads\/kopfbild_team-768x200.jpg 768w, https:\/\/hense-systeme.com\/wp-content\/uploads\/kopfbild_team-1536x400.jpg 1536w, https:\/\/hense-systeme.com\/wp-content\/uploads\/kopfbild_team-1x1.jpg 1w\" sizes=\"auto, (max-width: 1920px) 100vw, 1920px\" \/><\/div>            <\/div>\r\n\t\t\t\t\r\n            \r\n\t\t\t\r\n        \r\n            \n<\/div>\n\t\t\t\t\t\t\t\t\t\t\t\t<div id=\"start\"><\/div>\n\t\t\t<\/section>\n\t\t\t\t\n\t\t\t\n\t\t\t        \n            \n\n<section id=\"b6a6500f\" class=\"gb-section gb-container gb-container-b6a6500f\" data-container-type=\"section\" data-theme=\"dark\" style=\"--section-padding-bottom:0;\">\n<section id=\"cfe90332\" class=\"gb-inner-section gb-container gb-container-cfe90332\" data-container-type=\"container\" data-theme=\"inherit\">\n<div id=\"aa2602c5\" class=\"gb-container gb-container-aa2602c5\" data-container-type=\"container\" data-theme=\"inherit\" data-aos=\"fade-right\">\n\n<div class=\"wp-block-pixel-headline headlines --subheadline-top has-text-align-left\"><h2 class=\"headline\" style=\"color:\"><strong>Sus<\/strong> personas de contacto<\/h2><span class=\"subheadline\" style=\"color:\">El secreto del \u00e9xito es comprender el punto de vista de la otra persona<\/span><\/div>\n\n<\/div>\n\n<div class=\"gb-grid-wrapper gb-grid-wrapper-e7261f94\">\n<div class=\"gb-grid-column gb-grid-column-32f3d6d6\"><div id=\"32f3d6d6\" class=\"gb-container gb-container-32f3d6d6\" data-container-type=\"container\" data-theme=\"inherit\" data-aos=\"fade-right\">\n\n<p class=\"has-text-align-left wp-block-paragraph\">Nuestro equipo est\u00e1 formado por expertos apasionados por el desarrollo, el dise\u00f1o y la producci\u00f3n de componentes de alta calidad para la tecnolog\u00eda de accionamiento hidr\u00e1ulico. Hacemos especial hincapi\u00e9 en el di\u00e1logo con nuestros clientes. Somos capaces de trabajar juntos con un esp\u00edritu de confianza y comunicaci\u00f3n directa,<\/p>\n\n<\/div><\/div>\n\n<div class=\"gb-grid-column gb-grid-column-09ecf06b\"><div id=\"09ecf06b\" class=\"gb-container gb-container-09ecf06b\" data-container-type=\"container\" data-theme=\"inherit\" data-aos=\"fade-left\">\n\n<p class=\"has-text-align-left wp-block-paragraph\">poder ofrecer un servicio integral, desde la consulta inicial hasta la puesta en marcha y el mantenimiento.<br>Estaremos encantados de escucharle y acompa\u00f1arle en el camino hacia la soluci\u00f3n \u00f3ptima.<\/p>\n\n<\/div><\/div>\n<\/div>\n<\/section>\n<\/section>\n\n<section id=\"f4098dc8\" class=\"gb-section gb-container gb-container-f4098dc8\" data-container-type=\"section\" data-theme=\"dark\">\n<section id=\"4f480285\" class=\"gb-inner-section gb-container gb-container-4f480285\" data-container-type=\"container\" data-theme=\"inherit\">\n<div id=\"ee0d2831\" class=\"gb-container gb-container-ee0d2831\" data-container-type=\"container\" data-theme=\"inherit\" data-aos=\"fade-up\">\n\n\t\t\t        \n                    \n\t\t\t\n            <div id=\"3db49529\" class=\"grid grid-3db49529 grid-contact grid-columns-3\" style=\"--grid-columns:3;--grid-gap:2.5rem;\">\n\n\t\t\t\t<div class=\"grid-group\"><div class=\"grid-inner\"><div class=\"grid-item\"><div class=\"card card-contact card-contact-6301\" >\r\n\t\t\t\t<div class=\"card-media\"><img loading=\"lazy\" decoding=\"async\" width=\"730\" height=\"570\" src=\"https:\/\/hense-systeme.com\/wp-content\/uploads\/kontakt_sartor.jpg\" class=\"attachment-contact size-contact\" alt=\"\" srcset=\"https:\/\/hense-systeme.com\/wp-content\/uploads\/kontakt_sartor.jpg 730w, https:\/\/hense-systeme.com\/wp-content\/uploads\/kontakt_sartor-300x234.jpg 300w, https:\/\/hense-systeme.com\/wp-content\/uploads\/kontakt_sartor-1x1.jpg 1w\" sizes=\"auto, (max-width: 730px) 100vw, 730px\" \/><\/div>\t\t\t\t\r\n\t\t\t\t<div class=\"card-content\">\r\n\t\t\t\t\t<div class=\"card-inner\">\r\n\t\t\t\t\t\t<div class=\"card-headlines headlines --subheadline-bottom\"><span class=\"card-headline headline --h3\">Christian Sartor<\/span><span class=\"card-subheadline subheadline\">Director General<\/span><\/div>\t\t\t\t\t<\/div>\r\n\r\n\t\t\t\t\t<div class=\"card-action team-information\"><span class=\"card-line card-line-contact\"><div class=\"card-action\"><span class=\"card-line card-line-phone\"><span>Tel: <\/span><a href=\"tel:0234-95388-0\" target=\"_blank\" rel=\"nofollow\">0234 &#8211; 95388 &#8211; 0<\/a><\/span><span class=\"card-line card-line-email\"><a href=\"mailto:christian.sartor@hense-systeme.de\" target=\"_blank\" rel=\"nofollow\">christian.sartor@hense-systeme.de<\/a><\/span><\/div><\/span><span class=\"card-line card-line-linkedin\"><div class=\"card-action\"><span class=\"card-line card-line-linkedin\"><a class=\"linkedin-icon\" href=\"https:\/\/www.linkedin.com\/in\/christian-sartor-0473b7225\/\" target=\"_blank\" rel=\"noopener noreferrer nofollow\">Red<\/a><\/span><\/div><\/span><\/div>\t\t\t\t<\/div>\r\n\t\t\t<\/div><\/div><div class=\"grid-item\"><div class=\"card card-contact card-contact-6302\" >\r\n\t\t\t\t<div class=\"card-media\"><img loading=\"lazy\" decoding=\"async\" width=\"730\" height=\"570\" src=\"https:\/\/hense-systeme.com\/wp-content\/uploads\/kontakt_hense.jpg\" class=\"attachment-contact size-contact\" alt=\"\" srcset=\"https:\/\/hense-systeme.com\/wp-content\/uploads\/kontakt_hense.jpg 730w, https:\/\/hense-systeme.com\/wp-content\/uploads\/kontakt_hense-300x234.jpg 300w, https:\/\/hense-systeme.com\/wp-content\/uploads\/kontakt_hense-1x1.jpg 1w\" sizes=\"auto, (max-width: 730px) 100vw, 730px\" \/><\/div>\t\t\t\t\r\n\t\t\t\t<div class=\"card-content\">\r\n\t\t\t\t\t<div class=\"card-inner\">\r\n\t\t\t\t\t\t<div class=\"card-headlines headlines --subheadline-bottom\"><span class=\"card-headline headline --h3\">Theresa Hense<\/span><span class=\"card-subheadline subheadline\">Jefe de Marketing y Recursos Humanos<\/span><\/div>\t\t\t\t\t<\/div>\r\n\r\n\t\t\t\t\t<div class=\"card-action team-information\"><span class=\"card-line card-line-contact\"><div class=\"card-action\"><span class=\"card-line card-line-phone\"><span>Tel: <\/span><a href=\"tel:0234-95388-46\" target=\"_blank\" rel=\"nofollow\">0234 &#8211; 95388 &#8211; 46<\/a><\/span><span class=\"card-line card-line-email\"><a href=\"mailto:theresa.hense@hense-systeme.de\" target=\"_blank\" rel=\"nofollow\">theresa.hense@hense-systeme.de<\/a><\/span><\/div><\/span><span class=\"card-line card-line-linkedin\"><div class=\"card-action\"><span class=\"card-line card-line-linkedin\"><a class=\"linkedin-icon\" href=\"https:\/\/www.linkedin.com\/in\/theresa-hense-817924170\/\" target=\"_blank\" rel=\"noopener noreferrer nofollow\">Red<\/a><\/span><\/div><\/span><\/div>\t\t\t\t<\/div>\r\n\t\t\t<\/div><\/div><div class=\"grid-item\"><div class=\"card card-contact card-contact-6299\" >\r\n\t\t\t\t<div class=\"card-media\"><img loading=\"lazy\" decoding=\"async\" width=\"730\" height=\"570\" src=\"https:\/\/hense-systeme.com\/wp-content\/uploads\/kontakt_winzen.jpg\" class=\"attachment-contact size-contact\" alt=\"\" srcset=\"https:\/\/hense-systeme.com\/wp-content\/uploads\/kontakt_winzen.jpg 730w, https:\/\/hense-systeme.com\/wp-content\/uploads\/kontakt_winzen-300x234.jpg 300w, https:\/\/hense-systeme.com\/wp-content\/uploads\/kontakt_winzen-1x1.jpg 1w\" sizes=\"auto, (max-width: 730px) 100vw, 730px\" \/><\/div>\t\t\t\t\r\n\t\t\t\t<div class=\"card-content\">\r\n\t\t\t\t\t<div class=\"card-inner\">\r\n\t\t\t\t\t\t<div class=\"card-headlines headlines --subheadline-bottom\"><span class=\"card-headline headline --h3\">Ingeniero diplomado (FH) Rolf Winzen<\/span><span class=\"card-subheadline subheadline\">Jefe de Investigaci\u00f3n y Desarrollo<\/span><\/div>\t\t\t\t\t<\/div>\r\n\r\n\t\t\t\t\t<div class=\"card-action team-information\"><span class=\"card-line card-line-contact\"><div class=\"card-action\"><span class=\"card-line card-line-phone\"><span>Tel: <\/span><a href=\"tel:0234-95388-31\" target=\"_blank\" rel=\"nofollow\">0234 &#8211; 95388 &#8211; 31<\/a><\/span><span class=\"card-line card-line-email\"><a href=\"mailto:rolf.winzen@hense-systeme.de\" target=\"_blank\" rel=\"nofollow\">rolf.winzen@hense-systeme.de<\/a><\/span><\/div><\/span><\/div>\t\t\t\t<\/div>\r\n\t\t\t<\/div><\/div><div class=\"grid-item\"><div class=\"card card-contact card-contact-10768\" >\r\n\t\t\t\t<div class=\"card-media\"><img loading=\"lazy\" decoding=\"async\" width=\"730\" height=\"570\" src=\"https:\/\/hense-systeme.com\/wp-content\/uploads\/hense_mitarbeiter_vieregge.jpg\" class=\"attachment-contact size-contact\" alt=\"\" srcset=\"https:\/\/hense-systeme.com\/wp-content\/uploads\/hense_mitarbeiter_vieregge.jpg 730w, https:\/\/hense-systeme.com\/wp-content\/uploads\/hense_mitarbeiter_vieregge-300x234.jpg 300w, https:\/\/hense-systeme.com\/wp-content\/uploads\/hense_mitarbeiter_vieregge-1x1.jpg 1w\" sizes=\"auto, (max-width: 730px) 100vw, 730px\" \/><\/div>\t\t\t\t\r\n\t\t\t\t<div class=\"card-content\">\r\n\t\t\t\t\t<div class=\"card-inner\">\r\n\t\t\t\t\t\t<div class=\"card-headlines headlines --subheadline-bottom\"><span class=\"card-headline headline --h3\">Ingeniero Dennis Vieregge<\/span><span class=\"card-subheadline subheadline\">Diputado. Jefe de Investigaci\u00f3n y Desarrollo<\/span><\/div>\t\t\t\t\t<\/div>\r\n\r\n\t\t\t\t\t<div class=\"card-action team-information\"><span class=\"card-line card-line-contact\"><div class=\"card-action\"><span class=\"card-line card-line-phone\"><span>Tel: <\/span><a href=\"tel:0234\u201395388\u201345\" target=\"_blank\" rel=\"nofollow\">0234 \u2013 95388 \u2013 45<\/a><\/span><span class=\"card-line card-line-email\"><a href=\"mailto:dennis.vieregge@hense-systeme.de\" target=\"_blank\" rel=\"nofollow\">dennis.vieregge@hense-systeme.de<\/a><\/span><\/div><\/span><\/div>\t\t\t\t<\/div>\r\n\t\t\t<\/div><\/div><div class=\"grid-item\"><div class=\"card card-contact card-contact-6275\" >\r\n\t\t\t\t<div class=\"card-media\"><img loading=\"lazy\" decoding=\"async\" width=\"730\" height=\"570\" src=\"https:\/\/hense-systeme.com\/wp-content\/uploads\/Hense_Tina_Kuhlmann_neu.jpg\" class=\"attachment-contact size-contact\" alt=\"\" srcset=\"https:\/\/hense-systeme.com\/wp-content\/uploads\/Hense_Tina_Kuhlmann_neu.jpg 730w, https:\/\/hense-systeme.com\/wp-content\/uploads\/Hense_Tina_Kuhlmann_neu-300x234.jpg 300w, https:\/\/hense-systeme.com\/wp-content\/uploads\/Hense_Tina_Kuhlmann_neu-1x1.jpg 1w\" sizes=\"auto, (max-width: 730px) 100vw, 730px\" \/><\/div>\t\t\t\t\r\n\t\t\t\t<div class=\"card-content\">\r\n\t\t\t\t\t<div class=\"card-inner\">\r\n\t\t\t\t\t\t<div class=\"card-headlines headlines --subheadline-bottom\"><span class=\"card-headline headline --h3\">Tina Kuhlmann<\/span><span class=\"card-subheadline subheadline\">Jefe de Dise\u00f1o de Producto<\/span><\/div>\t\t\t\t\t<\/div>\r\n\r\n\t\t\t\t\t<div class=\"card-action team-information\"><span class=\"card-line card-line-contact\"><div class=\"card-action\"><span class=\"card-line card-line-phone\"><span>Tel: <\/span><a href=\"tel:0234-95388-32\" target=\"_blank\" rel=\"nofollow\">0234 &#8211; 95388 &#8211; 32<\/a><\/span><span class=\"card-line card-line-email\"><a href=\"mailto:tina.kuhlmann@hense-systeme.de\" target=\"_blank\" rel=\"nofollow\">tina.kuhlmann@hense-systeme.de<\/a><\/span><\/div><\/span><\/div>\t\t\t\t<\/div>\r\n\t\t\t<\/div><\/div><div class=\"grid-item\"><div class=\"card card-contact card-contact-6300\" >\r\n\t\t\t\t<div class=\"card-media\"><img loading=\"lazy\" decoding=\"async\" width=\"730\" height=\"570\" src=\"https:\/\/hense-systeme.com\/wp-content\/uploads\/Hense_Lukas_Ostrzolek_neu.jpg\" class=\"attachment-contact size-contact\" alt=\"\" srcset=\"https:\/\/hense-systeme.com\/wp-content\/uploads\/Hense_Lukas_Ostrzolek_neu.jpg 730w, https:\/\/hense-systeme.com\/wp-content\/uploads\/Hense_Lukas_Ostrzolek_neu-300x234.jpg 300w, https:\/\/hense-systeme.com\/wp-content\/uploads\/Hense_Lukas_Ostrzolek_neu-1x1.jpg 1w\" sizes=\"auto, (max-width: 730px) 100vw, 730px\" \/><\/div>\t\t\t\t\r\n\t\t\t\t<div class=\"card-content\">\r\n\t\t\t\t\t<div class=\"card-inner\">\r\n\t\t\t\t\t\t<div class=\"card-headlines headlines --subheadline-bottom\"><span class=\"card-headline headline --h3\">Lukas Ostrzolek<\/span><span class=\"card-subheadline subheadline\">Gesti\u00f3n de ventas<\/span><\/div>\t\t\t\t\t<\/div>\r\n\r\n\t\t\t\t\t<div class=\"card-action team-information\"><span class=\"card-line card-line-contact\"><div class=\"card-action\"><span class=\"card-line card-line-phone\"><span>Tel: <\/span><a href=\"tel:0234-95388-33\" target=\"_blank\" rel=\"nofollow\">0234 &#8211; 95388 &#8211; 33<\/a><\/span><span class=\"card-line card-line-email\"><a href=\"mailto:lukas.ostrzolek@hense-systeme.de\" target=\"_blank\" rel=\"nofollow\">lukas.ostrzolek@hense-systeme.de<\/a><\/span><\/div><\/span><\/div>\t\t\t\t<\/div>\r\n\t\t\t<\/div><\/div><div class=\"grid-item\"><div class=\"card card-contact card-contact-6313\" >\r\n\t\t\t\t<div class=\"card-media\"><img loading=\"lazy\" decoding=\"async\" width=\"730\" height=\"570\" src=\"https:\/\/hense-systeme.com\/wp-content\/uploads\/Hense_Stefanie_Schneider_neu.jpg\" class=\"attachment-contact size-contact\" alt=\"\" srcset=\"https:\/\/hense-systeme.com\/wp-content\/uploads\/Hense_Stefanie_Schneider_neu.jpg 730w, https:\/\/hense-systeme.com\/wp-content\/uploads\/Hense_Stefanie_Schneider_neu-300x234.jpg 300w, https:\/\/hense-systeme.com\/wp-content\/uploads\/Hense_Stefanie_Schneider_neu-1x1.jpg 1w\" sizes=\"auto, (max-width: 730px) 100vw, 730px\" \/><\/div>\t\t\t\t\r\n\t\t\t\t<div class=\"card-content\">\r\n\t\t\t\t\t<div class=\"card-inner\">\r\n\t\t\t\t\t\t<div class=\"card-headlines headlines --subheadline-bottom\"><span class=\"card-headline headline --h3\">Stefanie Schneider<\/span><span class=\"card-subheadline subheadline\">Jefe de Compras<\/span><\/div>\t\t\t\t\t<\/div>\r\n\r\n\t\t\t\t\t<div class=\"card-action team-information\"><span class=\"card-line card-line-contact\"><div class=\"card-action\"><span class=\"card-line card-line-phone\"><span>Tel: <\/span><a href=\"tel:0234-95388-35\" target=\"_blank\" rel=\"nofollow\">0234 &#8211; 95388 &#8211; 35<\/a><\/span><span class=\"card-line card-line-email\"><a href=\"mailto:stefanie.schneider@hense-systeme.de\" target=\"_blank\" rel=\"nofollow\">stefanie.schneider@hense-systeme.de<\/a><\/span><\/div><\/span><\/div>\t\t\t\t<\/div>\r\n\t\t\t<\/div><\/div><div class=\"grid-item\"><div class=\"card card-contact card-contact-6274\" >\r\n\t\t\t\t<div class=\"card-media\"><img loading=\"lazy\" decoding=\"async\" width=\"730\" height=\"570\" src=\"https:\/\/hense-systeme.com\/wp-content\/uploads\/kontakt_kuehn.jpg\" class=\"attachment-contact size-contact\" alt=\"\" srcset=\"https:\/\/hense-systeme.com\/wp-content\/uploads\/kontakt_kuehn.jpg 730w, https:\/\/hense-systeme.com\/wp-content\/uploads\/kontakt_kuehn-300x234.jpg 300w, https:\/\/hense-systeme.com\/wp-content\/uploads\/kontakt_kuehn-1x1.jpg 1w\" sizes=\"auto, (max-width: 730px) 100vw, 730px\" \/><\/div>\t\t\t\t\r\n\t\t\t\t<div class=\"card-content\">\r\n\t\t\t\t\t<div class=\"card-inner\">\r\n\t\t\t\t\t\t<div class=\"card-headlines headlines --subheadline-bottom\"><span class=\"card-headline headline --h3\">Peter K\u00fchn<\/span><span class=\"card-subheadline subheadline\">Director de operaciones<\/span><\/div>\t\t\t\t\t<\/div>\r\n\r\n\t\t\t\t\t<div class=\"card-action team-information\"><span class=\"card-line card-line-contact\"><div class=\"card-action\"><span class=\"card-line card-line-phone\"><span>Tel: <\/span><a href=\"tel:0234-95388-29\" target=\"_blank\" rel=\"nofollow\">0234 &#8211; 95388 &#8211; 29<\/a><\/span><span class=\"card-line card-line-email\"><a href=\"mailto:peter.kuehn@hense-systeme.de\" target=\"_blank\" rel=\"nofollow\">peter.kuehn@hense-systeme.de<\/a><\/span><\/div><\/span><\/div>\t\t\t\t<\/div>\r\n\t\t\t<\/div><\/div><div class=\"grid-item\"><div class=\"card card-contact card-contact-11573\" >\r\n\t\t\t\t<div class=\"card-media\"><img loading=\"lazy\" decoding=\"async\" width=\"730\" height=\"570\" src=\"https:\/\/hense-systeme.com\/wp-content\/uploads\/Hense_Anna-Sophia-Lettenbauer.jpg\" class=\"attachment-contact size-contact\" alt=\"\" srcset=\"https:\/\/hense-systeme.com\/wp-content\/uploads\/Hense_Anna-Sophia-Lettenbauer.jpg 730w, https:\/\/hense-systeme.com\/wp-content\/uploads\/Hense_Anna-Sophia-Lettenbauer-300x234.jpg 300w, https:\/\/hense-systeme.com\/wp-content\/uploads\/Hense_Anna-Sophia-Lettenbauer-1x1.jpg 1w\" sizes=\"auto, (max-width: 730px) 100vw, 730px\" \/><\/div>\t\t\t\t\r\n\t\t\t\t<div class=\"card-content\">\r\n\t\t\t\t\t<div class=\"card-inner\">\r\n\t\t\t\t\t\t<div class=\"card-headlines headlines --subheadline-bottom\"><span class=\"card-headline headline --h3\">Anna-Sophia Lettenbauer<\/span><span class=\"card-subheadline subheadline\">Administrativo industrial en pr\u00e1cticas<\/span><\/div>\t\t\t\t\t<\/div>\r\n\r\n\t\t\t\t\t\t\t\t\t<\/div>\r\n\t\t\t<\/div><\/div><div class=\"grid-item\"><div class=\"card card-contact card-contact-11578\" >\r\n\t\t\t\t<div class=\"card-media\"><img loading=\"lazy\" decoding=\"async\" width=\"730\" height=\"570\" src=\"https:\/\/hense-systeme.com\/wp-content\/uploads\/Hense_Luke-Moellney.jpg\" class=\"attachment-contact size-contact\" alt=\"\" srcset=\"https:\/\/hense-systeme.com\/wp-content\/uploads\/Hense_Luke-Moellney.jpg 730w, https:\/\/hense-systeme.com\/wp-content\/uploads\/Hense_Luke-Moellney-300x234.jpg 300w, https:\/\/hense-systeme.com\/wp-content\/uploads\/Hense_Luke-Moellney-1x1.jpg 1w\" sizes=\"auto, (max-width: 730px) 100vw, 730px\" \/><\/div>\t\t\t\t\r\n\t\t\t\t<div class=\"card-content\">\r\n\t\t\t\t\t<div class=\"card-inner\">\r\n\t\t\t\t\t\t<div class=\"card-headlines headlines --subheadline-bottom\"><span class=\"card-headline headline --h3\">Luke M\u00f6llney<\/span><span class=\"card-subheadline subheadline\">Administrativo industrial en pr\u00e1cticas<\/span><\/div>\t\t\t\t\t<\/div>\r\n\r\n\t\t\t\t\t\t\t\t\t<\/div>\r\n\t\t\t<\/div><\/div><\/div><\/div><div class=\"swiper-pagination\"><\/div>            <\/div>\n\t\t\t\n\t\t\t\t\t\t\t\n\t\t\t\n            <!-- end:grid -->\n        \n            \n<\/div>\n<\/section>\n<\/section>","protected":false},"excerpt":{"rendered":"","protected":false},"author":1,"featured_media":0,"parent":6164,"menu_order":2,"comment_status":"closed","ping_status":"closed","template":"","meta":{"_acf_changed":false,"_crdt_document":"","footnotes":""},"class_list":{"0":"post-6055","1":"page","2":"type-page","3":"status-publish","5":"no-featured-image-padding"},"acf":[],"yoast_head":"<!-- This site is optimized with the Yoast SEO plugin v27.3 - https:\/\/yoast.com\/product\/yoast-seo-wordpress\/ -->\n<title>Equipo - Hense Systemtechnik GmbH &amp; Co. KG<\/title>\n<meta name=\"robots\" content=\"index, follow, max-snippet:-1, max-image-preview:large, max-video-preview:-1\" \/>\n<link rel=\"canonical\" href=\"https:\/\/hense-systeme.com\/es\/la-empresa\/equipo\/\" \/>\n<meta property=\"og:locale\" content=\"es_ES\" \/>\n<meta property=\"og:type\" content=\"article\" \/>\n<meta property=\"og:title\" content=\"Equipo - Hense Systemtechnik GmbH &amp; Co. KG\" \/>\n<meta property=\"og:url\" content=\"https:\/\/hense-systeme.com\/es\/la-empresa\/equipo\/\" \/>\n<meta property=\"og:site_name\" content=\"Hense Systemtechnik GmbH &amp; Co. KG\" \/>\n<meta property=\"article:modified_time\" content=\"2025-03-26T09:08:29+00:00\" \/>\n<meta name=\"twitter:card\" content=\"summary_large_image\" \/>\n<meta name=\"twitter:label1\" content=\"Tiempo de lectura\" \/>\n\t<meta name=\"twitter:data1\" content=\"1 minuto\" \/>\n<script type=\"application\/ld+json\" class=\"yoast-schema-graph\">{\"@context\":\"https:\\\/\\\/schema.org\",\"@graph\":[{\"@type\":\"WebPage\",\"@id\":\"https:\\\/\\\/hense-systeme.com\\\/es\\\/la-empresa\\\/equipo\\\/\",\"url\":\"https:\\\/\\\/hense-systeme.com\\\/es\\\/la-empresa\\\/equipo\\\/\",\"name\":\"Equipo - Hense Systemtechnik GmbH &amp; Co. KG\",\"isPartOf\":{\"@id\":\"https:\\\/\\\/hense-systeme.com\\\/es\\\/#website\"},\"datePublished\":\"2024-02-09T08:20:11+00:00\",\"dateModified\":\"2025-03-26T09:08:29+00:00\",\"breadcrumb\":{\"@id\":\"https:\\\/\\\/hense-systeme.com\\\/es\\\/la-empresa\\\/equipo\\\/#breadcrumb\"},\"inLanguage\":\"es\",\"potentialAction\":[{\"@type\":\"ReadAction\",\"target\":[\"https:\\\/\\\/hense-systeme.com\\\/es\\\/la-empresa\\\/equipo\\\/\"]}]},{\"@type\":\"BreadcrumbList\",\"@id\":\"https:\\\/\\\/hense-systeme.com\\\/es\\\/la-empresa\\\/equipo\\\/#breadcrumb\",\"itemListElement\":[{\"@type\":\"ListItem\",\"position\":1,\"name\":\"Startseite\",\"item\":\"https:\\\/\\\/hense-systeme.com\\\/es\\\/\"},{\"@type\":\"ListItem\",\"position\":2,\"name\":\"Privat: La empresa\",\"item\":\"https:\\\/\\\/hense-systeme.com\\\/es\\\/?page_id=1400\"},{\"@type\":\"ListItem\",\"position\":3,\"name\":\"Equipo\"}]},{\"@type\":\"WebSite\",\"@id\":\"https:\\\/\\\/hense-systeme.com\\\/es\\\/#website\",\"url\":\"https:\\\/\\\/hense-systeme.com\\\/es\\\/\",\"name\":\"Hense Systemtechnik GmbH &amp; Co. KG\",\"description\":\"\",\"publisher\":{\"@id\":\"https:\\\/\\\/hense-systeme.com\\\/es\\\/#organization\"},\"potentialAction\":[{\"@type\":\"SearchAction\",\"target\":{\"@type\":\"EntryPoint\",\"urlTemplate\":\"https:\\\/\\\/hense-systeme.com\\\/es\\\/?s={search_term_string}\"},\"query-input\":{\"@type\":\"PropertyValueSpecification\",\"valueRequired\":true,\"valueName\":\"search_term_string\"}}],\"inLanguage\":\"es\"},{\"@type\":\"Organization\",\"@id\":\"https:\\\/\\\/hense-systeme.com\\\/es\\\/#organization\",\"name\":\"Hense Systemtechnik GmbH &amp; Co. KG\",\"url\":\"https:\\\/\\\/hense-systeme.com\\\/es\\\/\",\"logo\":{\"@type\":\"ImageObject\",\"inLanguage\":\"es\",\"@id\":\"https:\\\/\\\/hense-systeme.com\\\/es\\\/#\\\/schema\\\/logo\\\/image\\\/\",\"url\":\"https:\\\/\\\/hense-systeme.com\\\/wp-content\\\/uploads\\\/2024\\\/02\\\/hense_logo.svg\",\"contentUrl\":\"https:\\\/\\\/hense-systeme.com\\\/wp-content\\\/uploads\\\/2024\\\/02\\\/hense_logo.svg\",\"width\":241,\"height\":76,\"caption\":\"Hense Systemtechnik GmbH &amp; Co. KG\"},\"image\":{\"@id\":\"https:\\\/\\\/hense-systeme.com\\\/es\\\/#\\\/schema\\\/logo\\\/image\\\/\"}}]}<\/script>\n<!-- \/ Yoast SEO plugin. -->","yoast_head_json":{"title":"Equipo - Hense Systemtechnik GmbH &amp; Co. KG","robots":{"index":"index","follow":"follow","max-snippet":"max-snippet:-1","max-image-preview":"max-image-preview:large","max-video-preview":"max-video-preview:-1"},"canonical":"https:\/\/hense-systeme.com\/es\/la-empresa\/equipo\/","og_locale":"es_ES","og_type":"article","og_title":"Equipo - Hense Systemtechnik GmbH &amp; Co. KG","og_url":"https:\/\/hense-systeme.com\/es\/la-empresa\/equipo\/","og_site_name":"Hense Systemtechnik GmbH &amp; Co. KG","article_modified_time":"2025-03-26T09:08:29+00:00","twitter_card":"summary_large_image","twitter_misc":{"Tiempo de lectura":"1 minuto"},"schema":{"@context":"https:\/\/schema.org","@graph":[{"@type":"WebPage","@id":"https:\/\/hense-systeme.com\/es\/la-empresa\/equipo\/","url":"https:\/\/hense-systeme.com\/es\/la-empresa\/equipo\/","name":"Equipo - Hense Systemtechnik GmbH &amp; Co. KG","isPartOf":{"@id":"https:\/\/hense-systeme.com\/es\/#website"},"datePublished":"2024-02-09T08:20:11+00:00","dateModified":"2025-03-26T09:08:29+00:00","breadcrumb":{"@id":"https:\/\/hense-systeme.com\/es\/la-empresa\/equipo\/#breadcrumb"},"inLanguage":"es","potentialAction":[{"@type":"ReadAction","target":["https:\/\/hense-systeme.com\/es\/la-empresa\/equipo\/"]}]},{"@type":"BreadcrumbList","@id":"https:\/\/hense-systeme.com\/es\/la-empresa\/equipo\/#breadcrumb","itemListElement":[{"@type":"ListItem","position":1,"name":"Startseite","item":"https:\/\/hense-systeme.com\/es\/"},{"@type":"ListItem","position":2,"name":"Privat: La empresa","item":"https:\/\/hense-systeme.com\/es\/?page_id=1400"},{"@type":"ListItem","position":3,"name":"Equipo"}]},{"@type":"WebSite","@id":"https:\/\/hense-systeme.com\/es\/#website","url":"https:\/\/hense-systeme.com\/es\/","name":"Hense Systemtechnik GmbH &amp; Co. KG","description":"","publisher":{"@id":"https:\/\/hense-systeme.com\/es\/#organization"},"potentialAction":[{"@type":"SearchAction","target":{"@type":"EntryPoint","urlTemplate":"https:\/\/hense-systeme.com\/es\/?s={search_term_string}"},"query-input":{"@type":"PropertyValueSpecification","valueRequired":true,"valueName":"search_term_string"}}],"inLanguage":"es"},{"@type":"Organization","@id":"https:\/\/hense-systeme.com\/es\/#organization","name":"Hense Systemtechnik GmbH &amp; Co. KG","url":"https:\/\/hense-systeme.com\/es\/","logo":{"@type":"ImageObject","inLanguage":"es","@id":"https:\/\/hense-systeme.com\/es\/#\/schema\/logo\/image\/","url":"https:\/\/hense-systeme.com\/wp-content\/uploads\/2024\/02\/hense_logo.svg","contentUrl":"https:\/\/hense-systeme.com\/wp-content\/uploads\/2024\/02\/hense_logo.svg","width":241,"height":76,"caption":"Hense Systemtechnik GmbH &amp; Co. KG"},"image":{"@id":"https:\/\/hense-systeme.com\/es\/#\/schema\/logo\/image\/"}}]}},"_links":{"self":[{"href":"https:\/\/hense-systeme.com\/es\/wp-json\/wp\/v2\/pages\/6055","targetHints":{"allow":["GET"]}}],"collection":[{"href":"https:\/\/hense-systeme.com\/es\/wp-json\/wp\/v2\/pages"}],"about":[{"href":"https:\/\/hense-systeme.com\/es\/wp-json\/wp\/v2\/types\/page"}],"author":[{"embeddable":true,"href":"https:\/\/hense-systeme.com\/es\/wp-json\/wp\/v2\/users\/1"}],"replies":[{"embeddable":true,"href":"https:\/\/hense-systeme.com\/es\/wp-json\/wp\/v2\/comments?post=6055"}],"version-history":[{"count":3,"href":"https:\/\/hense-systeme.com\/es\/wp-json\/wp\/v2\/pages\/6055\/revisions"}],"predecessor-version":[{"id":10776,"href":"https:\/\/hense-systeme.com\/es\/wp-json\/wp\/v2\/pages\/6055\/revisions\/10776"}],"up":[{"embeddable":true,"href":"https:\/\/hense-systeme.com\/es\/wp-json\/wp\/v2\/pages\/6164"}],"wp:attachment":[{"href":"https:\/\/hense-systeme.com\/es\/wp-json\/wp\/v2\/media?parent=6055"}],"curies":[{"name":"wp","href":"https:\/\/api.w.org\/{rel}","templated":true}]}}