{"id":6213,"date":"2024-02-07T14:22:26","date_gmt":"2024-02-07T13:22:26","guid":{"rendered":"https:\/\/hense.pixel-tal.de\/pie-de-imprenta\/"},"modified":"2024-10-23T10:08:13","modified_gmt":"2024-10-23T08:08:13","slug":"pie-de-imprenta","status":"publish","type":"page","link":"https:\/\/hense-systeme.com\/es\/pie-de-imprenta\/","title":{"rendered":"Pie de imprenta"},"content":{"rendered":"<section id=\"5189a815\" class=\"gb-section gb-container gb-container-5189a815\" data-container-type=\"section\" data-theme=\"dark\">\n<div id=\"41dc41e1\" class=\"gb-inner-section gb-container gb-container-41dc41e1\" data-container-type=\"container\" data-theme=\"inherit\">\n\n<div class=\"wp-block-pixel-headline headlines --subheadline-top has-text-align-left\"><h1 class=\"headline\" style=\"color:var(--base-3)\">Hense Systeme GmbH &amp; Co KG<\/h1><span class=\"subheadline\" style=\"color:var(--global-color-gruen)\">Pie de imprenta<\/span><\/div>\n\n<\/div>\n<\/section>\n\n<section id=\"6bc19798\" class=\"gb-section gb-container gb-container-6bc19798\" data-container-type=\"section\" data-theme=\"dark\" style=\"--section-padding-top:0;\">\n<section id=\"cb70e263\" class=\"gb-inner-section gb-container gb-container-cb70e263\" data-container-type=\"container\" data-theme=\"inherit\" style=\"--section-padding-top:0;\">\n<div class=\"gb-grid-wrapper gb-grid-wrapper-98a529bf\">\n<div class=\"gb-grid-column gb-grid-column-a04930f8\"><div id=\"a04930f8\" class=\"gb-container gb-container-a04930f8\" data-container-type=\"container\" data-theme=\"inherit\">\n\n<p class=\"wp-block-paragraph\"><strong>Hense Systeme GmbH &amp; Co KG<\/strong><br>Flottmannstr. 55<br>44807 Bochum<br>Alemania<\/p>\n\n\n\n<p class=\"wp-block-paragraph\">Tel\u00e9fono: <a href=\"tel:+49%20234%2095388-0\" target=\"_blank\" rel=\"nofollow\">+49 234 95388-0<\/a><br>Fax: +49 234 95388-50<br>Correo electr\u00f3nico: <a href=\"mailto:service@hense-systeme.de\" target=\"_blank\" rel=\"nofollow\">service@hense-systeme.de<\/a><\/p>\n\n\n\n<p class=\"wp-block-paragraph\"><strong>Representante autorizado:<\/strong><br>Christian Sartor<\/p>\n\n\n\n<p class=\"wp-block-paragraph\"><strong>Responsable del contenido:<\/strong><br>Rolf Winzen<\/p>\n\n\n\n<p class=\"wp-block-paragraph\"><strong>N\u00famero de identificaci\u00f3n fiscal:<\/strong><br>ES 812782196<\/p>\n\n\n\n<p class=\"wp-block-paragraph\"><strong>Registro mercantil:<\/strong><br>HRA 4063<\/p>\n\n\n\n<p class=\"wp-block-paragraph\"><strong>Tribunal competente:<\/strong><br>Juzgado de primera instancia de Bochum<\/p>\n\n<\/div><\/div>\n\n<div class=\"gb-grid-column gb-grid-column-dd3f3e31\"><div id=\"dd3f3e31\" class=\"gb-container gb-container-dd3f3e31\" data-container-type=\"container\" data-theme=\"inherit\">\n\n<div class=\"wp-block-pixel-headline headlines --subheadline-top has-text-align-left\"><h3 class=\"headline\" style=\"color:\">Descargo de responsabilidad<\/h3><\/div>\n\n\n\n<div class=\"wp-block-pixel-headline headlines --subheadline-top has-text-align-left\"><h4 class=\"headline\" style=\"color:\">1. contenido de la oferta en l\u00ednea<\/h4><\/div>\n\n\n\n<p class=\"wp-block-paragraph\">El autor no asume responsabilidad alguna por la actualidad, exactitud, integridad o calidad de la informaci\u00f3n facilitada. Quedan fundamentalmente excluidas las reclamaciones de responsabilidad contra el autor relativas a da\u00f1os materiales o inmateriales causados por el uso o no uso de la informaci\u00f3n facilitada o por el uso de informaci\u00f3n incorrecta o incompleta, a menos que existan pruebas de dolo o negligencia grave por parte del autor. Todas las ofertas est\u00e1n sujetas a cambios y no son vinculantes. El autor se reserva expresamente el derecho a modificar, completar o suprimir partes de las p\u00e1ginas o la oferta completa sin previo aviso o a interrumpir la publicaci\u00f3n temporal o definitivamente.<\/p>\n\n\n\n<div class=\"wp-block-pixel-headline headlines --subheadline-top has-text-align-left\"><h4 class=\"headline\" style=\"color:\">2. referencias y enlaces<\/h4><\/div>\n\n\n\n<p class=\"wp-block-paragraph\">En el caso de referencias directas o indirectas a sitios web externos (&#8220;hiperv\u00ednculos&#8221;) que se encuentren fuera del \u00e1mbito de responsabilidad del autor, s\u00f3lo entrar\u00eda en vigor una obligaci\u00f3n de responsabilidad en caso de que el autor tuviera conocimiento del contenido y le fuera t\u00e9cnicamente posible y razonable impedir el uso en caso de contenido ilegal. Por la presente, el autor declara expresamente que en el momento de crear los enlaces no era reconocible ning\u00fan contenido ilegal en las p\u00e1ginas enlazadas. El autor no tiene influencia alguna sobre el dise\u00f1o actual y futuro, el contenido o la autor\u00eda de las p\u00e1ginas enlazadas. Por ello, se distancia expresamente de todos los contenidos de todas las p\u00e1ginas enlazadas que hayan sido modificadas despu\u00e9s de la creaci\u00f3n del enlace. Esta declaraci\u00f3n se aplica a todos los enlaces y referencias establecidos dentro de la propia p\u00e1gina web del autor, as\u00ed como a las entradas de terceros en libros de visitas, foros de discusi\u00f3n, directorios de enlaces, listas de correo y todas las dem\u00e1s formas de bases de datos creadas por el autor a cuyo contenido sea posible el acceso de escritura externo. De los contenidos ilegales, incorrectos o incompletos y, en particular, de los da\u00f1os derivados de la utilizaci\u00f3n o no utilizaci\u00f3n de dicha informaci\u00f3n, s\u00f3lo ser\u00e1 responsable el proveedor de la p\u00e1gina a la que se haga referencia, y no la persona que se limite a remitir a la publicaci\u00f3n correspondiente a trav\u00e9s de enlaces.<\/p>\n\n\n\n<div class=\"wp-block-pixel-headline headlines --subheadline-top has-text-align-left\"><h4 class=\"headline\" style=\"color:\">3. legislaci\u00f3n sobre derechos de autor y etiquetado<\/h4><\/div>\n\n\n\n<p class=\"wp-block-paragraph\">El autor procura respetar los derechos de autor de los gr\u00e1ficos, documentos sonoros, secuencias de v\u00eddeo y textos utilizados en todas las publicaciones, utilizar gr\u00e1ficos, documentos sonoros, secuencias de v\u00eddeo y textos creados por \u00e9l mismo o recurrir a gr\u00e1ficos, documentos sonoros, secuencias de v\u00eddeo y textos exentos de licencia. Todas las marcas y nombres comerciales mencionados en el sitio web y posiblemente protegidos por terceros est\u00e1n sujetos sin restricciones a las disposiciones de la legislaci\u00f3n aplicable en materia de marcas y a los derechos de propiedad de los respectivos propietarios registrados. La mera menci\u00f3n de una marca no implica que no est\u00e9 protegida por derechos de terceros. Los derechos de autor de los objetos publicados y creados por el propio autor pertenecen exclusivamente al autor de las p\u00e1ginas. Queda prohibida la reproducci\u00f3n o utilizaci\u00f3n de objetos como im\u00e1genes, diagramas, sonidos o textos en otras publicaciones electr\u00f3nicas o impresas sin el consentimiento del autor.<\/p>\n\n\n\n<div class=\"wp-block-pixel-headline headlines --subheadline-top has-text-align-left\"><h4 class=\"headline\" style=\"color:\">4. protecci\u00f3n de datos<\/h4><\/div>\n\n\n\n<p class=\"wp-block-paragraph\">Si se ofrece la posibilidad de introducir datos personales o comerciales (direcciones de correo electr\u00f3nico, nombres, direcciones), la introducci\u00f3n de estos datos se realiza de forma voluntaria. El uso y el pago de todos los servicios ofrecidos tambi\u00e9n est\u00e1 permitido -en la medida en que sea t\u00e9cnicamente posible y razonable- sin facilitar dichos datos o facilitando datos an\u00f3nimos o un seud\u00f3nimo. No est\u00e1 permitido el uso de datos de contacto como direcciones postales, n\u00fameros de tel\u00e9fono y fax y direcciones de correo electr\u00f3nico publicados en el pie de imprenta o informaci\u00f3n comparable por parte de terceros para la transmisi\u00f3n de informaci\u00f3n no solicitada expresamente. Nos reservamos expresamente el derecho a emprender acciones legales contra los remitentes de los denominados correos spam que infrinjan esta prohibici\u00f3n.<\/p>\n\n\n\n<div class=\"wp-block-pixel-headline headlines --subheadline-top has-text-align-left\"><h4 class=\"headline\" style=\"color:\">5 Validez jur\u00eddica del presente aviso legal<\/h4><\/div>\n\n\n\n<p class=\"wp-block-paragraph\">Esta cl\u00e1usula de exenci\u00f3n de responsabilidad debe considerarse parte de la publicaci\u00f3n en Internet desde la que se le ha remitido. Si algunas secciones o t\u00e9rminos individuales de esta declaraci\u00f3n no son legales o correctos, el contenido o validez de las otras partes no se ver\u00e1n afectados por este hecho.<\/p>\n\n\n\n<div class=\"wp-block-pixel-headline headlines --subheadline-top has-text-align-left\"><h4 class=\"headline\" style=\"color:\">6. google analytics<\/h4><\/div>\n\n\n\n<p class=\"wp-block-paragraph\">Este sitio web utiliza Google Analytics, un servicio anal\u00edtico de web prestado por Google Inc. (&#8220;Google&#8221;). Google Analytics utiliza &#8220;cookies&#8221;, que son archivos de texto ubicados en su ordenador, para ayudar al website a analizar el uso que hacen los usuarios del sitio web. La informaci\u00f3n que genera la cookie acerca de su uso de este sitio web se transmite generalmente a un servidor de Google en los EE.UU. y se almacena all\u00ed. Sin embargo, si la anonimizaci\u00f3n de IP est\u00e1 activada en este sitio web, su direcci\u00f3n IP ser\u00e1 primero truncada por Google dentro de los estados miembros de la Uni\u00f3n Europea o en otros estados signatarios del Acuerdo sobre el Espacio Econ\u00f3mico Europeo. S\u00f3lo en casos excepcionales se transmitir\u00e1 la direcci\u00f3n IP completa a un servidor de Google en EE.UU. y se acortar\u00e1 all\u00ed. En nombre del operador de este sitio web, Google usar\u00e1 esta informaci\u00f3n para analizar su uso del sitio web, recopilar informes sobre la actividad del sitio web y prestar otros servicios relacionados con la actividad del sitio web y el uso de Internet al operador del sitio web. La direcci\u00f3n IP transmitida por su navegador como parte de Google Analytics no se fusionar\u00e1 con otros datos de Google. Usted puede rechazar el uso de cookies seleccionando la configuraci\u00f3n apropiada en su navegador; no obstante, tenga en cuenta que si lo hace es posible que no pueda utilizar todas las funciones de este sitio web. Tambi\u00e9n puede evitar que Google recopile los datos generados por la cookie y relacionados con su uso del sitio web (incluida su direcci\u00f3n IP) y que Google procese estos datos <a href=\"https:\/\/tools.google.com\/dlpage\/gaoptout?hl=de\" target=\"_blank\" rel=\"noreferrer noopener nofollow\">descargando e instalando<\/a> el complemento del navegador disponible en el siguiente enlace.<\/p>\n\n<\/div><\/div>\n<\/div>\n<\/section>\n<\/section>","protected":false},"excerpt":{"rendered":"","protected":false},"author":1,"featured_media":0,"parent":0,"menu_order":16,"comment_status":"closed","ping_status":"closed","template":"","meta":{"_acf_changed":false,"_crdt_document":"","footnotes":""},"class_list":{"0":"post-6213","1":"page","2":"type-page","3":"status-publish","5":"no-featured-image-padding"},"acf":[],"yoast_head":"<!-- This site is optimized with the Yoast SEO plugin v27.3 - https:\/\/yoast.com\/product\/yoast-seo-wordpress\/ -->\n<title>Pie de imprenta - Hense Systemtechnik GmbH &amp; Co. KG<\/title>\n<meta name=\"robots\" content=\"index, follow, max-snippet:-1, max-image-preview:large, max-video-preview:-1\" \/>\n<link rel=\"canonical\" href=\"https:\/\/hense-systeme.com\/es\/pie-de-imprenta\/\" \/>\n<meta property=\"og:locale\" content=\"es_ES\" \/>\n<meta property=\"og:type\" content=\"article\" \/>\n<meta property=\"og:title\" content=\"Pie de imprenta - Hense Systemtechnik GmbH &amp; Co. KG\" \/>\n<meta property=\"og:url\" content=\"https:\/\/hense-systeme.com\/es\/pie-de-imprenta\/\" \/>\n<meta property=\"og:site_name\" content=\"Hense Systemtechnik GmbH &amp; Co. KG\" \/>\n<meta property=\"article:modified_time\" content=\"2024-10-23T08:08:13+00:00\" \/>\n<meta name=\"twitter:card\" content=\"summary_large_image\" \/>\n<meta name=\"twitter:label1\" content=\"Tiempo de lectura\" \/>\n\t<meta name=\"twitter:data1\" content=\"6 minutos\" \/>\n<script type=\"application\/ld+json\" class=\"yoast-schema-graph\">{\"@context\":\"https:\\\/\\\/schema.org\",\"@graph\":[{\"@type\":\"WebPage\",\"@id\":\"https:\\\/\\\/hense-systeme.com\\\/es\\\/pie-de-imprenta\\\/\",\"url\":\"https:\\\/\\\/hense-systeme.com\\\/es\\\/pie-de-imprenta\\\/\",\"name\":\"Pie de imprenta - Hense Systemtechnik GmbH &amp; Co. KG\",\"isPartOf\":{\"@id\":\"https:\\\/\\\/hense-systeme.com\\\/es\\\/#website\"},\"datePublished\":\"2024-02-07T13:22:26+00:00\",\"dateModified\":\"2024-10-23T08:08:13+00:00\",\"breadcrumb\":{\"@id\":\"https:\\\/\\\/hense-systeme.com\\\/es\\\/pie-de-imprenta\\\/#breadcrumb\"},\"inLanguage\":\"es\",\"potentialAction\":[{\"@type\":\"ReadAction\",\"target\":[\"https:\\\/\\\/hense-systeme.com\\\/es\\\/pie-de-imprenta\\\/\"]}]},{\"@type\":\"BreadcrumbList\",\"@id\":\"https:\\\/\\\/hense-systeme.com\\\/es\\\/pie-de-imprenta\\\/#breadcrumb\",\"itemListElement\":[{\"@type\":\"ListItem\",\"position\":1,\"name\":\"Startseite\",\"item\":\"https:\\\/\\\/hense-systeme.com\\\/es\\\/\"},{\"@type\":\"ListItem\",\"position\":2,\"name\":\"Pie de imprenta\"}]},{\"@type\":\"WebSite\",\"@id\":\"https:\\\/\\\/hense-systeme.com\\\/es\\\/#website\",\"url\":\"https:\\\/\\\/hense-systeme.com\\\/es\\\/\",\"name\":\"Hense Systemtechnik GmbH &amp; Co. KG\",\"description\":\"\",\"publisher\":{\"@id\":\"https:\\\/\\\/hense-systeme.com\\\/es\\\/#organization\"},\"potentialAction\":[{\"@type\":\"SearchAction\",\"target\":{\"@type\":\"EntryPoint\",\"urlTemplate\":\"https:\\\/\\\/hense-systeme.com\\\/es\\\/?s={search_term_string}\"},\"query-input\":{\"@type\":\"PropertyValueSpecification\",\"valueRequired\":true,\"valueName\":\"search_term_string\"}}],\"inLanguage\":\"es\"},{\"@type\":\"Organization\",\"@id\":\"https:\\\/\\\/hense-systeme.com\\\/es\\\/#organization\",\"name\":\"Hense Systemtechnik GmbH &amp; Co. KG\",\"url\":\"https:\\\/\\\/hense-systeme.com\\\/es\\\/\",\"logo\":{\"@type\":\"ImageObject\",\"inLanguage\":\"es\",\"@id\":\"https:\\\/\\\/hense-systeme.com\\\/es\\\/#\\\/schema\\\/logo\\\/image\\\/\",\"url\":\"https:\\\/\\\/hense-systeme.com\\\/wp-content\\\/uploads\\\/2024\\\/02\\\/hense_logo.svg\",\"contentUrl\":\"https:\\\/\\\/hense-systeme.com\\\/wp-content\\\/uploads\\\/2024\\\/02\\\/hense_logo.svg\",\"width\":241,\"height\":76,\"caption\":\"Hense Systemtechnik GmbH &amp; Co. KG\"},\"image\":{\"@id\":\"https:\\\/\\\/hense-systeme.com\\\/es\\\/#\\\/schema\\\/logo\\\/image\\\/\"}}]}<\/script>\n<!-- \/ Yoast SEO plugin. -->","yoast_head_json":{"title":"Pie de imprenta - Hense Systemtechnik GmbH &amp; Co. KG","robots":{"index":"index","follow":"follow","max-snippet":"max-snippet:-1","max-image-preview":"max-image-preview:large","max-video-preview":"max-video-preview:-1"},"canonical":"https:\/\/hense-systeme.com\/es\/pie-de-imprenta\/","og_locale":"es_ES","og_type":"article","og_title":"Pie de imprenta - Hense Systemtechnik GmbH &amp; Co. KG","og_url":"https:\/\/hense-systeme.com\/es\/pie-de-imprenta\/","og_site_name":"Hense Systemtechnik GmbH &amp; Co. KG","article_modified_time":"2024-10-23T08:08:13+00:00","twitter_card":"summary_large_image","twitter_misc":{"Tiempo de lectura":"6 minutos"},"schema":{"@context":"https:\/\/schema.org","@graph":[{"@type":"WebPage","@id":"https:\/\/hense-systeme.com\/es\/pie-de-imprenta\/","url":"https:\/\/hense-systeme.com\/es\/pie-de-imprenta\/","name":"Pie de imprenta - Hense Systemtechnik GmbH &amp; Co. KG","isPartOf":{"@id":"https:\/\/hense-systeme.com\/es\/#website"},"datePublished":"2024-02-07T13:22:26+00:00","dateModified":"2024-10-23T08:08:13+00:00","breadcrumb":{"@id":"https:\/\/hense-systeme.com\/es\/pie-de-imprenta\/#breadcrumb"},"inLanguage":"es","potentialAction":[{"@type":"ReadAction","target":["https:\/\/hense-systeme.com\/es\/pie-de-imprenta\/"]}]},{"@type":"BreadcrumbList","@id":"https:\/\/hense-systeme.com\/es\/pie-de-imprenta\/#breadcrumb","itemListElement":[{"@type":"ListItem","position":1,"name":"Startseite","item":"https:\/\/hense-systeme.com\/es\/"},{"@type":"ListItem","position":2,"name":"Pie de imprenta"}]},{"@type":"WebSite","@id":"https:\/\/hense-systeme.com\/es\/#website","url":"https:\/\/hense-systeme.com\/es\/","name":"Hense Systemtechnik GmbH &amp; Co. KG","description":"","publisher":{"@id":"https:\/\/hense-systeme.com\/es\/#organization"},"potentialAction":[{"@type":"SearchAction","target":{"@type":"EntryPoint","urlTemplate":"https:\/\/hense-systeme.com\/es\/?s={search_term_string}"},"query-input":{"@type":"PropertyValueSpecification","valueRequired":true,"valueName":"search_term_string"}}],"inLanguage":"es"},{"@type":"Organization","@id":"https:\/\/hense-systeme.com\/es\/#organization","name":"Hense Systemtechnik GmbH &amp; Co. KG","url":"https:\/\/hense-systeme.com\/es\/","logo":{"@type":"ImageObject","inLanguage":"es","@id":"https:\/\/hense-systeme.com\/es\/#\/schema\/logo\/image\/","url":"https:\/\/hense-systeme.com\/wp-content\/uploads\/2024\/02\/hense_logo.svg","contentUrl":"https:\/\/hense-systeme.com\/wp-content\/uploads\/2024\/02\/hense_logo.svg","width":241,"height":76,"caption":"Hense Systemtechnik GmbH &amp; Co. KG"},"image":{"@id":"https:\/\/hense-systeme.com\/es\/#\/schema\/logo\/image\/"}}]}},"_links":{"self":[{"href":"https:\/\/hense-systeme.com\/es\/wp-json\/wp\/v2\/pages\/6213","targetHints":{"allow":["GET"]}}],"collection":[{"href":"https:\/\/hense-systeme.com\/es\/wp-json\/wp\/v2\/pages"}],"about":[{"href":"https:\/\/hense-systeme.com\/es\/wp-json\/wp\/v2\/types\/page"}],"author":[{"embeddable":true,"href":"https:\/\/hense-systeme.com\/es\/wp-json\/wp\/v2\/users\/1"}],"replies":[{"embeddable":true,"href":"https:\/\/hense-systeme.com\/es\/wp-json\/wp\/v2\/comments?post=6213"}],"version-history":[{"count":2,"href":"https:\/\/hense-systeme.com\/es\/wp-json\/wp\/v2\/pages\/6213\/revisions"}],"predecessor-version":[{"id":9951,"href":"https:\/\/hense-systeme.com\/es\/wp-json\/wp\/v2\/pages\/6213\/revisions\/9951"}],"wp:attachment":[{"href":"https:\/\/hense-systeme.com\/es\/wp-json\/wp\/v2\/media?parent=6213"}],"curies":[{"name":"wp","href":"https:\/\/api.w.org\/{rel}","templated":true}]}}