{"id":6592,"date":"2024-02-13T14:02:55","date_gmt":"2024-02-13T13:02:55","guid":{"rendered":"https:\/\/hense.pixel-tal.de\/produkt\/serie-l-10\/"},"modified":"2024-04-08T15:17:04","modified_gmt":"2024-04-08T13:17:04","slug":"serie-l-10","status":"publish","type":"product","link":"https:\/\/hense-systeme.com\/es\/produkt\/serie-l-10\/","title":{"rendered":"Serie L-10"},"content":{"rendered":"<p>La serie L-10 tiene nuestro accionamiento hidr\u00e1ulico m\u00e1s peque\u00f1o y compacto con engranaje helicoidal. Con su capacidad de carga axial extremadamente alta en un dise\u00f1o delgado y cil\u00edndrico con montaje de brida y accionamiento, la serie L-10 ultracompacta es ideal para aplicaciones con espacio limitado. La tecnolog\u00eda hidr\u00e1ulica de estr\u00edas deslizantes con engranaje helicoidal de Helac no se autobloquea y ofrece tanto una alta resistencia a los impactos como un elevado par de retenci\u00f3n para aplicaciones exigentes.<\/p>\n<p>La serie L-10 funciona como dispositivo giratorio, as\u00ed como soporte de montaje y estructura de apoyo, por lo que no se requieren sistemas de rodamientos externos, frenos ni dispositivos de bloqueo. Disponible en cinco tama\u00f1os est\u00e1ndar con un par de salida de hasta 2.825 Nm a 210 bar.<\/p>","protected":false},"excerpt":{"rendered":"<p>La serie L-10 tiene nuestro accionamiento hidr\u00e1ulico m\u00e1s peque\u00f1o y compacto con engranaje helicoidal. Disponible en cinco tama\u00f1os est\u00e1ndar con un par de salida de hasta 2.825 Nm a 210 bar.<\/p>\n","protected":false},"featured_media":7333,"parent":0,"template":"","product_applications":[],"product_category":[90],"class_list":["post-6592","product","type-product","status-publish","has-post-thumbnail","hentry","product_category-actuadores-de-fraccion-de-vuelta-helac","no-featured-image-padding"],"acf":[],"yoast_head":"<!-- This site is optimized with the Yoast SEO plugin v27.3 - https:\/\/yoast.com\/product\/yoast-seo-wordpress\/ -->\n<title>Serie L-10 - Hense Systemtechnik GmbH &amp; Co. KG<\/title>\n<meta name=\"robots\" content=\"index, follow, max-snippet:-1, max-image-preview:large, max-video-preview:-1\" \/>\n<link rel=\"canonical\" href=\"https:\/\/hense-systeme.com\/es\/produkt\/serie-l-10\/\" \/>\n<meta property=\"og:locale\" content=\"es_ES\" \/>\n<meta property=\"og:type\" content=\"article\" \/>\n<meta property=\"og:title\" content=\"Serie L-10 - Hense Systemtechnik GmbH &amp; Co. KG\" \/>\n<meta property=\"og:description\" content=\"La serie L-10 tiene nuestro accionamiento hidr\u00e1ulico m\u00e1s peque\u00f1o y compacto con engranaje helicoidal. Disponible en cinco tama\u00f1os est\u00e1ndar con un par de salida de hasta 2.825 Nm a 210 bar.\" \/>\n<meta property=\"og:url\" content=\"https:\/\/hense-systeme.com\/es\/produkt\/serie-l-10\/\" \/>\n<meta property=\"og:site_name\" content=\"Hense Systemtechnik GmbH &amp; Co. KG\" \/>\n<meta property=\"article:modified_time\" content=\"2024-04-08T13:17:04+00:00\" \/>\n<meta property=\"og:image\" content=\"https:\/\/hense-systeme.com\/wp-content\/uploads\/produkt_helac_l10_serie.png\" \/>\n\t<meta property=\"og:image:width\" content=\"467\" \/>\n\t<meta property=\"og:image:height\" content=\"437\" \/>\n\t<meta property=\"og:image:type\" content=\"image\/png\" \/>\n<meta name=\"twitter:card\" content=\"summary_large_image\" \/>\n<meta name=\"twitter:label1\" content=\"Tiempo de lectura\" \/>\n\t<meta name=\"twitter:data1\" content=\"1 minuto\" \/>\n<script type=\"application\/ld+json\" class=\"yoast-schema-graph\">{\"@context\":\"https:\\\/\\\/schema.org\",\"@graph\":[{\"@type\":\"WebPage\",\"@id\":\"https:\\\/\\\/hense-systeme.com\\\/es\\\/produkt\\\/serie-l-10\\\/\",\"url\":\"https:\\\/\\\/hense-systeme.com\\\/es\\\/produkt\\\/serie-l-10\\\/\",\"name\":\"Serie L-10 - Hense Systemtechnik GmbH &amp; Co. KG\",\"isPartOf\":{\"@id\":\"https:\\\/\\\/hense-systeme.com\\\/es\\\/#website\"},\"primaryImageOfPage\":{\"@id\":\"https:\\\/\\\/hense-systeme.com\\\/es\\\/produkt\\\/serie-l-10\\\/#primaryimage\"},\"image\":{\"@id\":\"https:\\\/\\\/hense-systeme.com\\\/es\\\/produkt\\\/serie-l-10\\\/#primaryimage\"},\"thumbnailUrl\":\"https:\\\/\\\/hense-systeme.com\\\/wp-content\\\/uploads\\\/produkt_helac_l10_serie.png\",\"datePublished\":\"2024-02-13T13:02:55+00:00\",\"dateModified\":\"2024-04-08T13:17:04+00:00\",\"breadcrumb\":{\"@id\":\"https:\\\/\\\/hense-systeme.com\\\/es\\\/produkt\\\/serie-l-10\\\/#breadcrumb\"},\"inLanguage\":\"es\",\"potentialAction\":[{\"@type\":\"ReadAction\",\"target\":[\"https:\\\/\\\/hense-systeme.com\\\/es\\\/produkt\\\/serie-l-10\\\/\"]}]},{\"@type\":\"ImageObject\",\"inLanguage\":\"es\",\"@id\":\"https:\\\/\\\/hense-systeme.com\\\/es\\\/produkt\\\/serie-l-10\\\/#primaryimage\",\"url\":\"https:\\\/\\\/hense-systeme.com\\\/wp-content\\\/uploads\\\/produkt_helac_l10_serie.png\",\"contentUrl\":\"https:\\\/\\\/hense-systeme.com\\\/wp-content\\\/uploads\\\/produkt_helac_l10_serie.png\",\"width\":467,\"height\":437},{\"@type\":\"BreadcrumbList\",\"@id\":\"https:\\\/\\\/hense-systeme.com\\\/es\\\/produkt\\\/serie-l-10\\\/#breadcrumb\",\"itemListElement\":[{\"@type\":\"ListItem\",\"position\":1,\"name\":\"Startseite\",\"item\":\"https:\\\/\\\/hense-systeme.com\\\/es\\\/\"},{\"@type\":\"ListItem\",\"position\":2,\"name\":\"Produkte\",\"item\":\"https:\\\/\\\/hense-systeme.com\\\/es\\\/produkt\\\/\"},{\"@type\":\"ListItem\",\"position\":3,\"name\":\"Serie L-10\"}]},{\"@type\":\"WebSite\",\"@id\":\"https:\\\/\\\/hense-systeme.com\\\/es\\\/#website\",\"url\":\"https:\\\/\\\/hense-systeme.com\\\/es\\\/\",\"name\":\"Hense Systemtechnik GmbH &amp; Co. KG\",\"description\":\"\",\"publisher\":{\"@id\":\"https:\\\/\\\/hense-systeme.com\\\/es\\\/#organization\"},\"potentialAction\":[{\"@type\":\"SearchAction\",\"target\":{\"@type\":\"EntryPoint\",\"urlTemplate\":\"https:\\\/\\\/hense-systeme.com\\\/es\\\/?s={search_term_string}\"},\"query-input\":{\"@type\":\"PropertyValueSpecification\",\"valueRequired\":true,\"valueName\":\"search_term_string\"}}],\"inLanguage\":\"es\"},{\"@type\":\"Organization\",\"@id\":\"https:\\\/\\\/hense-systeme.com\\\/es\\\/#organization\",\"name\":\"Hense Systemtechnik GmbH &amp; Co. KG\",\"url\":\"https:\\\/\\\/hense-systeme.com\\\/es\\\/\",\"logo\":{\"@type\":\"ImageObject\",\"inLanguage\":\"es\",\"@id\":\"https:\\\/\\\/hense-systeme.com\\\/es\\\/#\\\/schema\\\/logo\\\/image\\\/\",\"url\":\"https:\\\/\\\/hense-systeme.com\\\/wp-content\\\/uploads\\\/2024\\\/02\\\/hense_logo.svg\",\"contentUrl\":\"https:\\\/\\\/hense-systeme.com\\\/wp-content\\\/uploads\\\/2024\\\/02\\\/hense_logo.svg\",\"width\":241,\"height\":76,\"caption\":\"Hense Systemtechnik GmbH &amp; Co. KG\"},\"image\":{\"@id\":\"https:\\\/\\\/hense-systeme.com\\\/es\\\/#\\\/schema\\\/logo\\\/image\\\/\"}}]}<\/script>\n<!-- \/ Yoast SEO plugin. -->","yoast_head_json":{"title":"Serie L-10 - Hense Systemtechnik GmbH &amp; Co. KG","robots":{"index":"index","follow":"follow","max-snippet":"max-snippet:-1","max-image-preview":"max-image-preview:large","max-video-preview":"max-video-preview:-1"},"canonical":"https:\/\/hense-systeme.com\/es\/produkt\/serie-l-10\/","og_locale":"es_ES","og_type":"article","og_title":"Serie L-10 - Hense Systemtechnik GmbH &amp; Co. KG","og_description":"La serie L-10 tiene nuestro accionamiento hidr\u00e1ulico m\u00e1s peque\u00f1o y compacto con engranaje helicoidal. Disponible en cinco tama\u00f1os est\u00e1ndar con un par de salida de hasta 2.825 Nm a 210 bar.","og_url":"https:\/\/hense-systeme.com\/es\/produkt\/serie-l-10\/","og_site_name":"Hense Systemtechnik GmbH &amp; Co. KG","article_modified_time":"2024-04-08T13:17:04+00:00","og_image":[{"width":467,"height":437,"url":"https:\/\/hense-systeme.com\/wp-content\/uploads\/produkt_helac_l10_serie.png","type":"image\/png"}],"twitter_card":"summary_large_image","twitter_misc":{"Tiempo de lectura":"1 minuto"},"schema":{"@context":"https:\/\/schema.org","@graph":[{"@type":"WebPage","@id":"https:\/\/hense-systeme.com\/es\/produkt\/serie-l-10\/","url":"https:\/\/hense-systeme.com\/es\/produkt\/serie-l-10\/","name":"Serie L-10 - Hense Systemtechnik GmbH &amp; Co. KG","isPartOf":{"@id":"https:\/\/hense-systeme.com\/es\/#website"},"primaryImageOfPage":{"@id":"https:\/\/hense-systeme.com\/es\/produkt\/serie-l-10\/#primaryimage"},"image":{"@id":"https:\/\/hense-systeme.com\/es\/produkt\/serie-l-10\/#primaryimage"},"thumbnailUrl":"https:\/\/hense-systeme.com\/wp-content\/uploads\/produkt_helac_l10_serie.png","datePublished":"2024-02-13T13:02:55+00:00","dateModified":"2024-04-08T13:17:04+00:00","breadcrumb":{"@id":"https:\/\/hense-systeme.com\/es\/produkt\/serie-l-10\/#breadcrumb"},"inLanguage":"es","potentialAction":[{"@type":"ReadAction","target":["https:\/\/hense-systeme.com\/es\/produkt\/serie-l-10\/"]}]},{"@type":"ImageObject","inLanguage":"es","@id":"https:\/\/hense-systeme.com\/es\/produkt\/serie-l-10\/#primaryimage","url":"https:\/\/hense-systeme.com\/wp-content\/uploads\/produkt_helac_l10_serie.png","contentUrl":"https:\/\/hense-systeme.com\/wp-content\/uploads\/produkt_helac_l10_serie.png","width":467,"height":437},{"@type":"BreadcrumbList","@id":"https:\/\/hense-systeme.com\/es\/produkt\/serie-l-10\/#breadcrumb","itemListElement":[{"@type":"ListItem","position":1,"name":"Startseite","item":"https:\/\/hense-systeme.com\/es\/"},{"@type":"ListItem","position":2,"name":"Produkte","item":"https:\/\/hense-systeme.com\/es\/produkt\/"},{"@type":"ListItem","position":3,"name":"Serie L-10"}]},{"@type":"WebSite","@id":"https:\/\/hense-systeme.com\/es\/#website","url":"https:\/\/hense-systeme.com\/es\/","name":"Hense Systemtechnik GmbH &amp; Co. KG","description":"","publisher":{"@id":"https:\/\/hense-systeme.com\/es\/#organization"},"potentialAction":[{"@type":"SearchAction","target":{"@type":"EntryPoint","urlTemplate":"https:\/\/hense-systeme.com\/es\/?s={search_term_string}"},"query-input":{"@type":"PropertyValueSpecification","valueRequired":true,"valueName":"search_term_string"}}],"inLanguage":"es"},{"@type":"Organization","@id":"https:\/\/hense-systeme.com\/es\/#organization","name":"Hense Systemtechnik GmbH &amp; Co. KG","url":"https:\/\/hense-systeme.com\/es\/","logo":{"@type":"ImageObject","inLanguage":"es","@id":"https:\/\/hense-systeme.com\/es\/#\/schema\/logo\/image\/","url":"https:\/\/hense-systeme.com\/wp-content\/uploads\/2024\/02\/hense_logo.svg","contentUrl":"https:\/\/hense-systeme.com\/wp-content\/uploads\/2024\/02\/hense_logo.svg","width":241,"height":76,"caption":"Hense Systemtechnik GmbH &amp; Co. KG"},"image":{"@id":"https:\/\/hense-systeme.com\/es\/#\/schema\/logo\/image\/"}}]}},"_links":{"self":[{"href":"https:\/\/hense-systeme.com\/es\/wp-json\/wp\/v2\/product\/6592","targetHints":{"allow":["GET"]}}],"collection":[{"href":"https:\/\/hense-systeme.com\/es\/wp-json\/wp\/v2\/product"}],"about":[{"href":"https:\/\/hense-systeme.com\/es\/wp-json\/wp\/v2\/types\/product"}],"version-history":[{"count":1,"href":"https:\/\/hense-systeme.com\/es\/wp-json\/wp\/v2\/product\/6592\/revisions"}],"predecessor-version":[{"id":7334,"href":"https:\/\/hense-systeme.com\/es\/wp-json\/wp\/v2\/product\/6592\/revisions\/7334"}],"wp:featuredmedia":[{"embeddable":true,"href":"https:\/\/hense-systeme.com\/es\/wp-json\/wp\/v2\/media\/7333"}],"wp:attachment":[{"href":"https:\/\/hense-systeme.com\/es\/wp-json\/wp\/v2\/media?parent=6592"}],"wp:term":[{"taxonomy":"product_applications","embeddable":true,"href":"https:\/\/hense-systeme.com\/es\/wp-json\/wp\/v2\/product_applications?post=6592"},{"taxonomy":"product_category","embeddable":true,"href":"https:\/\/hense-systeme.com\/es\/wp-json\/wp\/v2\/product_category?post=6592"}],"curies":[{"name":"wp","href":"https:\/\/api.w.org\/{rel}","templated":true}]}}