{"id":6594,"date":"2024-02-13T14:02:56","date_gmt":"2024-02-13T13:02:56","guid":{"rendered":"https:\/\/hense.pixel-tal.de\/produkt\/cambiador-de-palets-en-serie\/"},"modified":"2024-04-08T15:17:04","modified_gmt":"2024-04-08T13:17:04","slug":"cambiador-de-palets-en-serie","status":"publish","type":"product","link":"https:\/\/hense-systeme.com\/es\/produkt\/cambiador-de-palets-en-serie\/","title":{"rendered":"Cambiador de palets en serie"},"content":{"rendered":"<p>En la disposici\u00f3n en serie, un eje de accionamiento lineal (cilindro lineal de doble efecto), que tambi\u00e9n est\u00e1 alineado verticalmente, est\u00e1 montado en el eje de accionamiento giratorio alineado verticalmente (motor giratorio), es decir, el v\u00e1stago del cilindro y el eje de salida del motor giratorio est\u00e1n acoplados mec\u00e1nicamente mediante una conexi\u00f3n eje-cubo deslizante.<\/p>\n<p>El portapalets se eleva mediante el v\u00e1stago del pist\u00f3n, que tambi\u00e9n sirve de cojinete para el portapalets y absorbe con seguridad todas las fuerzas generadas durante la carga asim\u00e9trica.<\/p>\n<p>Ofrecemos soluciones personalizadas para diversas aplicaciones. Nuestro equipo cualificado estar\u00e1 encantado de asesorarle.<\/p>","protected":false},"excerpt":{"rendered":"<p>Esta versi\u00f3n genera un dise\u00f1o estrecho y alargado. Al mismo tiempo, el dise\u00f1o en serie elimina la necesidad de almacenar por separado el portapalets.  <\/p>\n","protected":false},"featured_media":7336,"parent":0,"template":"","product_applications":[],"product_category":[91],"class_list":["post-6594","product","type-product","status-publish","has-post-thumbnail","hentry","product_category-combinacion-elevador-giratorio","no-featured-image-padding"],"acf":[],"yoast_head":"<!-- This site is optimized with the Yoast SEO plugin v27.3 - https:\/\/yoast.com\/product\/yoast-seo-wordpress\/ -->\n<title>Unidad de elevaci\u00f3n y giro: Cambiador de palets de serie Hense<\/title>\n<meta name=\"description\" content=\"La unidad de elevaci\u00f3n y giro en serie de Hense permite soluciones de automatizaci\u00f3n espec\u00edficas para el cliente para un aprovechamiento \u00f3ptimo del espacio y la eficiencia de los procesos.\" \/>\n<meta name=\"robots\" content=\"index, follow, max-snippet:-1, max-image-preview:large, max-video-preview:-1\" \/>\n<link rel=\"canonical\" href=\"https:\/\/hense-systeme.com\/es\/produkt\/cambiador-de-palets-en-serie\/\" \/>\n<meta property=\"og:locale\" content=\"es_ES\" \/>\n<meta property=\"og:type\" content=\"article\" \/>\n<meta property=\"og:title\" content=\"Unidad de elevaci\u00f3n y giro: Cambiador de palets de serie Hense\" \/>\n<meta property=\"og:description\" content=\"La unidad de elevaci\u00f3n y giro en serie de Hense permite soluciones de automatizaci\u00f3n espec\u00edficas para el cliente para un aprovechamiento \u00f3ptimo del espacio y la eficiencia de los procesos.\" \/>\n<meta property=\"og:url\" content=\"https:\/\/hense-systeme.com\/es\/produkt\/cambiador-de-palets-en-serie\/\" \/>\n<meta property=\"og:site_name\" content=\"Hense Systemtechnik GmbH &amp; Co. KG\" \/>\n<meta property=\"article:modified_time\" content=\"2024-04-08T13:17:04+00:00\" \/>\n<meta property=\"og:image\" content=\"https:\/\/hense-systeme.com\/wp-content\/uploads\/produkt_hub_schwenksysteme_seriell_02.png\" \/>\n\t<meta property=\"og:image:width\" content=\"467\" \/>\n\t<meta property=\"og:image:height\" content=\"442\" \/>\n\t<meta property=\"og:image:type\" content=\"image\/png\" \/>\n<meta name=\"twitter:card\" content=\"summary_large_image\" \/>\n<meta name=\"twitter:label1\" content=\"Tiempo de lectura\" \/>\n\t<meta name=\"twitter:data1\" content=\"1 minuto\" \/>\n<script type=\"application\/ld+json\" class=\"yoast-schema-graph\">{\"@context\":\"https:\\\/\\\/schema.org\",\"@graph\":[{\"@type\":\"WebPage\",\"@id\":\"https:\\\/\\\/hense-systeme.com\\\/es\\\/produkt\\\/cambiador-de-palets-en-serie\\\/\",\"url\":\"https:\\\/\\\/hense-systeme.com\\\/es\\\/produkt\\\/cambiador-de-palets-en-serie\\\/\",\"name\":\"Unidad de elevaci\u00f3n y giro: Cambiador de palets de serie Hense\",\"isPartOf\":{\"@id\":\"https:\\\/\\\/hense-systeme.com\\\/es\\\/#website\"},\"primaryImageOfPage\":{\"@id\":\"https:\\\/\\\/hense-systeme.com\\\/es\\\/produkt\\\/cambiador-de-palets-en-serie\\\/#primaryimage\"},\"image\":{\"@id\":\"https:\\\/\\\/hense-systeme.com\\\/es\\\/produkt\\\/cambiador-de-palets-en-serie\\\/#primaryimage\"},\"thumbnailUrl\":\"https:\\\/\\\/hense-systeme.com\\\/wp-content\\\/uploads\\\/produkt_hub_schwenksysteme_seriell_02.png\",\"datePublished\":\"2024-02-13T13:02:56+00:00\",\"dateModified\":\"2024-04-08T13:17:04+00:00\",\"description\":\"La unidad de elevaci\u00f3n y giro en serie de Hense permite soluciones de automatizaci\u00f3n espec\u00edficas para el cliente para un aprovechamiento \u00f3ptimo del espacio y la eficiencia de los procesos.\",\"breadcrumb\":{\"@id\":\"https:\\\/\\\/hense-systeme.com\\\/es\\\/produkt\\\/cambiador-de-palets-en-serie\\\/#breadcrumb\"},\"inLanguage\":\"es\",\"potentialAction\":[{\"@type\":\"ReadAction\",\"target\":[\"https:\\\/\\\/hense-systeme.com\\\/es\\\/produkt\\\/cambiador-de-palets-en-serie\\\/\"]}]},{\"@type\":\"ImageObject\",\"inLanguage\":\"es\",\"@id\":\"https:\\\/\\\/hense-systeme.com\\\/es\\\/produkt\\\/cambiador-de-palets-en-serie\\\/#primaryimage\",\"url\":\"https:\\\/\\\/hense-systeme.com\\\/wp-content\\\/uploads\\\/produkt_hub_schwenksysteme_seriell_02.png\",\"contentUrl\":\"https:\\\/\\\/hense-systeme.com\\\/wp-content\\\/uploads\\\/produkt_hub_schwenksysteme_seriell_02.png\",\"width\":467,\"height\":442},{\"@type\":\"BreadcrumbList\",\"@id\":\"https:\\\/\\\/hense-systeme.com\\\/es\\\/produkt\\\/cambiador-de-palets-en-serie\\\/#breadcrumb\",\"itemListElement\":[{\"@type\":\"ListItem\",\"position\":1,\"name\":\"Startseite\",\"item\":\"https:\\\/\\\/hense-systeme.com\\\/es\\\/\"},{\"@type\":\"ListItem\",\"position\":2,\"name\":\"Produkte\",\"item\":\"https:\\\/\\\/hense-systeme.com\\\/es\\\/produkt\\\/\"},{\"@type\":\"ListItem\",\"position\":3,\"name\":\"Cambiador de palets en serie\"}]},{\"@type\":\"WebSite\",\"@id\":\"https:\\\/\\\/hense-systeme.com\\\/es\\\/#website\",\"url\":\"https:\\\/\\\/hense-systeme.com\\\/es\\\/\",\"name\":\"Hense Systemtechnik GmbH &amp; Co. KG\",\"description\":\"\",\"publisher\":{\"@id\":\"https:\\\/\\\/hense-systeme.com\\\/es\\\/#organization\"},\"potentialAction\":[{\"@type\":\"SearchAction\",\"target\":{\"@type\":\"EntryPoint\",\"urlTemplate\":\"https:\\\/\\\/hense-systeme.com\\\/es\\\/?s={search_term_string}\"},\"query-input\":{\"@type\":\"PropertyValueSpecification\",\"valueRequired\":true,\"valueName\":\"search_term_string\"}}],\"inLanguage\":\"es\"},{\"@type\":\"Organization\",\"@id\":\"https:\\\/\\\/hense-systeme.com\\\/es\\\/#organization\",\"name\":\"Hense Systemtechnik GmbH &amp; Co. KG\",\"url\":\"https:\\\/\\\/hense-systeme.com\\\/es\\\/\",\"logo\":{\"@type\":\"ImageObject\",\"inLanguage\":\"es\",\"@id\":\"https:\\\/\\\/hense-systeme.com\\\/es\\\/#\\\/schema\\\/logo\\\/image\\\/\",\"url\":\"https:\\\/\\\/hense-systeme.com\\\/wp-content\\\/uploads\\\/2024\\\/02\\\/hense_logo.svg\",\"contentUrl\":\"https:\\\/\\\/hense-systeme.com\\\/wp-content\\\/uploads\\\/2024\\\/02\\\/hense_logo.svg\",\"width\":241,\"height\":76,\"caption\":\"Hense Systemtechnik GmbH &amp; Co. KG\"},\"image\":{\"@id\":\"https:\\\/\\\/hense-systeme.com\\\/es\\\/#\\\/schema\\\/logo\\\/image\\\/\"}}]}<\/script>\n<!-- \/ Yoast SEO plugin. -->","yoast_head_json":{"title":"Unidad de elevaci\u00f3n y giro: Cambiador de palets de serie Hense","description":"La unidad de elevaci\u00f3n y giro en serie de Hense permite soluciones de automatizaci\u00f3n espec\u00edficas para el cliente para un aprovechamiento \u00f3ptimo del espacio y la eficiencia de los procesos.","robots":{"index":"index","follow":"follow","max-snippet":"max-snippet:-1","max-image-preview":"max-image-preview:large","max-video-preview":"max-video-preview:-1"},"canonical":"https:\/\/hense-systeme.com\/es\/produkt\/cambiador-de-palets-en-serie\/","og_locale":"es_ES","og_type":"article","og_title":"Unidad de elevaci\u00f3n y giro: Cambiador de palets de serie Hense","og_description":"La unidad de elevaci\u00f3n y giro en serie de Hense permite soluciones de automatizaci\u00f3n espec\u00edficas para el cliente para un aprovechamiento \u00f3ptimo del espacio y la eficiencia de los procesos.","og_url":"https:\/\/hense-systeme.com\/es\/produkt\/cambiador-de-palets-en-serie\/","og_site_name":"Hense Systemtechnik GmbH &amp; Co. KG","article_modified_time":"2024-04-08T13:17:04+00:00","og_image":[{"width":467,"height":442,"url":"https:\/\/hense-systeme.com\/wp-content\/uploads\/produkt_hub_schwenksysteme_seriell_02.png","type":"image\/png"}],"twitter_card":"summary_large_image","twitter_misc":{"Tiempo de lectura":"1 minuto"},"schema":{"@context":"https:\/\/schema.org","@graph":[{"@type":"WebPage","@id":"https:\/\/hense-systeme.com\/es\/produkt\/cambiador-de-palets-en-serie\/","url":"https:\/\/hense-systeme.com\/es\/produkt\/cambiador-de-palets-en-serie\/","name":"Unidad de elevaci\u00f3n y giro: Cambiador de palets de serie Hense","isPartOf":{"@id":"https:\/\/hense-systeme.com\/es\/#website"},"primaryImageOfPage":{"@id":"https:\/\/hense-systeme.com\/es\/produkt\/cambiador-de-palets-en-serie\/#primaryimage"},"image":{"@id":"https:\/\/hense-systeme.com\/es\/produkt\/cambiador-de-palets-en-serie\/#primaryimage"},"thumbnailUrl":"https:\/\/hense-systeme.com\/wp-content\/uploads\/produkt_hub_schwenksysteme_seriell_02.png","datePublished":"2024-02-13T13:02:56+00:00","dateModified":"2024-04-08T13:17:04+00:00","description":"La unidad de elevaci\u00f3n y giro en serie de Hense permite soluciones de automatizaci\u00f3n espec\u00edficas para el cliente para un aprovechamiento \u00f3ptimo del espacio y la eficiencia de los procesos.","breadcrumb":{"@id":"https:\/\/hense-systeme.com\/es\/produkt\/cambiador-de-palets-en-serie\/#breadcrumb"},"inLanguage":"es","potentialAction":[{"@type":"ReadAction","target":["https:\/\/hense-systeme.com\/es\/produkt\/cambiador-de-palets-en-serie\/"]}]},{"@type":"ImageObject","inLanguage":"es","@id":"https:\/\/hense-systeme.com\/es\/produkt\/cambiador-de-palets-en-serie\/#primaryimage","url":"https:\/\/hense-systeme.com\/wp-content\/uploads\/produkt_hub_schwenksysteme_seriell_02.png","contentUrl":"https:\/\/hense-systeme.com\/wp-content\/uploads\/produkt_hub_schwenksysteme_seriell_02.png","width":467,"height":442},{"@type":"BreadcrumbList","@id":"https:\/\/hense-systeme.com\/es\/produkt\/cambiador-de-palets-en-serie\/#breadcrumb","itemListElement":[{"@type":"ListItem","position":1,"name":"Startseite","item":"https:\/\/hense-systeme.com\/es\/"},{"@type":"ListItem","position":2,"name":"Produkte","item":"https:\/\/hense-systeme.com\/es\/produkt\/"},{"@type":"ListItem","position":3,"name":"Cambiador de palets en serie"}]},{"@type":"WebSite","@id":"https:\/\/hense-systeme.com\/es\/#website","url":"https:\/\/hense-systeme.com\/es\/","name":"Hense Systemtechnik GmbH &amp; Co. KG","description":"","publisher":{"@id":"https:\/\/hense-systeme.com\/es\/#organization"},"potentialAction":[{"@type":"SearchAction","target":{"@type":"EntryPoint","urlTemplate":"https:\/\/hense-systeme.com\/es\/?s={search_term_string}"},"query-input":{"@type":"PropertyValueSpecification","valueRequired":true,"valueName":"search_term_string"}}],"inLanguage":"es"},{"@type":"Organization","@id":"https:\/\/hense-systeme.com\/es\/#organization","name":"Hense Systemtechnik GmbH &amp; Co. KG","url":"https:\/\/hense-systeme.com\/es\/","logo":{"@type":"ImageObject","inLanguage":"es","@id":"https:\/\/hense-systeme.com\/es\/#\/schema\/logo\/image\/","url":"https:\/\/hense-systeme.com\/wp-content\/uploads\/2024\/02\/hense_logo.svg","contentUrl":"https:\/\/hense-systeme.com\/wp-content\/uploads\/2024\/02\/hense_logo.svg","width":241,"height":76,"caption":"Hense Systemtechnik GmbH &amp; Co. KG"},"image":{"@id":"https:\/\/hense-systeme.com\/es\/#\/schema\/logo\/image\/"}}]}},"_links":{"self":[{"href":"https:\/\/hense-systeme.com\/es\/wp-json\/wp\/v2\/product\/6594","targetHints":{"allow":["GET"]}}],"collection":[{"href":"https:\/\/hense-systeme.com\/es\/wp-json\/wp\/v2\/product"}],"about":[{"href":"https:\/\/hense-systeme.com\/es\/wp-json\/wp\/v2\/types\/product"}],"version-history":[{"count":1,"href":"https:\/\/hense-systeme.com\/es\/wp-json\/wp\/v2\/product\/6594\/revisions"}],"predecessor-version":[{"id":7337,"href":"https:\/\/hense-systeme.com\/es\/wp-json\/wp\/v2\/product\/6594\/revisions\/7337"}],"wp:featuredmedia":[{"embeddable":true,"href":"https:\/\/hense-systeme.com\/es\/wp-json\/wp\/v2\/media\/7336"}],"wp:attachment":[{"href":"https:\/\/hense-systeme.com\/es\/wp-json\/wp\/v2\/media?parent=6594"}],"wp:term":[{"taxonomy":"product_applications","embeddable":true,"href":"https:\/\/hense-systeme.com\/es\/wp-json\/wp\/v2\/product_applications?post=6594"},{"taxonomy":"product_category","embeddable":true,"href":"https:\/\/hense-systeme.com\/es\/wp-json\/wp\/v2\/product_category?post=6594"}],"curies":[{"name":"wp","href":"https:\/\/api.w.org\/{rel}","templated":true}]}}