{"id":6596,"date":"2024-02-13T14:02:56","date_gmt":"2024-02-13T13:02:56","guid":{"rendered":"https:\/\/hense.pixel-tal.de\/produkt\/cambiador-de-palets-paralelo\/"},"modified":"2024-04-08T15:17:04","modified_gmt":"2024-04-08T13:17:04","slug":"cambiador-de-palets-paralelo","status":"publish","type":"product","link":"https:\/\/hense-systeme.com\/es\/produkt\/cambiador-de-palets-paralelo\/","title":{"rendered":"Cambiador de palets paralelo"},"content":{"rendered":"<p>En principio, el eje de accionamiento giratorio alineado verticalmente (motor giratorio) se coloca junto al eje de accionamiento lineal alineado verticalmente de forma an\u00e1loga, preferiblemente compuesto por dos cilindros lineales, en disposici\u00f3n paralela. El motor giratorio se inserta y eleva en un soporte de motor montado por separado en gu\u00edas lineales.<\/p>\n<p>El soporte de paletas se monta directamente en el eje del motor giratorio o en un cojinete pivotante independiente en el soporte del motor. De este modo, se absorben con seguridad los momentos de vuelco provocados por condiciones de carga asim\u00e9tricas de gran magnitud.<\/p>\n<p>Ofrecemos soluciones personalizadas para diversas aplicaciones. Nuestro equipo cualificado estar\u00e1 encantado de asesorarle.<\/p>","protected":false},"excerpt":{"rendered":"<p>Este dise\u00f1o genera un cambiador de paletas corto y m\u00e1s ancho con un espacio libre debajo del eje giratorio. Esto permite, por ejemplo, colocar el eje pivotante directamente encima de un transportador de virutas.<\/p>\n","protected":false},"featured_media":7350,"parent":0,"template":"","product_applications":[],"product_category":[91],"class_list":["post-6596","product","type-product","status-publish","has-post-thumbnail","hentry","product_category-combinacion-elevador-giratorio","no-featured-image-padding"],"acf":[],"yoast_head":"<!-- This site is optimized with the Yoast SEO plugin v26.9 - https:\/\/yoast.com\/product\/yoast-seo-wordpress\/ -->\n<title>Unidad de elevaci\u00f3n y giro: Cambiador de palets paralelo Hense<\/title>\n<meta name=\"description\" content=\"Ampl\u00ede sus soluciones de automatizaci\u00f3n con la versi\u00f3n paralela de la unidad lineal giratoria Hense para aplicaciones vers\u00e1tiles\" \/>\n<meta name=\"robots\" content=\"index, follow, max-snippet:-1, max-image-preview:large, max-video-preview:-1\" \/>\n<link rel=\"canonical\" href=\"https:\/\/hense-systeme.com\/es\/produkt\/cambiador-de-palets-paralelo\/\" \/>\n<meta property=\"og:locale\" content=\"es_ES\" \/>\n<meta property=\"og:type\" content=\"article\" \/>\n<meta property=\"og:title\" content=\"Unidad de elevaci\u00f3n y giro: Cambiador de palets paralelo Hense\" \/>\n<meta property=\"og:description\" content=\"Ampl\u00ede sus soluciones de automatizaci\u00f3n con la versi\u00f3n paralela de la unidad lineal giratoria Hense para aplicaciones vers\u00e1tiles\" \/>\n<meta property=\"og:url\" content=\"https:\/\/hense-systeme.com\/es\/produkt\/cambiador-de-palets-paralelo\/\" \/>\n<meta property=\"og:site_name\" content=\"Hense Systemtechnik GmbH &amp; Co. KG\" \/>\n<meta property=\"article:modified_time\" content=\"2024-04-08T13:17:04+00:00\" \/>\n<meta property=\"og:image\" content=\"https:\/\/hense-systeme.com\/wp-content\/uploads\/produkt_hub_schwenksysteme.png\" \/>\n\t<meta property=\"og:image:width\" content=\"450\" \/>\n\t<meta property=\"og:image:height\" content=\"426\" \/>\n\t<meta property=\"og:image:type\" content=\"image\/png\" \/>\n<meta name=\"twitter:card\" content=\"summary_large_image\" \/>\n<meta name=\"twitter:label1\" content=\"Tiempo de lectura\" \/>\n\t<meta name=\"twitter:data1\" content=\"1 minuto\" \/>\n<script type=\"application\/ld+json\" class=\"yoast-schema-graph\">{\"@context\":\"https:\/\/schema.org\",\"@graph\":[{\"@type\":\"WebPage\",\"@id\":\"https:\/\/hense-systeme.com\/es\/produkt\/cambiador-de-palets-paralelo\/\",\"url\":\"https:\/\/hense-systeme.com\/es\/produkt\/cambiador-de-palets-paralelo\/\",\"name\":\"Unidad de elevaci\u00f3n y giro: Cambiador de palets paralelo Hense\",\"isPartOf\":{\"@id\":\"https:\/\/hense-systeme.com\/es\/#website\"},\"primaryImageOfPage\":{\"@id\":\"https:\/\/hense-systeme.com\/es\/produkt\/cambiador-de-palets-paralelo\/#primaryimage\"},\"image\":{\"@id\":\"https:\/\/hense-systeme.com\/es\/produkt\/cambiador-de-palets-paralelo\/#primaryimage\"},\"thumbnailUrl\":\"https:\/\/hense-systeme.com\/wp-content\/uploads\/produkt_hub_schwenksysteme.png\",\"datePublished\":\"2024-02-13T13:02:56+00:00\",\"dateModified\":\"2024-04-08T13:17:04+00:00\",\"description\":\"Ampl\u00ede sus soluciones de automatizaci\u00f3n con la versi\u00f3n paralela de la unidad lineal giratoria Hense para aplicaciones vers\u00e1tiles\",\"breadcrumb\":{\"@id\":\"https:\/\/hense-systeme.com\/es\/produkt\/cambiador-de-palets-paralelo\/#breadcrumb\"},\"inLanguage\":\"es\",\"potentialAction\":[{\"@type\":\"ReadAction\",\"target\":[\"https:\/\/hense-systeme.com\/es\/produkt\/cambiador-de-palets-paralelo\/\"]}]},{\"@type\":\"ImageObject\",\"inLanguage\":\"es\",\"@id\":\"https:\/\/hense-systeme.com\/es\/produkt\/cambiador-de-palets-paralelo\/#primaryimage\",\"url\":\"https:\/\/hense-systeme.com\/wp-content\/uploads\/produkt_hub_schwenksysteme.png\",\"contentUrl\":\"https:\/\/hense-systeme.com\/wp-content\/uploads\/produkt_hub_schwenksysteme.png\",\"width\":450,\"height\":426},{\"@type\":\"BreadcrumbList\",\"@id\":\"https:\/\/hense-systeme.com\/es\/produkt\/cambiador-de-palets-paralelo\/#breadcrumb\",\"itemListElement\":[{\"@type\":\"ListItem\",\"position\":1,\"name\":\"Startseite\",\"item\":\"https:\/\/hense-systeme.com\/es\/\"},{\"@type\":\"ListItem\",\"position\":2,\"name\":\"Produkte\",\"item\":\"https:\/\/hense-systeme.com\/es\/produkt\/\"},{\"@type\":\"ListItem\",\"position\":3,\"name\":\"Cambiador de palets paralelo\"}]},{\"@type\":\"WebSite\",\"@id\":\"https:\/\/hense-systeme.com\/es\/#website\",\"url\":\"https:\/\/hense-systeme.com\/es\/\",\"name\":\"Hense Systemtechnik GmbH &amp; Co. KG\",\"description\":\"\",\"publisher\":{\"@id\":\"https:\/\/hense-systeme.com\/es\/#organization\"},\"potentialAction\":[{\"@type\":\"SearchAction\",\"target\":{\"@type\":\"EntryPoint\",\"urlTemplate\":\"https:\/\/hense-systeme.com\/es\/?s={search_term_string}\"},\"query-input\":{\"@type\":\"PropertyValueSpecification\",\"valueRequired\":true,\"valueName\":\"search_term_string\"}}],\"inLanguage\":\"es\"},{\"@type\":\"Organization\",\"@id\":\"https:\/\/hense-systeme.com\/es\/#organization\",\"name\":\"Hense Systemtechnik GmbH &amp; Co. KG\",\"url\":\"https:\/\/hense-systeme.com\/es\/\",\"logo\":{\"@type\":\"ImageObject\",\"inLanguage\":\"es\",\"@id\":\"https:\/\/hense-systeme.com\/es\/#\/schema\/logo\/image\/\",\"url\":\"https:\/\/hense-systeme.com\/wp-content\/uploads\/2024\/02\/hense_logo.svg\",\"contentUrl\":\"https:\/\/hense-systeme.com\/wp-content\/uploads\/2024\/02\/hense_logo.svg\",\"width\":241,\"height\":76,\"caption\":\"Hense Systemtechnik GmbH &amp; Co. KG\"},\"image\":{\"@id\":\"https:\/\/hense-systeme.com\/es\/#\/schema\/logo\/image\/\"}}]}<\/script>\n<!-- \/ Yoast SEO plugin. -->","yoast_head_json":{"title":"Unidad de elevaci\u00f3n y giro: Cambiador de palets paralelo Hense","description":"Ampl\u00ede sus soluciones de automatizaci\u00f3n con la versi\u00f3n paralela de la unidad lineal giratoria Hense para aplicaciones vers\u00e1tiles","robots":{"index":"index","follow":"follow","max-snippet":"max-snippet:-1","max-image-preview":"max-image-preview:large","max-video-preview":"max-video-preview:-1"},"canonical":"https:\/\/hense-systeme.com\/es\/produkt\/cambiador-de-palets-paralelo\/","og_locale":"es_ES","og_type":"article","og_title":"Unidad de elevaci\u00f3n y giro: Cambiador de palets paralelo Hense","og_description":"Ampl\u00ede sus soluciones de automatizaci\u00f3n con la versi\u00f3n paralela de la unidad lineal giratoria Hense para aplicaciones vers\u00e1tiles","og_url":"https:\/\/hense-systeme.com\/es\/produkt\/cambiador-de-palets-paralelo\/","og_site_name":"Hense Systemtechnik GmbH &amp; Co. KG","article_modified_time":"2024-04-08T13:17:04+00:00","og_image":[{"width":450,"height":426,"url":"https:\/\/hense-systeme.com\/wp-content\/uploads\/produkt_hub_schwenksysteme.png","type":"image\/png"}],"twitter_card":"summary_large_image","twitter_misc":{"Tiempo de lectura":"1 minuto"},"schema":{"@context":"https:\/\/schema.org","@graph":[{"@type":"WebPage","@id":"https:\/\/hense-systeme.com\/es\/produkt\/cambiador-de-palets-paralelo\/","url":"https:\/\/hense-systeme.com\/es\/produkt\/cambiador-de-palets-paralelo\/","name":"Unidad de elevaci\u00f3n y giro: Cambiador de palets paralelo Hense","isPartOf":{"@id":"https:\/\/hense-systeme.com\/es\/#website"},"primaryImageOfPage":{"@id":"https:\/\/hense-systeme.com\/es\/produkt\/cambiador-de-palets-paralelo\/#primaryimage"},"image":{"@id":"https:\/\/hense-systeme.com\/es\/produkt\/cambiador-de-palets-paralelo\/#primaryimage"},"thumbnailUrl":"https:\/\/hense-systeme.com\/wp-content\/uploads\/produkt_hub_schwenksysteme.png","datePublished":"2024-02-13T13:02:56+00:00","dateModified":"2024-04-08T13:17:04+00:00","description":"Ampl\u00ede sus soluciones de automatizaci\u00f3n con la versi\u00f3n paralela de la unidad lineal giratoria Hense para aplicaciones vers\u00e1tiles","breadcrumb":{"@id":"https:\/\/hense-systeme.com\/es\/produkt\/cambiador-de-palets-paralelo\/#breadcrumb"},"inLanguage":"es","potentialAction":[{"@type":"ReadAction","target":["https:\/\/hense-systeme.com\/es\/produkt\/cambiador-de-palets-paralelo\/"]}]},{"@type":"ImageObject","inLanguage":"es","@id":"https:\/\/hense-systeme.com\/es\/produkt\/cambiador-de-palets-paralelo\/#primaryimage","url":"https:\/\/hense-systeme.com\/wp-content\/uploads\/produkt_hub_schwenksysteme.png","contentUrl":"https:\/\/hense-systeme.com\/wp-content\/uploads\/produkt_hub_schwenksysteme.png","width":450,"height":426},{"@type":"BreadcrumbList","@id":"https:\/\/hense-systeme.com\/es\/produkt\/cambiador-de-palets-paralelo\/#breadcrumb","itemListElement":[{"@type":"ListItem","position":1,"name":"Startseite","item":"https:\/\/hense-systeme.com\/es\/"},{"@type":"ListItem","position":2,"name":"Produkte","item":"https:\/\/hense-systeme.com\/es\/produkt\/"},{"@type":"ListItem","position":3,"name":"Cambiador de palets paralelo"}]},{"@type":"WebSite","@id":"https:\/\/hense-systeme.com\/es\/#website","url":"https:\/\/hense-systeme.com\/es\/","name":"Hense Systemtechnik GmbH &amp; Co. KG","description":"","publisher":{"@id":"https:\/\/hense-systeme.com\/es\/#organization"},"potentialAction":[{"@type":"SearchAction","target":{"@type":"EntryPoint","urlTemplate":"https:\/\/hense-systeme.com\/es\/?s={search_term_string}"},"query-input":{"@type":"PropertyValueSpecification","valueRequired":true,"valueName":"search_term_string"}}],"inLanguage":"es"},{"@type":"Organization","@id":"https:\/\/hense-systeme.com\/es\/#organization","name":"Hense Systemtechnik GmbH &amp; Co. KG","url":"https:\/\/hense-systeme.com\/es\/","logo":{"@type":"ImageObject","inLanguage":"es","@id":"https:\/\/hense-systeme.com\/es\/#\/schema\/logo\/image\/","url":"https:\/\/hense-systeme.com\/wp-content\/uploads\/2024\/02\/hense_logo.svg","contentUrl":"https:\/\/hense-systeme.com\/wp-content\/uploads\/2024\/02\/hense_logo.svg","width":241,"height":76,"caption":"Hense Systemtechnik GmbH &amp; Co. KG"},"image":{"@id":"https:\/\/hense-systeme.com\/es\/#\/schema\/logo\/image\/"}}]}},"_links":{"self":[{"href":"https:\/\/hense-systeme.com\/es\/wp-json\/wp\/v2\/product\/6596","targetHints":{"allow":["GET"]}}],"collection":[{"href":"https:\/\/hense-systeme.com\/es\/wp-json\/wp\/v2\/product"}],"about":[{"href":"https:\/\/hense-systeme.com\/es\/wp-json\/wp\/v2\/types\/product"}],"version-history":[{"count":1,"href":"https:\/\/hense-systeme.com\/es\/wp-json\/wp\/v2\/product\/6596\/revisions"}],"predecessor-version":[{"id":7351,"href":"https:\/\/hense-systeme.com\/es\/wp-json\/wp\/v2\/product\/6596\/revisions\/7351"}],"wp:featuredmedia":[{"embeddable":true,"href":"https:\/\/hense-systeme.com\/es\/wp-json\/wp\/v2\/media\/7350"}],"wp:attachment":[{"href":"https:\/\/hense-systeme.com\/es\/wp-json\/wp\/v2\/media?parent=6596"}],"wp:term":[{"taxonomy":"product_applications","embeddable":true,"href":"https:\/\/hense-systeme.com\/es\/wp-json\/wp\/v2\/product_applications?post=6596"},{"taxonomy":"product_category","embeddable":true,"href":"https:\/\/hense-systeme.com\/es\/wp-json\/wp\/v2\/product_category?post=6596"}],"curies":[{"name":"wp","href":"https:\/\/api.w.org\/{rel}","templated":true}]}}