{"id":6598,"date":"2024-02-13T14:02:54","date_gmt":"2024-02-13T13:02:54","guid":{"rendered":"https:\/\/hense.pixel-tal.de\/produkt\/serie-hsl\/"},"modified":"2025-06-11T13:33:17","modified_gmt":"2025-06-11T11:33:17","slug":"serie-hsl","status":"publish","type":"product","link":"https:\/\/hense-systeme.com\/es\/produkt\/serie-hsl\/","title":{"rendered":"Motor giratorio HSL"},"content":{"rendered":"<p>Nuestro motor giratorio de paletas rotativas con controles servohidr\u00e1ulicos de la serie HSL puede utilizarse en cualquier posici\u00f3n de montaje. El uso de controles servohidr\u00e1ulicos permite ampliar considerablemente la gama de aplicaciones de los motores basculantes. Se pueden bascular cargas mayores en menos tiempo que con sistemas puramente hidr\u00e1ulicos en los que las v\u00edas de amortiguaci\u00f3n son fijas. En combinaci\u00f3n con un sistema de control de este tipo, el comportamiento de aceleraci\u00f3n y frenado de los motores basculantes puede adaptarse espec\u00edficamente a los requisitos. Esto significa que incluso los movimientos r\u00e1pidos y muy precisos con grandes masas pueden controlarse con seguridad.    <\/p>\n<p>Ofrecemos soluciones personalizadas para una amplia gama de aplicaciones. Nuestro equipo cualificado estar\u00e1 encantado de asesorarte en el dise\u00f1o y la realizaci\u00f3n. <\/p>","protected":false},"excerpt":{"rendered":"<p>Los controles servohidr\u00e1ulicos pueden ampliar considerablemente la gama de aplicaciones de los motores basculantes.<\/p>\n","protected":false},"featured_media":7386,"parent":0,"template":"","product_applications":[58,59,57],"product_category":[94],"class_list":["post-6598","product","type-product","status-publish","has-post-thumbnail","hentry","product_applications-tecnica-de-manipulacion","product_applications-construccion-de-maquinas-especiales","product_applications-ingenieria-mecanica-general","product_category-motores-giratorios-para-aplicaciones-industriales","no-featured-image-padding"],"acf":[],"yoast_head":"<!-- This site is optimized with the Yoast SEO plugin v26.9 - https:\/\/yoast.com\/product\/yoast-seo-wordpress\/ -->\n<title>Motor giratorio hidr\u00e1ulico\/servohidr\u00e1ulico | Serie HSL<\/title>\n<meta name=\"description\" content=\"Actuador hidr\u00e1ulico de cuarto de vuelta con gama de aplicaciones ampliada gracias a los controles servohidr\u00e1ulicos \u25ba \u00a1Cons\u00faltalo ahora!\" \/>\n<meta name=\"robots\" content=\"index, follow, max-snippet:-1, max-image-preview:large, max-video-preview:-1\" \/>\n<link rel=\"canonical\" href=\"https:\/\/hense-systeme.com\/es\/produkt\/serie-hsl\/\" \/>\n<meta property=\"og:locale\" content=\"es_ES\" \/>\n<meta property=\"og:type\" content=\"article\" \/>\n<meta property=\"og:title\" content=\"Motor giratorio hidr\u00e1ulico\/servohidr\u00e1ulico | Serie HSL\" \/>\n<meta property=\"og:description\" content=\"Actuador hidr\u00e1ulico de cuarto de vuelta con gama de aplicaciones ampliada gracias a los controles servohidr\u00e1ulicos \u25ba \u00a1Cons\u00faltalo ahora!\" \/>\n<meta property=\"og:url\" content=\"https:\/\/hense-systeme.com\/es\/produkt\/serie-hsl\/\" \/>\n<meta property=\"og:site_name\" content=\"Hense Systemtechnik GmbH &amp; Co. KG\" \/>\n<meta property=\"article:modified_time\" content=\"2025-06-11T11:33:17+00:00\" \/>\n<meta property=\"og:image\" content=\"https:\/\/hense-systeme.com\/wp-content\/uploads\/produkte_baureihe-hsl.png\" \/>\n\t<meta property=\"og:image:width\" content=\"650\" \/>\n\t<meta property=\"og:image:height\" content=\"448\" \/>\n\t<meta property=\"og:image:type\" content=\"image\/png\" \/>\n<meta name=\"twitter:card\" content=\"summary_large_image\" \/>\n<meta name=\"twitter:label1\" content=\"Tiempo de lectura\" \/>\n\t<meta name=\"twitter:data1\" content=\"1 minuto\" \/>\n<script type=\"application\/ld+json\" class=\"yoast-schema-graph\">{\"@context\":\"https:\/\/schema.org\",\"@graph\":[{\"@type\":\"WebPage\",\"@id\":\"https:\/\/hense-systeme.com\/es\/produkt\/serie-hsl\/\",\"url\":\"https:\/\/hense-systeme.com\/es\/produkt\/serie-hsl\/\",\"name\":\"Motor giratorio hidr\u00e1ulico\/servohidr\u00e1ulico | Serie HSL\",\"isPartOf\":{\"@id\":\"https:\/\/hense-systeme.com\/es\/#website\"},\"primaryImageOfPage\":{\"@id\":\"https:\/\/hense-systeme.com\/es\/produkt\/serie-hsl\/#primaryimage\"},\"image\":{\"@id\":\"https:\/\/hense-systeme.com\/es\/produkt\/serie-hsl\/#primaryimage\"},\"thumbnailUrl\":\"https:\/\/hense-systeme.com\/wp-content\/uploads\/produkte_baureihe-hsl.png\",\"datePublished\":\"2024-02-13T13:02:54+00:00\",\"dateModified\":\"2025-06-11T11:33:17+00:00\",\"description\":\"Actuador hidr\u00e1ulico de cuarto de vuelta con gama de aplicaciones ampliada gracias a los controles servohidr\u00e1ulicos \u25ba \u00a1Cons\u00faltalo ahora!\",\"breadcrumb\":{\"@id\":\"https:\/\/hense-systeme.com\/es\/produkt\/serie-hsl\/#breadcrumb\"},\"inLanguage\":\"es\",\"potentialAction\":[{\"@type\":\"ReadAction\",\"target\":[\"https:\/\/hense-systeme.com\/es\/produkt\/serie-hsl\/\"]}]},{\"@type\":\"ImageObject\",\"inLanguage\":\"es\",\"@id\":\"https:\/\/hense-systeme.com\/es\/produkt\/serie-hsl\/#primaryimage\",\"url\":\"https:\/\/hense-systeme.com\/wp-content\/uploads\/produkte_baureihe-hsl.png\",\"contentUrl\":\"https:\/\/hense-systeme.com\/wp-content\/uploads\/produkte_baureihe-hsl.png\",\"width\":650,\"height\":448},{\"@type\":\"BreadcrumbList\",\"@id\":\"https:\/\/hense-systeme.com\/es\/produkt\/serie-hsl\/#breadcrumb\",\"itemListElement\":[{\"@type\":\"ListItem\",\"position\":1,\"name\":\"Startseite\",\"item\":\"https:\/\/hense-systeme.com\/es\/\"},{\"@type\":\"ListItem\",\"position\":2,\"name\":\"Produkte\",\"item\":\"https:\/\/hense-systeme.com\/es\/produkt\/\"},{\"@type\":\"ListItem\",\"position\":3,\"name\":\"Motor giratorio HSL\"}]},{\"@type\":\"WebSite\",\"@id\":\"https:\/\/hense-systeme.com\/es\/#website\",\"url\":\"https:\/\/hense-systeme.com\/es\/\",\"name\":\"Hense Systemtechnik GmbH &amp; Co. KG\",\"description\":\"\",\"publisher\":{\"@id\":\"https:\/\/hense-systeme.com\/es\/#organization\"},\"potentialAction\":[{\"@type\":\"SearchAction\",\"target\":{\"@type\":\"EntryPoint\",\"urlTemplate\":\"https:\/\/hense-systeme.com\/es\/?s={search_term_string}\"},\"query-input\":{\"@type\":\"PropertyValueSpecification\",\"valueRequired\":true,\"valueName\":\"search_term_string\"}}],\"inLanguage\":\"es\"},{\"@type\":\"Organization\",\"@id\":\"https:\/\/hense-systeme.com\/es\/#organization\",\"name\":\"Hense Systemtechnik GmbH &amp; Co. KG\",\"url\":\"https:\/\/hense-systeme.com\/es\/\",\"logo\":{\"@type\":\"ImageObject\",\"inLanguage\":\"es\",\"@id\":\"https:\/\/hense-systeme.com\/es\/#\/schema\/logo\/image\/\",\"url\":\"https:\/\/hense-systeme.com\/wp-content\/uploads\/2024\/02\/hense_logo.svg\",\"contentUrl\":\"https:\/\/hense-systeme.com\/wp-content\/uploads\/2024\/02\/hense_logo.svg\",\"width\":241,\"height\":76,\"caption\":\"Hense Systemtechnik GmbH &amp; Co. KG\"},\"image\":{\"@id\":\"https:\/\/hense-systeme.com\/es\/#\/schema\/logo\/image\/\"}}]}<\/script>\n<!-- \/ Yoast SEO plugin. -->","yoast_head_json":{"title":"Motor giratorio hidr\u00e1ulico\/servohidr\u00e1ulico | Serie HSL","description":"Actuador hidr\u00e1ulico de cuarto de vuelta con gama de aplicaciones ampliada gracias a los controles servohidr\u00e1ulicos \u25ba \u00a1Cons\u00faltalo ahora!","robots":{"index":"index","follow":"follow","max-snippet":"max-snippet:-1","max-image-preview":"max-image-preview:large","max-video-preview":"max-video-preview:-1"},"canonical":"https:\/\/hense-systeme.com\/es\/produkt\/serie-hsl\/","og_locale":"es_ES","og_type":"article","og_title":"Motor giratorio hidr\u00e1ulico\/servohidr\u00e1ulico | Serie HSL","og_description":"Actuador hidr\u00e1ulico de cuarto de vuelta con gama de aplicaciones ampliada gracias a los controles servohidr\u00e1ulicos \u25ba \u00a1Cons\u00faltalo ahora!","og_url":"https:\/\/hense-systeme.com\/es\/produkt\/serie-hsl\/","og_site_name":"Hense Systemtechnik GmbH &amp; Co. KG","article_modified_time":"2025-06-11T11:33:17+00:00","og_image":[{"width":650,"height":448,"url":"https:\/\/hense-systeme.com\/wp-content\/uploads\/produkte_baureihe-hsl.png","type":"image\/png"}],"twitter_card":"summary_large_image","twitter_misc":{"Tiempo de lectura":"1 minuto"},"schema":{"@context":"https:\/\/schema.org","@graph":[{"@type":"WebPage","@id":"https:\/\/hense-systeme.com\/es\/produkt\/serie-hsl\/","url":"https:\/\/hense-systeme.com\/es\/produkt\/serie-hsl\/","name":"Motor giratorio hidr\u00e1ulico\/servohidr\u00e1ulico | Serie HSL","isPartOf":{"@id":"https:\/\/hense-systeme.com\/es\/#website"},"primaryImageOfPage":{"@id":"https:\/\/hense-systeme.com\/es\/produkt\/serie-hsl\/#primaryimage"},"image":{"@id":"https:\/\/hense-systeme.com\/es\/produkt\/serie-hsl\/#primaryimage"},"thumbnailUrl":"https:\/\/hense-systeme.com\/wp-content\/uploads\/produkte_baureihe-hsl.png","datePublished":"2024-02-13T13:02:54+00:00","dateModified":"2025-06-11T11:33:17+00:00","description":"Actuador hidr\u00e1ulico de cuarto de vuelta con gama de aplicaciones ampliada gracias a los controles servohidr\u00e1ulicos \u25ba \u00a1Cons\u00faltalo ahora!","breadcrumb":{"@id":"https:\/\/hense-systeme.com\/es\/produkt\/serie-hsl\/#breadcrumb"},"inLanguage":"es","potentialAction":[{"@type":"ReadAction","target":["https:\/\/hense-systeme.com\/es\/produkt\/serie-hsl\/"]}]},{"@type":"ImageObject","inLanguage":"es","@id":"https:\/\/hense-systeme.com\/es\/produkt\/serie-hsl\/#primaryimage","url":"https:\/\/hense-systeme.com\/wp-content\/uploads\/produkte_baureihe-hsl.png","contentUrl":"https:\/\/hense-systeme.com\/wp-content\/uploads\/produkte_baureihe-hsl.png","width":650,"height":448},{"@type":"BreadcrumbList","@id":"https:\/\/hense-systeme.com\/es\/produkt\/serie-hsl\/#breadcrumb","itemListElement":[{"@type":"ListItem","position":1,"name":"Startseite","item":"https:\/\/hense-systeme.com\/es\/"},{"@type":"ListItem","position":2,"name":"Produkte","item":"https:\/\/hense-systeme.com\/es\/produkt\/"},{"@type":"ListItem","position":3,"name":"Motor giratorio HSL"}]},{"@type":"WebSite","@id":"https:\/\/hense-systeme.com\/es\/#website","url":"https:\/\/hense-systeme.com\/es\/","name":"Hense Systemtechnik GmbH &amp; Co. KG","description":"","publisher":{"@id":"https:\/\/hense-systeme.com\/es\/#organization"},"potentialAction":[{"@type":"SearchAction","target":{"@type":"EntryPoint","urlTemplate":"https:\/\/hense-systeme.com\/es\/?s={search_term_string}"},"query-input":{"@type":"PropertyValueSpecification","valueRequired":true,"valueName":"search_term_string"}}],"inLanguage":"es"},{"@type":"Organization","@id":"https:\/\/hense-systeme.com\/es\/#organization","name":"Hense Systemtechnik GmbH &amp; Co. KG","url":"https:\/\/hense-systeme.com\/es\/","logo":{"@type":"ImageObject","inLanguage":"es","@id":"https:\/\/hense-systeme.com\/es\/#\/schema\/logo\/image\/","url":"https:\/\/hense-systeme.com\/wp-content\/uploads\/2024\/02\/hense_logo.svg","contentUrl":"https:\/\/hense-systeme.com\/wp-content\/uploads\/2024\/02\/hense_logo.svg","width":241,"height":76,"caption":"Hense Systemtechnik GmbH &amp; Co. KG"},"image":{"@id":"https:\/\/hense-systeme.com\/es\/#\/schema\/logo\/image\/"}}]}},"_links":{"self":[{"href":"https:\/\/hense-systeme.com\/es\/wp-json\/wp\/v2\/product\/6598","targetHints":{"allow":["GET"]}}],"collection":[{"href":"https:\/\/hense-systeme.com\/es\/wp-json\/wp\/v2\/product"}],"about":[{"href":"https:\/\/hense-systeme.com\/es\/wp-json\/wp\/v2\/types\/product"}],"version-history":[{"count":4,"href":"https:\/\/hense-systeme.com\/es\/wp-json\/wp\/v2\/product\/6598\/revisions"}],"predecessor-version":[{"id":10942,"href":"https:\/\/hense-systeme.com\/es\/wp-json\/wp\/v2\/product\/6598\/revisions\/10942"}],"wp:featuredmedia":[{"embeddable":true,"href":"https:\/\/hense-systeme.com\/es\/wp-json\/wp\/v2\/media\/7386"}],"wp:attachment":[{"href":"https:\/\/hense-systeme.com\/es\/wp-json\/wp\/v2\/media?parent=6598"}],"wp:term":[{"taxonomy":"product_applications","embeddable":true,"href":"https:\/\/hense-systeme.com\/es\/wp-json\/wp\/v2\/product_applications?post=6598"},{"taxonomy":"product_category","embeddable":true,"href":"https:\/\/hense-systeme.com\/es\/wp-json\/wp\/v2\/product_category?post=6598"}],"curies":[{"name":"wp","href":"https:\/\/api.w.org\/{rel}","templated":true}]}}