{"id":6599,"date":"2024-02-13T14:02:54","date_gmt":"2024-02-13T13:02:54","guid":{"rendered":"https:\/\/hense.pixel-tal.de\/produkt\/serie-hss\/"},"modified":"2025-06-11T13:33:11","modified_gmt":"2025-06-11T11:33:11","slug":"serie-hss","status":"publish","type":"product","link":"https:\/\/hense-systeme.com\/es\/produkt\/serie-hss\/","title":{"rendered":"Motor giratorio HSS"},"content":{"rendered":"<p>Nuestro motor rotativo de paletas de la serie HSS puede utilizarse en cualquier posici\u00f3n de montaje. Como todos los motores basculantes Hense Systeme, este motor basculante est\u00e1 dise\u00f1ado seg\u00fan el principio de la aleta giratoria. El eje de accionamiento tiene cojinetes lisos axiales y radiales en casquillos recubiertos. El recubrimiento utilizado est\u00e1 optimizado tribol\u00f3gicamente y garantiza un bajo desgaste. El aceite hidr\u00e1ulico suministrado garantiza una lubricaci\u00f3n suficiente de los puntos de apoyo. Para reducir la fricci\u00f3n interna del motor, la separaci\u00f3n hidr\u00e1ulica de las c\u00e1maras de trabajo de esta serie se consigue en parte mediante secciones de estrangulaci\u00f3n dependientes de la presi\u00f3n y la viscosidad.     <\/p>\n<p>Los motores HSS son ideales para generar movimientos oscilatorios de giro en la gama de frecuencias con peque\u00f1as amplitudes angulares en sistemas controlados. Por ello, se recomienda utilizar la serie HSS siempre que sea necesario realizar ensayos de torsi\u00f3n semidin\u00e1micos de forma fiable y rentable. <\/p>\n<p><strong>Oscilador<\/strong>hidr\u00e1ulico <strong>servohidr\u00e1ulico<br \/>\n<\/strong>Junto con otros componentes de alta calidad, como servov\u00e1lvulas, acumuladores de pulsaciones y sistemas de medici\u00f3n angular de alta resoluci\u00f3n, el oscilador hidr\u00e1ulico est\u00e1 dise\u00f1ado para generar cargas de torsi\u00f3n alternantes.<\/p>\n<p>Ofrecemos soluciones personalizadas para una amplia gama de aplicaciones. Nuestro equipo cualificado estar\u00e1 encantado de asesorarte en el dise\u00f1o y la realizaci\u00f3n. <\/p>","protected":false},"excerpt":{"rendered":"<p>Estos accionamientos se utilizan preferentemente en sistemas controlados con movimientos oscilantes de giro en el rango de baja frecuencia. Cierran la brecha tecnol\u00f3gica entre los motores basculantes convencionales para aplicaciones industriales y la serie HSH. <\/p>\n","protected":false},"featured_media":7418,"parent":0,"template":"","product_applications":[],"product_category":[93],"class_list":["post-6599","product","type-product","status-publish","has-post-thumbnail","hentry","product_category-tecnica-de-banco-de-pruebas","no-featured-image-padding"],"acf":[],"yoast_head":"<!-- This site is optimized with the Yoast SEO plugin v27.3 - https:\/\/yoast.com\/product\/yoast-seo-wordpress\/ -->\n<title>Motor rotativo de paletas HSS para sistemas altamente din\u00e1micos<\/title>\n<meta name=\"description\" content=\"\u00a1Motores hidr\u00e1ulicos basculantes de la serie HSS con ejes de transmisi\u00f3n de cojinetes lisos radiales y axiales para pruebas de torsi\u00f3n semidin\u00e1micas! M\u00e1s informaci\u00f3n\" \/>\n<meta name=\"robots\" content=\"index, follow, max-snippet:-1, max-image-preview:large, max-video-preview:-1\" \/>\n<link rel=\"canonical\" href=\"https:\/\/hense-systeme.com\/es\/produkt\/serie-hss\/\" \/>\n<meta property=\"og:locale\" content=\"es_ES\" \/>\n<meta property=\"og:type\" content=\"article\" \/>\n<meta property=\"og:title\" content=\"Motor rotativo de paletas HSS para sistemas altamente din\u00e1micos\" \/>\n<meta property=\"og:description\" content=\"\u00a1Motores hidr\u00e1ulicos basculantes de la serie HSS con ejes de transmisi\u00f3n de cojinetes lisos radiales y axiales para pruebas de torsi\u00f3n semidin\u00e1micas! M\u00e1s informaci\u00f3n\" \/>\n<meta property=\"og:url\" content=\"https:\/\/hense-systeme.com\/es\/produkt\/serie-hss\/\" \/>\n<meta property=\"og:site_name\" content=\"Hense Systemtechnik GmbH &amp; Co. KG\" \/>\n<meta property=\"article:modified_time\" content=\"2025-06-11T11:33:11+00:00\" \/>\n<meta property=\"og:image\" content=\"https:\/\/hense-systeme.com\/wp-content\/uploads\/produkte_baureihe-hss_02.png\" \/>\n\t<meta property=\"og:image:width\" content=\"450\" \/>\n\t<meta property=\"og:image:height\" content=\"412\" \/>\n\t<meta property=\"og:image:type\" content=\"image\/png\" \/>\n<meta name=\"twitter:card\" content=\"summary_large_image\" \/>\n<meta name=\"twitter:label1\" content=\"Tiempo de lectura\" \/>\n\t<meta name=\"twitter:data1\" content=\"1 minuto\" \/>\n<script type=\"application\/ld+json\" class=\"yoast-schema-graph\">{\"@context\":\"https:\\\/\\\/schema.org\",\"@graph\":[{\"@type\":\"WebPage\",\"@id\":\"https:\\\/\\\/hense-systeme.com\\\/es\\\/produkt\\\/serie-hss\\\/\",\"url\":\"https:\\\/\\\/hense-systeme.com\\\/es\\\/produkt\\\/serie-hss\\\/\",\"name\":\"Motor rotativo de paletas HSS para sistemas altamente din\u00e1micos\",\"isPartOf\":{\"@id\":\"https:\\\/\\\/hense-systeme.com\\\/es\\\/#website\"},\"primaryImageOfPage\":{\"@id\":\"https:\\\/\\\/hense-systeme.com\\\/es\\\/produkt\\\/serie-hss\\\/#primaryimage\"},\"image\":{\"@id\":\"https:\\\/\\\/hense-systeme.com\\\/es\\\/produkt\\\/serie-hss\\\/#primaryimage\"},\"thumbnailUrl\":\"https:\\\/\\\/hense-systeme.com\\\/wp-content\\\/uploads\\\/produkte_baureihe-hss_02.png\",\"datePublished\":\"2024-02-13T13:02:54+00:00\",\"dateModified\":\"2025-06-11T11:33:11+00:00\",\"description\":\"\u00a1Motores hidr\u00e1ulicos basculantes de la serie HSS con ejes de transmisi\u00f3n de cojinetes lisos radiales y axiales para pruebas de torsi\u00f3n semidin\u00e1micas! M\u00e1s informaci\u00f3n\",\"breadcrumb\":{\"@id\":\"https:\\\/\\\/hense-systeme.com\\\/es\\\/produkt\\\/serie-hss\\\/#breadcrumb\"},\"inLanguage\":\"es\",\"potentialAction\":[{\"@type\":\"ReadAction\",\"target\":[\"https:\\\/\\\/hense-systeme.com\\\/es\\\/produkt\\\/serie-hss\\\/\"]}]},{\"@type\":\"ImageObject\",\"inLanguage\":\"es\",\"@id\":\"https:\\\/\\\/hense-systeme.com\\\/es\\\/produkt\\\/serie-hss\\\/#primaryimage\",\"url\":\"https:\\\/\\\/hense-systeme.com\\\/wp-content\\\/uploads\\\/produkte_baureihe-hss_02.png\",\"contentUrl\":\"https:\\\/\\\/hense-systeme.com\\\/wp-content\\\/uploads\\\/produkte_baureihe-hss_02.png\",\"width\":450,\"height\":412},{\"@type\":\"BreadcrumbList\",\"@id\":\"https:\\\/\\\/hense-systeme.com\\\/es\\\/produkt\\\/serie-hss\\\/#breadcrumb\",\"itemListElement\":[{\"@type\":\"ListItem\",\"position\":1,\"name\":\"Startseite\",\"item\":\"https:\\\/\\\/hense-systeme.com\\\/es\\\/\"},{\"@type\":\"ListItem\",\"position\":2,\"name\":\"Produkte\",\"item\":\"https:\\\/\\\/hense-systeme.com\\\/es\\\/produkt\\\/\"},{\"@type\":\"ListItem\",\"position\":3,\"name\":\"Motor giratorio HSS\"}]},{\"@type\":\"WebSite\",\"@id\":\"https:\\\/\\\/hense-systeme.com\\\/es\\\/#website\",\"url\":\"https:\\\/\\\/hense-systeme.com\\\/es\\\/\",\"name\":\"Hense Systemtechnik GmbH &amp; Co. KG\",\"description\":\"\",\"publisher\":{\"@id\":\"https:\\\/\\\/hense-systeme.com\\\/es\\\/#organization\"},\"potentialAction\":[{\"@type\":\"SearchAction\",\"target\":{\"@type\":\"EntryPoint\",\"urlTemplate\":\"https:\\\/\\\/hense-systeme.com\\\/es\\\/?s={search_term_string}\"},\"query-input\":{\"@type\":\"PropertyValueSpecification\",\"valueRequired\":true,\"valueName\":\"search_term_string\"}}],\"inLanguage\":\"es\"},{\"@type\":\"Organization\",\"@id\":\"https:\\\/\\\/hense-systeme.com\\\/es\\\/#organization\",\"name\":\"Hense Systemtechnik GmbH &amp; Co. KG\",\"url\":\"https:\\\/\\\/hense-systeme.com\\\/es\\\/\",\"logo\":{\"@type\":\"ImageObject\",\"inLanguage\":\"es\",\"@id\":\"https:\\\/\\\/hense-systeme.com\\\/es\\\/#\\\/schema\\\/logo\\\/image\\\/\",\"url\":\"https:\\\/\\\/hense-systeme.com\\\/wp-content\\\/uploads\\\/2024\\\/02\\\/hense_logo.svg\",\"contentUrl\":\"https:\\\/\\\/hense-systeme.com\\\/wp-content\\\/uploads\\\/2024\\\/02\\\/hense_logo.svg\",\"width\":241,\"height\":76,\"caption\":\"Hense Systemtechnik GmbH &amp; Co. KG\"},\"image\":{\"@id\":\"https:\\\/\\\/hense-systeme.com\\\/es\\\/#\\\/schema\\\/logo\\\/image\\\/\"}}]}<\/script>\n<!-- \/ Yoast SEO plugin. -->","yoast_head_json":{"title":"Motor rotativo de paletas HSS para sistemas altamente din\u00e1micos","description":"\u00a1Motores hidr\u00e1ulicos basculantes de la serie HSS con ejes de transmisi\u00f3n de cojinetes lisos radiales y axiales para pruebas de torsi\u00f3n semidin\u00e1micas! M\u00e1s informaci\u00f3n","robots":{"index":"index","follow":"follow","max-snippet":"max-snippet:-1","max-image-preview":"max-image-preview:large","max-video-preview":"max-video-preview:-1"},"canonical":"https:\/\/hense-systeme.com\/es\/produkt\/serie-hss\/","og_locale":"es_ES","og_type":"article","og_title":"Motor rotativo de paletas HSS para sistemas altamente din\u00e1micos","og_description":"\u00a1Motores hidr\u00e1ulicos basculantes de la serie HSS con ejes de transmisi\u00f3n de cojinetes lisos radiales y axiales para pruebas de torsi\u00f3n semidin\u00e1micas! M\u00e1s informaci\u00f3n","og_url":"https:\/\/hense-systeme.com\/es\/produkt\/serie-hss\/","og_site_name":"Hense Systemtechnik GmbH &amp; Co. KG","article_modified_time":"2025-06-11T11:33:11+00:00","og_image":[{"width":450,"height":412,"url":"https:\/\/hense-systeme.com\/wp-content\/uploads\/produkte_baureihe-hss_02.png","type":"image\/png"}],"twitter_card":"summary_large_image","twitter_misc":{"Tiempo de lectura":"1 minuto"},"schema":{"@context":"https:\/\/schema.org","@graph":[{"@type":"WebPage","@id":"https:\/\/hense-systeme.com\/es\/produkt\/serie-hss\/","url":"https:\/\/hense-systeme.com\/es\/produkt\/serie-hss\/","name":"Motor rotativo de paletas HSS para sistemas altamente din\u00e1micos","isPartOf":{"@id":"https:\/\/hense-systeme.com\/es\/#website"},"primaryImageOfPage":{"@id":"https:\/\/hense-systeme.com\/es\/produkt\/serie-hss\/#primaryimage"},"image":{"@id":"https:\/\/hense-systeme.com\/es\/produkt\/serie-hss\/#primaryimage"},"thumbnailUrl":"https:\/\/hense-systeme.com\/wp-content\/uploads\/produkte_baureihe-hss_02.png","datePublished":"2024-02-13T13:02:54+00:00","dateModified":"2025-06-11T11:33:11+00:00","description":"\u00a1Motores hidr\u00e1ulicos basculantes de la serie HSS con ejes de transmisi\u00f3n de cojinetes lisos radiales y axiales para pruebas de torsi\u00f3n semidin\u00e1micas! M\u00e1s informaci\u00f3n","breadcrumb":{"@id":"https:\/\/hense-systeme.com\/es\/produkt\/serie-hss\/#breadcrumb"},"inLanguage":"es","potentialAction":[{"@type":"ReadAction","target":["https:\/\/hense-systeme.com\/es\/produkt\/serie-hss\/"]}]},{"@type":"ImageObject","inLanguage":"es","@id":"https:\/\/hense-systeme.com\/es\/produkt\/serie-hss\/#primaryimage","url":"https:\/\/hense-systeme.com\/wp-content\/uploads\/produkte_baureihe-hss_02.png","contentUrl":"https:\/\/hense-systeme.com\/wp-content\/uploads\/produkte_baureihe-hss_02.png","width":450,"height":412},{"@type":"BreadcrumbList","@id":"https:\/\/hense-systeme.com\/es\/produkt\/serie-hss\/#breadcrumb","itemListElement":[{"@type":"ListItem","position":1,"name":"Startseite","item":"https:\/\/hense-systeme.com\/es\/"},{"@type":"ListItem","position":2,"name":"Produkte","item":"https:\/\/hense-systeme.com\/es\/produkt\/"},{"@type":"ListItem","position":3,"name":"Motor giratorio HSS"}]},{"@type":"WebSite","@id":"https:\/\/hense-systeme.com\/es\/#website","url":"https:\/\/hense-systeme.com\/es\/","name":"Hense Systemtechnik GmbH &amp; Co. KG","description":"","publisher":{"@id":"https:\/\/hense-systeme.com\/es\/#organization"},"potentialAction":[{"@type":"SearchAction","target":{"@type":"EntryPoint","urlTemplate":"https:\/\/hense-systeme.com\/es\/?s={search_term_string}"},"query-input":{"@type":"PropertyValueSpecification","valueRequired":true,"valueName":"search_term_string"}}],"inLanguage":"es"},{"@type":"Organization","@id":"https:\/\/hense-systeme.com\/es\/#organization","name":"Hense Systemtechnik GmbH &amp; Co. KG","url":"https:\/\/hense-systeme.com\/es\/","logo":{"@type":"ImageObject","inLanguage":"es","@id":"https:\/\/hense-systeme.com\/es\/#\/schema\/logo\/image\/","url":"https:\/\/hense-systeme.com\/wp-content\/uploads\/2024\/02\/hense_logo.svg","contentUrl":"https:\/\/hense-systeme.com\/wp-content\/uploads\/2024\/02\/hense_logo.svg","width":241,"height":76,"caption":"Hense Systemtechnik GmbH &amp; Co. KG"},"image":{"@id":"https:\/\/hense-systeme.com\/es\/#\/schema\/logo\/image\/"}}]}},"_links":{"self":[{"href":"https:\/\/hense-systeme.com\/es\/wp-json\/wp\/v2\/product\/6599","targetHints":{"allow":["GET"]}}],"collection":[{"href":"https:\/\/hense-systeme.com\/es\/wp-json\/wp\/v2\/product"}],"about":[{"href":"https:\/\/hense-systeme.com\/es\/wp-json\/wp\/v2\/types\/product"}],"version-history":[{"count":3,"href":"https:\/\/hense-systeme.com\/es\/wp-json\/wp\/v2\/product\/6599\/revisions"}],"predecessor-version":[{"id":10934,"href":"https:\/\/hense-systeme.com\/es\/wp-json\/wp\/v2\/product\/6599\/revisions\/10934"}],"wp:featuredmedia":[{"embeddable":true,"href":"https:\/\/hense-systeme.com\/es\/wp-json\/wp\/v2\/media\/7418"}],"wp:attachment":[{"href":"https:\/\/hense-systeme.com\/es\/wp-json\/wp\/v2\/media?parent=6599"}],"wp:term":[{"taxonomy":"product_applications","embeddable":true,"href":"https:\/\/hense-systeme.com\/es\/wp-json\/wp\/v2\/product_applications?post=6599"},{"taxonomy":"product_category","embeddable":true,"href":"https:\/\/hense-systeme.com\/es\/wp-json\/wp\/v2\/product_category?post=6599"}],"curies":[{"name":"wp","href":"https:\/\/api.w.org\/{rel}","templated":true}]}}