{"id":6716,"date":"2024-02-13T14:02:53","date_gmt":"2024-02-13T13:02:53","guid":{"rendered":"https:\/\/hense.pixel-tal.de\/produkt\/serie-hsb\/"},"modified":"2025-06-11T13:33:10","modified_gmt":"2025-06-11T11:33:10","slug":"serie-hsb","status":"publish","type":"product","link":"https:\/\/hense-systeme.com\/es\/produkt\/serie-hsb\/","title":{"rendered":"Motor giratorio HSB"},"content":{"rendered":"<p>Nuestro motor para puertas batientes de la serie HSB puede utilizarse en cualquier posici\u00f3n de montaje. El motor basculante con freno multidisco accionado por muelle y liberado hidr\u00e1ulicamente acoplado se recomienda si una vez alcanzada una posici\u00f3n basculante debe permanecer invariable -incluso durante un tiempo ilimitado- a pesar del efecto de un par de carga. El freno se utiliza \u00fanicamente para retener la carga. S\u00f3lo hay que tener en cuenta que los grandes retardos de transmisi\u00f3n en las l\u00edneas pueden provocar diferencias de tiempo entre la desconexi\u00f3n del motor de giro y la aplicaci\u00f3n del freno liberado por la fuerza del muelle.   <\/p>\n<p>Para ofrecer a nuestros clientes el accionamiento adecuado para todos los \u00e1mbitos de aplicaci\u00f3n, el motor orientable HSB est\u00e1 disponible en un total de 5 versiones diferentes. A continuaci\u00f3n enumeramos los datos m\u00e1s importantes. Encontrar\u00e1s m\u00e1s detalles en nuestra hoja de datos.  <\/p>","protected":false},"excerpt":{"rendered":"<p>Los motores basculantes se utilizan cuando una posici\u00f3n basculante debe permanecer invariable una vez alcanzada a pesar del efecto de un par de carga.<\/p>\n","protected":false},"featured_media":6810,"parent":0,"template":"","product_applications":[58,59,57],"product_category":[94],"class_list":["post-6716","product","type-product","status-publish","has-post-thumbnail","hentry","product_applications-tecnica-de-manipulacion","product_applications-construccion-de-maquinas-especiales","product_applications-ingenieria-mecanica-general","product_category-motores-giratorios-para-aplicaciones-industriales","no-featured-image-padding"],"acf":[],"yoast_head":"<!-- This site is optimized with the Yoast SEO plugin v27.3 - https:\/\/yoast.com\/product\/yoast-seo-wordpress\/ -->\n<title>Motor rotativo de paletas con freno de retenci\u00f3n | Serie HSB<\/title>\n<meta name=\"description\" content=\"Motores giratorios de paletas con frenos de retenci\u00f3n de liberaci\u00f3n hidr\u00e1ulica para una posici\u00f3n giratoria sin cambios \u25ba \u00a1Descubre m\u00e1s ahora!\" \/>\n<meta name=\"robots\" content=\"index, follow, max-snippet:-1, max-image-preview:large, max-video-preview:-1\" \/>\n<link rel=\"canonical\" href=\"https:\/\/hense-systeme.com\/es\/produkt\/serie-hsb\/\" \/>\n<meta property=\"og:locale\" content=\"es_ES\" \/>\n<meta property=\"og:type\" content=\"article\" \/>\n<meta property=\"og:title\" content=\"Motor rotativo de paletas con freno de retenci\u00f3n | Serie HSB\" \/>\n<meta property=\"og:description\" content=\"Motores giratorios de paletas con frenos de retenci\u00f3n de liberaci\u00f3n hidr\u00e1ulica para una posici\u00f3n giratoria sin cambios \u25ba \u00a1Descubre m\u00e1s ahora!\" \/>\n<meta property=\"og:url\" content=\"https:\/\/hense-systeme.com\/es\/produkt\/serie-hsb\/\" \/>\n<meta property=\"og:site_name\" content=\"Hense Systemtechnik GmbH &amp; Co. KG\" \/>\n<meta property=\"article:modified_time\" content=\"2025-06-11T11:33:10+00:00\" \/>\n<meta property=\"og:image\" content=\"https:\/\/hense-systeme.com\/wp-content\/uploads\/produkte_baureihe-hsb.png\" \/>\n\t<meta property=\"og:image:width\" content=\"650\" \/>\n\t<meta property=\"og:image:height\" content=\"307\" \/>\n\t<meta property=\"og:image:type\" content=\"image\/png\" \/>\n<meta name=\"twitter:card\" content=\"summary_large_image\" \/>\n<meta name=\"twitter:label1\" content=\"Tiempo de lectura\" \/>\n\t<meta name=\"twitter:data1\" content=\"1 minuto\" \/>\n<script type=\"application\/ld+json\" class=\"yoast-schema-graph\">{\"@context\":\"https:\\\/\\\/schema.org\",\"@graph\":[{\"@type\":\"WebPage\",\"@id\":\"https:\\\/\\\/hense-systeme.com\\\/es\\\/produkt\\\/serie-hsb\\\/\",\"url\":\"https:\\\/\\\/hense-systeme.com\\\/es\\\/produkt\\\/serie-hsb\\\/\",\"name\":\"Motor rotativo de paletas con freno de retenci\u00f3n | Serie HSB\",\"isPartOf\":{\"@id\":\"https:\\\/\\\/hense-systeme.com\\\/es\\\/#website\"},\"primaryImageOfPage\":{\"@id\":\"https:\\\/\\\/hense-systeme.com\\\/es\\\/produkt\\\/serie-hsb\\\/#primaryimage\"},\"image\":{\"@id\":\"https:\\\/\\\/hense-systeme.com\\\/es\\\/produkt\\\/serie-hsb\\\/#primaryimage\"},\"thumbnailUrl\":\"https:\\\/\\\/hense-systeme.com\\\/wp-content\\\/uploads\\\/produkte_baureihe-hsb.png\",\"datePublished\":\"2024-02-13T13:02:53+00:00\",\"dateModified\":\"2025-06-11T11:33:10+00:00\",\"description\":\"Motores giratorios de paletas con frenos de retenci\u00f3n de liberaci\u00f3n hidr\u00e1ulica para una posici\u00f3n giratoria sin cambios \u25ba \u00a1Descubre m\u00e1s ahora!\",\"breadcrumb\":{\"@id\":\"https:\\\/\\\/hense-systeme.com\\\/es\\\/produkt\\\/serie-hsb\\\/#breadcrumb\"},\"inLanguage\":\"es\",\"potentialAction\":[{\"@type\":\"ReadAction\",\"target\":[\"https:\\\/\\\/hense-systeme.com\\\/es\\\/produkt\\\/serie-hsb\\\/\"]}]},{\"@type\":\"ImageObject\",\"inLanguage\":\"es\",\"@id\":\"https:\\\/\\\/hense-systeme.com\\\/es\\\/produkt\\\/serie-hsb\\\/#primaryimage\",\"url\":\"https:\\\/\\\/hense-systeme.com\\\/wp-content\\\/uploads\\\/produkte_baureihe-hsb.png\",\"contentUrl\":\"https:\\\/\\\/hense-systeme.com\\\/wp-content\\\/uploads\\\/produkte_baureihe-hsb.png\",\"width\":650,\"height\":307},{\"@type\":\"BreadcrumbList\",\"@id\":\"https:\\\/\\\/hense-systeme.com\\\/es\\\/produkt\\\/serie-hsb\\\/#breadcrumb\",\"itemListElement\":[{\"@type\":\"ListItem\",\"position\":1,\"name\":\"Startseite\",\"item\":\"https:\\\/\\\/hense-systeme.com\\\/es\\\/\"},{\"@type\":\"ListItem\",\"position\":2,\"name\":\"Produkte\",\"item\":\"https:\\\/\\\/hense-systeme.com\\\/es\\\/produkt\\\/\"},{\"@type\":\"ListItem\",\"position\":3,\"name\":\"Motor giratorio HSB\"}]},{\"@type\":\"WebSite\",\"@id\":\"https:\\\/\\\/hense-systeme.com\\\/es\\\/#website\",\"url\":\"https:\\\/\\\/hense-systeme.com\\\/es\\\/\",\"name\":\"Hense Systemtechnik GmbH &amp; Co. KG\",\"description\":\"\",\"publisher\":{\"@id\":\"https:\\\/\\\/hense-systeme.com\\\/es\\\/#organization\"},\"potentialAction\":[{\"@type\":\"SearchAction\",\"target\":{\"@type\":\"EntryPoint\",\"urlTemplate\":\"https:\\\/\\\/hense-systeme.com\\\/es\\\/?s={search_term_string}\"},\"query-input\":{\"@type\":\"PropertyValueSpecification\",\"valueRequired\":true,\"valueName\":\"search_term_string\"}}],\"inLanguage\":\"es\"},{\"@type\":\"Organization\",\"@id\":\"https:\\\/\\\/hense-systeme.com\\\/es\\\/#organization\",\"name\":\"Hense Systemtechnik GmbH &amp; Co. KG\",\"url\":\"https:\\\/\\\/hense-systeme.com\\\/es\\\/\",\"logo\":{\"@type\":\"ImageObject\",\"inLanguage\":\"es\",\"@id\":\"https:\\\/\\\/hense-systeme.com\\\/es\\\/#\\\/schema\\\/logo\\\/image\\\/\",\"url\":\"https:\\\/\\\/hense-systeme.com\\\/wp-content\\\/uploads\\\/2024\\\/02\\\/hense_logo.svg\",\"contentUrl\":\"https:\\\/\\\/hense-systeme.com\\\/wp-content\\\/uploads\\\/2024\\\/02\\\/hense_logo.svg\",\"width\":241,\"height\":76,\"caption\":\"Hense Systemtechnik GmbH &amp; Co. KG\"},\"image\":{\"@id\":\"https:\\\/\\\/hense-systeme.com\\\/es\\\/#\\\/schema\\\/logo\\\/image\\\/\"}}]}<\/script>\n<!-- \/ Yoast SEO plugin. -->","yoast_head_json":{"title":"Motor rotativo de paletas con freno de retenci\u00f3n | Serie HSB","description":"Motores giratorios de paletas con frenos de retenci\u00f3n de liberaci\u00f3n hidr\u00e1ulica para una posici\u00f3n giratoria sin cambios \u25ba \u00a1Descubre m\u00e1s ahora!","robots":{"index":"index","follow":"follow","max-snippet":"max-snippet:-1","max-image-preview":"max-image-preview:large","max-video-preview":"max-video-preview:-1"},"canonical":"https:\/\/hense-systeme.com\/es\/produkt\/serie-hsb\/","og_locale":"es_ES","og_type":"article","og_title":"Motor rotativo de paletas con freno de retenci\u00f3n | Serie HSB","og_description":"Motores giratorios de paletas con frenos de retenci\u00f3n de liberaci\u00f3n hidr\u00e1ulica para una posici\u00f3n giratoria sin cambios \u25ba \u00a1Descubre m\u00e1s ahora!","og_url":"https:\/\/hense-systeme.com\/es\/produkt\/serie-hsb\/","og_site_name":"Hense Systemtechnik GmbH &amp; Co. KG","article_modified_time":"2025-06-11T11:33:10+00:00","og_image":[{"width":650,"height":307,"url":"https:\/\/hense-systeme.com\/wp-content\/uploads\/produkte_baureihe-hsb.png","type":"image\/png"}],"twitter_card":"summary_large_image","twitter_misc":{"Tiempo de lectura":"1 minuto"},"schema":{"@context":"https:\/\/schema.org","@graph":[{"@type":"WebPage","@id":"https:\/\/hense-systeme.com\/es\/produkt\/serie-hsb\/","url":"https:\/\/hense-systeme.com\/es\/produkt\/serie-hsb\/","name":"Motor rotativo de paletas con freno de retenci\u00f3n | Serie HSB","isPartOf":{"@id":"https:\/\/hense-systeme.com\/es\/#website"},"primaryImageOfPage":{"@id":"https:\/\/hense-systeme.com\/es\/produkt\/serie-hsb\/#primaryimage"},"image":{"@id":"https:\/\/hense-systeme.com\/es\/produkt\/serie-hsb\/#primaryimage"},"thumbnailUrl":"https:\/\/hense-systeme.com\/wp-content\/uploads\/produkte_baureihe-hsb.png","datePublished":"2024-02-13T13:02:53+00:00","dateModified":"2025-06-11T11:33:10+00:00","description":"Motores giratorios de paletas con frenos de retenci\u00f3n de liberaci\u00f3n hidr\u00e1ulica para una posici\u00f3n giratoria sin cambios \u25ba \u00a1Descubre m\u00e1s ahora!","breadcrumb":{"@id":"https:\/\/hense-systeme.com\/es\/produkt\/serie-hsb\/#breadcrumb"},"inLanguage":"es","potentialAction":[{"@type":"ReadAction","target":["https:\/\/hense-systeme.com\/es\/produkt\/serie-hsb\/"]}]},{"@type":"ImageObject","inLanguage":"es","@id":"https:\/\/hense-systeme.com\/es\/produkt\/serie-hsb\/#primaryimage","url":"https:\/\/hense-systeme.com\/wp-content\/uploads\/produkte_baureihe-hsb.png","contentUrl":"https:\/\/hense-systeme.com\/wp-content\/uploads\/produkte_baureihe-hsb.png","width":650,"height":307},{"@type":"BreadcrumbList","@id":"https:\/\/hense-systeme.com\/es\/produkt\/serie-hsb\/#breadcrumb","itemListElement":[{"@type":"ListItem","position":1,"name":"Startseite","item":"https:\/\/hense-systeme.com\/es\/"},{"@type":"ListItem","position":2,"name":"Produkte","item":"https:\/\/hense-systeme.com\/es\/produkt\/"},{"@type":"ListItem","position":3,"name":"Motor giratorio HSB"}]},{"@type":"WebSite","@id":"https:\/\/hense-systeme.com\/es\/#website","url":"https:\/\/hense-systeme.com\/es\/","name":"Hense Systemtechnik GmbH &amp; Co. KG","description":"","publisher":{"@id":"https:\/\/hense-systeme.com\/es\/#organization"},"potentialAction":[{"@type":"SearchAction","target":{"@type":"EntryPoint","urlTemplate":"https:\/\/hense-systeme.com\/es\/?s={search_term_string}"},"query-input":{"@type":"PropertyValueSpecification","valueRequired":true,"valueName":"search_term_string"}}],"inLanguage":"es"},{"@type":"Organization","@id":"https:\/\/hense-systeme.com\/es\/#organization","name":"Hense Systemtechnik GmbH &amp; Co. KG","url":"https:\/\/hense-systeme.com\/es\/","logo":{"@type":"ImageObject","inLanguage":"es","@id":"https:\/\/hense-systeme.com\/es\/#\/schema\/logo\/image\/","url":"https:\/\/hense-systeme.com\/wp-content\/uploads\/2024\/02\/hense_logo.svg","contentUrl":"https:\/\/hense-systeme.com\/wp-content\/uploads\/2024\/02\/hense_logo.svg","width":241,"height":76,"caption":"Hense Systemtechnik GmbH &amp; Co. KG"},"image":{"@id":"https:\/\/hense-systeme.com\/es\/#\/schema\/logo\/image\/"}}]}},"_links":{"self":[{"href":"https:\/\/hense-systeme.com\/es\/wp-json\/wp\/v2\/product\/6716","targetHints":{"allow":["GET"]}}],"collection":[{"href":"https:\/\/hense-systeme.com\/es\/wp-json\/wp\/v2\/product"}],"about":[{"href":"https:\/\/hense-systeme.com\/es\/wp-json\/wp\/v2\/types\/product"}],"version-history":[{"count":4,"href":"https:\/\/hense-systeme.com\/es\/wp-json\/wp\/v2\/product\/6716\/revisions"}],"predecessor-version":[{"id":10933,"href":"https:\/\/hense-systeme.com\/es\/wp-json\/wp\/v2\/product\/6716\/revisions\/10933"}],"wp:featuredmedia":[{"embeddable":true,"href":"https:\/\/hense-systeme.com\/es\/wp-json\/wp\/v2\/media\/6810"}],"wp:attachment":[{"href":"https:\/\/hense-systeme.com\/es\/wp-json\/wp\/v2\/media?parent=6716"}],"wp:term":[{"taxonomy":"product_applications","embeddable":true,"href":"https:\/\/hense-systeme.com\/es\/wp-json\/wp\/v2\/product_applications?post=6716"},{"taxonomy":"product_category","embeddable":true,"href":"https:\/\/hense-systeme.com\/es\/wp-json\/wp\/v2\/product_category?post=6716"}],"curies":[{"name":"wp","href":"https:\/\/api.w.org\/{rel}","templated":true}]}}