{"id":6743,"date":"2024-02-03T15:23:21","date_gmt":"2024-02-03T14:23:21","guid":{"rendered":"https:\/\/hense.pixel-tal.de\/produkt\/serie-hsg\/"},"modified":"2025-06-11T13:33:28","modified_gmt":"2025-06-11T11:33:28","slug":"serie-hsg","status":"publish","type":"product","link":"https:\/\/hense-systeme.com\/es\/produkt\/serie-hsg\/","title":{"rendered":"Motor giratorio HSG"},"content":{"rendered":"<p>Nuestro motor para puertas batientes de la serie HSG puede utilizarse en cualquier posici\u00f3n de instalaci\u00f3n. En la serie HSG, el motor giratorio no tiene amortiguaci\u00f3n de posici\u00f3n final ni limitaci\u00f3n del \u00e1ngulo de giro. Los motores basculantes de esta serie suelen ser adecuados cuando las secuencias del programa, como aceleraci\u00f3n &#8211; movimiento &#8211; deceleraci\u00f3n en sistemas controlados en bucle abierto o cerrado, se determinan mediante v\u00e1lvulas proporcionales o servov\u00e1lvulas. Los motores basculantes de esta serie tambi\u00e9n suelen ser adecuados en combinaci\u00f3n con circuitos hidr\u00e1ulicos sencillos si las fuerzas de inercia que se producen son peque\u00f1as, por ejemplo, al abrir y cerrar descargas, accionar v\u00e1lvulas, colocar y retirar piezas de trabajo, bascular dispositivos de manipulaci\u00f3n de cargas y mucho m\u00e1s.   <\/p>\n<p>Para ofrecer a nuestros clientes el accionamiento adecuado para todos los \u00e1mbitos de aplicaci\u00f3n, el motor orientable HSG est\u00e1 disponible en un total de 11 versiones diferentes. A continuaci\u00f3n enumeramos los datos m\u00e1s importantes. Puedes encontrar m\u00e1s detalles en nuestra hoja de datos.  <\/p>","protected":false},"excerpt":{"rendered":"<p>Los motores giratorios para controlar secuencias controladas por programa, como aceleraci\u00f3n, desplazamiento y frenado, en sistemas de bucle abierto o cerrado mediante v\u00e1lvulas proporcionales o servov\u00e1lvulas.<\/p>\n","protected":false},"featured_media":11123,"parent":0,"template":"","product_applications":[58,59,57],"product_category":[94],"class_list":["post-6743","product","type-product","status-publish","has-post-thumbnail","hentry","product_applications-tecnica-de-manipulacion","product_applications-construccion-de-maquinas-especiales","product_applications-ingenieria-mecanica-general","product_category-motores-giratorios-para-aplicaciones-industriales","no-featured-image-padding"],"acf":[],"yoast_head":"<!-- This site is optimized with the Yoast SEO plugin v27.3 - https:\/\/yoast.com\/product\/yoast-seo-wordpress\/ -->\n<title>Motor hidr\u00e1ulico para puertas batientes | Serie HSG<\/title>\n<meta name=\"description\" content=\"Actuador de fracci\u00f3n de vuelta para secuencias controladas por programa, como aceleraci\u00f3n, desplazamiento y frenado en sistemas de bucle abierto o cerrado \u25ba \u00a1Cons\u00faltalo ahora!\" \/>\n<meta name=\"robots\" content=\"index, follow, max-snippet:-1, max-image-preview:large, max-video-preview:-1\" \/>\n<link rel=\"canonical\" href=\"https:\/\/hense-systeme.com\/es\/produkt\/serie-hsg\/\" \/>\n<meta property=\"og:locale\" content=\"es_ES\" \/>\n<meta property=\"og:type\" content=\"article\" \/>\n<meta property=\"og:title\" content=\"Motor hidr\u00e1ulico para puertas batientes | Serie HSG\" \/>\n<meta property=\"og:description\" content=\"Actuador de fracci\u00f3n de vuelta para secuencias controladas por programa, como aceleraci\u00f3n, desplazamiento y frenado en sistemas de bucle abierto o cerrado \u25ba \u00a1Cons\u00faltalo ahora!\" \/>\n<meta property=\"og:url\" content=\"https:\/\/hense-systeme.com\/es\/produkt\/serie-hsg\/\" \/>\n<meta property=\"og:site_name\" content=\"Hense Systemtechnik GmbH &amp; Co. KG\" \/>\n<meta property=\"article:modified_time\" content=\"2025-06-11T11:33:28+00:00\" \/>\n<meta property=\"og:image\" content=\"https:\/\/hense-systeme.com\/wp-content\/uploads\/produkte_baureihe-hsg_02.png\" \/>\n\t<meta property=\"og:image:width\" content=\"650\" \/>\n\t<meta property=\"og:image:height\" content=\"420\" \/>\n\t<meta property=\"og:image:type\" content=\"image\/png\" \/>\n<meta name=\"twitter:card\" content=\"summary_large_image\" \/>\n<meta name=\"twitter:label1\" content=\"Tiempo de lectura\" \/>\n\t<meta name=\"twitter:data1\" content=\"1 minuto\" \/>\n<script type=\"application\/ld+json\" class=\"yoast-schema-graph\">{\"@context\":\"https:\\\/\\\/schema.org\",\"@graph\":[{\"@type\":\"WebPage\",\"@id\":\"https:\\\/\\\/hense-systeme.com\\\/es\\\/produkt\\\/serie-hsg\\\/\",\"url\":\"https:\\\/\\\/hense-systeme.com\\\/es\\\/produkt\\\/serie-hsg\\\/\",\"name\":\"Motor hidr\u00e1ulico para puertas batientes | Serie HSG\",\"isPartOf\":{\"@id\":\"https:\\\/\\\/hense-systeme.com\\\/es\\\/#website\"},\"primaryImageOfPage\":{\"@id\":\"https:\\\/\\\/hense-systeme.com\\\/es\\\/produkt\\\/serie-hsg\\\/#primaryimage\"},\"image\":{\"@id\":\"https:\\\/\\\/hense-systeme.com\\\/es\\\/produkt\\\/serie-hsg\\\/#primaryimage\"},\"thumbnailUrl\":\"https:\\\/\\\/hense-systeme.com\\\/wp-content\\\/uploads\\\/hsg1-2.png\",\"datePublished\":\"2024-02-03T14:23:21+00:00\",\"dateModified\":\"2025-06-11T11:33:28+00:00\",\"description\":\"Actuador de fracci\u00f3n de vuelta para secuencias controladas por programa, como aceleraci\u00f3n, desplazamiento y frenado en sistemas de bucle abierto o cerrado \u25ba \u00a1Cons\u00faltalo ahora!\",\"breadcrumb\":{\"@id\":\"https:\\\/\\\/hense-systeme.com\\\/es\\\/produkt\\\/serie-hsg\\\/#breadcrumb\"},\"inLanguage\":\"es\",\"potentialAction\":[{\"@type\":\"ReadAction\",\"target\":[\"https:\\\/\\\/hense-systeme.com\\\/es\\\/produkt\\\/serie-hsg\\\/\"]}]},{\"@type\":\"ImageObject\",\"inLanguage\":\"es\",\"@id\":\"https:\\\/\\\/hense-systeme.com\\\/es\\\/produkt\\\/serie-hsg\\\/#primaryimage\",\"url\":\"https:\\\/\\\/hense-systeme.com\\\/wp-content\\\/uploads\\\/hsg1-2.png\",\"contentUrl\":\"https:\\\/\\\/hense-systeme.com\\\/wp-content\\\/uploads\\\/hsg1-2.png\",\"width\":221,\"height\":209},{\"@type\":\"BreadcrumbList\",\"@id\":\"https:\\\/\\\/hense-systeme.com\\\/es\\\/produkt\\\/serie-hsg\\\/#breadcrumb\",\"itemListElement\":[{\"@type\":\"ListItem\",\"position\":1,\"name\":\"Startseite\",\"item\":\"https:\\\/\\\/hense-systeme.com\\\/es\\\/\"},{\"@type\":\"ListItem\",\"position\":2,\"name\":\"Produkte\",\"item\":\"https:\\\/\\\/hense-systeme.com\\\/es\\\/produkt\\\/\"},{\"@type\":\"ListItem\",\"position\":3,\"name\":\"Motor giratorio HSG\"}]},{\"@type\":\"WebSite\",\"@id\":\"https:\\\/\\\/hense-systeme.com\\\/es\\\/#website\",\"url\":\"https:\\\/\\\/hense-systeme.com\\\/es\\\/\",\"name\":\"Hense Systemtechnik GmbH &amp; Co. KG\",\"description\":\"\",\"publisher\":{\"@id\":\"https:\\\/\\\/hense-systeme.com\\\/es\\\/#organization\"},\"potentialAction\":[{\"@type\":\"SearchAction\",\"target\":{\"@type\":\"EntryPoint\",\"urlTemplate\":\"https:\\\/\\\/hense-systeme.com\\\/es\\\/?s={search_term_string}\"},\"query-input\":{\"@type\":\"PropertyValueSpecification\",\"valueRequired\":true,\"valueName\":\"search_term_string\"}}],\"inLanguage\":\"es\"},{\"@type\":\"Organization\",\"@id\":\"https:\\\/\\\/hense-systeme.com\\\/es\\\/#organization\",\"name\":\"Hense Systemtechnik GmbH &amp; Co. KG\",\"url\":\"https:\\\/\\\/hense-systeme.com\\\/es\\\/\",\"logo\":{\"@type\":\"ImageObject\",\"inLanguage\":\"es\",\"@id\":\"https:\\\/\\\/hense-systeme.com\\\/es\\\/#\\\/schema\\\/logo\\\/image\\\/\",\"url\":\"https:\\\/\\\/hense-systeme.com\\\/wp-content\\\/uploads\\\/2024\\\/02\\\/hense_logo.svg\",\"contentUrl\":\"https:\\\/\\\/hense-systeme.com\\\/wp-content\\\/uploads\\\/2024\\\/02\\\/hense_logo.svg\",\"width\":241,\"height\":76,\"caption\":\"Hense Systemtechnik GmbH &amp; Co. KG\"},\"image\":{\"@id\":\"https:\\\/\\\/hense-systeme.com\\\/es\\\/#\\\/schema\\\/logo\\\/image\\\/\"}}]}<\/script>\n<!-- \/ Yoast SEO plugin. -->","yoast_head_json":{"title":"Motor hidr\u00e1ulico para puertas batientes | Serie HSG","description":"Actuador de fracci\u00f3n de vuelta para secuencias controladas por programa, como aceleraci\u00f3n, desplazamiento y frenado en sistemas de bucle abierto o cerrado \u25ba \u00a1Cons\u00faltalo ahora!","robots":{"index":"index","follow":"follow","max-snippet":"max-snippet:-1","max-image-preview":"max-image-preview:large","max-video-preview":"max-video-preview:-1"},"canonical":"https:\/\/hense-systeme.com\/es\/produkt\/serie-hsg\/","og_locale":"es_ES","og_type":"article","og_title":"Motor hidr\u00e1ulico para puertas batientes | Serie HSG","og_description":"Actuador de fracci\u00f3n de vuelta para secuencias controladas por programa, como aceleraci\u00f3n, desplazamiento y frenado en sistemas de bucle abierto o cerrado \u25ba \u00a1Cons\u00faltalo ahora!","og_url":"https:\/\/hense-systeme.com\/es\/produkt\/serie-hsg\/","og_site_name":"Hense Systemtechnik GmbH &amp; Co. KG","article_modified_time":"2025-06-11T11:33:28+00:00","og_image":[{"width":650,"height":420,"url":"https:\/\/hense-systeme.com\/wp-content\/uploads\/produkte_baureihe-hsg_02.png","type":"image\/png"}],"twitter_card":"summary_large_image","twitter_misc":{"Tiempo de lectura":"1 minuto"},"schema":{"@context":"https:\/\/schema.org","@graph":[{"@type":"WebPage","@id":"https:\/\/hense-systeme.com\/es\/produkt\/serie-hsg\/","url":"https:\/\/hense-systeme.com\/es\/produkt\/serie-hsg\/","name":"Motor hidr\u00e1ulico para puertas batientes | Serie HSG","isPartOf":{"@id":"https:\/\/hense-systeme.com\/es\/#website"},"primaryImageOfPage":{"@id":"https:\/\/hense-systeme.com\/es\/produkt\/serie-hsg\/#primaryimage"},"image":{"@id":"https:\/\/hense-systeme.com\/es\/produkt\/serie-hsg\/#primaryimage"},"thumbnailUrl":"https:\/\/hense-systeme.com\/wp-content\/uploads\/hsg1-2.png","datePublished":"2024-02-03T14:23:21+00:00","dateModified":"2025-06-11T11:33:28+00:00","description":"Actuador de fracci\u00f3n de vuelta para secuencias controladas por programa, como aceleraci\u00f3n, desplazamiento y frenado en sistemas de bucle abierto o cerrado \u25ba \u00a1Cons\u00faltalo ahora!","breadcrumb":{"@id":"https:\/\/hense-systeme.com\/es\/produkt\/serie-hsg\/#breadcrumb"},"inLanguage":"es","potentialAction":[{"@type":"ReadAction","target":["https:\/\/hense-systeme.com\/es\/produkt\/serie-hsg\/"]}]},{"@type":"ImageObject","inLanguage":"es","@id":"https:\/\/hense-systeme.com\/es\/produkt\/serie-hsg\/#primaryimage","url":"https:\/\/hense-systeme.com\/wp-content\/uploads\/hsg1-2.png","contentUrl":"https:\/\/hense-systeme.com\/wp-content\/uploads\/hsg1-2.png","width":221,"height":209},{"@type":"BreadcrumbList","@id":"https:\/\/hense-systeme.com\/es\/produkt\/serie-hsg\/#breadcrumb","itemListElement":[{"@type":"ListItem","position":1,"name":"Startseite","item":"https:\/\/hense-systeme.com\/es\/"},{"@type":"ListItem","position":2,"name":"Produkte","item":"https:\/\/hense-systeme.com\/es\/produkt\/"},{"@type":"ListItem","position":3,"name":"Motor giratorio HSG"}]},{"@type":"WebSite","@id":"https:\/\/hense-systeme.com\/es\/#website","url":"https:\/\/hense-systeme.com\/es\/","name":"Hense Systemtechnik GmbH &amp; Co. KG","description":"","publisher":{"@id":"https:\/\/hense-systeme.com\/es\/#organization"},"potentialAction":[{"@type":"SearchAction","target":{"@type":"EntryPoint","urlTemplate":"https:\/\/hense-systeme.com\/es\/?s={search_term_string}"},"query-input":{"@type":"PropertyValueSpecification","valueRequired":true,"valueName":"search_term_string"}}],"inLanguage":"es"},{"@type":"Organization","@id":"https:\/\/hense-systeme.com\/es\/#organization","name":"Hense Systemtechnik GmbH &amp; Co. KG","url":"https:\/\/hense-systeme.com\/es\/","logo":{"@type":"ImageObject","inLanguage":"es","@id":"https:\/\/hense-systeme.com\/es\/#\/schema\/logo\/image\/","url":"https:\/\/hense-systeme.com\/wp-content\/uploads\/2024\/02\/hense_logo.svg","contentUrl":"https:\/\/hense-systeme.com\/wp-content\/uploads\/2024\/02\/hense_logo.svg","width":241,"height":76,"caption":"Hense Systemtechnik GmbH &amp; Co. KG"},"image":{"@id":"https:\/\/hense-systeme.com\/es\/#\/schema\/logo\/image\/"}}]}},"_links":{"self":[{"href":"https:\/\/hense-systeme.com\/es\/wp-json\/wp\/v2\/product\/6743","targetHints":{"allow":["GET"]}}],"collection":[{"href":"https:\/\/hense-systeme.com\/es\/wp-json\/wp\/v2\/product"}],"about":[{"href":"https:\/\/hense-systeme.com\/es\/wp-json\/wp\/v2\/types\/product"}],"version-history":[{"count":4,"href":"https:\/\/hense-systeme.com\/es\/wp-json\/wp\/v2\/product\/6743\/revisions"}],"predecessor-version":[{"id":10946,"href":"https:\/\/hense-systeme.com\/es\/wp-json\/wp\/v2\/product\/6743\/revisions\/10946"}],"wp:featuredmedia":[{"embeddable":true,"href":"https:\/\/hense-systeme.com\/es\/wp-json\/wp\/v2\/media\/11123"}],"wp:attachment":[{"href":"https:\/\/hense-systeme.com\/es\/wp-json\/wp\/v2\/media?parent=6743"}],"wp:term":[{"taxonomy":"product_applications","embeddable":true,"href":"https:\/\/hense-systeme.com\/es\/wp-json\/wp\/v2\/product_applications?post=6743"},{"taxonomy":"product_category","embeddable":true,"href":"https:\/\/hense-systeme.com\/es\/wp-json\/wp\/v2\/product_category?post=6743"}],"curies":[{"name":"wp","href":"https:\/\/api.w.org\/{rel}","templated":true}]}}