{"id":6832,"date":"2024-02-13T14:01:50","date_gmt":"2024-02-13T13:01:50","guid":{"rendered":"https:\/\/hense.pixel-tal.de\/produkt\/serie-hse\/"},"modified":"2025-06-11T13:33:31","modified_gmt":"2025-06-11T11:33:31","slug":"serie-hse","status":"publish","type":"product","link":"https:\/\/hense-systeme.com\/es\/produkt\/serie-hse\/","title":{"rendered":"Motor giratorio HSE"},"content":{"rendered":"<p>Nuestro motor para puertas batientes de la serie HSG puede utilizarse en cualquier posici\u00f3n de montaje. El motor basculante tambi\u00e9n cumple la funci\u00f3n de amortiguaci\u00f3n de posici\u00f3n final con o sin limitaci\u00f3n del \u00e1ngulo de giro ajustable. Esto se refiere al frenado y deceleraci\u00f3n del movimiento de giro hasta la parada. Para la amortiguaci\u00f3n, se reduce continuamente la secci\u00f3n transversal del orificio para el medio saliente y, de este modo, se frenan hidr\u00e1ulicamente las masas en movimiento. La posici\u00f3n final se alcanza cuando el orificio est\u00e1 completamente cerrado y el fluido ya no puede salir.    <\/p>\n<p>Para ofrecer a nuestros clientes el accionamiento adecuado para todos los \u00e1mbitos de aplicaci\u00f3n, el motor basculante HSE est\u00e1 disponible en un total de 6 versiones diferentes. A continuaci\u00f3n enumeramos los datos m\u00e1s importantes. Puedes encontrar m\u00e1s detalles en nuestra hoja de datos.  <\/p>","protected":false},"excerpt":{"rendered":"<p>Los motores basculantes tambi\u00e9n cumplen la funci\u00f3n de amortiguaci\u00f3n de posici\u00f3n final con o sin limitaci\u00f3n del \u00e1ngulo de giro ajustable.<\/p>\n","protected":false},"featured_media":11106,"parent":0,"template":"","product_applications":[58,59,57],"product_category":[94],"class_list":["post-6832","product","type-product","status-publish","has-post-thumbnail","hentry","product_applications-tecnica-de-manipulacion","product_applications-construccion-de-maquinas-especiales","product_applications-ingenieria-mecanica-general","product_category-motores-giratorios-para-aplicaciones-industriales","no-featured-image-padding"],"acf":[],"yoast_head":"<!-- This site is optimized with the Yoast SEO plugin v27.3 - https:\/\/yoast.com\/product\/yoast-seo-wordpress\/ -->\n<title>Motor de puerta batiente con amortiguaci\u00f3n de posici\u00f3n final | Serie HSE<\/title>\n<meta name=\"description\" content=\"Motor basculante HSE con funci\u00f3n de amortiguaci\u00f3n de posici\u00f3n final. Para frenar los movimientos de giro \u2713 \u25ba \u00a1Descubre m\u00e1s y ases\u00f3rate ahora!\" \/>\n<meta name=\"robots\" content=\"index, follow, max-snippet:-1, max-image-preview:large, max-video-preview:-1\" \/>\n<link rel=\"canonical\" href=\"https:\/\/hense-systeme.com\/es\/produkt\/serie-hse\/\" \/>\n<meta property=\"og:locale\" content=\"es_ES\" \/>\n<meta property=\"og:type\" content=\"article\" \/>\n<meta property=\"og:title\" content=\"Motor de puerta batiente con amortiguaci\u00f3n de posici\u00f3n final | Serie HSE\" \/>\n<meta property=\"og:description\" content=\"Motor basculante HSE con funci\u00f3n de amortiguaci\u00f3n de posici\u00f3n final. Para frenar los movimientos de giro \u2713 \u25ba \u00a1Descubre m\u00e1s y ases\u00f3rate ahora!\" \/>\n<meta property=\"og:url\" content=\"https:\/\/hense-systeme.com\/es\/produkt\/serie-hse\/\" \/>\n<meta property=\"og:site_name\" content=\"Hense Systemtechnik GmbH &amp; Co. KG\" \/>\n<meta property=\"article:modified_time\" content=\"2025-06-11T11:33:31+00:00\" \/>\n<meta property=\"og:image\" content=\"https:\/\/hense-systeme.com\/wp-content\/uploads\/produkte_baureihe-hse_02.png\" \/>\n\t<meta property=\"og:image:width\" content=\"650\" \/>\n\t<meta property=\"og:image:height\" content=\"420\" \/>\n\t<meta property=\"og:image:type\" content=\"image\/png\" \/>\n<meta name=\"twitter:card\" content=\"summary_large_image\" \/>\n<meta name=\"twitter:label1\" content=\"Tiempo de lectura\" \/>\n\t<meta name=\"twitter:data1\" content=\"1 minuto\" \/>\n<script type=\"application\/ld+json\" class=\"yoast-schema-graph\">{\"@context\":\"https:\\\/\\\/schema.org\",\"@graph\":[{\"@type\":\"WebPage\",\"@id\":\"https:\\\/\\\/hense-systeme.com\\\/es\\\/produkt\\\/serie-hse\\\/\",\"url\":\"https:\\\/\\\/hense-systeme.com\\\/es\\\/produkt\\\/serie-hse\\\/\",\"name\":\"Motor de puerta batiente con amortiguaci\u00f3n de posici\u00f3n final | Serie HSE\",\"isPartOf\":{\"@id\":\"https:\\\/\\\/hense-systeme.com\\\/es\\\/#website\"},\"primaryImageOfPage\":{\"@id\":\"https:\\\/\\\/hense-systeme.com\\\/es\\\/produkt\\\/serie-hse\\\/#primaryimage\"},\"image\":{\"@id\":\"https:\\\/\\\/hense-systeme.com\\\/es\\\/produkt\\\/serie-hse\\\/#primaryimage\"},\"thumbnailUrl\":\"https:\\\/\\\/hense-systeme.com\\\/wp-content\\\/uploads\\\/baureihe_hse-1.png\",\"datePublished\":\"2024-02-13T13:01:50+00:00\",\"dateModified\":\"2025-06-11T11:33:31+00:00\",\"description\":\"Motor basculante HSE con funci\u00f3n de amortiguaci\u00f3n de posici\u00f3n final. Para frenar los movimientos de giro \u2713 \u25ba \u00a1Descubre m\u00e1s y ases\u00f3rate ahora!\",\"breadcrumb\":{\"@id\":\"https:\\\/\\\/hense-systeme.com\\\/es\\\/produkt\\\/serie-hse\\\/#breadcrumb\"},\"inLanguage\":\"es\",\"potentialAction\":[{\"@type\":\"ReadAction\",\"target\":[\"https:\\\/\\\/hense-systeme.com\\\/es\\\/produkt\\\/serie-hse\\\/\"]}]},{\"@type\":\"ImageObject\",\"inLanguage\":\"es\",\"@id\":\"https:\\\/\\\/hense-systeme.com\\\/es\\\/produkt\\\/serie-hse\\\/#primaryimage\",\"url\":\"https:\\\/\\\/hense-systeme.com\\\/wp-content\\\/uploads\\\/baureihe_hse-1.png\",\"contentUrl\":\"https:\\\/\\\/hense-systeme.com\\\/wp-content\\\/uploads\\\/baureihe_hse-1.png\",\"width\":252,\"height\":217},{\"@type\":\"BreadcrumbList\",\"@id\":\"https:\\\/\\\/hense-systeme.com\\\/es\\\/produkt\\\/serie-hse\\\/#breadcrumb\",\"itemListElement\":[{\"@type\":\"ListItem\",\"position\":1,\"name\":\"Startseite\",\"item\":\"https:\\\/\\\/hense-systeme.com\\\/es\\\/\"},{\"@type\":\"ListItem\",\"position\":2,\"name\":\"Produkte\",\"item\":\"https:\\\/\\\/hense-systeme.com\\\/es\\\/produkt\\\/\"},{\"@type\":\"ListItem\",\"position\":3,\"name\":\"Motor giratorio HSE\"}]},{\"@type\":\"WebSite\",\"@id\":\"https:\\\/\\\/hense-systeme.com\\\/es\\\/#website\",\"url\":\"https:\\\/\\\/hense-systeme.com\\\/es\\\/\",\"name\":\"Hense Systemtechnik GmbH &amp; Co. KG\",\"description\":\"\",\"publisher\":{\"@id\":\"https:\\\/\\\/hense-systeme.com\\\/es\\\/#organization\"},\"potentialAction\":[{\"@type\":\"SearchAction\",\"target\":{\"@type\":\"EntryPoint\",\"urlTemplate\":\"https:\\\/\\\/hense-systeme.com\\\/es\\\/?s={search_term_string}\"},\"query-input\":{\"@type\":\"PropertyValueSpecification\",\"valueRequired\":true,\"valueName\":\"search_term_string\"}}],\"inLanguage\":\"es\"},{\"@type\":\"Organization\",\"@id\":\"https:\\\/\\\/hense-systeme.com\\\/es\\\/#organization\",\"name\":\"Hense Systemtechnik GmbH &amp; Co. KG\",\"url\":\"https:\\\/\\\/hense-systeme.com\\\/es\\\/\",\"logo\":{\"@type\":\"ImageObject\",\"inLanguage\":\"es\",\"@id\":\"https:\\\/\\\/hense-systeme.com\\\/es\\\/#\\\/schema\\\/logo\\\/image\\\/\",\"url\":\"https:\\\/\\\/hense-systeme.com\\\/wp-content\\\/uploads\\\/2024\\\/02\\\/hense_logo.svg\",\"contentUrl\":\"https:\\\/\\\/hense-systeme.com\\\/wp-content\\\/uploads\\\/2024\\\/02\\\/hense_logo.svg\",\"width\":241,\"height\":76,\"caption\":\"Hense Systemtechnik GmbH &amp; Co. KG\"},\"image\":{\"@id\":\"https:\\\/\\\/hense-systeme.com\\\/es\\\/#\\\/schema\\\/logo\\\/image\\\/\"}}]}<\/script>\n<!-- \/ Yoast SEO plugin. -->","yoast_head_json":{"title":"Motor de puerta batiente con amortiguaci\u00f3n de posici\u00f3n final | Serie HSE","description":"Motor basculante HSE con funci\u00f3n de amortiguaci\u00f3n de posici\u00f3n final. Para frenar los movimientos de giro \u2713 \u25ba \u00a1Descubre m\u00e1s y ases\u00f3rate ahora!","robots":{"index":"index","follow":"follow","max-snippet":"max-snippet:-1","max-image-preview":"max-image-preview:large","max-video-preview":"max-video-preview:-1"},"canonical":"https:\/\/hense-systeme.com\/es\/produkt\/serie-hse\/","og_locale":"es_ES","og_type":"article","og_title":"Motor de puerta batiente con amortiguaci\u00f3n de posici\u00f3n final | Serie HSE","og_description":"Motor basculante HSE con funci\u00f3n de amortiguaci\u00f3n de posici\u00f3n final. Para frenar los movimientos de giro \u2713 \u25ba \u00a1Descubre m\u00e1s y ases\u00f3rate ahora!","og_url":"https:\/\/hense-systeme.com\/es\/produkt\/serie-hse\/","og_site_name":"Hense Systemtechnik GmbH &amp; Co. KG","article_modified_time":"2025-06-11T11:33:31+00:00","og_image":[{"width":650,"height":420,"url":"https:\/\/hense-systeme.com\/wp-content\/uploads\/produkte_baureihe-hse_02.png","type":"image\/png"}],"twitter_card":"summary_large_image","twitter_misc":{"Tiempo de lectura":"1 minuto"},"schema":{"@context":"https:\/\/schema.org","@graph":[{"@type":"WebPage","@id":"https:\/\/hense-systeme.com\/es\/produkt\/serie-hse\/","url":"https:\/\/hense-systeme.com\/es\/produkt\/serie-hse\/","name":"Motor de puerta batiente con amortiguaci\u00f3n de posici\u00f3n final | Serie HSE","isPartOf":{"@id":"https:\/\/hense-systeme.com\/es\/#website"},"primaryImageOfPage":{"@id":"https:\/\/hense-systeme.com\/es\/produkt\/serie-hse\/#primaryimage"},"image":{"@id":"https:\/\/hense-systeme.com\/es\/produkt\/serie-hse\/#primaryimage"},"thumbnailUrl":"https:\/\/hense-systeme.com\/wp-content\/uploads\/baureihe_hse-1.png","datePublished":"2024-02-13T13:01:50+00:00","dateModified":"2025-06-11T11:33:31+00:00","description":"Motor basculante HSE con funci\u00f3n de amortiguaci\u00f3n de posici\u00f3n final. Para frenar los movimientos de giro \u2713 \u25ba \u00a1Descubre m\u00e1s y ases\u00f3rate ahora!","breadcrumb":{"@id":"https:\/\/hense-systeme.com\/es\/produkt\/serie-hse\/#breadcrumb"},"inLanguage":"es","potentialAction":[{"@type":"ReadAction","target":["https:\/\/hense-systeme.com\/es\/produkt\/serie-hse\/"]}]},{"@type":"ImageObject","inLanguage":"es","@id":"https:\/\/hense-systeme.com\/es\/produkt\/serie-hse\/#primaryimage","url":"https:\/\/hense-systeme.com\/wp-content\/uploads\/baureihe_hse-1.png","contentUrl":"https:\/\/hense-systeme.com\/wp-content\/uploads\/baureihe_hse-1.png","width":252,"height":217},{"@type":"BreadcrumbList","@id":"https:\/\/hense-systeme.com\/es\/produkt\/serie-hse\/#breadcrumb","itemListElement":[{"@type":"ListItem","position":1,"name":"Startseite","item":"https:\/\/hense-systeme.com\/es\/"},{"@type":"ListItem","position":2,"name":"Produkte","item":"https:\/\/hense-systeme.com\/es\/produkt\/"},{"@type":"ListItem","position":3,"name":"Motor giratorio HSE"}]},{"@type":"WebSite","@id":"https:\/\/hense-systeme.com\/es\/#website","url":"https:\/\/hense-systeme.com\/es\/","name":"Hense Systemtechnik GmbH &amp; Co. KG","description":"","publisher":{"@id":"https:\/\/hense-systeme.com\/es\/#organization"},"potentialAction":[{"@type":"SearchAction","target":{"@type":"EntryPoint","urlTemplate":"https:\/\/hense-systeme.com\/es\/?s={search_term_string}"},"query-input":{"@type":"PropertyValueSpecification","valueRequired":true,"valueName":"search_term_string"}}],"inLanguage":"es"},{"@type":"Organization","@id":"https:\/\/hense-systeme.com\/es\/#organization","name":"Hense Systemtechnik GmbH &amp; Co. KG","url":"https:\/\/hense-systeme.com\/es\/","logo":{"@type":"ImageObject","inLanguage":"es","@id":"https:\/\/hense-systeme.com\/es\/#\/schema\/logo\/image\/","url":"https:\/\/hense-systeme.com\/wp-content\/uploads\/2024\/02\/hense_logo.svg","contentUrl":"https:\/\/hense-systeme.com\/wp-content\/uploads\/2024\/02\/hense_logo.svg","width":241,"height":76,"caption":"Hense Systemtechnik GmbH &amp; Co. KG"},"image":{"@id":"https:\/\/hense-systeme.com\/es\/#\/schema\/logo\/image\/"}}]}},"_links":{"self":[{"href":"https:\/\/hense-systeme.com\/es\/wp-json\/wp\/v2\/product\/6832","targetHints":{"allow":["GET"]}}],"collection":[{"href":"https:\/\/hense-systeme.com\/es\/wp-json\/wp\/v2\/product"}],"about":[{"href":"https:\/\/hense-systeme.com\/es\/wp-json\/wp\/v2\/types\/product"}],"version-history":[{"count":5,"href":"https:\/\/hense-systeme.com\/es\/wp-json\/wp\/v2\/product\/6832\/revisions"}],"predecessor-version":[{"id":10949,"href":"https:\/\/hense-systeme.com\/es\/wp-json\/wp\/v2\/product\/6832\/revisions\/10949"}],"wp:featuredmedia":[{"embeddable":true,"href":"https:\/\/hense-systeme.com\/es\/wp-json\/wp\/v2\/media\/11106"}],"wp:attachment":[{"href":"https:\/\/hense-systeme.com\/es\/wp-json\/wp\/v2\/media?parent=6832"}],"wp:term":[{"taxonomy":"product_applications","embeddable":true,"href":"https:\/\/hense-systeme.com\/es\/wp-json\/wp\/v2\/product_applications?post=6832"},{"taxonomy":"product_category","embeddable":true,"href":"https:\/\/hense-systeme.com\/es\/wp-json\/wp\/v2\/product_category?post=6832"}],"curies":[{"name":"wp","href":"https:\/\/api.w.org\/{rel}","templated":true}]}}