{"id":6881,"date":"2024-02-13T14:02:53","date_gmt":"2024-02-13T13:02:53","guid":{"rendered":"https:\/\/hense.pixel-tal.de\/produkt\/serie-hsh\/"},"modified":"2025-06-11T13:33:05","modified_gmt":"2025-06-11T11:33:05","slug":"serie-hsh","status":"publish","type":"product","link":"https:\/\/hense-systeme.com\/es\/produkt\/serie-hsh\/","title":{"rendered":"Motor giratorio HSH"},"content":{"rendered":"<p>Nuestro motor rotativo de paletas serie HSH puede utilizarse en cualquier posici\u00f3n de instalaci\u00f3n. El eje de salida del motor rotativo est\u00e1 montado sobre cojinetes hidrost\u00e1ticos radiales y axiales. Las cavidades de los cojinetes radiales y axiales se alimentan con aceite a presi\u00f3n a trav\u00e9s de una conexi\u00f3n de presi\u00f3n independiente. Como resultado, el eje de salida est\u00e1 centrado radial y axialmente entre cojines de fluido y todas las superficies met\u00e1licas de contacto est\u00e1n permanentemente separadas entre s\u00ed por una fina pel\u00edcula de fluido. Esto elimina el desgaste debido a la fricci\u00f3n met\u00e1lica en cualquier estado de funcionamiento, incluso a velocidad cero, en comparaci\u00f3n con los cojinetes de fricci\u00f3n hidrodin\u00e1micos.    <\/p>\n<p>Junto con v\u00e1lvulas de control altamente din\u00e1micas y sensores de \u00e1ngulo de giro, estos actuadores se utilizan preferentemente en sistemas controlados en los que deben minimizarse las variables perturbadoras, como la fricci\u00f3n interna y el efecto stick-slip. Adem\u00e1s, debido a la ausencia de juntas internas, son ideales para series de pruebas con grandes ciclos de carga en las que no se permite la interrupci\u00f3n, por ejemplo, debido a la sustituci\u00f3n de las juntas internas. <\/p>\n<p>Por tanto, la serie HSH est\u00e1 predestinada a utilizarse como <strong>transductor hidr\u00e1ulico servohidr\u00e1ulico<\/strong> y como <strong>motor tensor hidr\u00e1ulico<\/strong> en <strong>bancos de pruebas de tensado<\/strong>.<\/p>\n<p><img loading=\"lazy\" decoding=\"async\" class=\"alignnone wp-image-3196 size-full\" style=\"color: #333333; font-family: -apple-system, system-ui, BlinkMacSystemFont, 'Segoe UI', Helvetica, Arial, sans-serif, 'Apple Color Emoji', 'Segoe UI Emoji', 'Segoe UI Symbol'; font-size: 17px; font-weight: 400; letter-spacing: normal;\" src=\"https:\/\/hense-systeme.com\/wp-content\/uploads\/baureihe_hss_specs.png\" alt=\"\" width=\"830\" height=\"392\" srcset=\"https:\/\/hense-systeme.com\/wp-content\/uploads\/baureihe_hss_specs.png 830w, https:\/\/hense-systeme.com\/wp-content\/uploads\/baureihe_hss_specs-300x142.png 300w, https:\/\/hense-systeme.com\/wp-content\/uploads\/baureihe_hss_specs-768x363.png 768w, https:\/\/hense-systeme.com\/wp-content\/uploads\/baureihe_hss_specs-1x1.png 1w\" sizes=\"auto, (max-width: 830px) 100vw, 830px\" \/><\/p>\n<p><strong>Banco de<\/strong><strong>pruebas de<\/strong><strong>tensado<\/strong><strong><br \/>\n<\/strong>El motor hidr\u00e1ulico de tensado est\u00e1 integrado en un circuito cerrado de tensado con realimentaci\u00f3n de energ\u00eda. El motor giratorio gira y se alimenta de energ\u00eda a trav\u00e9s de un alimentador giratorio de varias v\u00edas, mientras aplica de forma controlada un momento de torsi\u00f3n est\u00e1tico, cuasiest\u00e1tico o din\u00e1mico a los torones giratorios. <\/p>\n<p>Ofrecemos soluciones personalizadas para una amplia gama de aplicaciones. Nuestro equipo cualificado estar\u00e1 encantado de asesorarte en el dise\u00f1o y la realizaci\u00f3n. <\/p>","protected":false},"excerpt":{"rendered":"<p>Los motores HSH se utilizan preferentemente en sistemas de control altamente din\u00e1mico con movimientos oscilantes de giro, en los que las variables perturbadoras, como la fricci\u00f3n natural y el efecto stick-slip, deben reducirse al m\u00ednimo y debe alcanzarse el mayor n\u00famero de ciclos de carga.<\/p>\n","protected":false},"featured_media":6882,"parent":0,"template":"","product_applications":[],"product_category":[93],"class_list":["post-6881","product","type-product","status-publish","has-post-thumbnail","hentry","product_category-tecnica-de-banco-de-pruebas","no-featured-image-padding"],"acf":[],"yoast_head":"<!-- This site is optimized with the Yoast SEO plugin v27.3 - https:\/\/yoast.com\/product\/yoast-seo-wordpress\/ -->\n<title>Motor giratorio de paletas con eje de transmisi\u00f3n | Serie HSH<\/title>\n<meta name=\"description\" content=\"Motores hidr\u00e1ulicos giratorios de la serie HSH con ejes de transmisi\u00f3n hidrost\u00e1ticos radiales y axiales montados sobre cojinetes para sistemas controlados y series de pruebas \u25ba \u00a1Descubre m\u00e1s ahora!\" \/>\n<meta name=\"robots\" content=\"index, follow, max-snippet:-1, max-image-preview:large, max-video-preview:-1\" \/>\n<link rel=\"canonical\" href=\"https:\/\/hense-systeme.com\/es\/produkt\/serie-hsh\/\" \/>\n<meta property=\"og:locale\" content=\"es_ES\" \/>\n<meta property=\"og:type\" content=\"article\" \/>\n<meta property=\"og:title\" content=\"Motor giratorio de paletas con eje de transmisi\u00f3n | Serie HSH\" \/>\n<meta property=\"og:description\" content=\"Motores hidr\u00e1ulicos giratorios de la serie HSH con ejes de transmisi\u00f3n hidrost\u00e1ticos radiales y axiales montados sobre cojinetes para sistemas controlados y series de pruebas \u25ba \u00a1Descubre m\u00e1s ahora!\" \/>\n<meta property=\"og:url\" content=\"https:\/\/hense-systeme.com\/es\/produkt\/serie-hsh\/\" \/>\n<meta property=\"og:site_name\" content=\"Hense Systemtechnik GmbH &amp; Co. KG\" \/>\n<meta property=\"article:modified_time\" content=\"2025-06-11T11:33:05+00:00\" \/>\n<meta property=\"og:image\" content=\"https:\/\/hense-systeme.com\/wp-content\/uploads\/produkte_baureihe-hsh.png\" \/>\n\t<meta property=\"og:image:width\" content=\"467\" \/>\n\t<meta property=\"og:image:height\" content=\"442\" \/>\n\t<meta property=\"og:image:type\" content=\"image\/png\" \/>\n<meta name=\"twitter:card\" content=\"summary_large_image\" \/>\n<meta name=\"twitter:label1\" content=\"Tiempo de lectura\" \/>\n\t<meta name=\"twitter:data1\" content=\"2 minutos\" \/>\n<script type=\"application\/ld+json\" class=\"yoast-schema-graph\">{\"@context\":\"https:\\\/\\\/schema.org\",\"@graph\":[{\"@type\":\"WebPage\",\"@id\":\"https:\\\/\\\/hense-systeme.com\\\/es\\\/produkt\\\/serie-hsh\\\/\",\"url\":\"https:\\\/\\\/hense-systeme.com\\\/es\\\/produkt\\\/serie-hsh\\\/\",\"name\":\"Motor giratorio de paletas con eje de transmisi\u00f3n | Serie HSH\",\"isPartOf\":{\"@id\":\"https:\\\/\\\/hense-systeme.com\\\/es\\\/#website\"},\"primaryImageOfPage\":{\"@id\":\"https:\\\/\\\/hense-systeme.com\\\/es\\\/produkt\\\/serie-hsh\\\/#primaryimage\"},\"image\":{\"@id\":\"https:\\\/\\\/hense-systeme.com\\\/es\\\/produkt\\\/serie-hsh\\\/#primaryimage\"},\"thumbnailUrl\":\"https:\\\/\\\/hense-systeme.com\\\/wp-content\\\/uploads\\\/produkte_baureihe-hsh.png\",\"datePublished\":\"2024-02-13T13:02:53+00:00\",\"dateModified\":\"2025-06-11T11:33:05+00:00\",\"description\":\"Motores hidr\u00e1ulicos giratorios de la serie HSH con ejes de transmisi\u00f3n hidrost\u00e1ticos radiales y axiales montados sobre cojinetes para sistemas controlados y series de pruebas \u25ba \u00a1Descubre m\u00e1s ahora!\",\"breadcrumb\":{\"@id\":\"https:\\\/\\\/hense-systeme.com\\\/es\\\/produkt\\\/serie-hsh\\\/#breadcrumb\"},\"inLanguage\":\"es\",\"potentialAction\":[{\"@type\":\"ReadAction\",\"target\":[\"https:\\\/\\\/hense-systeme.com\\\/es\\\/produkt\\\/serie-hsh\\\/\"]}]},{\"@type\":\"ImageObject\",\"inLanguage\":\"es\",\"@id\":\"https:\\\/\\\/hense-systeme.com\\\/es\\\/produkt\\\/serie-hsh\\\/#primaryimage\",\"url\":\"https:\\\/\\\/hense-systeme.com\\\/wp-content\\\/uploads\\\/produkte_baureihe-hsh.png\",\"contentUrl\":\"https:\\\/\\\/hense-systeme.com\\\/wp-content\\\/uploads\\\/produkte_baureihe-hsh.png\",\"width\":467,\"height\":442},{\"@type\":\"BreadcrumbList\",\"@id\":\"https:\\\/\\\/hense-systeme.com\\\/es\\\/produkt\\\/serie-hsh\\\/#breadcrumb\",\"itemListElement\":[{\"@type\":\"ListItem\",\"position\":1,\"name\":\"Startseite\",\"item\":\"https:\\\/\\\/hense-systeme.com\\\/es\\\/\"},{\"@type\":\"ListItem\",\"position\":2,\"name\":\"Produkte\",\"item\":\"https:\\\/\\\/hense-systeme.com\\\/es\\\/produkt\\\/\"},{\"@type\":\"ListItem\",\"position\":3,\"name\":\"Motor giratorio HSH\"}]},{\"@type\":\"WebSite\",\"@id\":\"https:\\\/\\\/hense-systeme.com\\\/es\\\/#website\",\"url\":\"https:\\\/\\\/hense-systeme.com\\\/es\\\/\",\"name\":\"Hense Systemtechnik GmbH &amp; Co. KG\",\"description\":\"\",\"publisher\":{\"@id\":\"https:\\\/\\\/hense-systeme.com\\\/es\\\/#organization\"},\"potentialAction\":[{\"@type\":\"SearchAction\",\"target\":{\"@type\":\"EntryPoint\",\"urlTemplate\":\"https:\\\/\\\/hense-systeme.com\\\/es\\\/?s={search_term_string}\"},\"query-input\":{\"@type\":\"PropertyValueSpecification\",\"valueRequired\":true,\"valueName\":\"search_term_string\"}}],\"inLanguage\":\"es\"},{\"@type\":\"Organization\",\"@id\":\"https:\\\/\\\/hense-systeme.com\\\/es\\\/#organization\",\"name\":\"Hense Systemtechnik GmbH &amp; Co. KG\",\"url\":\"https:\\\/\\\/hense-systeme.com\\\/es\\\/\",\"logo\":{\"@type\":\"ImageObject\",\"inLanguage\":\"es\",\"@id\":\"https:\\\/\\\/hense-systeme.com\\\/es\\\/#\\\/schema\\\/logo\\\/image\\\/\",\"url\":\"https:\\\/\\\/hense-systeme.com\\\/wp-content\\\/uploads\\\/2024\\\/02\\\/hense_logo.svg\",\"contentUrl\":\"https:\\\/\\\/hense-systeme.com\\\/wp-content\\\/uploads\\\/2024\\\/02\\\/hense_logo.svg\",\"width\":241,\"height\":76,\"caption\":\"Hense Systemtechnik GmbH &amp; Co. KG\"},\"image\":{\"@id\":\"https:\\\/\\\/hense-systeme.com\\\/es\\\/#\\\/schema\\\/logo\\\/image\\\/\"}}]}<\/script>\n<!-- \/ Yoast SEO plugin. -->","yoast_head_json":{"title":"Motor giratorio de paletas con eje de transmisi\u00f3n | Serie HSH","description":"Motores hidr\u00e1ulicos giratorios de la serie HSH con ejes de transmisi\u00f3n hidrost\u00e1ticos radiales y axiales montados sobre cojinetes para sistemas controlados y series de pruebas \u25ba \u00a1Descubre m\u00e1s ahora!","robots":{"index":"index","follow":"follow","max-snippet":"max-snippet:-1","max-image-preview":"max-image-preview:large","max-video-preview":"max-video-preview:-1"},"canonical":"https:\/\/hense-systeme.com\/es\/produkt\/serie-hsh\/","og_locale":"es_ES","og_type":"article","og_title":"Motor giratorio de paletas con eje de transmisi\u00f3n | Serie HSH","og_description":"Motores hidr\u00e1ulicos giratorios de la serie HSH con ejes de transmisi\u00f3n hidrost\u00e1ticos radiales y axiales montados sobre cojinetes para sistemas controlados y series de pruebas \u25ba \u00a1Descubre m\u00e1s ahora!","og_url":"https:\/\/hense-systeme.com\/es\/produkt\/serie-hsh\/","og_site_name":"Hense Systemtechnik GmbH &amp; Co. KG","article_modified_time":"2025-06-11T11:33:05+00:00","og_image":[{"width":467,"height":442,"url":"https:\/\/hense-systeme.com\/wp-content\/uploads\/produkte_baureihe-hsh.png","type":"image\/png"}],"twitter_card":"summary_large_image","twitter_misc":{"Tiempo de lectura":"2 minutos"},"schema":{"@context":"https:\/\/schema.org","@graph":[{"@type":"WebPage","@id":"https:\/\/hense-systeme.com\/es\/produkt\/serie-hsh\/","url":"https:\/\/hense-systeme.com\/es\/produkt\/serie-hsh\/","name":"Motor giratorio de paletas con eje de transmisi\u00f3n | Serie HSH","isPartOf":{"@id":"https:\/\/hense-systeme.com\/es\/#website"},"primaryImageOfPage":{"@id":"https:\/\/hense-systeme.com\/es\/produkt\/serie-hsh\/#primaryimage"},"image":{"@id":"https:\/\/hense-systeme.com\/es\/produkt\/serie-hsh\/#primaryimage"},"thumbnailUrl":"https:\/\/hense-systeme.com\/wp-content\/uploads\/produkte_baureihe-hsh.png","datePublished":"2024-02-13T13:02:53+00:00","dateModified":"2025-06-11T11:33:05+00:00","description":"Motores hidr\u00e1ulicos giratorios de la serie HSH con ejes de transmisi\u00f3n hidrost\u00e1ticos radiales y axiales montados sobre cojinetes para sistemas controlados y series de pruebas \u25ba \u00a1Descubre m\u00e1s ahora!","breadcrumb":{"@id":"https:\/\/hense-systeme.com\/es\/produkt\/serie-hsh\/#breadcrumb"},"inLanguage":"es","potentialAction":[{"@type":"ReadAction","target":["https:\/\/hense-systeme.com\/es\/produkt\/serie-hsh\/"]}]},{"@type":"ImageObject","inLanguage":"es","@id":"https:\/\/hense-systeme.com\/es\/produkt\/serie-hsh\/#primaryimage","url":"https:\/\/hense-systeme.com\/wp-content\/uploads\/produkte_baureihe-hsh.png","contentUrl":"https:\/\/hense-systeme.com\/wp-content\/uploads\/produkte_baureihe-hsh.png","width":467,"height":442},{"@type":"BreadcrumbList","@id":"https:\/\/hense-systeme.com\/es\/produkt\/serie-hsh\/#breadcrumb","itemListElement":[{"@type":"ListItem","position":1,"name":"Startseite","item":"https:\/\/hense-systeme.com\/es\/"},{"@type":"ListItem","position":2,"name":"Produkte","item":"https:\/\/hense-systeme.com\/es\/produkt\/"},{"@type":"ListItem","position":3,"name":"Motor giratorio HSH"}]},{"@type":"WebSite","@id":"https:\/\/hense-systeme.com\/es\/#website","url":"https:\/\/hense-systeme.com\/es\/","name":"Hense Systemtechnik GmbH &amp; Co. KG","description":"","publisher":{"@id":"https:\/\/hense-systeme.com\/es\/#organization"},"potentialAction":[{"@type":"SearchAction","target":{"@type":"EntryPoint","urlTemplate":"https:\/\/hense-systeme.com\/es\/?s={search_term_string}"},"query-input":{"@type":"PropertyValueSpecification","valueRequired":true,"valueName":"search_term_string"}}],"inLanguage":"es"},{"@type":"Organization","@id":"https:\/\/hense-systeme.com\/es\/#organization","name":"Hense Systemtechnik GmbH &amp; Co. KG","url":"https:\/\/hense-systeme.com\/es\/","logo":{"@type":"ImageObject","inLanguage":"es","@id":"https:\/\/hense-systeme.com\/es\/#\/schema\/logo\/image\/","url":"https:\/\/hense-systeme.com\/wp-content\/uploads\/2024\/02\/hense_logo.svg","contentUrl":"https:\/\/hense-systeme.com\/wp-content\/uploads\/2024\/02\/hense_logo.svg","width":241,"height":76,"caption":"Hense Systemtechnik GmbH &amp; Co. KG"},"image":{"@id":"https:\/\/hense-systeme.com\/es\/#\/schema\/logo\/image\/"}}]}},"_links":{"self":[{"href":"https:\/\/hense-systeme.com\/es\/wp-json\/wp\/v2\/product\/6881","targetHints":{"allow":["GET"]}}],"collection":[{"href":"https:\/\/hense-systeme.com\/es\/wp-json\/wp\/v2\/product"}],"about":[{"href":"https:\/\/hense-systeme.com\/es\/wp-json\/wp\/v2\/types\/product"}],"version-history":[{"count":4,"href":"https:\/\/hense-systeme.com\/es\/wp-json\/wp\/v2\/product\/6881\/revisions"}],"predecessor-version":[{"id":10923,"href":"https:\/\/hense-systeme.com\/es\/wp-json\/wp\/v2\/product\/6881\/revisions\/10923"}],"wp:featuredmedia":[{"embeddable":true,"href":"https:\/\/hense-systeme.com\/es\/wp-json\/wp\/v2\/media\/6882"}],"wp:attachment":[{"href":"https:\/\/hense-systeme.com\/es\/wp-json\/wp\/v2\/media?parent=6881"}],"wp:term":[{"taxonomy":"product_applications","embeddable":true,"href":"https:\/\/hense-systeme.com\/es\/wp-json\/wp\/v2\/product_applications?post=6881"},{"taxonomy":"product_category","embeddable":true,"href":"https:\/\/hense-systeme.com\/es\/wp-json\/wp\/v2\/product_category?post=6881"}],"curies":[{"name":"wp","href":"https:\/\/api.w.org\/{rel}","templated":true}]}}