{"id":5545,"date":"2024-02-13T14:04:59","date_gmt":"2024-02-13T13:04:59","guid":{"rendered":"https:\/\/hense.pixel-tal.de\/a-propos-de-nous\/"},"modified":"2024-04-12T15:23:37","modified_gmt":"2024-04-12T13:23:37","slug":"a-propos-de-nous","status":"publish","type":"page","link":"https:\/\/hense-systeme.com\/fr\/entreprise\/a-propos-de-nous\/","title":{"rendered":"\u00c0 propos de nous"},"content":{"rendered":"<section id=\"265e6633\" class=\"hero hero-265e6633 hero--text\" data-theme=\"dark\">\n\t\t\t\t\t\t\t\t<div class=\"acf-innerblocks-container\">\n\r\n\t\t\t       \r\n                    \r\n            <div id=\"3832c6b5\" class=\"hero-item hero-item-3832c6b5 hero-item--overlay hero-item--image\">\r\n\t\t\t\t<div class=\"hero-canvas\">\r\n\t\t\t\t\t<div class=\"acf-innerblocks-container\">\n<div id=\"1240fb28\" class=\"gb-container gb-container-1240fb28\" data-container-type=\"container\" data-theme=\"inherit\" data-aos=\"fade-up\">\n\n<div class=\"wp-block-pixel-headline headlines --subheadline-top has-text-align-center\"><h1 class=\"headline\" style=\"color:var(--base-3)\"><strong>Notre<\/strong><br>Profil de l&#8217;entreprise<\/h1><span class=\"subheadline\" style=\"color:\">Qui sommes-nous ?<\/span><\/div>\n\n<\/div>\n<\/div>\r\n\t\t\t\t<\/div>\r\n\t\t\t\t<div class=\"hero-media hero-media-image\"><img loading=\"lazy\" decoding=\"async\" width=\"1920\" height=\"500\" src=\"https:\/\/hense-systeme.com\/wp-content\/uploads\/header_ueber_uns.jpg\" class=\"attachment-full size-full\" alt=\"\" srcset=\"https:\/\/hense-systeme.com\/wp-content\/uploads\/header_ueber_uns.jpg 1920w, https:\/\/hense-systeme.com\/wp-content\/uploads\/header_ueber_uns-300x78.jpg 300w, https:\/\/hense-systeme.com\/wp-content\/uploads\/header_ueber_uns-1024x267.jpg 1024w, https:\/\/hense-systeme.com\/wp-content\/uploads\/header_ueber_uns-768x200.jpg 768w, https:\/\/hense-systeme.com\/wp-content\/uploads\/header_ueber_uns-1536x400.jpg 1536w, https:\/\/hense-systeme.com\/wp-content\/uploads\/header_ueber_uns-1x1.jpg 1w\" sizes=\"auto, (max-width: 1920px) 100vw, 1920px\" \/><\/div>            <\/div>\r\n\t\t\t\t\r\n            \r\n\t\t\t\r\n        \r\n            \n<\/div>\n\t\t\t\t\t\t\t\t\t\t\t\t<div id=\"start\"><\/div>\n\t\t\t<\/section>\n\t\t\t\t\n\t\t\t\n\t\t\t        \n            \n\n<section id=\"b6a6500f\" class=\"gb-section gb-container gb-container-b6a6500f\" data-container-type=\"section\" data-theme=\"dark\">\n<section id=\"cfe90332\" class=\"gb-inner-section gb-container gb-container-cfe90332\" data-container-type=\"container\" data-theme=\"inherit\">\n<div id=\"4cd3a069\" class=\"gb-container gb-container-4cd3a069\" data-container-type=\"container\" data-theme=\"inherit\" data-aos=\"fade-right\">\n\n<div class=\"wp-block-pixel-headline headlines --subheadline-top has-text-align-left\"><h2 class=\"headline\" style=\"color:\"><strong>La soci\u00e9t\u00e9 Hense Systeme<\/strong> GmbH &amp; Co. KG<\/h2><span class=\"subheadline\" style=\"color:\">Qualit\u00e9 et innovation avec tradition<\/span><\/div>\n\n<\/div>\n\n<div class=\"gb-grid-wrapper gb-grid-wrapper-e7261f94\">\n<div class=\"gb-grid-column gb-grid-column-32f3d6d6\"><div id=\"32f3d6d6\" class=\"gb-container gb-container-32f3d6d6\" data-container-type=\"container\" data-theme=\"inherit\" data-aos=\"fade-right\">\n\n<p class=\"wp-block-paragraph\">&#8230; dont le si\u00e8ge se trouve \u00e0 Bochum (r\u00e9gion de la Ruhr), est l&#8217;un des principaux fabricants de moteurs hydrauliques pivotants fonctionnant selon le principe de la palette rotative ainsi que de syst\u00e8mes de levage et de pivotement sp\u00e9cifiques aux clients. Nous sommes \u00e9galement connus en tant que fournisseur de premi\u00e8re monte dans de nombreux domaines de la technique des bancs d&#8217;essai.<br><br>La direction de l&#8217;entreprise familiale en est d\u00e9j\u00e0 \u00e0 la troisi\u00e8me g\u00e9n\u00e9ration et propose depuis maintenant 50 ans des solutions innovantes dans le domaine des composants hydrauliques pour presque tous les secteurs industriels.<br><\/p>\n\n<\/div><\/div>\n\n<div class=\"gb-grid-column gb-grid-column-09ecf06b\"><div id=\"09ecf06b\" class=\"gb-container gb-container-09ecf06b\" data-container-type=\"container\" data-theme=\"inherit\" data-aos=\"fade-left\">\n\n<p class=\"has-text-align-left wp-block-paragraph\">Gr\u00e2ce \u00e0 nos connaissances de longue date dans le domaine de la construction m\u00e9canique, \u00e0 des strat\u00e9gies et des d\u00e9veloppements toujours nouveaux, \u00e0 une orientation cons\u00e9quente vers le client et \u00e0 l&#8217;engagement de nos collaborateurs, nous continuerons \u00e0 l&#8217;avenir sur la voie du succ\u00e8s afin de r\u00e9pondre aux exigences du march\u00e9 mondial et d&#8217;assurer et de d\u00e9velopper notre position.<br><br>Faites-vous une id\u00e9e de notre entreprise et apprenez-en plus sur nos produits, qui sont notamment reconnus sur le march\u00e9 pour leur grande qualit\u00e9.<br><\/p>\n\n<\/div><\/div>\n<\/div>\n<\/section>\n<\/section>\n\n<section id=\"56ece15a\" class=\"gb-section gb-container gb-container-56ece15a alignfull\" data-container-type=\"section\" data-theme=\"dark\">\n<div id=\"87098be6\" class=\"gb-inner-section gb-container gb-container-87098be6 center\" data-container-type=\"container\" data-theme=\"inherit\">\n<div class=\"gb-grid-wrapper gb-grid-wrapper-45ea1435 center\">\n<div class=\"gb-grid-column gb-grid-column-223b7a54\"><div id=\"223b7a54\" class=\"gb-container gb-container-223b7a54\" data-container-type=\"container\" data-theme=\"inherit\" data-aos=\"fade-right\">\n\n<figure class=\"gb-block-image gb-block-image-8b5e305d\"><img loading=\"lazy\" decoding=\"async\" width=\"370\" height=\"449\" class=\"gb-image gb-image-8b5e305d gb-image-style-border-left\" src=\"https:\/\/hense-systeme.com\/wp-content\/uploads\/qualitaet.jpg\" alt=\"\" title=\"qualit\u00e9\" srcset=\"https:\/\/hense-systeme.com\/wp-content\/uploads\/qualitaet.jpg 370w, https:\/\/hense-systeme.com\/wp-content\/uploads\/qualitaet-247x300.jpg 247w, https:\/\/hense-systeme.com\/wp-content\/uploads\/qualitaet-1x1.jpg 1w\" sizes=\"auto, (max-width: 370px) 100vw, 370px\" \/><\/figure>\n\n<\/div><\/div>\n\n<div class=\"gb-grid-column gb-grid-column-241aa578\"><div id=\"241aa578\" class=\"gb-container gb-container-241aa578\" data-container-type=\"container\" data-theme=\"inherit\" data-aos=\"fade-left\">\n\n<div class=\"wp-block-pixel-headline headlines --subheadline-top has-text-align-left\"><h2 class=\"headline\" style=\"color:\"><strong>Haute<\/strong> qualit\u00e9<\/h2><span class=\"subheadline\" style=\"color:\">Nous misons sur<\/span><\/div>\n\n\n\n<p class=\"wp-block-paragraph\">Nous savons que notre qualit\u00e9 \u00e9lev\u00e9e ne se distingue pas uniquement par des connaissances et des comp\u00e9tences particuli\u00e8res dans la fabrication de nos produits. Comme pour nos moteurs, diff\u00e9rents facteurs doivent s&#8217;imbriquer sans probl\u00e8me pour que tout tourne rond. Dans notre travail quotidien, nous gardons syst\u00e9matiquement \u00e0 l&#8217;esprit les domaines suivants et les concilions afin d&#8217;obtenir les meilleurs r\u00e9sultats.<\/p>\n\n<\/div><\/div>\n<\/div>\n<\/div>\n<\/section>","protected":false},"excerpt":{"rendered":"","protected":false},"author":1,"featured_media":0,"parent":6098,"menu_order":1,"comment_status":"closed","ping_status":"closed","template":"","meta":{"_acf_changed":false,"_crdt_document":"","footnotes":""},"class_list":{"0":"post-5545","1":"page","2":"type-page","3":"status-publish","5":"no-featured-image-padding"},"acf":[],"yoast_head":"<!-- This site is optimized with the Yoast SEO plugin v27.3 - https:\/\/yoast.com\/product\/yoast-seo-wordpress\/ -->\n<title>\u00c0 propos de nous - Hense Systemtechnik GmbH &amp; Co. KG<\/title>\n<meta name=\"robots\" content=\"index, follow, max-snippet:-1, max-image-preview:large, max-video-preview:-1\" \/>\n<link rel=\"canonical\" href=\"https:\/\/hense-systeme.com\/fr\/entreprise\/a-propos-de-nous\/\" \/>\n<meta property=\"og:locale\" content=\"fr_FR\" \/>\n<meta property=\"og:type\" content=\"article\" \/>\n<meta property=\"og:title\" content=\"\u00c0 propos de nous - Hense Systemtechnik GmbH &amp; Co. KG\" \/>\n<meta property=\"og:url\" content=\"https:\/\/hense-systeme.com\/fr\/entreprise\/a-propos-de-nous\/\" \/>\n<meta property=\"og:site_name\" content=\"Hense Systemtechnik GmbH &amp; Co. KG\" \/>\n<meta property=\"article:modified_time\" content=\"2024-04-12T13:23:37+00:00\" \/>\n<meta property=\"og:image\" content=\"https:\/\/hense-systeme.com\/wp-content\/uploads\/qualitaet.jpg\" \/>\n<meta name=\"twitter:card\" content=\"summary_large_image\" \/>\n<meta name=\"twitter:label1\" content=\"Dur\u00e9e de lecture estim\u00e9e\" \/>\n\t<meta name=\"twitter:data1\" content=\"2 minutes\" \/>\n<script type=\"application\/ld+json\" class=\"yoast-schema-graph\">{\"@context\":\"https:\\\/\\\/schema.org\",\"@graph\":[{\"@type\":\"WebPage\",\"@id\":\"https:\\\/\\\/hense-systeme.com\\\/fr\\\/entreprise\\\/a-propos-de-nous\\\/\",\"url\":\"https:\\\/\\\/hense-systeme.com\\\/fr\\\/entreprise\\\/a-propos-de-nous\\\/\",\"name\":\"\u00c0 propos de nous - Hense Systemtechnik GmbH &amp; Co. KG\",\"isPartOf\":{\"@id\":\"https:\\\/\\\/hense-systeme.com\\\/fr\\\/#website\"},\"primaryImageOfPage\":{\"@id\":\"https:\\\/\\\/hense-systeme.com\\\/fr\\\/entreprise\\\/a-propos-de-nous\\\/#primaryimage\"},\"image\":{\"@id\":\"https:\\\/\\\/hense-systeme.com\\\/fr\\\/entreprise\\\/a-propos-de-nous\\\/#primaryimage\"},\"thumbnailUrl\":\"https:\\\/\\\/hense-systeme.com\\\/wp-content\\\/uploads\\\/qualitaet.jpg\",\"datePublished\":\"2024-02-13T13:04:59+00:00\",\"dateModified\":\"2024-04-12T13:23:37+00:00\",\"breadcrumb\":{\"@id\":\"https:\\\/\\\/hense-systeme.com\\\/fr\\\/entreprise\\\/a-propos-de-nous\\\/#breadcrumb\"},\"inLanguage\":\"fr-FR\",\"potentialAction\":[{\"@type\":\"ReadAction\",\"target\":[\"https:\\\/\\\/hense-systeme.com\\\/fr\\\/entreprise\\\/a-propos-de-nous\\\/\"]}]},{\"@type\":\"ImageObject\",\"inLanguage\":\"fr-FR\",\"@id\":\"https:\\\/\\\/hense-systeme.com\\\/fr\\\/entreprise\\\/a-propos-de-nous\\\/#primaryimage\",\"url\":\"https:\\\/\\\/hense-systeme.com\\\/wp-content\\\/uploads\\\/qualitaet.jpg\",\"contentUrl\":\"https:\\\/\\\/hense-systeme.com\\\/wp-content\\\/uploads\\\/qualitaet.jpg\"},{\"@type\":\"BreadcrumbList\",\"@id\":\"https:\\\/\\\/hense-systeme.com\\\/fr\\\/entreprise\\\/a-propos-de-nous\\\/#breadcrumb\",\"itemListElement\":[{\"@type\":\"ListItem\",\"position\":1,\"name\":\"Startseite\",\"item\":\"https:\\\/\\\/hense-systeme.com\\\/fr\\\/\"},{\"@type\":\"ListItem\",\"position\":2,\"name\":\"Priv\u00e9\u00a0: Entreprise\",\"item\":\"https:\\\/\\\/hense-systeme.com\\\/fr\\\/entreprise\\\/\"},{\"@type\":\"ListItem\",\"position\":3,\"name\":\"\u00c0 propos de nous\"}]},{\"@type\":\"WebSite\",\"@id\":\"https:\\\/\\\/hense-systeme.com\\\/fr\\\/#website\",\"url\":\"https:\\\/\\\/hense-systeme.com\\\/fr\\\/\",\"name\":\"Hense Systemtechnik GmbH &amp; Co. KG\",\"description\":\"\",\"publisher\":{\"@id\":\"https:\\\/\\\/hense-systeme.com\\\/fr\\\/#organization\"},\"potentialAction\":[{\"@type\":\"SearchAction\",\"target\":{\"@type\":\"EntryPoint\",\"urlTemplate\":\"https:\\\/\\\/hense-systeme.com\\\/fr\\\/?s={search_term_string}\"},\"query-input\":{\"@type\":\"PropertyValueSpecification\",\"valueRequired\":true,\"valueName\":\"search_term_string\"}}],\"inLanguage\":\"fr-FR\"},{\"@type\":\"Organization\",\"@id\":\"https:\\\/\\\/hense-systeme.com\\\/fr\\\/#organization\",\"name\":\"Hense Systemtechnik GmbH &amp; Co. KG\",\"url\":\"https:\\\/\\\/hense-systeme.com\\\/fr\\\/\",\"logo\":{\"@type\":\"ImageObject\",\"inLanguage\":\"fr-FR\",\"@id\":\"https:\\\/\\\/hense-systeme.com\\\/fr\\\/#\\\/schema\\\/logo\\\/image\\\/\",\"url\":\"https:\\\/\\\/hense-systeme.com\\\/wp-content\\\/uploads\\\/2024\\\/02\\\/hense_logo.svg\",\"contentUrl\":\"https:\\\/\\\/hense-systeme.com\\\/wp-content\\\/uploads\\\/2024\\\/02\\\/hense_logo.svg\",\"width\":241,\"height\":76,\"caption\":\"Hense Systemtechnik GmbH &amp; Co. KG\"},\"image\":{\"@id\":\"https:\\\/\\\/hense-systeme.com\\\/fr\\\/#\\\/schema\\\/logo\\\/image\\\/\"}}]}<\/script>\n<!-- \/ Yoast SEO plugin. -->","yoast_head_json":{"title":"\u00c0 propos de nous - Hense Systemtechnik GmbH &amp; Co. KG","robots":{"index":"index","follow":"follow","max-snippet":"max-snippet:-1","max-image-preview":"max-image-preview:large","max-video-preview":"max-video-preview:-1"},"canonical":"https:\/\/hense-systeme.com\/fr\/entreprise\/a-propos-de-nous\/","og_locale":"fr_FR","og_type":"article","og_title":"\u00c0 propos de nous - Hense Systemtechnik GmbH &amp; Co. KG","og_url":"https:\/\/hense-systeme.com\/fr\/entreprise\/a-propos-de-nous\/","og_site_name":"Hense Systemtechnik GmbH &amp; Co. KG","article_modified_time":"2024-04-12T13:23:37+00:00","og_image":[{"url":"https:\/\/hense-systeme.com\/wp-content\/uploads\/qualitaet.jpg","type":"","width":"","height":""}],"twitter_card":"summary_large_image","twitter_misc":{"Dur\u00e9e de lecture estim\u00e9e":"2 minutes"},"schema":{"@context":"https:\/\/schema.org","@graph":[{"@type":"WebPage","@id":"https:\/\/hense-systeme.com\/fr\/entreprise\/a-propos-de-nous\/","url":"https:\/\/hense-systeme.com\/fr\/entreprise\/a-propos-de-nous\/","name":"\u00c0 propos de nous - Hense Systemtechnik GmbH &amp; Co. KG","isPartOf":{"@id":"https:\/\/hense-systeme.com\/fr\/#website"},"primaryImageOfPage":{"@id":"https:\/\/hense-systeme.com\/fr\/entreprise\/a-propos-de-nous\/#primaryimage"},"image":{"@id":"https:\/\/hense-systeme.com\/fr\/entreprise\/a-propos-de-nous\/#primaryimage"},"thumbnailUrl":"https:\/\/hense-systeme.com\/wp-content\/uploads\/qualitaet.jpg","datePublished":"2024-02-13T13:04:59+00:00","dateModified":"2024-04-12T13:23:37+00:00","breadcrumb":{"@id":"https:\/\/hense-systeme.com\/fr\/entreprise\/a-propos-de-nous\/#breadcrumb"},"inLanguage":"fr-FR","potentialAction":[{"@type":"ReadAction","target":["https:\/\/hense-systeme.com\/fr\/entreprise\/a-propos-de-nous\/"]}]},{"@type":"ImageObject","inLanguage":"fr-FR","@id":"https:\/\/hense-systeme.com\/fr\/entreprise\/a-propos-de-nous\/#primaryimage","url":"https:\/\/hense-systeme.com\/wp-content\/uploads\/qualitaet.jpg","contentUrl":"https:\/\/hense-systeme.com\/wp-content\/uploads\/qualitaet.jpg"},{"@type":"BreadcrumbList","@id":"https:\/\/hense-systeme.com\/fr\/entreprise\/a-propos-de-nous\/#breadcrumb","itemListElement":[{"@type":"ListItem","position":1,"name":"Startseite","item":"https:\/\/hense-systeme.com\/fr\/"},{"@type":"ListItem","position":2,"name":"Priv\u00e9\u00a0: Entreprise","item":"https:\/\/hense-systeme.com\/fr\/entreprise\/"},{"@type":"ListItem","position":3,"name":"\u00c0 propos de nous"}]},{"@type":"WebSite","@id":"https:\/\/hense-systeme.com\/fr\/#website","url":"https:\/\/hense-systeme.com\/fr\/","name":"Hense Systemtechnik GmbH &amp; Co. KG","description":"","publisher":{"@id":"https:\/\/hense-systeme.com\/fr\/#organization"},"potentialAction":[{"@type":"SearchAction","target":{"@type":"EntryPoint","urlTemplate":"https:\/\/hense-systeme.com\/fr\/?s={search_term_string}"},"query-input":{"@type":"PropertyValueSpecification","valueRequired":true,"valueName":"search_term_string"}}],"inLanguage":"fr-FR"},{"@type":"Organization","@id":"https:\/\/hense-systeme.com\/fr\/#organization","name":"Hense Systemtechnik GmbH &amp; Co. KG","url":"https:\/\/hense-systeme.com\/fr\/","logo":{"@type":"ImageObject","inLanguage":"fr-FR","@id":"https:\/\/hense-systeme.com\/fr\/#\/schema\/logo\/image\/","url":"https:\/\/hense-systeme.com\/wp-content\/uploads\/2024\/02\/hense_logo.svg","contentUrl":"https:\/\/hense-systeme.com\/wp-content\/uploads\/2024\/02\/hense_logo.svg","width":241,"height":76,"caption":"Hense Systemtechnik GmbH &amp; Co. KG"},"image":{"@id":"https:\/\/hense-systeme.com\/fr\/#\/schema\/logo\/image\/"}}]}},"_links":{"self":[{"href":"https:\/\/hense-systeme.com\/fr\/wp-json\/wp\/v2\/pages\/5545","targetHints":{"allow":["GET"]}}],"collection":[{"href":"https:\/\/hense-systeme.com\/fr\/wp-json\/wp\/v2\/pages"}],"about":[{"href":"https:\/\/hense-systeme.com\/fr\/wp-json\/wp\/v2\/types\/page"}],"author":[{"embeddable":true,"href":"https:\/\/hense-systeme.com\/fr\/wp-json\/wp\/v2\/users\/1"}],"replies":[{"embeddable":true,"href":"https:\/\/hense-systeme.com\/fr\/wp-json\/wp\/v2\/comments?post=5545"}],"version-history":[{"count":6,"href":"https:\/\/hense-systeme.com\/fr\/wp-json\/wp\/v2\/pages\/5545\/revisions"}],"predecessor-version":[{"id":8502,"href":"https:\/\/hense-systeme.com\/fr\/wp-json\/wp\/v2\/pages\/5545\/revisions\/8502"}],"up":[{"embeddable":true,"href":"https:\/\/hense-systeme.com\/fr\/wp-json\/wp\/v2\/pages\/6098"}],"wp:attachment":[{"href":"https:\/\/hense-systeme.com\/fr\/wp-json\/wp\/v2\/media?parent=5545"}],"curies":[{"name":"wp","href":"https:\/\/api.w.org\/{rel}","templated":true}]}}