{"id":5795,"date":"2024-02-13T13:57:06","date_gmt":"2024-02-13T12:57:06","guid":{"rendered":"https:\/\/hense.pixel-tal.de\/produits\/combinaison-de-levage-et-dinclinaison\/"},"modified":"2025-06-11T13:32:02","modified_gmt":"2025-06-11T11:32:02","slug":"combinaison-de-levage-et-dinclinaison","status":"publish","type":"page","link":"https:\/\/hense-systeme.com\/fr\/produits\/combinaison-de-levage-et-dinclinaison\/","title":{"rendered":"Combinaison de levage et d&#8217;inclinaison"},"content":{"rendered":"<section id=\"3f07633c\" class=\"hero hero-3f07633c hero--text\" data-theme=\"dark\">\n\t\t\t\t\t\t\t\t<div class=\"acf-innerblocks-container\">\n\r\n\t\t\t       \r\n                    \r\n            <div id=\"ebabe465\" class=\"hero-item hero-item-ebabe465 hero-item--image\">\r\n\t\t\t\t<div class=\"hero-canvas\">\r\n\t\t\t\t\t<div class=\"acf-innerblocks-container\">\n<div id=\"0928ea7c\" class=\"gb-container gb-container-0928ea7c center\" data-container-type=\"container\" data-theme=\"inherit\" data-aos=\"fade-up\">\n\n<div class=\"wp-block-pixel-headline headlines --subheadline-top has-text-align-center is-gap-sm center\"><h1 class=\"headline\" style=\"color:var(--base-3)\">Combinaison de <strong>levage<\/strong><br>et de pivotement<\/h1><span class=\"subheadline\" style=\"color:var(--global-color-gruen)\">Produits<\/span><\/div>\n\n<\/div>\n<\/div>\r\n\t\t\t\t<\/div>\r\n\t\t\t\t<div class=\"hero-media hero-media-image\"><img loading=\"lazy\" decoding=\"async\" width=\"1920\" height=\"868\" src=\"https:\/\/hense-systeme.com\/wp-content\/uploads\/2024\/01\/home-image.png\" class=\"attachment-full size-full\" alt=\"\" srcset=\"https:\/\/hense-systeme.com\/wp-content\/uploads\/2024\/01\/home-image.png 1920w, https:\/\/hense-systeme.com\/wp-content\/uploads\/2024\/01\/home-image-300x136.png 300w, https:\/\/hense-systeme.com\/wp-content\/uploads\/2024\/01\/home-image-1024x463.png 1024w, https:\/\/hense-systeme.com\/wp-content\/uploads\/2024\/01\/home-image-768x347.png 768w, https:\/\/hense-systeme.com\/wp-content\/uploads\/2024\/01\/home-image-1536x694.png 1536w\" sizes=\"auto, (max-width: 1920px) 100vw, 1920px\" \/><\/div>            <\/div>\r\n\t\t\t\t\r\n            \r\n\t\t\t\r\n        \r\n            \n<\/div>\n\t\t\t\t\t\t\t\t\t\t\t\t<div id=\"start\"><\/div>\n\t\t\t<\/section>\n\t\t\t\t\n\t\t\t\n\t\t\t        \n            <section id=\"b6a6500f\" class=\"gb-section gb-container gb-container-b6a6500f\" data-container-type=\"section\" data-theme=\"dark\">\n<section id=\"cfe90332\" class=\"gb-inner-section gb-container gb-container-cfe90332\" data-container-type=\"container\" data-theme=\"inherit\">\n<div class=\"gb-grid-wrapper gb-grid-wrapper-e7261f94\">\n<div class=\"gb-grid-column gb-grid-column-32f3d6d6\"><div id=\"32f3d6d6\" class=\"gb-container gb-container-32f3d6d6\" data-container-type=\"container\" data-theme=\"inherit\" data-aos=\"fade-right\">\n\n<div class=\"wp-block-pixel-headline headlines --subheadline-top has-text-align-left is-gap-off\"><h2 class=\"headline\" style=\"color:\"><strong>Syst\u00e8mes de levage et de pivotement<\/strong><\/h2><span class=\"subheadline\" style=\"color:\">UNIT\u00c9 DE LEVAGE ET DE PIVOTEMENT<\/span><\/div>\n\n<\/div><\/div>\n\n<div class=\"gb-grid-column gb-grid-column-5872b21c\"><div id=\"5872b21c\" class=\"gb-container gb-container-5872b21c\" data-container-type=\"container\" data-theme=\"inherit\" data-aos=\"fade-right\">\n\n<p class=\"wp-block-paragraph\">Dans de nombreux cas, les machines-outils actuelles ne sont plus \u00e9quip\u00e9es d&#8217;une surface de serrage fixe d&#8217;une table de machine, mais disposent de porte-pi\u00e8ces interchangeables, appel\u00e9s palettes, sur lesquels les pi\u00e8ces \u00e0 usiner sont fix\u00e9es directement ou \u00e0 l&#8217;aide de dispositifs. Cela permet une pr\u00e9paration en dehors de la machine et r\u00e9duit ainsi les temps de pr\u00e9paration et les temps morts. <\/p>\n\n\n\n<p class=\"wp-block-paragraph\">Les changeurs de palettes Hense Systeme de la s\u00e9rie HPW se chargent de l&#8217;\u00e9change de la palette se trouvant sur le poste de pr\u00e9paration contre la palette se trouvant dans l&#8217;espace de traitement.<\/p>\n\n\n\n<p class=\"wp-block-paragraph\">Ils disposent d&#8217;un axe d&#8217;entra\u00eenement lin\u00e9aire et d&#8217;un axe d&#8217;entra\u00eenement rotatif qui peuvent \u00eatre command\u00e9s ind\u00e9pendamment l&#8217;un de l&#8217;autre et qui r\u00e9alisent la s\u00e9quence de mouvements requise pour un changement de palette, \u00e0 savoir levage &#8211; pivotement \u00e0 180\u00b0 &#8211; abaissement. La disposition constructive des deux axes l&#8217;un par rapport \u00e0 l&#8217;autre peut \u00eatre r\u00e9alis\u00e9e en s\u00e9rie ou en parall\u00e8le. <\/p>\n\n<\/div><\/div>\n\n<div class=\"gb-grid-column gb-grid-column-09ecf06b\"><div id=\"09ecf06b\" class=\"gb-container gb-container-09ecf06b\" data-container-type=\"container\" data-theme=\"inherit\" data-aos=\"fade-left\">\n\n<figure class=\"gb-block-image gb-block-image-6ad14fae\"><img loading=\"lazy\" decoding=\"async\" width=\"985\" height=\"827\" class=\"gb-image gb-image-6ad14fae\" src=\"https:\/\/hense-systeme.com\/wp-content\/uploads\/0418699-_-FO-11.jpg\" alt=\"\" title=\"0418699-_-FO-11\" srcset=\"https:\/\/hense-systeme.com\/wp-content\/uploads\/0418699-_-FO-11.jpg 985w, https:\/\/hense-systeme.com\/wp-content\/uploads\/0418699-_-FO-11-300x252.jpg 300w, https:\/\/hense-systeme.com\/wp-content\/uploads\/0418699-_-FO-11-768x645.jpg 768w, https:\/\/hense-systeme.com\/wp-content\/uploads\/0418699-_-FO-11-1x1.jpg 1w\" sizes=\"auto, (max-width: 985px) 100vw, 985px\" \/><\/figure>\n\n<\/div><\/div>\n\n<div class=\"gb-grid-column gb-grid-column-50f4f1ee\"><div id=\"50f4f1ee\" class=\"gb-container gb-container-50f4f1ee\" data-container-type=\"container\" data-theme=\"inherit\" data-aos=\"fade-left\">\n\n<figure class=\"gb-block-image gb-block-image-79428f1e\"><img loading=\"lazy\" decoding=\"async\" width=\"467\" height=\"442\" class=\"gb-image gb-image-79428f1e\" src=\"https:\/\/hense-systeme.com\/wp-content\/uploads\/produkt_hub_schwenksysteme_03.png\" alt=\"\" title=\"produit_course_syst\u00e8mes_pivotants_03\" srcset=\"https:\/\/hense-systeme.com\/wp-content\/uploads\/produkt_hub_schwenksysteme_03.png 467w, https:\/\/hense-systeme.com\/wp-content\/uploads\/produkt_hub_schwenksysteme_03-300x284.png 300w, https:\/\/hense-systeme.com\/wp-content\/uploads\/produkt_hub_schwenksysteme_03-1x1.png 1w\" sizes=\"auto, (max-width: 467px) 100vw, 467px\" \/><\/figure>\n\n<\/div><\/div>\n\n<div class=\"gb-grid-column gb-grid-column-a94488a8\"><div id=\"a94488a8\" class=\"gb-container gb-container-a94488a8\" data-container-type=\"container\" data-theme=\"inherit\" data-aos=\"fade-right\">\n\n<p class=\"wp-block-paragraph\">En ajoutant aux axes d&#8217;entra\u00eenement d&#8217;autres composants, tels qu&#8217;un poste de chargement \u00e0 rotation motoris\u00e9e avec interface m\u00e9dia int\u00e9gr\u00e9e et syst\u00e8me hydraulique de serrage pour bloquer la palette, un corps destin\u00e9 \u00e0 recevoir les axes et le poste de chargement, des vannes et des commandes, le changeur de palettes devient un ensemble fonctionnel de grande qualit\u00e9.<\/p>\n\n\n\n<p class=\"wp-block-paragraph\">Ind\u00e9pendamment de la disposition des axes d&#8217;entra\u00eenement les uns par rapport aux autres, les changeurs de palettes Hense Systeme peuvent \u00eatre positionn\u00e9s en tant que syst\u00e8me autonome devant le b\u00e2ti de la machine ou \u00eatre fix\u00e9s \u00e0 celui-ci en int\u00e9grant le b\u00e2ti de la machine. Ainsi, les changeurs de palettes Hense Systeme s&#8217;adaptent de mani\u00e8re optimale aux conditions de la machine-outil. <\/p>\n\n<\/div><\/div>\n<\/div>\n<\/section>\n<\/section><section id=\"67fd8ab5\" class=\"gb-section gb-container gb-container-67fd8ab5\" data-container-type=\"section\" data-theme=\"dark\" style=\"--section-padding-top:0;\">\n<div id=\"256bbec6\" class=\"gb-inner-section gb-container gb-container-256bbec6 center\" data-container-type=\"container\" data-theme=\"inherit\">\n<div class=\"gb-grid-wrapper gb-grid-wrapper-7e356255\">\n<div class=\"gb-grid-column gb-grid-column-b9d5d676\"><div id=\"b9d5d676\" class=\"gb-container gb-container-b9d5d676\" data-container-type=\"container\" data-theme=\"inherit\" data-aos=\"fade-up\">\n\n<div class=\"wp-block-pixel-headline headlines --subheadline-top has-text-align-center\"><h2 class=\"headline\" style=\"color:\"><strong>Aper\u00e7u des produits<\/strong><\/h2><\/div>\n\n<\/div><\/div>\n<\/div>\n<\/div>\n<\/section><section id=\"e96e5b84\" class=\"gb-section gb-container gb-container-e96e5b84 alignfull gb-container-bg-radial-gradient-blue\" data-container-type=\"section\" data-theme=\"dark\">\n<div id=\"6e661d9e\" class=\"gb-inner-section gb-container gb-container-6e661d9e product_overlap center\" data-container-type=\"container\" data-theme=\"inherit\">\n<div class=\"gb-grid-wrapper gb-grid-wrapper-4ccc56db content_overview\">\n<div class=\"gb-grid-column gb-grid-column-61ec46a0\"><div id=\"61ec46a0\" class=\"gb-container gb-container-61ec46a0\" data-container-type=\"container\" data-theme=\"inherit\" data-aos=\"fade-up\" data-aos-delay=\"200\">\n\n\t\t\t \n\t\t\t\t\n\t\t\t\t<p>Aucun article trouv\u00e9.<\/p>\n\t\t\t\t\n\t\t\t\t\t\t\t\n\t\t\t\n            <!-- end:grid -->\n        \n            \n<\/div><\/div>\n<\/div>\n<\/div>\n<\/section><section id=\"c33659b1\" class=\"gb-section gb-container gb-container-c33659b1\" data-container-type=\"section\" data-theme=\"dark\">\n<section id=\"40231590\" class=\"gb-inner-section gb-container gb-container-40231590\" data-container-type=\"container\" data-theme=\"inherit\">\n<div class=\"gb-grid-wrapper gb-grid-wrapper-b5d201f1\">\n<div class=\"gb-grid-column gb-grid-column-00d70859\"><div id=\"00d70859\" class=\"gb-container gb-container-00d70859\" data-container-type=\"container\" data-theme=\"inherit\" data-aos=\"fade-up\">\n\n<div class=\"wp-block-pixel-headline headlines --subheadline-top has-text-align-left\"><h2 class=\"headline\" style=\"color:\"><strong>Nous<\/strong> sommes l\u00e0 pour vous <strong>aider<\/strong> <\/h2><span class=\"subheadline\" style=\"color:\">Vous avez d&#8217;autres questions ?<\/span><\/div>\n\n<\/div><\/div>\n\n<div class=\"gb-grid-column gb-grid-column-64e43af8\"><div id=\"64e43af8\" class=\"gb-container gb-container-64e43af8\" data-container-type=\"container\" data-theme=\"inherit\" data-aos=\"fade-right\">\n<div class=\"contact-area\" style=\"--contacts-count:1;\"><div id=\"contact\" class=\"contact-area-form\">\n<div class=\"wpcf7 no-js\" id=\"wpcf7-f6329-o1\" lang=\"fr-FR\" dir=\"ltr\" data-wpcf7-id=\"6329\">\n<div class=\"screen-reader-response\"><p role=\"status\" aria-live=\"polite\" aria-atomic=\"true\"><\/p> <ul><\/ul><\/div>\n<form action=\"\/fr\/wp-json\/wp\/v2\/pages\/5795#wpcf7-f6329-o1\" method=\"post\" class=\"wpcf7-form init\" aria-label=\"Formulaire de contact\" novalidate=\"novalidate\" data-status=\"init\">\n<fieldset class=\"hidden-fields-container\"><input type=\"hidden\" name=\"_wpcf7\" value=\"6329\" \/><input type=\"hidden\" name=\"_wpcf7_version\" value=\"6.1.5\" \/><input type=\"hidden\" name=\"_wpcf7_locale\" value=\"fr_FR\" \/><input type=\"hidden\" name=\"_wpcf7_unit_tag\" value=\"wpcf7-f6329-o1\" \/><input type=\"hidden\" name=\"_wpcf7_container_post\" value=\"0\" \/><input type=\"hidden\" name=\"_wpcf7_posted_data_hash\" value=\"\" \/><input type=\"hidden\" name=\"_wpcf7_recaptcha_response\" value=\"\" \/>\n<\/fieldset>\n<div class=\"form-fields\">\n    <div class=\"form-field\"><label>Nom complet*<\/label><span class=\"wpcf7-form-control-wrap\" data-name=\"name\"><input size=\"40\" maxlength=\"400\" class=\"wpcf7-form-control wpcf7-text wpcf7-validates-as-required\" aria-required=\"true\" aria-invalid=\"false\" value=\"\" type=\"text\" name=\"name\" \/><\/span><\/div>\n    <div class=\"form-field\"><label>Entreprise<\/label><span class=\"wpcf7-form-control-wrap\" data-name=\"company\"><input size=\"40\" maxlength=\"400\" class=\"wpcf7-form-control wpcf7-text\" aria-invalid=\"false\" value=\"\" type=\"text\" name=\"company\" \/><\/span><\/div>\n    <div class=\"form-field\"><label>Position<\/label><span class=\"wpcf7-form-control-wrap\" data-name=\"pos\"><input size=\"40\" maxlength=\"400\" class=\"wpcf7-form-control wpcf7-text\" aria-invalid=\"false\" value=\"\" type=\"text\" name=\"pos\" \/><\/span><\/div>\n    <div class=\"form-field\"><label>E-mail*<\/label><span class=\"wpcf7-form-control-wrap\" data-name=\"mail\"><input size=\"40\" maxlength=\"400\" class=\"wpcf7-form-control wpcf7-email wpcf7-validates-as-required wpcf7-text wpcf7-validates-as-email\" aria-required=\"true\" aria-invalid=\"false\" value=\"\" type=\"email\" name=\"mail\" \/><\/span><\/div>\n    <div class=\"form-field\"><label>T\u00e9l\u00e9phone<\/label><span class=\"wpcf7-form-control-wrap\" data-name=\"phone\"><input size=\"40\" maxlength=\"400\" class=\"wpcf7-form-control wpcf7-text\" aria-invalid=\"false\" value=\"\" type=\"text\" name=\"phone\" \/><\/span><\/div>\n    <div class=\"form-field textarea\"><label>Votre message<\/label><span class=\"wpcf7-form-control-wrap\" data-name=\"message\"><textarea cols=\"40\" rows=\"10\" maxlength=\"2000\" class=\"wpcf7-form-control wpcf7-textarea\" aria-invalid=\"false\" name=\"message\"><\/textarea><\/span><\/div>\n<\/div>\n\n<span class=\"required\">* champs obligatoires<\/span>\n<div class=\"form-fields form-footer\">\n<div class=\"form-privacy\"><span class=\"wpcf7-form-control-wrap\" data-name=\"ds\"><span class=\"wpcf7-form-control wpcf7-acceptance\"><span class=\"wpcf7-list-item\"><input type=\"checkbox\" name=\"ds\" value=\"1\" aria-invalid=\"false\" \/><\/span><\/span><\/span><span class=\"privacy-policy-note\">J&#8217;accepte les <a href=\"\/rechtliches\/datenschutz\/\" target=\"_blank\">dispositions relatives \u00e0 la protection des donn\u00e9es<\/a>. Ce formulaire est prot\u00e9g\u00e9 par Google reCaptcha.<\/span><\/div>\n\n<\/div>\n<div class=\"form-submit\"><button id=\"submit\" class=\"wpcf7-form-control wpcf7-submit\">Envoyer<\/button><\/div><div class=\"wpcf7-response-output\" aria-hidden=\"true\"><\/div>\n<\/form>\n<\/div>\n<\/div><div id=\"\" class=\"grid grid-contacts contact-area-contacts\" style=\"--grid-columns:3;--grid-gap:2.5;\"><div class=\"grid-inner\"><div class=\"grid-item\"><div class=\"card card-contact card-contact-6296\" >\r\n\t\t\t\t<div class=\"card-media\"><img loading=\"lazy\" decoding=\"async\" width=\"730\" height=\"570\" src=\"https:\/\/hense-systeme.com\/wp-content\/uploads\/kontakt_winzen.jpg\" class=\"attachment-contact size-contact\" alt=\"\" srcset=\"https:\/\/hense-systeme.com\/wp-content\/uploads\/kontakt_winzen.jpg 730w, https:\/\/hense-systeme.com\/wp-content\/uploads\/kontakt_winzen-300x234.jpg 300w, https:\/\/hense-systeme.com\/wp-content\/uploads\/kontakt_winzen-1x1.jpg 1w\" sizes=\"auto, (max-width: 730px) 100vw, 730px\" \/><\/div>\t\t\t\t\r\n\t\t\t\t<div class=\"card-content\">\r\n\t\t\t\t\t<div class=\"card-inner\">\r\n\t\t\t\t\t\t<div class=\"card-headlines headlines --subheadline-bottom\"><span class=\"card-headline headline --h3\">Ing\u00e9nieur dipl\u00f4m\u00e9 (FH) Rolf Winzen<\/span><span class=\"card-subheadline subheadline\">Direction de la recherche et du d\u00e9veloppement<\/span><\/div>\t\t\t\t\t<\/div>\r\n\r\n\t\t\t\t\t<div class=\"card-action team-information\"><span class=\"card-line card-line-contact\"><div class=\"card-action\"><span class=\"card-line card-line-phone\"><span>T\u00e9l: <\/span><a href=\"tel:0234-95388-31\" target=\"_blank\" rel=\"nofollow\">0234 &#8211; 95388 &#8211; 31<\/a><\/span><span class=\"card-line card-line-email\"><a href=\"mailto:rolf.winzen@hense-systeme.de\" target=\"_blank\" rel=\"nofollow\">rolf.winzen@hense-systeme.de<\/a><\/span><\/div><\/span><\/div>\t\t\t\t<\/div>\r\n\t\t\t<\/div><\/div><\/div><div class=\"swiper-pagination\"><\/div><\/div><\/div>\n<\/div><\/div>\n<\/div>\n<\/section>\n<\/section>","protected":false},"excerpt":{"rendered":"","protected":false},"author":1,"featured_media":0,"parent":5573,"menu_order":2,"comment_status":"closed","ping_status":"closed","template":"","meta":{"_acf_changed":false,"_crdt_document":"","footnotes":""},"class_list":{"0":"post-5795","1":"page","2":"type-page","3":"status-publish","5":"no-featured-image-padding"},"acf":[],"yoast_head":"<!-- This site is optimized with the Yoast SEO plugin v27.3 - https:\/\/yoast.com\/product\/yoast-seo-wordpress\/ -->\n<title>Unit\u00e9s de levage et de pivotement de Hense - Changement de palettes efficace<\/title>\n<meta name=\"description\" content=\"Optimisez les temps machine avec les unit\u00e9s de levage et de pivotement Henses \u2705 Levage et pivotement flexibles pour des changements de palettes rapides \u2794 En savoir plus\" \/>\n<meta name=\"robots\" content=\"index, follow, max-snippet:-1, max-image-preview:large, max-video-preview:-1\" \/>\n<link rel=\"canonical\" href=\"https:\/\/hense-systeme.com\/fr\/produits\/combinaison-de-levage-et-dinclinaison\/\" \/>\n<meta property=\"og:locale\" content=\"fr_FR\" \/>\n<meta property=\"og:type\" content=\"article\" \/>\n<meta property=\"og:title\" content=\"Unit\u00e9s de levage et de pivotement de Hense - Changement de palettes efficace\" \/>\n<meta property=\"og:description\" content=\"Optimisez les temps machine avec les unit\u00e9s de levage et de pivotement Henses \u2705 Levage et pivotement flexibles pour des changements de palettes rapides \u2794 En savoir plus\" \/>\n<meta property=\"og:url\" content=\"https:\/\/hense-systeme.com\/fr\/produits\/combinaison-de-levage-et-dinclinaison\/\" \/>\n<meta property=\"og:site_name\" content=\"Hense Systemtechnik GmbH &amp; Co. KG\" \/>\n<meta property=\"article:modified_time\" content=\"2025-06-11T11:32:02+00:00\" \/>\n<meta property=\"og:image\" content=\"https:\/\/hense-systeme.com\/wp-content\/uploads\/0418699-_-FO-11.jpg\" \/>\n<meta name=\"twitter:card\" content=\"summary_large_image\" \/>\n<meta name=\"twitter:label1\" content=\"Dur\u00e9e de lecture estim\u00e9e\" \/>\n\t<meta name=\"twitter:data1\" content=\"3 minutes\" \/>\n<script type=\"application\/ld+json\" class=\"yoast-schema-graph\">{\"@context\":\"https:\\\/\\\/schema.org\",\"@graph\":[{\"@type\":\"WebPage\",\"@id\":\"https:\\\/\\\/hense-systeme.com\\\/fr\\\/produits\\\/combinaison-de-levage-et-dinclinaison\\\/\",\"url\":\"https:\\\/\\\/hense-systeme.com\\\/fr\\\/produits\\\/combinaison-de-levage-et-dinclinaison\\\/\",\"name\":\"Unit\u00e9s de levage et de pivotement de Hense - Changement de palettes efficace\",\"isPartOf\":{\"@id\":\"https:\\\/\\\/hense-systeme.com\\\/fr\\\/#website\"},\"primaryImageOfPage\":{\"@id\":\"https:\\\/\\\/hense-systeme.com\\\/fr\\\/produits\\\/combinaison-de-levage-et-dinclinaison\\\/#primaryimage\"},\"image\":{\"@id\":\"https:\\\/\\\/hense-systeme.com\\\/fr\\\/produits\\\/combinaison-de-levage-et-dinclinaison\\\/#primaryimage\"},\"thumbnailUrl\":\"https:\\\/\\\/hense-systeme.com\\\/wp-content\\\/uploads\\\/0418699-_-FO-11.jpg\",\"datePublished\":\"2024-02-13T12:57:06+00:00\",\"dateModified\":\"2025-06-11T11:32:02+00:00\",\"description\":\"Optimisez les temps machine avec les unit\u00e9s de levage et de pivotement Henses \u2705 Levage et pivotement flexibles pour des changements de palettes rapides \u2794 En savoir plus\",\"breadcrumb\":{\"@id\":\"https:\\\/\\\/hense-systeme.com\\\/fr\\\/produits\\\/combinaison-de-levage-et-dinclinaison\\\/#breadcrumb\"},\"inLanguage\":\"fr-FR\",\"potentialAction\":[{\"@type\":\"ReadAction\",\"target\":[\"https:\\\/\\\/hense-systeme.com\\\/fr\\\/produits\\\/combinaison-de-levage-et-dinclinaison\\\/\"]}]},{\"@type\":\"ImageObject\",\"inLanguage\":\"fr-FR\",\"@id\":\"https:\\\/\\\/hense-systeme.com\\\/fr\\\/produits\\\/combinaison-de-levage-et-dinclinaison\\\/#primaryimage\",\"url\":\"https:\\\/\\\/hense-systeme.com\\\/wp-content\\\/uploads\\\/0418699-_-FO-11.jpg\",\"contentUrl\":\"https:\\\/\\\/hense-systeme.com\\\/wp-content\\\/uploads\\\/0418699-_-FO-11.jpg\"},{\"@type\":\"BreadcrumbList\",\"@id\":\"https:\\\/\\\/hense-systeme.com\\\/fr\\\/produits\\\/combinaison-de-levage-et-dinclinaison\\\/#breadcrumb\",\"itemListElement\":[{\"@type\":\"ListItem\",\"position\":1,\"name\":\"Startseite\",\"item\":\"https:\\\/\\\/hense-systeme.com\\\/fr\\\/\"},{\"@type\":\"ListItem\",\"position\":2,\"name\":\"Produits\",\"item\":\"https:\\\/\\\/hense-systeme.com\\\/fr\\\/produits\\\/\"},{\"@type\":\"ListItem\",\"position\":3,\"name\":\"Combinaison de levage et d&#8217;inclinaison\"}]},{\"@type\":\"WebSite\",\"@id\":\"https:\\\/\\\/hense-systeme.com\\\/fr\\\/#website\",\"url\":\"https:\\\/\\\/hense-systeme.com\\\/fr\\\/\",\"name\":\"Hense Systemtechnik GmbH &amp; Co. KG\",\"description\":\"\",\"publisher\":{\"@id\":\"https:\\\/\\\/hense-systeme.com\\\/fr\\\/#organization\"},\"potentialAction\":[{\"@type\":\"SearchAction\",\"target\":{\"@type\":\"EntryPoint\",\"urlTemplate\":\"https:\\\/\\\/hense-systeme.com\\\/fr\\\/?s={search_term_string}\"},\"query-input\":{\"@type\":\"PropertyValueSpecification\",\"valueRequired\":true,\"valueName\":\"search_term_string\"}}],\"inLanguage\":\"fr-FR\"},{\"@type\":\"Organization\",\"@id\":\"https:\\\/\\\/hense-systeme.com\\\/fr\\\/#organization\",\"name\":\"Hense Systemtechnik GmbH &amp; Co. KG\",\"url\":\"https:\\\/\\\/hense-systeme.com\\\/fr\\\/\",\"logo\":{\"@type\":\"ImageObject\",\"inLanguage\":\"fr-FR\",\"@id\":\"https:\\\/\\\/hense-systeme.com\\\/fr\\\/#\\\/schema\\\/logo\\\/image\\\/\",\"url\":\"https:\\\/\\\/hense-systeme.com\\\/wp-content\\\/uploads\\\/2024\\\/02\\\/hense_logo.svg\",\"contentUrl\":\"https:\\\/\\\/hense-systeme.com\\\/wp-content\\\/uploads\\\/2024\\\/02\\\/hense_logo.svg\",\"width\":241,\"height\":76,\"caption\":\"Hense Systemtechnik GmbH &amp; Co. KG\"},\"image\":{\"@id\":\"https:\\\/\\\/hense-systeme.com\\\/fr\\\/#\\\/schema\\\/logo\\\/image\\\/\"}}]}<\/script>\n<!-- \/ Yoast SEO plugin. -->","yoast_head_json":{"title":"Unit\u00e9s de levage et de pivotement de Hense - Changement de palettes efficace","description":"Optimisez les temps machine avec les unit\u00e9s de levage et de pivotement Henses \u2705 Levage et pivotement flexibles pour des changements de palettes rapides \u2794 En savoir plus","robots":{"index":"index","follow":"follow","max-snippet":"max-snippet:-1","max-image-preview":"max-image-preview:large","max-video-preview":"max-video-preview:-1"},"canonical":"https:\/\/hense-systeme.com\/fr\/produits\/combinaison-de-levage-et-dinclinaison\/","og_locale":"fr_FR","og_type":"article","og_title":"Unit\u00e9s de levage et de pivotement de Hense - Changement de palettes efficace","og_description":"Optimisez les temps machine avec les unit\u00e9s de levage et de pivotement Henses \u2705 Levage et pivotement flexibles pour des changements de palettes rapides \u2794 En savoir plus","og_url":"https:\/\/hense-systeme.com\/fr\/produits\/combinaison-de-levage-et-dinclinaison\/","og_site_name":"Hense Systemtechnik GmbH &amp; Co. KG","article_modified_time":"2025-06-11T11:32:02+00:00","og_image":[{"url":"https:\/\/hense-systeme.com\/wp-content\/uploads\/0418699-_-FO-11.jpg","type":"","width":"","height":""}],"twitter_card":"summary_large_image","twitter_misc":{"Dur\u00e9e de lecture estim\u00e9e":"3 minutes"},"schema":{"@context":"https:\/\/schema.org","@graph":[{"@type":"WebPage","@id":"https:\/\/hense-systeme.com\/fr\/produits\/combinaison-de-levage-et-dinclinaison\/","url":"https:\/\/hense-systeme.com\/fr\/produits\/combinaison-de-levage-et-dinclinaison\/","name":"Unit\u00e9s de levage et de pivotement de Hense - Changement de palettes efficace","isPartOf":{"@id":"https:\/\/hense-systeme.com\/fr\/#website"},"primaryImageOfPage":{"@id":"https:\/\/hense-systeme.com\/fr\/produits\/combinaison-de-levage-et-dinclinaison\/#primaryimage"},"image":{"@id":"https:\/\/hense-systeme.com\/fr\/produits\/combinaison-de-levage-et-dinclinaison\/#primaryimage"},"thumbnailUrl":"https:\/\/hense-systeme.com\/wp-content\/uploads\/0418699-_-FO-11.jpg","datePublished":"2024-02-13T12:57:06+00:00","dateModified":"2025-06-11T11:32:02+00:00","description":"Optimisez les temps machine avec les unit\u00e9s de levage et de pivotement Henses \u2705 Levage et pivotement flexibles pour des changements de palettes rapides \u2794 En savoir plus","breadcrumb":{"@id":"https:\/\/hense-systeme.com\/fr\/produits\/combinaison-de-levage-et-dinclinaison\/#breadcrumb"},"inLanguage":"fr-FR","potentialAction":[{"@type":"ReadAction","target":["https:\/\/hense-systeme.com\/fr\/produits\/combinaison-de-levage-et-dinclinaison\/"]}]},{"@type":"ImageObject","inLanguage":"fr-FR","@id":"https:\/\/hense-systeme.com\/fr\/produits\/combinaison-de-levage-et-dinclinaison\/#primaryimage","url":"https:\/\/hense-systeme.com\/wp-content\/uploads\/0418699-_-FO-11.jpg","contentUrl":"https:\/\/hense-systeme.com\/wp-content\/uploads\/0418699-_-FO-11.jpg"},{"@type":"BreadcrumbList","@id":"https:\/\/hense-systeme.com\/fr\/produits\/combinaison-de-levage-et-dinclinaison\/#breadcrumb","itemListElement":[{"@type":"ListItem","position":1,"name":"Startseite","item":"https:\/\/hense-systeme.com\/fr\/"},{"@type":"ListItem","position":2,"name":"Produits","item":"https:\/\/hense-systeme.com\/fr\/produits\/"},{"@type":"ListItem","position":3,"name":"Combinaison de levage et d&#8217;inclinaison"}]},{"@type":"WebSite","@id":"https:\/\/hense-systeme.com\/fr\/#website","url":"https:\/\/hense-systeme.com\/fr\/","name":"Hense Systemtechnik GmbH &amp; Co. KG","description":"","publisher":{"@id":"https:\/\/hense-systeme.com\/fr\/#organization"},"potentialAction":[{"@type":"SearchAction","target":{"@type":"EntryPoint","urlTemplate":"https:\/\/hense-systeme.com\/fr\/?s={search_term_string}"},"query-input":{"@type":"PropertyValueSpecification","valueRequired":true,"valueName":"search_term_string"}}],"inLanguage":"fr-FR"},{"@type":"Organization","@id":"https:\/\/hense-systeme.com\/fr\/#organization","name":"Hense Systemtechnik GmbH &amp; Co. KG","url":"https:\/\/hense-systeme.com\/fr\/","logo":{"@type":"ImageObject","inLanguage":"fr-FR","@id":"https:\/\/hense-systeme.com\/fr\/#\/schema\/logo\/image\/","url":"https:\/\/hense-systeme.com\/wp-content\/uploads\/2024\/02\/hense_logo.svg","contentUrl":"https:\/\/hense-systeme.com\/wp-content\/uploads\/2024\/02\/hense_logo.svg","width":241,"height":76,"caption":"Hense Systemtechnik GmbH &amp; Co. KG"},"image":{"@id":"https:\/\/hense-systeme.com\/fr\/#\/schema\/logo\/image\/"}}]}},"_links":{"self":[{"href":"https:\/\/hense-systeme.com\/fr\/wp-json\/wp\/v2\/pages\/5795","targetHints":{"allow":["GET"]}}],"collection":[{"href":"https:\/\/hense-systeme.com\/fr\/wp-json\/wp\/v2\/pages"}],"about":[{"href":"https:\/\/hense-systeme.com\/fr\/wp-json\/wp\/v2\/types\/page"}],"author":[{"embeddable":true,"href":"https:\/\/hense-systeme.com\/fr\/wp-json\/wp\/v2\/users\/1"}],"replies":[{"embeddable":true,"href":"https:\/\/hense-systeme.com\/fr\/wp-json\/wp\/v2\/comments?post=5795"}],"version-history":[{"count":4,"href":"https:\/\/hense-systeme.com\/fr\/wp-json\/wp\/v2\/pages\/5795\/revisions"}],"predecessor-version":[{"id":10908,"href":"https:\/\/hense-systeme.com\/fr\/wp-json\/wp\/v2\/pages\/5795\/revisions\/10908"}],"up":[{"embeddable":true,"href":"https:\/\/hense-systeme.com\/fr\/wp-json\/wp\/v2\/pages\/5573"}],"wp:attachment":[{"href":"https:\/\/hense-systeme.com\/fr\/wp-json\/wp\/v2\/media?parent=5795"}],"curies":[{"name":"wp","href":"https:\/\/api.w.org\/{rel}","templated":true}]}}