{"id":5801,"date":"2024-02-13T13:57:06","date_gmt":"2024-02-13T12:57:06","guid":{"rendered":"https:\/\/hense.pixel-tal.de\/produits\/technique-de-banc-dessai\/"},"modified":"2024-04-09T09:01:42","modified_gmt":"2024-04-09T07:01:42","slug":"technique-de-banc-dessai","status":"publish","type":"page","link":"https:\/\/hense-systeme.com\/fr\/produits\/technique-de-banc-dessai\/","title":{"rendered":"Technique de banc d&#8217;essai"},"content":{"rendered":"<section id=\"4bb93447\" class=\"hero hero-4bb93447 hero--text\" data-theme=\"dark\">\n\t\t\t\t\t\t\t\t<div class=\"acf-innerblocks-container\">\n\r\n\t\t\t       \r\n                    \r\n            <div id=\"8a0aee6d\" class=\"hero-item hero-item-8a0aee6d hero-item--image\">\r\n\t\t\t\t<div class=\"hero-canvas\">\r\n\t\t\t\t\t<div class=\"acf-innerblocks-container\">\n<div id=\"0928ea7c\" class=\"gb-container gb-container-0928ea7c center\" data-container-type=\"container\" data-theme=\"inherit\" data-aos=\"fade-up\">\n\n<div class=\"wp-block-pixel-headline headlines --subheadline-top has-text-align-center is-gap-sm center\"><h1 class=\"headline\" style=\"color:var(--base-3)\">Technique de banc d&#8217;essai<\/h1><span class=\"subheadline\" style=\"color:var(--global-color-gruen)\">moteurs hydrauliques pivotants hautement dynamiques<\/span><\/div>\n\n<\/div>\n<\/div>\r\n\t\t\t\t<\/div>\r\n\t\t\t\t<div class=\"hero-media hero-media-image\"><img loading=\"lazy\" decoding=\"async\" width=\"1920\" height=\"868\" src=\"https:\/\/hense-systeme.com\/wp-content\/uploads\/2024\/01\/home-image.png\" class=\"attachment-full size-full\" alt=\"Nahaufnahme von Schwenkmotoren und Metallflanschen f\u00fcr industrielle Antriebstechnik, Maschinenbau und Hydraulik\" srcset=\"https:\/\/hense-systeme.com\/wp-content\/uploads\/2024\/01\/home-image.png 1920w, https:\/\/hense-systeme.com\/wp-content\/uploads\/2024\/01\/home-image-300x136.png 300w, https:\/\/hense-systeme.com\/wp-content\/uploads\/2024\/01\/home-image-1024x463.png 1024w, https:\/\/hense-systeme.com\/wp-content\/uploads\/2024\/01\/home-image-768x347.png 768w, https:\/\/hense-systeme.com\/wp-content\/uploads\/2024\/01\/home-image-1536x694.png 1536w\" sizes=\"auto, (max-width: 1920px) 100vw, 1920px\" \/><\/div>            <\/div>\r\n\t\t\t\t\r\n            \r\n\t\t\t\r\n        \r\n            \n<\/div>\n\t\t\t\t\t\t\t\t\t\t\t\t<div id=\"start\"><\/div>\n\t\t\t<\/section>\n\t\t\t\t\n\t\t\t\n\t\t\t        \n            \n\n<section id=\"b6a6500f\" class=\"gb-section gb-container gb-container-b6a6500f\" data-container-type=\"section\" data-theme=\"dark\">\n<section id=\"cfe90332\" class=\"gb-inner-section gb-container gb-container-cfe90332\" data-container-type=\"container\" data-theme=\"inherit\">\n<div class=\"gb-grid-wrapper gb-grid-wrapper-e7261f94\">\n<div class=\"gb-grid-column gb-grid-column-32f3d6d6\"><div id=\"32f3d6d6\" class=\"gb-container gb-container-32f3d6d6\" data-container-type=\"container\" data-theme=\"inherit\" data-aos=\"fade-right\">\n\n<div class=\"wp-block-pixel-headline headlines --subheadline-top has-text-align-left is-gap-off\"><h2 class=\"headline\" style=\"color:\"><strong>La technique des bancs d&#8217;essai Hense Systeme<\/strong><\/h2><span class=\"subheadline\" style=\"color:\">HSS et HSH<\/span><\/div>\n\n<\/div><\/div>\n\n<div class=\"gb-grid-column gb-grid-column-ca784b04\"><div id=\"ca784b04\" class=\"gb-container gb-container-ca784b04\" data-container-type=\"container\" data-theme=\"inherit\" data-aos=\"fade-right\">\n\n<p class=\"wp-block-paragraph\">Dans tous les domaines de l&#8217;industrie, de nouveaux produits doivent \u00eatre mis \u00e0 disposition du march\u00e9 pr\u00eats \u00e0 \u00eatre fabriqu\u00e9s en s\u00e9rie dans des d\u00e9lais toujours plus courts. Pour un dimensionnement et une conception \u00e9conomiques, il est indispensable de conna\u00eetre la capacit\u00e9 de charge et la r\u00e9sistance \u00e0 la fatigue des mat\u00e9riaux, des composants individuels ou des ensembles complets.<\/p>\n\n\n\n<p class=\"wp-block-paragraph\">Afin de d\u00e9terminer des valeurs caract\u00e9ristiques s\u00fbres, les bancs d&#8217;essai de torsion sont souvent utilis\u00e9s pour simuler des charges de torsion variables, qui sont par exemple n\u00e9cessaires lors du contr\u00f4le d&#8217;accouplements, de liaisons arbre-moyeu, d&#8217;engrenages, etc.<\/p>\n\n<\/div><\/div>\n\n<div class=\"gb-grid-column gb-grid-column-09ecf06b\"><div id=\"09ecf06b\" class=\"gb-container gb-container-09ecf06b\" data-container-type=\"container\" data-theme=\"inherit\" data-aos=\"fade-left\">\n\n<p class=\"wp-block-paragraph\">Avec nos moteurs et syst\u00e8mes de pivotement hautement dynamiques des s\u00e9ries HSS et HSH, nous mettons \u00e0 disposition de la technique moderne des bancs d&#8217;essai de torsion des unit\u00e9s d&#8217;entra\u00eenement de haute qualit\u00e9 avec une densit\u00e9 de puissance maximale.<\/p>\n\n\n\n<p class=\"wp-block-paragraph\">Les moteurs d&#8217;orientation de la s\u00e9rie HSS poss\u00e8dent un arbre de sortie mont\u00e9 sur paliers lisses radiaux et axiaux et sont optimis\u00e9s au niveau du mat\u00e9riau des paliers et de la technique d&#8217;\u00e9tanch\u00e9it\u00e9 en ce qui concerne le comportement de frottement. Les moteurs d&#8217;orientation de la s\u00e9rie HSH disposent d&#8217;un arbre de sortie \u00e0 paliers hydrostatiques radiaux et axiaux et sont enti\u00e8rement d\u00e9pourvus de joints internes, ce qui en fait un produit haut de gamme en termes de caract\u00e9ristiques de r\u00e9gulation et de dur\u00e9e de vie.<\/p>\n\n<\/div><\/div>\n<\/div>\n<\/section>\n<\/section>\n\n<section id=\"0e314c2e\" class=\"gb-section gb-container gb-container-0e314c2e alignfull\" data-container-type=\"section\" data-theme=\"dark\">\n<div id=\"256bbec6\" class=\"gb-inner-section gb-container gb-container-256bbec6 center\" data-container-type=\"container\" data-theme=\"inherit\">\n<div class=\"gb-grid-wrapper gb-grid-wrapper-7e356255\">\n<div class=\"gb-grid-column gb-grid-column-b9d5d676\"><div id=\"b9d5d676\" class=\"gb-container gb-container-b9d5d676\" data-container-type=\"container\" data-theme=\"inherit\" data-aos=\"fade-up\">\n\n<div class=\"wp-block-pixel-headline headlines --subheadline-top has-text-align-center\"><h2 class=\"headline\" style=\"color:\"><strong>Aper\u00e7u des produits<\/strong><\/h2><\/div>\n\n<\/div><\/div>\n<\/div>\n<\/div>\n<\/section>\n\n<section id=\"e96e5b84\" class=\"gb-section gb-container gb-container-e96e5b84 alignfull gb-container-bg-radial-gradient-blue\" data-container-type=\"section\" data-theme=\"dark\">\n<div id=\"6e661d9e\" class=\"gb-inner-section gb-container gb-container-6e661d9e product_overlap center\" data-container-type=\"container\" data-theme=\"inherit\">\n<div class=\"gb-grid-wrapper gb-grid-wrapper-4ccc56db content_overview\">\n<div class=\"gb-grid-column gb-grid-column-61ec46a0\"><div id=\"61ec46a0\" class=\"gb-container gb-container-61ec46a0\" data-container-type=\"container\" data-theme=\"inherit\" data-aos=\"fade-up\" data-aos-delay=\"200\">\n\n\t\t\t        \n                    \n\t\t\t\n            <div id=\"0a3194e0\" class=\"grid grid-0a3194e0 grid--slider grid-product grid-columns-4 swiper\" style=\"--grid-columns:4;--grid-gap:2.5rem;\">\n\n\t\t\t\t<div class=\"swiper-wrapper grid-inner\"><div class=\"swiper-slide\"><div class=\"card card-product  card-product-6601\" >\r\n\t\t\t\t<div class=\"card-media\"><img loading=\"lazy\" decoding=\"async\" width=\"423\" height=\"400\" src=\"https:\/\/hense-systeme.com\/wp-content\/uploads\/produkte_baureihe-hsh.png\" class=\"attachment-blog size-blog\" alt=\"Technische Produktdarstellung eines HSH-Schwenkmotors mit Hydraulikanschl\u00fcssen f\u00fcr pr\u00e4zise industrielle Anwendungen\" srcset=\"https:\/\/hense-systeme.com\/wp-content\/uploads\/produkte_baureihe-hsh.png 467w, https:\/\/hense-systeme.com\/wp-content\/uploads\/produkte_baureihe-hsh-300x284.png 300w, https:\/\/hense-systeme.com\/wp-content\/uploads\/produkte_baureihe-hsh-1x1.png 1w\" sizes=\"auto, (max-width: 423px) 100vw, 423px\" \/><\/div>\t\t\t\t\r\n\t\t\t\t<div class=\"card-content\">\r\n\t\t\t\t\t<div class=\"card-inner\">\r\n\t\t\t\t\t\t<div class=\"card-headlines headlines --subheadline-\"><span class=\"card-headline headline is-h3\">Moteur d&#8217;orientation HSH<\/span><\/div><div class=\"card-copy\">Les moteurs HSH sont utilis\u00e9s de pr\u00e9f\u00e9rence dans des syst\u00e8mes \u00e0 r\u00e9gulation hautement dynamique avec des mouvements oscillants de pivotement, pour lesquels les facteurs perturbateurs, tels que le frottement propre et l&#8217;effet stick-slip, doivent \u00eatre r\u00e9duits au minimum et des cycles de charge tr\u00e8s \u00e9lev\u00e9s doivent \u00eatre atteints.<\/div>\t\t\t\t\t<\/div>\r\n\r\n\t\t\t\t\t<div class=\"card-action team-information\"><a href=\"https:\/\/hense-systeme.com\/fr\/produkt\/serie-hsh\/\" target=\"_top\" class=\"gb-button gb-button-border-white\">En savoir plus<\/a><\/div>\t\t\t\t<\/div>\r\n\t\t\t<\/div><\/div><div class=\"swiper-slide\"><div class=\"card card-product  card-product-6587\" >\r\n\t\t\t\t<div class=\"card-media\"><img loading=\"lazy\" decoding=\"async\" width=\"437\" height=\"400\" src=\"https:\/\/hense-systeme.com\/wp-content\/uploads\/produkte_baureihe-hss_02.png\" class=\"attachment-blog size-blog\" alt=\"Technische Produktdarstellung eines HSS-Schwenkmotors f\u00fcr industrielle Pr\u00fcfstandanwendungen\" srcset=\"https:\/\/hense-systeme.com\/wp-content\/uploads\/produkte_baureihe-hss_02.png 450w, https:\/\/hense-systeme.com\/wp-content\/uploads\/produkte_baureihe-hss_02-300x275.png 300w, https:\/\/hense-systeme.com\/wp-content\/uploads\/produkte_baureihe-hss_02-1x1.png 1w\" sizes=\"auto, (max-width: 437px) 100vw, 437px\" \/><\/div>\t\t\t\t\r\n\t\t\t\t<div class=\"card-content\">\r\n\t\t\t\t\t<div class=\"card-inner\">\r\n\t\t\t\t\t\t<div class=\"card-headlines headlines --subheadline-\"><span class=\"card-headline headline is-h3\">Moteur d&#8217;orientation HSS<\/span><\/div><div class=\"card-copy\">Ces actionneurs sont utilis\u00e9s de pr\u00e9f\u00e9rence dans des syst\u00e8mes r\u00e9gul\u00e9s avec des mouvements oscillants de pivotement dans la plage des basses fr\u00e9quences. Ils ferment la parenth\u00e8se technologique entre les moteurs d&#8217;orientation conventionnels pour applications industrielles et la gamme HSH. <\/div>\t\t\t\t\t<\/div>\r\n\r\n\t\t\t\t\t<div class=\"card-action team-information\"><a href=\"https:\/\/hense-systeme.com\/fr\/produkt\/serie-hss\/\" target=\"_top\" class=\"gb-button gb-button-border-white\">En savoir plus<\/a><\/div>\t\t\t\t<\/div>\r\n\t\t\t<\/div><\/div><\/div><div class=\"swiper-pagination\"><\/div>            <\/div>\n\t\t\t\n\t\t\t\t\t\t\t\n\t\t\t\n            <!-- end:grid -->\n        \n            \n<\/div><\/div>\n<\/div>\n<\/div>\n<\/section>\n\n<section id=\"c33659b1\" class=\"gb-section gb-container gb-container-c33659b1\" data-container-type=\"section\" data-theme=\"dark\">\n<section id=\"40231590\" class=\"gb-inner-section gb-container gb-container-40231590\" data-container-type=\"container\" data-theme=\"inherit\">\n<div class=\"gb-grid-wrapper gb-grid-wrapper-b5d201f1\">\n<div class=\"gb-grid-column gb-grid-column-00d70859\"><div id=\"00d70859\" class=\"gb-container gb-container-00d70859\" data-container-type=\"container\" data-theme=\"inherit\" data-aos=\"fade-up\">\n\n<div class=\"wp-block-pixel-headline headlines --subheadline-top has-text-align-left\"><h2 class=\"headline\" style=\"color:\"><strong>Nous<\/strong> sommes l\u00e0 pour vous <strong>aider<\/strong> <\/h2><span class=\"subheadline\" style=\"color:\">Vous avez d&#8217;autres questions ?<\/span><\/div>\n\n<\/div><\/div>\n\n<div class=\"gb-grid-column gb-grid-column-64e43af8\"><div id=\"64e43af8\" class=\"gb-container gb-container-64e43af8\" data-container-type=\"container\" data-theme=\"inherit\" data-aos=\"fade-right\">\n<div class=\"contact-area\" style=\"--contacts-count:1;\"><div id=\"contact\" class=\"contact-area-form\">\n<div class=\"wpcf7 no-js\" id=\"wpcf7-f6329-o1\" lang=\"fr-FR\" dir=\"ltr\" data-wpcf7-id=\"6329\">\n<div class=\"screen-reader-response\"><p role=\"status\" aria-live=\"polite\" aria-atomic=\"true\"><\/p> <ul><\/ul><\/div>\n<form action=\"\/fr\/wp-json\/wp\/v2\/pages\/5801#wpcf7-f6329-o1\" method=\"post\" class=\"wpcf7-form init\" aria-label=\"Formulaire de contact\" novalidate=\"novalidate\" data-status=\"init\">\n<fieldset class=\"hidden-fields-container\"><input type=\"hidden\" name=\"_wpcf7\" value=\"6329\" \/><input type=\"hidden\" name=\"_wpcf7_version\" value=\"6.1.5\" \/><input type=\"hidden\" name=\"_wpcf7_locale\" value=\"fr_FR\" \/><input type=\"hidden\" name=\"_wpcf7_unit_tag\" value=\"wpcf7-f6329-o1\" \/><input type=\"hidden\" name=\"_wpcf7_container_post\" value=\"0\" \/><input type=\"hidden\" name=\"_wpcf7_posted_data_hash\" value=\"\" \/><input type=\"hidden\" name=\"_wpcf7_recaptcha_response\" value=\"\" \/>\n<\/fieldset>\n<div class=\"form-fields\">\n    <div class=\"form-field\"><label>Nom complet*<\/label><span class=\"wpcf7-form-control-wrap\" data-name=\"name\"><input size=\"40\" maxlength=\"400\" class=\"wpcf7-form-control wpcf7-text wpcf7-validates-as-required\" aria-required=\"true\" aria-invalid=\"false\" value=\"\" type=\"text\" name=\"name\" \/><\/span><\/div>\n    <div class=\"form-field\"><label>Entreprise<\/label><span class=\"wpcf7-form-control-wrap\" data-name=\"company\"><input size=\"40\" maxlength=\"400\" class=\"wpcf7-form-control wpcf7-text\" aria-invalid=\"false\" value=\"\" type=\"text\" name=\"company\" \/><\/span><\/div>\n    <div class=\"form-field\"><label>Position<\/label><span class=\"wpcf7-form-control-wrap\" data-name=\"pos\"><input size=\"40\" maxlength=\"400\" class=\"wpcf7-form-control wpcf7-text\" aria-invalid=\"false\" value=\"\" type=\"text\" name=\"pos\" \/><\/span><\/div>\n    <div class=\"form-field\"><label>E-mail*<\/label><span class=\"wpcf7-form-control-wrap\" data-name=\"mail\"><input size=\"40\" maxlength=\"400\" class=\"wpcf7-form-control wpcf7-email wpcf7-validates-as-required wpcf7-text wpcf7-validates-as-email\" aria-required=\"true\" aria-invalid=\"false\" value=\"\" type=\"email\" name=\"mail\" \/><\/span><\/div>\n    <div class=\"form-field\"><label>T\u00e9l\u00e9phone<\/label><span class=\"wpcf7-form-control-wrap\" data-name=\"phone\"><input size=\"40\" maxlength=\"400\" class=\"wpcf7-form-control wpcf7-text\" aria-invalid=\"false\" value=\"\" type=\"text\" name=\"phone\" \/><\/span><\/div>\n    <div class=\"form-field textarea\"><label>Votre message<\/label><span class=\"wpcf7-form-control-wrap\" data-name=\"message\"><textarea cols=\"40\" rows=\"10\" maxlength=\"2000\" class=\"wpcf7-form-control wpcf7-textarea\" aria-invalid=\"false\" name=\"message\"><\/textarea><\/span><\/div>\n<\/div>\n\n<span class=\"required\">* champs obligatoires<\/span>\n<div class=\"form-fields form-footer\">\n<div class=\"form-privacy\"><span class=\"wpcf7-form-control-wrap\" data-name=\"ds\"><span class=\"wpcf7-form-control wpcf7-acceptance\"><span class=\"wpcf7-list-item\"><input type=\"checkbox\" name=\"ds\" value=\"1\" aria-invalid=\"false\" \/><\/span><\/span><\/span><span class=\"privacy-policy-note\">J&#8217;accepte les <a href=\"\/rechtliches\/datenschutz\/\" target=\"_blank\">dispositions relatives \u00e0 la protection des donn\u00e9es<\/a>. Ce formulaire est prot\u00e9g\u00e9 par Google reCaptcha.<\/span><\/div>\n\n<\/div>\n<div class=\"form-submit\"><button id=\"submit\" class=\"wpcf7-form-control wpcf7-submit\">Envoyer<\/button><\/div><div class=\"wpcf7-response-output\" aria-hidden=\"true\"><\/div>\n<\/form>\n<\/div>\n<\/div><div id=\"\" class=\"grid grid-contacts contact-area-contacts\" style=\"--grid-columns:3;--grid-gap:2.5;\"><div class=\"grid-inner\"><div class=\"grid-item\"><div class=\"card card-contact card-contact-6296\" >\r\n\t\t\t\t<div class=\"card-media\"><img loading=\"lazy\" decoding=\"async\" width=\"730\" height=\"570\" src=\"https:\/\/hense-systeme.com\/wp-content\/uploads\/kontakt_winzen.jpg\" class=\"attachment-contact size-contact\" alt=\"Portr\u00e4t eines Mitarbeiters f\u00fcr Ansprechpartner und Kontakt\" srcset=\"https:\/\/hense-systeme.com\/wp-content\/uploads\/kontakt_winzen.jpg 730w, https:\/\/hense-systeme.com\/wp-content\/uploads\/kontakt_winzen-300x234.jpg 300w, https:\/\/hense-systeme.com\/wp-content\/uploads\/kontakt_winzen-1x1.jpg 1w\" sizes=\"auto, (max-width: 730px) 100vw, 730px\" \/><\/div>\t\t\t\t\r\n\t\t\t\t<div class=\"card-content\">\r\n\t\t\t\t\t<div class=\"card-inner\">\r\n\t\t\t\t\t\t<div class=\"card-headlines headlines --subheadline-bottom\"><span class=\"card-headline headline --h3\">Ing\u00e9nieur dipl\u00f4m\u00e9 (FH) Rolf Winzen<\/span><span class=\"card-subheadline subheadline\">Direction de la recherche et du d\u00e9veloppement<\/span><\/div>\t\t\t\t\t<\/div>\r\n\r\n\t\t\t\t\t<div class=\"card-action team-information\"><span class=\"card-line card-line-contact\"><div class=\"card-action\"><span class=\"card-line card-line-phone\"><span>T\u00e9l: <\/span><a href=\"tel:0234-95388-31\" target=\"_blank\" rel=\"nofollow\">0234 &#8211; 95388 &#8211; 31<\/a><\/span><span class=\"card-line card-line-email\"><a href=\"mailto:rolf.winzen@hense-systeme.de\" target=\"_blank\" rel=\"nofollow\">rolf.winzen@hense-systeme.de<\/a><\/span><\/div><\/span><\/div>\t\t\t\t<\/div>\r\n\t\t\t<\/div><\/div><\/div><div class=\"swiper-pagination\"><\/div><\/div><\/div>\n<\/div><\/div>\n<\/div>\n<\/section>\n<\/section>","protected":false},"excerpt":{"rendered":"","protected":false},"author":1,"featured_media":0,"parent":5573,"menu_order":1,"comment_status":"closed","ping_status":"closed","template":"","meta":{"_acf_changed":false,"_crdt_document":"","footnotes":""},"class_list":{"0":"post-5801","1":"page","2":"type-page","3":"status-publish","5":"no-featured-image-padding"},"acf":[],"yoast_head":"<!-- This site is optimized with the Yoast SEO plugin v27.5 - https:\/\/yoast.com\/product\/yoast-seo-wordpress\/ -->\n<title>Unit\u00e9s de pivotement hydrauliques pour bancs d&#039;essai pivotants<\/title>\n<meta name=\"description\" content=\"Hense Pr\u00fcfstandsstechnik \u2705 Bancs d&#039;essai de torsion \u00e0 haute densit\u00e9 de puissance pour l&#039;industrie \u2705 Moteurs d&#039;orientation optimis\u00e9s pour les tests de r\u00e9sistance \u00e0 la fatigue \u2794 D\u00e9couvrir plus\" \/>\n<meta name=\"robots\" content=\"index, follow, max-snippet:-1, max-image-preview:large, max-video-preview:-1\" \/>\n<link rel=\"canonical\" href=\"https:\/\/hense-systeme.com\/fr\/produits\/technique-de-banc-dessai\/\" \/>\n<meta property=\"og:locale\" content=\"fr_FR\" \/>\n<meta property=\"og:type\" content=\"article\" \/>\n<meta property=\"og:title\" content=\"Unit\u00e9s de pivotement hydrauliques pour bancs d&#039;essai pivotants\" \/>\n<meta property=\"og:description\" content=\"Hense Pr\u00fcfstandsstechnik \u2705 Bancs d&#039;essai de torsion \u00e0 haute densit\u00e9 de puissance pour l&#039;industrie \u2705 Moteurs d&#039;orientation optimis\u00e9s pour les tests de r\u00e9sistance \u00e0 la fatigue \u2794 D\u00e9couvrir plus\" \/>\n<meta property=\"og:url\" content=\"https:\/\/hense-systeme.com\/fr\/produits\/technique-de-banc-dessai\/\" \/>\n<meta property=\"og:site_name\" content=\"Hense Systemtechnik GmbH &amp; Co. KG\" \/>\n<meta property=\"article:modified_time\" content=\"2024-04-09T07:01:42+00:00\" \/>\n<meta name=\"twitter:card\" content=\"summary_large_image\" \/>\n<meta name=\"twitter:label1\" content=\"Dur\u00e9e de lecture estim\u00e9e\" \/>\n\t<meta name=\"twitter:data1\" content=\"2 minutes\" \/>\n<script type=\"application\/ld+json\" class=\"yoast-schema-graph\">{\"@context\":\"https:\\\/\\\/schema.org\",\"@graph\":[{\"@type\":\"WebPage\",\"@id\":\"https:\\\/\\\/hense-systeme.com\\\/fr\\\/produits\\\/technique-de-banc-dessai\\\/\",\"url\":\"https:\\\/\\\/hense-systeme.com\\\/fr\\\/produits\\\/technique-de-banc-dessai\\\/\",\"name\":\"Unit\u00e9s de pivotement hydrauliques pour bancs d'essai pivotants\",\"isPartOf\":{\"@id\":\"https:\\\/\\\/hense-systeme.com\\\/fr\\\/#website\"},\"datePublished\":\"2024-02-13T12:57:06+00:00\",\"dateModified\":\"2024-04-09T07:01:42+00:00\",\"description\":\"Hense Pr\u00fcfstandsstechnik \u2705 Bancs d'essai de torsion \u00e0 haute densit\u00e9 de puissance pour l'industrie \u2705 Moteurs d'orientation optimis\u00e9s pour les tests de r\u00e9sistance \u00e0 la fatigue \u2794 D\u00e9couvrir plus\",\"breadcrumb\":{\"@id\":\"https:\\\/\\\/hense-systeme.com\\\/fr\\\/produits\\\/technique-de-banc-dessai\\\/#breadcrumb\"},\"inLanguage\":\"fr-FR\",\"potentialAction\":[{\"@type\":\"ReadAction\",\"target\":[\"https:\\\/\\\/hense-systeme.com\\\/fr\\\/produits\\\/technique-de-banc-dessai\\\/\"]}]},{\"@type\":\"BreadcrumbList\",\"@id\":\"https:\\\/\\\/hense-systeme.com\\\/fr\\\/produits\\\/technique-de-banc-dessai\\\/#breadcrumb\",\"itemListElement\":[{\"@type\":\"ListItem\",\"position\":1,\"name\":\"Startseite\",\"item\":\"https:\\\/\\\/hense-systeme.com\\\/fr\\\/\"},{\"@type\":\"ListItem\",\"position\":2,\"name\":\"Produits\",\"item\":\"https:\\\/\\\/hense-systeme.com\\\/fr\\\/produits\\\/\"},{\"@type\":\"ListItem\",\"position\":3,\"name\":\"Technique de banc d&#8217;essai\"}]},{\"@type\":\"WebSite\",\"@id\":\"https:\\\/\\\/hense-systeme.com\\\/fr\\\/#website\",\"url\":\"https:\\\/\\\/hense-systeme.com\\\/fr\\\/\",\"name\":\"Hense Systemtechnik GmbH &amp; Co. KG\",\"description\":\"\",\"publisher\":{\"@id\":\"https:\\\/\\\/hense-systeme.com\\\/fr\\\/#organization\"},\"potentialAction\":[{\"@type\":\"SearchAction\",\"target\":{\"@type\":\"EntryPoint\",\"urlTemplate\":\"https:\\\/\\\/hense-systeme.com\\\/fr\\\/?s={search_term_string}\"},\"query-input\":{\"@type\":\"PropertyValueSpecification\",\"valueRequired\":true,\"valueName\":\"search_term_string\"}}],\"inLanguage\":\"fr-FR\"},{\"@type\":\"Organization\",\"@id\":\"https:\\\/\\\/hense-systeme.com\\\/fr\\\/#organization\",\"name\":\"Hense Systemtechnik GmbH &amp; Co. KG\",\"url\":\"https:\\\/\\\/hense-systeme.com\\\/fr\\\/\",\"logo\":{\"@type\":\"ImageObject\",\"inLanguage\":\"fr-FR\",\"@id\":\"https:\\\/\\\/hense-systeme.com\\\/fr\\\/#\\\/schema\\\/logo\\\/image\\\/\",\"url\":\"https:\\\/\\\/hense-systeme.com\\\/wp-content\\\/uploads\\\/2024\\\/02\\\/hense_logo.svg\",\"contentUrl\":\"https:\\\/\\\/hense-systeme.com\\\/wp-content\\\/uploads\\\/2024\\\/02\\\/hense_logo.svg\",\"width\":241,\"height\":76,\"caption\":\"Hense Systemtechnik GmbH &amp; Co. KG\"},\"image\":{\"@id\":\"https:\\\/\\\/hense-systeme.com\\\/fr\\\/#\\\/schema\\\/logo\\\/image\\\/\"}}]}<\/script>\n<!-- \/ Yoast SEO plugin. -->","yoast_head_json":{"title":"Unit\u00e9s de pivotement hydrauliques pour bancs d'essai pivotants","description":"Hense Pr\u00fcfstandsstechnik \u2705 Bancs d'essai de torsion \u00e0 haute densit\u00e9 de puissance pour l'industrie \u2705 Moteurs d'orientation optimis\u00e9s pour les tests de r\u00e9sistance \u00e0 la fatigue \u2794 D\u00e9couvrir plus","robots":{"index":"index","follow":"follow","max-snippet":"max-snippet:-1","max-image-preview":"max-image-preview:large","max-video-preview":"max-video-preview:-1"},"canonical":"https:\/\/hense-systeme.com\/fr\/produits\/technique-de-banc-dessai\/","og_locale":"fr_FR","og_type":"article","og_title":"Unit\u00e9s de pivotement hydrauliques pour bancs d'essai pivotants","og_description":"Hense Pr\u00fcfstandsstechnik \u2705 Bancs d'essai de torsion \u00e0 haute densit\u00e9 de puissance pour l'industrie \u2705 Moteurs d'orientation optimis\u00e9s pour les tests de r\u00e9sistance \u00e0 la fatigue \u2794 D\u00e9couvrir plus","og_url":"https:\/\/hense-systeme.com\/fr\/produits\/technique-de-banc-dessai\/","og_site_name":"Hense Systemtechnik GmbH &amp; Co. KG","article_modified_time":"2024-04-09T07:01:42+00:00","twitter_card":"summary_large_image","twitter_misc":{"Dur\u00e9e de lecture estim\u00e9e":"2 minutes"},"schema":{"@context":"https:\/\/schema.org","@graph":[{"@type":"WebPage","@id":"https:\/\/hense-systeme.com\/fr\/produits\/technique-de-banc-dessai\/","url":"https:\/\/hense-systeme.com\/fr\/produits\/technique-de-banc-dessai\/","name":"Unit\u00e9s de pivotement hydrauliques pour bancs d'essai pivotants","isPartOf":{"@id":"https:\/\/hense-systeme.com\/fr\/#website"},"datePublished":"2024-02-13T12:57:06+00:00","dateModified":"2024-04-09T07:01:42+00:00","description":"Hense Pr\u00fcfstandsstechnik \u2705 Bancs d'essai de torsion \u00e0 haute densit\u00e9 de puissance pour l'industrie \u2705 Moteurs d'orientation optimis\u00e9s pour les tests de r\u00e9sistance \u00e0 la fatigue \u2794 D\u00e9couvrir plus","breadcrumb":{"@id":"https:\/\/hense-systeme.com\/fr\/produits\/technique-de-banc-dessai\/#breadcrumb"},"inLanguage":"fr-FR","potentialAction":[{"@type":"ReadAction","target":["https:\/\/hense-systeme.com\/fr\/produits\/technique-de-banc-dessai\/"]}]},{"@type":"BreadcrumbList","@id":"https:\/\/hense-systeme.com\/fr\/produits\/technique-de-banc-dessai\/#breadcrumb","itemListElement":[{"@type":"ListItem","position":1,"name":"Startseite","item":"https:\/\/hense-systeme.com\/fr\/"},{"@type":"ListItem","position":2,"name":"Produits","item":"https:\/\/hense-systeme.com\/fr\/produits\/"},{"@type":"ListItem","position":3,"name":"Technique de banc d&#8217;essai"}]},{"@type":"WebSite","@id":"https:\/\/hense-systeme.com\/fr\/#website","url":"https:\/\/hense-systeme.com\/fr\/","name":"Hense Systemtechnik GmbH &amp; Co. KG","description":"","publisher":{"@id":"https:\/\/hense-systeme.com\/fr\/#organization"},"potentialAction":[{"@type":"SearchAction","target":{"@type":"EntryPoint","urlTemplate":"https:\/\/hense-systeme.com\/fr\/?s={search_term_string}"},"query-input":{"@type":"PropertyValueSpecification","valueRequired":true,"valueName":"search_term_string"}}],"inLanguage":"fr-FR"},{"@type":"Organization","@id":"https:\/\/hense-systeme.com\/fr\/#organization","name":"Hense Systemtechnik GmbH &amp; Co. KG","url":"https:\/\/hense-systeme.com\/fr\/","logo":{"@type":"ImageObject","inLanguage":"fr-FR","@id":"https:\/\/hense-systeme.com\/fr\/#\/schema\/logo\/image\/","url":"https:\/\/hense-systeme.com\/wp-content\/uploads\/2024\/02\/hense_logo.svg","contentUrl":"https:\/\/hense-systeme.com\/wp-content\/uploads\/2024\/02\/hense_logo.svg","width":241,"height":76,"caption":"Hense Systemtechnik GmbH &amp; Co. KG"},"image":{"@id":"https:\/\/hense-systeme.com\/fr\/#\/schema\/logo\/image\/"}}]}},"_links":{"self":[{"href":"https:\/\/hense-systeme.com\/fr\/wp-json\/wp\/v2\/pages\/5801","targetHints":{"allow":["GET"]}}],"collection":[{"href":"https:\/\/hense-systeme.com\/fr\/wp-json\/wp\/v2\/pages"}],"about":[{"href":"https:\/\/hense-systeme.com\/fr\/wp-json\/wp\/v2\/types\/page"}],"author":[{"embeddable":true,"href":"https:\/\/hense-systeme.com\/fr\/wp-json\/wp\/v2\/users\/1"}],"replies":[{"embeddable":true,"href":"https:\/\/hense-systeme.com\/fr\/wp-json\/wp\/v2\/comments?post=5801"}],"version-history":[{"count":2,"href":"https:\/\/hense-systeme.com\/fr\/wp-json\/wp\/v2\/pages\/5801\/revisions"}],"predecessor-version":[{"id":8274,"href":"https:\/\/hense-systeme.com\/fr\/wp-json\/wp\/v2\/pages\/5801\/revisions\/8274"}],"up":[{"embeddable":true,"href":"https:\/\/hense-systeme.com\/fr\/wp-json\/wp\/v2\/pages\/5573"}],"wp:attachment":[{"href":"https:\/\/hense-systeme.com\/fr\/wp-json\/wp\/v2\/media?parent=5801"}],"curies":[{"name":"wp","href":"https:\/\/api.w.org\/{rel}","templated":true}]}}