{"id":5856,"date":"2024-03-13T14:57:57","date_gmt":"2024-03-13T13:57:57","guid":{"rendered":"https:\/\/hense.pixel-tal.de\/produits\/combinaison-de-levage-et-dinclinaison\/systeme-de-changement-doutils\/"},"modified":"2024-04-08T13:20:35","modified_gmt":"2024-04-08T11:20:35","slug":"systeme-de-changement-doutils","status":"publish","type":"page","link":"https:\/\/hense-systeme.com\/fr\/produits\/combinaison-de-levage-et-dinclinaison\/systeme-de-changement-doutils\/","title":{"rendered":"Syst\u00e8me de changement d&#8217;outils"},"content":{"rendered":"<section id=\"aa3820d1\" class=\"gb-section gb-container gb-container-aa3820d1\" data-container-type=\"section\" data-theme=\"dark\">\n<section id=\"fcd75ec4\" class=\"gb-inner-section gb-container gb-container-fcd75ec4\" data-container-type=\"container\" data-theme=\"inherit\">\n\n<div class=\"wp-block-pixel-headline headlines --subheadline-top has-text-align-left\"><h1 class=\"headline\" style=\"color:var(--base-3)\"><strong>Syst\u00e8me de changement d&#8217;outils<\/strong><\/h1><span class=\"subheadline\" style=\"color:\">Combinaison HUB-pivotante<\/span><\/div>\n\n<\/section>\n<\/section><section id=\"8d4d20d2\" class=\"gb-section gb-container gb-container-8d4d20d2\" data-container-type=\"section\" data-theme=\"dark\">\n<div id=\"2a91b84a\" class=\"gb-inner-section gb-container gb-container-2a91b84a\" data-container-type=\"container\" data-theme=\"inherit\">\n<div class=\"gb-grid-wrapper gb-grid-wrapper-36ddb237\">\n<div class=\"gb-grid-column gb-grid-column-4b19ce47\"><section id=\"4b19ce47\" class=\"gb-container gb-container-4b19ce47\" data-container-type=\"container\" data-theme=\"inherit\">\n\n<div class=\"wp-block-pixel-headline headlines --subheadline-top has-text-align-left\"><h2 class=\"headline\" style=\"color:\"><strong>\n  <strong>HSWW-<\/strong>\n<\/strong>Syst\u00e8me de changement d&#8217;outils<\/h2><span class=\"subheadline\" style=\"color:\">EXP\u00c9RIENCE DEPUIS 1988<\/span><\/div>\n\n\n\n<p class=\"wp-block-paragraph\">Sur les centres d&#8217;usinage modernes, l&#8217;alimentation automatique des outils du magasin d&#8217;outils \u00e0 la broche d&#8217;usinage est r\u00e9alis\u00e9e \u00e0 l&#8217;aide d&#8217;un changeur d&#8217;outils. En m\u00eame temps, ce dispositif permet de ramener les outils dans le magasin d&#8217;outils.<\/p>\n\n\n\n<p class=\"wp-block-paragraph\">Pour les centres d&#8217;usinage, la r\u00e9duction des temps morts est un crit\u00e8re important pour augmenter l&#8217;efficacit\u00e9. Le temps de copeau \u00e0 copeau est directement influenc\u00e9 positivement par un changement d&#8217;outil rapide, c&#8217;est-\u00e0-dire par un temps de changement d&#8217;outil court.<\/p>\n\n<\/section><\/div>\n\n<div class=\"gb-grid-column gb-grid-column-f2fbc061\"><section id=\"f2fbc061\" class=\"gb-container gb-container-f2fbc061\" data-container-type=\"container\" data-theme=\"inherit\">\n\n<figure class=\"gb-block-image gb-block-image-5ef330eb\"><img loading=\"lazy\" decoding=\"async\" width=\"730\" height=\"395\" class=\"gb-image gb-image-5ef330eb\" src=\"https:\/\/hense-systeme.com\/wp-content\/uploads\/hsww_werkzeugwechsel-system_01.jpg\" alt=\"\" title=\"hsww_syst\u00e8me_de_changement_d'outils_01\" srcset=\"https:\/\/hense-systeme.com\/wp-content\/uploads\/hsww_werkzeugwechsel-system_01.jpg 730w, https:\/\/hense-systeme.com\/wp-content\/uploads\/hsww_werkzeugwechsel-system_01-300x162.jpg 300w, https:\/\/hense-systeme.com\/wp-content\/uploads\/hsww_werkzeugwechsel-system_01-1x1.jpg 1w\" sizes=\"auto, (max-width: 730px) 100vw, 730px\" \/><\/figure>\n\n<\/section><\/div>\n<\/div>\n<\/div>\n<\/section><section id=\"7d5d452d\" class=\"gb-section gb-container gb-container-7d5d452d\" data-container-type=\"section\" data-theme=\"dark\" style=\"--section-padding-top:0;--section-padding-bottom:0;\">\n<div id=\"b6a85379\" class=\"gb-inner-section gb-container gb-container-b6a85379\" data-container-type=\"container\" data-theme=\"inherit\">\n<div class=\"gb-grid-wrapper gb-grid-wrapper-f2171cde\">\n<div class=\"gb-grid-column gb-grid-column-96a40c7d\"><section id=\"96a40c7d\" class=\"gb-container gb-container-96a40c7d\" data-container-type=\"container\" data-theme=\"inherit\">\n\n<figure class=\"gb-block-image gb-block-image-ea95850b\"><img loading=\"lazy\" decoding=\"async\" width=\"730\" height=\"997\" class=\"gb-image gb-image-ea95850b\" src=\"https:\/\/hense-systeme.com\/wp-content\/uploads\/hsww_fo_02.jpg\" alt=\"\" title=\"hsww_fo_02\" srcset=\"https:\/\/hense-systeme.com\/wp-content\/uploads\/hsww_fo_02.jpg 730w, https:\/\/hense-systeme.com\/wp-content\/uploads\/hsww_fo_02-220x300.jpg 220w, https:\/\/hense-systeme.com\/wp-content\/uploads\/hsww_fo_02-1x1.jpg 1w\" sizes=\"auto, (max-width: 730px) 100vw, 730px\" \/><\/figure>\n\n<\/section><\/div>\n\n<div class=\"gb-grid-column gb-grid-column-dc300982\"><section id=\"dc300982\" class=\"gb-container gb-container-dc300982\" data-container-type=\"container\" data-theme=\"inherit\">\n\n<div class=\"wp-block-pixel-headline headlines --subheadline-top has-text-align-left\"><h2 class=\"headline\" style=\"color:\">Aper\u00e7u de la production<\/h2><\/div>\n\n\n\n<p class=\"wp-block-paragraph\">Gr\u00e2ce \u00e0 leurs deux axes de d\u00e9placement pouvant \u00eatre command\u00e9s ind\u00e9pendamment l&#8217;un de l&#8217;autre, les changeurs d&#8217;outils Hense Systeme constituent pour le fabricant de machines-outils la base de l&#8217;optimisation des temps de changement d&#8217;outils. En m\u00eame temps, l&#8217;utilisation du changeur d&#8217;outils Hense Systeme garantit une manipulation s\u00fbre des outils, m\u00eame grands et lourds. Les syst\u00e8mes de pr\u00e9hension adaptables, par exemple une pince double avec fonction d&#8217;ouverture des deux pinces commutable activement, sont con\u00e7us en fonction des besoins du client.<\/p>\n\n\n\n<p class=\"wp-block-paragraph\">La conception libre de l&#8217;axe lin\u00e9aire et de l&#8217;axe de pivotement permet des courses rapides et variables et des angles de pivotement allant jusqu&#8217;\u00e0 270\u00b0.<\/p>\n\n\n\n<p class=\"wp-block-paragraph\">Nous proposons des solutions sp\u00e9cifiques aux clients, adapt\u00e9es aux cas d&#8217;utilisation les plus divers. Notre \u00e9quipe qualifi\u00e9e se fera un plaisir de vous conseiller pour la conception et la r\u00e9alisation.<\/p>\n\n<\/section><\/div>\n<\/div>\n<\/div>\n<\/section><section id=\"c33659b1\" class=\"gb-section gb-container gb-container-c33659b1\" data-container-type=\"section\" data-theme=\"dark\">\n<section id=\"40231590\" class=\"gb-inner-section gb-container gb-container-40231590\" data-container-type=\"container\" data-theme=\"inherit\">\n<div class=\"gb-grid-wrapper gb-grid-wrapper-b5d201f1\">\n<div class=\"gb-grid-column gb-grid-column-00d70859\"><div id=\"00d70859\" class=\"gb-container gb-container-00d70859\" data-container-type=\"container\" data-theme=\"inherit\" data-aos=\"fade-up\">\n\n<div class=\"wp-block-pixel-headline headlines --subheadline-top has-text-align-left\"><h2 class=\"headline\" style=\"color:\"><strong>Pour un conseil personnalis\u00e9, vous pouvez vous adresser \u00e0<\/strong><br>nous sommes \u00e0 votre disposition<\/h2><span class=\"subheadline\" style=\"color:\">Vous avez d&#8217;autres questions ?<\/span><\/div>\n\n<\/div><\/div>\n\n<div class=\"gb-grid-column gb-grid-column-64e43af8\"><div id=\"64e43af8\" class=\"gb-container gb-container-64e43af8\" data-container-type=\"container\" data-theme=\"inherit\" data-aos=\"fade-right\">\n<div class=\"contact-area\" style=\"--contacts-count:1;\"><div id=\"contact\" class=\"contact-area-form\">\n<div class=\"wpcf7 no-js\" id=\"wpcf7-f6329-o1\" lang=\"fr-FR\" dir=\"ltr\" data-wpcf7-id=\"6329\">\n<div class=\"screen-reader-response\"><p role=\"status\" aria-live=\"polite\" aria-atomic=\"true\"><\/p> <ul><\/ul><\/div>\n<form action=\"\/fr\/wp-json\/wp\/v2\/pages\/5856#wpcf7-f6329-o1\" method=\"post\" class=\"wpcf7-form init\" aria-label=\"Formulaire de contact\" novalidate=\"novalidate\" data-status=\"init\">\n<fieldset class=\"hidden-fields-container\"><input type=\"hidden\" name=\"_wpcf7\" value=\"6329\" \/><input type=\"hidden\" name=\"_wpcf7_version\" value=\"6.1.5\" \/><input type=\"hidden\" name=\"_wpcf7_locale\" value=\"fr_FR\" \/><input type=\"hidden\" name=\"_wpcf7_unit_tag\" value=\"wpcf7-f6329-o1\" \/><input type=\"hidden\" name=\"_wpcf7_container_post\" value=\"0\" \/><input type=\"hidden\" name=\"_wpcf7_posted_data_hash\" value=\"\" \/><input type=\"hidden\" name=\"_wpcf7_recaptcha_response\" value=\"\" \/>\n<\/fieldset>\n<div class=\"form-fields\">\n    <div class=\"form-field\"><label>Nom complet*<\/label><span class=\"wpcf7-form-control-wrap\" data-name=\"name\"><input size=\"40\" maxlength=\"400\" class=\"wpcf7-form-control wpcf7-text wpcf7-validates-as-required\" aria-required=\"true\" aria-invalid=\"false\" value=\"\" type=\"text\" name=\"name\" \/><\/span><\/div>\n    <div class=\"form-field\"><label>Entreprise<\/label><span class=\"wpcf7-form-control-wrap\" data-name=\"company\"><input size=\"40\" maxlength=\"400\" class=\"wpcf7-form-control wpcf7-text\" aria-invalid=\"false\" value=\"\" type=\"text\" name=\"company\" \/><\/span><\/div>\n    <div class=\"form-field\"><label>Position<\/label><span class=\"wpcf7-form-control-wrap\" data-name=\"pos\"><input size=\"40\" maxlength=\"400\" class=\"wpcf7-form-control wpcf7-text\" aria-invalid=\"false\" value=\"\" type=\"text\" name=\"pos\" \/><\/span><\/div>\n    <div class=\"form-field\"><label>E-mail*<\/label><span class=\"wpcf7-form-control-wrap\" data-name=\"mail\"><input size=\"40\" maxlength=\"400\" class=\"wpcf7-form-control wpcf7-email wpcf7-validates-as-required wpcf7-text wpcf7-validates-as-email\" aria-required=\"true\" aria-invalid=\"false\" value=\"\" type=\"email\" name=\"mail\" \/><\/span><\/div>\n    <div class=\"form-field\"><label>T\u00e9l\u00e9phone<\/label><span class=\"wpcf7-form-control-wrap\" data-name=\"phone\"><input size=\"40\" maxlength=\"400\" class=\"wpcf7-form-control wpcf7-text\" aria-invalid=\"false\" value=\"\" type=\"text\" name=\"phone\" \/><\/span><\/div>\n    <div class=\"form-field textarea\"><label>Votre message<\/label><span class=\"wpcf7-form-control-wrap\" data-name=\"message\"><textarea cols=\"40\" rows=\"10\" maxlength=\"2000\" class=\"wpcf7-form-control wpcf7-textarea\" aria-invalid=\"false\" name=\"message\"><\/textarea><\/span><\/div>\n<\/div>\n\n<span class=\"required\">* champs obligatoires<\/span>\n<div class=\"form-fields form-footer\">\n<div class=\"form-privacy\"><span class=\"wpcf7-form-control-wrap\" data-name=\"ds\"><span class=\"wpcf7-form-control wpcf7-acceptance\"><span class=\"wpcf7-list-item\"><input type=\"checkbox\" name=\"ds\" value=\"1\" aria-invalid=\"false\" \/><\/span><\/span><\/span><span class=\"privacy-policy-note\">J&#8217;accepte les <a href=\"\/rechtliches\/datenschutz\/\" target=\"_blank\">dispositions relatives \u00e0 la protection des donn\u00e9es<\/a>. Ce formulaire est prot\u00e9g\u00e9 par Google reCaptcha.<\/span><\/div>\n\n<\/div>\n<div class=\"form-submit\"><button id=\"submit\" class=\"wpcf7-form-control wpcf7-submit\">Envoyer<\/button><\/div><div class=\"wpcf7-response-output\" aria-hidden=\"true\"><\/div>\n<\/form>\n<\/div>\n<\/div><div id=\"\" class=\"grid grid-contacts contact-area-contacts\" style=\"--grid-columns:3;--grid-gap:2.5;\"><div class=\"grid-inner\"><div class=\"grid-item\"><div class=\"card card-contact card-contact-6296\" >\r\n\t\t\t\t<div class=\"card-media\"><img loading=\"lazy\" decoding=\"async\" width=\"730\" height=\"570\" src=\"https:\/\/hense-systeme.com\/wp-content\/uploads\/kontakt_winzen.jpg\" class=\"attachment-contact size-contact\" alt=\"\" srcset=\"https:\/\/hense-systeme.com\/wp-content\/uploads\/kontakt_winzen.jpg 730w, https:\/\/hense-systeme.com\/wp-content\/uploads\/kontakt_winzen-300x234.jpg 300w, https:\/\/hense-systeme.com\/wp-content\/uploads\/kontakt_winzen-1x1.jpg 1w\" sizes=\"auto, (max-width: 730px) 100vw, 730px\" \/><\/div>\t\t\t\t\r\n\t\t\t\t<div class=\"card-content\">\r\n\t\t\t\t\t<div class=\"card-inner\">\r\n\t\t\t\t\t\t<div class=\"card-headlines headlines --subheadline-bottom\"><span class=\"card-headline headline --h3\">Ing\u00e9nieur dipl\u00f4m\u00e9 (FH) Rolf Winzen<\/span><span class=\"card-subheadline subheadline\">Direction de la recherche et du d\u00e9veloppement<\/span><\/div>\t\t\t\t\t<\/div>\r\n\r\n\t\t\t\t\t<div class=\"card-action team-information\"><span class=\"card-line card-line-contact\"><div class=\"card-action\"><span class=\"card-line card-line-phone\"><span>T\u00e9l: <\/span><a href=\"tel:0234-95388-31\" target=\"_blank\" rel=\"nofollow\">0234 &#8211; 95388 &#8211; 31<\/a><\/span><span class=\"card-line card-line-email\"><a href=\"mailto:rolf.winzen@hense-systeme.de\" target=\"_blank\" rel=\"nofollow\">rolf.winzen@hense-systeme.de<\/a><\/span><\/div><\/span><\/div>\t\t\t\t<\/div>\r\n\t\t\t<\/div><\/div><\/div><div class=\"swiper-pagination\"><\/div><\/div><\/div>\n<\/div><\/div>\n<\/div>\n<\/section>\n<\/section>","protected":false},"excerpt":{"rendered":"","protected":false},"author":1,"featured_media":0,"parent":5795,"menu_order":1,"comment_status":"closed","ping_status":"closed","template":"","meta":{"_acf_changed":false,"_crdt_document":"","footnotes":""},"class_list":{"0":"post-5856","1":"page","2":"type-page","3":"status-publish","5":"no-featured-image-padding"},"acf":[],"yoast_head":"<!-- This site is optimized with the Yoast SEO plugin v27.3 - https:\/\/yoast.com\/product\/yoast-seo-wordpress\/ -->\n<title>Changeurs d&#039;outils Hense - Des processus de production efficaces<\/title>\n<meta name=\"description\" content=\"Optimisez votre production avec le changeur d&#039;outils Hense \u2705 Syst\u00e8mes sur mesure pour des changements rapides et une manipulation s\u00fbre \u2794 Conseil inclus\" \/>\n<meta name=\"robots\" content=\"index, follow, max-snippet:-1, max-image-preview:large, max-video-preview:-1\" \/>\n<link rel=\"canonical\" href=\"https:\/\/hense-systeme.com\/fr\/produits\/combinaison-de-levage-et-dinclinaison\/systeme-de-changement-doutils\/\" \/>\n<meta property=\"og:locale\" content=\"fr_FR\" \/>\n<meta property=\"og:type\" content=\"article\" \/>\n<meta property=\"og:title\" content=\"Changeurs d&#039;outils Hense - Des processus de production efficaces\" \/>\n<meta property=\"og:description\" content=\"Optimisez votre production avec le changeur d&#039;outils Hense \u2705 Syst\u00e8mes sur mesure pour des changements rapides et une manipulation s\u00fbre \u2794 Conseil inclus\" \/>\n<meta property=\"og:url\" content=\"https:\/\/hense-systeme.com\/fr\/produits\/combinaison-de-levage-et-dinclinaison\/systeme-de-changement-doutils\/\" \/>\n<meta property=\"og:site_name\" content=\"Hense Systemtechnik GmbH &amp; Co. KG\" \/>\n<meta property=\"article:modified_time\" content=\"2024-04-08T11:20:35+00:00\" \/>\n<meta property=\"og:image\" content=\"https:\/\/hense-systeme.com\/wp-content\/uploads\/hsww_werkzeugwechsel-system_01.jpg\" \/>\n<meta name=\"twitter:card\" content=\"summary_large_image\" \/>\n<meta name=\"twitter:label1\" content=\"Dur\u00e9e de lecture estim\u00e9e\" \/>\n\t<meta name=\"twitter:data1\" content=\"1 minute\" \/>\n<script type=\"application\/ld+json\" class=\"yoast-schema-graph\">{\"@context\":\"https:\\\/\\\/schema.org\",\"@graph\":[{\"@type\":\"WebPage\",\"@id\":\"https:\\\/\\\/hense-systeme.com\\\/fr\\\/produits\\\/combinaison-de-levage-et-dinclinaison\\\/systeme-de-changement-doutils\\\/\",\"url\":\"https:\\\/\\\/hense-systeme.com\\\/fr\\\/produits\\\/combinaison-de-levage-et-dinclinaison\\\/systeme-de-changement-doutils\\\/\",\"name\":\"Changeurs d'outils Hense - Des processus de production efficaces\",\"isPartOf\":{\"@id\":\"https:\\\/\\\/hense-systeme.com\\\/fr\\\/#website\"},\"primaryImageOfPage\":{\"@id\":\"https:\\\/\\\/hense-systeme.com\\\/fr\\\/produits\\\/combinaison-de-levage-et-dinclinaison\\\/systeme-de-changement-doutils\\\/#primaryimage\"},\"image\":{\"@id\":\"https:\\\/\\\/hense-systeme.com\\\/fr\\\/produits\\\/combinaison-de-levage-et-dinclinaison\\\/systeme-de-changement-doutils\\\/#primaryimage\"},\"thumbnailUrl\":\"https:\\\/\\\/hense-systeme.com\\\/wp-content\\\/uploads\\\/hsww_werkzeugwechsel-system_01.jpg\",\"datePublished\":\"2024-03-13T13:57:57+00:00\",\"dateModified\":\"2024-04-08T11:20:35+00:00\",\"description\":\"Optimisez votre production avec le changeur d'outils Hense \u2705 Syst\u00e8mes sur mesure pour des changements rapides et une manipulation s\u00fbre \u2794 Conseil inclus\",\"breadcrumb\":{\"@id\":\"https:\\\/\\\/hense-systeme.com\\\/fr\\\/produits\\\/combinaison-de-levage-et-dinclinaison\\\/systeme-de-changement-doutils\\\/#breadcrumb\"},\"inLanguage\":\"fr-FR\",\"potentialAction\":[{\"@type\":\"ReadAction\",\"target\":[\"https:\\\/\\\/hense-systeme.com\\\/fr\\\/produits\\\/combinaison-de-levage-et-dinclinaison\\\/systeme-de-changement-doutils\\\/\"]}]},{\"@type\":\"ImageObject\",\"inLanguage\":\"fr-FR\",\"@id\":\"https:\\\/\\\/hense-systeme.com\\\/fr\\\/produits\\\/combinaison-de-levage-et-dinclinaison\\\/systeme-de-changement-doutils\\\/#primaryimage\",\"url\":\"https:\\\/\\\/hense-systeme.com\\\/wp-content\\\/uploads\\\/hsww_werkzeugwechsel-system_01.jpg\",\"contentUrl\":\"https:\\\/\\\/hense-systeme.com\\\/wp-content\\\/uploads\\\/hsww_werkzeugwechsel-system_01.jpg\"},{\"@type\":\"BreadcrumbList\",\"@id\":\"https:\\\/\\\/hense-systeme.com\\\/fr\\\/produits\\\/combinaison-de-levage-et-dinclinaison\\\/systeme-de-changement-doutils\\\/#breadcrumb\",\"itemListElement\":[{\"@type\":\"ListItem\",\"position\":1,\"name\":\"Startseite\",\"item\":\"https:\\\/\\\/hense-systeme.com\\\/fr\\\/\"},{\"@type\":\"ListItem\",\"position\":2,\"name\":\"Produits\",\"item\":\"https:\\\/\\\/hense-systeme.com\\\/fr\\\/produits\\\/\"},{\"@type\":\"ListItem\",\"position\":3,\"name\":\"Combinaison de levage et d&#8217;inclinaison\",\"item\":\"https:\\\/\\\/hense-systeme.com\\\/fr\\\/produits\\\/combinaison-de-levage-et-dinclinaison\\\/\"},{\"@type\":\"ListItem\",\"position\":4,\"name\":\"Syst\u00e8me de changement d&#8217;outils\"}]},{\"@type\":\"WebSite\",\"@id\":\"https:\\\/\\\/hense-systeme.com\\\/fr\\\/#website\",\"url\":\"https:\\\/\\\/hense-systeme.com\\\/fr\\\/\",\"name\":\"Hense Systemtechnik GmbH &amp; Co. KG\",\"description\":\"\",\"publisher\":{\"@id\":\"https:\\\/\\\/hense-systeme.com\\\/fr\\\/#organization\"},\"potentialAction\":[{\"@type\":\"SearchAction\",\"target\":{\"@type\":\"EntryPoint\",\"urlTemplate\":\"https:\\\/\\\/hense-systeme.com\\\/fr\\\/?s={search_term_string}\"},\"query-input\":{\"@type\":\"PropertyValueSpecification\",\"valueRequired\":true,\"valueName\":\"search_term_string\"}}],\"inLanguage\":\"fr-FR\"},{\"@type\":\"Organization\",\"@id\":\"https:\\\/\\\/hense-systeme.com\\\/fr\\\/#organization\",\"name\":\"Hense Systemtechnik GmbH &amp; Co. KG\",\"url\":\"https:\\\/\\\/hense-systeme.com\\\/fr\\\/\",\"logo\":{\"@type\":\"ImageObject\",\"inLanguage\":\"fr-FR\",\"@id\":\"https:\\\/\\\/hense-systeme.com\\\/fr\\\/#\\\/schema\\\/logo\\\/image\\\/\",\"url\":\"https:\\\/\\\/hense-systeme.com\\\/wp-content\\\/uploads\\\/2024\\\/02\\\/hense_logo.svg\",\"contentUrl\":\"https:\\\/\\\/hense-systeme.com\\\/wp-content\\\/uploads\\\/2024\\\/02\\\/hense_logo.svg\",\"width\":241,\"height\":76,\"caption\":\"Hense Systemtechnik GmbH &amp; Co. KG\"},\"image\":{\"@id\":\"https:\\\/\\\/hense-systeme.com\\\/fr\\\/#\\\/schema\\\/logo\\\/image\\\/\"}}]}<\/script>\n<!-- \/ Yoast SEO plugin. -->","yoast_head_json":{"title":"Changeurs d'outils Hense - Des processus de production efficaces","description":"Optimisez votre production avec le changeur d'outils Hense \u2705 Syst\u00e8mes sur mesure pour des changements rapides et une manipulation s\u00fbre \u2794 Conseil inclus","robots":{"index":"index","follow":"follow","max-snippet":"max-snippet:-1","max-image-preview":"max-image-preview:large","max-video-preview":"max-video-preview:-1"},"canonical":"https:\/\/hense-systeme.com\/fr\/produits\/combinaison-de-levage-et-dinclinaison\/systeme-de-changement-doutils\/","og_locale":"fr_FR","og_type":"article","og_title":"Changeurs d'outils Hense - Des processus de production efficaces","og_description":"Optimisez votre production avec le changeur d'outils Hense \u2705 Syst\u00e8mes sur mesure pour des changements rapides et une manipulation s\u00fbre \u2794 Conseil inclus","og_url":"https:\/\/hense-systeme.com\/fr\/produits\/combinaison-de-levage-et-dinclinaison\/systeme-de-changement-doutils\/","og_site_name":"Hense Systemtechnik GmbH &amp; Co. KG","article_modified_time":"2024-04-08T11:20:35+00:00","og_image":[{"url":"https:\/\/hense-systeme.com\/wp-content\/uploads\/hsww_werkzeugwechsel-system_01.jpg","type":"","width":"","height":""}],"twitter_card":"summary_large_image","twitter_misc":{"Dur\u00e9e de lecture estim\u00e9e":"1 minute"},"schema":{"@context":"https:\/\/schema.org","@graph":[{"@type":"WebPage","@id":"https:\/\/hense-systeme.com\/fr\/produits\/combinaison-de-levage-et-dinclinaison\/systeme-de-changement-doutils\/","url":"https:\/\/hense-systeme.com\/fr\/produits\/combinaison-de-levage-et-dinclinaison\/systeme-de-changement-doutils\/","name":"Changeurs d'outils Hense - Des processus de production efficaces","isPartOf":{"@id":"https:\/\/hense-systeme.com\/fr\/#website"},"primaryImageOfPage":{"@id":"https:\/\/hense-systeme.com\/fr\/produits\/combinaison-de-levage-et-dinclinaison\/systeme-de-changement-doutils\/#primaryimage"},"image":{"@id":"https:\/\/hense-systeme.com\/fr\/produits\/combinaison-de-levage-et-dinclinaison\/systeme-de-changement-doutils\/#primaryimage"},"thumbnailUrl":"https:\/\/hense-systeme.com\/wp-content\/uploads\/hsww_werkzeugwechsel-system_01.jpg","datePublished":"2024-03-13T13:57:57+00:00","dateModified":"2024-04-08T11:20:35+00:00","description":"Optimisez votre production avec le changeur d'outils Hense \u2705 Syst\u00e8mes sur mesure pour des changements rapides et une manipulation s\u00fbre \u2794 Conseil inclus","breadcrumb":{"@id":"https:\/\/hense-systeme.com\/fr\/produits\/combinaison-de-levage-et-dinclinaison\/systeme-de-changement-doutils\/#breadcrumb"},"inLanguage":"fr-FR","potentialAction":[{"@type":"ReadAction","target":["https:\/\/hense-systeme.com\/fr\/produits\/combinaison-de-levage-et-dinclinaison\/systeme-de-changement-doutils\/"]}]},{"@type":"ImageObject","inLanguage":"fr-FR","@id":"https:\/\/hense-systeme.com\/fr\/produits\/combinaison-de-levage-et-dinclinaison\/systeme-de-changement-doutils\/#primaryimage","url":"https:\/\/hense-systeme.com\/wp-content\/uploads\/hsww_werkzeugwechsel-system_01.jpg","contentUrl":"https:\/\/hense-systeme.com\/wp-content\/uploads\/hsww_werkzeugwechsel-system_01.jpg"},{"@type":"BreadcrumbList","@id":"https:\/\/hense-systeme.com\/fr\/produits\/combinaison-de-levage-et-dinclinaison\/systeme-de-changement-doutils\/#breadcrumb","itemListElement":[{"@type":"ListItem","position":1,"name":"Startseite","item":"https:\/\/hense-systeme.com\/fr\/"},{"@type":"ListItem","position":2,"name":"Produits","item":"https:\/\/hense-systeme.com\/fr\/produits\/"},{"@type":"ListItem","position":3,"name":"Combinaison de levage et d&#8217;inclinaison","item":"https:\/\/hense-systeme.com\/fr\/produits\/combinaison-de-levage-et-dinclinaison\/"},{"@type":"ListItem","position":4,"name":"Syst\u00e8me de changement d&#8217;outils"}]},{"@type":"WebSite","@id":"https:\/\/hense-systeme.com\/fr\/#website","url":"https:\/\/hense-systeme.com\/fr\/","name":"Hense Systemtechnik GmbH &amp; Co. KG","description":"","publisher":{"@id":"https:\/\/hense-systeme.com\/fr\/#organization"},"potentialAction":[{"@type":"SearchAction","target":{"@type":"EntryPoint","urlTemplate":"https:\/\/hense-systeme.com\/fr\/?s={search_term_string}"},"query-input":{"@type":"PropertyValueSpecification","valueRequired":true,"valueName":"search_term_string"}}],"inLanguage":"fr-FR"},{"@type":"Organization","@id":"https:\/\/hense-systeme.com\/fr\/#organization","name":"Hense Systemtechnik GmbH &amp; Co. KG","url":"https:\/\/hense-systeme.com\/fr\/","logo":{"@type":"ImageObject","inLanguage":"fr-FR","@id":"https:\/\/hense-systeme.com\/fr\/#\/schema\/logo\/image\/","url":"https:\/\/hense-systeme.com\/wp-content\/uploads\/2024\/02\/hense_logo.svg","contentUrl":"https:\/\/hense-systeme.com\/wp-content\/uploads\/2024\/02\/hense_logo.svg","width":241,"height":76,"caption":"Hense Systemtechnik GmbH &amp; Co. KG"},"image":{"@id":"https:\/\/hense-systeme.com\/fr\/#\/schema\/logo\/image\/"}}]}},"_links":{"self":[{"href":"https:\/\/hense-systeme.com\/fr\/wp-json\/wp\/v2\/pages\/5856","targetHints":{"allow":["GET"]}}],"collection":[{"href":"https:\/\/hense-systeme.com\/fr\/wp-json\/wp\/v2\/pages"}],"about":[{"href":"https:\/\/hense-systeme.com\/fr\/wp-json\/wp\/v2\/types\/page"}],"author":[{"embeddable":true,"href":"https:\/\/hense-systeme.com\/fr\/wp-json\/wp\/v2\/users\/1"}],"replies":[{"embeddable":true,"href":"https:\/\/hense-systeme.com\/fr\/wp-json\/wp\/v2\/comments?post=5856"}],"version-history":[{"count":2,"href":"https:\/\/hense-systeme.com\/fr\/wp-json\/wp\/v2\/pages\/5856\/revisions"}],"predecessor-version":[{"id":8271,"href":"https:\/\/hense-systeme.com\/fr\/wp-json\/wp\/v2\/pages\/5856\/revisions\/8271"}],"up":[{"embeddable":true,"href":"https:\/\/hense-systeme.com\/fr\/wp-json\/wp\/v2\/pages\/5795"}],"wp:attachment":[{"href":"https:\/\/hense-systeme.com\/fr\/wp-json\/wp\/v2\/media?parent=5856"}],"curies":[{"name":"wp","href":"https:\/\/api.w.org\/{rel}","templated":true}]}}