{"id":6013,"date":"2024-02-09T13:03:49","date_gmt":"2024-02-09T12:03:49","guid":{"rendered":"https:\/\/hense.pixel-tal.de\/energie-renouvelable\/"},"modified":"2024-04-29T13:07:50","modified_gmt":"2024-04-29T11:07:50","slug":"energie-renouvelable","status":"publish","type":"page","link":"https:\/\/hense-systeme.com\/fr\/branches\/energie-renouvelable\/","title":{"rendered":"\u00c9nergie renouvelable"},"content":{"rendered":"<section id=\"90ee4bef\" class=\"hero hero-90ee4bef hero--text\" data-theme=\"dark\">\n\t\t\t\t\t\t\t\t<div class=\"acf-innerblocks-container\">\n\r\n\t\t\t       \r\n                    \r\n            <div id=\"9cfb3f5d\" class=\"hero-item hero-item-9cfb3f5d hero-item--superposition hero-item--image\">\r\n\t\t\t\t<div class=\"hero-canvas\">\r\n\t\t\t\t\t<div class=\"acf-innerblocks-container\">\n<div id=\"1240fb28\" class=\"gb-container gb-container-1240fb28\" data-container-type=\"container\" data-theme=\"inherit\" data-aos=\"fade-up\">\n\n<div class=\"wp-block-pixel-headline headlines --subheadline-top has-text-align-center\"><h1 class=\"headline\" style=\"color:var(--base-3)\"><strong>Renouvelables<\/strong><br>\u00c9nergies<\/h1><span class=\"subheadline\" style=\"color:\">Contr\u00f4le fiable des mouvements<\/span><\/div>\n\n<\/div>\n<\/div>\r\n\t\t\t\t<\/div>\r\n\t\t\t\t<div class=\"hero-media hero-media-image\"><img loading=\"lazy\" decoding=\"async\" width=\"1920\" height=\"600\" src=\"https:\/\/hense-systeme.com\/wp-content\/uploads\/kopfbild_erneuerbare-energien.jpg\" class=\"attachment-full size-full\" alt=\"\" srcset=\"https:\/\/hense-systeme.com\/wp-content\/uploads\/kopfbild_erneuerbare-energien.jpg 1920w, https:\/\/hense-systeme.com\/wp-content\/uploads\/kopfbild_erneuerbare-energien-300x94.jpg 300w, https:\/\/hense-systeme.com\/wp-content\/uploads\/kopfbild_erneuerbare-energien-1024x320.jpg 1024w, https:\/\/hense-systeme.com\/wp-content\/uploads\/kopfbild_erneuerbare-energien-768x240.jpg 768w, https:\/\/hense-systeme.com\/wp-content\/uploads\/kopfbild_erneuerbare-energien-1536x480.jpg 1536w, https:\/\/hense-systeme.com\/wp-content\/uploads\/kopfbild_erneuerbare-energien-1x1.jpg 1w\" sizes=\"auto, (max-width: 1920px) 100vw, 1920px\" \/><\/div>            <\/div>\r\n\t\t\t\t\r\n            \r\n\t\t\t\r\n        \r\n            \n<\/div>\n\t\t\t\t\t\t\t\t\t\t\t\t<div id=\"start\"><\/div>\n\t\t\t<\/section>\n\t\t\t\t\n\t\t\t\n\t\t\t        \n            <section id=\"b6a6500f\" class=\"gb-section gb-container gb-container-b6a6500f\" data-container-type=\"section\" data-theme=\"dark\">\n<section id=\"cfe90332\" class=\"gb-inner-section gb-container gb-container-cfe90332\" data-container-type=\"container\" data-theme=\"inherit\">\n<div class=\"gb-grid-wrapper gb-grid-wrapper-e7261f94\">\n<div class=\"gb-grid-column gb-grid-column-32f3d6d6\"><div id=\"32f3d6d6\" class=\"gb-container gb-container-32f3d6d6\" data-container-type=\"container\" data-theme=\"inherit\" data-aos=\"fade-right\">\n\n<div class=\"wp-block-pixel-headline headlines --subheadline-top has-text-align-left\"><h2 class=\"headline\" style=\"color:\"><strong>Contr\u00f4le fiable des mouvements<\/strong> dans les \u00e9oliennes modernes<\/h2><span class=\"subheadline\" style=\"color:\">Les produits Hense Systeme contribuent \u00e0 la transition \u00e9nerg\u00e9tique<\/span><\/div>\n\n\n\n<p class=\"wp-block-paragraph\">Pour une production d&#8217;\u00e9nergie efficace, la position des pales de rotor des \u00e9oliennes joue un r\u00f4le essentiel. Lors de la r\u00e9gulation du pas, les pales du rotor sont orient\u00e9es avec pr\u00e9cision en fonction des conditions de vent actuelles gr\u00e2ce \u00e0 des moteurs d&#8217;orientation Hense Systeme.<\/p>\n\n\n\n<p class=\"wp-block-paragraph\">Les moteurs d&#8217;orientation de Hense Systeme sont \u00e9galement utilis\u00e9s avant l&#8217;installation des r\u00e9ducteurs dans les nacelles des \u00e9oliennes. Avant la livraison des bo\u00eetes de vitesses, les fabricants les testent de mani\u00e8re approfondie dans des bancs d&#8217;essai sp\u00e9cialement con\u00e7us \u00e0 cet effet afin de s&#8217;assurer de leur bon fonctionnement. La pi\u00e8ce ma\u00eetresse de ces bancs d&#8217;essai est souvent un moteur rotatif de Hense Systeme. Celui-ci simule de mani\u00e8re r\u00e9aliste les charges variables exerc\u00e9es par la force du vent sur les engrenages.<\/p>\n\n\n\n<a class=\"gb-button gb-button-a8687c6f gb-button-text gb-button-default\" href=\"#contact\">Contacter<\/a>\n\n<\/div><\/div>\n\n<div class=\"gb-grid-column gb-grid-column-09ecf06b\"><div id=\"09ecf06b\" class=\"gb-container gb-container-09ecf06b\" data-container-type=\"container\" data-theme=\"inherit\" data-aos=\"fade-left\">\n\n<figure class=\"gb-block-image gb-block-image-6ad14fae\"><img loading=\"lazy\" decoding=\"async\" width=\"990\" height=\"660\" class=\"gb-image gb-image-6ad14fae\" src=\"https:\/\/hense-systeme.com\/wp-content\/uploads\/windenergie.png\" alt=\"\" title=\"\u00e9nergie \u00e9olienne\" srcset=\"https:\/\/hense-systeme.com\/wp-content\/uploads\/windenergie.png 990w, https:\/\/hense-systeme.com\/wp-content\/uploads\/windenergie-300x200.png 300w, https:\/\/hense-systeme.com\/wp-content\/uploads\/windenergie-768x512.png 768w, https:\/\/hense-systeme.com\/wp-content\/uploads\/windenergie-1x1.png 1w\" sizes=\"auto, (max-width: 990px) 100vw, 990px\" \/><\/figure>\n\n<\/div><\/div>\n<\/div>\n<\/section>\n<\/section><section id=\"68dbba03\" class=\"gb-section gb-container gb-container-68dbba03 alignfull\" data-container-type=\"section\" data-theme=\"dark\">\n<section id=\"7b3addc3\" class=\"gb-inner-section gb-container gb-container-7b3addc3\" data-container-type=\"container\" data-theme=\"inherit\">\n<div class=\"gb-grid-wrapper gb-grid-wrapper-c4fe89e5\">\n<div class=\"gb-grid-column gb-grid-column-d6171046\"><div id=\"d6171046\" class=\"gb-container gb-container-d6171046\" data-container-type=\"container\" data-theme=\"inherit\" data-aos=\"fade-up\">\n\n<div class=\"wp-block-pixel-headline headlines --subheadline-top has-text-align-center\"><h2 class=\"headline\" style=\"color:\"><strong>Aper\u00e7u des produits pour<\/strong><br>\u00c9nergie renouvelable<\/h2><span class=\"subheadline\" style=\"color:\">D\u00c9COUVRIR des produits pour cette industrie<\/span><\/div>\n\n<\/div><\/div>\n<\/div>\n<\/section>\n<\/section><section id=\"bb12d332\" class=\"gb-section gb-container gb-container-bb12d332 gb-container-bg-radial-gradient-blue\" data-container-type=\"section\" data-theme=\"dark\">\n<section id=\"2c716519\" class=\"gb-inner-section gb-container gb-container-2c716519\" data-container-type=\"container\" data-theme=\"inherit\">\n<div class=\"gb-grid-wrapper gb-grid-wrapper-c271ca96\">\n<div class=\"gb-grid-column gb-grid-column-22e6f638\"><div id=\"22e6f638\" class=\"gb-container gb-container-22e6f638\" data-container-type=\"container\" data-theme=\"inherit\" data-aos=\"fade-up\" data-aos-delay=\"200\">\n\n\t\t\t \n\t\t\t\t\n\t\t\t\t<p>Aucun article trouv\u00e9.<\/p>\n\t\t\t\t\n\t\t\t\t\t\t\t\n\t\t\t\n            <!-- end:grid -->\n        \n            \n<\/div><\/div>\n<\/div>\n<\/section>\n<\/section><section id=\"contact\" class=\"gb-section gb-container gb-container-c33659b1\" data-container-type=\"section\" data-theme=\"dark\">\n<section id=\"40231590\" class=\"gb-inner-section gb-container gb-container-40231590\" data-container-type=\"container\" data-theme=\"inherit\">\n<div class=\"gb-grid-wrapper gb-grid-wrapper-b5d201f1\">\n<div class=\"gb-grid-column gb-grid-column-00d70859\"><div id=\"00d70859\" class=\"gb-container gb-container-00d70859\" data-container-type=\"container\" data-theme=\"inherit\" data-aos=\"fade-up\">\n\n<div class=\"wp-block-pixel-headline headlines --subheadline-top has-text-align-left\"><h2 class=\"headline\" style=\"color:\"><strong>Pour un conseil personnalis\u00e9, vous pouvez vous adresser \u00e0<\/strong><br>nous sommes \u00e0 votre disposition<\/h2><span class=\"subheadline\" style=\"color:\">Vous avez d&#8217;autres questions ?<\/span><\/div>\n\n<\/div><\/div>\n\n<div class=\"gb-grid-column gb-grid-column-64e43af8\"><div id=\"64e43af8\" class=\"gb-container gb-container-64e43af8\" data-container-type=\"container\" data-theme=\"inherit\" data-aos=\"fade-right\">\n<div class=\"contact-area\" style=\"--contacts-count:1;\"><div id=\"contact\" class=\"contact-area-form\">\n<div class=\"wpcf7 no-js\" id=\"wpcf7-f6329-o1\" lang=\"fr-FR\" dir=\"ltr\" data-wpcf7-id=\"6329\">\n<div class=\"screen-reader-response\"><p role=\"status\" aria-live=\"polite\" aria-atomic=\"true\"><\/p> <ul><\/ul><\/div>\n<form action=\"\/fr\/wp-json\/wp\/v2\/pages\/6013#wpcf7-f6329-o1\" method=\"post\" class=\"wpcf7-form init\" aria-label=\"Formulaire de contact\" novalidate=\"novalidate\" data-status=\"init\">\n<fieldset class=\"hidden-fields-container\"><input type=\"hidden\" name=\"_wpcf7\" value=\"6329\" \/><input type=\"hidden\" name=\"_wpcf7_version\" value=\"6.1.5\" \/><input type=\"hidden\" name=\"_wpcf7_locale\" value=\"fr_FR\" \/><input type=\"hidden\" name=\"_wpcf7_unit_tag\" value=\"wpcf7-f6329-o1\" \/><input type=\"hidden\" name=\"_wpcf7_container_post\" value=\"0\" \/><input type=\"hidden\" name=\"_wpcf7_posted_data_hash\" value=\"\" \/><input type=\"hidden\" name=\"_wpcf7_recaptcha_response\" value=\"\" \/>\n<\/fieldset>\n<div class=\"form-fields\">\n    <div class=\"form-field\"><label>Nom complet*<\/label><span class=\"wpcf7-form-control-wrap\" data-name=\"name\"><input size=\"40\" maxlength=\"400\" class=\"wpcf7-form-control wpcf7-text wpcf7-validates-as-required\" aria-required=\"true\" aria-invalid=\"false\" value=\"\" type=\"text\" name=\"name\" \/><\/span><\/div>\n    <div class=\"form-field\"><label>Entreprise<\/label><span class=\"wpcf7-form-control-wrap\" data-name=\"company\"><input size=\"40\" maxlength=\"400\" class=\"wpcf7-form-control wpcf7-text\" aria-invalid=\"false\" value=\"\" type=\"text\" name=\"company\" \/><\/span><\/div>\n    <div class=\"form-field\"><label>Position<\/label><span class=\"wpcf7-form-control-wrap\" data-name=\"pos\"><input size=\"40\" maxlength=\"400\" class=\"wpcf7-form-control wpcf7-text\" aria-invalid=\"false\" value=\"\" type=\"text\" name=\"pos\" \/><\/span><\/div>\n    <div class=\"form-field\"><label>E-mail*<\/label><span class=\"wpcf7-form-control-wrap\" data-name=\"mail\"><input size=\"40\" maxlength=\"400\" class=\"wpcf7-form-control wpcf7-email wpcf7-validates-as-required wpcf7-text wpcf7-validates-as-email\" aria-required=\"true\" aria-invalid=\"false\" value=\"\" type=\"email\" name=\"mail\" \/><\/span><\/div>\n    <div class=\"form-field\"><label>T\u00e9l\u00e9phone<\/label><span class=\"wpcf7-form-control-wrap\" data-name=\"phone\"><input size=\"40\" maxlength=\"400\" class=\"wpcf7-form-control wpcf7-text\" aria-invalid=\"false\" value=\"\" type=\"text\" name=\"phone\" \/><\/span><\/div>\n    <div class=\"form-field textarea\"><label>Votre message<\/label><span class=\"wpcf7-form-control-wrap\" data-name=\"message\"><textarea cols=\"40\" rows=\"10\" maxlength=\"2000\" class=\"wpcf7-form-control wpcf7-textarea\" aria-invalid=\"false\" name=\"message\"><\/textarea><\/span><\/div>\n<\/div>\n\n<span class=\"required\">* champs obligatoires<\/span>\n<div class=\"form-fields form-footer\">\n<div class=\"form-privacy\"><span class=\"wpcf7-form-control-wrap\" data-name=\"ds\"><span class=\"wpcf7-form-control wpcf7-acceptance\"><span class=\"wpcf7-list-item\"><input type=\"checkbox\" name=\"ds\" value=\"1\" aria-invalid=\"false\" \/><\/span><\/span><\/span><span class=\"privacy-policy-note\">J&#8217;accepte les <a href=\"\/rechtliches\/datenschutz\/\" target=\"_blank\">dispositions relatives \u00e0 la protection des donn\u00e9es<\/a>. Ce formulaire est prot\u00e9g\u00e9 par Google reCaptcha.<\/span><\/div>\n\n<\/div>\n<div class=\"form-submit\"><button id=\"submit\" class=\"wpcf7-form-control wpcf7-submit\">Envoyer<\/button><\/div><div class=\"wpcf7-response-output\" aria-hidden=\"true\"><\/div>\n<\/form>\n<\/div>\n<\/div><div id=\"\" class=\"grid grid-contacts contact-area-contacts\" style=\"--grid-columns:3;--grid-gap:2.5;\"><div class=\"grid-inner\"><div class=\"grid-item\"><div class=\"card card-contact card-contact-6278\" >\r\n\t\t\t\t<div class=\"card-media\"><img loading=\"lazy\" decoding=\"async\" width=\"730\" height=\"570\" src=\"https:\/\/hense-systeme.com\/wp-content\/uploads\/Hense_Lukas_Ostrzolek_neu.jpg\" class=\"attachment-contact size-contact\" alt=\"\" srcset=\"https:\/\/hense-systeme.com\/wp-content\/uploads\/Hense_Lukas_Ostrzolek_neu.jpg 730w, https:\/\/hense-systeme.com\/wp-content\/uploads\/Hense_Lukas_Ostrzolek_neu-300x234.jpg 300w, https:\/\/hense-systeme.com\/wp-content\/uploads\/Hense_Lukas_Ostrzolek_neu-1x1.jpg 1w\" sizes=\"auto, (max-width: 730px) 100vw, 730px\" \/><\/div>\t\t\t\t\r\n\t\t\t\t<div class=\"card-content\">\r\n\t\t\t\t\t<div class=\"card-inner\">\r\n\t\t\t\t\t\t<div class=\"card-headlines headlines --subheadline-bottom\"><span class=\"card-headline headline --h3\">Lukas Ostrzolek<\/span><span class=\"card-subheadline subheadline\">Direction des ventes<\/span><\/div>\t\t\t\t\t<\/div>\r\n\r\n\t\t\t\t\t<div class=\"card-action team-information\"><span class=\"card-line card-line-contact\"><div class=\"card-action\"><span class=\"card-line card-line-phone\"><span>T\u00e9l: <\/span><a href=\"tel:0234-95388-33\" target=\"_blank\" rel=\"nofollow\">0234 &#8211; 95388 &#8211; 33<\/a><\/span><span class=\"card-line card-line-email\"><a href=\"mailto:lukas.ostrzolek@hense-systeme.de\" target=\"_blank\" rel=\"nofollow\">lukas.ostrzolek@hense-systeme.de<\/a><\/span><\/div><\/span><\/div>\t\t\t\t<\/div>\r\n\t\t\t<\/div><\/div><\/div><div class=\"swiper-pagination\"><\/div><\/div><\/div>\n<\/div><\/div>\n<\/div>\n<\/section>\n<\/section>","protected":false},"excerpt":{"rendered":"","protected":false},"author":1,"featured_media":6019,"parent":6081,"menu_order":2,"comment_status":"closed","ping_status":"closed","template":"","meta":{"_acf_changed":false,"_crdt_document":"","footnotes":""},"class_list":{"0":"post-6013","1":"page","2":"type-page","3":"status-publish","4":"has-post-thumbnail","6":"no-featured-image-padding"},"acf":[],"yoast_head":"<!-- This site is optimized with the Yoast SEO plugin v27.3 - https:\/\/yoast.com\/product\/yoast-seo-wordpress\/ -->\n<title>Moteurs d&#039;orientation pour \u00e9oliennes de Hense<\/title>\n<meta name=\"description\" content=\"Optimisez la position des pales de vos \u00e9oliennes avec les moteurs d&#039;orientation Hense pour une efficacit\u00e9 \u00e9nerg\u00e9tique maximale \u2794 D\u00e9veloppez votre solution avec nous\" \/>\n<meta name=\"robots\" content=\"index, follow, max-snippet:-1, max-image-preview:large, max-video-preview:-1\" \/>\n<link rel=\"canonical\" href=\"https:\/\/hense-systeme.com\/fr\/branches\/energie-renouvelable\/\" \/>\n<meta property=\"og:locale\" content=\"fr_FR\" \/>\n<meta property=\"og:type\" content=\"article\" \/>\n<meta property=\"og:title\" content=\"Moteurs d&#039;orientation pour \u00e9oliennes de Hense\" \/>\n<meta property=\"og:description\" content=\"Optimisez la position des pales de vos \u00e9oliennes avec les moteurs d&#039;orientation Hense pour une efficacit\u00e9 \u00e9nerg\u00e9tique maximale \u2794 D\u00e9veloppez votre solution avec nous\" \/>\n<meta property=\"og:url\" content=\"https:\/\/hense-systeme.com\/fr\/branches\/energie-renouvelable\/\" \/>\n<meta property=\"og:site_name\" content=\"Hense Systemtechnik GmbH &amp; Co. KG\" \/>\n<meta property=\"article:modified_time\" content=\"2024-04-29T11:07:50+00:00\" \/>\n<meta property=\"og:image\" content=\"https:\/\/hense-systeme.com\/wp-content\/uploads\/branchen_bauelemente.jpg\" \/>\n\t<meta property=\"og:image:width\" content=\"730\" \/>\n\t<meta property=\"og:image:height\" content=\"803\" \/>\n\t<meta property=\"og:image:type\" content=\"image\/jpeg\" \/>\n<meta name=\"twitter:card\" content=\"summary_large_image\" \/>\n<meta name=\"twitter:label1\" content=\"Dur\u00e9e de lecture estim\u00e9e\" \/>\n\t<meta name=\"twitter:data1\" content=\"2 minutes\" \/>\n<script type=\"application\/ld+json\" class=\"yoast-schema-graph\">{\"@context\":\"https:\\\/\\\/schema.org\",\"@graph\":[{\"@type\":\"WebPage\",\"@id\":\"https:\\\/\\\/hense-systeme.com\\\/fr\\\/branches\\\/energie-renouvelable\\\/\",\"url\":\"https:\\\/\\\/hense-systeme.com\\\/fr\\\/branches\\\/energie-renouvelable\\\/\",\"name\":\"Moteurs d'orientation pour \u00e9oliennes de Hense\",\"isPartOf\":{\"@id\":\"https:\\\/\\\/hense-systeme.com\\\/fr\\\/#website\"},\"primaryImageOfPage\":{\"@id\":\"https:\\\/\\\/hense-systeme.com\\\/fr\\\/branches\\\/energie-renouvelable\\\/#primaryimage\"},\"image\":{\"@id\":\"https:\\\/\\\/hense-systeme.com\\\/fr\\\/branches\\\/energie-renouvelable\\\/#primaryimage\"},\"thumbnailUrl\":\"https:\\\/\\\/hense-systeme.com\\\/wp-content\\\/uploads\\\/branchen_bauelemente.jpg\",\"datePublished\":\"2024-02-09T12:03:49+00:00\",\"dateModified\":\"2024-04-29T11:07:50+00:00\",\"description\":\"Optimisez la position des pales de vos \u00e9oliennes avec les moteurs d'orientation Hense pour une efficacit\u00e9 \u00e9nerg\u00e9tique maximale \u2794 D\u00e9veloppez votre solution avec nous\",\"breadcrumb\":{\"@id\":\"https:\\\/\\\/hense-systeme.com\\\/fr\\\/branches\\\/energie-renouvelable\\\/#breadcrumb\"},\"inLanguage\":\"fr-FR\",\"potentialAction\":[{\"@type\":\"ReadAction\",\"target\":[\"https:\\\/\\\/hense-systeme.com\\\/fr\\\/branches\\\/energie-renouvelable\\\/\"]}]},{\"@type\":\"ImageObject\",\"inLanguage\":\"fr-FR\",\"@id\":\"https:\\\/\\\/hense-systeme.com\\\/fr\\\/branches\\\/energie-renouvelable\\\/#primaryimage\",\"url\":\"https:\\\/\\\/hense-systeme.com\\\/wp-content\\\/uploads\\\/branchen_bauelemente.jpg\",\"contentUrl\":\"https:\\\/\\\/hense-systeme.com\\\/wp-content\\\/uploads\\\/branchen_bauelemente.jpg\",\"width\":730,\"height\":803},{\"@type\":\"BreadcrumbList\",\"@id\":\"https:\\\/\\\/hense-systeme.com\\\/fr\\\/branches\\\/energie-renouvelable\\\/#breadcrumb\",\"itemListElement\":[{\"@type\":\"ListItem\",\"position\":1,\"name\":\"Startseite\",\"item\":\"https:\\\/\\\/hense-systeme.com\\\/fr\\\/\"},{\"@type\":\"ListItem\",\"position\":2,\"name\":\"Branches\",\"item\":\"https:\\\/\\\/hense-systeme.com\\\/fr\\\/branches\\\/\"},{\"@type\":\"ListItem\",\"position\":3,\"name\":\"\u00c9nergie renouvelable\"}]},{\"@type\":\"WebSite\",\"@id\":\"https:\\\/\\\/hense-systeme.com\\\/fr\\\/#website\",\"url\":\"https:\\\/\\\/hense-systeme.com\\\/fr\\\/\",\"name\":\"Hense Systemtechnik GmbH &amp; Co. KG\",\"description\":\"\",\"publisher\":{\"@id\":\"https:\\\/\\\/hense-systeme.com\\\/fr\\\/#organization\"},\"potentialAction\":[{\"@type\":\"SearchAction\",\"target\":{\"@type\":\"EntryPoint\",\"urlTemplate\":\"https:\\\/\\\/hense-systeme.com\\\/fr\\\/?s={search_term_string}\"},\"query-input\":{\"@type\":\"PropertyValueSpecification\",\"valueRequired\":true,\"valueName\":\"search_term_string\"}}],\"inLanguage\":\"fr-FR\"},{\"@type\":\"Organization\",\"@id\":\"https:\\\/\\\/hense-systeme.com\\\/fr\\\/#organization\",\"name\":\"Hense Systemtechnik GmbH &amp; Co. KG\",\"url\":\"https:\\\/\\\/hense-systeme.com\\\/fr\\\/\",\"logo\":{\"@type\":\"ImageObject\",\"inLanguage\":\"fr-FR\",\"@id\":\"https:\\\/\\\/hense-systeme.com\\\/fr\\\/#\\\/schema\\\/logo\\\/image\\\/\",\"url\":\"https:\\\/\\\/hense-systeme.com\\\/wp-content\\\/uploads\\\/2024\\\/02\\\/hense_logo.svg\",\"contentUrl\":\"https:\\\/\\\/hense-systeme.com\\\/wp-content\\\/uploads\\\/2024\\\/02\\\/hense_logo.svg\",\"width\":241,\"height\":76,\"caption\":\"Hense Systemtechnik GmbH &amp; Co. KG\"},\"image\":{\"@id\":\"https:\\\/\\\/hense-systeme.com\\\/fr\\\/#\\\/schema\\\/logo\\\/image\\\/\"}}]}<\/script>\n<!-- \/ Yoast SEO plugin. -->","yoast_head_json":{"title":"Moteurs d'orientation pour \u00e9oliennes de Hense","description":"Optimisez la position des pales de vos \u00e9oliennes avec les moteurs d'orientation Hense pour une efficacit\u00e9 \u00e9nerg\u00e9tique maximale \u2794 D\u00e9veloppez votre solution avec nous","robots":{"index":"index","follow":"follow","max-snippet":"max-snippet:-1","max-image-preview":"max-image-preview:large","max-video-preview":"max-video-preview:-1"},"canonical":"https:\/\/hense-systeme.com\/fr\/branches\/energie-renouvelable\/","og_locale":"fr_FR","og_type":"article","og_title":"Moteurs d'orientation pour \u00e9oliennes de Hense","og_description":"Optimisez la position des pales de vos \u00e9oliennes avec les moteurs d'orientation Hense pour une efficacit\u00e9 \u00e9nerg\u00e9tique maximale \u2794 D\u00e9veloppez votre solution avec nous","og_url":"https:\/\/hense-systeme.com\/fr\/branches\/energie-renouvelable\/","og_site_name":"Hense Systemtechnik GmbH &amp; Co. KG","article_modified_time":"2024-04-29T11:07:50+00:00","og_image":[{"width":730,"height":803,"url":"https:\/\/hense-systeme.com\/wp-content\/uploads\/branchen_bauelemente.jpg","type":"image\/jpeg"}],"twitter_card":"summary_large_image","twitter_misc":{"Dur\u00e9e de lecture estim\u00e9e":"2 minutes"},"schema":{"@context":"https:\/\/schema.org","@graph":[{"@type":"WebPage","@id":"https:\/\/hense-systeme.com\/fr\/branches\/energie-renouvelable\/","url":"https:\/\/hense-systeme.com\/fr\/branches\/energie-renouvelable\/","name":"Moteurs d'orientation pour \u00e9oliennes de Hense","isPartOf":{"@id":"https:\/\/hense-systeme.com\/fr\/#website"},"primaryImageOfPage":{"@id":"https:\/\/hense-systeme.com\/fr\/branches\/energie-renouvelable\/#primaryimage"},"image":{"@id":"https:\/\/hense-systeme.com\/fr\/branches\/energie-renouvelable\/#primaryimage"},"thumbnailUrl":"https:\/\/hense-systeme.com\/wp-content\/uploads\/branchen_bauelemente.jpg","datePublished":"2024-02-09T12:03:49+00:00","dateModified":"2024-04-29T11:07:50+00:00","description":"Optimisez la position des pales de vos \u00e9oliennes avec les moteurs d'orientation Hense pour une efficacit\u00e9 \u00e9nerg\u00e9tique maximale \u2794 D\u00e9veloppez votre solution avec nous","breadcrumb":{"@id":"https:\/\/hense-systeme.com\/fr\/branches\/energie-renouvelable\/#breadcrumb"},"inLanguage":"fr-FR","potentialAction":[{"@type":"ReadAction","target":["https:\/\/hense-systeme.com\/fr\/branches\/energie-renouvelable\/"]}]},{"@type":"ImageObject","inLanguage":"fr-FR","@id":"https:\/\/hense-systeme.com\/fr\/branches\/energie-renouvelable\/#primaryimage","url":"https:\/\/hense-systeme.com\/wp-content\/uploads\/branchen_bauelemente.jpg","contentUrl":"https:\/\/hense-systeme.com\/wp-content\/uploads\/branchen_bauelemente.jpg","width":730,"height":803},{"@type":"BreadcrumbList","@id":"https:\/\/hense-systeme.com\/fr\/branches\/energie-renouvelable\/#breadcrumb","itemListElement":[{"@type":"ListItem","position":1,"name":"Startseite","item":"https:\/\/hense-systeme.com\/fr\/"},{"@type":"ListItem","position":2,"name":"Branches","item":"https:\/\/hense-systeme.com\/fr\/branches\/"},{"@type":"ListItem","position":3,"name":"\u00c9nergie renouvelable"}]},{"@type":"WebSite","@id":"https:\/\/hense-systeme.com\/fr\/#website","url":"https:\/\/hense-systeme.com\/fr\/","name":"Hense Systemtechnik GmbH &amp; Co. KG","description":"","publisher":{"@id":"https:\/\/hense-systeme.com\/fr\/#organization"},"potentialAction":[{"@type":"SearchAction","target":{"@type":"EntryPoint","urlTemplate":"https:\/\/hense-systeme.com\/fr\/?s={search_term_string}"},"query-input":{"@type":"PropertyValueSpecification","valueRequired":true,"valueName":"search_term_string"}}],"inLanguage":"fr-FR"},{"@type":"Organization","@id":"https:\/\/hense-systeme.com\/fr\/#organization","name":"Hense Systemtechnik GmbH &amp; Co. KG","url":"https:\/\/hense-systeme.com\/fr\/","logo":{"@type":"ImageObject","inLanguage":"fr-FR","@id":"https:\/\/hense-systeme.com\/fr\/#\/schema\/logo\/image\/","url":"https:\/\/hense-systeme.com\/wp-content\/uploads\/2024\/02\/hense_logo.svg","contentUrl":"https:\/\/hense-systeme.com\/wp-content\/uploads\/2024\/02\/hense_logo.svg","width":241,"height":76,"caption":"Hense Systemtechnik GmbH &amp; Co. KG"},"image":{"@id":"https:\/\/hense-systeme.com\/fr\/#\/schema\/logo\/image\/"}}]}},"_links":{"self":[{"href":"https:\/\/hense-systeme.com\/fr\/wp-json\/wp\/v2\/pages\/6013","targetHints":{"allow":["GET"]}}],"collection":[{"href":"https:\/\/hense-systeme.com\/fr\/wp-json\/wp\/v2\/pages"}],"about":[{"href":"https:\/\/hense-systeme.com\/fr\/wp-json\/wp\/v2\/types\/page"}],"author":[{"embeddable":true,"href":"https:\/\/hense-systeme.com\/fr\/wp-json\/wp\/v2\/users\/1"}],"replies":[{"embeddable":true,"href":"https:\/\/hense-systeme.com\/fr\/wp-json\/wp\/v2\/comments?post=6013"}],"version-history":[{"count":5,"href":"https:\/\/hense-systeme.com\/fr\/wp-json\/wp\/v2\/pages\/6013\/revisions"}],"predecessor-version":[{"id":9085,"href":"https:\/\/hense-systeme.com\/fr\/wp-json\/wp\/v2\/pages\/6013\/revisions\/9085"}],"up":[{"embeddable":true,"href":"https:\/\/hense-systeme.com\/fr\/wp-json\/wp\/v2\/pages\/6081"}],"wp:featuredmedia":[{"embeddable":true,"href":"https:\/\/hense-systeme.com\/fr\/wp-json\/wp\/v2\/media\/6019"}],"wp:attachment":[{"href":"https:\/\/hense-systeme.com\/fr\/wp-json\/wp\/v2\/media?parent=6013"}],"curies":[{"name":"wp","href":"https:\/\/api.w.org\/{rel}","templated":true}]}}