{"id":6235,"date":"2024-02-07T14:22:26","date_gmt":"2024-02-07T13:22:26","guid":{"rendered":"https:\/\/hense.pixel-tal.de\/mentions-legales\/"},"modified":"2024-10-23T10:03:29","modified_gmt":"2024-10-23T08:03:29","slug":"mentions-legales","status":"publish","type":"page","link":"https:\/\/hense-systeme.com\/fr\/mentions-legales\/","title":{"rendered":"Mentions l\u00e9gales"},"content":{"rendered":"<section id=\"5189a815\" class=\"gb-section gb-container gb-container-5189a815\" data-container-type=\"section\" data-theme=\"dark\">\n<div id=\"41dc41e1\" class=\"gb-inner-section gb-container gb-container-41dc41e1\" data-container-type=\"container\" data-theme=\"inherit\">\n\n<div class=\"wp-block-pixel-headline headlines --subheadline-top has-text-align-left\"><h1 class=\"headline\" style=\"color:var(--base-3)\">Hense Systeme GmbH &amp; Co. KG<\/h1><span class=\"subheadline\" style=\"color:var(--global-color-gruen)\">Mentions l\u00e9gales<\/span><\/div>\n\n<\/div>\n<\/section>\n\n<section id=\"6bc19798\" class=\"gb-section gb-container gb-container-6bc19798\" data-container-type=\"section\" data-theme=\"dark\" style=\"--section-padding-top:0;\">\n<section id=\"cb70e263\" class=\"gb-inner-section gb-container gb-container-cb70e263\" data-container-type=\"container\" data-theme=\"inherit\" style=\"--section-padding-top:0;\">\n<div class=\"gb-grid-wrapper gb-grid-wrapper-98a529bf\">\n<div class=\"gb-grid-column gb-grid-column-a04930f8\"><div id=\"a04930f8\" class=\"gb-container gb-container-a04930f8\" data-container-type=\"container\" data-theme=\"inherit\">\n\n<p class=\"wp-block-paragraph\"><strong>Hense Systeme GmbH &amp; Co. KG<\/strong><br>Rue Flottmann 55<br>44807 Bochum<br>Allemagne<\/p>\n\n\n\n<p class=\"wp-block-paragraph\">T\u00e9l\u00e9phone : <a href=\"tel:+49%20234%2095388-0\" target=\"_blank\" rel=\"nofollow\">+49 234 95388-0<\/a><br>T\u00e9l\u00e9copieur : +49 234 95388-50<br>Courrier \u00e9lectronique : <a href=\"mailto:service@hense-systeme.de\" target=\"_blank\" rel=\"nofollow\">service@hense-systeme.de<\/a><\/p>\n\n\n\n<p class=\"wp-block-paragraph\"><strong>Repr\u00e9sentant l\u00e9gal :<\/strong><br>Christian Sartor<\/p>\n\n\n\n<p class=\"wp-block-paragraph\"><strong>Responsable du contenu :<\/strong><br>Rolf Winzen<\/p>\n\n\n\n<p class=\"wp-block-paragraph\"><strong>Num\u00e9ro de TVA intracommunautaire :<\/strong><br>FR 812782196<\/p>\n\n\n\n<p class=\"wp-block-paragraph\"><strong>Registre du commerce :<\/strong><br>HRA 4063<\/p>\n\n\n\n<p class=\"wp-block-paragraph\"><strong>Tribunal comp\u00e9tent :<\/strong><br>Tribunal d&#8217;instance de Bochum<\/p>\n\n<\/div><\/div>\n\n<div class=\"gb-grid-column gb-grid-column-dd3f3e31\"><div id=\"dd3f3e31\" class=\"gb-container gb-container-dd3f3e31\" data-container-type=\"container\" data-theme=\"inherit\">\n\n<div class=\"wp-block-pixel-headline headlines --subheadline-top has-text-align-left\"><h3 class=\"headline\" style=\"color:\">Clause de non-responsabilit\u00e9<\/h3><\/div>\n\n\n\n<div class=\"wp-block-pixel-headline headlines --subheadline-top has-text-align-left\"><h4 class=\"headline\" style=\"color:\">1. contenu de l&#8217;offre en ligne<\/h4><\/div>\n\n\n\n<p class=\"wp-block-paragraph\">L&#8217;auteur n&#8217;assume aucune responsabilit\u00e9 quant \u00e0 l&#8217;actualit\u00e9, l&#8217;exactitude, l&#8217;exhaustivit\u00e9 ou la qualit\u00e9 des informations mises \u00e0 disposition. La responsabilit\u00e9 de l&#8217;auteur ne saurait \u00eatre engag\u00e9e en cas de dommages mat\u00e9riels ou immat\u00e9riels caus\u00e9s par l&#8217;utilisation ou la non-utilisation des informations pr\u00e9sent\u00e9es ou par l&#8217;utilisation d&#8217;informations erron\u00e9es ou incompl\u00e8tes, dans la mesure o\u00f9 il n&#8217;est pas prouv\u00e9 que l&#8217;auteur a commis une faute intentionnelle ou une n\u00e9gligence grave. Toutes les offres sont sans engagement et non contractuelles. L&#8217;auteur se r\u00e9serve express\u00e9ment le droit de modifier, de compl\u00e9ter ou de supprimer des parties de pages ou l&#8217;ensemble de l&#8217;offre sans avis pr\u00e9alable, ou d&#8217;en suspendre temporairement ou d\u00e9finitivement la publication.<\/p>\n\n\n\n<div class=\"wp-block-pixel-headline headlines --subheadline-top has-text-align-left\"><h4 class=\"headline\" style=\"color:\">2. r\u00e9f\u00e9rences et liens<\/h4><\/div>\n\n\n\n<p class=\"wp-block-paragraph\">En cas de renvois directs ou indirects \u00e0 des sites Internet \u00e9trangers (&#8220;hyperliens&#8221;) qui ne rel\u00e8vent pas de la responsabilit\u00e9 de l&#8217;auteur, une obligation de responsabilit\u00e9 entrerait exclusivement en vigueur dans le cas o\u00f9 l&#8217;auteur aurait connaissance des contenus et qu&#8217;il lui serait techniquement possible et raisonnable d&#8217;emp\u00eacher l&#8217;utilisation en cas de contenus ill\u00e9gaux. L&#8217;auteur d\u00e9clare express\u00e9ment par la pr\u00e9sente qu&#8217;au moment de l&#8217;\u00e9tablissement des liens, aucun contenu ill\u00e9gal n&#8217;\u00e9tait identifiable sur les pages \u00e0 relier. L&#8217;auteur n&#8217;a aucune influence sur la conception actuelle et future, les contenus ou la paternit\u00e9 des pages li\u00e9es\/associ\u00e9es. C&#8217;est pourquoi il se distancie express\u00e9ment par la pr\u00e9sente de tous les contenus de toutes les pages li\u00e9es\/associ\u00e9es qui ont \u00e9t\u00e9 modifi\u00e9es apr\u00e8s la cr\u00e9ation du lien. Cette constatation s&#8217;applique \u00e0 tous les liens et renvois plac\u00e9s au sein de la propre offre Internet ainsi qu&#8217;aux inscriptions de tiers dans les livres d&#8217;or, forums de discussion, r\u00e9pertoires de liens, listes de diffusion et dans toutes les autres formes de banques de donn\u00e9es cr\u00e9\u00e9es par l&#8217;auteur et dont le contenu peut \u00eatre modifi\u00e9 par des tiers. Seul le fournisseur de la page \u00e0 laquelle il a \u00e9t\u00e9 renvoy\u00e9 est responsable des contenus ill\u00e9gaux, erron\u00e9s ou incomplets et en particulier des dommages r\u00e9sultant de l&#8217;utilisation ou de la non-utilisation des informations ainsi pr\u00e9sent\u00e9es, et non celui qui ne fait que renvoyer \u00e0 la publication concern\u00e9e par le biais de liens.<\/p>\n\n\n\n<div class=\"wp-block-pixel-headline headlines --subheadline-top has-text-align-left\"><h4 class=\"headline\" style=\"color:\">3. droit d&#8217;auteur et droit des signes distinctifs<\/h4><\/div>\n\n\n\n<p class=\"wp-block-paragraph\">L&#8217;auteur s&#8217;efforce de respecter dans toutes les publications les droits d&#8217;auteur des graphiques, documents sonores, s\u00e9quences vid\u00e9o et textes utilis\u00e9s, d&#8217;utiliser des graphiques, documents sonores, s\u00e9quences vid\u00e9o et textes qu&#8217;il a lui-m\u00eame cr\u00e9\u00e9s ou de recourir \u00e0 des graphiques, documents sonores, s\u00e9quences vid\u00e9o et textes libres de droits. Toutes les marques et marques d\u00e9pos\u00e9es mentionn\u00e9es dans l&#8217;offre Internet et \u00e9ventuellement prot\u00e9g\u00e9es par des tiers sont soumises sans restriction aux dispositions du droit des marques en vigueur et aux droits de propri\u00e9t\u00e9 des propri\u00e9taires enregistr\u00e9s respectifs. La simple mention d&#8217;une marque ne permet pas de conclure qu&#8217;elle n&#8217;est pas prot\u00e9g\u00e9e par des droits de tiers ! Le copyright des objets publi\u00e9s et cr\u00e9\u00e9s par l&#8217;auteur lui-m\u00eame reste la propri\u00e9t\u00e9 exclusive de l&#8217;auteur des pages. Toute reproduction ou utilisation de tels graphiques, documents sonores, s\u00e9quences vid\u00e9o et textes dans d&#8217;autres publications \u00e9lectroniques ou imprim\u00e9es est interdite sans l&#8217;autorisation expresse de l&#8217;auteur.<\/p>\n\n\n\n<div class=\"wp-block-pixel-headline headlines --subheadline-top has-text-align-left\"><h4 class=\"headline\" style=\"color:\">4. protection des donn\u00e9es<\/h4><\/div>\n\n\n\n<p class=\"wp-block-paragraph\">Dans la mesure o\u00f9 l&#8217;offre Internet permet d&#8217;entrer des donn\u00e9es personnelles ou professionnelles (adresses e-mail, noms, adresses), la divulgation de ces donn\u00e9es par l&#8217;utilisateur se fait express\u00e9ment sur une base volontaire. L&#8217;utilisation et le paiement de tous les services propos\u00e9s sont \u00e9galement autoris\u00e9s &#8211; dans la mesure o\u00f9 cela est techniquement possible et raisonnable &#8211; sans indication de telles donn\u00e9es ou en indiquant des donn\u00e9es anonymes ou un pseudonyme. L&#8217;utilisation par des tiers des donn\u00e9es de contact publi\u00e9es dans le cadre des mentions l\u00e9gales ou d&#8217;indications comparables, telles que les adresses postales, les num\u00e9ros de t\u00e9l\u00e9phone et de fax ainsi que les adresses e-mail, pour l&#8217;envoi d&#8217;informations non express\u00e9ment demand\u00e9es est interdite. Nous nous r\u00e9servons express\u00e9ment le droit d&#8217;engager des poursuites judiciaires contre les exp\u00e9diteurs de ce que l&#8217;on appelle des spams en cas de violation de cette interdiction.<\/p>\n\n\n\n<div class=\"wp-block-pixel-headline headlines --subheadline-top has-text-align-left\"><h4 class=\"headline\" style=\"color:\">5) Validit\u00e9 juridique de la pr\u00e9sente clause de non-responsabilit\u00e9<\/h4><\/div>\n\n\n\n<p class=\"wp-block-paragraph\">Cette exclusion de responsabilit\u00e9 doit \u00eatre consid\u00e9r\u00e9e comme faisant partie de l&#8217;offre Internet \u00e0 partir de laquelle il a \u00e9t\u00e9 renvoy\u00e9 \u00e0 cette page. Si des parties ou certaines formulations de ce texte ne devaient pas, plus ou pas enti\u00e8rement correspondre \u00e0 la situation juridique en vigueur, les autres parties du document n&#8217;en seraient pas affect\u00e9es dans leur contenu et leur validit\u00e9.<\/p>\n\n\n\n<div class=\"wp-block-pixel-headline headlines --subheadline-top has-text-align-left\"><h4 class=\"headline\" style=\"color:\">6. Google Analytics<\/h4><\/div>\n\n\n\n<p class=\"wp-block-paragraph\">Ce site web utilise Google Analytics, un service d&#8217;analyse web de Google Inc. (&#8220;Google&#8221;). Google Analytics utilise des &#8220;cookies&#8221;, des fichiers texte qui sont enregistr\u00e9s sur votre ordinateur et qui permettent d&#8217;analyser votre utilisation du site web. Les informations g\u00e9n\u00e9r\u00e9es par le cookie concernant votre utilisation de ce site web sont g\u00e9n\u00e9ralement transmises \u00e0 un serveur de Google aux \u00c9tats-Unis et y sont enregistr\u00e9es. Si l&#8217;anonymisation IP est activ\u00e9e sur ce site, votre adresse IP sera toutefois pr\u00e9alablement abr\u00e9g\u00e9e par Google dans les \u00c9tats membres de l&#8217;Union europ\u00e9enne ou dans d&#8217;autres \u00c9tats parties \u00e0 l&#8217;accord sur l&#8217;Espace \u00e9conomique europ\u00e9en. Ce n&#8217;est que dans des cas exceptionnels que l&#8217;adresse IP compl\u00e8te est transmise \u00e0 un serveur de Google aux \u00c9tats-Unis et y est raccourcie. Google utilisera ces informations pour le compte de l&#8217;exploitant de ce site web afin d&#8217;\u00e9valuer votre utilisation du site web, de compiler des rapports sur les activit\u00e9s du site web et de fournir \u00e0 l&#8217;exploitant du site web d&#8217;autres services li\u00e9s \u00e0 l&#8217;utilisation du site web et d&#8217;Internet. L&#8217;adresse IP transmise par votre navigateur dans le cadre de Google Analytics n&#8217;est pas recoup\u00e9e avec d&#8217;autres donn\u00e9es de Google. Vous pouvez emp\u00eacher l&#8217;enregistrement des cookies en param\u00e9trant votre logiciel de navigation en cons\u00e9quence ; nous attirons toutefois votre attention sur le fait que, dans ce cas, vous ne pourrez peut-\u00eatre pas utiliser toutes les fonctions de ce site web dans leur int\u00e9gralit\u00e9. Vous pouvez en outre emp\u00eacher la saisie par Google des donn\u00e9es g\u00e9n\u00e9r\u00e9es par le cookie et se rapportant \u00e0 votre utilisation du site web (y compris votre adresse IP) ainsi que le traitement de ces donn\u00e9es par Google en <a href=\"https:\/\/tools.google.com\/dlpage\/gaoptout?hl=de\" target=\"_blank\" rel=\"noreferrer noopener nofollow\">t\u00e9l\u00e9chargeant et en installant<\/a> le plug-in de navigateur disponible sous le lien suivant.<\/p>\n\n<\/div><\/div>\n<\/div>\n<\/section>\n<\/section>","protected":false},"excerpt":{"rendered":"","protected":false},"author":1,"featured_media":0,"parent":0,"menu_order":16,"comment_status":"closed","ping_status":"closed","template":"","meta":{"_acf_changed":false,"_crdt_document":"","footnotes":""},"class_list":{"0":"post-6235","1":"page","2":"type-page","3":"status-publish","5":"no-featured-image-padding"},"acf":[],"yoast_head":"<!-- This site is optimized with the Yoast SEO plugin v27.3 - https:\/\/yoast.com\/product\/yoast-seo-wordpress\/ -->\n<title>Mentions l\u00e9gales - Hense Systemtechnik GmbH &amp; Co. KG<\/title>\n<meta name=\"robots\" content=\"index, follow, max-snippet:-1, max-image-preview:large, max-video-preview:-1\" \/>\n<link rel=\"canonical\" href=\"https:\/\/hense-systeme.com\/fr\/mentions-legales\/\" \/>\n<meta property=\"og:locale\" content=\"fr_FR\" \/>\n<meta property=\"og:type\" content=\"article\" \/>\n<meta property=\"og:title\" content=\"Mentions l\u00e9gales - Hense Systemtechnik GmbH &amp; Co. KG\" \/>\n<meta property=\"og:url\" content=\"https:\/\/hense-systeme.com\/fr\/mentions-legales\/\" \/>\n<meta property=\"og:site_name\" content=\"Hense Systemtechnik GmbH &amp; Co. KG\" \/>\n<meta property=\"article:modified_time\" content=\"2024-10-23T08:03:29+00:00\" \/>\n<meta name=\"twitter:card\" content=\"summary_large_image\" \/>\n<meta name=\"twitter:label1\" content=\"Dur\u00e9e de lecture estim\u00e9e\" \/>\n\t<meta name=\"twitter:data1\" content=\"6 minutes\" \/>\n<script type=\"application\/ld+json\" class=\"yoast-schema-graph\">{\"@context\":\"https:\\\/\\\/schema.org\",\"@graph\":[{\"@type\":\"WebPage\",\"@id\":\"https:\\\/\\\/hense-systeme.com\\\/fr\\\/mentions-legales\\\/\",\"url\":\"https:\\\/\\\/hense-systeme.com\\\/fr\\\/mentions-legales\\\/\",\"name\":\"Mentions l\u00e9gales - Hense Systemtechnik GmbH &amp; Co. KG\",\"isPartOf\":{\"@id\":\"https:\\\/\\\/hense-systeme.com\\\/fr\\\/#website\"},\"datePublished\":\"2024-02-07T13:22:26+00:00\",\"dateModified\":\"2024-10-23T08:03:29+00:00\",\"breadcrumb\":{\"@id\":\"https:\\\/\\\/hense-systeme.com\\\/fr\\\/mentions-legales\\\/#breadcrumb\"},\"inLanguage\":\"fr-FR\",\"potentialAction\":[{\"@type\":\"ReadAction\",\"target\":[\"https:\\\/\\\/hense-systeme.com\\\/fr\\\/mentions-legales\\\/\"]}]},{\"@type\":\"BreadcrumbList\",\"@id\":\"https:\\\/\\\/hense-systeme.com\\\/fr\\\/mentions-legales\\\/#breadcrumb\",\"itemListElement\":[{\"@type\":\"ListItem\",\"position\":1,\"name\":\"Startseite\",\"item\":\"https:\\\/\\\/hense-systeme.com\\\/fr\\\/\"},{\"@type\":\"ListItem\",\"position\":2,\"name\":\"Mentions l\u00e9gales\"}]},{\"@type\":\"WebSite\",\"@id\":\"https:\\\/\\\/hense-systeme.com\\\/fr\\\/#website\",\"url\":\"https:\\\/\\\/hense-systeme.com\\\/fr\\\/\",\"name\":\"Hense Systemtechnik GmbH &amp; Co. KG\",\"description\":\"\",\"publisher\":{\"@id\":\"https:\\\/\\\/hense-systeme.com\\\/fr\\\/#organization\"},\"potentialAction\":[{\"@type\":\"SearchAction\",\"target\":{\"@type\":\"EntryPoint\",\"urlTemplate\":\"https:\\\/\\\/hense-systeme.com\\\/fr\\\/?s={search_term_string}\"},\"query-input\":{\"@type\":\"PropertyValueSpecification\",\"valueRequired\":true,\"valueName\":\"search_term_string\"}}],\"inLanguage\":\"fr-FR\"},{\"@type\":\"Organization\",\"@id\":\"https:\\\/\\\/hense-systeme.com\\\/fr\\\/#organization\",\"name\":\"Hense Systemtechnik GmbH &amp; Co. KG\",\"url\":\"https:\\\/\\\/hense-systeme.com\\\/fr\\\/\",\"logo\":{\"@type\":\"ImageObject\",\"inLanguage\":\"fr-FR\",\"@id\":\"https:\\\/\\\/hense-systeme.com\\\/fr\\\/#\\\/schema\\\/logo\\\/image\\\/\",\"url\":\"https:\\\/\\\/hense-systeme.com\\\/wp-content\\\/uploads\\\/2024\\\/02\\\/hense_logo.svg\",\"contentUrl\":\"https:\\\/\\\/hense-systeme.com\\\/wp-content\\\/uploads\\\/2024\\\/02\\\/hense_logo.svg\",\"width\":241,\"height\":76,\"caption\":\"Hense Systemtechnik GmbH &amp; Co. KG\"},\"image\":{\"@id\":\"https:\\\/\\\/hense-systeme.com\\\/fr\\\/#\\\/schema\\\/logo\\\/image\\\/\"}}]}<\/script>\n<!-- \/ Yoast SEO plugin. -->","yoast_head_json":{"title":"Mentions l\u00e9gales - Hense Systemtechnik GmbH &amp; Co. KG","robots":{"index":"index","follow":"follow","max-snippet":"max-snippet:-1","max-image-preview":"max-image-preview:large","max-video-preview":"max-video-preview:-1"},"canonical":"https:\/\/hense-systeme.com\/fr\/mentions-legales\/","og_locale":"fr_FR","og_type":"article","og_title":"Mentions l\u00e9gales - Hense Systemtechnik GmbH &amp; Co. KG","og_url":"https:\/\/hense-systeme.com\/fr\/mentions-legales\/","og_site_name":"Hense Systemtechnik GmbH &amp; Co. KG","article_modified_time":"2024-10-23T08:03:29+00:00","twitter_card":"summary_large_image","twitter_misc":{"Dur\u00e9e de lecture estim\u00e9e":"6 minutes"},"schema":{"@context":"https:\/\/schema.org","@graph":[{"@type":"WebPage","@id":"https:\/\/hense-systeme.com\/fr\/mentions-legales\/","url":"https:\/\/hense-systeme.com\/fr\/mentions-legales\/","name":"Mentions l\u00e9gales - Hense Systemtechnik GmbH &amp; Co. KG","isPartOf":{"@id":"https:\/\/hense-systeme.com\/fr\/#website"},"datePublished":"2024-02-07T13:22:26+00:00","dateModified":"2024-10-23T08:03:29+00:00","breadcrumb":{"@id":"https:\/\/hense-systeme.com\/fr\/mentions-legales\/#breadcrumb"},"inLanguage":"fr-FR","potentialAction":[{"@type":"ReadAction","target":["https:\/\/hense-systeme.com\/fr\/mentions-legales\/"]}]},{"@type":"BreadcrumbList","@id":"https:\/\/hense-systeme.com\/fr\/mentions-legales\/#breadcrumb","itemListElement":[{"@type":"ListItem","position":1,"name":"Startseite","item":"https:\/\/hense-systeme.com\/fr\/"},{"@type":"ListItem","position":2,"name":"Mentions l\u00e9gales"}]},{"@type":"WebSite","@id":"https:\/\/hense-systeme.com\/fr\/#website","url":"https:\/\/hense-systeme.com\/fr\/","name":"Hense Systemtechnik GmbH &amp; Co. KG","description":"","publisher":{"@id":"https:\/\/hense-systeme.com\/fr\/#organization"},"potentialAction":[{"@type":"SearchAction","target":{"@type":"EntryPoint","urlTemplate":"https:\/\/hense-systeme.com\/fr\/?s={search_term_string}"},"query-input":{"@type":"PropertyValueSpecification","valueRequired":true,"valueName":"search_term_string"}}],"inLanguage":"fr-FR"},{"@type":"Organization","@id":"https:\/\/hense-systeme.com\/fr\/#organization","name":"Hense Systemtechnik GmbH &amp; Co. KG","url":"https:\/\/hense-systeme.com\/fr\/","logo":{"@type":"ImageObject","inLanguage":"fr-FR","@id":"https:\/\/hense-systeme.com\/fr\/#\/schema\/logo\/image\/","url":"https:\/\/hense-systeme.com\/wp-content\/uploads\/2024\/02\/hense_logo.svg","contentUrl":"https:\/\/hense-systeme.com\/wp-content\/uploads\/2024\/02\/hense_logo.svg","width":241,"height":76,"caption":"Hense Systemtechnik GmbH &amp; Co. KG"},"image":{"@id":"https:\/\/hense-systeme.com\/fr\/#\/schema\/logo\/image\/"}}]}},"_links":{"self":[{"href":"https:\/\/hense-systeme.com\/fr\/wp-json\/wp\/v2\/pages\/6235","targetHints":{"allow":["GET"]}}],"collection":[{"href":"https:\/\/hense-systeme.com\/fr\/wp-json\/wp\/v2\/pages"}],"about":[{"href":"https:\/\/hense-systeme.com\/fr\/wp-json\/wp\/v2\/types\/page"}],"author":[{"embeddable":true,"href":"https:\/\/hense-systeme.com\/fr\/wp-json\/wp\/v2\/users\/1"}],"replies":[{"embeddable":true,"href":"https:\/\/hense-systeme.com\/fr\/wp-json\/wp\/v2\/comments?post=6235"}],"version-history":[{"count":2,"href":"https:\/\/hense-systeme.com\/fr\/wp-json\/wp\/v2\/pages\/6235\/revisions"}],"predecessor-version":[{"id":9949,"href":"https:\/\/hense-systeme.com\/fr\/wp-json\/wp\/v2\/pages\/6235\/revisions\/9949"}],"wp:attachment":[{"href":"https:\/\/hense-systeme.com\/fr\/wp-json\/wp\/v2\/media?parent=6235"}],"curies":[{"name":"wp","href":"https:\/\/api.w.org\/{rel}","templated":true}]}}