{"id":6567,"date":"2024-02-13T14:02:55","date_gmt":"2024-02-13T13:02:55","guid":{"rendered":"https:\/\/hense.pixel-tal.de\/produkt\/serie-l-30\/"},"modified":"2024-04-08T15:17:00","modified_gmt":"2024-04-08T13:17:00","slug":"serie-l-30","status":"publish","type":"product","link":"https:\/\/hense-systeme.com\/fr\/produkt\/serie-l-30\/","title":{"rendered":"S\u00e9rie L-30"},"content":{"rendered":"<p>La s\u00e9rie L-30 se compose de notre entra\u00eenement hydraulique \u00e0 denture h\u00e9lico\u00efdale pour les fortes sollicitations ; elle est particuli\u00e8rement adapt\u00e9e aux environnements difficiles. La s\u00e9rie L-30 est cr\u00e9\u00e9e pour les applications qui n\u00e9cessitent une capacit\u00e9 de charge extr\u00eamement \u00e9lev\u00e9e et est disponible avec une option de montage sur pied ou sur bride avec une sortie \u00e0 bride. La technologie Sliding-Spline \u00e0 denture h\u00e9lico\u00efdale d&#8217;Helac n&#8217;est pas auto-verrouillante et offre, pour les applications exigeantes, \u00e0 la fois une grande r\u00e9sistance aux chocs et un couple de maintien \u00e9lev\u00e9.<\/p>\n<p>Elle fait office \u00e0 la fois de dispositif de rotation, de support de montage et de structure porteuse, ce qui \u00e9vite d&#8217;avoir recours \u00e0 des syst\u00e8mes de stockage externes, des freins ou des dispositifs de verrouillage. Disponible en dix tailles standard avec un couple de sortie allant jusqu&#8217;\u00e0 83.600 Nm \u00e0 210 bar.<\/p>","protected":false},"excerpt":{"rendered":"<p>La s\u00e9rie L-30 est parfaitement adapt\u00e9e aux fortes sollicitations ; en particulier dans les environnements difficiles. Disponible en dix tailles standard avec un couple de sortie allant jusqu&#8217;\u00e0 83.600 Nm \u00e0 210 bar.<\/p>\n","protected":false},"featured_media":7140,"parent":0,"template":"","product_applications":[],"product_category":[76],"class_list":["post-6567","product","type-product","status-publish","has-post-thumbnail","hentry","product_category-entrainements-pivotants-helac","no-featured-image-padding"],"acf":[],"yoast_head":"<!-- This site is optimized with the Yoast SEO plugin v27.3 - https:\/\/yoast.com\/product\/yoast-seo-wordpress\/ -->\n<title>S\u00e9rie L-30 - Hense Systemtechnik GmbH &amp; Co. KG<\/title>\n<meta name=\"robots\" content=\"index, follow, max-snippet:-1, max-image-preview:large, max-video-preview:-1\" \/>\n<link rel=\"canonical\" href=\"https:\/\/hense-systeme.com\/fr\/produkt\/serie-l-30\/\" \/>\n<meta property=\"og:locale\" content=\"fr_FR\" \/>\n<meta property=\"og:type\" content=\"article\" \/>\n<meta property=\"og:title\" content=\"S\u00e9rie L-30 - Hense Systemtechnik GmbH &amp; Co. KG\" \/>\n<meta property=\"og:description\" content=\"La s\u00e9rie L-30 est parfaitement adapt\u00e9e aux fortes sollicitations ; en particulier dans les environnements difficiles. Disponible en dix tailles standard avec un couple de sortie allant jusqu&#039;\u00e0 83.600 Nm \u00e0 210 bar.\" \/>\n<meta property=\"og:url\" content=\"https:\/\/hense-systeme.com\/fr\/produkt\/serie-l-30\/\" \/>\n<meta property=\"og:site_name\" content=\"Hense Systemtechnik GmbH &amp; Co. KG\" \/>\n<meta property=\"article:modified_time\" content=\"2024-04-08T13:17:00+00:00\" \/>\n<meta property=\"og:image\" content=\"https:\/\/hense-systeme.com\/wp-content\/uploads\/produkt_helac_l30_serie.png\" \/>\n\t<meta property=\"og:image:width\" content=\"467\" \/>\n\t<meta property=\"og:image:height\" content=\"382\" \/>\n\t<meta property=\"og:image:type\" content=\"image\/png\" \/>\n<meta name=\"twitter:card\" content=\"summary_large_image\" \/>\n<meta name=\"twitter:label1\" content=\"Dur\u00e9e de lecture estim\u00e9e\" \/>\n\t<meta name=\"twitter:data1\" content=\"1 minute\" \/>\n<script type=\"application\/ld+json\" class=\"yoast-schema-graph\">{\"@context\":\"https:\\\/\\\/schema.org\",\"@graph\":[{\"@type\":\"WebPage\",\"@id\":\"https:\\\/\\\/hense-systeme.com\\\/fr\\\/produkt\\\/serie-l-30\\\/\",\"url\":\"https:\\\/\\\/hense-systeme.com\\\/fr\\\/produkt\\\/serie-l-30\\\/\",\"name\":\"S\u00e9rie L-30 - Hense Systemtechnik GmbH &amp; Co. KG\",\"isPartOf\":{\"@id\":\"https:\\\/\\\/hense-systeme.com\\\/fr\\\/#website\"},\"primaryImageOfPage\":{\"@id\":\"https:\\\/\\\/hense-systeme.com\\\/fr\\\/produkt\\\/serie-l-30\\\/#primaryimage\"},\"image\":{\"@id\":\"https:\\\/\\\/hense-systeme.com\\\/fr\\\/produkt\\\/serie-l-30\\\/#primaryimage\"},\"thumbnailUrl\":\"https:\\\/\\\/hense-systeme.com\\\/wp-content\\\/uploads\\\/produkt_helac_l30_serie.png\",\"datePublished\":\"2024-02-13T13:02:55+00:00\",\"dateModified\":\"2024-04-08T13:17:00+00:00\",\"breadcrumb\":{\"@id\":\"https:\\\/\\\/hense-systeme.com\\\/fr\\\/produkt\\\/serie-l-30\\\/#breadcrumb\"},\"inLanguage\":\"fr-FR\",\"potentialAction\":[{\"@type\":\"ReadAction\",\"target\":[\"https:\\\/\\\/hense-systeme.com\\\/fr\\\/produkt\\\/serie-l-30\\\/\"]}]},{\"@type\":\"ImageObject\",\"inLanguage\":\"fr-FR\",\"@id\":\"https:\\\/\\\/hense-systeme.com\\\/fr\\\/produkt\\\/serie-l-30\\\/#primaryimage\",\"url\":\"https:\\\/\\\/hense-systeme.com\\\/wp-content\\\/uploads\\\/produkt_helac_l30_serie.png\",\"contentUrl\":\"https:\\\/\\\/hense-systeme.com\\\/wp-content\\\/uploads\\\/produkt_helac_l30_serie.png\",\"width\":467,\"height\":382},{\"@type\":\"BreadcrumbList\",\"@id\":\"https:\\\/\\\/hense-systeme.com\\\/fr\\\/produkt\\\/serie-l-30\\\/#breadcrumb\",\"itemListElement\":[{\"@type\":\"ListItem\",\"position\":1,\"name\":\"Startseite\",\"item\":\"https:\\\/\\\/hense-systeme.com\\\/fr\\\/\"},{\"@type\":\"ListItem\",\"position\":2,\"name\":\"Produkte\",\"item\":\"https:\\\/\\\/hense-systeme.com\\\/fr\\\/produkt\\\/\"},{\"@type\":\"ListItem\",\"position\":3,\"name\":\"S\u00e9rie L-30\"}]},{\"@type\":\"WebSite\",\"@id\":\"https:\\\/\\\/hense-systeme.com\\\/fr\\\/#website\",\"url\":\"https:\\\/\\\/hense-systeme.com\\\/fr\\\/\",\"name\":\"Hense Systemtechnik GmbH &amp; Co. KG\",\"description\":\"\",\"publisher\":{\"@id\":\"https:\\\/\\\/hense-systeme.com\\\/fr\\\/#organization\"},\"potentialAction\":[{\"@type\":\"SearchAction\",\"target\":{\"@type\":\"EntryPoint\",\"urlTemplate\":\"https:\\\/\\\/hense-systeme.com\\\/fr\\\/?s={search_term_string}\"},\"query-input\":{\"@type\":\"PropertyValueSpecification\",\"valueRequired\":true,\"valueName\":\"search_term_string\"}}],\"inLanguage\":\"fr-FR\"},{\"@type\":\"Organization\",\"@id\":\"https:\\\/\\\/hense-systeme.com\\\/fr\\\/#organization\",\"name\":\"Hense Systemtechnik GmbH &amp; Co. KG\",\"url\":\"https:\\\/\\\/hense-systeme.com\\\/fr\\\/\",\"logo\":{\"@type\":\"ImageObject\",\"inLanguage\":\"fr-FR\",\"@id\":\"https:\\\/\\\/hense-systeme.com\\\/fr\\\/#\\\/schema\\\/logo\\\/image\\\/\",\"url\":\"https:\\\/\\\/hense-systeme.com\\\/wp-content\\\/uploads\\\/2024\\\/02\\\/hense_logo.svg\",\"contentUrl\":\"https:\\\/\\\/hense-systeme.com\\\/wp-content\\\/uploads\\\/2024\\\/02\\\/hense_logo.svg\",\"width\":241,\"height\":76,\"caption\":\"Hense Systemtechnik GmbH &amp; Co. KG\"},\"image\":{\"@id\":\"https:\\\/\\\/hense-systeme.com\\\/fr\\\/#\\\/schema\\\/logo\\\/image\\\/\"}}]}<\/script>\n<!-- \/ Yoast SEO plugin. -->","yoast_head_json":{"title":"S\u00e9rie L-30 - Hense Systemtechnik GmbH &amp; Co. KG","robots":{"index":"index","follow":"follow","max-snippet":"max-snippet:-1","max-image-preview":"max-image-preview:large","max-video-preview":"max-video-preview:-1"},"canonical":"https:\/\/hense-systeme.com\/fr\/produkt\/serie-l-30\/","og_locale":"fr_FR","og_type":"article","og_title":"S\u00e9rie L-30 - Hense Systemtechnik GmbH &amp; Co. KG","og_description":"La s\u00e9rie L-30 est parfaitement adapt\u00e9e aux fortes sollicitations ; en particulier dans les environnements difficiles. Disponible en dix tailles standard avec un couple de sortie allant jusqu'\u00e0 83.600 Nm \u00e0 210 bar.","og_url":"https:\/\/hense-systeme.com\/fr\/produkt\/serie-l-30\/","og_site_name":"Hense Systemtechnik GmbH &amp; Co. KG","article_modified_time":"2024-04-08T13:17:00+00:00","og_image":[{"width":467,"height":382,"url":"https:\/\/hense-systeme.com\/wp-content\/uploads\/produkt_helac_l30_serie.png","type":"image\/png"}],"twitter_card":"summary_large_image","twitter_misc":{"Dur\u00e9e de lecture estim\u00e9e":"1 minute"},"schema":{"@context":"https:\/\/schema.org","@graph":[{"@type":"WebPage","@id":"https:\/\/hense-systeme.com\/fr\/produkt\/serie-l-30\/","url":"https:\/\/hense-systeme.com\/fr\/produkt\/serie-l-30\/","name":"S\u00e9rie L-30 - Hense Systemtechnik GmbH &amp; Co. KG","isPartOf":{"@id":"https:\/\/hense-systeme.com\/fr\/#website"},"primaryImageOfPage":{"@id":"https:\/\/hense-systeme.com\/fr\/produkt\/serie-l-30\/#primaryimage"},"image":{"@id":"https:\/\/hense-systeme.com\/fr\/produkt\/serie-l-30\/#primaryimage"},"thumbnailUrl":"https:\/\/hense-systeme.com\/wp-content\/uploads\/produkt_helac_l30_serie.png","datePublished":"2024-02-13T13:02:55+00:00","dateModified":"2024-04-08T13:17:00+00:00","breadcrumb":{"@id":"https:\/\/hense-systeme.com\/fr\/produkt\/serie-l-30\/#breadcrumb"},"inLanguage":"fr-FR","potentialAction":[{"@type":"ReadAction","target":["https:\/\/hense-systeme.com\/fr\/produkt\/serie-l-30\/"]}]},{"@type":"ImageObject","inLanguage":"fr-FR","@id":"https:\/\/hense-systeme.com\/fr\/produkt\/serie-l-30\/#primaryimage","url":"https:\/\/hense-systeme.com\/wp-content\/uploads\/produkt_helac_l30_serie.png","contentUrl":"https:\/\/hense-systeme.com\/wp-content\/uploads\/produkt_helac_l30_serie.png","width":467,"height":382},{"@type":"BreadcrumbList","@id":"https:\/\/hense-systeme.com\/fr\/produkt\/serie-l-30\/#breadcrumb","itemListElement":[{"@type":"ListItem","position":1,"name":"Startseite","item":"https:\/\/hense-systeme.com\/fr\/"},{"@type":"ListItem","position":2,"name":"Produkte","item":"https:\/\/hense-systeme.com\/fr\/produkt\/"},{"@type":"ListItem","position":3,"name":"S\u00e9rie L-30"}]},{"@type":"WebSite","@id":"https:\/\/hense-systeme.com\/fr\/#website","url":"https:\/\/hense-systeme.com\/fr\/","name":"Hense Systemtechnik GmbH &amp; Co. KG","description":"","publisher":{"@id":"https:\/\/hense-systeme.com\/fr\/#organization"},"potentialAction":[{"@type":"SearchAction","target":{"@type":"EntryPoint","urlTemplate":"https:\/\/hense-systeme.com\/fr\/?s={search_term_string}"},"query-input":{"@type":"PropertyValueSpecification","valueRequired":true,"valueName":"search_term_string"}}],"inLanguage":"fr-FR"},{"@type":"Organization","@id":"https:\/\/hense-systeme.com\/fr\/#organization","name":"Hense Systemtechnik GmbH &amp; Co. KG","url":"https:\/\/hense-systeme.com\/fr\/","logo":{"@type":"ImageObject","inLanguage":"fr-FR","@id":"https:\/\/hense-systeme.com\/fr\/#\/schema\/logo\/image\/","url":"https:\/\/hense-systeme.com\/wp-content\/uploads\/2024\/02\/hense_logo.svg","contentUrl":"https:\/\/hense-systeme.com\/wp-content\/uploads\/2024\/02\/hense_logo.svg","width":241,"height":76,"caption":"Hense Systemtechnik GmbH &amp; Co. KG"},"image":{"@id":"https:\/\/hense-systeme.com\/fr\/#\/schema\/logo\/image\/"}}]}},"_links":{"self":[{"href":"https:\/\/hense-systeme.com\/fr\/wp-json\/wp\/v2\/product\/6567","targetHints":{"allow":["GET"]}}],"collection":[{"href":"https:\/\/hense-systeme.com\/fr\/wp-json\/wp\/v2\/product"}],"about":[{"href":"https:\/\/hense-systeme.com\/fr\/wp-json\/wp\/v2\/types\/product"}],"version-history":[{"count":1,"href":"https:\/\/hense-systeme.com\/fr\/wp-json\/wp\/v2\/product\/6567\/revisions"}],"predecessor-version":[{"id":7141,"href":"https:\/\/hense-systeme.com\/fr\/wp-json\/wp\/v2\/product\/6567\/revisions\/7141"}],"wp:featuredmedia":[{"embeddable":true,"href":"https:\/\/hense-systeme.com\/fr\/wp-json\/wp\/v2\/media\/7140"}],"wp:attachment":[{"href":"https:\/\/hense-systeme.com\/fr\/wp-json\/wp\/v2\/media?parent=6567"}],"wp:term":[{"taxonomy":"product_applications","embeddable":true,"href":"https:\/\/hense-systeme.com\/fr\/wp-json\/wp\/v2\/product_applications?post=6567"},{"taxonomy":"product_category","embeddable":true,"href":"https:\/\/hense-systeme.com\/fr\/wp-json\/wp\/v2\/product_category?post=6567"}],"curies":[{"name":"wp","href":"https:\/\/api.w.org\/{rel}","templated":true}]}}