{"id":6570,"date":"2024-02-13T14:02:55","date_gmt":"2024-02-13T13:02:55","guid":{"rendered":"https:\/\/hense.pixel-tal.de\/produkt\/serie-l-10\/"},"modified":"2024-04-08T15:17:00","modified_gmt":"2024-04-08T13:17:00","slug":"serie-l-10","status":"publish","type":"product","link":"https:\/\/hense-systeme.com\/fr\/produkt\/serie-l-10\/","title":{"rendered":"S\u00e9rie L-10"},"content":{"rendered":"<p>La s\u00e9rie L-10 dispose de notre entra\u00eenement hydraulique \u00e0 denture h\u00e9lico\u00efdale le plus petit et le plus compact. Avec sa capacit\u00e9 de charge axiale extr\u00eamement \u00e9lev\u00e9e dans un design \u00e9troit et cylindrique avec montage et entra\u00eenement par bride, la s\u00e9rie L-10 ultracompacte est id\u00e9ale pour les applications o\u00f9 l&#8217;espace est limit\u00e9. La technologie hydraulique Sliding-Spline \u00e0 denture h\u00e9lico\u00efdale d&#8217;Helac n&#8217;est pas autobloquante et offre, pour les applications exigeantes, \u00e0 la fois une grande r\u00e9sistance aux chocs et un couple de maintien \u00e9lev\u00e9.<\/p>\n<p>La s\u00e9rie L-10 fonctionne \u00e0 la fois comme un dispositif de rotation, un support de montage et une structure de support, ce qui \u00e9vite d&#8217;avoir recours \u00e0 des syst\u00e8mes de stockage externes, des freins ou des dispositifs de verrouillage. Disponible en cinq tailles standard avec un couple de sortie allant jusqu&#8217;\u00e0 2.825 Nm \u00e0 210 bar.<\/p>","protected":false},"excerpt":{"rendered":"<p>La s\u00e9rie L-10 dispose de notre entra\u00eenement hydraulique \u00e0 denture h\u00e9lico\u00efdale le plus petit et le plus compact. Disponible en cinq tailles standard avec un couple de sortie allant jusqu&#8217;\u00e0 2.825 Nm \u00e0 210 bar.<\/p>\n","protected":false},"featured_media":7170,"parent":0,"template":"","product_applications":[],"product_category":[76],"class_list":["post-6570","product","type-product","status-publish","has-post-thumbnail","hentry","product_category-entrainements-pivotants-helac","no-featured-image-padding"],"acf":[],"yoast_head":"<!-- This site is optimized with the Yoast SEO plugin v27.3 - https:\/\/yoast.com\/product\/yoast-seo-wordpress\/ -->\n<title>S\u00e9rie L-10 - Hense Systemtechnik GmbH &amp; Co. KG<\/title>\n<meta name=\"robots\" content=\"index, follow, max-snippet:-1, max-image-preview:large, max-video-preview:-1\" \/>\n<link rel=\"canonical\" href=\"https:\/\/hense-systeme.com\/fr\/produkt\/serie-l-10\/\" \/>\n<meta property=\"og:locale\" content=\"fr_FR\" \/>\n<meta property=\"og:type\" content=\"article\" \/>\n<meta property=\"og:title\" content=\"S\u00e9rie L-10 - Hense Systemtechnik GmbH &amp; Co. KG\" \/>\n<meta property=\"og:description\" content=\"La s\u00e9rie L-10 dispose de notre entra\u00eenement hydraulique \u00e0 denture h\u00e9lico\u00efdale le plus petit et le plus compact. Disponible en cinq tailles standard avec un couple de sortie allant jusqu&#039;\u00e0 2.825 Nm \u00e0 210 bar.\" \/>\n<meta property=\"og:url\" content=\"https:\/\/hense-systeme.com\/fr\/produkt\/serie-l-10\/\" \/>\n<meta property=\"og:site_name\" content=\"Hense Systemtechnik GmbH &amp; Co. KG\" \/>\n<meta property=\"article:modified_time\" content=\"2024-04-08T13:17:00+00:00\" \/>\n<meta property=\"og:image\" content=\"https:\/\/hense-systeme.com\/wp-content\/uploads\/produkt_helac_l10_serie.png\" \/>\n\t<meta property=\"og:image:width\" content=\"467\" \/>\n\t<meta property=\"og:image:height\" content=\"437\" \/>\n\t<meta property=\"og:image:type\" content=\"image\/png\" \/>\n<meta name=\"twitter:card\" content=\"summary_large_image\" \/>\n<meta name=\"twitter:label1\" content=\"Dur\u00e9e de lecture estim\u00e9e\" \/>\n\t<meta name=\"twitter:data1\" content=\"1 minute\" \/>\n<script type=\"application\/ld+json\" class=\"yoast-schema-graph\">{\"@context\":\"https:\\\/\\\/schema.org\",\"@graph\":[{\"@type\":\"WebPage\",\"@id\":\"https:\\\/\\\/hense-systeme.com\\\/fr\\\/produkt\\\/serie-l-10\\\/\",\"url\":\"https:\\\/\\\/hense-systeme.com\\\/fr\\\/produkt\\\/serie-l-10\\\/\",\"name\":\"S\u00e9rie L-10 - Hense Systemtechnik GmbH &amp; Co. KG\",\"isPartOf\":{\"@id\":\"https:\\\/\\\/hense-systeme.com\\\/fr\\\/#website\"},\"primaryImageOfPage\":{\"@id\":\"https:\\\/\\\/hense-systeme.com\\\/fr\\\/produkt\\\/serie-l-10\\\/#primaryimage\"},\"image\":{\"@id\":\"https:\\\/\\\/hense-systeme.com\\\/fr\\\/produkt\\\/serie-l-10\\\/#primaryimage\"},\"thumbnailUrl\":\"https:\\\/\\\/hense-systeme.com\\\/wp-content\\\/uploads\\\/produkt_helac_l10_serie.png\",\"datePublished\":\"2024-02-13T13:02:55+00:00\",\"dateModified\":\"2024-04-08T13:17:00+00:00\",\"breadcrumb\":{\"@id\":\"https:\\\/\\\/hense-systeme.com\\\/fr\\\/produkt\\\/serie-l-10\\\/#breadcrumb\"},\"inLanguage\":\"fr-FR\",\"potentialAction\":[{\"@type\":\"ReadAction\",\"target\":[\"https:\\\/\\\/hense-systeme.com\\\/fr\\\/produkt\\\/serie-l-10\\\/\"]}]},{\"@type\":\"ImageObject\",\"inLanguage\":\"fr-FR\",\"@id\":\"https:\\\/\\\/hense-systeme.com\\\/fr\\\/produkt\\\/serie-l-10\\\/#primaryimage\",\"url\":\"https:\\\/\\\/hense-systeme.com\\\/wp-content\\\/uploads\\\/produkt_helac_l10_serie.png\",\"contentUrl\":\"https:\\\/\\\/hense-systeme.com\\\/wp-content\\\/uploads\\\/produkt_helac_l10_serie.png\",\"width\":467,\"height\":437},{\"@type\":\"BreadcrumbList\",\"@id\":\"https:\\\/\\\/hense-systeme.com\\\/fr\\\/produkt\\\/serie-l-10\\\/#breadcrumb\",\"itemListElement\":[{\"@type\":\"ListItem\",\"position\":1,\"name\":\"Startseite\",\"item\":\"https:\\\/\\\/hense-systeme.com\\\/fr\\\/\"},{\"@type\":\"ListItem\",\"position\":2,\"name\":\"Produkte\",\"item\":\"https:\\\/\\\/hense-systeme.com\\\/fr\\\/produkt\\\/\"},{\"@type\":\"ListItem\",\"position\":3,\"name\":\"S\u00e9rie L-10\"}]},{\"@type\":\"WebSite\",\"@id\":\"https:\\\/\\\/hense-systeme.com\\\/fr\\\/#website\",\"url\":\"https:\\\/\\\/hense-systeme.com\\\/fr\\\/\",\"name\":\"Hense Systemtechnik GmbH &amp; Co. KG\",\"description\":\"\",\"publisher\":{\"@id\":\"https:\\\/\\\/hense-systeme.com\\\/fr\\\/#organization\"},\"potentialAction\":[{\"@type\":\"SearchAction\",\"target\":{\"@type\":\"EntryPoint\",\"urlTemplate\":\"https:\\\/\\\/hense-systeme.com\\\/fr\\\/?s={search_term_string}\"},\"query-input\":{\"@type\":\"PropertyValueSpecification\",\"valueRequired\":true,\"valueName\":\"search_term_string\"}}],\"inLanguage\":\"fr-FR\"},{\"@type\":\"Organization\",\"@id\":\"https:\\\/\\\/hense-systeme.com\\\/fr\\\/#organization\",\"name\":\"Hense Systemtechnik GmbH &amp; Co. KG\",\"url\":\"https:\\\/\\\/hense-systeme.com\\\/fr\\\/\",\"logo\":{\"@type\":\"ImageObject\",\"inLanguage\":\"fr-FR\",\"@id\":\"https:\\\/\\\/hense-systeme.com\\\/fr\\\/#\\\/schema\\\/logo\\\/image\\\/\",\"url\":\"https:\\\/\\\/hense-systeme.com\\\/wp-content\\\/uploads\\\/2024\\\/02\\\/hense_logo.svg\",\"contentUrl\":\"https:\\\/\\\/hense-systeme.com\\\/wp-content\\\/uploads\\\/2024\\\/02\\\/hense_logo.svg\",\"width\":241,\"height\":76,\"caption\":\"Hense Systemtechnik GmbH &amp; Co. KG\"},\"image\":{\"@id\":\"https:\\\/\\\/hense-systeme.com\\\/fr\\\/#\\\/schema\\\/logo\\\/image\\\/\"}}]}<\/script>\n<!-- \/ Yoast SEO plugin. -->","yoast_head_json":{"title":"S\u00e9rie L-10 - Hense Systemtechnik GmbH &amp; Co. KG","robots":{"index":"index","follow":"follow","max-snippet":"max-snippet:-1","max-image-preview":"max-image-preview:large","max-video-preview":"max-video-preview:-1"},"canonical":"https:\/\/hense-systeme.com\/fr\/produkt\/serie-l-10\/","og_locale":"fr_FR","og_type":"article","og_title":"S\u00e9rie L-10 - Hense Systemtechnik GmbH &amp; Co. KG","og_description":"La s\u00e9rie L-10 dispose de notre entra\u00eenement hydraulique \u00e0 denture h\u00e9lico\u00efdale le plus petit et le plus compact. Disponible en cinq tailles standard avec un couple de sortie allant jusqu'\u00e0 2.825 Nm \u00e0 210 bar.","og_url":"https:\/\/hense-systeme.com\/fr\/produkt\/serie-l-10\/","og_site_name":"Hense Systemtechnik GmbH &amp; Co. KG","article_modified_time":"2024-04-08T13:17:00+00:00","og_image":[{"width":467,"height":437,"url":"https:\/\/hense-systeme.com\/wp-content\/uploads\/produkt_helac_l10_serie.png","type":"image\/png"}],"twitter_card":"summary_large_image","twitter_misc":{"Dur\u00e9e de lecture estim\u00e9e":"1 minute"},"schema":{"@context":"https:\/\/schema.org","@graph":[{"@type":"WebPage","@id":"https:\/\/hense-systeme.com\/fr\/produkt\/serie-l-10\/","url":"https:\/\/hense-systeme.com\/fr\/produkt\/serie-l-10\/","name":"S\u00e9rie L-10 - Hense Systemtechnik GmbH &amp; Co. KG","isPartOf":{"@id":"https:\/\/hense-systeme.com\/fr\/#website"},"primaryImageOfPage":{"@id":"https:\/\/hense-systeme.com\/fr\/produkt\/serie-l-10\/#primaryimage"},"image":{"@id":"https:\/\/hense-systeme.com\/fr\/produkt\/serie-l-10\/#primaryimage"},"thumbnailUrl":"https:\/\/hense-systeme.com\/wp-content\/uploads\/produkt_helac_l10_serie.png","datePublished":"2024-02-13T13:02:55+00:00","dateModified":"2024-04-08T13:17:00+00:00","breadcrumb":{"@id":"https:\/\/hense-systeme.com\/fr\/produkt\/serie-l-10\/#breadcrumb"},"inLanguage":"fr-FR","potentialAction":[{"@type":"ReadAction","target":["https:\/\/hense-systeme.com\/fr\/produkt\/serie-l-10\/"]}]},{"@type":"ImageObject","inLanguage":"fr-FR","@id":"https:\/\/hense-systeme.com\/fr\/produkt\/serie-l-10\/#primaryimage","url":"https:\/\/hense-systeme.com\/wp-content\/uploads\/produkt_helac_l10_serie.png","contentUrl":"https:\/\/hense-systeme.com\/wp-content\/uploads\/produkt_helac_l10_serie.png","width":467,"height":437},{"@type":"BreadcrumbList","@id":"https:\/\/hense-systeme.com\/fr\/produkt\/serie-l-10\/#breadcrumb","itemListElement":[{"@type":"ListItem","position":1,"name":"Startseite","item":"https:\/\/hense-systeme.com\/fr\/"},{"@type":"ListItem","position":2,"name":"Produkte","item":"https:\/\/hense-systeme.com\/fr\/produkt\/"},{"@type":"ListItem","position":3,"name":"S\u00e9rie L-10"}]},{"@type":"WebSite","@id":"https:\/\/hense-systeme.com\/fr\/#website","url":"https:\/\/hense-systeme.com\/fr\/","name":"Hense Systemtechnik GmbH &amp; Co. KG","description":"","publisher":{"@id":"https:\/\/hense-systeme.com\/fr\/#organization"},"potentialAction":[{"@type":"SearchAction","target":{"@type":"EntryPoint","urlTemplate":"https:\/\/hense-systeme.com\/fr\/?s={search_term_string}"},"query-input":{"@type":"PropertyValueSpecification","valueRequired":true,"valueName":"search_term_string"}}],"inLanguage":"fr-FR"},{"@type":"Organization","@id":"https:\/\/hense-systeme.com\/fr\/#organization","name":"Hense Systemtechnik GmbH &amp; Co. KG","url":"https:\/\/hense-systeme.com\/fr\/","logo":{"@type":"ImageObject","inLanguage":"fr-FR","@id":"https:\/\/hense-systeme.com\/fr\/#\/schema\/logo\/image\/","url":"https:\/\/hense-systeme.com\/wp-content\/uploads\/2024\/02\/hense_logo.svg","contentUrl":"https:\/\/hense-systeme.com\/wp-content\/uploads\/2024\/02\/hense_logo.svg","width":241,"height":76,"caption":"Hense Systemtechnik GmbH &amp; Co. KG"},"image":{"@id":"https:\/\/hense-systeme.com\/fr\/#\/schema\/logo\/image\/"}}]}},"_links":{"self":[{"href":"https:\/\/hense-systeme.com\/fr\/wp-json\/wp\/v2\/product\/6570","targetHints":{"allow":["GET"]}}],"collection":[{"href":"https:\/\/hense-systeme.com\/fr\/wp-json\/wp\/v2\/product"}],"about":[{"href":"https:\/\/hense-systeme.com\/fr\/wp-json\/wp\/v2\/types\/product"}],"version-history":[{"count":1,"href":"https:\/\/hense-systeme.com\/fr\/wp-json\/wp\/v2\/product\/6570\/revisions"}],"predecessor-version":[{"id":7171,"href":"https:\/\/hense-systeme.com\/fr\/wp-json\/wp\/v2\/product\/6570\/revisions\/7171"}],"wp:featuredmedia":[{"embeddable":true,"href":"https:\/\/hense-systeme.com\/fr\/wp-json\/wp\/v2\/media\/7170"}],"wp:attachment":[{"href":"https:\/\/hense-systeme.com\/fr\/wp-json\/wp\/v2\/media?parent=6570"}],"wp:term":[{"taxonomy":"product_applications","embeddable":true,"href":"https:\/\/hense-systeme.com\/fr\/wp-json\/wp\/v2\/product_applications?post=6570"},{"taxonomy":"product_category","embeddable":true,"href":"https:\/\/hense-systeme.com\/fr\/wp-json\/wp\/v2\/product_category?post=6570"}],"curies":[{"name":"wp","href":"https:\/\/api.w.org\/{rel}","templated":true}]}}