{"id":6571,"date":"2024-02-13T14:02:56","date_gmt":"2024-02-13T13:02:56","guid":{"rendered":"https:\/\/hense.pixel-tal.de\/produkt\/changeur-de-palettes-parallele\/"},"modified":"2024-04-08T15:17:00","modified_gmt":"2024-04-08T13:17:00","slug":"changeur-de-palettes-parallele","status":"publish","type":"product","link":"https:\/\/hense-systeme.com\/fr\/produkt\/changeur-de-palettes-parallele\/","title":{"rendered":"Changeur de palettes parall\u00e8le"},"content":{"rendered":"<p>En principe, dans la disposition parall\u00e8le, l&#8217;axe d&#8217;entra\u00eenement rotatif orient\u00e9 verticalement (moteur de pivotement) est plac\u00e9 \u00e0 c\u00f4t\u00e9 de l&#8217;axe d&#8217;entra\u00eenement lin\u00e9aire \u00e9galement orient\u00e9 verticalement, de pr\u00e9f\u00e9rence compos\u00e9 de deux cylindres lin\u00e9aires. Le moteur d&#8217;orientation est plac\u00e9 dans un support de moteur log\u00e9 s\u00e9par\u00e9ment dans des guides lin\u00e9aires et est \u00e9galement soulev\u00e9.<\/p>\n<p>La prise de palette est mont\u00e9e directement sur l&#8217;arbre du moteur de rotation ou dans un palier de rotation s\u00e9par\u00e9 dans le support du moteur. Les couples de renversement dus \u00e0 des \u00e9tats de chargement asym\u00e9triques importants sont ainsi absorb\u00e9s en toute s\u00e9curit\u00e9.<\/p>\n<p>Nous proposons des solutions personnalis\u00e9es adapt\u00e9es aux diff\u00e9rents cas d&#8217;utilisation. Notre \u00e9quipe qualifi\u00e9e se fera un plaisir de vous conseiller.<\/p>","protected":false},"excerpt":{"rendered":"<p>Cette version g\u00e9n\u00e8re une forme de construction courte et plus large en hauteur d&#8217;un changeur de palettes avec un espace libre sous l&#8217;axe de pivotement rotatif. Cela permet par exemple de placer l&#8217;axe de pivotement directement au-dessus d&#8217;un convoyeur de copeaux.<\/p>\n","protected":false},"featured_media":7172,"parent":0,"template":"","product_applications":[],"product_category":[77],"class_list":["post-6571","product","type-product","status-publish","has-post-thumbnail","hentry","product_category-combinaison-de-levage-et-de-pivotement","no-featured-image-padding"],"acf":[],"yoast_head":"<!-- This site is optimized with the Yoast SEO plugin v27.3 - https:\/\/yoast.com\/product\/yoast-seo-wordpress\/ -->\n<title>Unit\u00e9 de levage et de pivotement : changeur de palettes Hense parall\u00e8le<\/title>\n<meta name=\"description\" content=\"D\u00e9veloppez vos solutions d&#039;automatisation avec l&#039;unit\u00e9 de levage et de pivotement en version parall\u00e8le de Hense pour des applications polyvalentes\" \/>\n<meta name=\"robots\" content=\"index, follow, max-snippet:-1, max-image-preview:large, max-video-preview:-1\" \/>\n<link rel=\"canonical\" href=\"https:\/\/hense-systeme.com\/fr\/produkt\/changeur-de-palettes-parallele\/\" \/>\n<meta property=\"og:locale\" content=\"fr_FR\" \/>\n<meta property=\"og:type\" content=\"article\" \/>\n<meta property=\"og:title\" content=\"Unit\u00e9 de levage et de pivotement : changeur de palettes Hense parall\u00e8le\" \/>\n<meta property=\"og:description\" content=\"D\u00e9veloppez vos solutions d&#039;automatisation avec l&#039;unit\u00e9 de levage et de pivotement en version parall\u00e8le de Hense pour des applications polyvalentes\" \/>\n<meta property=\"og:url\" content=\"https:\/\/hense-systeme.com\/fr\/produkt\/changeur-de-palettes-parallele\/\" \/>\n<meta property=\"og:site_name\" content=\"Hense Systemtechnik GmbH &amp; Co. KG\" \/>\n<meta property=\"article:modified_time\" content=\"2024-04-08T13:17:00+00:00\" \/>\n<meta property=\"og:image\" content=\"https:\/\/hense-systeme.com\/wp-content\/uploads\/produkt_hub_schwenksysteme.png\" \/>\n\t<meta property=\"og:image:width\" content=\"450\" \/>\n\t<meta property=\"og:image:height\" content=\"426\" \/>\n\t<meta property=\"og:image:type\" content=\"image\/png\" \/>\n<meta name=\"twitter:card\" content=\"summary_large_image\" \/>\n<meta name=\"twitter:label1\" content=\"Dur\u00e9e de lecture estim\u00e9e\" \/>\n\t<meta name=\"twitter:data1\" content=\"1 minute\" \/>\n<script type=\"application\/ld+json\" class=\"yoast-schema-graph\">{\"@context\":\"https:\\\/\\\/schema.org\",\"@graph\":[{\"@type\":\"WebPage\",\"@id\":\"https:\\\/\\\/hense-systeme.com\\\/fr\\\/produkt\\\/changeur-de-palettes-parallele\\\/\",\"url\":\"https:\\\/\\\/hense-systeme.com\\\/fr\\\/produkt\\\/changeur-de-palettes-parallele\\\/\",\"name\":\"Unit\u00e9 de levage et de pivotement : changeur de palettes Hense parall\u00e8le\",\"isPartOf\":{\"@id\":\"https:\\\/\\\/hense-systeme.com\\\/fr\\\/#website\"},\"primaryImageOfPage\":{\"@id\":\"https:\\\/\\\/hense-systeme.com\\\/fr\\\/produkt\\\/changeur-de-palettes-parallele\\\/#primaryimage\"},\"image\":{\"@id\":\"https:\\\/\\\/hense-systeme.com\\\/fr\\\/produkt\\\/changeur-de-palettes-parallele\\\/#primaryimage\"},\"thumbnailUrl\":\"https:\\\/\\\/hense-systeme.com\\\/wp-content\\\/uploads\\\/produkt_hub_schwenksysteme.png\",\"datePublished\":\"2024-02-13T13:02:56+00:00\",\"dateModified\":\"2024-04-08T13:17:00+00:00\",\"description\":\"D\u00e9veloppez vos solutions d'automatisation avec l'unit\u00e9 de levage et de pivotement en version parall\u00e8le de Hense pour des applications polyvalentes\",\"breadcrumb\":{\"@id\":\"https:\\\/\\\/hense-systeme.com\\\/fr\\\/produkt\\\/changeur-de-palettes-parallele\\\/#breadcrumb\"},\"inLanguage\":\"fr-FR\",\"potentialAction\":[{\"@type\":\"ReadAction\",\"target\":[\"https:\\\/\\\/hense-systeme.com\\\/fr\\\/produkt\\\/changeur-de-palettes-parallele\\\/\"]}]},{\"@type\":\"ImageObject\",\"inLanguage\":\"fr-FR\",\"@id\":\"https:\\\/\\\/hense-systeme.com\\\/fr\\\/produkt\\\/changeur-de-palettes-parallele\\\/#primaryimage\",\"url\":\"https:\\\/\\\/hense-systeme.com\\\/wp-content\\\/uploads\\\/produkt_hub_schwenksysteme.png\",\"contentUrl\":\"https:\\\/\\\/hense-systeme.com\\\/wp-content\\\/uploads\\\/produkt_hub_schwenksysteme.png\",\"width\":450,\"height\":426},{\"@type\":\"BreadcrumbList\",\"@id\":\"https:\\\/\\\/hense-systeme.com\\\/fr\\\/produkt\\\/changeur-de-palettes-parallele\\\/#breadcrumb\",\"itemListElement\":[{\"@type\":\"ListItem\",\"position\":1,\"name\":\"Startseite\",\"item\":\"https:\\\/\\\/hense-systeme.com\\\/fr\\\/\"},{\"@type\":\"ListItem\",\"position\":2,\"name\":\"Produkte\",\"item\":\"https:\\\/\\\/hense-systeme.com\\\/fr\\\/produkt\\\/\"},{\"@type\":\"ListItem\",\"position\":3,\"name\":\"Changeur de palettes parall\u00e8le\"}]},{\"@type\":\"WebSite\",\"@id\":\"https:\\\/\\\/hense-systeme.com\\\/fr\\\/#website\",\"url\":\"https:\\\/\\\/hense-systeme.com\\\/fr\\\/\",\"name\":\"Hense Systemtechnik GmbH &amp; Co. KG\",\"description\":\"\",\"publisher\":{\"@id\":\"https:\\\/\\\/hense-systeme.com\\\/fr\\\/#organization\"},\"potentialAction\":[{\"@type\":\"SearchAction\",\"target\":{\"@type\":\"EntryPoint\",\"urlTemplate\":\"https:\\\/\\\/hense-systeme.com\\\/fr\\\/?s={search_term_string}\"},\"query-input\":{\"@type\":\"PropertyValueSpecification\",\"valueRequired\":true,\"valueName\":\"search_term_string\"}}],\"inLanguage\":\"fr-FR\"},{\"@type\":\"Organization\",\"@id\":\"https:\\\/\\\/hense-systeme.com\\\/fr\\\/#organization\",\"name\":\"Hense Systemtechnik GmbH &amp; Co. KG\",\"url\":\"https:\\\/\\\/hense-systeme.com\\\/fr\\\/\",\"logo\":{\"@type\":\"ImageObject\",\"inLanguage\":\"fr-FR\",\"@id\":\"https:\\\/\\\/hense-systeme.com\\\/fr\\\/#\\\/schema\\\/logo\\\/image\\\/\",\"url\":\"https:\\\/\\\/hense-systeme.com\\\/wp-content\\\/uploads\\\/2024\\\/02\\\/hense_logo.svg\",\"contentUrl\":\"https:\\\/\\\/hense-systeme.com\\\/wp-content\\\/uploads\\\/2024\\\/02\\\/hense_logo.svg\",\"width\":241,\"height\":76,\"caption\":\"Hense Systemtechnik GmbH &amp; Co. KG\"},\"image\":{\"@id\":\"https:\\\/\\\/hense-systeme.com\\\/fr\\\/#\\\/schema\\\/logo\\\/image\\\/\"}}]}<\/script>\n<!-- \/ Yoast SEO plugin. -->","yoast_head_json":{"title":"Unit\u00e9 de levage et de pivotement : changeur de palettes Hense parall\u00e8le","description":"D\u00e9veloppez vos solutions d'automatisation avec l'unit\u00e9 de levage et de pivotement en version parall\u00e8le de Hense pour des applications polyvalentes","robots":{"index":"index","follow":"follow","max-snippet":"max-snippet:-1","max-image-preview":"max-image-preview:large","max-video-preview":"max-video-preview:-1"},"canonical":"https:\/\/hense-systeme.com\/fr\/produkt\/changeur-de-palettes-parallele\/","og_locale":"fr_FR","og_type":"article","og_title":"Unit\u00e9 de levage et de pivotement : changeur de palettes Hense parall\u00e8le","og_description":"D\u00e9veloppez vos solutions d'automatisation avec l'unit\u00e9 de levage et de pivotement en version parall\u00e8le de Hense pour des applications polyvalentes","og_url":"https:\/\/hense-systeme.com\/fr\/produkt\/changeur-de-palettes-parallele\/","og_site_name":"Hense Systemtechnik GmbH &amp; Co. KG","article_modified_time":"2024-04-08T13:17:00+00:00","og_image":[{"width":450,"height":426,"url":"https:\/\/hense-systeme.com\/wp-content\/uploads\/produkt_hub_schwenksysteme.png","type":"image\/png"}],"twitter_card":"summary_large_image","twitter_misc":{"Dur\u00e9e de lecture estim\u00e9e":"1 minute"},"schema":{"@context":"https:\/\/schema.org","@graph":[{"@type":"WebPage","@id":"https:\/\/hense-systeme.com\/fr\/produkt\/changeur-de-palettes-parallele\/","url":"https:\/\/hense-systeme.com\/fr\/produkt\/changeur-de-palettes-parallele\/","name":"Unit\u00e9 de levage et de pivotement : changeur de palettes Hense parall\u00e8le","isPartOf":{"@id":"https:\/\/hense-systeme.com\/fr\/#website"},"primaryImageOfPage":{"@id":"https:\/\/hense-systeme.com\/fr\/produkt\/changeur-de-palettes-parallele\/#primaryimage"},"image":{"@id":"https:\/\/hense-systeme.com\/fr\/produkt\/changeur-de-palettes-parallele\/#primaryimage"},"thumbnailUrl":"https:\/\/hense-systeme.com\/wp-content\/uploads\/produkt_hub_schwenksysteme.png","datePublished":"2024-02-13T13:02:56+00:00","dateModified":"2024-04-08T13:17:00+00:00","description":"D\u00e9veloppez vos solutions d'automatisation avec l'unit\u00e9 de levage et de pivotement en version parall\u00e8le de Hense pour des applications polyvalentes","breadcrumb":{"@id":"https:\/\/hense-systeme.com\/fr\/produkt\/changeur-de-palettes-parallele\/#breadcrumb"},"inLanguage":"fr-FR","potentialAction":[{"@type":"ReadAction","target":["https:\/\/hense-systeme.com\/fr\/produkt\/changeur-de-palettes-parallele\/"]}]},{"@type":"ImageObject","inLanguage":"fr-FR","@id":"https:\/\/hense-systeme.com\/fr\/produkt\/changeur-de-palettes-parallele\/#primaryimage","url":"https:\/\/hense-systeme.com\/wp-content\/uploads\/produkt_hub_schwenksysteme.png","contentUrl":"https:\/\/hense-systeme.com\/wp-content\/uploads\/produkt_hub_schwenksysteme.png","width":450,"height":426},{"@type":"BreadcrumbList","@id":"https:\/\/hense-systeme.com\/fr\/produkt\/changeur-de-palettes-parallele\/#breadcrumb","itemListElement":[{"@type":"ListItem","position":1,"name":"Startseite","item":"https:\/\/hense-systeme.com\/fr\/"},{"@type":"ListItem","position":2,"name":"Produkte","item":"https:\/\/hense-systeme.com\/fr\/produkt\/"},{"@type":"ListItem","position":3,"name":"Changeur de palettes parall\u00e8le"}]},{"@type":"WebSite","@id":"https:\/\/hense-systeme.com\/fr\/#website","url":"https:\/\/hense-systeme.com\/fr\/","name":"Hense Systemtechnik GmbH &amp; Co. KG","description":"","publisher":{"@id":"https:\/\/hense-systeme.com\/fr\/#organization"},"potentialAction":[{"@type":"SearchAction","target":{"@type":"EntryPoint","urlTemplate":"https:\/\/hense-systeme.com\/fr\/?s={search_term_string}"},"query-input":{"@type":"PropertyValueSpecification","valueRequired":true,"valueName":"search_term_string"}}],"inLanguage":"fr-FR"},{"@type":"Organization","@id":"https:\/\/hense-systeme.com\/fr\/#organization","name":"Hense Systemtechnik GmbH &amp; Co. KG","url":"https:\/\/hense-systeme.com\/fr\/","logo":{"@type":"ImageObject","inLanguage":"fr-FR","@id":"https:\/\/hense-systeme.com\/fr\/#\/schema\/logo\/image\/","url":"https:\/\/hense-systeme.com\/wp-content\/uploads\/2024\/02\/hense_logo.svg","contentUrl":"https:\/\/hense-systeme.com\/wp-content\/uploads\/2024\/02\/hense_logo.svg","width":241,"height":76,"caption":"Hense Systemtechnik GmbH &amp; Co. KG"},"image":{"@id":"https:\/\/hense-systeme.com\/fr\/#\/schema\/logo\/image\/"}}]}},"_links":{"self":[{"href":"https:\/\/hense-systeme.com\/fr\/wp-json\/wp\/v2\/product\/6571","targetHints":{"allow":["GET"]}}],"collection":[{"href":"https:\/\/hense-systeme.com\/fr\/wp-json\/wp\/v2\/product"}],"about":[{"href":"https:\/\/hense-systeme.com\/fr\/wp-json\/wp\/v2\/types\/product"}],"version-history":[{"count":1,"href":"https:\/\/hense-systeme.com\/fr\/wp-json\/wp\/v2\/product\/6571\/revisions"}],"predecessor-version":[{"id":7175,"href":"https:\/\/hense-systeme.com\/fr\/wp-json\/wp\/v2\/product\/6571\/revisions\/7175"}],"wp:featuredmedia":[{"embeddable":true,"href":"https:\/\/hense-systeme.com\/fr\/wp-json\/wp\/v2\/media\/7172"}],"wp:attachment":[{"href":"https:\/\/hense-systeme.com\/fr\/wp-json\/wp\/v2\/media?parent=6571"}],"wp:term":[{"taxonomy":"product_applications","embeddable":true,"href":"https:\/\/hense-systeme.com\/fr\/wp-json\/wp\/v2\/product_applications?post=6571"},{"taxonomy":"product_category","embeddable":true,"href":"https:\/\/hense-systeme.com\/fr\/wp-json\/wp\/v2\/product_category?post=6571"}],"curies":[{"name":"wp","href":"https:\/\/api.w.org\/{rel}","templated":true}]}}