{"id":6572,"date":"2024-02-13T14:02:56","date_gmt":"2024-02-13T13:02:56","guid":{"rendered":"https:\/\/hense.pixel-tal.de\/produkt\/changeur-de-palettes-en-serie\/"},"modified":"2024-04-08T15:17:00","modified_gmt":"2024-04-08T13:17:00","slug":"changeur-de-palettes-en-serie","status":"publish","type":"product","link":"https:\/\/hense-systeme.com\/fr\/produkt\/changeur-de-palettes-en-serie\/","title":{"rendered":"Changeur de palettes en s\u00e9rie"},"content":{"rendered":"<p>Dans le cas de la disposition en s\u00e9rie, un axe d&#8217;entra\u00eenement lin\u00e9aire (v\u00e9rin lin\u00e9aire \u00e0 double effet) \u00e9galement orient\u00e9 verticalement est plac\u00e9 sur l&#8217;axe d&#8217;entra\u00eenement rotatif orient\u00e9 verticalement (moteur pivotant), c&#8217;est-\u00e0-dire que la tige de piston du v\u00e9rin et l&#8217;arbre de sortie du moteur pivotant sont coupl\u00e9s m\u00e9caniquement par une liaison arbre-moyeu coulissante.<\/p>\n<p>Le support de palette est soulev\u00e9 par la tige de piston, qui sert \u00e9galement de palier pour le support de palette et absorbe en toute s\u00e9curit\u00e9 toutes les forces g\u00e9n\u00e9r\u00e9es en cas de chargement asym\u00e9trique.<\/p>\n<p>Nous proposons des solutions personnalis\u00e9es adapt\u00e9es aux diff\u00e9rents cas d&#8217;utilisation. Notre \u00e9quipe qualifi\u00e9e se fera un plaisir de vous conseiller.<\/p>","protected":false},"excerpt":{"rendered":"<p>Cette version g\u00e9n\u00e8re une forme de construction \u00e9troite et allong\u00e9e en hauteur. En m\u00eame temps, le mod\u00e8le en s\u00e9rie rend superflu un stockage s\u00e9par\u00e9 suppl\u00e9mentaire de la r\u00e9ception des palettes.  <\/p>\n","protected":false},"featured_media":7174,"parent":0,"template":"","product_applications":[],"product_category":[77],"class_list":["post-6572","product","type-product","status-publish","has-post-thumbnail","hentry","product_category-combinaison-de-levage-et-de-pivotement","no-featured-image-padding"],"acf":[],"yoast_head":"<!-- This site is optimized with the Yoast SEO plugin v27.5 - https:\/\/yoast.com\/product\/yoast-seo-wordpress\/ -->\n<title>Unit\u00e9 de levage et de pivotement : changeur de palettes Hense en s\u00e9rie<\/title>\n<meta name=\"description\" content=\"L&#039;unit\u00e9 de levage et de pivotement en s\u00e9rie de Hense, permet des solutions d&#039;automatisation sp\u00e9cifiques au client pour une utilisation optimale de l&#039;espace et une efficacit\u00e9 des processus.\" \/>\n<meta name=\"robots\" content=\"index, follow, max-snippet:-1, max-image-preview:large, max-video-preview:-1\" \/>\n<link rel=\"canonical\" href=\"https:\/\/hense-systeme.com\/fr\/produkt\/changeur-de-palettes-en-serie\/\" \/>\n<meta property=\"og:locale\" content=\"fr_FR\" \/>\n<meta property=\"og:type\" content=\"article\" \/>\n<meta property=\"og:title\" content=\"Unit\u00e9 de levage et de pivotement : changeur de palettes Hense en s\u00e9rie\" \/>\n<meta property=\"og:description\" content=\"L&#039;unit\u00e9 de levage et de pivotement en s\u00e9rie de Hense, permet des solutions d&#039;automatisation sp\u00e9cifiques au client pour une utilisation optimale de l&#039;espace et une efficacit\u00e9 des processus.\" \/>\n<meta property=\"og:url\" content=\"https:\/\/hense-systeme.com\/fr\/produkt\/changeur-de-palettes-en-serie\/\" \/>\n<meta property=\"og:site_name\" content=\"Hense Systemtechnik GmbH &amp; Co. KG\" \/>\n<meta property=\"article:modified_time\" content=\"2024-04-08T13:17:00+00:00\" \/>\n<meta property=\"og:image\" content=\"https:\/\/hense-systeme.com\/wp-content\/uploads\/produkt_hub_schwenksysteme_seriell_02.png\" \/>\n\t<meta property=\"og:image:width\" content=\"467\" \/>\n\t<meta property=\"og:image:height\" content=\"442\" \/>\n\t<meta property=\"og:image:type\" content=\"image\/png\" \/>\n<meta name=\"twitter:card\" content=\"summary_large_image\" \/>\n<meta name=\"twitter:label1\" content=\"Dur\u00e9e de lecture estim\u00e9e\" \/>\n\t<meta name=\"twitter:data1\" content=\"1 minute\" \/>\n<script type=\"application\/ld+json\" class=\"yoast-schema-graph\">{\"@context\":\"https:\\\/\\\/schema.org\",\"@graph\":[{\"@type\":\"WebPage\",\"@id\":\"https:\\\/\\\/hense-systeme.com\\\/fr\\\/produkt\\\/changeur-de-palettes-en-serie\\\/\",\"url\":\"https:\\\/\\\/hense-systeme.com\\\/fr\\\/produkt\\\/changeur-de-palettes-en-serie\\\/\",\"name\":\"Unit\u00e9 de levage et de pivotement : changeur de palettes Hense en s\u00e9rie\",\"isPartOf\":{\"@id\":\"https:\\\/\\\/hense-systeme.com\\\/fr\\\/#website\"},\"primaryImageOfPage\":{\"@id\":\"https:\\\/\\\/hense-systeme.com\\\/fr\\\/produkt\\\/changeur-de-palettes-en-serie\\\/#primaryimage\"},\"image\":{\"@id\":\"https:\\\/\\\/hense-systeme.com\\\/fr\\\/produkt\\\/changeur-de-palettes-en-serie\\\/#primaryimage\"},\"thumbnailUrl\":\"https:\\\/\\\/hense-systeme.com\\\/wp-content\\\/uploads\\\/produkt_hub_schwenksysteme_seriell_02.png\",\"datePublished\":\"2024-02-13T13:02:56+00:00\",\"dateModified\":\"2024-04-08T13:17:00+00:00\",\"description\":\"L'unit\u00e9 de levage et de pivotement en s\u00e9rie de Hense, permet des solutions d'automatisation sp\u00e9cifiques au client pour une utilisation optimale de l'espace et une efficacit\u00e9 des processus.\",\"breadcrumb\":{\"@id\":\"https:\\\/\\\/hense-systeme.com\\\/fr\\\/produkt\\\/changeur-de-palettes-en-serie\\\/#breadcrumb\"},\"inLanguage\":\"fr-FR\",\"potentialAction\":[{\"@type\":\"ReadAction\",\"target\":[\"https:\\\/\\\/hense-systeme.com\\\/fr\\\/produkt\\\/changeur-de-palettes-en-serie\\\/\"]}]},{\"@type\":\"ImageObject\",\"inLanguage\":\"fr-FR\",\"@id\":\"https:\\\/\\\/hense-systeme.com\\\/fr\\\/produkt\\\/changeur-de-palettes-en-serie\\\/#primaryimage\",\"url\":\"https:\\\/\\\/hense-systeme.com\\\/wp-content\\\/uploads\\\/produkt_hub_schwenksysteme_seriell_02.png\",\"contentUrl\":\"https:\\\/\\\/hense-systeme.com\\\/wp-content\\\/uploads\\\/produkt_hub_schwenksysteme_seriell_02.png\",\"width\":467,\"height\":442,\"caption\":\"Technische Schnittdarstellung eines seriellen Hub-Schwenksystems f\u00fcr industrielle Automatisierung\"},{\"@type\":\"BreadcrumbList\",\"@id\":\"https:\\\/\\\/hense-systeme.com\\\/fr\\\/produkt\\\/changeur-de-palettes-en-serie\\\/#breadcrumb\",\"itemListElement\":[{\"@type\":\"ListItem\",\"position\":1,\"name\":\"Startseite\",\"item\":\"https:\\\/\\\/hense-systeme.com\\\/fr\\\/\"},{\"@type\":\"ListItem\",\"position\":2,\"name\":\"Produkte\",\"item\":\"https:\\\/\\\/hense-systeme.com\\\/fr\\\/produkt\\\/\"},{\"@type\":\"ListItem\",\"position\":3,\"name\":\"Changeur de palettes en s\u00e9rie\"}]},{\"@type\":\"WebSite\",\"@id\":\"https:\\\/\\\/hense-systeme.com\\\/fr\\\/#website\",\"url\":\"https:\\\/\\\/hense-systeme.com\\\/fr\\\/\",\"name\":\"Hense Systemtechnik GmbH &amp; Co. KG\",\"description\":\"\",\"publisher\":{\"@id\":\"https:\\\/\\\/hense-systeme.com\\\/fr\\\/#organization\"},\"potentialAction\":[{\"@type\":\"SearchAction\",\"target\":{\"@type\":\"EntryPoint\",\"urlTemplate\":\"https:\\\/\\\/hense-systeme.com\\\/fr\\\/?s={search_term_string}\"},\"query-input\":{\"@type\":\"PropertyValueSpecification\",\"valueRequired\":true,\"valueName\":\"search_term_string\"}}],\"inLanguage\":\"fr-FR\"},{\"@type\":\"Organization\",\"@id\":\"https:\\\/\\\/hense-systeme.com\\\/fr\\\/#organization\",\"name\":\"Hense Systemtechnik GmbH &amp; Co. KG\",\"url\":\"https:\\\/\\\/hense-systeme.com\\\/fr\\\/\",\"logo\":{\"@type\":\"ImageObject\",\"inLanguage\":\"fr-FR\",\"@id\":\"https:\\\/\\\/hense-systeme.com\\\/fr\\\/#\\\/schema\\\/logo\\\/image\\\/\",\"url\":\"https:\\\/\\\/hense-systeme.com\\\/wp-content\\\/uploads\\\/2024\\\/02\\\/hense_logo.svg\",\"contentUrl\":\"https:\\\/\\\/hense-systeme.com\\\/wp-content\\\/uploads\\\/2024\\\/02\\\/hense_logo.svg\",\"width\":241,\"height\":76,\"caption\":\"Hense Systemtechnik GmbH &amp; Co. KG\"},\"image\":{\"@id\":\"https:\\\/\\\/hense-systeme.com\\\/fr\\\/#\\\/schema\\\/logo\\\/image\\\/\"}}]}<\/script>\n<!-- \/ Yoast SEO plugin. -->","yoast_head_json":{"title":"Unit\u00e9 de levage et de pivotement : changeur de palettes Hense en s\u00e9rie","description":"L'unit\u00e9 de levage et de pivotement en s\u00e9rie de Hense, permet des solutions d'automatisation sp\u00e9cifiques au client pour une utilisation optimale de l'espace et une efficacit\u00e9 des processus.","robots":{"index":"index","follow":"follow","max-snippet":"max-snippet:-1","max-image-preview":"max-image-preview:large","max-video-preview":"max-video-preview:-1"},"canonical":"https:\/\/hense-systeme.com\/fr\/produkt\/changeur-de-palettes-en-serie\/","og_locale":"fr_FR","og_type":"article","og_title":"Unit\u00e9 de levage et de pivotement : changeur de palettes Hense en s\u00e9rie","og_description":"L'unit\u00e9 de levage et de pivotement en s\u00e9rie de Hense, permet des solutions d'automatisation sp\u00e9cifiques au client pour une utilisation optimale de l'espace et une efficacit\u00e9 des processus.","og_url":"https:\/\/hense-systeme.com\/fr\/produkt\/changeur-de-palettes-en-serie\/","og_site_name":"Hense Systemtechnik GmbH &amp; Co. KG","article_modified_time":"2024-04-08T13:17:00+00:00","og_image":[{"width":467,"height":442,"url":"https:\/\/hense-systeme.com\/wp-content\/uploads\/produkt_hub_schwenksysteme_seriell_02.png","type":"image\/png"}],"twitter_card":"summary_large_image","twitter_misc":{"Dur\u00e9e de lecture estim\u00e9e":"1 minute"},"schema":{"@context":"https:\/\/schema.org","@graph":[{"@type":"WebPage","@id":"https:\/\/hense-systeme.com\/fr\/produkt\/changeur-de-palettes-en-serie\/","url":"https:\/\/hense-systeme.com\/fr\/produkt\/changeur-de-palettes-en-serie\/","name":"Unit\u00e9 de levage et de pivotement : changeur de palettes Hense en s\u00e9rie","isPartOf":{"@id":"https:\/\/hense-systeme.com\/fr\/#website"},"primaryImageOfPage":{"@id":"https:\/\/hense-systeme.com\/fr\/produkt\/changeur-de-palettes-en-serie\/#primaryimage"},"image":{"@id":"https:\/\/hense-systeme.com\/fr\/produkt\/changeur-de-palettes-en-serie\/#primaryimage"},"thumbnailUrl":"https:\/\/hense-systeme.com\/wp-content\/uploads\/produkt_hub_schwenksysteme_seriell_02.png","datePublished":"2024-02-13T13:02:56+00:00","dateModified":"2024-04-08T13:17:00+00:00","description":"L'unit\u00e9 de levage et de pivotement en s\u00e9rie de Hense, permet des solutions d'automatisation sp\u00e9cifiques au client pour une utilisation optimale de l'espace et une efficacit\u00e9 des processus.","breadcrumb":{"@id":"https:\/\/hense-systeme.com\/fr\/produkt\/changeur-de-palettes-en-serie\/#breadcrumb"},"inLanguage":"fr-FR","potentialAction":[{"@type":"ReadAction","target":["https:\/\/hense-systeme.com\/fr\/produkt\/changeur-de-palettes-en-serie\/"]}]},{"@type":"ImageObject","inLanguage":"fr-FR","@id":"https:\/\/hense-systeme.com\/fr\/produkt\/changeur-de-palettes-en-serie\/#primaryimage","url":"https:\/\/hense-systeme.com\/wp-content\/uploads\/produkt_hub_schwenksysteme_seriell_02.png","contentUrl":"https:\/\/hense-systeme.com\/wp-content\/uploads\/produkt_hub_schwenksysteme_seriell_02.png","width":467,"height":442,"caption":"Technische Schnittdarstellung eines seriellen Hub-Schwenksystems f\u00fcr industrielle Automatisierung"},{"@type":"BreadcrumbList","@id":"https:\/\/hense-systeme.com\/fr\/produkt\/changeur-de-palettes-en-serie\/#breadcrumb","itemListElement":[{"@type":"ListItem","position":1,"name":"Startseite","item":"https:\/\/hense-systeme.com\/fr\/"},{"@type":"ListItem","position":2,"name":"Produkte","item":"https:\/\/hense-systeme.com\/fr\/produkt\/"},{"@type":"ListItem","position":3,"name":"Changeur de palettes en s\u00e9rie"}]},{"@type":"WebSite","@id":"https:\/\/hense-systeme.com\/fr\/#website","url":"https:\/\/hense-systeme.com\/fr\/","name":"Hense Systemtechnik GmbH &amp; Co. KG","description":"","publisher":{"@id":"https:\/\/hense-systeme.com\/fr\/#organization"},"potentialAction":[{"@type":"SearchAction","target":{"@type":"EntryPoint","urlTemplate":"https:\/\/hense-systeme.com\/fr\/?s={search_term_string}"},"query-input":{"@type":"PropertyValueSpecification","valueRequired":true,"valueName":"search_term_string"}}],"inLanguage":"fr-FR"},{"@type":"Organization","@id":"https:\/\/hense-systeme.com\/fr\/#organization","name":"Hense Systemtechnik GmbH &amp; Co. KG","url":"https:\/\/hense-systeme.com\/fr\/","logo":{"@type":"ImageObject","inLanguage":"fr-FR","@id":"https:\/\/hense-systeme.com\/fr\/#\/schema\/logo\/image\/","url":"https:\/\/hense-systeme.com\/wp-content\/uploads\/2024\/02\/hense_logo.svg","contentUrl":"https:\/\/hense-systeme.com\/wp-content\/uploads\/2024\/02\/hense_logo.svg","width":241,"height":76,"caption":"Hense Systemtechnik GmbH &amp; Co. KG"},"image":{"@id":"https:\/\/hense-systeme.com\/fr\/#\/schema\/logo\/image\/"}}]}},"_links":{"self":[{"href":"https:\/\/hense-systeme.com\/fr\/wp-json\/wp\/v2\/product\/6572","targetHints":{"allow":["GET"]}}],"collection":[{"href":"https:\/\/hense-systeme.com\/fr\/wp-json\/wp\/v2\/product"}],"about":[{"href":"https:\/\/hense-systeme.com\/fr\/wp-json\/wp\/v2\/types\/product"}],"version-history":[{"count":1,"href":"https:\/\/hense-systeme.com\/fr\/wp-json\/wp\/v2\/product\/6572\/revisions"}],"predecessor-version":[{"id":7176,"href":"https:\/\/hense-systeme.com\/fr\/wp-json\/wp\/v2\/product\/6572\/revisions\/7176"}],"wp:featuredmedia":[{"embeddable":true,"href":"https:\/\/hense-systeme.com\/fr\/wp-json\/wp\/v2\/media\/7174"}],"wp:attachment":[{"href":"https:\/\/hense-systeme.com\/fr\/wp-json\/wp\/v2\/media?parent=6572"}],"wp:term":[{"taxonomy":"product_applications","embeddable":true,"href":"https:\/\/hense-systeme.com\/fr\/wp-json\/wp\/v2\/product_applications?post=6572"},{"taxonomy":"product_category","embeddable":true,"href":"https:\/\/hense-systeme.com\/fr\/wp-json\/wp\/v2\/product_category?post=6572"}],"curies":[{"name":"wp","href":"https:\/\/api.w.org\/{rel}","templated":true}]}}