{"id":6587,"date":"2024-02-13T14:02:54","date_gmt":"2024-02-13T13:02:54","guid":{"rendered":"https:\/\/hense.pixel-tal.de\/produkt\/serie-hss\/"},"modified":"2025-06-11T13:33:13","modified_gmt":"2025-06-11T11:33:13","slug":"serie-hss","status":"publish","type":"product","link":"https:\/\/hense-systeme.com\/fr\/produkt\/serie-hss\/","title":{"rendered":"Moteur d&#8217;orientation HSS"},"content":{"rendered":"<p>Notre moteur pivotant \u00e0 palettes de la s\u00e9rie HSS peut \u00eatre utilis\u00e9 dans n&#8217;importe quelle position de montage. Comme tous les moteurs rotatifs Hense Systeme, ce moteur rotatif est con\u00e7u selon le principe de la palette rotative. L&#8217;arbre d&#8217;entra\u00eenement est mont\u00e9 sur paliers lisses axiaux et radiaux dans des douilles rev\u00eatues. Le rev\u00eatement utilis\u00e9 est optimis\u00e9 sur le plan tribologique et garantit une faible usure. Une lubrification suffisante des points d&#8217;appui est assur\u00e9e par l&#8217;huile hydraulique fournie. Pour r\u00e9duire les frottements internes au moteur, la s\u00e9paration hydraulique des chambres de travail de cette s\u00e9rie s&#8217;effectue en partie au moyen de sections d&#8217;\u00e9tranglement d\u00e9pendant de la pression et de la viscosit\u00e9.     <\/p>\n<p>Les moteurs HSS sont parfaitement adapt\u00e9s \u00e0 la g\u00e9n\u00e9ration de mouvements oscillants dans la plage de fr\u00e9quences et de faibles amplitudes angulaires dans des syst\u00e8mes contr\u00f4l\u00e9s. La s\u00e9rie HSS est donc recommand\u00e9e pour les essais de torsion semi-dynamiques fiables et \u00e9conomiques. <\/p>\n<p><strong>Vibrateur hydraulique servo<br \/>\n<\/strong>En combinaison avec d&#8217;autres composants de haute qualit\u00e9, tels que des servovalves, des accumulateurs de pulsations et des syst\u00e8mes de mesure angulaire \u00e0 haute r\u00e9solution, le vibrateur hydraulique est destin\u00e9 \u00e0 g\u00e9n\u00e9rer des charges de torsion variables.<\/p>\n<p>Nous proposons des solutions personnalis\u00e9es pour les applications les plus diverses. Notre \u00e9quipe qualifi\u00e9e se fera un plaisir de vous conseiller pour la conception et la r\u00e9alisation. <\/p>","protected":false},"excerpt":{"rendered":"<p>Ces actionneurs sont utilis\u00e9s de pr\u00e9f\u00e9rence dans des syst\u00e8mes r\u00e9gul\u00e9s avec des mouvements oscillants de pivotement dans la plage des basses fr\u00e9quences. Ils ferment la parenth\u00e8se technologique entre les moteurs d&#8217;orientation conventionnels pour applications industrielles et la gamme HSH. <\/p>\n","protected":false},"featured_media":7353,"parent":0,"template":"","product_applications":[],"product_category":[79],"class_list":["post-6587","product","type-product","status-publish","has-post-thumbnail","hentry","product_category-technique-de-banc-dessai","no-featured-image-padding"],"acf":[],"yoast_head":"<!-- This site is optimized with the Yoast SEO plugin v27.3 - https:\/\/yoast.com\/product\/yoast-seo-wordpress\/ -->\n<title>Moteur rotatif \u00e0 palettes HSS pour syst\u00e8mes hautement dynamiques<\/title>\n<meta name=\"description\" content=\"Moteurs hydrauliques rotatifs de la s\u00e9rie HSS avec arbres d&#039;entra\u00eenement \u00e0 paliers lisses radiaux et axiaux pour les essais de torsion semi-dynamiques ! En savoir plus maintenant !\" \/>\n<meta name=\"robots\" content=\"index, follow, max-snippet:-1, max-image-preview:large, max-video-preview:-1\" \/>\n<link rel=\"canonical\" href=\"https:\/\/hense-systeme.com\/fr\/produkt\/serie-hss\/\" \/>\n<meta property=\"og:locale\" content=\"fr_FR\" \/>\n<meta property=\"og:type\" content=\"article\" \/>\n<meta property=\"og:title\" content=\"Moteur rotatif \u00e0 palettes HSS pour syst\u00e8mes hautement dynamiques\" \/>\n<meta property=\"og:description\" content=\"Moteurs hydrauliques rotatifs de la s\u00e9rie HSS avec arbres d&#039;entra\u00eenement \u00e0 paliers lisses radiaux et axiaux pour les essais de torsion semi-dynamiques ! En savoir plus maintenant !\" \/>\n<meta property=\"og:url\" content=\"https:\/\/hense-systeme.com\/fr\/produkt\/serie-hss\/\" \/>\n<meta property=\"og:site_name\" content=\"Hense Systemtechnik GmbH &amp; Co. KG\" \/>\n<meta property=\"article:modified_time\" content=\"2025-06-11T11:33:13+00:00\" \/>\n<meta property=\"og:image\" content=\"https:\/\/hense-systeme.com\/wp-content\/uploads\/produkte_baureihe-hss_02.png\" \/>\n\t<meta property=\"og:image:width\" content=\"450\" \/>\n\t<meta property=\"og:image:height\" content=\"412\" \/>\n\t<meta property=\"og:image:type\" content=\"image\/png\" \/>\n<meta name=\"twitter:card\" content=\"summary_large_image\" \/>\n<meta name=\"twitter:label1\" content=\"Dur\u00e9e de lecture estim\u00e9e\" \/>\n\t<meta name=\"twitter:data1\" content=\"1 minute\" \/>\n<script type=\"application\/ld+json\" class=\"yoast-schema-graph\">{\"@context\":\"https:\\\/\\\/schema.org\",\"@graph\":[{\"@type\":\"WebPage\",\"@id\":\"https:\\\/\\\/hense-systeme.com\\\/fr\\\/produkt\\\/serie-hss\\\/\",\"url\":\"https:\\\/\\\/hense-systeme.com\\\/fr\\\/produkt\\\/serie-hss\\\/\",\"name\":\"Moteur rotatif \u00e0 palettes HSS pour syst\u00e8mes hautement dynamiques\",\"isPartOf\":{\"@id\":\"https:\\\/\\\/hense-systeme.com\\\/fr\\\/#website\"},\"primaryImageOfPage\":{\"@id\":\"https:\\\/\\\/hense-systeme.com\\\/fr\\\/produkt\\\/serie-hss\\\/#primaryimage\"},\"image\":{\"@id\":\"https:\\\/\\\/hense-systeme.com\\\/fr\\\/produkt\\\/serie-hss\\\/#primaryimage\"},\"thumbnailUrl\":\"https:\\\/\\\/hense-systeme.com\\\/wp-content\\\/uploads\\\/produkte_baureihe-hss_02.png\",\"datePublished\":\"2024-02-13T13:02:54+00:00\",\"dateModified\":\"2025-06-11T11:33:13+00:00\",\"description\":\"Moteurs hydrauliques rotatifs de la s\u00e9rie HSS avec arbres d'entra\u00eenement \u00e0 paliers lisses radiaux et axiaux pour les essais de torsion semi-dynamiques ! En savoir plus maintenant !\",\"breadcrumb\":{\"@id\":\"https:\\\/\\\/hense-systeme.com\\\/fr\\\/produkt\\\/serie-hss\\\/#breadcrumb\"},\"inLanguage\":\"fr-FR\",\"potentialAction\":[{\"@type\":\"ReadAction\",\"target\":[\"https:\\\/\\\/hense-systeme.com\\\/fr\\\/produkt\\\/serie-hss\\\/\"]}]},{\"@type\":\"ImageObject\",\"inLanguage\":\"fr-FR\",\"@id\":\"https:\\\/\\\/hense-systeme.com\\\/fr\\\/produkt\\\/serie-hss\\\/#primaryimage\",\"url\":\"https:\\\/\\\/hense-systeme.com\\\/wp-content\\\/uploads\\\/produkte_baureihe-hss_02.png\",\"contentUrl\":\"https:\\\/\\\/hense-systeme.com\\\/wp-content\\\/uploads\\\/produkte_baureihe-hss_02.png\",\"width\":450,\"height\":412},{\"@type\":\"BreadcrumbList\",\"@id\":\"https:\\\/\\\/hense-systeme.com\\\/fr\\\/produkt\\\/serie-hss\\\/#breadcrumb\",\"itemListElement\":[{\"@type\":\"ListItem\",\"position\":1,\"name\":\"Startseite\",\"item\":\"https:\\\/\\\/hense-systeme.com\\\/fr\\\/\"},{\"@type\":\"ListItem\",\"position\":2,\"name\":\"Produkte\",\"item\":\"https:\\\/\\\/hense-systeme.com\\\/fr\\\/produkt\\\/\"},{\"@type\":\"ListItem\",\"position\":3,\"name\":\"Moteur d&#8217;orientation HSS\"}]},{\"@type\":\"WebSite\",\"@id\":\"https:\\\/\\\/hense-systeme.com\\\/fr\\\/#website\",\"url\":\"https:\\\/\\\/hense-systeme.com\\\/fr\\\/\",\"name\":\"Hense Systemtechnik GmbH &amp; Co. KG\",\"description\":\"\",\"publisher\":{\"@id\":\"https:\\\/\\\/hense-systeme.com\\\/fr\\\/#organization\"},\"potentialAction\":[{\"@type\":\"SearchAction\",\"target\":{\"@type\":\"EntryPoint\",\"urlTemplate\":\"https:\\\/\\\/hense-systeme.com\\\/fr\\\/?s={search_term_string}\"},\"query-input\":{\"@type\":\"PropertyValueSpecification\",\"valueRequired\":true,\"valueName\":\"search_term_string\"}}],\"inLanguage\":\"fr-FR\"},{\"@type\":\"Organization\",\"@id\":\"https:\\\/\\\/hense-systeme.com\\\/fr\\\/#organization\",\"name\":\"Hense Systemtechnik GmbH &amp; Co. KG\",\"url\":\"https:\\\/\\\/hense-systeme.com\\\/fr\\\/\",\"logo\":{\"@type\":\"ImageObject\",\"inLanguage\":\"fr-FR\",\"@id\":\"https:\\\/\\\/hense-systeme.com\\\/fr\\\/#\\\/schema\\\/logo\\\/image\\\/\",\"url\":\"https:\\\/\\\/hense-systeme.com\\\/wp-content\\\/uploads\\\/2024\\\/02\\\/hense_logo.svg\",\"contentUrl\":\"https:\\\/\\\/hense-systeme.com\\\/wp-content\\\/uploads\\\/2024\\\/02\\\/hense_logo.svg\",\"width\":241,\"height\":76,\"caption\":\"Hense Systemtechnik GmbH &amp; Co. KG\"},\"image\":{\"@id\":\"https:\\\/\\\/hense-systeme.com\\\/fr\\\/#\\\/schema\\\/logo\\\/image\\\/\"}}]}<\/script>\n<!-- \/ Yoast SEO plugin. -->","yoast_head_json":{"title":"Moteur rotatif \u00e0 palettes HSS pour syst\u00e8mes hautement dynamiques","description":"Moteurs hydrauliques rotatifs de la s\u00e9rie HSS avec arbres d'entra\u00eenement \u00e0 paliers lisses radiaux et axiaux pour les essais de torsion semi-dynamiques ! En savoir plus maintenant !","robots":{"index":"index","follow":"follow","max-snippet":"max-snippet:-1","max-image-preview":"max-image-preview:large","max-video-preview":"max-video-preview:-1"},"canonical":"https:\/\/hense-systeme.com\/fr\/produkt\/serie-hss\/","og_locale":"fr_FR","og_type":"article","og_title":"Moteur rotatif \u00e0 palettes HSS pour syst\u00e8mes hautement dynamiques","og_description":"Moteurs hydrauliques rotatifs de la s\u00e9rie HSS avec arbres d'entra\u00eenement \u00e0 paliers lisses radiaux et axiaux pour les essais de torsion semi-dynamiques ! En savoir plus maintenant !","og_url":"https:\/\/hense-systeme.com\/fr\/produkt\/serie-hss\/","og_site_name":"Hense Systemtechnik GmbH &amp; Co. KG","article_modified_time":"2025-06-11T11:33:13+00:00","og_image":[{"width":450,"height":412,"url":"https:\/\/hense-systeme.com\/wp-content\/uploads\/produkte_baureihe-hss_02.png","type":"image\/png"}],"twitter_card":"summary_large_image","twitter_misc":{"Dur\u00e9e de lecture estim\u00e9e":"1 minute"},"schema":{"@context":"https:\/\/schema.org","@graph":[{"@type":"WebPage","@id":"https:\/\/hense-systeme.com\/fr\/produkt\/serie-hss\/","url":"https:\/\/hense-systeme.com\/fr\/produkt\/serie-hss\/","name":"Moteur rotatif \u00e0 palettes HSS pour syst\u00e8mes hautement dynamiques","isPartOf":{"@id":"https:\/\/hense-systeme.com\/fr\/#website"},"primaryImageOfPage":{"@id":"https:\/\/hense-systeme.com\/fr\/produkt\/serie-hss\/#primaryimage"},"image":{"@id":"https:\/\/hense-systeme.com\/fr\/produkt\/serie-hss\/#primaryimage"},"thumbnailUrl":"https:\/\/hense-systeme.com\/wp-content\/uploads\/produkte_baureihe-hss_02.png","datePublished":"2024-02-13T13:02:54+00:00","dateModified":"2025-06-11T11:33:13+00:00","description":"Moteurs hydrauliques rotatifs de la s\u00e9rie HSS avec arbres d'entra\u00eenement \u00e0 paliers lisses radiaux et axiaux pour les essais de torsion semi-dynamiques ! En savoir plus maintenant !","breadcrumb":{"@id":"https:\/\/hense-systeme.com\/fr\/produkt\/serie-hss\/#breadcrumb"},"inLanguage":"fr-FR","potentialAction":[{"@type":"ReadAction","target":["https:\/\/hense-systeme.com\/fr\/produkt\/serie-hss\/"]}]},{"@type":"ImageObject","inLanguage":"fr-FR","@id":"https:\/\/hense-systeme.com\/fr\/produkt\/serie-hss\/#primaryimage","url":"https:\/\/hense-systeme.com\/wp-content\/uploads\/produkte_baureihe-hss_02.png","contentUrl":"https:\/\/hense-systeme.com\/wp-content\/uploads\/produkte_baureihe-hss_02.png","width":450,"height":412},{"@type":"BreadcrumbList","@id":"https:\/\/hense-systeme.com\/fr\/produkt\/serie-hss\/#breadcrumb","itemListElement":[{"@type":"ListItem","position":1,"name":"Startseite","item":"https:\/\/hense-systeme.com\/fr\/"},{"@type":"ListItem","position":2,"name":"Produkte","item":"https:\/\/hense-systeme.com\/fr\/produkt\/"},{"@type":"ListItem","position":3,"name":"Moteur d&#8217;orientation HSS"}]},{"@type":"WebSite","@id":"https:\/\/hense-systeme.com\/fr\/#website","url":"https:\/\/hense-systeme.com\/fr\/","name":"Hense Systemtechnik GmbH &amp; Co. KG","description":"","publisher":{"@id":"https:\/\/hense-systeme.com\/fr\/#organization"},"potentialAction":[{"@type":"SearchAction","target":{"@type":"EntryPoint","urlTemplate":"https:\/\/hense-systeme.com\/fr\/?s={search_term_string}"},"query-input":{"@type":"PropertyValueSpecification","valueRequired":true,"valueName":"search_term_string"}}],"inLanguage":"fr-FR"},{"@type":"Organization","@id":"https:\/\/hense-systeme.com\/fr\/#organization","name":"Hense Systemtechnik GmbH &amp; Co. KG","url":"https:\/\/hense-systeme.com\/fr\/","logo":{"@type":"ImageObject","inLanguage":"fr-FR","@id":"https:\/\/hense-systeme.com\/fr\/#\/schema\/logo\/image\/","url":"https:\/\/hense-systeme.com\/wp-content\/uploads\/2024\/02\/hense_logo.svg","contentUrl":"https:\/\/hense-systeme.com\/wp-content\/uploads\/2024\/02\/hense_logo.svg","width":241,"height":76,"caption":"Hense Systemtechnik GmbH &amp; Co. KG"},"image":{"@id":"https:\/\/hense-systeme.com\/fr\/#\/schema\/logo\/image\/"}}]}},"_links":{"self":[{"href":"https:\/\/hense-systeme.com\/fr\/wp-json\/wp\/v2\/product\/6587","targetHints":{"allow":["GET"]}}],"collection":[{"href":"https:\/\/hense-systeme.com\/fr\/wp-json\/wp\/v2\/product"}],"about":[{"href":"https:\/\/hense-systeme.com\/fr\/wp-json\/wp\/v2\/types\/product"}],"version-history":[{"count":3,"href":"https:\/\/hense-systeme.com\/fr\/wp-json\/wp\/v2\/product\/6587\/revisions"}],"predecessor-version":[{"id":10938,"href":"https:\/\/hense-systeme.com\/fr\/wp-json\/wp\/v2\/product\/6587\/revisions\/10938"}],"wp:featuredmedia":[{"embeddable":true,"href":"https:\/\/hense-systeme.com\/fr\/wp-json\/wp\/v2\/media\/7353"}],"wp:attachment":[{"href":"https:\/\/hense-systeme.com\/fr\/wp-json\/wp\/v2\/media?parent=6587"}],"wp:term":[{"taxonomy":"product_applications","embeddable":true,"href":"https:\/\/hense-systeme.com\/fr\/wp-json\/wp\/v2\/product_applications?post=6587"},{"taxonomy":"product_category","embeddable":true,"href":"https:\/\/hense-systeme.com\/fr\/wp-json\/wp\/v2\/product_category?post=6587"}],"curies":[{"name":"wp","href":"https:\/\/api.w.org\/{rel}","templated":true}]}}