{"id":6595,"date":"2024-02-13T14:02:53","date_gmt":"2024-02-13T13:02:53","guid":{"rendered":"https:\/\/hense.pixel-tal.de\/produkt\/serie-hsb\/"},"modified":"2025-06-11T13:33:14","modified_gmt":"2025-06-11T11:33:14","slug":"serie-hsb","status":"publish","type":"product","link":"https:\/\/hense-systeme.com\/fr\/produkt\/serie-hsb\/","title":{"rendered":"Moteur d&#8217;orientation HSB"},"content":{"rendered":"<p>Notre moteur de pivotement pour vantaux rotatifs de la s\u00e9rie HSB peut \u00eatre utilis\u00e9 dans n&#8217;importe quelle position de montage. Le moteur d&#8217;orientation avec frein multidisque \u00e0 pression de ressort \u00e0 desserrage hydraulique est recommand\u00e9 lorsqu&#8217;une position d&#8217;orientation doit rester inchang\u00e9e malgr\u00e9 l&#8217;application d&#8217;un couple de charge, m\u00eame sur une p\u00e9riode illimit\u00e9e. Dans ce cas, le frein sert uniquement \u00e0 maintenir la charge. Il faut simplement tenir compte du fait que d&#8217;importants retards de transmission dans les conduites peuvent entra\u00eener des diff\u00e9rences de temps entre l&#8217;arr\u00eat du moteur d&#8217;orientation et l&#8217;enclenchement du frein lib\u00e9r\u00e9 par la force du ressort.   <\/p>\n<p>Afin de proposer \u00e0 nos clients un entra\u00eenement adapt\u00e9 \u00e0 tous les domaines d&#8217;application, le moteur rotatif HSB est disponible en 5 variantes diff\u00e9rentes. Nous avons list\u00e9 ci-dessous les donn\u00e9es les plus importantes. Vous trouverez tous les autres d\u00e9tails dans notre fiche technique.  <\/p>","protected":false},"excerpt":{"rendered":"<p>Les moteurs de pivotement sont utilis\u00e9s lorsqu&#8217;une position de pivotement une fois atteinte doit rester inchang\u00e9e malgr\u00e9 l&#8217;action d&#8217;un couple de charge.<\/p>\n","protected":false},"featured_media":7215,"parent":0,"template":"","product_applications":[60,61,62],"product_category":[80],"class_list":["post-6595","product","type-product","status-publish","has-post-thumbnail","hentry","product_applications-construction-mecanique-generale","product_applications-technique-de-manutention","product_applications-construction-de-machines-speciales","product_category-moteurs-de-pivotement-pour-application-industrielle","no-featured-image-padding"],"acf":[],"yoast_head":"<!-- This site is optimized with the Yoast SEO plugin v27.3 - https:\/\/yoast.com\/product\/yoast-seo-wordpress\/ -->\n<title>Moteur de rotation de palettes avec frein de maintien | S\u00e9rie HSB<\/title>\n<meta name=\"description\" content=\"Moteurs de pivotement des vantaux avec freins de maintien \u00e0 desserrage hydraulique pour une position de pivotement inchang\u00e9e pendant longtemps \u25ba Informez-vous maintenant !\" \/>\n<meta name=\"robots\" content=\"index, follow, max-snippet:-1, max-image-preview:large, max-video-preview:-1\" \/>\n<link rel=\"canonical\" href=\"https:\/\/hense-systeme.com\/fr\/produkt\/serie-hsb\/\" \/>\n<meta property=\"og:locale\" content=\"fr_FR\" \/>\n<meta property=\"og:type\" content=\"article\" \/>\n<meta property=\"og:title\" content=\"Moteur de rotation de palettes avec frein de maintien | S\u00e9rie HSB\" \/>\n<meta property=\"og:description\" content=\"Moteurs de pivotement des vantaux avec freins de maintien \u00e0 desserrage hydraulique pour une position de pivotement inchang\u00e9e pendant longtemps \u25ba Informez-vous maintenant !\" \/>\n<meta property=\"og:url\" content=\"https:\/\/hense-systeme.com\/fr\/produkt\/serie-hsb\/\" \/>\n<meta property=\"og:site_name\" content=\"Hense Systemtechnik GmbH &amp; Co. KG\" \/>\n<meta property=\"article:modified_time\" content=\"2025-06-11T11:33:14+00:00\" \/>\n<meta property=\"og:image\" content=\"https:\/\/hense-systeme.com\/wp-content\/uploads\/produkte_baureihe-hsb.png\" \/>\n\t<meta property=\"og:image:width\" content=\"650\" \/>\n\t<meta property=\"og:image:height\" content=\"307\" \/>\n\t<meta property=\"og:image:type\" content=\"image\/png\" \/>\n<meta name=\"twitter:card\" content=\"summary_large_image\" \/>\n<meta name=\"twitter:label1\" content=\"Dur\u00e9e de lecture estim\u00e9e\" \/>\n\t<meta name=\"twitter:data1\" content=\"1 minute\" \/>\n<script type=\"application\/ld+json\" class=\"yoast-schema-graph\">{\"@context\":\"https:\\\/\\\/schema.org\",\"@graph\":[{\"@type\":\"WebPage\",\"@id\":\"https:\\\/\\\/hense-systeme.com\\\/fr\\\/produkt\\\/serie-hsb\\\/\",\"url\":\"https:\\\/\\\/hense-systeme.com\\\/fr\\\/produkt\\\/serie-hsb\\\/\",\"name\":\"Moteur de rotation de palettes avec frein de maintien | S\u00e9rie HSB\",\"isPartOf\":{\"@id\":\"https:\\\/\\\/hense-systeme.com\\\/fr\\\/#website\"},\"primaryImageOfPage\":{\"@id\":\"https:\\\/\\\/hense-systeme.com\\\/fr\\\/produkt\\\/serie-hsb\\\/#primaryimage\"},\"image\":{\"@id\":\"https:\\\/\\\/hense-systeme.com\\\/fr\\\/produkt\\\/serie-hsb\\\/#primaryimage\"},\"thumbnailUrl\":\"https:\\\/\\\/hense-systeme.com\\\/wp-content\\\/uploads\\\/produkte_baureihe-hsb.png\",\"datePublished\":\"2024-02-13T13:02:53+00:00\",\"dateModified\":\"2025-06-11T11:33:14+00:00\",\"description\":\"Moteurs de pivotement des vantaux avec freins de maintien \u00e0 desserrage hydraulique pour une position de pivotement inchang\u00e9e pendant longtemps \u25ba Informez-vous maintenant !\",\"breadcrumb\":{\"@id\":\"https:\\\/\\\/hense-systeme.com\\\/fr\\\/produkt\\\/serie-hsb\\\/#breadcrumb\"},\"inLanguage\":\"fr-FR\",\"potentialAction\":[{\"@type\":\"ReadAction\",\"target\":[\"https:\\\/\\\/hense-systeme.com\\\/fr\\\/produkt\\\/serie-hsb\\\/\"]}]},{\"@type\":\"ImageObject\",\"inLanguage\":\"fr-FR\",\"@id\":\"https:\\\/\\\/hense-systeme.com\\\/fr\\\/produkt\\\/serie-hsb\\\/#primaryimage\",\"url\":\"https:\\\/\\\/hense-systeme.com\\\/wp-content\\\/uploads\\\/produkte_baureihe-hsb.png\",\"contentUrl\":\"https:\\\/\\\/hense-systeme.com\\\/wp-content\\\/uploads\\\/produkte_baureihe-hsb.png\",\"width\":650,\"height\":307},{\"@type\":\"BreadcrumbList\",\"@id\":\"https:\\\/\\\/hense-systeme.com\\\/fr\\\/produkt\\\/serie-hsb\\\/#breadcrumb\",\"itemListElement\":[{\"@type\":\"ListItem\",\"position\":1,\"name\":\"Startseite\",\"item\":\"https:\\\/\\\/hense-systeme.com\\\/fr\\\/\"},{\"@type\":\"ListItem\",\"position\":2,\"name\":\"Produkte\",\"item\":\"https:\\\/\\\/hense-systeme.com\\\/fr\\\/produkt\\\/\"},{\"@type\":\"ListItem\",\"position\":3,\"name\":\"Moteur d&#8217;orientation HSB\"}]},{\"@type\":\"WebSite\",\"@id\":\"https:\\\/\\\/hense-systeme.com\\\/fr\\\/#website\",\"url\":\"https:\\\/\\\/hense-systeme.com\\\/fr\\\/\",\"name\":\"Hense Systemtechnik GmbH &amp; Co. KG\",\"description\":\"\",\"publisher\":{\"@id\":\"https:\\\/\\\/hense-systeme.com\\\/fr\\\/#organization\"},\"potentialAction\":[{\"@type\":\"SearchAction\",\"target\":{\"@type\":\"EntryPoint\",\"urlTemplate\":\"https:\\\/\\\/hense-systeme.com\\\/fr\\\/?s={search_term_string}\"},\"query-input\":{\"@type\":\"PropertyValueSpecification\",\"valueRequired\":true,\"valueName\":\"search_term_string\"}}],\"inLanguage\":\"fr-FR\"},{\"@type\":\"Organization\",\"@id\":\"https:\\\/\\\/hense-systeme.com\\\/fr\\\/#organization\",\"name\":\"Hense Systemtechnik GmbH &amp; Co. KG\",\"url\":\"https:\\\/\\\/hense-systeme.com\\\/fr\\\/\",\"logo\":{\"@type\":\"ImageObject\",\"inLanguage\":\"fr-FR\",\"@id\":\"https:\\\/\\\/hense-systeme.com\\\/fr\\\/#\\\/schema\\\/logo\\\/image\\\/\",\"url\":\"https:\\\/\\\/hense-systeme.com\\\/wp-content\\\/uploads\\\/2024\\\/02\\\/hense_logo.svg\",\"contentUrl\":\"https:\\\/\\\/hense-systeme.com\\\/wp-content\\\/uploads\\\/2024\\\/02\\\/hense_logo.svg\",\"width\":241,\"height\":76,\"caption\":\"Hense Systemtechnik GmbH &amp; Co. KG\"},\"image\":{\"@id\":\"https:\\\/\\\/hense-systeme.com\\\/fr\\\/#\\\/schema\\\/logo\\\/image\\\/\"}}]}<\/script>\n<!-- \/ Yoast SEO plugin. -->","yoast_head_json":{"title":"Moteur de rotation de palettes avec frein de maintien | S\u00e9rie HSB","description":"Moteurs de pivotement des vantaux avec freins de maintien \u00e0 desserrage hydraulique pour une position de pivotement inchang\u00e9e pendant longtemps \u25ba Informez-vous maintenant !","robots":{"index":"index","follow":"follow","max-snippet":"max-snippet:-1","max-image-preview":"max-image-preview:large","max-video-preview":"max-video-preview:-1"},"canonical":"https:\/\/hense-systeme.com\/fr\/produkt\/serie-hsb\/","og_locale":"fr_FR","og_type":"article","og_title":"Moteur de rotation de palettes avec frein de maintien | S\u00e9rie HSB","og_description":"Moteurs de pivotement des vantaux avec freins de maintien \u00e0 desserrage hydraulique pour une position de pivotement inchang\u00e9e pendant longtemps \u25ba Informez-vous maintenant !","og_url":"https:\/\/hense-systeme.com\/fr\/produkt\/serie-hsb\/","og_site_name":"Hense Systemtechnik GmbH &amp; Co. KG","article_modified_time":"2025-06-11T11:33:14+00:00","og_image":[{"width":650,"height":307,"url":"https:\/\/hense-systeme.com\/wp-content\/uploads\/produkte_baureihe-hsb.png","type":"image\/png"}],"twitter_card":"summary_large_image","twitter_misc":{"Dur\u00e9e de lecture estim\u00e9e":"1 minute"},"schema":{"@context":"https:\/\/schema.org","@graph":[{"@type":"WebPage","@id":"https:\/\/hense-systeme.com\/fr\/produkt\/serie-hsb\/","url":"https:\/\/hense-systeme.com\/fr\/produkt\/serie-hsb\/","name":"Moteur de rotation de palettes avec frein de maintien | S\u00e9rie HSB","isPartOf":{"@id":"https:\/\/hense-systeme.com\/fr\/#website"},"primaryImageOfPage":{"@id":"https:\/\/hense-systeme.com\/fr\/produkt\/serie-hsb\/#primaryimage"},"image":{"@id":"https:\/\/hense-systeme.com\/fr\/produkt\/serie-hsb\/#primaryimage"},"thumbnailUrl":"https:\/\/hense-systeme.com\/wp-content\/uploads\/produkte_baureihe-hsb.png","datePublished":"2024-02-13T13:02:53+00:00","dateModified":"2025-06-11T11:33:14+00:00","description":"Moteurs de pivotement des vantaux avec freins de maintien \u00e0 desserrage hydraulique pour une position de pivotement inchang\u00e9e pendant longtemps \u25ba Informez-vous maintenant !","breadcrumb":{"@id":"https:\/\/hense-systeme.com\/fr\/produkt\/serie-hsb\/#breadcrumb"},"inLanguage":"fr-FR","potentialAction":[{"@type":"ReadAction","target":["https:\/\/hense-systeme.com\/fr\/produkt\/serie-hsb\/"]}]},{"@type":"ImageObject","inLanguage":"fr-FR","@id":"https:\/\/hense-systeme.com\/fr\/produkt\/serie-hsb\/#primaryimage","url":"https:\/\/hense-systeme.com\/wp-content\/uploads\/produkte_baureihe-hsb.png","contentUrl":"https:\/\/hense-systeme.com\/wp-content\/uploads\/produkte_baureihe-hsb.png","width":650,"height":307},{"@type":"BreadcrumbList","@id":"https:\/\/hense-systeme.com\/fr\/produkt\/serie-hsb\/#breadcrumb","itemListElement":[{"@type":"ListItem","position":1,"name":"Startseite","item":"https:\/\/hense-systeme.com\/fr\/"},{"@type":"ListItem","position":2,"name":"Produkte","item":"https:\/\/hense-systeme.com\/fr\/produkt\/"},{"@type":"ListItem","position":3,"name":"Moteur d&#8217;orientation HSB"}]},{"@type":"WebSite","@id":"https:\/\/hense-systeme.com\/fr\/#website","url":"https:\/\/hense-systeme.com\/fr\/","name":"Hense Systemtechnik GmbH &amp; Co. KG","description":"","publisher":{"@id":"https:\/\/hense-systeme.com\/fr\/#organization"},"potentialAction":[{"@type":"SearchAction","target":{"@type":"EntryPoint","urlTemplate":"https:\/\/hense-systeme.com\/fr\/?s={search_term_string}"},"query-input":{"@type":"PropertyValueSpecification","valueRequired":true,"valueName":"search_term_string"}}],"inLanguage":"fr-FR"},{"@type":"Organization","@id":"https:\/\/hense-systeme.com\/fr\/#organization","name":"Hense Systemtechnik GmbH &amp; Co. KG","url":"https:\/\/hense-systeme.com\/fr\/","logo":{"@type":"ImageObject","inLanguage":"fr-FR","@id":"https:\/\/hense-systeme.com\/fr\/#\/schema\/logo\/image\/","url":"https:\/\/hense-systeme.com\/wp-content\/uploads\/2024\/02\/hense_logo.svg","contentUrl":"https:\/\/hense-systeme.com\/wp-content\/uploads\/2024\/02\/hense_logo.svg","width":241,"height":76,"caption":"Hense Systemtechnik GmbH &amp; Co. KG"},"image":{"@id":"https:\/\/hense-systeme.com\/fr\/#\/schema\/logo\/image\/"}}]}},"_links":{"self":[{"href":"https:\/\/hense-systeme.com\/fr\/wp-json\/wp\/v2\/product\/6595","targetHints":{"allow":["GET"]}}],"collection":[{"href":"https:\/\/hense-systeme.com\/fr\/wp-json\/wp\/v2\/product"}],"about":[{"href":"https:\/\/hense-systeme.com\/fr\/wp-json\/wp\/v2\/types\/product"}],"version-history":[{"count":4,"href":"https:\/\/hense-systeme.com\/fr\/wp-json\/wp\/v2\/product\/6595\/revisions"}],"predecessor-version":[{"id":10940,"href":"https:\/\/hense-systeme.com\/fr\/wp-json\/wp\/v2\/product\/6595\/revisions\/10940"}],"wp:featuredmedia":[{"embeddable":true,"href":"https:\/\/hense-systeme.com\/fr\/wp-json\/wp\/v2\/media\/7215"}],"wp:attachment":[{"href":"https:\/\/hense-systeme.com\/fr\/wp-json\/wp\/v2\/media?parent=6595"}],"wp:term":[{"taxonomy":"product_applications","embeddable":true,"href":"https:\/\/hense-systeme.com\/fr\/wp-json\/wp\/v2\/product_applications?post=6595"},{"taxonomy":"product_category","embeddable":true,"href":"https:\/\/hense-systeme.com\/fr\/wp-json\/wp\/v2\/product_category?post=6595"}],"curies":[{"name":"wp","href":"https:\/\/api.w.org\/{rel}","templated":true}]}}