{"id":6601,"date":"2024-02-13T14:02:53","date_gmt":"2024-02-13T13:02:53","guid":{"rendered":"https:\/\/hense.pixel-tal.de\/produkt\/serie-hsh\/"},"modified":"2025-06-11T13:33:07","modified_gmt":"2025-06-11T11:33:07","slug":"serie-hsh","status":"publish","type":"product","link":"https:\/\/hense-systeme.com\/fr\/produkt\/serie-hsh\/","title":{"rendered":"Moteur d&#8217;orientation HSH"},"content":{"rendered":"<p>Notre moteur pivotant \u00e0 palettes de la s\u00e9rie HSH peut \u00eatre utilis\u00e9 dans n&#8217;importe quelle position de montage. Dans le moteur pivotant, l&#8217;arbre de sortie est log\u00e9 de mani\u00e8re hydrostatique dans le sens radial et axial. Des poches de palier dispos\u00e9es radialement et axialement sont aliment\u00e9es en huile sous pression via un raccord de pression s\u00e9par\u00e9. L&#8217;arbre de sortie est ainsi centr\u00e9 radialement et axialement entre des coussins de liquide et toutes les surfaces de contact m\u00e9talliques sont s\u00e9par\u00e9es durablement les unes des autres par un mince film de liquide. L&#8217;usure due au frottement m\u00e9tallique est ainsi \u00e9limin\u00e9e dans toutes les conditions de fonctionnement, m\u00eame \u00e0 une vitesse nulle par rapport au palier lisse hydrodynamique.    <\/p>\n<p>Associ\u00e9s \u00e0 des vannes de r\u00e9gulation hautement dynamiques et \u00e0 des capteurs d&#8217;angle de rotation, ces actionneurs sont de pr\u00e9f\u00e9rence utilis\u00e9s dans des syst\u00e8mes r\u00e9gul\u00e9s dans lesquels les perturbations telles que le frottement propre et l&#8217;effet stick-slip doivent \u00eatre r\u00e9duites au minimum. En outre, en raison de l&#8217;absence de joints internes, ils conviennent parfaitement aux s\u00e9ries d&#8217;essais avec les plus grands nombres de cycles de charge, pour lesquels une interruption, par exemple en raison du remplacement des joints internes, n&#8217;est pas autoris\u00e9e. <\/p>\n<p>Ainsi, la s\u00e9rie HSH est pr\u00e9destin\u00e9e \u00e0 \u00eatre utilis\u00e9e comme <strong>vibrateur hydraulique servo<\/strong> et dans les <strong>bancs d&#8217;essai de tension<\/strong> comme <strong>moteur de tension hydraulique<\/strong>.<\/p>\n<p><img loading=\"lazy\" decoding=\"async\" class=\"alignnone wp-image-3196 size-full\" style=\"color: #333333; font-family: -apple-system, system-ui, BlinkMacSystemFont, 'Segoe UI', Helvetica, Arial, sans-serif, 'Apple Color Emoji', 'Segoe UI Emoji', 'Segoe UI Symbol'; font-size: 17px; font-weight: 400; letter-spacing: normal;\" src=\"https:\/\/hense-systeme.com\/wp-content\/uploads\/baureihe_hss_specs.png\" alt=\"\" width=\"830\" height=\"392\" srcset=\"https:\/\/hense-systeme.com\/wp-content\/uploads\/baureihe_hss_specs.png 830w, https:\/\/hense-systeme.com\/wp-content\/uploads\/baureihe_hss_specs-300x142.png 300w, https:\/\/hense-systeme.com\/wp-content\/uploads\/baureihe_hss_specs-768x363.png 768w, https:\/\/hense-systeme.com\/wp-content\/uploads\/baureihe_hss_specs-1x1.png 1w\" sizes=\"auto, (max-width: 830px) 100vw, 830px\" \/><\/p>\n<p><strong>Banc<\/strong><strong>d&#8217;essai de tension<\/strong><strong><br \/>\n<\/strong>Le moteur de tension hydraulique est int\u00e9gr\u00e9 dans un circuit de tension ferm\u00e9 avec retour de puissance. Le moteur de pivotement tourne avec et est aliment\u00e9 en \u00e9nergie par un joint tournant \u00e0 plusieurs voies, tandis qu&#8217;il sollicite les brins rotatifs les uns par rapport aux autres de mani\u00e8re r\u00e9gul\u00e9e avec un couple de torsion agissant de mani\u00e8re statique, quasi-statique ou dynamique. <\/p>\n<p>Nous proposons des solutions personnalis\u00e9es pour les applications les plus diverses. Notre \u00e9quipe qualifi\u00e9e se fera un plaisir de vous conseiller pour la conception et la r\u00e9alisation. <\/p>","protected":false},"excerpt":{"rendered":"<p>Les moteurs HSH sont utilis\u00e9s de pr\u00e9f\u00e9rence dans des syst\u00e8mes \u00e0 r\u00e9gulation hautement dynamique avec des mouvements oscillants de pivotement, pour lesquels les facteurs perturbateurs, tels que le frottement propre et l&#8217;effet stick-slip, doivent \u00eatre r\u00e9duits au minimum et des cycles de charge tr\u00e8s \u00e9lev\u00e9s doivent \u00eatre atteints.<\/p>\n","protected":false},"featured_media":7338,"parent":0,"template":"","product_applications":[],"product_category":[79],"class_list":["post-6601","product","type-product","status-publish","has-post-thumbnail","hentry","product_category-technique-de-banc-dessai","no-featured-image-padding"],"acf":[],"yoast_head":"<!-- This site is optimized with the Yoast SEO plugin v27.3 - https:\/\/yoast.com\/product\/yoast-seo-wordpress\/ -->\n<title>Moteur pivotant \u00e0 palettes avec arbre d&#039;entra\u00eenement | S\u00e9rie HSH<\/title>\n<meta name=\"description\" content=\"Moteurs hydrauliques rotatifs de la s\u00e9rie HSH avec arbres de commande \u00e0 paliers hydrostatiques radiaux &amp; axiaux pour syst\u00e8mes r\u00e9gul\u00e9s &amp; s\u00e9ries d&#039;essais \u25ba En savoir plus maintenant !\" \/>\n<meta name=\"robots\" content=\"index, follow, max-snippet:-1, max-image-preview:large, max-video-preview:-1\" \/>\n<link rel=\"canonical\" href=\"https:\/\/hense-systeme.com\/fr\/produkt\/serie-hsh\/\" \/>\n<meta property=\"og:locale\" content=\"fr_FR\" \/>\n<meta property=\"og:type\" content=\"article\" \/>\n<meta property=\"og:title\" content=\"Moteur pivotant \u00e0 palettes avec arbre d&#039;entra\u00eenement | S\u00e9rie HSH\" \/>\n<meta property=\"og:description\" content=\"Moteurs hydrauliques rotatifs de la s\u00e9rie HSH avec arbres de commande \u00e0 paliers hydrostatiques radiaux &amp; axiaux pour syst\u00e8mes r\u00e9gul\u00e9s &amp; s\u00e9ries d&#039;essais \u25ba En savoir plus maintenant !\" \/>\n<meta property=\"og:url\" content=\"https:\/\/hense-systeme.com\/fr\/produkt\/serie-hsh\/\" \/>\n<meta property=\"og:site_name\" content=\"Hense Systemtechnik GmbH &amp; Co. KG\" \/>\n<meta property=\"article:modified_time\" content=\"2025-06-11T11:33:07+00:00\" \/>\n<meta property=\"og:image\" content=\"https:\/\/hense-systeme.com\/wp-content\/uploads\/produkte_baureihe-hsh.png\" \/>\n\t<meta property=\"og:image:width\" content=\"467\" \/>\n\t<meta property=\"og:image:height\" content=\"442\" \/>\n\t<meta property=\"og:image:type\" content=\"image\/png\" \/>\n<meta name=\"twitter:card\" content=\"summary_large_image\" \/>\n<meta name=\"twitter:label1\" content=\"Dur\u00e9e de lecture estim\u00e9e\" \/>\n\t<meta name=\"twitter:data1\" content=\"3 minutes\" \/>\n<script type=\"application\/ld+json\" class=\"yoast-schema-graph\">{\"@context\":\"https:\\\/\\\/schema.org\",\"@graph\":[{\"@type\":\"WebPage\",\"@id\":\"https:\\\/\\\/hense-systeme.com\\\/fr\\\/produkt\\\/serie-hsh\\\/\",\"url\":\"https:\\\/\\\/hense-systeme.com\\\/fr\\\/produkt\\\/serie-hsh\\\/\",\"name\":\"Moteur pivotant \u00e0 palettes avec arbre d'entra\u00eenement | S\u00e9rie HSH\",\"isPartOf\":{\"@id\":\"https:\\\/\\\/hense-systeme.com\\\/fr\\\/#website\"},\"primaryImageOfPage\":{\"@id\":\"https:\\\/\\\/hense-systeme.com\\\/fr\\\/produkt\\\/serie-hsh\\\/#primaryimage\"},\"image\":{\"@id\":\"https:\\\/\\\/hense-systeme.com\\\/fr\\\/produkt\\\/serie-hsh\\\/#primaryimage\"},\"thumbnailUrl\":\"https:\\\/\\\/hense-systeme.com\\\/wp-content\\\/uploads\\\/produkte_baureihe-hsh.png\",\"datePublished\":\"2024-02-13T13:02:53+00:00\",\"dateModified\":\"2025-06-11T11:33:07+00:00\",\"description\":\"Moteurs hydrauliques rotatifs de la s\u00e9rie HSH avec arbres de commande \u00e0 paliers hydrostatiques radiaux & axiaux pour syst\u00e8mes r\u00e9gul\u00e9s & s\u00e9ries d'essais \u25ba En savoir plus maintenant !\",\"breadcrumb\":{\"@id\":\"https:\\\/\\\/hense-systeme.com\\\/fr\\\/produkt\\\/serie-hsh\\\/#breadcrumb\"},\"inLanguage\":\"fr-FR\",\"potentialAction\":[{\"@type\":\"ReadAction\",\"target\":[\"https:\\\/\\\/hense-systeme.com\\\/fr\\\/produkt\\\/serie-hsh\\\/\"]}]},{\"@type\":\"ImageObject\",\"inLanguage\":\"fr-FR\",\"@id\":\"https:\\\/\\\/hense-systeme.com\\\/fr\\\/produkt\\\/serie-hsh\\\/#primaryimage\",\"url\":\"https:\\\/\\\/hense-systeme.com\\\/wp-content\\\/uploads\\\/produkte_baureihe-hsh.png\",\"contentUrl\":\"https:\\\/\\\/hense-systeme.com\\\/wp-content\\\/uploads\\\/produkte_baureihe-hsh.png\",\"width\":467,\"height\":442},{\"@type\":\"BreadcrumbList\",\"@id\":\"https:\\\/\\\/hense-systeme.com\\\/fr\\\/produkt\\\/serie-hsh\\\/#breadcrumb\",\"itemListElement\":[{\"@type\":\"ListItem\",\"position\":1,\"name\":\"Startseite\",\"item\":\"https:\\\/\\\/hense-systeme.com\\\/fr\\\/\"},{\"@type\":\"ListItem\",\"position\":2,\"name\":\"Produkte\",\"item\":\"https:\\\/\\\/hense-systeme.com\\\/fr\\\/produkt\\\/\"},{\"@type\":\"ListItem\",\"position\":3,\"name\":\"Moteur d&#8217;orientation HSH\"}]},{\"@type\":\"WebSite\",\"@id\":\"https:\\\/\\\/hense-systeme.com\\\/fr\\\/#website\",\"url\":\"https:\\\/\\\/hense-systeme.com\\\/fr\\\/\",\"name\":\"Hense Systemtechnik GmbH &amp; Co. KG\",\"description\":\"\",\"publisher\":{\"@id\":\"https:\\\/\\\/hense-systeme.com\\\/fr\\\/#organization\"},\"potentialAction\":[{\"@type\":\"SearchAction\",\"target\":{\"@type\":\"EntryPoint\",\"urlTemplate\":\"https:\\\/\\\/hense-systeme.com\\\/fr\\\/?s={search_term_string}\"},\"query-input\":{\"@type\":\"PropertyValueSpecification\",\"valueRequired\":true,\"valueName\":\"search_term_string\"}}],\"inLanguage\":\"fr-FR\"},{\"@type\":\"Organization\",\"@id\":\"https:\\\/\\\/hense-systeme.com\\\/fr\\\/#organization\",\"name\":\"Hense Systemtechnik GmbH &amp; Co. KG\",\"url\":\"https:\\\/\\\/hense-systeme.com\\\/fr\\\/\",\"logo\":{\"@type\":\"ImageObject\",\"inLanguage\":\"fr-FR\",\"@id\":\"https:\\\/\\\/hense-systeme.com\\\/fr\\\/#\\\/schema\\\/logo\\\/image\\\/\",\"url\":\"https:\\\/\\\/hense-systeme.com\\\/wp-content\\\/uploads\\\/2024\\\/02\\\/hense_logo.svg\",\"contentUrl\":\"https:\\\/\\\/hense-systeme.com\\\/wp-content\\\/uploads\\\/2024\\\/02\\\/hense_logo.svg\",\"width\":241,\"height\":76,\"caption\":\"Hense Systemtechnik GmbH &amp; Co. KG\"},\"image\":{\"@id\":\"https:\\\/\\\/hense-systeme.com\\\/fr\\\/#\\\/schema\\\/logo\\\/image\\\/\"}}]}<\/script>\n<!-- \/ Yoast SEO plugin. -->","yoast_head_json":{"title":"Moteur pivotant \u00e0 palettes avec arbre d'entra\u00eenement | S\u00e9rie HSH","description":"Moteurs hydrauliques rotatifs de la s\u00e9rie HSH avec arbres de commande \u00e0 paliers hydrostatiques radiaux & axiaux pour syst\u00e8mes r\u00e9gul\u00e9s & s\u00e9ries d'essais \u25ba En savoir plus maintenant !","robots":{"index":"index","follow":"follow","max-snippet":"max-snippet:-1","max-image-preview":"max-image-preview:large","max-video-preview":"max-video-preview:-1"},"canonical":"https:\/\/hense-systeme.com\/fr\/produkt\/serie-hsh\/","og_locale":"fr_FR","og_type":"article","og_title":"Moteur pivotant \u00e0 palettes avec arbre d'entra\u00eenement | S\u00e9rie HSH","og_description":"Moteurs hydrauliques rotatifs de la s\u00e9rie HSH avec arbres de commande \u00e0 paliers hydrostatiques radiaux & axiaux pour syst\u00e8mes r\u00e9gul\u00e9s & s\u00e9ries d'essais \u25ba En savoir plus maintenant !","og_url":"https:\/\/hense-systeme.com\/fr\/produkt\/serie-hsh\/","og_site_name":"Hense Systemtechnik GmbH &amp; Co. KG","article_modified_time":"2025-06-11T11:33:07+00:00","og_image":[{"width":467,"height":442,"url":"https:\/\/hense-systeme.com\/wp-content\/uploads\/produkte_baureihe-hsh.png","type":"image\/png"}],"twitter_card":"summary_large_image","twitter_misc":{"Dur\u00e9e de lecture estim\u00e9e":"3 minutes"},"schema":{"@context":"https:\/\/schema.org","@graph":[{"@type":"WebPage","@id":"https:\/\/hense-systeme.com\/fr\/produkt\/serie-hsh\/","url":"https:\/\/hense-systeme.com\/fr\/produkt\/serie-hsh\/","name":"Moteur pivotant \u00e0 palettes avec arbre d'entra\u00eenement | S\u00e9rie HSH","isPartOf":{"@id":"https:\/\/hense-systeme.com\/fr\/#website"},"primaryImageOfPage":{"@id":"https:\/\/hense-systeme.com\/fr\/produkt\/serie-hsh\/#primaryimage"},"image":{"@id":"https:\/\/hense-systeme.com\/fr\/produkt\/serie-hsh\/#primaryimage"},"thumbnailUrl":"https:\/\/hense-systeme.com\/wp-content\/uploads\/produkte_baureihe-hsh.png","datePublished":"2024-02-13T13:02:53+00:00","dateModified":"2025-06-11T11:33:07+00:00","description":"Moteurs hydrauliques rotatifs de la s\u00e9rie HSH avec arbres de commande \u00e0 paliers hydrostatiques radiaux & axiaux pour syst\u00e8mes r\u00e9gul\u00e9s & s\u00e9ries d'essais \u25ba En savoir plus maintenant !","breadcrumb":{"@id":"https:\/\/hense-systeme.com\/fr\/produkt\/serie-hsh\/#breadcrumb"},"inLanguage":"fr-FR","potentialAction":[{"@type":"ReadAction","target":["https:\/\/hense-systeme.com\/fr\/produkt\/serie-hsh\/"]}]},{"@type":"ImageObject","inLanguage":"fr-FR","@id":"https:\/\/hense-systeme.com\/fr\/produkt\/serie-hsh\/#primaryimage","url":"https:\/\/hense-systeme.com\/wp-content\/uploads\/produkte_baureihe-hsh.png","contentUrl":"https:\/\/hense-systeme.com\/wp-content\/uploads\/produkte_baureihe-hsh.png","width":467,"height":442},{"@type":"BreadcrumbList","@id":"https:\/\/hense-systeme.com\/fr\/produkt\/serie-hsh\/#breadcrumb","itemListElement":[{"@type":"ListItem","position":1,"name":"Startseite","item":"https:\/\/hense-systeme.com\/fr\/"},{"@type":"ListItem","position":2,"name":"Produkte","item":"https:\/\/hense-systeme.com\/fr\/produkt\/"},{"@type":"ListItem","position":3,"name":"Moteur d&#8217;orientation HSH"}]},{"@type":"WebSite","@id":"https:\/\/hense-systeme.com\/fr\/#website","url":"https:\/\/hense-systeme.com\/fr\/","name":"Hense Systemtechnik GmbH &amp; Co. KG","description":"","publisher":{"@id":"https:\/\/hense-systeme.com\/fr\/#organization"},"potentialAction":[{"@type":"SearchAction","target":{"@type":"EntryPoint","urlTemplate":"https:\/\/hense-systeme.com\/fr\/?s={search_term_string}"},"query-input":{"@type":"PropertyValueSpecification","valueRequired":true,"valueName":"search_term_string"}}],"inLanguage":"fr-FR"},{"@type":"Organization","@id":"https:\/\/hense-systeme.com\/fr\/#organization","name":"Hense Systemtechnik GmbH &amp; Co. KG","url":"https:\/\/hense-systeme.com\/fr\/","logo":{"@type":"ImageObject","inLanguage":"fr-FR","@id":"https:\/\/hense-systeme.com\/fr\/#\/schema\/logo\/image\/","url":"https:\/\/hense-systeme.com\/wp-content\/uploads\/2024\/02\/hense_logo.svg","contentUrl":"https:\/\/hense-systeme.com\/wp-content\/uploads\/2024\/02\/hense_logo.svg","width":241,"height":76,"caption":"Hense Systemtechnik GmbH &amp; Co. KG"},"image":{"@id":"https:\/\/hense-systeme.com\/fr\/#\/schema\/logo\/image\/"}}]}},"_links":{"self":[{"href":"https:\/\/hense-systeme.com\/fr\/wp-json\/wp\/v2\/product\/6601","targetHints":{"allow":["GET"]}}],"collection":[{"href":"https:\/\/hense-systeme.com\/fr\/wp-json\/wp\/v2\/product"}],"about":[{"href":"https:\/\/hense-systeme.com\/fr\/wp-json\/wp\/v2\/types\/product"}],"version-history":[{"count":4,"href":"https:\/\/hense-systeme.com\/fr\/wp-json\/wp\/v2\/product\/6601\/revisions"}],"predecessor-version":[{"id":10928,"href":"https:\/\/hense-systeme.com\/fr\/wp-json\/wp\/v2\/product\/6601\/revisions\/10928"}],"wp:featuredmedia":[{"embeddable":true,"href":"https:\/\/hense-systeme.com\/fr\/wp-json\/wp\/v2\/media\/7338"}],"wp:attachment":[{"href":"https:\/\/hense-systeme.com\/fr\/wp-json\/wp\/v2\/media?parent=6601"}],"wp:term":[{"taxonomy":"product_applications","embeddable":true,"href":"https:\/\/hense-systeme.com\/fr\/wp-json\/wp\/v2\/product_applications?post=6601"},{"taxonomy":"product_category","embeddable":true,"href":"https:\/\/hense-systeme.com\/fr\/wp-json\/wp\/v2\/product_category?post=6601"}],"curies":[{"name":"wp","href":"https:\/\/api.w.org\/{rel}","templated":true}]}}