{"id":5833,"date":"2024-02-13T13:57:06","date_gmt":"2024-02-13T12:57:06","guid":{"rendered":"https:\/\/hense.pixel-tal.de\/prodotti\/attuatori-angolari-helac\/"},"modified":"2025-06-11T13:32:09","modified_gmt":"2025-06-11T11:32:09","slug":"attuatori-angolari-helac","status":"publish","type":"page","link":"https:\/\/hense-systeme.com\/it\/prodotti\/attuatori-angolari-helac\/","title":{"rendered":"Attuatori angolari Helac"},"content":{"rendered":"<section id=\"81727127\" class=\"hero hero-81727127 hero--text\" data-theme=\"dark\">\n\t\t\t\t\t\t\t\t<div class=\"acf-innerblocks-container\">\n\r\n\t\t\t       \r\n                    \r\n            <div id=\"46335c8e\" class=\"hero-item hero-item-46335c8e hero-item--image\">\r\n\t\t\t\t<div class=\"hero-canvas\">\r\n\t\t\t\t\t<div class=\"acf-innerblocks-container\">\n<div id=\"0928ea7c\" class=\"gb-container gb-container-0928ea7c center\" data-container-type=\"container\" data-theme=\"inherit\" data-aos=\"fade-up\">\n\n<div class=\"wp-block-pixel-headline headlines --subheadline-top has-text-align-center is-gap-sm center\"><h1 class=\"headline\" style=\"color:var(--base-3)\"><strong>Motori idraulici orientabili<\/strong><br>con filettatura ripida<strong><br><\/strong><\/h1><span class=\"subheadline\" style=\"color:var(--global-color-gruen)\">Prodotti<\/span><\/div>\n\n<\/div>\n<\/div>\r\n\t\t\t\t<\/div>\r\n\t\t\t\t<div class=\"hero-media hero-media-image\"><img loading=\"lazy\" decoding=\"async\" width=\"1920\" height=\"868\" src=\"https:\/\/hense-systeme.com\/wp-content\/uploads\/2024\/01\/home-image.png\" class=\"attachment-full size-full\" alt=\"\" srcset=\"https:\/\/hense-systeme.com\/wp-content\/uploads\/2024\/01\/home-image.png 1920w, https:\/\/hense-systeme.com\/wp-content\/uploads\/2024\/01\/home-image-300x136.png 300w, https:\/\/hense-systeme.com\/wp-content\/uploads\/2024\/01\/home-image-1024x463.png 1024w, https:\/\/hense-systeme.com\/wp-content\/uploads\/2024\/01\/home-image-768x347.png 768w, https:\/\/hense-systeme.com\/wp-content\/uploads\/2024\/01\/home-image-1536x694.png 1536w\" sizes=\"auto, (max-width: 1920px) 100vw, 1920px\" \/><\/div>            <\/div>\r\n\t\t\t\t\r\n            \r\n\t\t\t\r\n        \r\n            \n<\/div>\n\t\t\t\t\t\t\t\t\t\t\t\t<div id=\"start\"><\/div>\n\t\t\t<\/section>\n\t\t\t\t\n\t\t\t\n\t\t\t        \n            <section id=\"b6a6500f\" class=\"gb-section gb-container gb-container-b6a6500f\" data-container-type=\"section\" data-theme=\"dark\">\n<section id=\"cfe90332\" class=\"gb-inner-section gb-container gb-container-cfe90332\" data-container-type=\"container\" data-theme=\"inherit\">\n<div class=\"gb-grid-wrapper gb-grid-wrapper-e7261f94\">\n<div class=\"gb-grid-column gb-grid-column-32f3d6d6\"><div id=\"32f3d6d6\" class=\"gb-container gb-container-32f3d6d6\" data-container-type=\"container\" data-theme=\"inherit\" data-aos=\"fade-right\">\n\n<div class=\"wp-block-pixel-headline headlines --subheadline-top has-text-align-left\"><h2 class=\"headline\" style=\"color:\"><strong>Come partner di vendita per la <\/strong>Germania, l&#8217;Austria e il Benelux<\/h2><span class=\"subheadline\" style=\"color:\">Attuatori idraulici a rotazione parziale con ingranaggi elicoidali di Helac<\/span><\/div>\n\n\n\n<p class=\"wp-block-paragraph\">Helac Corporation produce attuatori idraulici a rotazione parziale di alta qualit\u00e0 con ingranaggi elicoidali fin dai primi anni &#8217;80. I loro prodotti sono caratterizzati da una combinazione molto speciale di elevata capacit\u00e0 di carico, coppia elevata, resistenza agli urti senza perdite e forma compatta. Oggi Helac \u00e8 leader nel settore dell&#8217;idraulica e vende direttamente a pi\u00f9 di 1000 produttori di apparecchiature originali, oltre che a grossisti e operatori di apparecchiature in un&#8217;ampia variet\u00e0 di mercati in tutto il mondo.  <br\/><br\/>In sostanza, Helac \u00e8 specializzata in soluzioni semplici, efficienti ed economiche che si traducono in un design razionale, in un aspetto migliore e in costi di produzione e assemblaggio inferiori.<\/p>\n\n\n<div id=\"84b8deba\" class=\"gb-container gb-container-84b8deba\" data-container-type=\"container\" data-theme=\"inherit\">\n\n<div class=\"wp-block-pixel-headline headlines --subheadline-top has-text-align-left is-gap-off\"><h2 class=\"headline\" style=\"color:\"><\/h2><span class=\"subheadline\" style=\"color:\">Una struttura su cui puoi contare<\/span><\/div>\n\n\n<div class=\"gb-grid-wrapper gb-grid-wrapper-eed932f8\">\n<div class=\"gb-grid-column gb-grid-column-2195ecdc\"><div id=\"2195ecdc\" class=\"gb-container gb-container-2195ecdc\" data-container-type=\"container\" data-theme=\"inherit\">\n\n<ul class=\"wp-block-list\">\n<li>Capacit\u00e0 di carico di carichi pesanti<\/li>\n\n\n\n<li>Posizionamento senza perdite e senza deriva<\/li>\n\n\n\n<li>Coppia in uscita elevata<\/li>\n<\/ul>\n\n<\/div><\/div>\n\n<div class=\"gb-grid-column gb-grid-column-2caf2aed\"><div id=\"2caf2aed\" class=\"gb-container gb-container-2caf2aed\" data-container-type=\"container\" data-theme=\"inherit\">\n\n<ul class=\"wp-block-list\">\n<li>Alta resistenza alla compressione<\/li>\n\n\n\n<li>Design ultracompatto<\/li>\n<\/ul>\n\n<\/div><\/div>\n<\/div>\n<\/div>\n<\/div><\/div>\n\n<div class=\"gb-grid-column gb-grid-column-09ecf06b\"><div id=\"09ecf06b\" class=\"gb-container gb-container-09ecf06b\" data-container-type=\"container\" data-theme=\"inherit\" data-aos=\"fade-left\">\n\n<figure class=\"gb-block-image gb-block-image-6ad14fae\"><img loading=\"lazy\" decoding=\"async\" width=\"644\" height=\"595\" class=\"gb-image gb-image-6ad14fae\" src=\"https:\/\/hense-systeme.com\/wp-content\/uploads\/produkte_helac.jpg\" alt=\"\" title=\"prodotti_helac\" srcset=\"https:\/\/hense-systeme.com\/wp-content\/uploads\/produkte_helac.jpg 644w, https:\/\/hense-systeme.com\/wp-content\/uploads\/produkte_helac-300x277.jpg 300w, https:\/\/hense-systeme.com\/wp-content\/uploads\/produkte_helac-1x1.jpg 1w\" sizes=\"auto, (max-width: 644px) 100vw, 644px\" \/><\/figure>\n\n<\/div><\/div>\n<\/div>\n<\/section>\n<\/section><section id=\"0e314c2e\" class=\"gb-section gb-container gb-container-0e314c2e alignfull\" data-container-type=\"section\" data-theme=\"dark\">\n<div id=\"256bbec6\" class=\"gb-inner-section gb-container gb-container-256bbec6 center\" data-container-type=\"container\" data-theme=\"inherit\">\n<div class=\"gb-grid-wrapper gb-grid-wrapper-7e356255\">\n<div class=\"gb-grid-column gb-grid-column-b9d5d676\"><div id=\"b9d5d676\" class=\"gb-container gb-container-b9d5d676\" data-container-type=\"container\" data-theme=\"inherit\" data-aos=\"fade-up\">\n\n<div class=\"wp-block-pixel-headline headlines --subheadline-top has-text-align-center\"><h2 class=\"headline\" style=\"color:\"><strong>Panoramica del prodotto<\/strong><\/h2><\/div>\n\n<\/div><\/div>\n<\/div>\n<\/div>\n<\/section><section id=\"e96e5b84\" class=\"gb-section gb-container gb-container-e96e5b84 alignfull gb-container-bg-radial-gradient-blue\" data-container-type=\"section\" data-theme=\"dark\">\n<div id=\"6e661d9e\" class=\"gb-inner-section gb-container gb-container-6e661d9e product_overlap center\" data-container-type=\"container\" data-theme=\"inherit\">\n<div class=\"gb-grid-wrapper gb-grid-wrapper-4ccc56db content_overview\">\n<div class=\"gb-grid-column gb-grid-column-61ec46a0\"><div id=\"61ec46a0\" class=\"gb-container gb-container-61ec46a0\" data-container-type=\"container\" data-theme=\"inherit\" data-aos=\"fade-up\" data-aos-delay=\"200\">\n\n\t\t\t \n\t\t\t\t\n\t\t\t\t<p>Nessun articolo trovato.<\/p>\n\t\t\t\t\n\t\t\t\t\t\t\t\n\t\t\t\n            <!-- end:grid -->\n        \n            \n<\/div><\/div>\n<\/div>\n<\/div>\n<\/section><section id=\"c33659b1\" class=\"gb-section gb-container gb-container-c33659b1\" data-container-type=\"section\" data-theme=\"dark\">\n<section id=\"40231590\" class=\"gb-inner-section gb-container gb-container-40231590\" data-container-type=\"container\" data-theme=\"inherit\">\n<div class=\"gb-grid-wrapper gb-grid-wrapper-b5d201f1\">\n<div class=\"gb-grid-column gb-grid-column-00d70859\"><div id=\"00d70859\" class=\"gb-container gb-container-00d70859\" data-container-type=\"container\" data-theme=\"inherit\" data-aos=\"fade-up\">\n\n<div class=\"wp-block-pixel-headline headlines --subheadline-top has-text-align-left\"><h2 class=\"headline\" style=\"color:\">Siamo felici di <strong>aiutarti<\/strong> <\/h2><span class=\"subheadline\" style=\"color:\">Hai altre domande?<\/span><\/div>\n\n<\/div><\/div>\n\n<div class=\"gb-grid-column gb-grid-column-64e43af8\"><div id=\"64e43af8\" class=\"gb-container gb-container-64e43af8\" data-container-type=\"container\" data-theme=\"inherit\" data-aos=\"fade-right\">\n<div class=\"contact-area\" style=\"--contacts-count:1;\"><div id=\"contact\" class=\"contact-area-form\">\n<div class=\"wpcf7 no-js\" id=\"wpcf7-f6331-o1\" lang=\"it-IT\" dir=\"ltr\" data-wpcf7-id=\"6331\">\n<div class=\"screen-reader-response\"><p role=\"status\" aria-live=\"polite\" aria-atomic=\"true\"><\/p> <ul><\/ul><\/div>\n<form action=\"\/it\/wp-json\/wp\/v2\/pages\/5833#wpcf7-f6331-o1\" method=\"post\" class=\"wpcf7-form init\" aria-label=\"Modulo di contatto\" novalidate=\"novalidate\" data-status=\"init\">\n<fieldset class=\"hidden-fields-container\"><input type=\"hidden\" name=\"_wpcf7\" value=\"6331\" \/><input type=\"hidden\" name=\"_wpcf7_version\" value=\"6.1.5\" \/><input type=\"hidden\" name=\"_wpcf7_locale\" value=\"it_IT\" \/><input type=\"hidden\" name=\"_wpcf7_unit_tag\" value=\"wpcf7-f6331-o1\" \/><input type=\"hidden\" name=\"_wpcf7_container_post\" value=\"0\" \/><input type=\"hidden\" name=\"_wpcf7_posted_data_hash\" value=\"\" \/><input type=\"hidden\" name=\"_wpcf7_recaptcha_response\" value=\"\" \/>\n<\/fieldset>\n<div class=\"form-fields\">\n    <div class=\"form-field\"><label>Nome e cognome*<\/label><span class=\"wpcf7-form-control-wrap\" data-name=\"name\"><input size=\"40\" maxlength=\"400\" class=\"wpcf7-form-control wpcf7-text wpcf7-validates-as-required\" aria-required=\"true\" aria-invalid=\"false\" value=\"\" type=\"text\" name=\"name\" \/><\/span><\/div>\n    <div class=\"form-field\"><label>L&#8217;azienda<\/label><span class=\"wpcf7-form-control-wrap\" data-name=\"company\"><input size=\"40\" maxlength=\"400\" class=\"wpcf7-form-control wpcf7-text\" aria-invalid=\"false\" value=\"\" type=\"text\" name=\"company\" \/><\/span><\/div>\n    <div class=\"form-field\"><label>Posizione<\/label><span class=\"wpcf7-form-control-wrap\" data-name=\"pos\"><input size=\"40\" maxlength=\"400\" class=\"wpcf7-form-control wpcf7-text\" aria-invalid=\"false\" value=\"\" type=\"text\" name=\"pos\" \/><\/span><\/div>\n    <div class=\"form-field\"><label>e-mail*<\/label><span class=\"wpcf7-form-control-wrap\" data-name=\"mail\"><input size=\"40\" maxlength=\"400\" class=\"wpcf7-form-control wpcf7-email wpcf7-validates-as-required wpcf7-text wpcf7-validates-as-email\" aria-required=\"true\" aria-invalid=\"false\" value=\"\" type=\"email\" name=\"mail\" \/><\/span><\/div>\n    <div class=\"form-field\"><label>Telefono<\/label><span class=\"wpcf7-form-control-wrap\" data-name=\"phone\"><input size=\"40\" maxlength=\"400\" class=\"wpcf7-form-control wpcf7-text\" aria-invalid=\"false\" value=\"\" type=\"text\" name=\"phone\" \/><\/span><\/div>\n    <div class=\"form-field textarea\"><label>Il vostro messaggio<\/label><span class=\"wpcf7-form-control-wrap\" data-name=\"message\"><textarea cols=\"40\" rows=\"10\" maxlength=\"2000\" class=\"wpcf7-form-control wpcf7-textarea\" aria-invalid=\"false\" name=\"message\"><\/textarea><\/span><\/div>\n<\/div>\n\n<span class=\"required\">* Campi obbligatori<\/span>\n<div class=\"form-fields form-footer\">\n<div class=\"form-privacy\"><span class=\"wpcf7-form-control-wrap\" data-name=\"ds\"><span class=\"wpcf7-form-control wpcf7-acceptance\"><span class=\"wpcf7-list-item\"><input type=\"checkbox\" name=\"ds\" value=\"1\" aria-invalid=\"false\" \/><\/span><\/span><\/span><span class=\"privacy-policy-note\">Accetto l&#8217;<a href=\"\/rechtliches\/datenschutz\/\" target=\"_blank\">informativa sulla privacy<\/a>. Questo modulo \u00e8 protetto da Google reCaptcha.<\/span><\/div>\n\n<\/div>\n<div class=\"form-submit\"><button id=\"submit\" class=\"wpcf7-form-control wpcf7-submit\">Invio<\/button><\/div><div class=\"wpcf7-response-output\" aria-hidden=\"true\"><\/div>\n<\/form>\n<\/div>\n<\/div><div id=\"\" class=\"grid grid-contacts contact-area-contacts\" style=\"--grid-columns:3;--grid-gap:2.5;\"><div class=\"grid-inner\"><div class=\"grid-item\"><div class=\"card card-contact card-contact-6289\" >\r\n\t\t\t\t<div class=\"card-media\"><img loading=\"lazy\" decoding=\"async\" width=\"730\" height=\"570\" src=\"https:\/\/hense-systeme.com\/wp-content\/uploads\/Hense_Lukas_Ostrzolek_neu.jpg\" class=\"attachment-contact size-contact\" alt=\"\" srcset=\"https:\/\/hense-systeme.com\/wp-content\/uploads\/Hense_Lukas_Ostrzolek_neu.jpg 730w, https:\/\/hense-systeme.com\/wp-content\/uploads\/Hense_Lukas_Ostrzolek_neu-300x234.jpg 300w, https:\/\/hense-systeme.com\/wp-content\/uploads\/Hense_Lukas_Ostrzolek_neu-1x1.jpg 1w\" sizes=\"auto, (max-width: 730px) 100vw, 730px\" \/><\/div>\t\t\t\t\r\n\t\t\t\t<div class=\"card-content\">\r\n\t\t\t\t\t<div class=\"card-inner\">\r\n\t\t\t\t\t\t<div class=\"card-headlines headlines --subheadline-bottom\"><span class=\"card-headline headline --h3\">Lukas Ostrzolek<\/span><span class=\"card-subheadline subheadline\">Gestione delle vendite<\/span><\/div>\t\t\t\t\t<\/div>\r\n\r\n\t\t\t\t\t<div class=\"card-action team-information\"><span class=\"card-line card-line-contact\"><div class=\"card-action\"><span class=\"card-line card-line-phone\"><span>Tel: <\/span><a href=\"tel:0234-95388-33\" target=\"_blank\" rel=\"nofollow\">0234 &#8211; 95388 &#8211; 33<\/a><\/span><span class=\"card-line card-line-email\"><a href=\"mailto:lukas.ostrzolek@hense-systeme.de\" target=\"_blank\" rel=\"nofollow\">lukas.ostrzolek@hense-systeme.de<\/a><\/span><\/div><\/span><\/div>\t\t\t\t<\/div>\r\n\t\t\t<\/div><\/div><\/div><div class=\"swiper-pagination\"><\/div><\/div><\/div>\n<\/div><\/div>\n<\/div>\n<\/section>\n<\/section>","protected":false},"excerpt":{"rendered":"","protected":false},"author":1,"featured_media":0,"parent":5574,"menu_order":3,"comment_status":"closed","ping_status":"closed","template":"","meta":{"_acf_changed":false,"_crdt_document":"","footnotes":""},"class_list":{"0":"post-5833","1":"page","2":"type-page","3":"status-publish","5":"no-featured-image-padding"},"acf":[],"yoast_head":"<!-- This site is optimized with the Yoast SEO plugin v27.3 - https:\/\/yoast.com\/product\/yoast-seo-wordpress\/ -->\n<title>Motori girevoli a filo continuo di HELAC | Hense<\/title>\n<meta name=\"description\" content=\"Rallegramenti idraulici HELAC con ingranaggi elicoidali. Capacit\u00e0 di carico \u2713 Resistente agli urti \u2713 Design compatto \u2713 Elevata coppia in uscita \u2713 Richiedi ora!\" \/>\n<meta name=\"robots\" content=\"index, follow, max-snippet:-1, max-image-preview:large, max-video-preview:-1\" \/>\n<link rel=\"canonical\" href=\"https:\/\/hense-systeme.com\/it\/prodotti\/attuatori-angolari-helac\/\" \/>\n<meta property=\"og:locale\" content=\"it_IT\" \/>\n<meta property=\"og:type\" content=\"article\" \/>\n<meta property=\"og:title\" content=\"Motori girevoli a filo continuo di HELAC | Hense\" \/>\n<meta property=\"og:description\" content=\"Rallegramenti idraulici HELAC con ingranaggi elicoidali. Capacit\u00e0 di carico \u2713 Resistente agli urti \u2713 Design compatto \u2713 Elevata coppia in uscita \u2713 Richiedi ora!\" \/>\n<meta property=\"og:url\" content=\"https:\/\/hense-systeme.com\/it\/prodotti\/attuatori-angolari-helac\/\" \/>\n<meta property=\"og:site_name\" content=\"Hense Systemtechnik GmbH &amp; Co. KG\" \/>\n<meta property=\"article:modified_time\" content=\"2025-06-11T11:32:09+00:00\" \/>\n<meta property=\"og:image\" content=\"https:\/\/hense-systeme.com\/wp-content\/uploads\/produkte_helac.jpg\" \/>\n<meta name=\"twitter:card\" content=\"summary_large_image\" \/>\n<meta name=\"twitter:label1\" content=\"Tempo di lettura stimato\" \/>\n\t<meta name=\"twitter:data1\" content=\"2 minuti\" \/>\n<script type=\"application\/ld+json\" class=\"yoast-schema-graph\">{\"@context\":\"https:\\\/\\\/schema.org\",\"@graph\":[{\"@type\":\"WebPage\",\"@id\":\"https:\\\/\\\/hense-systeme.com\\\/it\\\/prodotti\\\/attuatori-angolari-helac\\\/\",\"url\":\"https:\\\/\\\/hense-systeme.com\\\/it\\\/prodotti\\\/attuatori-angolari-helac\\\/\",\"name\":\"Motori girevoli a filo continuo di HELAC | Hense\",\"isPartOf\":{\"@id\":\"https:\\\/\\\/hense-systeme.com\\\/it\\\/#website\"},\"primaryImageOfPage\":{\"@id\":\"https:\\\/\\\/hense-systeme.com\\\/it\\\/prodotti\\\/attuatori-angolari-helac\\\/#primaryimage\"},\"image\":{\"@id\":\"https:\\\/\\\/hense-systeme.com\\\/it\\\/prodotti\\\/attuatori-angolari-helac\\\/#primaryimage\"},\"thumbnailUrl\":\"https:\\\/\\\/hense-systeme.com\\\/wp-content\\\/uploads\\\/produkte_helac.jpg\",\"datePublished\":\"2024-02-13T12:57:06+00:00\",\"dateModified\":\"2025-06-11T11:32:09+00:00\",\"description\":\"Rallegramenti idraulici HELAC con ingranaggi elicoidali. Capacit\u00e0 di carico \u2713 Resistente agli urti \u2713 Design compatto \u2713 Elevata coppia in uscita \u2713 Richiedi ora!\",\"breadcrumb\":{\"@id\":\"https:\\\/\\\/hense-systeme.com\\\/it\\\/prodotti\\\/attuatori-angolari-helac\\\/#breadcrumb\"},\"inLanguage\":\"it-IT\",\"potentialAction\":[{\"@type\":\"ReadAction\",\"target\":[\"https:\\\/\\\/hense-systeme.com\\\/it\\\/prodotti\\\/attuatori-angolari-helac\\\/\"]}]},{\"@type\":\"ImageObject\",\"inLanguage\":\"it-IT\",\"@id\":\"https:\\\/\\\/hense-systeme.com\\\/it\\\/prodotti\\\/attuatori-angolari-helac\\\/#primaryimage\",\"url\":\"https:\\\/\\\/hense-systeme.com\\\/wp-content\\\/uploads\\\/produkte_helac.jpg\",\"contentUrl\":\"https:\\\/\\\/hense-systeme.com\\\/wp-content\\\/uploads\\\/produkte_helac.jpg\"},{\"@type\":\"BreadcrumbList\",\"@id\":\"https:\\\/\\\/hense-systeme.com\\\/it\\\/prodotti\\\/attuatori-angolari-helac\\\/#breadcrumb\",\"itemListElement\":[{\"@type\":\"ListItem\",\"position\":1,\"name\":\"Startseite\",\"item\":\"https:\\\/\\\/hense-systeme.com\\\/it\\\/\"},{\"@type\":\"ListItem\",\"position\":2,\"name\":\"Prodotti\",\"item\":\"https:\\\/\\\/hense-systeme.com\\\/it\\\/produkte\\\/\"},{\"@type\":\"ListItem\",\"position\":3,\"name\":\"Attuatori angolari Helac\"}]},{\"@type\":\"WebSite\",\"@id\":\"https:\\\/\\\/hense-systeme.com\\\/it\\\/#website\",\"url\":\"https:\\\/\\\/hense-systeme.com\\\/it\\\/\",\"name\":\"Hense Systemtechnik GmbH &amp; Co. KG\",\"description\":\"\",\"publisher\":{\"@id\":\"https:\\\/\\\/hense-systeme.com\\\/it\\\/#organization\"},\"potentialAction\":[{\"@type\":\"SearchAction\",\"target\":{\"@type\":\"EntryPoint\",\"urlTemplate\":\"https:\\\/\\\/hense-systeme.com\\\/it\\\/?s={search_term_string}\"},\"query-input\":{\"@type\":\"PropertyValueSpecification\",\"valueRequired\":true,\"valueName\":\"search_term_string\"}}],\"inLanguage\":\"it-IT\"},{\"@type\":\"Organization\",\"@id\":\"https:\\\/\\\/hense-systeme.com\\\/it\\\/#organization\",\"name\":\"Hense Systemtechnik GmbH &amp; Co. KG\",\"url\":\"https:\\\/\\\/hense-systeme.com\\\/it\\\/\",\"logo\":{\"@type\":\"ImageObject\",\"inLanguage\":\"it-IT\",\"@id\":\"https:\\\/\\\/hense-systeme.com\\\/it\\\/#\\\/schema\\\/logo\\\/image\\\/\",\"url\":\"https:\\\/\\\/hense-systeme.com\\\/wp-content\\\/uploads\\\/2024\\\/02\\\/hense_logo.svg\",\"contentUrl\":\"https:\\\/\\\/hense-systeme.com\\\/wp-content\\\/uploads\\\/2024\\\/02\\\/hense_logo.svg\",\"width\":241,\"height\":76,\"caption\":\"Hense Systemtechnik GmbH &amp; Co. KG\"},\"image\":{\"@id\":\"https:\\\/\\\/hense-systeme.com\\\/it\\\/#\\\/schema\\\/logo\\\/image\\\/\"}}]}<\/script>\n<!-- \/ Yoast SEO plugin. -->","yoast_head_json":{"title":"Motori girevoli a filo continuo di HELAC | Hense","description":"Rallegramenti idraulici HELAC con ingranaggi elicoidali. Capacit\u00e0 di carico \u2713 Resistente agli urti \u2713 Design compatto \u2713 Elevata coppia in uscita \u2713 Richiedi ora!","robots":{"index":"index","follow":"follow","max-snippet":"max-snippet:-1","max-image-preview":"max-image-preview:large","max-video-preview":"max-video-preview:-1"},"canonical":"https:\/\/hense-systeme.com\/it\/prodotti\/attuatori-angolari-helac\/","og_locale":"it_IT","og_type":"article","og_title":"Motori girevoli a filo continuo di HELAC | Hense","og_description":"Rallegramenti idraulici HELAC con ingranaggi elicoidali. Capacit\u00e0 di carico \u2713 Resistente agli urti \u2713 Design compatto \u2713 Elevata coppia in uscita \u2713 Richiedi ora!","og_url":"https:\/\/hense-systeme.com\/it\/prodotti\/attuatori-angolari-helac\/","og_site_name":"Hense Systemtechnik GmbH &amp; Co. KG","article_modified_time":"2025-06-11T11:32:09+00:00","og_image":[{"url":"https:\/\/hense-systeme.com\/wp-content\/uploads\/produkte_helac.jpg","type":"","width":"","height":""}],"twitter_card":"summary_large_image","twitter_misc":{"Tempo di lettura stimato":"2 minuti"},"schema":{"@context":"https:\/\/schema.org","@graph":[{"@type":"WebPage","@id":"https:\/\/hense-systeme.com\/it\/prodotti\/attuatori-angolari-helac\/","url":"https:\/\/hense-systeme.com\/it\/prodotti\/attuatori-angolari-helac\/","name":"Motori girevoli a filo continuo di HELAC | Hense","isPartOf":{"@id":"https:\/\/hense-systeme.com\/it\/#website"},"primaryImageOfPage":{"@id":"https:\/\/hense-systeme.com\/it\/prodotti\/attuatori-angolari-helac\/#primaryimage"},"image":{"@id":"https:\/\/hense-systeme.com\/it\/prodotti\/attuatori-angolari-helac\/#primaryimage"},"thumbnailUrl":"https:\/\/hense-systeme.com\/wp-content\/uploads\/produkte_helac.jpg","datePublished":"2024-02-13T12:57:06+00:00","dateModified":"2025-06-11T11:32:09+00:00","description":"Rallegramenti idraulici HELAC con ingranaggi elicoidali. Capacit\u00e0 di carico \u2713 Resistente agli urti \u2713 Design compatto \u2713 Elevata coppia in uscita \u2713 Richiedi ora!","breadcrumb":{"@id":"https:\/\/hense-systeme.com\/it\/prodotti\/attuatori-angolari-helac\/#breadcrumb"},"inLanguage":"it-IT","potentialAction":[{"@type":"ReadAction","target":["https:\/\/hense-systeme.com\/it\/prodotti\/attuatori-angolari-helac\/"]}]},{"@type":"ImageObject","inLanguage":"it-IT","@id":"https:\/\/hense-systeme.com\/it\/prodotti\/attuatori-angolari-helac\/#primaryimage","url":"https:\/\/hense-systeme.com\/wp-content\/uploads\/produkte_helac.jpg","contentUrl":"https:\/\/hense-systeme.com\/wp-content\/uploads\/produkte_helac.jpg"},{"@type":"BreadcrumbList","@id":"https:\/\/hense-systeme.com\/it\/prodotti\/attuatori-angolari-helac\/#breadcrumb","itemListElement":[{"@type":"ListItem","position":1,"name":"Startseite","item":"https:\/\/hense-systeme.com\/it\/"},{"@type":"ListItem","position":2,"name":"Prodotti","item":"https:\/\/hense-systeme.com\/it\/produkte\/"},{"@type":"ListItem","position":3,"name":"Attuatori angolari Helac"}]},{"@type":"WebSite","@id":"https:\/\/hense-systeme.com\/it\/#website","url":"https:\/\/hense-systeme.com\/it\/","name":"Hense Systemtechnik GmbH &amp; Co. KG","description":"","publisher":{"@id":"https:\/\/hense-systeme.com\/it\/#organization"},"potentialAction":[{"@type":"SearchAction","target":{"@type":"EntryPoint","urlTemplate":"https:\/\/hense-systeme.com\/it\/?s={search_term_string}"},"query-input":{"@type":"PropertyValueSpecification","valueRequired":true,"valueName":"search_term_string"}}],"inLanguage":"it-IT"},{"@type":"Organization","@id":"https:\/\/hense-systeme.com\/it\/#organization","name":"Hense Systemtechnik GmbH &amp; Co. KG","url":"https:\/\/hense-systeme.com\/it\/","logo":{"@type":"ImageObject","inLanguage":"it-IT","@id":"https:\/\/hense-systeme.com\/it\/#\/schema\/logo\/image\/","url":"https:\/\/hense-systeme.com\/wp-content\/uploads\/2024\/02\/hense_logo.svg","contentUrl":"https:\/\/hense-systeme.com\/wp-content\/uploads\/2024\/02\/hense_logo.svg","width":241,"height":76,"caption":"Hense Systemtechnik GmbH &amp; Co. KG"},"image":{"@id":"https:\/\/hense-systeme.com\/it\/#\/schema\/logo\/image\/"}}]}},"_links":{"self":[{"href":"https:\/\/hense-systeme.com\/it\/wp-json\/wp\/v2\/pages\/5833","targetHints":{"allow":["GET"]}}],"collection":[{"href":"https:\/\/hense-systeme.com\/it\/wp-json\/wp\/v2\/pages"}],"about":[{"href":"https:\/\/hense-systeme.com\/it\/wp-json\/wp\/v2\/types\/page"}],"author":[{"embeddable":true,"href":"https:\/\/hense-systeme.com\/it\/wp-json\/wp\/v2\/users\/1"}],"replies":[{"embeddable":true,"href":"https:\/\/hense-systeme.com\/it\/wp-json\/wp\/v2\/comments?post=5833"}],"version-history":[{"count":5,"href":"https:\/\/hense-systeme.com\/it\/wp-json\/wp\/v2\/pages\/5833\/revisions"}],"predecessor-version":[{"id":10919,"href":"https:\/\/hense-systeme.com\/it\/wp-json\/wp\/v2\/pages\/5833\/revisions\/10919"}],"up":[{"embeddable":true,"href":"https:\/\/hense-systeme.com\/it\/wp-json\/wp\/v2\/pages\/5574"}],"wp:attachment":[{"href":"https:\/\/hense-systeme.com\/it\/wp-json\/wp\/v2\/media?parent=5833"}],"curies":[{"name":"wp","href":"https:\/\/api.w.org\/{rel}","templated":true}]}}