{"id":6173,"date":"2024-02-07T14:22:26","date_gmt":"2024-02-07T13:22:26","guid":{"rendered":"https:\/\/hense.pixel-tal.de\/impronta\/"},"modified":"2024-10-23T10:06:19","modified_gmt":"2024-10-23T08:06:19","slug":"impronta","status":"publish","type":"page","link":"https:\/\/hense-systeme.com\/it\/impronta\/","title":{"rendered":"Impronta"},"content":{"rendered":"<section id=\"5189a815\" class=\"gb-section gb-container gb-container-5189a815\" data-container-type=\"section\" data-theme=\"dark\">\n<div id=\"41dc41e1\" class=\"gb-inner-section gb-container gb-container-41dc41e1\" data-container-type=\"container\" data-theme=\"inherit\">\n\n<div class=\"wp-block-pixel-headline headlines --subheadline-top has-text-align-left\"><h1 class=\"headline\" style=\"color:var(--base-3)\">Hense Systeme GmbH &amp; Co KG<\/h1><span class=\"subheadline\" style=\"color:var(--global-color-gruen)\">Impronta<\/span><\/div>\n\n<\/div>\n<\/section>\n\n<section id=\"6bc19798\" class=\"gb-section gb-container gb-container-6bc19798\" data-container-type=\"section\" data-theme=\"dark\" style=\"--section-padding-top:0;\">\n<section id=\"cb70e263\" class=\"gb-inner-section gb-container gb-container-cb70e263\" data-container-type=\"container\" data-theme=\"inherit\" style=\"--section-padding-top:0;\">\n<div class=\"gb-grid-wrapper gb-grid-wrapper-98a529bf\">\n<div class=\"gb-grid-column gb-grid-column-a04930f8\"><div id=\"a04930f8\" class=\"gb-container gb-container-a04930f8\" data-container-type=\"container\" data-theme=\"inherit\">\n\n<p class=\"wp-block-paragraph\"><strong>Hense Systeme GmbH &amp; Co KG<\/strong><br>Flottmannstr. 55<br>44807 Bochum<br>Germania<\/p>\n\n\n\n<p class=\"wp-block-paragraph\">Telefono: <a href=\"tel:+49%20234%2095388-0\" target=\"_blank\" rel=\"nofollow\">+49 234 95388-0<\/a><br>Fax: +49 234 95388-50<br>E-mail: <a href=\"mailto:service@hense-systeme.de\" target=\"_blank\" rel=\"nofollow\">service@hense-systeme.de<\/a><\/p>\n\n\n\n<p class=\"wp-block-paragraph\"><strong>Rappresentante autorizzato:<\/strong><br>Christian Sartor<\/p>\n\n\n\n<p class=\"wp-block-paragraph\"><strong>Responsabile del contenuto:<\/strong><br>Rolf Winzen<\/p>\n\n\n\n<p class=\"wp-block-paragraph\"><strong>Codice fiscale delle vendite:<\/strong><br>IT 812782196<\/p>\n\n\n\n<p class=\"wp-block-paragraph\"><strong>Registro commerciale:<\/strong><br>HRA 4063<\/p>\n\n\n\n<p class=\"wp-block-paragraph\"><strong>Tribunale competente:<\/strong><br>Tribunale locale di Bochum<\/p>\n\n<\/div><\/div>\n\n<div class=\"gb-grid-column gb-grid-column-dd3f3e31\"><div id=\"dd3f3e31\" class=\"gb-container gb-container-dd3f3e31\" data-container-type=\"container\" data-theme=\"inherit\">\n\n<div class=\"wp-block-pixel-headline headlines --subheadline-top has-text-align-left\"><h3 class=\"headline\" style=\"color:\">Dichiarazione di non responsabilit\u00e0<\/h3><\/div>\n\n\n\n<div class=\"wp-block-pixel-headline headlines --subheadline-top has-text-align-left\"><h4 class=\"headline\" style=\"color:\">1. contenuto dell&#8217;offerta online<\/h4><\/div>\n\n\n\n<p class=\"wp-block-paragraph\">L&#8217;autore non si assume alcuna responsabilit\u00e0 per l&#8217;attualit\u00e0, la correttezza, la completezza o la qualit\u00e0 delle informazioni fornite. Le richieste di responsabilit\u00e0 nei confronti dell&#8217;autore relative a danni materiali o immateriali causati dall&#8217;uso o dal mancato uso delle informazioni fornite o dall&#8217;uso di informazioni errate o incomplete sono fondamentalmente escluse, a meno che non vi siano prove di dolo o grave negligenza da parte dell&#8217;autore. Tutte le offerte sono soggette a modifiche e non sono vincolanti. L&#8217;autore si riserva espressamente il diritto di modificare, integrare o cancellare parti delle pagine o l&#8217;intera offerta senza preavviso o di interrompere temporaneamente o definitivamente la pubblicazione.<\/p>\n\n\n\n<div class=\"wp-block-pixel-headline headlines --subheadline-top has-text-align-left\"><h4 class=\"headline\" style=\"color:\">2. riferimenti e link<\/h4><\/div>\n\n\n\n<p class=\"wp-block-paragraph\">Nel caso di riferimenti diretti o indiretti a siti web esterni (&#8220;hyperlink&#8221;) che esulano dall&#8217;area di responsabilit\u00e0 dell&#8217;autore, l&#8217;obbligo di responsabilit\u00e0 entrerebbe in vigore solo nel caso in cui l&#8217;autore fosse a conoscenza del contenuto e fosse tecnicamente possibile e ragionevole per lui impedirne l&#8217;utilizzo in caso di contenuti illegali. L&#8217;autore dichiara espressamente che al momento della creazione dei link non erano riconoscibili contenuti illegali nelle pagine collegate. L&#8217;autore non ha alcuna influenza sul design attuale e futuro, sui contenuti o sulla paternit\u00e0 delle pagine collegate. Pertanto prende espressamente le distanze da tutti i contenuti di tutte le pagine collegate che sono state modificate dopo la creazione del link. La presente dichiarazione si applica a tutti i link e i riferimenti inseriti nel sito web dell&#8217;autore, nonch\u00e9 alle voci di terzi in libri degli ospiti, forum di discussione, elenchi di link, mailing list e tutte le altre forme di banche dati create dall&#8217;autore, al cui contenuto \u00e8 possibile accedere in scrittura esterna. Per i contenuti illegali, errati o incompleti e in particolare per i danni derivanti dall&#8217;uso o dal mancato uso di tali informazioni, \u00e8 responsabile solo il fornitore della pagina a cui si fa riferimento, non chi si limita a rimandare alla rispettiva pubblicazione tramite link.<\/p>\n\n\n\n<div class=\"wp-block-pixel-headline headlines --subheadline-top has-text-align-left\"><h4 class=\"headline\" style=\"color:\">3. diritto d&#8217;autore e di etichettatura<\/h4><\/div>\n\n\n\n<p class=\"wp-block-paragraph\">L&#8217;autore si impegna a rispettare i diritti d&#8217;autore dei grafici, dei documenti sonori, delle sequenze video e dei testi utilizzati in tutte le pubblicazioni, a utilizzare grafici, documenti sonori, sequenze video e testi creati da lui stesso o a fare uso di grafici, documenti sonori, sequenze video e testi privi di licenza. Tutti i nomi e i marchi di fabbrica citati sul sito web ed eventualmente protetti da terzi sono soggetti senza limitazioni alle disposizioni della legge sui marchi di fabbrica applicabile e ai diritti di propriet\u00e0 dei rispettivi proprietari registrati. La semplice menzione di un marchio non implica che esso non sia protetto da diritti di terzi! Il diritto d&#8217;autore per gli oggetti pubblicati creati dall&#8217;autore stesso rimane esclusivamente all&#8217;autore delle pagine. La duplicazione o l&#8217;utilizzo di oggetti come immagini, diagrammi, suoni o testi in altre pubblicazioni elettroniche o stampate non \u00e8 consentita senza il consenso dell&#8217;autore.<\/p>\n\n\n\n<div class=\"wp-block-pixel-headline headlines --subheadline-top has-text-align-left\"><h4 class=\"headline\" style=\"color:\">4. protezione dei dati<\/h4><\/div>\n\n\n\n<p class=\"wp-block-paragraph\">Se viene data la possibilit\u00e0 di inserire dati personali o aziendali (indirizzi e-mail, nomi, indirizzi), l&#8217;inserimento di questi dati avviene volontariamente. L&#8217;utilizzo e il pagamento di tutti i servizi offerti \u00e8 consentito &#8211; per quanto tecnicamente possibile e ragionevole &#8211; anche senza fornire tali dati o fornendo dati anonimi o uno pseudonimo. Non \u00e8 consentito l&#8217;utilizzo di dati di contatto quali indirizzi postali, numeri di telefono e fax e indirizzi e-mail pubblicati nell&#8217;imprinting o informazioni analoghe da parte di terzi per la trasmissione di informazioni non espressamente richieste. Ci riserviamo espressamente il diritto di intraprendere azioni legali contro i mittenti delle cosiddette e-mail di spam che violano questo divieto.<\/p>\n\n\n\n<div class=\"wp-block-pixel-headline headlines --subheadline-top has-text-align-left\"><h4 class=\"headline\" style=\"color:\">5 Validit\u00e0 legale del presente disclaimer<\/h4><\/div>\n\n\n\n<p class=\"wp-block-paragraph\">La presente clausola di esclusione della responsabilit\u00e0 deve essere considerata come parte integrante della pubblicazione internet da cui siete stati indirizzati. Se sezioni o singoli termini di questa dichiarazione non sono legali o corretti, il contenuto o la validit\u00e0 delle altre parti non sono influenzati da questo fatto.<\/p>\n\n\n\n<div class=\"wp-block-pixel-headline headlines --subheadline-top has-text-align-left\"><h4 class=\"headline\" style=\"color:\">6. google analytics<\/h4><\/div>\n\n\n\n<p class=\"wp-block-paragraph\">Questo sito web utilizza Google Analytics, un servizio di analisi web fornito da Google Inc. (&#8220;Google&#8221;). Google Analytics utilizza i cosiddetti &#8220;cookie&#8221;, file di testo che vengono depositati sul vostro computer per consentire al sito web di analizzare come gli utenti utilizzano il sito. Le informazioni generate dal cookie sull&#8217;utilizzo di questo sito web da parte dell&#8217;utente vengono solitamente trasmesse a un server di Google negli Stati Uniti e l\u00ec memorizzate. Tuttavia, se l&#8217;anonimizzazione dell&#8217;IP \u00e8 attivata su questo sito web, il vostro indirizzo IP verr\u00e0 prima troncato da Google all&#8217;interno degli Stati membri dell&#8217;Unione Europea o in altri Stati firmatari dell&#8217;Accordo sullo Spazio Economico Europeo. Solo in casi eccezionali l&#8217;indirizzo IP completo viene trasmesso a un server di Google negli Stati Uniti e l\u00ec abbreviato. Per conto del gestore di questo sito web, Google utilizzer\u00e0 queste informazioni per analizzare l&#8217;utilizzo del sito web da parte degli utenti, per compilare report sulle attivit\u00e0 del sito web e per fornire altri servizi relativi alle attivit\u00e0 del sito web e all&#8217;utilizzo di Internet al gestore del sito web. L&#8217;indirizzo IP trasmesso dal vostro browser nell&#8217;ambito di Google Analytics non viene unito ad altri dati di Google. L&#8217;utente pu\u00f2 rifiutare l&#8217;uso dei cookie selezionando l&#8217;impostazione appropriata sul proprio browser, ma si prega di notare che in tal caso potrebbe non essere in grado di utilizzare tutte le funzionalit\u00e0 di questo sito web. Potete inoltre impedire a Google di rilevare i dati generati dal cookie e relativi al vostro utilizzo del sito web (compreso il vostro indirizzo IP) e di elaborare questi dati da parte di Google <a href=\"https:\/\/tools.google.com\/dlpage\/gaoptout?hl=de\" target=\"_blank\" rel=\"noreferrer noopener nofollow\">scaricando e installando<\/a> il plug-in del browser disponibile al seguente link.<\/p>\n\n<\/div><\/div>\n<\/div>\n<\/section>\n<\/section>","protected":false},"excerpt":{"rendered":"","protected":false},"author":1,"featured_media":0,"parent":0,"menu_order":16,"comment_status":"closed","ping_status":"closed","template":"","meta":{"_acf_changed":false,"_crdt_document":"","footnotes":""},"class_list":{"0":"post-6173","1":"page","2":"type-page","3":"status-publish","5":"no-featured-image-padding"},"acf":[],"yoast_head":"<!-- This site is optimized with the Yoast SEO plugin v26.9 - https:\/\/yoast.com\/product\/yoast-seo-wordpress\/ -->\n<title>Impronta - Hense Systemtechnik GmbH &amp; Co. KG<\/title>\n<meta name=\"robots\" content=\"index, follow, max-snippet:-1, max-image-preview:large, max-video-preview:-1\" \/>\n<link rel=\"canonical\" href=\"https:\/\/hense-systeme.com\/it\/impronta\/\" \/>\n<meta property=\"og:locale\" content=\"it_IT\" \/>\n<meta property=\"og:type\" content=\"article\" \/>\n<meta property=\"og:title\" content=\"Impronta - Hense Systemtechnik GmbH &amp; Co. KG\" \/>\n<meta property=\"og:url\" content=\"https:\/\/hense-systeme.com\/it\/impronta\/\" \/>\n<meta property=\"og:site_name\" content=\"Hense Systemtechnik GmbH &amp; Co. KG\" \/>\n<meta property=\"article:modified_time\" content=\"2024-10-23T08:06:19+00:00\" \/>\n<meta name=\"twitter:card\" content=\"summary_large_image\" \/>\n<meta name=\"twitter:label1\" content=\"Tempo di lettura stimato\" \/>\n\t<meta name=\"twitter:data1\" content=\"6 minuti\" \/>\n<script type=\"application\/ld+json\" class=\"yoast-schema-graph\">{\"@context\":\"https:\/\/schema.org\",\"@graph\":[{\"@type\":\"WebPage\",\"@id\":\"https:\/\/hense-systeme.com\/it\/impronta\/\",\"url\":\"https:\/\/hense-systeme.com\/it\/impronta\/\",\"name\":\"Impronta - Hense Systemtechnik GmbH &amp; Co. KG\",\"isPartOf\":{\"@id\":\"https:\/\/hense-systeme.com\/it\/#website\"},\"datePublished\":\"2024-02-07T13:22:26+00:00\",\"dateModified\":\"2024-10-23T08:06:19+00:00\",\"breadcrumb\":{\"@id\":\"https:\/\/hense-systeme.com\/it\/impronta\/#breadcrumb\"},\"inLanguage\":\"it-IT\",\"potentialAction\":[{\"@type\":\"ReadAction\",\"target\":[\"https:\/\/hense-systeme.com\/it\/impronta\/\"]}]},{\"@type\":\"BreadcrumbList\",\"@id\":\"https:\/\/hense-systeme.com\/it\/impronta\/#breadcrumb\",\"itemListElement\":[{\"@type\":\"ListItem\",\"position\":1,\"name\":\"Startseite\",\"item\":\"https:\/\/hense-systeme.com\/it\/\"},{\"@type\":\"ListItem\",\"position\":2,\"name\":\"Impronta\"}]},{\"@type\":\"WebSite\",\"@id\":\"https:\/\/hense-systeme.com\/it\/#website\",\"url\":\"https:\/\/hense-systeme.com\/it\/\",\"name\":\"Hense Systemtechnik GmbH &amp; Co. KG\",\"description\":\"\",\"publisher\":{\"@id\":\"https:\/\/hense-systeme.com\/it\/#organization\"},\"potentialAction\":[{\"@type\":\"SearchAction\",\"target\":{\"@type\":\"EntryPoint\",\"urlTemplate\":\"https:\/\/hense-systeme.com\/it\/?s={search_term_string}\"},\"query-input\":{\"@type\":\"PropertyValueSpecification\",\"valueRequired\":true,\"valueName\":\"search_term_string\"}}],\"inLanguage\":\"it-IT\"},{\"@type\":\"Organization\",\"@id\":\"https:\/\/hense-systeme.com\/it\/#organization\",\"name\":\"Hense Systemtechnik GmbH &amp; Co. KG\",\"url\":\"https:\/\/hense-systeme.com\/it\/\",\"logo\":{\"@type\":\"ImageObject\",\"inLanguage\":\"it-IT\",\"@id\":\"https:\/\/hense-systeme.com\/it\/#\/schema\/logo\/image\/\",\"url\":\"https:\/\/hense-systeme.com\/wp-content\/uploads\/2024\/02\/hense_logo.svg\",\"contentUrl\":\"https:\/\/hense-systeme.com\/wp-content\/uploads\/2024\/02\/hense_logo.svg\",\"width\":241,\"height\":76,\"caption\":\"Hense Systemtechnik GmbH &amp; Co. KG\"},\"image\":{\"@id\":\"https:\/\/hense-systeme.com\/it\/#\/schema\/logo\/image\/\"}}]}<\/script>\n<!-- \/ Yoast SEO plugin. -->","yoast_head_json":{"title":"Impronta - Hense Systemtechnik GmbH &amp; Co. KG","robots":{"index":"index","follow":"follow","max-snippet":"max-snippet:-1","max-image-preview":"max-image-preview:large","max-video-preview":"max-video-preview:-1"},"canonical":"https:\/\/hense-systeme.com\/it\/impronta\/","og_locale":"it_IT","og_type":"article","og_title":"Impronta - Hense Systemtechnik GmbH &amp; Co. KG","og_url":"https:\/\/hense-systeme.com\/it\/impronta\/","og_site_name":"Hense Systemtechnik GmbH &amp; Co. KG","article_modified_time":"2024-10-23T08:06:19+00:00","twitter_card":"summary_large_image","twitter_misc":{"Tempo di lettura stimato":"6 minuti"},"schema":{"@context":"https:\/\/schema.org","@graph":[{"@type":"WebPage","@id":"https:\/\/hense-systeme.com\/it\/impronta\/","url":"https:\/\/hense-systeme.com\/it\/impronta\/","name":"Impronta - Hense Systemtechnik GmbH &amp; Co. KG","isPartOf":{"@id":"https:\/\/hense-systeme.com\/it\/#website"},"datePublished":"2024-02-07T13:22:26+00:00","dateModified":"2024-10-23T08:06:19+00:00","breadcrumb":{"@id":"https:\/\/hense-systeme.com\/it\/impronta\/#breadcrumb"},"inLanguage":"it-IT","potentialAction":[{"@type":"ReadAction","target":["https:\/\/hense-systeme.com\/it\/impronta\/"]}]},{"@type":"BreadcrumbList","@id":"https:\/\/hense-systeme.com\/it\/impronta\/#breadcrumb","itemListElement":[{"@type":"ListItem","position":1,"name":"Startseite","item":"https:\/\/hense-systeme.com\/it\/"},{"@type":"ListItem","position":2,"name":"Impronta"}]},{"@type":"WebSite","@id":"https:\/\/hense-systeme.com\/it\/#website","url":"https:\/\/hense-systeme.com\/it\/","name":"Hense Systemtechnik GmbH &amp; Co. KG","description":"","publisher":{"@id":"https:\/\/hense-systeme.com\/it\/#organization"},"potentialAction":[{"@type":"SearchAction","target":{"@type":"EntryPoint","urlTemplate":"https:\/\/hense-systeme.com\/it\/?s={search_term_string}"},"query-input":{"@type":"PropertyValueSpecification","valueRequired":true,"valueName":"search_term_string"}}],"inLanguage":"it-IT"},{"@type":"Organization","@id":"https:\/\/hense-systeme.com\/it\/#organization","name":"Hense Systemtechnik GmbH &amp; Co. KG","url":"https:\/\/hense-systeme.com\/it\/","logo":{"@type":"ImageObject","inLanguage":"it-IT","@id":"https:\/\/hense-systeme.com\/it\/#\/schema\/logo\/image\/","url":"https:\/\/hense-systeme.com\/wp-content\/uploads\/2024\/02\/hense_logo.svg","contentUrl":"https:\/\/hense-systeme.com\/wp-content\/uploads\/2024\/02\/hense_logo.svg","width":241,"height":76,"caption":"Hense Systemtechnik GmbH &amp; Co. KG"},"image":{"@id":"https:\/\/hense-systeme.com\/it\/#\/schema\/logo\/image\/"}}]}},"_links":{"self":[{"href":"https:\/\/hense-systeme.com\/it\/wp-json\/wp\/v2\/pages\/6173","targetHints":{"allow":["GET"]}}],"collection":[{"href":"https:\/\/hense-systeme.com\/it\/wp-json\/wp\/v2\/pages"}],"about":[{"href":"https:\/\/hense-systeme.com\/it\/wp-json\/wp\/v2\/types\/page"}],"author":[{"embeddable":true,"href":"https:\/\/hense-systeme.com\/it\/wp-json\/wp\/v2\/users\/1"}],"replies":[{"embeddable":true,"href":"https:\/\/hense-systeme.com\/it\/wp-json\/wp\/v2\/comments?post=6173"}],"version-history":[{"count":2,"href":"https:\/\/hense-systeme.com\/it\/wp-json\/wp\/v2\/pages\/6173\/revisions"}],"predecessor-version":[{"id":9950,"href":"https:\/\/hense-systeme.com\/it\/wp-json\/wp\/v2\/pages\/6173\/revisions\/9950"}],"wp:attachment":[{"href":"https:\/\/hense-systeme.com\/it\/wp-json\/wp\/v2\/media?parent=6173"}],"curies":[{"name":"wp","href":"https:\/\/api.w.org\/{rel}","templated":true}]}}