{"id":6577,"date":"2024-02-13T14:02:57","date_gmt":"2024-02-13T13:02:57","guid":{"rendered":"https:\/\/hense.pixel-tal.de\/produkt\/serie-t\/"},"modified":"2024-04-08T15:17:01","modified_gmt":"2024-04-08T13:17:01","slug":"serie-t","status":"publish","type":"product","link":"https:\/\/hense-systeme.com\/it\/produkt\/serie-t\/","title":{"rendered":"Serie T"},"content":{"rendered":"<p>La serie T20, con alberi di uscita dentati e un angolo di rotazione di 200-220 gradi, \u00e8 ideale per le applicazioni in cui la generazione di coppia e le velocit\u00e0 di ciclo pi\u00f9 elevate sono i requisiti pi\u00f9 importanti. La tecnologia Helac a scanalatura scorrevole con ingranaggi elicoidali non \u00e8 autobloccante e offre un&#8217;elevata resistenza agli urti e un&#8217;alta coppia di tenuta per le applicazioni pi\u00f9 impegnative.<\/p>\n<p>Funziona sia come dispositivo rotante che come staffa di montaggio e struttura di supporto, in modo da non richiedere sistemi di supporto, freni o dispositivi di bloccaggio esterni. Disponibile in tre dimensioni standard con una coppia di uscita fino a 6.780 Nm a 210 bar.<\/p>","protected":false},"excerpt":{"rendered":"<p>La serie T \u00e8 adatta alle applicazioni in cui la generazione di coppia e le velocit\u00e0 di ciclo pi\u00f9 elevate sono i requisiti pi\u00f9 importanti. Disponibile in tre dimensioni standard con una coppia di uscita fino a 6.780 Nm a 210 bar.<\/p>\n","protected":false},"featured_media":7219,"parent":0,"template":"","product_applications":[],"product_category":[83],"class_list":["post-6577","product","type-product","status-publish","has-post-thumbnail","hentry","product_category-attuatori-angolari-helac","no-featured-image-padding"],"acf":[],"yoast_head":"<!-- This site is optimized with the Yoast SEO plugin v26.9 - https:\/\/yoast.com\/product\/yoast-seo-wordpress\/ -->\n<title>Serie T - Hense Systemtechnik GmbH &amp; Co. KG<\/title>\n<meta name=\"robots\" content=\"index, follow, max-snippet:-1, max-image-preview:large, max-video-preview:-1\" \/>\n<link rel=\"canonical\" href=\"https:\/\/hense-systeme.com\/it\/produkt\/serie-t\/\" \/>\n<meta property=\"og:locale\" content=\"it_IT\" \/>\n<meta property=\"og:type\" content=\"article\" \/>\n<meta property=\"og:title\" content=\"Serie T - Hense Systemtechnik GmbH &amp; Co. KG\" \/>\n<meta property=\"og:description\" content=\"La serie T \u00e8 adatta alle applicazioni in cui la generazione di coppia e le velocit\u00e0 di ciclo pi\u00f9 elevate sono i requisiti pi\u00f9 importanti. Disponibile in tre dimensioni standard con una coppia di uscita fino a 6.780 Nm a 210 bar.\" \/>\n<meta property=\"og:url\" content=\"https:\/\/hense-systeme.com\/it\/produkt\/serie-t\/\" \/>\n<meta property=\"og:site_name\" content=\"Hense Systemtechnik GmbH &amp; Co. KG\" \/>\n<meta property=\"article:modified_time\" content=\"2024-04-08T13:17:01+00:00\" \/>\n<meta property=\"og:image\" content=\"https:\/\/hense-systeme.com\/wp-content\/uploads\/produkt_helac_t_serie.png\" \/>\n\t<meta property=\"og:image:width\" content=\"467\" \/>\n\t<meta property=\"og:image:height\" content=\"405\" \/>\n\t<meta property=\"og:image:type\" content=\"image\/png\" \/>\n<meta name=\"twitter:card\" content=\"summary_large_image\" \/>\n<meta name=\"twitter:label1\" content=\"Tempo di lettura stimato\" \/>\n\t<meta name=\"twitter:data1\" content=\"1 minuto\" \/>\n<script type=\"application\/ld+json\" class=\"yoast-schema-graph\">{\"@context\":\"https:\/\/schema.org\",\"@graph\":[{\"@type\":\"WebPage\",\"@id\":\"https:\/\/hense-systeme.com\/it\/produkt\/serie-t\/\",\"url\":\"https:\/\/hense-systeme.com\/it\/produkt\/serie-t\/\",\"name\":\"Serie T - Hense Systemtechnik GmbH &amp; Co. KG\",\"isPartOf\":{\"@id\":\"https:\/\/hense-systeme.com\/it\/#website\"},\"primaryImageOfPage\":{\"@id\":\"https:\/\/hense-systeme.com\/it\/produkt\/serie-t\/#primaryimage\"},\"image\":{\"@id\":\"https:\/\/hense-systeme.com\/it\/produkt\/serie-t\/#primaryimage\"},\"thumbnailUrl\":\"https:\/\/hense-systeme.com\/wp-content\/uploads\/produkt_helac_t_serie.png\",\"datePublished\":\"2024-02-13T13:02:57+00:00\",\"dateModified\":\"2024-04-08T13:17:01+00:00\",\"breadcrumb\":{\"@id\":\"https:\/\/hense-systeme.com\/it\/produkt\/serie-t\/#breadcrumb\"},\"inLanguage\":\"it-IT\",\"potentialAction\":[{\"@type\":\"ReadAction\",\"target\":[\"https:\/\/hense-systeme.com\/it\/produkt\/serie-t\/\"]}]},{\"@type\":\"ImageObject\",\"inLanguage\":\"it-IT\",\"@id\":\"https:\/\/hense-systeme.com\/it\/produkt\/serie-t\/#primaryimage\",\"url\":\"https:\/\/hense-systeme.com\/wp-content\/uploads\/produkt_helac_t_serie.png\",\"contentUrl\":\"https:\/\/hense-systeme.com\/wp-content\/uploads\/produkt_helac_t_serie.png\",\"width\":467,\"height\":405},{\"@type\":\"BreadcrumbList\",\"@id\":\"https:\/\/hense-systeme.com\/it\/produkt\/serie-t\/#breadcrumb\",\"itemListElement\":[{\"@type\":\"ListItem\",\"position\":1,\"name\":\"Startseite\",\"item\":\"https:\/\/hense-systeme.com\/it\/\"},{\"@type\":\"ListItem\",\"position\":2,\"name\":\"Produkte\",\"item\":\"https:\/\/hense-systeme.com\/it\/produkt\/\"},{\"@type\":\"ListItem\",\"position\":3,\"name\":\"Serie T\"}]},{\"@type\":\"WebSite\",\"@id\":\"https:\/\/hense-systeme.com\/it\/#website\",\"url\":\"https:\/\/hense-systeme.com\/it\/\",\"name\":\"Hense Systemtechnik GmbH &amp; Co. KG\",\"description\":\"\",\"publisher\":{\"@id\":\"https:\/\/hense-systeme.com\/it\/#organization\"},\"potentialAction\":[{\"@type\":\"SearchAction\",\"target\":{\"@type\":\"EntryPoint\",\"urlTemplate\":\"https:\/\/hense-systeme.com\/it\/?s={search_term_string}\"},\"query-input\":{\"@type\":\"PropertyValueSpecification\",\"valueRequired\":true,\"valueName\":\"search_term_string\"}}],\"inLanguage\":\"it-IT\"},{\"@type\":\"Organization\",\"@id\":\"https:\/\/hense-systeme.com\/it\/#organization\",\"name\":\"Hense Systemtechnik GmbH &amp; Co. KG\",\"url\":\"https:\/\/hense-systeme.com\/it\/\",\"logo\":{\"@type\":\"ImageObject\",\"inLanguage\":\"it-IT\",\"@id\":\"https:\/\/hense-systeme.com\/it\/#\/schema\/logo\/image\/\",\"url\":\"https:\/\/hense-systeme.com\/wp-content\/uploads\/2024\/02\/hense_logo.svg\",\"contentUrl\":\"https:\/\/hense-systeme.com\/wp-content\/uploads\/2024\/02\/hense_logo.svg\",\"width\":241,\"height\":76,\"caption\":\"Hense Systemtechnik GmbH &amp; Co. KG\"},\"image\":{\"@id\":\"https:\/\/hense-systeme.com\/it\/#\/schema\/logo\/image\/\"}}]}<\/script>\n<!-- \/ Yoast SEO plugin. -->","yoast_head_json":{"title":"Serie T - Hense Systemtechnik GmbH &amp; Co. KG","robots":{"index":"index","follow":"follow","max-snippet":"max-snippet:-1","max-image-preview":"max-image-preview:large","max-video-preview":"max-video-preview:-1"},"canonical":"https:\/\/hense-systeme.com\/it\/produkt\/serie-t\/","og_locale":"it_IT","og_type":"article","og_title":"Serie T - Hense Systemtechnik GmbH &amp; Co. KG","og_description":"La serie T \u00e8 adatta alle applicazioni in cui la generazione di coppia e le velocit\u00e0 di ciclo pi\u00f9 elevate sono i requisiti pi\u00f9 importanti. Disponibile in tre dimensioni standard con una coppia di uscita fino a 6.780 Nm a 210 bar.","og_url":"https:\/\/hense-systeme.com\/it\/produkt\/serie-t\/","og_site_name":"Hense Systemtechnik GmbH &amp; Co. KG","article_modified_time":"2024-04-08T13:17:01+00:00","og_image":[{"width":467,"height":405,"url":"https:\/\/hense-systeme.com\/wp-content\/uploads\/produkt_helac_t_serie.png","type":"image\/png"}],"twitter_card":"summary_large_image","twitter_misc":{"Tempo di lettura stimato":"1 minuto"},"schema":{"@context":"https:\/\/schema.org","@graph":[{"@type":"WebPage","@id":"https:\/\/hense-systeme.com\/it\/produkt\/serie-t\/","url":"https:\/\/hense-systeme.com\/it\/produkt\/serie-t\/","name":"Serie T - Hense Systemtechnik GmbH &amp; Co. KG","isPartOf":{"@id":"https:\/\/hense-systeme.com\/it\/#website"},"primaryImageOfPage":{"@id":"https:\/\/hense-systeme.com\/it\/produkt\/serie-t\/#primaryimage"},"image":{"@id":"https:\/\/hense-systeme.com\/it\/produkt\/serie-t\/#primaryimage"},"thumbnailUrl":"https:\/\/hense-systeme.com\/wp-content\/uploads\/produkt_helac_t_serie.png","datePublished":"2024-02-13T13:02:57+00:00","dateModified":"2024-04-08T13:17:01+00:00","breadcrumb":{"@id":"https:\/\/hense-systeme.com\/it\/produkt\/serie-t\/#breadcrumb"},"inLanguage":"it-IT","potentialAction":[{"@type":"ReadAction","target":["https:\/\/hense-systeme.com\/it\/produkt\/serie-t\/"]}]},{"@type":"ImageObject","inLanguage":"it-IT","@id":"https:\/\/hense-systeme.com\/it\/produkt\/serie-t\/#primaryimage","url":"https:\/\/hense-systeme.com\/wp-content\/uploads\/produkt_helac_t_serie.png","contentUrl":"https:\/\/hense-systeme.com\/wp-content\/uploads\/produkt_helac_t_serie.png","width":467,"height":405},{"@type":"BreadcrumbList","@id":"https:\/\/hense-systeme.com\/it\/produkt\/serie-t\/#breadcrumb","itemListElement":[{"@type":"ListItem","position":1,"name":"Startseite","item":"https:\/\/hense-systeme.com\/it\/"},{"@type":"ListItem","position":2,"name":"Produkte","item":"https:\/\/hense-systeme.com\/it\/produkt\/"},{"@type":"ListItem","position":3,"name":"Serie T"}]},{"@type":"WebSite","@id":"https:\/\/hense-systeme.com\/it\/#website","url":"https:\/\/hense-systeme.com\/it\/","name":"Hense Systemtechnik GmbH &amp; Co. KG","description":"","publisher":{"@id":"https:\/\/hense-systeme.com\/it\/#organization"},"potentialAction":[{"@type":"SearchAction","target":{"@type":"EntryPoint","urlTemplate":"https:\/\/hense-systeme.com\/it\/?s={search_term_string}"},"query-input":{"@type":"PropertyValueSpecification","valueRequired":true,"valueName":"search_term_string"}}],"inLanguage":"it-IT"},{"@type":"Organization","@id":"https:\/\/hense-systeme.com\/it\/#organization","name":"Hense Systemtechnik GmbH &amp; Co. KG","url":"https:\/\/hense-systeme.com\/it\/","logo":{"@type":"ImageObject","inLanguage":"it-IT","@id":"https:\/\/hense-systeme.com\/it\/#\/schema\/logo\/image\/","url":"https:\/\/hense-systeme.com\/wp-content\/uploads\/2024\/02\/hense_logo.svg","contentUrl":"https:\/\/hense-systeme.com\/wp-content\/uploads\/2024\/02\/hense_logo.svg","width":241,"height":76,"caption":"Hense Systemtechnik GmbH &amp; Co. KG"},"image":{"@id":"https:\/\/hense-systeme.com\/it\/#\/schema\/logo\/image\/"}}]}},"_links":{"self":[{"href":"https:\/\/hense-systeme.com\/it\/wp-json\/wp\/v2\/product\/6577","targetHints":{"allow":["GET"]}}],"collection":[{"href":"https:\/\/hense-systeme.com\/it\/wp-json\/wp\/v2\/product"}],"about":[{"href":"https:\/\/hense-systeme.com\/it\/wp-json\/wp\/v2\/types\/product"}],"version-history":[{"count":1,"href":"https:\/\/hense-systeme.com\/it\/wp-json\/wp\/v2\/product\/6577\/revisions"}],"predecessor-version":[{"id":7220,"href":"https:\/\/hense-systeme.com\/it\/wp-json\/wp\/v2\/product\/6577\/revisions\/7220"}],"wp:featuredmedia":[{"embeddable":true,"href":"https:\/\/hense-systeme.com\/it\/wp-json\/wp\/v2\/media\/7219"}],"wp:attachment":[{"href":"https:\/\/hense-systeme.com\/it\/wp-json\/wp\/v2\/media?parent=6577"}],"wp:term":[{"taxonomy":"product_applications","embeddable":true,"href":"https:\/\/hense-systeme.com\/it\/wp-json\/wp\/v2\/product_applications?post=6577"},{"taxonomy":"product_category","embeddable":true,"href":"https:\/\/hense-systeme.com\/it\/wp-json\/wp\/v2\/product_category?post=6577"}],"curies":[{"name":"wp","href":"https:\/\/api.w.org\/{rel}","templated":true}]}}