{"id":6582,"date":"2024-02-13T14:02:54","date_gmt":"2024-02-13T13:02:54","guid":{"rendered":"https:\/\/hense.pixel-tal.de\/produkt\/serie-hsl\/"},"modified":"2025-06-11T13:33:19","modified_gmt":"2025-06-11T11:33:19","slug":"serie-hsl","status":"publish","type":"product","link":"https:\/\/hense-systeme.com\/it\/produkt\/serie-hsl\/","title":{"rendered":"Motore orientabile HSL"},"content":{"rendered":"<p>Il nostro motore rotativo a palette con comandi servoidraulici della serie HSL pu\u00f2 essere utilizzato in qualsiasi posizione di installazione. Utilizzando i comandi servoidraulici, la gamma di applicazioni dei motori orientabili pu\u00f2 essere notevolmente ampliata. I carichi pi\u00f9 grandi possono essere orientati in tempi pi\u00f9 brevi rispetto ai sistemi puramente idraulici in cui i percorsi di smorzamento sono fissi. In combinazione con un sistema di controllo di questo tipo, il comportamento di accelerazione e frenata dei motori orientabili pu\u00f2 essere adattato in modo specifico ai requisiti. Ci\u00f2 significa che \u00e8 possibile controllare in modo sicuro anche i movimenti veloci e molto precisi con grandi masse.    <\/p>\n<p>Offriamo soluzioni personalizzate per un&#8217;ampia gamma di applicazioni. Il nostro team qualificato sar\u00e0 lieto di consigliarti sulla progettazione e sulla realizzazione. <\/p>","protected":false},"excerpt":{"rendered":"<p>I comandi servoidraulici possono ampliare notevolmente la gamma di applicazioni dei motori orientabili.<\/p>\n","protected":false},"featured_media":7250,"parent":0,"template":"","product_applications":[63,64,65],"product_category":[87],"class_list":["post-6582","product","type-product","status-publish","has-post-thumbnail","hentry","product_applications-ingegneria-meccanica-generale","product_applications-tecnologia-di-movimentazione","product_applications-costruzione-di-macchine-speciali","product_category-motori-orientabili-per-applicazioni-industriali","no-featured-image-padding"],"acf":[],"yoast_head":"<!-- This site is optimized with the Yoast SEO plugin v26.9 - https:\/\/yoast.com\/product\/yoast-seo-wordpress\/ -->\n<title>Motore idraulico\/servoidraulico orientabile | Serie HSL<\/title>\n<meta name=\"description\" content=\"Attuatore idraulico a quarto di giro con un&#039;ampia gamma di applicazioni grazie ai comandi servoidraulici \u25ba Richiedi ora!\" \/>\n<meta name=\"robots\" content=\"index, follow, max-snippet:-1, max-image-preview:large, max-video-preview:-1\" \/>\n<link rel=\"canonical\" href=\"https:\/\/hense-systeme.com\/it\/produkt\/serie-hsl\/\" \/>\n<meta property=\"og:locale\" content=\"it_IT\" \/>\n<meta property=\"og:type\" content=\"article\" \/>\n<meta property=\"og:title\" content=\"Motore idraulico\/servoidraulico orientabile | Serie HSL\" \/>\n<meta property=\"og:description\" content=\"Attuatore idraulico a quarto di giro con un&#039;ampia gamma di applicazioni grazie ai comandi servoidraulici \u25ba Richiedi ora!\" \/>\n<meta property=\"og:url\" content=\"https:\/\/hense-systeme.com\/it\/produkt\/serie-hsl\/\" \/>\n<meta property=\"og:site_name\" content=\"Hense Systemtechnik GmbH &amp; Co. KG\" \/>\n<meta property=\"article:modified_time\" content=\"2025-06-11T11:33:19+00:00\" \/>\n<meta property=\"og:image\" content=\"https:\/\/hense-systeme.com\/wp-content\/uploads\/produkte_baureihe-hsl.png\" \/>\n\t<meta property=\"og:image:width\" content=\"650\" \/>\n\t<meta property=\"og:image:height\" content=\"448\" \/>\n\t<meta property=\"og:image:type\" content=\"image\/png\" \/>\n<meta name=\"twitter:card\" content=\"summary_large_image\" \/>\n<meta name=\"twitter:label1\" content=\"Tempo di lettura stimato\" \/>\n\t<meta name=\"twitter:data1\" content=\"1 minuto\" \/>\n<script type=\"application\/ld+json\" class=\"yoast-schema-graph\">{\"@context\":\"https:\/\/schema.org\",\"@graph\":[{\"@type\":\"WebPage\",\"@id\":\"https:\/\/hense-systeme.com\/it\/produkt\/serie-hsl\/\",\"url\":\"https:\/\/hense-systeme.com\/it\/produkt\/serie-hsl\/\",\"name\":\"Motore idraulico\/servoidraulico orientabile | Serie HSL\",\"isPartOf\":{\"@id\":\"https:\/\/hense-systeme.com\/it\/#website\"},\"primaryImageOfPage\":{\"@id\":\"https:\/\/hense-systeme.com\/it\/produkt\/serie-hsl\/#primaryimage\"},\"image\":{\"@id\":\"https:\/\/hense-systeme.com\/it\/produkt\/serie-hsl\/#primaryimage\"},\"thumbnailUrl\":\"https:\/\/hense-systeme.com\/wp-content\/uploads\/produkte_baureihe-hsl.png\",\"datePublished\":\"2024-02-13T13:02:54+00:00\",\"dateModified\":\"2025-06-11T11:33:19+00:00\",\"description\":\"Attuatore idraulico a quarto di giro con un'ampia gamma di applicazioni grazie ai comandi servoidraulici \u25ba Richiedi ora!\",\"breadcrumb\":{\"@id\":\"https:\/\/hense-systeme.com\/it\/produkt\/serie-hsl\/#breadcrumb\"},\"inLanguage\":\"it-IT\",\"potentialAction\":[{\"@type\":\"ReadAction\",\"target\":[\"https:\/\/hense-systeme.com\/it\/produkt\/serie-hsl\/\"]}]},{\"@type\":\"ImageObject\",\"inLanguage\":\"it-IT\",\"@id\":\"https:\/\/hense-systeme.com\/it\/produkt\/serie-hsl\/#primaryimage\",\"url\":\"https:\/\/hense-systeme.com\/wp-content\/uploads\/produkte_baureihe-hsl.png\",\"contentUrl\":\"https:\/\/hense-systeme.com\/wp-content\/uploads\/produkte_baureihe-hsl.png\",\"width\":650,\"height\":448},{\"@type\":\"BreadcrumbList\",\"@id\":\"https:\/\/hense-systeme.com\/it\/produkt\/serie-hsl\/#breadcrumb\",\"itemListElement\":[{\"@type\":\"ListItem\",\"position\":1,\"name\":\"Startseite\",\"item\":\"https:\/\/hense-systeme.com\/it\/\"},{\"@type\":\"ListItem\",\"position\":2,\"name\":\"Produkte\",\"item\":\"https:\/\/hense-systeme.com\/it\/produkt\/\"},{\"@type\":\"ListItem\",\"position\":3,\"name\":\"Motore orientabile HSL\"}]},{\"@type\":\"WebSite\",\"@id\":\"https:\/\/hense-systeme.com\/it\/#website\",\"url\":\"https:\/\/hense-systeme.com\/it\/\",\"name\":\"Hense Systemtechnik GmbH &amp; Co. KG\",\"description\":\"\",\"publisher\":{\"@id\":\"https:\/\/hense-systeme.com\/it\/#organization\"},\"potentialAction\":[{\"@type\":\"SearchAction\",\"target\":{\"@type\":\"EntryPoint\",\"urlTemplate\":\"https:\/\/hense-systeme.com\/it\/?s={search_term_string}\"},\"query-input\":{\"@type\":\"PropertyValueSpecification\",\"valueRequired\":true,\"valueName\":\"search_term_string\"}}],\"inLanguage\":\"it-IT\"},{\"@type\":\"Organization\",\"@id\":\"https:\/\/hense-systeme.com\/it\/#organization\",\"name\":\"Hense Systemtechnik GmbH &amp; Co. KG\",\"url\":\"https:\/\/hense-systeme.com\/it\/\",\"logo\":{\"@type\":\"ImageObject\",\"inLanguage\":\"it-IT\",\"@id\":\"https:\/\/hense-systeme.com\/it\/#\/schema\/logo\/image\/\",\"url\":\"https:\/\/hense-systeme.com\/wp-content\/uploads\/2024\/02\/hense_logo.svg\",\"contentUrl\":\"https:\/\/hense-systeme.com\/wp-content\/uploads\/2024\/02\/hense_logo.svg\",\"width\":241,\"height\":76,\"caption\":\"Hense Systemtechnik GmbH &amp; Co. KG\"},\"image\":{\"@id\":\"https:\/\/hense-systeme.com\/it\/#\/schema\/logo\/image\/\"}}]}<\/script>\n<!-- \/ Yoast SEO plugin. -->","yoast_head_json":{"title":"Motore idraulico\/servoidraulico orientabile | Serie HSL","description":"Attuatore idraulico a quarto di giro con un'ampia gamma di applicazioni grazie ai comandi servoidraulici \u25ba Richiedi ora!","robots":{"index":"index","follow":"follow","max-snippet":"max-snippet:-1","max-image-preview":"max-image-preview:large","max-video-preview":"max-video-preview:-1"},"canonical":"https:\/\/hense-systeme.com\/it\/produkt\/serie-hsl\/","og_locale":"it_IT","og_type":"article","og_title":"Motore idraulico\/servoidraulico orientabile | Serie HSL","og_description":"Attuatore idraulico a quarto di giro con un'ampia gamma di applicazioni grazie ai comandi servoidraulici \u25ba Richiedi ora!","og_url":"https:\/\/hense-systeme.com\/it\/produkt\/serie-hsl\/","og_site_name":"Hense Systemtechnik GmbH &amp; Co. KG","article_modified_time":"2025-06-11T11:33:19+00:00","og_image":[{"width":650,"height":448,"url":"https:\/\/hense-systeme.com\/wp-content\/uploads\/produkte_baureihe-hsl.png","type":"image\/png"}],"twitter_card":"summary_large_image","twitter_misc":{"Tempo di lettura stimato":"1 minuto"},"schema":{"@context":"https:\/\/schema.org","@graph":[{"@type":"WebPage","@id":"https:\/\/hense-systeme.com\/it\/produkt\/serie-hsl\/","url":"https:\/\/hense-systeme.com\/it\/produkt\/serie-hsl\/","name":"Motore idraulico\/servoidraulico orientabile | Serie HSL","isPartOf":{"@id":"https:\/\/hense-systeme.com\/it\/#website"},"primaryImageOfPage":{"@id":"https:\/\/hense-systeme.com\/it\/produkt\/serie-hsl\/#primaryimage"},"image":{"@id":"https:\/\/hense-systeme.com\/it\/produkt\/serie-hsl\/#primaryimage"},"thumbnailUrl":"https:\/\/hense-systeme.com\/wp-content\/uploads\/produkte_baureihe-hsl.png","datePublished":"2024-02-13T13:02:54+00:00","dateModified":"2025-06-11T11:33:19+00:00","description":"Attuatore idraulico a quarto di giro con un'ampia gamma di applicazioni grazie ai comandi servoidraulici \u25ba Richiedi ora!","breadcrumb":{"@id":"https:\/\/hense-systeme.com\/it\/produkt\/serie-hsl\/#breadcrumb"},"inLanguage":"it-IT","potentialAction":[{"@type":"ReadAction","target":["https:\/\/hense-systeme.com\/it\/produkt\/serie-hsl\/"]}]},{"@type":"ImageObject","inLanguage":"it-IT","@id":"https:\/\/hense-systeme.com\/it\/produkt\/serie-hsl\/#primaryimage","url":"https:\/\/hense-systeme.com\/wp-content\/uploads\/produkte_baureihe-hsl.png","contentUrl":"https:\/\/hense-systeme.com\/wp-content\/uploads\/produkte_baureihe-hsl.png","width":650,"height":448},{"@type":"BreadcrumbList","@id":"https:\/\/hense-systeme.com\/it\/produkt\/serie-hsl\/#breadcrumb","itemListElement":[{"@type":"ListItem","position":1,"name":"Startseite","item":"https:\/\/hense-systeme.com\/it\/"},{"@type":"ListItem","position":2,"name":"Produkte","item":"https:\/\/hense-systeme.com\/it\/produkt\/"},{"@type":"ListItem","position":3,"name":"Motore orientabile HSL"}]},{"@type":"WebSite","@id":"https:\/\/hense-systeme.com\/it\/#website","url":"https:\/\/hense-systeme.com\/it\/","name":"Hense Systemtechnik GmbH &amp; Co. KG","description":"","publisher":{"@id":"https:\/\/hense-systeme.com\/it\/#organization"},"potentialAction":[{"@type":"SearchAction","target":{"@type":"EntryPoint","urlTemplate":"https:\/\/hense-systeme.com\/it\/?s={search_term_string}"},"query-input":{"@type":"PropertyValueSpecification","valueRequired":true,"valueName":"search_term_string"}}],"inLanguage":"it-IT"},{"@type":"Organization","@id":"https:\/\/hense-systeme.com\/it\/#organization","name":"Hense Systemtechnik GmbH &amp; Co. KG","url":"https:\/\/hense-systeme.com\/it\/","logo":{"@type":"ImageObject","inLanguage":"it-IT","@id":"https:\/\/hense-systeme.com\/it\/#\/schema\/logo\/image\/","url":"https:\/\/hense-systeme.com\/wp-content\/uploads\/2024\/02\/hense_logo.svg","contentUrl":"https:\/\/hense-systeme.com\/wp-content\/uploads\/2024\/02\/hense_logo.svg","width":241,"height":76,"caption":"Hense Systemtechnik GmbH &amp; Co. KG"},"image":{"@id":"https:\/\/hense-systeme.com\/it\/#\/schema\/logo\/image\/"}}]}},"_links":{"self":[{"href":"https:\/\/hense-systeme.com\/it\/wp-json\/wp\/v2\/product\/6582","targetHints":{"allow":["GET"]}}],"collection":[{"href":"https:\/\/hense-systeme.com\/it\/wp-json\/wp\/v2\/product"}],"about":[{"href":"https:\/\/hense-systeme.com\/it\/wp-json\/wp\/v2\/types\/product"}],"version-history":[{"count":4,"href":"https:\/\/hense-systeme.com\/it\/wp-json\/wp\/v2\/product\/6582\/revisions"}],"predecessor-version":[{"id":10944,"href":"https:\/\/hense-systeme.com\/it\/wp-json\/wp\/v2\/product\/6582\/revisions\/10944"}],"wp:featuredmedia":[{"embeddable":true,"href":"https:\/\/hense-systeme.com\/it\/wp-json\/wp\/v2\/media\/7250"}],"wp:attachment":[{"href":"https:\/\/hense-systeme.com\/it\/wp-json\/wp\/v2\/media?parent=6582"}],"wp:term":[{"taxonomy":"product_applications","embeddable":true,"href":"https:\/\/hense-systeme.com\/it\/wp-json\/wp\/v2\/product_applications?post=6582"},{"taxonomy":"product_category","embeddable":true,"href":"https:\/\/hense-systeme.com\/it\/wp-json\/wp\/v2\/product_category?post=6582"}],"curies":[{"name":"wp","href":"https:\/\/api.w.org\/{rel}","templated":true}]}}