{"id":6593,"date":"2024-02-13T14:02:54","date_gmt":"2024-02-13T13:02:54","guid":{"rendered":"https:\/\/hense.pixel-tal.de\/produkt\/serie-hss\/"},"modified":"2025-06-11T13:33:12","modified_gmt":"2025-06-11T11:33:12","slug":"serie-hss","status":"publish","type":"product","link":"https:\/\/hense-systeme.com\/it\/produkt\/serie-hss\/","title":{"rendered":"Motore orientabile HSS"},"content":{"rendered":"<p>Il nostro motore rotativo a palette della serie HSS pu\u00f2 essere utilizzato in qualsiasi posizione di installazione. Come tutti i motori girevoli Hense Systeme, questo motore girevole \u00e8 progettato secondo il principio delle palette rotanti. L&#8217;albero motore \u00e8 dotato di cuscinetti a strisciamento assiali e radiali in boccole rivestite. Il rivestimento utilizzato \u00e8 tribologicamente ottimizzato e garantisce una bassa usura. L&#8217;olio idraulico in dotazione garantisce una lubrificazione sufficiente dei punti di appoggio. Per ridurre l&#8217;attrito interno del motore, la separazione idraulica delle camere di lavoro di questa serie \u00e8 in parte ottenuta mediante sezioni di strozzatura dipendenti dalla pressione e dalla viscosit\u00e0.     <\/p>\n<p>I motori HSS sono ideali per generare movimenti oscillanti e girevoli nella gamma di frequenze con piccole ampiezze angolari in sistemi controllati. La serie HSS \u00e8 quindi consigliata per l&#8217;uso quando \u00e8 necessario realizzare test di torsione semidinamici in modo affidabile ed economico. <\/p>\n<p><strong>Oscillatore idraulico servoidraulico<br \/>\n<\/strong>In combinazione con altri componenti di alta qualit\u00e0, come servovalvole, accumulatori di pulsazioni e sistemi di misurazione angolare ad alta risoluzione, l&#8217;oscillatore idraulico \u00e8 progettato per generare carichi torsionali alternati.<\/p>\n<p>Offriamo soluzioni personalizzate per un&#8217;ampia gamma di applicazioni. Il nostro team qualificato sar\u00e0 lieto di consigliarti sulla progettazione e sulla realizzazione. <\/p>","protected":false},"excerpt":{"rendered":"<p>Questi azionamenti vengono utilizzati preferibilmente in sistemi controllati con movimenti oscillanti e orientabili a bassa frequenza. Colmano il divario tecnologico tra i tradizionali motori orientabili per applicazioni industriali e la serie HSH. <\/p>\n","protected":false},"featured_media":7391,"parent":0,"template":"","product_applications":[],"product_category":[86],"class_list":["post-6593","product","type-product","status-publish","has-post-thumbnail","hentry","product_category-tecnologia-per-banchi-prova","no-featured-image-padding"],"acf":[],"yoast_head":"<!-- This site is optimized with the Yoast SEO plugin v27.3 - https:\/\/yoast.com\/product\/yoast-seo-wordpress\/ -->\n<title>Motore rotativo a palette HSS per sistemi altamente dinamici<\/title>\n<meta name=\"description\" content=\"Motori idraulici orientabili della serie HSS con alberi di trasmissione a cuscinetti radiali e assiali per prove di torsione semidinamiche! Scopri di pi\u00f9!\" \/>\n<meta name=\"robots\" content=\"index, follow, max-snippet:-1, max-image-preview:large, max-video-preview:-1\" \/>\n<link rel=\"canonical\" href=\"https:\/\/hense-systeme.com\/it\/produkt\/serie-hss\/\" \/>\n<meta property=\"og:locale\" content=\"it_IT\" \/>\n<meta property=\"og:type\" content=\"article\" \/>\n<meta property=\"og:title\" content=\"Motore rotativo a palette HSS per sistemi altamente dinamici\" \/>\n<meta property=\"og:description\" content=\"Motori idraulici orientabili della serie HSS con alberi di trasmissione a cuscinetti radiali e assiali per prove di torsione semidinamiche! Scopri di pi\u00f9!\" \/>\n<meta property=\"og:url\" content=\"https:\/\/hense-systeme.com\/it\/produkt\/serie-hss\/\" \/>\n<meta property=\"og:site_name\" content=\"Hense Systemtechnik GmbH &amp; Co. KG\" \/>\n<meta property=\"article:modified_time\" content=\"2025-06-11T11:33:12+00:00\" \/>\n<meta property=\"og:image\" content=\"https:\/\/hense-systeme.com\/wp-content\/uploads\/produkte_baureihe-hss_02.png\" \/>\n\t<meta property=\"og:image:width\" content=\"450\" \/>\n\t<meta property=\"og:image:height\" content=\"412\" \/>\n\t<meta property=\"og:image:type\" content=\"image\/png\" \/>\n<meta name=\"twitter:card\" content=\"summary_large_image\" \/>\n<meta name=\"twitter:label1\" content=\"Tempo di lettura stimato\" \/>\n\t<meta name=\"twitter:data1\" content=\"1 minuto\" \/>\n<script type=\"application\/ld+json\" class=\"yoast-schema-graph\">{\"@context\":\"https:\\\/\\\/schema.org\",\"@graph\":[{\"@type\":\"WebPage\",\"@id\":\"https:\\\/\\\/hense-systeme.com\\\/it\\\/produkt\\\/serie-hss\\\/\",\"url\":\"https:\\\/\\\/hense-systeme.com\\\/it\\\/produkt\\\/serie-hss\\\/\",\"name\":\"Motore rotativo a palette HSS per sistemi altamente dinamici\",\"isPartOf\":{\"@id\":\"https:\\\/\\\/hense-systeme.com\\\/it\\\/#website\"},\"primaryImageOfPage\":{\"@id\":\"https:\\\/\\\/hense-systeme.com\\\/it\\\/produkt\\\/serie-hss\\\/#primaryimage\"},\"image\":{\"@id\":\"https:\\\/\\\/hense-systeme.com\\\/it\\\/produkt\\\/serie-hss\\\/#primaryimage\"},\"thumbnailUrl\":\"https:\\\/\\\/hense-systeme.com\\\/wp-content\\\/uploads\\\/produkte_baureihe-hss_02.png\",\"datePublished\":\"2024-02-13T13:02:54+00:00\",\"dateModified\":\"2025-06-11T11:33:12+00:00\",\"description\":\"Motori idraulici orientabili della serie HSS con alberi di trasmissione a cuscinetti radiali e assiali per prove di torsione semidinamiche! Scopri di pi\u00f9!\",\"breadcrumb\":{\"@id\":\"https:\\\/\\\/hense-systeme.com\\\/it\\\/produkt\\\/serie-hss\\\/#breadcrumb\"},\"inLanguage\":\"it-IT\",\"potentialAction\":[{\"@type\":\"ReadAction\",\"target\":[\"https:\\\/\\\/hense-systeme.com\\\/it\\\/produkt\\\/serie-hss\\\/\"]}]},{\"@type\":\"ImageObject\",\"inLanguage\":\"it-IT\",\"@id\":\"https:\\\/\\\/hense-systeme.com\\\/it\\\/produkt\\\/serie-hss\\\/#primaryimage\",\"url\":\"https:\\\/\\\/hense-systeme.com\\\/wp-content\\\/uploads\\\/produkte_baureihe-hss_02.png\",\"contentUrl\":\"https:\\\/\\\/hense-systeme.com\\\/wp-content\\\/uploads\\\/produkte_baureihe-hss_02.png\",\"width\":450,\"height\":412},{\"@type\":\"BreadcrumbList\",\"@id\":\"https:\\\/\\\/hense-systeme.com\\\/it\\\/produkt\\\/serie-hss\\\/#breadcrumb\",\"itemListElement\":[{\"@type\":\"ListItem\",\"position\":1,\"name\":\"Startseite\",\"item\":\"https:\\\/\\\/hense-systeme.com\\\/it\\\/\"},{\"@type\":\"ListItem\",\"position\":2,\"name\":\"Produkte\",\"item\":\"https:\\\/\\\/hense-systeme.com\\\/it\\\/produkt\\\/\"},{\"@type\":\"ListItem\",\"position\":3,\"name\":\"Motore orientabile HSS\"}]},{\"@type\":\"WebSite\",\"@id\":\"https:\\\/\\\/hense-systeme.com\\\/it\\\/#website\",\"url\":\"https:\\\/\\\/hense-systeme.com\\\/it\\\/\",\"name\":\"Hense Systemtechnik GmbH &amp; Co. KG\",\"description\":\"\",\"publisher\":{\"@id\":\"https:\\\/\\\/hense-systeme.com\\\/it\\\/#organization\"},\"potentialAction\":[{\"@type\":\"SearchAction\",\"target\":{\"@type\":\"EntryPoint\",\"urlTemplate\":\"https:\\\/\\\/hense-systeme.com\\\/it\\\/?s={search_term_string}\"},\"query-input\":{\"@type\":\"PropertyValueSpecification\",\"valueRequired\":true,\"valueName\":\"search_term_string\"}}],\"inLanguage\":\"it-IT\"},{\"@type\":\"Organization\",\"@id\":\"https:\\\/\\\/hense-systeme.com\\\/it\\\/#organization\",\"name\":\"Hense Systemtechnik GmbH &amp; Co. KG\",\"url\":\"https:\\\/\\\/hense-systeme.com\\\/it\\\/\",\"logo\":{\"@type\":\"ImageObject\",\"inLanguage\":\"it-IT\",\"@id\":\"https:\\\/\\\/hense-systeme.com\\\/it\\\/#\\\/schema\\\/logo\\\/image\\\/\",\"url\":\"https:\\\/\\\/hense-systeme.com\\\/wp-content\\\/uploads\\\/2024\\\/02\\\/hense_logo.svg\",\"contentUrl\":\"https:\\\/\\\/hense-systeme.com\\\/wp-content\\\/uploads\\\/2024\\\/02\\\/hense_logo.svg\",\"width\":241,\"height\":76,\"caption\":\"Hense Systemtechnik GmbH &amp; Co. KG\"},\"image\":{\"@id\":\"https:\\\/\\\/hense-systeme.com\\\/it\\\/#\\\/schema\\\/logo\\\/image\\\/\"}}]}<\/script>\n<!-- \/ Yoast SEO plugin. -->","yoast_head_json":{"title":"Motore rotativo a palette HSS per sistemi altamente dinamici","description":"Motori idraulici orientabili della serie HSS con alberi di trasmissione a cuscinetti radiali e assiali per prove di torsione semidinamiche! Scopri di pi\u00f9!","robots":{"index":"index","follow":"follow","max-snippet":"max-snippet:-1","max-image-preview":"max-image-preview:large","max-video-preview":"max-video-preview:-1"},"canonical":"https:\/\/hense-systeme.com\/it\/produkt\/serie-hss\/","og_locale":"it_IT","og_type":"article","og_title":"Motore rotativo a palette HSS per sistemi altamente dinamici","og_description":"Motori idraulici orientabili della serie HSS con alberi di trasmissione a cuscinetti radiali e assiali per prove di torsione semidinamiche! Scopri di pi\u00f9!","og_url":"https:\/\/hense-systeme.com\/it\/produkt\/serie-hss\/","og_site_name":"Hense Systemtechnik GmbH &amp; Co. KG","article_modified_time":"2025-06-11T11:33:12+00:00","og_image":[{"width":450,"height":412,"url":"https:\/\/hense-systeme.com\/wp-content\/uploads\/produkte_baureihe-hss_02.png","type":"image\/png"}],"twitter_card":"summary_large_image","twitter_misc":{"Tempo di lettura stimato":"1 minuto"},"schema":{"@context":"https:\/\/schema.org","@graph":[{"@type":"WebPage","@id":"https:\/\/hense-systeme.com\/it\/produkt\/serie-hss\/","url":"https:\/\/hense-systeme.com\/it\/produkt\/serie-hss\/","name":"Motore rotativo a palette HSS per sistemi altamente dinamici","isPartOf":{"@id":"https:\/\/hense-systeme.com\/it\/#website"},"primaryImageOfPage":{"@id":"https:\/\/hense-systeme.com\/it\/produkt\/serie-hss\/#primaryimage"},"image":{"@id":"https:\/\/hense-systeme.com\/it\/produkt\/serie-hss\/#primaryimage"},"thumbnailUrl":"https:\/\/hense-systeme.com\/wp-content\/uploads\/produkte_baureihe-hss_02.png","datePublished":"2024-02-13T13:02:54+00:00","dateModified":"2025-06-11T11:33:12+00:00","description":"Motori idraulici orientabili della serie HSS con alberi di trasmissione a cuscinetti radiali e assiali per prove di torsione semidinamiche! Scopri di pi\u00f9!","breadcrumb":{"@id":"https:\/\/hense-systeme.com\/it\/produkt\/serie-hss\/#breadcrumb"},"inLanguage":"it-IT","potentialAction":[{"@type":"ReadAction","target":["https:\/\/hense-systeme.com\/it\/produkt\/serie-hss\/"]}]},{"@type":"ImageObject","inLanguage":"it-IT","@id":"https:\/\/hense-systeme.com\/it\/produkt\/serie-hss\/#primaryimage","url":"https:\/\/hense-systeme.com\/wp-content\/uploads\/produkte_baureihe-hss_02.png","contentUrl":"https:\/\/hense-systeme.com\/wp-content\/uploads\/produkte_baureihe-hss_02.png","width":450,"height":412},{"@type":"BreadcrumbList","@id":"https:\/\/hense-systeme.com\/it\/produkt\/serie-hss\/#breadcrumb","itemListElement":[{"@type":"ListItem","position":1,"name":"Startseite","item":"https:\/\/hense-systeme.com\/it\/"},{"@type":"ListItem","position":2,"name":"Produkte","item":"https:\/\/hense-systeme.com\/it\/produkt\/"},{"@type":"ListItem","position":3,"name":"Motore orientabile HSS"}]},{"@type":"WebSite","@id":"https:\/\/hense-systeme.com\/it\/#website","url":"https:\/\/hense-systeme.com\/it\/","name":"Hense Systemtechnik GmbH &amp; Co. KG","description":"","publisher":{"@id":"https:\/\/hense-systeme.com\/it\/#organization"},"potentialAction":[{"@type":"SearchAction","target":{"@type":"EntryPoint","urlTemplate":"https:\/\/hense-systeme.com\/it\/?s={search_term_string}"},"query-input":{"@type":"PropertyValueSpecification","valueRequired":true,"valueName":"search_term_string"}}],"inLanguage":"it-IT"},{"@type":"Organization","@id":"https:\/\/hense-systeme.com\/it\/#organization","name":"Hense Systemtechnik GmbH &amp; Co. KG","url":"https:\/\/hense-systeme.com\/it\/","logo":{"@type":"ImageObject","inLanguage":"it-IT","@id":"https:\/\/hense-systeme.com\/it\/#\/schema\/logo\/image\/","url":"https:\/\/hense-systeme.com\/wp-content\/uploads\/2024\/02\/hense_logo.svg","contentUrl":"https:\/\/hense-systeme.com\/wp-content\/uploads\/2024\/02\/hense_logo.svg","width":241,"height":76,"caption":"Hense Systemtechnik GmbH &amp; Co. KG"},"image":{"@id":"https:\/\/hense-systeme.com\/it\/#\/schema\/logo\/image\/"}}]}},"_links":{"self":[{"href":"https:\/\/hense-systeme.com\/it\/wp-json\/wp\/v2\/product\/6593","targetHints":{"allow":["GET"]}}],"collection":[{"href":"https:\/\/hense-systeme.com\/it\/wp-json\/wp\/v2\/product"}],"about":[{"href":"https:\/\/hense-systeme.com\/it\/wp-json\/wp\/v2\/types\/product"}],"version-history":[{"count":3,"href":"https:\/\/hense-systeme.com\/it\/wp-json\/wp\/v2\/product\/6593\/revisions"}],"predecessor-version":[{"id":10937,"href":"https:\/\/hense-systeme.com\/it\/wp-json\/wp\/v2\/product\/6593\/revisions\/10937"}],"wp:featuredmedia":[{"embeddable":true,"href":"https:\/\/hense-systeme.com\/it\/wp-json\/wp\/v2\/media\/7391"}],"wp:attachment":[{"href":"https:\/\/hense-systeme.com\/it\/wp-json\/wp\/v2\/media?parent=6593"}],"wp:term":[{"taxonomy":"product_applications","embeddable":true,"href":"https:\/\/hense-systeme.com\/it\/wp-json\/wp\/v2\/product_applications?post=6593"},{"taxonomy":"product_category","embeddable":true,"href":"https:\/\/hense-systeme.com\/it\/wp-json\/wp\/v2\/product_category?post=6593"}],"curies":[{"name":"wp","href":"https:\/\/api.w.org\/{rel}","templated":true}]}}