{"id":6654,"date":"2024-02-13T14:01:50","date_gmt":"2024-02-13T13:01:50","guid":{"rendered":"https:\/\/hense.pixel-tal.de\/produkt\/serie-hse\/"},"modified":"2025-06-11T13:33:07","modified_gmt":"2025-06-11T11:33:07","slug":"serie-hse","status":"publish","type":"product","link":"https:\/\/hense-systeme.com\/it\/produkt\/serie-hse\/","title":{"rendered":"Motore orientabile HSE"},"content":{"rendered":"<p>Il nostro motore per porte a battente della serie HSG pu\u00f2 essere utilizzato per qualsiasi posizione di installazione. Il motore girevole svolge anche la funzione di smorzamento della posizione finale con o senza limitazione dell \u201cangolo di rotazione regolabile. Si tratta della frenata e della decelerazione del movimento di rotazione fino all\u201d arresto. Per lo smorzamento, la sezione del foro per il fluido in uscita viene continuamente ridotta e le masse in movimento vengono cos\u00ec frenate idraulicamente. La posizione finale viene raggiunta quando il foro \u00e8 completamente chiuso e il fluido non pu\u00f2 pi\u00f9 uscire.    <\/p>\n<p>Per offrire ai nostri clienti l&#8217;azionamento giusto per tutti i settori di applicazione, il motore orientabile HSE \u00e8 disponibile in un totale di 6 versioni diverse. Di seguito abbiamo elencato i dati pi\u00f9 importanti. Tutti gli altri dettagli sono disponibili nella nostra scheda tecnica.  <\/p>","protected":false},"excerpt":{"rendered":"<p>I motori orientabili svolgono anche la funzione di smorzamento della posizione finale con o senza limitazione dell&#8217;angolo di rotazione regolabile.<\/p>\n","protected":false},"featured_media":11104,"parent":0,"template":"","product_applications":[63,64,65],"product_category":[87],"class_list":["post-6654","product","type-product","status-publish","has-post-thumbnail","hentry","product_applications-ingegneria-meccanica-generale","product_applications-tecnologia-di-movimentazione","product_applications-costruzione-di-macchine-speciali","product_category-motori-orientabili-per-applicazioni-industriali","no-featured-image-padding"],"acf":[],"yoast_head":"<!-- This site is optimized with the Yoast SEO plugin v27.5 - https:\/\/yoast.com\/product\/yoast-seo-wordpress\/ -->\n<title>Motore per porte a battente con smorzamento della posizione finale | Serie HSE<\/title>\n<meta name=\"description\" content=\"Motore girevole HSE con funzione di smorzamento della posizione finale. Per frenare i movimenti di rotazione \u2713 \u25ba Scopri di pi\u00f9 e richiedi subito una consulenza!\" \/>\n<meta name=\"robots\" content=\"index, follow, max-snippet:-1, max-image-preview:large, max-video-preview:-1\" \/>\n<link rel=\"canonical\" href=\"https:\/\/hense-systeme.com\/it\/produkt\/serie-hse\/\" \/>\n<meta property=\"og:locale\" content=\"it_IT\" \/>\n<meta property=\"og:type\" content=\"article\" \/>\n<meta property=\"og:title\" content=\"Motore per porte a battente con smorzamento della posizione finale | Serie HSE\" \/>\n<meta property=\"og:description\" content=\"Motore girevole HSE con funzione di smorzamento della posizione finale. Per frenare i movimenti di rotazione \u2713 \u25ba Scopri di pi\u00f9 e richiedi subito una consulenza!\" \/>\n<meta property=\"og:url\" content=\"https:\/\/hense-systeme.com\/it\/produkt\/serie-hse\/\" \/>\n<meta property=\"og:site_name\" content=\"Hense Systemtechnik GmbH &amp; Co. KG\" \/>\n<meta property=\"article:modified_time\" content=\"2025-06-11T11:33:07+00:00\" \/>\n<meta property=\"og:image\" content=\"https:\/\/hense-systeme.com\/wp-content\/uploads\/produkte_baureihe-hse_02.png\" \/>\n\t<meta property=\"og:image:width\" content=\"650\" \/>\n\t<meta property=\"og:image:height\" content=\"420\" \/>\n\t<meta property=\"og:image:type\" content=\"image\/png\" \/>\n<meta name=\"twitter:card\" content=\"summary_large_image\" \/>\n<meta name=\"twitter:label1\" content=\"Tempo di lettura stimato\" \/>\n\t<meta name=\"twitter:data1\" content=\"1 minuto\" \/>\n<script type=\"application\/ld+json\" class=\"yoast-schema-graph\">{\"@context\":\"https:\\\/\\\/schema.org\",\"@graph\":[{\"@type\":\"WebPage\",\"@id\":\"https:\\\/\\\/hense-systeme.com\\\/it\\\/produkt\\\/serie-hse\\\/\",\"url\":\"https:\\\/\\\/hense-systeme.com\\\/it\\\/produkt\\\/serie-hse\\\/\",\"name\":\"Motore per porte a battente con smorzamento della posizione finale | Serie HSE\",\"isPartOf\":{\"@id\":\"https:\\\/\\\/hense-systeme.com\\\/it\\\/#website\"},\"primaryImageOfPage\":{\"@id\":\"https:\\\/\\\/hense-systeme.com\\\/it\\\/produkt\\\/serie-hse\\\/#primaryimage\"},\"image\":{\"@id\":\"https:\\\/\\\/hense-systeme.com\\\/it\\\/produkt\\\/serie-hse\\\/#primaryimage\"},\"thumbnailUrl\":\"https:\\\/\\\/hense-systeme.com\\\/wp-content\\\/uploads\\\/baureihe_hse-1.png\",\"datePublished\":\"2024-02-13T13:01:50+00:00\",\"dateModified\":\"2025-06-11T11:33:07+00:00\",\"description\":\"Motore girevole HSE con funzione di smorzamento della posizione finale. Per frenare i movimenti di rotazione \u2713 \u25ba Scopri di pi\u00f9 e richiedi subito una consulenza!\",\"breadcrumb\":{\"@id\":\"https:\\\/\\\/hense-systeme.com\\\/it\\\/produkt\\\/serie-hse\\\/#breadcrumb\"},\"inLanguage\":\"it-IT\",\"potentialAction\":[{\"@type\":\"ReadAction\",\"target\":[\"https:\\\/\\\/hense-systeme.com\\\/it\\\/produkt\\\/serie-hse\\\/\"]}]},{\"@type\":\"ImageObject\",\"inLanguage\":\"it-IT\",\"@id\":\"https:\\\/\\\/hense-systeme.com\\\/it\\\/produkt\\\/serie-hse\\\/#primaryimage\",\"url\":\"https:\\\/\\\/hense-systeme.com\\\/wp-content\\\/uploads\\\/baureihe_hse-1.png\",\"contentUrl\":\"https:\\\/\\\/hense-systeme.com\\\/wp-content\\\/uploads\\\/baureihe_hse-1.png\",\"width\":252,\"height\":217},{\"@type\":\"BreadcrumbList\",\"@id\":\"https:\\\/\\\/hense-systeme.com\\\/it\\\/produkt\\\/serie-hse\\\/#breadcrumb\",\"itemListElement\":[{\"@type\":\"ListItem\",\"position\":1,\"name\":\"Startseite\",\"item\":\"https:\\\/\\\/hense-systeme.com\\\/it\\\/\"},{\"@type\":\"ListItem\",\"position\":2,\"name\":\"Produkte\",\"item\":\"https:\\\/\\\/hense-systeme.com\\\/it\\\/produkt\\\/\"},{\"@type\":\"ListItem\",\"position\":3,\"name\":\"Motore orientabile HSE\"}]},{\"@type\":\"WebSite\",\"@id\":\"https:\\\/\\\/hense-systeme.com\\\/it\\\/#website\",\"url\":\"https:\\\/\\\/hense-systeme.com\\\/it\\\/\",\"name\":\"Hense Systemtechnik GmbH &amp; Co. KG\",\"description\":\"\",\"publisher\":{\"@id\":\"https:\\\/\\\/hense-systeme.com\\\/it\\\/#organization\"},\"potentialAction\":[{\"@type\":\"SearchAction\",\"target\":{\"@type\":\"EntryPoint\",\"urlTemplate\":\"https:\\\/\\\/hense-systeme.com\\\/it\\\/?s={search_term_string}\"},\"query-input\":{\"@type\":\"PropertyValueSpecification\",\"valueRequired\":true,\"valueName\":\"search_term_string\"}}],\"inLanguage\":\"it-IT\"},{\"@type\":\"Organization\",\"@id\":\"https:\\\/\\\/hense-systeme.com\\\/it\\\/#organization\",\"name\":\"Hense Systemtechnik GmbH &amp; Co. KG\",\"url\":\"https:\\\/\\\/hense-systeme.com\\\/it\\\/\",\"logo\":{\"@type\":\"ImageObject\",\"inLanguage\":\"it-IT\",\"@id\":\"https:\\\/\\\/hense-systeme.com\\\/it\\\/#\\\/schema\\\/logo\\\/image\\\/\",\"url\":\"https:\\\/\\\/hense-systeme.com\\\/wp-content\\\/uploads\\\/2024\\\/02\\\/hense_logo.svg\",\"contentUrl\":\"https:\\\/\\\/hense-systeme.com\\\/wp-content\\\/uploads\\\/2024\\\/02\\\/hense_logo.svg\",\"width\":241,\"height\":76,\"caption\":\"Hense Systemtechnik GmbH &amp; Co. KG\"},\"image\":{\"@id\":\"https:\\\/\\\/hense-systeme.com\\\/it\\\/#\\\/schema\\\/logo\\\/image\\\/\"}}]}<\/script>\n<!-- \/ Yoast SEO plugin. -->","yoast_head_json":{"title":"Motore per porte a battente con smorzamento della posizione finale | Serie HSE","description":"Motore girevole HSE con funzione di smorzamento della posizione finale. Per frenare i movimenti di rotazione \u2713 \u25ba Scopri di pi\u00f9 e richiedi subito una consulenza!","robots":{"index":"index","follow":"follow","max-snippet":"max-snippet:-1","max-image-preview":"max-image-preview:large","max-video-preview":"max-video-preview:-1"},"canonical":"https:\/\/hense-systeme.com\/it\/produkt\/serie-hse\/","og_locale":"it_IT","og_type":"article","og_title":"Motore per porte a battente con smorzamento della posizione finale | Serie HSE","og_description":"Motore girevole HSE con funzione di smorzamento della posizione finale. Per frenare i movimenti di rotazione \u2713 \u25ba Scopri di pi\u00f9 e richiedi subito una consulenza!","og_url":"https:\/\/hense-systeme.com\/it\/produkt\/serie-hse\/","og_site_name":"Hense Systemtechnik GmbH &amp; Co. KG","article_modified_time":"2025-06-11T11:33:07+00:00","og_image":[{"width":650,"height":420,"url":"https:\/\/hense-systeme.com\/wp-content\/uploads\/produkte_baureihe-hse_02.png","type":"image\/png"}],"twitter_card":"summary_large_image","twitter_misc":{"Tempo di lettura stimato":"1 minuto"},"schema":{"@context":"https:\/\/schema.org","@graph":[{"@type":"WebPage","@id":"https:\/\/hense-systeme.com\/it\/produkt\/serie-hse\/","url":"https:\/\/hense-systeme.com\/it\/produkt\/serie-hse\/","name":"Motore per porte a battente con smorzamento della posizione finale | Serie HSE","isPartOf":{"@id":"https:\/\/hense-systeme.com\/it\/#website"},"primaryImageOfPage":{"@id":"https:\/\/hense-systeme.com\/it\/produkt\/serie-hse\/#primaryimage"},"image":{"@id":"https:\/\/hense-systeme.com\/it\/produkt\/serie-hse\/#primaryimage"},"thumbnailUrl":"https:\/\/hense-systeme.com\/wp-content\/uploads\/baureihe_hse-1.png","datePublished":"2024-02-13T13:01:50+00:00","dateModified":"2025-06-11T11:33:07+00:00","description":"Motore girevole HSE con funzione di smorzamento della posizione finale. Per frenare i movimenti di rotazione \u2713 \u25ba Scopri di pi\u00f9 e richiedi subito una consulenza!","breadcrumb":{"@id":"https:\/\/hense-systeme.com\/it\/produkt\/serie-hse\/#breadcrumb"},"inLanguage":"it-IT","potentialAction":[{"@type":"ReadAction","target":["https:\/\/hense-systeme.com\/it\/produkt\/serie-hse\/"]}]},{"@type":"ImageObject","inLanguage":"it-IT","@id":"https:\/\/hense-systeme.com\/it\/produkt\/serie-hse\/#primaryimage","url":"https:\/\/hense-systeme.com\/wp-content\/uploads\/baureihe_hse-1.png","contentUrl":"https:\/\/hense-systeme.com\/wp-content\/uploads\/baureihe_hse-1.png","width":252,"height":217},{"@type":"BreadcrumbList","@id":"https:\/\/hense-systeme.com\/it\/produkt\/serie-hse\/#breadcrumb","itemListElement":[{"@type":"ListItem","position":1,"name":"Startseite","item":"https:\/\/hense-systeme.com\/it\/"},{"@type":"ListItem","position":2,"name":"Produkte","item":"https:\/\/hense-systeme.com\/it\/produkt\/"},{"@type":"ListItem","position":3,"name":"Motore orientabile HSE"}]},{"@type":"WebSite","@id":"https:\/\/hense-systeme.com\/it\/#website","url":"https:\/\/hense-systeme.com\/it\/","name":"Hense Systemtechnik GmbH &amp; Co. KG","description":"","publisher":{"@id":"https:\/\/hense-systeme.com\/it\/#organization"},"potentialAction":[{"@type":"SearchAction","target":{"@type":"EntryPoint","urlTemplate":"https:\/\/hense-systeme.com\/it\/?s={search_term_string}"},"query-input":{"@type":"PropertyValueSpecification","valueRequired":true,"valueName":"search_term_string"}}],"inLanguage":"it-IT"},{"@type":"Organization","@id":"https:\/\/hense-systeme.com\/it\/#organization","name":"Hense Systemtechnik GmbH &amp; Co. KG","url":"https:\/\/hense-systeme.com\/it\/","logo":{"@type":"ImageObject","inLanguage":"it-IT","@id":"https:\/\/hense-systeme.com\/it\/#\/schema\/logo\/image\/","url":"https:\/\/hense-systeme.com\/wp-content\/uploads\/2024\/02\/hense_logo.svg","contentUrl":"https:\/\/hense-systeme.com\/wp-content\/uploads\/2024\/02\/hense_logo.svg","width":241,"height":76,"caption":"Hense Systemtechnik GmbH &amp; Co. KG"},"image":{"@id":"https:\/\/hense-systeme.com\/it\/#\/schema\/logo\/image\/"}}]}},"_links":{"self":[{"href":"https:\/\/hense-systeme.com\/it\/wp-json\/wp\/v2\/product\/6654","targetHints":{"allow":["GET"]}}],"collection":[{"href":"https:\/\/hense-systeme.com\/it\/wp-json\/wp\/v2\/product"}],"about":[{"href":"https:\/\/hense-systeme.com\/it\/wp-json\/wp\/v2\/types\/product"}],"version-history":[{"count":5,"href":"https:\/\/hense-systeme.com\/it\/wp-json\/wp\/v2\/product\/6654\/revisions"}],"predecessor-version":[{"id":10929,"href":"https:\/\/hense-systeme.com\/it\/wp-json\/wp\/v2\/product\/6654\/revisions\/10929"}],"wp:featuredmedia":[{"embeddable":true,"href":"https:\/\/hense-systeme.com\/it\/wp-json\/wp\/v2\/media\/11104"}],"wp:attachment":[{"href":"https:\/\/hense-systeme.com\/it\/wp-json\/wp\/v2\/media?parent=6654"}],"wp:term":[{"taxonomy":"product_applications","embeddable":true,"href":"https:\/\/hense-systeme.com\/it\/wp-json\/wp\/v2\/product_applications?post=6654"},{"taxonomy":"product_category","embeddable":true,"href":"https:\/\/hense-systeme.com\/it\/wp-json\/wp\/v2\/product_category?post=6654"}],"curies":[{"name":"wp","href":"https:\/\/api.w.org\/{rel}","templated":true}]}}