{"id":6831,"date":"2024-02-13T14:02:53","date_gmt":"2024-02-13T13:02:53","guid":{"rendered":"https:\/\/hense.pixel-tal.de\/produkt\/serie-hsh\/"},"modified":"2025-06-11T13:33:06","modified_gmt":"2025-06-11T11:33:06","slug":"serie-hsh","status":"publish","type":"product","link":"https:\/\/hense-systeme.com\/it\/produkt\/serie-hsh\/","title":{"rendered":"Motore orientabile HSH"},"content":{"rendered":"<p>Il nostro motore rotativo a palette della serie HSH pu\u00f2 essere utilizzato in qualsiasi posizione di installazione. L \u201calbero di uscita del motore orientabile \u00e8 montato su cuscinetti idrostatici radiali e assiali. Le tasche dei cuscinetti radiali e assiali sono alimentate con olio pressurizzato tramite una connessione a pressione separata. Di conseguenza, l\u201d albero di uscita \u00e8 centrato radialmente e assialmente tra cuscini di fluido e tutte le superfici metalliche di contatto sono permanentemente separate l \u201cuna dall\u201d altra da una sottile pellicola di fluido. Questo elimina l \u201cusura dovuta all\u201d attrito metallico in qualsiasi condizione operativa, anche a velocit\u00e0 zero rispetto ai cuscinetti a strisciamento idrodinamici.    <\/p>\n<p>In combinazione con valvole di controllo altamente dinamiche e sensori di angolo di rotazione, questi attuatori vengono utilizzati preferibilmente in sistemi controllati in cui \u00e8 necessario ridurre al minimo le variabili di disturbo come l \u201cattrito interno e l\u201d effetto stick-slip. Inoltre, grazie all \u201cassenza di guarnizioni interne, sono ideali per le serie di test con grandi cicli di carico in cui non \u00e8 consentita l\u201d interruzione, ad esempio per la sostituzione delle guarnizioni interne. <\/p>\n<p>La serie HSH \u00e8 quindi predestinata all&#8217;uso come <strong>trasduttore idraulico servo-idraulico<\/strong> e come <strong>motore di tensionamento idraulico<\/strong> nei <strong>banchi di prova di tensionamento<\/strong>.<\/p>\n<p><img loading=\"lazy\" decoding=\"async\" class=\"alignnone wp-image-3196 size-full\" style=\"color: #333333; font-family: -apple-system, system-ui, BlinkMacSystemFont, 'Segoe UI', Helvetica, Arial, sans-serif, 'Apple Color Emoji', 'Segoe UI Emoji', 'Segoe UI Symbol'; font-size: 17px; font-weight: 400; letter-spacing: normal;\" src=\"https:\/\/hense-systeme.com\/wp-content\/uploads\/baureihe_hss_specs.png\" alt=\"\" width=\"830\" height=\"392\" srcset=\"https:\/\/hense-systeme.com\/wp-content\/uploads\/baureihe_hss_specs.png 830w, https:\/\/hense-systeme.com\/wp-content\/uploads\/baureihe_hss_specs-300x142.png 300w, https:\/\/hense-systeme.com\/wp-content\/uploads\/baureihe_hss_specs-768x363.png 768w, https:\/\/hense-systeme.com\/wp-content\/uploads\/baureihe_hss_specs-1x1.png 1w\" sizes=\"auto, (max-width: 830px) 100vw, 830px\" \/><\/p>\n<p><strong>Banco di<\/strong><strong>prova<\/strong><strong>per il tensionamento<\/strong><strong><br \/>\n<\/strong>Il motore di tensionamento idraulico \u00e8 integrato in un circuito di tensionamento chiuso con feedback di potenza. Il motore girevole ruota e viene alimentato con energia attraverso un passaggio rotante a pi\u00f9 vie, mentre applica un momento torsionale statico, quasi statico o dinamico ai trefoli rotanti in modo controllato. <\/p>\n<p>Offriamo soluzioni personalizzate per un&#8217;ampia gamma di applicazioni. Il nostro team qualificato sar\u00e0 lieto di consigliarti sulla progettazione e sulla realizzazione. <\/p>","protected":false},"excerpt":{"rendered":"<p>I motori HSH vengono utilizzati preferibilmente in sistemi a controllo altamente dinamico con movimenti oscillanti e girevoli, in cui le variabili di disturbo come l \u201cattrito naturale e l\u201d effetto stick-slip devono essere ridotte al minimo e si deve ottenere il massimo numero di cicli di carico.<\/p>\n","protected":false},"featured_media":6833,"parent":0,"template":"","product_applications":[],"product_category":[86],"class_list":["post-6831","product","type-product","status-publish","has-post-thumbnail","hentry","product_category-tecnologia-per-banchi-prova","no-featured-image-padding"],"acf":[],"yoast_head":"<!-- This site is optimized with the Yoast SEO plugin v27.5 - https:\/\/yoast.com\/product\/yoast-seo-wordpress\/ -->\n<title>Motore rotativo a palette con albero motore | Serie HSH<\/title>\n<meta name=\"description\" content=\"Motori idraulici orientabili della serie HSH con alberi di trasmissione idrostatici radiali e assiali montati su cuscinetti per sistemi controllati e serie di test \u25ba Scopri di pi\u00f9 ora!\" \/>\n<meta name=\"robots\" content=\"index, follow, max-snippet:-1, max-image-preview:large, max-video-preview:-1\" \/>\n<link rel=\"canonical\" href=\"https:\/\/hense-systeme.com\/it\/produkt\/serie-hsh\/\" \/>\n<meta property=\"og:locale\" content=\"it_IT\" \/>\n<meta property=\"og:type\" content=\"article\" \/>\n<meta property=\"og:title\" content=\"Motore rotativo a palette con albero motore | Serie HSH\" \/>\n<meta property=\"og:description\" content=\"Motori idraulici orientabili della serie HSH con alberi di trasmissione idrostatici radiali e assiali montati su cuscinetti per sistemi controllati e serie di test \u25ba Scopri di pi\u00f9 ora!\" \/>\n<meta property=\"og:url\" content=\"https:\/\/hense-systeme.com\/it\/produkt\/serie-hsh\/\" \/>\n<meta property=\"og:site_name\" content=\"Hense Systemtechnik GmbH &amp; Co. KG\" \/>\n<meta property=\"article:modified_time\" content=\"2025-06-11T11:33:06+00:00\" \/>\n<meta property=\"og:image\" content=\"https:\/\/hense-systeme.com\/wp-content\/uploads\/produkte_baureihe-hsh.png\" \/>\n\t<meta property=\"og:image:width\" content=\"467\" \/>\n\t<meta property=\"og:image:height\" content=\"442\" \/>\n\t<meta property=\"og:image:type\" content=\"image\/png\" \/>\n<meta name=\"twitter:card\" content=\"summary_large_image\" \/>\n<meta name=\"twitter:label1\" content=\"Tempo di lettura stimato\" \/>\n\t<meta name=\"twitter:data1\" content=\"2 minuti\" \/>\n<script type=\"application\/ld+json\" class=\"yoast-schema-graph\">{\"@context\":\"https:\\\/\\\/schema.org\",\"@graph\":[{\"@type\":\"WebPage\",\"@id\":\"https:\\\/\\\/hense-systeme.com\\\/it\\\/produkt\\\/serie-hsh\\\/\",\"url\":\"https:\\\/\\\/hense-systeme.com\\\/it\\\/produkt\\\/serie-hsh\\\/\",\"name\":\"Motore rotativo a palette con albero motore | Serie HSH\",\"isPartOf\":{\"@id\":\"https:\\\/\\\/hense-systeme.com\\\/it\\\/#website\"},\"primaryImageOfPage\":{\"@id\":\"https:\\\/\\\/hense-systeme.com\\\/it\\\/produkt\\\/serie-hsh\\\/#primaryimage\"},\"image\":{\"@id\":\"https:\\\/\\\/hense-systeme.com\\\/it\\\/produkt\\\/serie-hsh\\\/#primaryimage\"},\"thumbnailUrl\":\"https:\\\/\\\/hense-systeme.com\\\/wp-content\\\/uploads\\\/produkte_baureihe-hsh.png\",\"datePublished\":\"2024-02-13T13:02:53+00:00\",\"dateModified\":\"2025-06-11T11:33:06+00:00\",\"description\":\"Motori idraulici orientabili della serie HSH con alberi di trasmissione idrostatici radiali e assiali montati su cuscinetti per sistemi controllati e serie di test \u25ba Scopri di pi\u00f9 ora!\",\"breadcrumb\":{\"@id\":\"https:\\\/\\\/hense-systeme.com\\\/it\\\/produkt\\\/serie-hsh\\\/#breadcrumb\"},\"inLanguage\":\"it-IT\",\"potentialAction\":[{\"@type\":\"ReadAction\",\"target\":[\"https:\\\/\\\/hense-systeme.com\\\/it\\\/produkt\\\/serie-hsh\\\/\"]}]},{\"@type\":\"ImageObject\",\"inLanguage\":\"it-IT\",\"@id\":\"https:\\\/\\\/hense-systeme.com\\\/it\\\/produkt\\\/serie-hsh\\\/#primaryimage\",\"url\":\"https:\\\/\\\/hense-systeme.com\\\/wp-content\\\/uploads\\\/produkte_baureihe-hsh.png\",\"contentUrl\":\"https:\\\/\\\/hense-systeme.com\\\/wp-content\\\/uploads\\\/produkte_baureihe-hsh.png\",\"width\":467,\"height\":442,\"caption\":\"Technische Produktdarstellung eines HSH-Schwenkmotors mit Hydraulikanschl\u00fcssen f\u00fcr pr\u00e4zise industrielle Anwendungen\"},{\"@type\":\"BreadcrumbList\",\"@id\":\"https:\\\/\\\/hense-systeme.com\\\/it\\\/produkt\\\/serie-hsh\\\/#breadcrumb\",\"itemListElement\":[{\"@type\":\"ListItem\",\"position\":1,\"name\":\"Startseite\",\"item\":\"https:\\\/\\\/hense-systeme.com\\\/it\\\/\"},{\"@type\":\"ListItem\",\"position\":2,\"name\":\"Produkte\",\"item\":\"https:\\\/\\\/hense-systeme.com\\\/it\\\/produkt\\\/\"},{\"@type\":\"ListItem\",\"position\":3,\"name\":\"Motore orientabile HSH\"}]},{\"@type\":\"WebSite\",\"@id\":\"https:\\\/\\\/hense-systeme.com\\\/it\\\/#website\",\"url\":\"https:\\\/\\\/hense-systeme.com\\\/it\\\/\",\"name\":\"Hense Systemtechnik GmbH &amp; Co. KG\",\"description\":\"\",\"publisher\":{\"@id\":\"https:\\\/\\\/hense-systeme.com\\\/it\\\/#organization\"},\"potentialAction\":[{\"@type\":\"SearchAction\",\"target\":{\"@type\":\"EntryPoint\",\"urlTemplate\":\"https:\\\/\\\/hense-systeme.com\\\/it\\\/?s={search_term_string}\"},\"query-input\":{\"@type\":\"PropertyValueSpecification\",\"valueRequired\":true,\"valueName\":\"search_term_string\"}}],\"inLanguage\":\"it-IT\"},{\"@type\":\"Organization\",\"@id\":\"https:\\\/\\\/hense-systeme.com\\\/it\\\/#organization\",\"name\":\"Hense Systemtechnik GmbH &amp; Co. KG\",\"url\":\"https:\\\/\\\/hense-systeme.com\\\/it\\\/\",\"logo\":{\"@type\":\"ImageObject\",\"inLanguage\":\"it-IT\",\"@id\":\"https:\\\/\\\/hense-systeme.com\\\/it\\\/#\\\/schema\\\/logo\\\/image\\\/\",\"url\":\"https:\\\/\\\/hense-systeme.com\\\/wp-content\\\/uploads\\\/2024\\\/02\\\/hense_logo.svg\",\"contentUrl\":\"https:\\\/\\\/hense-systeme.com\\\/wp-content\\\/uploads\\\/2024\\\/02\\\/hense_logo.svg\",\"width\":241,\"height\":76,\"caption\":\"Hense Systemtechnik GmbH &amp; Co. KG\"},\"image\":{\"@id\":\"https:\\\/\\\/hense-systeme.com\\\/it\\\/#\\\/schema\\\/logo\\\/image\\\/\"}}]}<\/script>\n<!-- \/ Yoast SEO plugin. -->","yoast_head_json":{"title":"Motore rotativo a palette con albero motore | Serie HSH","description":"Motori idraulici orientabili della serie HSH con alberi di trasmissione idrostatici radiali e assiali montati su cuscinetti per sistemi controllati e serie di test \u25ba Scopri di pi\u00f9 ora!","robots":{"index":"index","follow":"follow","max-snippet":"max-snippet:-1","max-image-preview":"max-image-preview:large","max-video-preview":"max-video-preview:-1"},"canonical":"https:\/\/hense-systeme.com\/it\/produkt\/serie-hsh\/","og_locale":"it_IT","og_type":"article","og_title":"Motore rotativo a palette con albero motore | Serie HSH","og_description":"Motori idraulici orientabili della serie HSH con alberi di trasmissione idrostatici radiali e assiali montati su cuscinetti per sistemi controllati e serie di test \u25ba Scopri di pi\u00f9 ora!","og_url":"https:\/\/hense-systeme.com\/it\/produkt\/serie-hsh\/","og_site_name":"Hense Systemtechnik GmbH &amp; Co. KG","article_modified_time":"2025-06-11T11:33:06+00:00","og_image":[{"width":467,"height":442,"url":"https:\/\/hense-systeme.com\/wp-content\/uploads\/produkte_baureihe-hsh.png","type":"image\/png"}],"twitter_card":"summary_large_image","twitter_misc":{"Tempo di lettura stimato":"2 minuti"},"schema":{"@context":"https:\/\/schema.org","@graph":[{"@type":"WebPage","@id":"https:\/\/hense-systeme.com\/it\/produkt\/serie-hsh\/","url":"https:\/\/hense-systeme.com\/it\/produkt\/serie-hsh\/","name":"Motore rotativo a palette con albero motore | Serie HSH","isPartOf":{"@id":"https:\/\/hense-systeme.com\/it\/#website"},"primaryImageOfPage":{"@id":"https:\/\/hense-systeme.com\/it\/produkt\/serie-hsh\/#primaryimage"},"image":{"@id":"https:\/\/hense-systeme.com\/it\/produkt\/serie-hsh\/#primaryimage"},"thumbnailUrl":"https:\/\/hense-systeme.com\/wp-content\/uploads\/produkte_baureihe-hsh.png","datePublished":"2024-02-13T13:02:53+00:00","dateModified":"2025-06-11T11:33:06+00:00","description":"Motori idraulici orientabili della serie HSH con alberi di trasmissione idrostatici radiali e assiali montati su cuscinetti per sistemi controllati e serie di test \u25ba Scopri di pi\u00f9 ora!","breadcrumb":{"@id":"https:\/\/hense-systeme.com\/it\/produkt\/serie-hsh\/#breadcrumb"},"inLanguage":"it-IT","potentialAction":[{"@type":"ReadAction","target":["https:\/\/hense-systeme.com\/it\/produkt\/serie-hsh\/"]}]},{"@type":"ImageObject","inLanguage":"it-IT","@id":"https:\/\/hense-systeme.com\/it\/produkt\/serie-hsh\/#primaryimage","url":"https:\/\/hense-systeme.com\/wp-content\/uploads\/produkte_baureihe-hsh.png","contentUrl":"https:\/\/hense-systeme.com\/wp-content\/uploads\/produkte_baureihe-hsh.png","width":467,"height":442,"caption":"Technische Produktdarstellung eines HSH-Schwenkmotors mit Hydraulikanschl\u00fcssen f\u00fcr pr\u00e4zise industrielle Anwendungen"},{"@type":"BreadcrumbList","@id":"https:\/\/hense-systeme.com\/it\/produkt\/serie-hsh\/#breadcrumb","itemListElement":[{"@type":"ListItem","position":1,"name":"Startseite","item":"https:\/\/hense-systeme.com\/it\/"},{"@type":"ListItem","position":2,"name":"Produkte","item":"https:\/\/hense-systeme.com\/it\/produkt\/"},{"@type":"ListItem","position":3,"name":"Motore orientabile HSH"}]},{"@type":"WebSite","@id":"https:\/\/hense-systeme.com\/it\/#website","url":"https:\/\/hense-systeme.com\/it\/","name":"Hense Systemtechnik GmbH &amp; Co. KG","description":"","publisher":{"@id":"https:\/\/hense-systeme.com\/it\/#organization"},"potentialAction":[{"@type":"SearchAction","target":{"@type":"EntryPoint","urlTemplate":"https:\/\/hense-systeme.com\/it\/?s={search_term_string}"},"query-input":{"@type":"PropertyValueSpecification","valueRequired":true,"valueName":"search_term_string"}}],"inLanguage":"it-IT"},{"@type":"Organization","@id":"https:\/\/hense-systeme.com\/it\/#organization","name":"Hense Systemtechnik GmbH &amp; Co. KG","url":"https:\/\/hense-systeme.com\/it\/","logo":{"@type":"ImageObject","inLanguage":"it-IT","@id":"https:\/\/hense-systeme.com\/it\/#\/schema\/logo\/image\/","url":"https:\/\/hense-systeme.com\/wp-content\/uploads\/2024\/02\/hense_logo.svg","contentUrl":"https:\/\/hense-systeme.com\/wp-content\/uploads\/2024\/02\/hense_logo.svg","width":241,"height":76,"caption":"Hense Systemtechnik GmbH &amp; Co. KG"},"image":{"@id":"https:\/\/hense-systeme.com\/it\/#\/schema\/logo\/image\/"}}]}},"_links":{"self":[{"href":"https:\/\/hense-systeme.com\/it\/wp-json\/wp\/v2\/product\/6831","targetHints":{"allow":["GET"]}}],"collection":[{"href":"https:\/\/hense-systeme.com\/it\/wp-json\/wp\/v2\/product"}],"about":[{"href":"https:\/\/hense-systeme.com\/it\/wp-json\/wp\/v2\/types\/product"}],"version-history":[{"count":4,"href":"https:\/\/hense-systeme.com\/it\/wp-json\/wp\/v2\/product\/6831\/revisions"}],"predecessor-version":[{"id":10927,"href":"https:\/\/hense-systeme.com\/it\/wp-json\/wp\/v2\/product\/6831\/revisions\/10927"}],"wp:featuredmedia":[{"embeddable":true,"href":"https:\/\/hense-systeme.com\/it\/wp-json\/wp\/v2\/media\/6833"}],"wp:attachment":[{"href":"https:\/\/hense-systeme.com\/it\/wp-json\/wp\/v2\/media?parent=6831"}],"wp:term":[{"taxonomy":"product_applications","embeddable":true,"href":"https:\/\/hense-systeme.com\/it\/wp-json\/wp\/v2\/product_applications?post=6831"},{"taxonomy":"product_category","embeddable":true,"href":"https:\/\/hense-systeme.com\/it\/wp-json\/wp\/v2\/product_category?post=6831"}],"curies":[{"name":"wp","href":"https:\/\/api.w.org\/{rel}","templated":true}]}}