{"id":5541,"date":"2024-03-27T17:59:14","date_gmt":"2024-03-27T16:59:14","guid":{"rendered":"https:\/\/hense.pixel-tal.de\/zaloguj-sie\/"},"modified":"2024-12-06T14:48:35","modified_gmt":"2024-12-06T13:48:35","slug":"zaloguj-sie","status":"publish","type":"page","link":"https:\/\/hense-systeme.com\/pl\/zaloguj-sie\/","title":{"rendered":"Zaloguj si\u0119"},"content":{"rendered":"<section id=\"5189a815\" class=\"gb-section gb-container gb-container-5189a815\" data-container-type=\"section\" data-theme=\"dark\">\n<div id=\"41dc41e1\" class=\"gb-inner-section gb-container gb-container-41dc41e1\" data-container-type=\"container\" data-theme=\"inherit\">\n\n<div class=\"wp-block-pixel-headline headlines --subheadline-top has-text-align-left\"><h1 class=\"headline\" style=\"color:var(--base-3)\">Zaloguj si\u0119<\/h1><span class=\"subheadline\" style=\"color:var(--global-color-gruen)\">Profil<\/span><\/div>\n\n<\/div>\n<\/section>\n\n<section id=\"707971fe\" class=\"gb-section gb-container gb-container-707971fe\" data-container-type=\"section\" data-theme=\"dark\" style=\"--section-padding-top:0;\">\n<section id=\"2bea1064\" class=\"gb-inner-section gb-container gb-container-2bea1064\" data-container-type=\"container\" data-theme=\"inherit\">\n<div class=\"gb-grid-wrapper gb-grid-wrapper-03de2edc\">\n<div class=\"gb-grid-column gb-grid-column-64a6606f\"><div id=\"64a6606f\" class=\"gb-container gb-container-64a6606f login-text\" data-container-type=\"container\" data-theme=\"inherit\">\n\n<div class=\"wp-block-pixel-headline headlines --subheadline-bottom has-text-align-left\"><h3 class=\"headline\" style=\"color:\"><strong>Dzi\u0119kujemy za zarejestrowanie si\u0119 w centrum pobierania.<\/strong><\/h3><\/div>\n\n\n\n<p class=\"wp-block-paragraph\">Teraz mo\u017cna pobra\u0107 arkusze danych, instrukcje obs\u0142ugi oraz dane CAD 2D i 3D.<\/p>\n\n\n\n<p class=\"wp-block-paragraph\">Mo\u017cesz zalogowa\u0107 si\u0119 ponownie w dowolnym momencie przy u\u017cyciu has\u0142a. W celu uzyskania dalszych informacji lub pyta\u0144, prosimy o kontakt mailowy lub telefoniczny.<br>Telefon: <a href=\"tel:+%2049%20234%2095388-0\" target=\"_blank\" rel=\"nofollow\">+ 49 234 95388-0<\/a>. E-mail: <a href=\"mailto:service@hense-systeme.de\" target=\"_blank\" rel=\"nofollow\">service@hense-systeme.de<\/a><\/p>\n\n<\/div><\/div>\n\n<div class=\"gb-grid-column gb-grid-column-223017d1\"><div id=\"223017d1\" class=\"gb-container gb-container-223017d1\" data-container-type=\"container\" data-theme=\"inherit\">\n\n<a class=\"gb-button gb-button-162a87dd gb-button-text hide-on-logout\" href=\"https:\/\/hense-systeme.com\/pl\/konto\/\">Konto<\/a>\n\n\n<div class=\"hide-on-logout\"><a href='https:\/\/hense-systeme.com\/login\/'>Login<\/a><\/div>\n\n\n<div class=\"hide-on-login\"><\/div>\n\n<\/div><\/div>\n<\/div>\n<\/section>\n<\/section>","protected":false},"excerpt":{"rendered":"","protected":false},"author":1,"featured_media":0,"parent":0,"menu_order":3,"comment_status":"closed","ping_status":"closed","template":"","meta":{"_acf_changed":false,"_crdt_document":"","footnotes":""},"class_list":{"0":"post-5541","1":"page","2":"type-page","3":"status-publish","5":"no-featured-image-padding"},"acf":[],"yoast_head":"<!-- This site is optimized with the Yoast SEO plugin v27.3 - https:\/\/yoast.com\/product\/yoast-seo-wordpress\/ -->\n<title>Zaloguj si\u0119 - Hense Systemtechnik GmbH &amp; Co. KG<\/title>\n<meta name=\"robots\" content=\"index, follow, max-snippet:-1, max-image-preview:large, max-video-preview:-1\" \/>\n<link rel=\"canonical\" href=\"https:\/\/hense-systeme.com\/pl\/zaloguj-sie\/\" \/>\n<meta property=\"og:locale\" content=\"pl_PL\" \/>\n<meta property=\"og:type\" content=\"article\" \/>\n<meta property=\"og:title\" content=\"Zaloguj si\u0119 - Hense Systemtechnik GmbH &amp; Co. KG\" \/>\n<meta property=\"og:url\" content=\"https:\/\/hense-systeme.com\/pl\/zaloguj-sie\/\" \/>\n<meta property=\"og:site_name\" content=\"Hense Systemtechnik GmbH &amp; Co. KG\" \/>\n<meta property=\"article:modified_time\" content=\"2024-12-06T13:48:35+00:00\" \/>\n<meta name=\"twitter:card\" content=\"summary_large_image\" \/>\n<meta name=\"twitter:label1\" content=\"Szacowany czas czytania\" \/>\n\t<meta name=\"twitter:data1\" content=\"1 minuta\" \/>\n<script type=\"application\/ld+json\" class=\"yoast-schema-graph\">{\"@context\":\"https:\\\/\\\/schema.org\",\"@graph\":[{\"@type\":\"WebPage\",\"@id\":\"https:\\\/\\\/hense-systeme.com\\\/pl\\\/zaloguj-sie\\\/\",\"url\":\"https:\\\/\\\/hense-systeme.com\\\/pl\\\/zaloguj-sie\\\/\",\"name\":\"Zaloguj si\u0119 - Hense Systemtechnik GmbH &amp; Co. KG\",\"isPartOf\":{\"@id\":\"https:\\\/\\\/hense-systeme.com\\\/pl\\\/#website\"},\"datePublished\":\"2024-03-27T16:59:14+00:00\",\"dateModified\":\"2024-12-06T13:48:35+00:00\",\"breadcrumb\":{\"@id\":\"https:\\\/\\\/hense-systeme.com\\\/pl\\\/zaloguj-sie\\\/#breadcrumb\"},\"inLanguage\":\"pl-PL\",\"potentialAction\":[{\"@type\":\"ReadAction\",\"target\":[\"https:\\\/\\\/hense-systeme.com\\\/pl\\\/zaloguj-sie\\\/\"]}]},{\"@type\":\"BreadcrumbList\",\"@id\":\"https:\\\/\\\/hense-systeme.com\\\/pl\\\/zaloguj-sie\\\/#breadcrumb\",\"itemListElement\":[{\"@type\":\"ListItem\",\"position\":1,\"name\":\"Startseite\",\"item\":\"https:\\\/\\\/hense-systeme.com\\\/pl\\\/\"},{\"@type\":\"ListItem\",\"position\":2,\"name\":\"Zaloguj si\u0119\"}]},{\"@type\":\"WebSite\",\"@id\":\"https:\\\/\\\/hense-systeme.com\\\/pl\\\/#website\",\"url\":\"https:\\\/\\\/hense-systeme.com\\\/pl\\\/\",\"name\":\"Hense Systemtechnik GmbH &amp; Co. KG\",\"description\":\"\",\"publisher\":{\"@id\":\"https:\\\/\\\/hense-systeme.com\\\/pl\\\/#organization\"},\"potentialAction\":[{\"@type\":\"SearchAction\",\"target\":{\"@type\":\"EntryPoint\",\"urlTemplate\":\"https:\\\/\\\/hense-systeme.com\\\/pl\\\/?s={search_term_string}\"},\"query-input\":{\"@type\":\"PropertyValueSpecification\",\"valueRequired\":true,\"valueName\":\"search_term_string\"}}],\"inLanguage\":\"pl-PL\"},{\"@type\":\"Organization\",\"@id\":\"https:\\\/\\\/hense-systeme.com\\\/pl\\\/#organization\",\"name\":\"Hense Systemtechnik GmbH &amp; Co. KG\",\"url\":\"https:\\\/\\\/hense-systeme.com\\\/pl\\\/\",\"logo\":{\"@type\":\"ImageObject\",\"inLanguage\":\"pl-PL\",\"@id\":\"https:\\\/\\\/hense-systeme.com\\\/pl\\\/#\\\/schema\\\/logo\\\/image\\\/\",\"url\":\"https:\\\/\\\/hense-systeme.com\\\/wp-content\\\/uploads\\\/2024\\\/02\\\/hense_logo.svg\",\"contentUrl\":\"https:\\\/\\\/hense-systeme.com\\\/wp-content\\\/uploads\\\/2024\\\/02\\\/hense_logo.svg\",\"width\":241,\"height\":76,\"caption\":\"Hense Systemtechnik GmbH &amp; Co. KG\"},\"image\":{\"@id\":\"https:\\\/\\\/hense-systeme.com\\\/pl\\\/#\\\/schema\\\/logo\\\/image\\\/\"}}]}<\/script>\n<!-- \/ Yoast SEO plugin. -->","yoast_head_json":{"title":"Zaloguj si\u0119 - Hense Systemtechnik GmbH &amp; Co. KG","robots":{"index":"index","follow":"follow","max-snippet":"max-snippet:-1","max-image-preview":"max-image-preview:large","max-video-preview":"max-video-preview:-1"},"canonical":"https:\/\/hense-systeme.com\/pl\/zaloguj-sie\/","og_locale":"pl_PL","og_type":"article","og_title":"Zaloguj si\u0119 - Hense Systemtechnik GmbH &amp; Co. KG","og_url":"https:\/\/hense-systeme.com\/pl\/zaloguj-sie\/","og_site_name":"Hense Systemtechnik GmbH &amp; Co. KG","article_modified_time":"2024-12-06T13:48:35+00:00","twitter_card":"summary_large_image","twitter_misc":{"Szacowany czas czytania":"1 minuta"},"schema":{"@context":"https:\/\/schema.org","@graph":[{"@type":"WebPage","@id":"https:\/\/hense-systeme.com\/pl\/zaloguj-sie\/","url":"https:\/\/hense-systeme.com\/pl\/zaloguj-sie\/","name":"Zaloguj si\u0119 - Hense Systemtechnik GmbH &amp; Co. KG","isPartOf":{"@id":"https:\/\/hense-systeme.com\/pl\/#website"},"datePublished":"2024-03-27T16:59:14+00:00","dateModified":"2024-12-06T13:48:35+00:00","breadcrumb":{"@id":"https:\/\/hense-systeme.com\/pl\/zaloguj-sie\/#breadcrumb"},"inLanguage":"pl-PL","potentialAction":[{"@type":"ReadAction","target":["https:\/\/hense-systeme.com\/pl\/zaloguj-sie\/"]}]},{"@type":"BreadcrumbList","@id":"https:\/\/hense-systeme.com\/pl\/zaloguj-sie\/#breadcrumb","itemListElement":[{"@type":"ListItem","position":1,"name":"Startseite","item":"https:\/\/hense-systeme.com\/pl\/"},{"@type":"ListItem","position":2,"name":"Zaloguj si\u0119"}]},{"@type":"WebSite","@id":"https:\/\/hense-systeme.com\/pl\/#website","url":"https:\/\/hense-systeme.com\/pl\/","name":"Hense Systemtechnik GmbH &amp; Co. KG","description":"","publisher":{"@id":"https:\/\/hense-systeme.com\/pl\/#organization"},"potentialAction":[{"@type":"SearchAction","target":{"@type":"EntryPoint","urlTemplate":"https:\/\/hense-systeme.com\/pl\/?s={search_term_string}"},"query-input":{"@type":"PropertyValueSpecification","valueRequired":true,"valueName":"search_term_string"}}],"inLanguage":"pl-PL"},{"@type":"Organization","@id":"https:\/\/hense-systeme.com\/pl\/#organization","name":"Hense Systemtechnik GmbH &amp; Co. KG","url":"https:\/\/hense-systeme.com\/pl\/","logo":{"@type":"ImageObject","inLanguage":"pl-PL","@id":"https:\/\/hense-systeme.com\/pl\/#\/schema\/logo\/image\/","url":"https:\/\/hense-systeme.com\/wp-content\/uploads\/2024\/02\/hense_logo.svg","contentUrl":"https:\/\/hense-systeme.com\/wp-content\/uploads\/2024\/02\/hense_logo.svg","width":241,"height":76,"caption":"Hense Systemtechnik GmbH &amp; Co. KG"},"image":{"@id":"https:\/\/hense-systeme.com\/pl\/#\/schema\/logo\/image\/"}}]}},"_links":{"self":[{"href":"https:\/\/hense-systeme.com\/pl\/wp-json\/wp\/v2\/pages\/5541","targetHints":{"allow":["GET"]}}],"collection":[{"href":"https:\/\/hense-systeme.com\/pl\/wp-json\/wp\/v2\/pages"}],"about":[{"href":"https:\/\/hense-systeme.com\/pl\/wp-json\/wp\/v2\/types\/page"}],"author":[{"embeddable":true,"href":"https:\/\/hense-systeme.com\/pl\/wp-json\/wp\/v2\/users\/1"}],"replies":[{"embeddable":true,"href":"https:\/\/hense-systeme.com\/pl\/wp-json\/wp\/v2\/comments?post=5541"}],"version-history":[{"count":2,"href":"https:\/\/hense-systeme.com\/pl\/wp-json\/wp\/v2\/pages\/5541\/revisions"}],"predecessor-version":[{"id":10595,"href":"https:\/\/hense-systeme.com\/pl\/wp-json\/wp\/v2\/pages\/5541\/revisions\/10595"}],"wp:attachment":[{"href":"https:\/\/hense-systeme.com\/pl\/wp-json\/wp\/v2\/media?parent=5541"}],"curies":[{"name":"wp","href":"https:\/\/api.w.org\/{rel}","templated":true}]}}