{"id":5780,"date":"2024-02-13T13:57:06","date_gmt":"2024-02-13T12:57:06","guid":{"rendered":"https:\/\/hense.pixel-tal.de\/produkty\/technologia-stanowisk-testowych\/"},"modified":"2024-04-09T10:19:51","modified_gmt":"2024-04-09T08:19:51","slug":"technologia-stanowisk-testowych","status":"publish","type":"page","link":"https:\/\/hense-systeme.com\/pl\/produkty\/technologia-stanowisk-testowych\/","title":{"rendered":"Technologia stanowisk testowych"},"content":{"rendered":"<section id=\"6fbcb011\" class=\"hero hero-6fbcb011 hero--text\" data-theme=\"dark\">\n\t\t\t\t\t\t\t\t<div class=\"acf-innerblocks-container\">\n\r\n\t\t\t       \r\n                    \r\n            <div id=\"169bd924\" class=\"hero-item hero-item-169bd924 hero-item--image\">\r\n\t\t\t\t<div class=\"hero-canvas\">\r\n\t\t\t\t\t<div class=\"acf-innerblocks-container\">\n<div id=\"0928ea7c\" class=\"gb-container gb-container-0928ea7c center\" data-container-type=\"container\" data-theme=\"inherit\" data-aos=\"fade-up\">\n\n<div class=\"wp-block-pixel-headline headlines --subheadline-top has-text-align-center is-gap-sm center\"><h1 class=\"headline\" style=\"color:var(--base-3)\">Technologia stanowisk testowych<\/h1><span class=\"subheadline\" style=\"color:var(--global-color-gruen)\">Wysoce dynamiczne hydrauliczne silniki obrotowe<\/span><\/div>\n\n<\/div>\n<\/div>\r\n\t\t\t\t<\/div>\r\n\t\t\t\t<div class=\"hero-media hero-media-image\"><img loading=\"lazy\" decoding=\"async\" width=\"1920\" height=\"868\" src=\"https:\/\/hense-systeme.com\/wp-content\/uploads\/2024\/01\/home-image.png\" class=\"attachment-full size-full\" alt=\"\" srcset=\"https:\/\/hense-systeme.com\/wp-content\/uploads\/2024\/01\/home-image.png 1920w, https:\/\/hense-systeme.com\/wp-content\/uploads\/2024\/01\/home-image-300x136.png 300w, https:\/\/hense-systeme.com\/wp-content\/uploads\/2024\/01\/home-image-1024x463.png 1024w, https:\/\/hense-systeme.com\/wp-content\/uploads\/2024\/01\/home-image-768x347.png 768w, https:\/\/hense-systeme.com\/wp-content\/uploads\/2024\/01\/home-image-1536x694.png 1536w\" sizes=\"auto, (max-width: 1920px) 100vw, 1920px\" \/><\/div>            <\/div>\r\n\t\t\t\t\r\n            \r\n\t\t\t\r\n        \r\n            \n<\/div>\n\t\t\t\t\t\t\t\t\t\t\t\t<div id=\"start\"><\/div>\n\t\t\t<\/section>\n\t\t\t\t\n\t\t\t\n\t\t\t        \n            \n\n<section id=\"b6a6500f\" class=\"gb-section gb-container gb-container-b6a6500f\" data-container-type=\"section\" data-theme=\"dark\">\n<section id=\"cfe90332\" class=\"gb-inner-section gb-container gb-container-cfe90332\" data-container-type=\"container\" data-theme=\"inherit\">\n<div class=\"gb-grid-wrapper gb-grid-wrapper-e7261f94\">\n<div class=\"gb-grid-column gb-grid-column-32f3d6d6\"><div id=\"32f3d6d6\" class=\"gb-container gb-container-32f3d6d6\" data-container-type=\"container\" data-theme=\"inherit\" data-aos=\"fade-right\">\n\n<div class=\"wp-block-pixel-headline headlines --subheadline-top has-text-align-left is-gap-off\"><h2 class=\"headline\" style=\"color:\"><strong>Technologia stanowiska testowego Hense Systeme<\/strong><\/h2><span class=\"subheadline\" style=\"color:\">HSS i HSH<\/span><\/div>\n\n<\/div><\/div>\n\n<div class=\"gb-grid-column gb-grid-column-ca784b04\"><div id=\"ca784b04\" class=\"gb-container gb-container-ca784b04\" data-container-type=\"container\" data-theme=\"inherit\" data-aos=\"fade-right\">\n\n<p class=\"wp-block-paragraph\">We wszystkich obszarach przemys\u0142u nowe produkty musz\u0105 by\u0107 dost\u0119pne na rynku w coraz kr\u00f3tszym czasie i gotowe do produkcji seryjnej. Znajomo\u015b\u0107 no\u015bno\u015bci i wytrzyma\u0142o\u015bci zm\u0119czeniowej materia\u0142\u00f3w, poszczeg\u00f3lnych komponent\u00f3w lub kompletnych zespo\u0142\u00f3w jest niezb\u0119dnym warunkiem wst\u0119pnym ekonomicznego wymiarowania i projektowania.<\/p>\n\n\n\n<p class=\"wp-block-paragraph\">Stanowiska do pr\u00f3b skr\u0119cania s\u0105 cz\u0119sto wykorzystywane do okre\u015blania wiarygodnych warto\u015bci charakterystycznych podczas symulacji zmiennych obci\u0105\u017ce\u0144 skr\u0119tnych, kt\u00f3re s\u0105 wymagane na przyk\u0142ad podczas testowania sprz\u0119gie\u0142, po\u0142\u0105cze\u0144 wa\u0142-piasta, skrzy\u0144 bieg\u00f3w itp.<\/p>\n\n<\/div><\/div>\n\n<div class=\"gb-grid-column gb-grid-column-09ecf06b\"><div id=\"09ecf06b\" class=\"gb-container gb-container-09ecf06b\" data-container-type=\"container\" data-theme=\"inherit\" data-aos=\"fade-left\">\n\n<p class=\"wp-block-paragraph\">Dzi\u0119ki naszym wysoce dynamicznym silnikom obrotowym i systemom obrotowym z serii HSS i HSH zapewniamy nowoczesn\u0105 technologi\u0119 stanowisk do pr\u00f3b skr\u0119cania z wysokiej jako\u015bci jednostkami nap\u0119dowymi o maksymalnej g\u0119sto\u015bci mocy.<\/p>\n\n\n\n<p class=\"wp-block-paragraph\">Silniki obrotowe z serii HSS maj\u0105 wa\u0142 wyj\u015bciowy z promieniowymi i osiowymi \u0142o\u017cyskami \u015blizgowymi i s\u0105 zoptymalizowane pod wzgl\u0119dem materia\u0142u \u0142o\u017cyska i technologii uszczelnienia w odniesieniu do zachowania tarcia. Silniki obrotowe z serii HSH maj\u0105 promieniowo i osiowo zamontowany hydrostatycznie wa\u0142 wyj\u015bciowy i s\u0105 ca\u0142kowicie pozbawione uszczelnie\u0144 wewn\u0119trznych, co czyni je produktem wysokiej klasy pod wzgl\u0119dem charakterystyki sterowania i \u017cywotno\u015bci.<\/p>\n\n<\/div><\/div>\n<\/div>\n<\/section>\n<\/section>\n\n<section id=\"0e314c2e\" class=\"gb-section gb-container gb-container-0e314c2e alignfull\" data-container-type=\"section\" data-theme=\"dark\">\n<div id=\"256bbec6\" class=\"gb-inner-section gb-container gb-container-256bbec6 center\" data-container-type=\"container\" data-theme=\"inherit\">\n<div class=\"gb-grid-wrapper gb-grid-wrapper-7e356255\">\n<div class=\"gb-grid-column gb-grid-column-b9d5d676\"><div id=\"b9d5d676\" class=\"gb-container gb-container-b9d5d676\" data-container-type=\"container\" data-theme=\"inherit\" data-aos=\"fade-up\">\n\n<div class=\"wp-block-pixel-headline headlines --subheadline-top has-text-align-center\"><h2 class=\"headline\" style=\"color:\"><strong>Przegl\u0105d produkt\u00f3w<\/strong><\/h2><\/div>\n\n<\/div><\/div>\n<\/div>\n<\/div>\n<\/section>\n\n<section id=\"e96e5b84\" class=\"gb-section gb-container gb-container-e96e5b84 alignfull gb-container-bg-radial-gradient-blue\" data-container-type=\"section\" data-theme=\"dark\">\n<div id=\"6e661d9e\" class=\"gb-inner-section gb-container gb-container-6e661d9e product_overlap center\" data-container-type=\"container\" data-theme=\"inherit\">\n<div class=\"gb-grid-wrapper gb-grid-wrapper-4ccc56db content_overview\">\n<div class=\"gb-grid-column gb-grid-column-61ec46a0\"><div id=\"61ec46a0\" class=\"gb-container gb-container-61ec46a0\" data-container-type=\"container\" data-theme=\"inherit\" data-aos=\"fade-up\" data-aos-delay=\"200\">\n\n\t\t\t        \n                    \n\t\t\t\n            <div id=\"acea2789\" class=\"grid grid-acea2789 grid-product grid-columns-4\" style=\"--grid-columns:4;--grid-gap:2.5rem;\">\n\n\t\t\t\t<div class=\"grid-group\"><div class=\"grid-inner\"><div class=\"grid-item\"><div class=\"card card-product  card-product-6868\" >\r\n\t\t\t\t<div class=\"card-media\"><img loading=\"lazy\" decoding=\"async\" width=\"423\" height=\"400\" src=\"https:\/\/hense-systeme.com\/wp-content\/uploads\/produkte_baureihe-hsh.png\" class=\"attachment-blog size-blog\" alt=\"\" srcset=\"https:\/\/hense-systeme.com\/wp-content\/uploads\/produkte_baureihe-hsh.png 467w, https:\/\/hense-systeme.com\/wp-content\/uploads\/produkte_baureihe-hsh-300x284.png 300w, https:\/\/hense-systeme.com\/wp-content\/uploads\/produkte_baureihe-hsh-1x1.png 1w\" sizes=\"auto, (max-width: 423px) 100vw, 423px\" \/><\/div>\t\t\t\t\r\n\t\t\t\t<div class=\"card-content\">\r\n\t\t\t\t\t<div class=\"card-inner\">\r\n\t\t\t\t\t\t<div class=\"card-headlines headlines --subheadline-\"><span class=\"card-headline headline is-h3\">Silnik obrotowy HSH<\/span><\/div><div class=\"card-copy\">Silniki HSH s\u0105 preferowane w wysoce dynamicznie sterowanych systemach z oscylacyjnymi ruchami obrotowymi, w kt\u00f3rych zmienne zak\u0142\u00f3caj\u0105ce, takie jak tarcie naturalne i efekt stick-slip, musz\u0105 by\u0107 zredukowane do minimum i musi by\u0107 osi\u0105gni\u0119ta najwy\u017csza liczba cykli obci\u0105\u017cenia.<\/div>\t\t\t\t\t<\/div>\r\n\r\n\t\t\t\t\t<div class=\"card-action team-information\"><a href=\"https:\/\/hense-systeme.com\/pl\/produkt\/seria-hsh\/\" target=\"_top\" class=\"gb-button gb-button-border-white\">Dowiedz si\u0119 wi\u0119cej<\/a><\/div>\t\t\t\t<\/div>\r\n\t\t\t<\/div><\/div><div class=\"grid-item\"><div class=\"card card-product  card-product-6597\" >\r\n\t\t\t\t<div class=\"card-media\"><img loading=\"lazy\" decoding=\"async\" width=\"437\" height=\"400\" src=\"https:\/\/hense-systeme.com\/wp-content\/uploads\/produkte_baureihe-hss_02.png\" class=\"attachment-blog size-blog\" alt=\"\" srcset=\"https:\/\/hense-systeme.com\/wp-content\/uploads\/produkte_baureihe-hss_02.png 450w, https:\/\/hense-systeme.com\/wp-content\/uploads\/produkte_baureihe-hss_02-300x275.png 300w, https:\/\/hense-systeme.com\/wp-content\/uploads\/produkte_baureihe-hss_02-1x1.png 1w\" sizes=\"auto, (max-width: 437px) 100vw, 437px\" \/><\/div>\t\t\t\t\r\n\t\t\t\t<div class=\"card-content\">\r\n\t\t\t\t\t<div class=\"card-inner\">\r\n\t\t\t\t\t\t<div class=\"card-headlines headlines --subheadline-\"><span class=\"card-headline headline is-h3\">Silnik obrotowy HSS<\/span><\/div><div class=\"card-copy\">Nap\u0119dy te s\u0105 preferowane do stosowania w systemach sterowania z oscylacyjnymi ruchami obrotowymi w zakresie niskich cz\u0119stotliwo\u015bci. Wype\u0142niaj\u0105 one luk\u0119 technologiczn\u0105 mi\u0119dzy konwencjonalnymi silnikami obrotowymi do zastosowa\u0144 przemys\u0142owych a seri\u0105 HSH. <\/div>\t\t\t\t\t<\/div>\r\n\r\n\t\t\t\t\t<div class=\"card-action team-information\"><a href=\"https:\/\/hense-systeme.com\/pl\/produkt\/seria-hss\/\" target=\"_top\" class=\"gb-button gb-button-border-white\">Dowiedz si\u0119 wi\u0119cej<\/a><\/div>\t\t\t\t<\/div>\r\n\t\t\t<\/div><\/div><\/div><\/div><div class=\"swiper-pagination\"><\/div>            <\/div>\n\t\t\t\n\t\t\t\t\t\t\t\n\t\t\t\n            <!-- end:grid -->\n        \n            \n<\/div><\/div>\n<\/div>\n<\/div>\n<\/section>\n\n<section id=\"c33659b1\" class=\"gb-section gb-container gb-container-c33659b1\" data-container-type=\"section\" data-theme=\"dark\">\n<section id=\"40231590\" class=\"gb-inner-section gb-container gb-container-40231590\" data-container-type=\"container\" data-theme=\"inherit\">\n<div class=\"gb-grid-wrapper gb-grid-wrapper-b5d201f1\">\n<div class=\"gb-grid-column gb-grid-column-00d70859\"><div id=\"00d70859\" class=\"gb-container gb-container-00d70859\" data-container-type=\"container\" data-theme=\"inherit\" data-aos=\"fade-up\">\n\n<div class=\"wp-block-pixel-headline headlines --subheadline-top has-text-align-left\"><h2 class=\"headline\" style=\"color:\">Cieszymy si\u0119, \u017ce mo\u017cemy Ci pom\u00f3c<\/h2><span class=\"subheadline\" style=\"color:\">Czy masz jeszcze jakie\u015b pytania?<\/span><\/div>\n\n<\/div><\/div>\n\n<div class=\"gb-grid-column gb-grid-column-64e43af8\"><div id=\"64e43af8\" class=\"gb-container gb-container-64e43af8\" data-container-type=\"container\" data-theme=\"inherit\" data-aos=\"fade-right\">\n<div class=\"contact-area\" style=\"--contacts-count:1;\"><div id=\"contact\" class=\"contact-area-form\">\n<div class=\"wpcf7 no-js\" id=\"wpcf7-f6332-o1\" lang=\"pl-PL\" dir=\"ltr\" data-wpcf7-id=\"6332\">\n<div class=\"screen-reader-response\"><p role=\"status\" aria-live=\"polite\" aria-atomic=\"true\"><\/p> <ul><\/ul><\/div>\n<form action=\"\/pl\/wp-json\/wp\/v2\/pages\/5780#wpcf7-f6332-o1\" method=\"post\" class=\"wpcf7-form init\" aria-label=\"Formularz kontaktowy\" novalidate=\"novalidate\" data-status=\"init\">\n<fieldset class=\"hidden-fields-container\"><input type=\"hidden\" name=\"_wpcf7\" value=\"6332\" \/><input type=\"hidden\" name=\"_wpcf7_version\" value=\"6.1.5\" \/><input type=\"hidden\" name=\"_wpcf7_locale\" value=\"pl_PL\" \/><input type=\"hidden\" name=\"_wpcf7_unit_tag\" value=\"wpcf7-f6332-o1\" \/><input type=\"hidden\" name=\"_wpcf7_container_post\" value=\"0\" \/><input type=\"hidden\" name=\"_wpcf7_posted_data_hash\" value=\"\" \/><input type=\"hidden\" name=\"_wpcf7_recaptcha_response\" value=\"\" \/>\n<\/fieldset>\n<div class=\"form-fields\">\n    <div class=\"form-field\"><label>Imi\u0119 i nazwisko*<\/label><span class=\"wpcf7-form-control-wrap\" data-name=\"name\"><input size=\"40\" maxlength=\"400\" class=\"wpcf7-form-control wpcf7-text wpcf7-validates-as-required\" aria-required=\"true\" aria-invalid=\"false\" value=\"\" type=\"text\" name=\"name\" \/><\/span><\/div>\n    <div class=\"form-field\"><label>Firma<\/label><span class=\"wpcf7-form-control-wrap\" data-name=\"company\"><input size=\"40\" maxlength=\"400\" class=\"wpcf7-form-control wpcf7-text\" aria-invalid=\"false\" value=\"\" type=\"text\" name=\"company\" \/><\/span><\/div>\n    <div class=\"form-field\"><label>Pozycja<\/label><span class=\"wpcf7-form-control-wrap\" data-name=\"pos\"><input size=\"40\" maxlength=\"400\" class=\"wpcf7-form-control wpcf7-text\" aria-invalid=\"false\" value=\"\" type=\"text\" name=\"pos\" \/><\/span><\/div>\n    <div class=\"form-field\"><label>E-mail*<\/label><span class=\"wpcf7-form-control-wrap\" data-name=\"mail\"><input size=\"40\" maxlength=\"400\" class=\"wpcf7-form-control wpcf7-email wpcf7-validates-as-required wpcf7-text wpcf7-validates-as-email\" aria-required=\"true\" aria-invalid=\"false\" value=\"\" type=\"email\" name=\"mail\" \/><\/span><\/div>\n    <div class=\"form-field\"><label>Telefon<\/label><span class=\"wpcf7-form-control-wrap\" data-name=\"phone\"><input size=\"40\" maxlength=\"400\" class=\"wpcf7-form-control wpcf7-text\" aria-invalid=\"false\" value=\"\" type=\"text\" name=\"phone\" \/><\/span><\/div>\n    <div class=\"form-field textarea\"><label>Twoja wiadomo\u015b\u0107<\/label><span class=\"wpcf7-form-control-wrap\" data-name=\"message\"><textarea cols=\"40\" rows=\"10\" maxlength=\"2000\" class=\"wpcf7-form-control wpcf7-textarea\" aria-invalid=\"false\" name=\"message\"><\/textarea><\/span><\/div>\n<\/div>\n\n<span class=\"required\">* Pola obowi\u0105zkowe<\/span>\n<div class=\"form-fields form-footer\">\n<div class=\"form-privacy\"><span class=\"wpcf7-form-control-wrap\" data-name=\"ds\"><span class=\"wpcf7-form-control wpcf7-acceptance\"><span class=\"wpcf7-list-item\"><input type=\"checkbox\" name=\"ds\" value=\"1\" aria-invalid=\"false\" \/><\/span><\/span><\/span><span class=\"privacy-policy-note\">Akceptuj\u0119 <a href=\"\/rechtliches\/datenschutz\/\" target=\"_blank\">polityk\u0119 prywatno\u015bci<\/a>. Ten formularz jest chroniony przez Google reCaptcha.<\/span><\/div>\n\n<\/div>\n<div class=\"form-submit\"><button id=\"submit\" class=\"wpcf7-form-control wpcf7-submit\">Wysy\u0142anie<\/button><\/div><div class=\"wpcf7-response-output\" aria-hidden=\"true\"><\/div>\n<\/form>\n<\/div>\n<\/div><div id=\"\" class=\"grid grid-contacts contact-area-contacts\" style=\"--grid-columns:3;--grid-gap:2.5;\"><div class=\"grid-inner\"><div class=\"grid-item\"><div class=\"card card-contact card-contact-6257\" >\r\n\t\t\t\t<div class=\"card-media\"><img loading=\"lazy\" decoding=\"async\" width=\"730\" height=\"570\" src=\"https:\/\/hense-systeme.com\/wp-content\/uploads\/kontakt_winzen.jpg\" class=\"attachment-contact size-contact\" alt=\"\" srcset=\"https:\/\/hense-systeme.com\/wp-content\/uploads\/kontakt_winzen.jpg 730w, https:\/\/hense-systeme.com\/wp-content\/uploads\/kontakt_winzen-300x234.jpg 300w, https:\/\/hense-systeme.com\/wp-content\/uploads\/kontakt_winzen-1x1.jpg 1w\" sizes=\"auto, (max-width: 730px) 100vw, 730px\" \/><\/div>\t\t\t\t\r\n\t\t\t\t<div class=\"card-content\">\r\n\t\t\t\t\t<div class=\"card-inner\">\r\n\t\t\t\t\t\t<div class=\"card-headlines headlines --subheadline-bottom\"><span class=\"card-headline headline --h3\">Dipl.-Ing. (FH) Rolf Winzen<\/span><span class=\"card-subheadline subheadline\">Kierownik dzia\u0142u bada\u0144 i rozwoju<\/span><\/div>\t\t\t\t\t<\/div>\r\n\r\n\t\t\t\t\t<div class=\"card-action team-information\"><span class=\"card-line card-line-contact\"><div class=\"card-action\"><span class=\"card-line card-line-phone\"><span>Tel: <\/span><a href=\"tel:0234-95388-31\" target=\"_blank\" rel=\"nofollow\">0234 &#8211; 95388 &#8211; 31<\/a><\/span><span class=\"card-line card-line-email\"><a href=\"mailto:rolf.winzen@hense-systeme.de\" target=\"_blank\" rel=\"nofollow\">rolf.winzen@hense-systeme.de<\/a><\/span><\/div><\/span><\/div>\t\t\t\t<\/div>\r\n\t\t\t<\/div><\/div><\/div><div class=\"swiper-pagination\"><\/div><\/div><\/div>\n<\/div><\/div>\n<\/div>\n<\/section>\n<\/section>","protected":false},"excerpt":{"rendered":"","protected":false},"author":1,"featured_media":0,"parent":5575,"menu_order":1,"comment_status":"closed","ping_status":"closed","template":"","meta":{"_acf_changed":false,"_crdt_document":"","footnotes":""},"class_list":{"0":"post-5780","1":"page","2":"type-page","3":"status-publish","5":"no-featured-image-padding"},"acf":[],"yoast_head":"<!-- This site is optimized with the Yoast SEO plugin v27.3 - https:\/\/yoast.com\/product\/yoast-seo-wordpress\/ -->\n<title>Hydrauliczne jednostki obrotowe do obrotowych stanowisk testowych<\/title>\n<meta name=\"description\" content=\"Technologia stanowisk testowych Hense \u2705 Skr\u0119tne stanowiska testowe o wysokiej g\u0119sto\u015bci mocy dla przemys\u0142u \u2705 Zoptymalizowane silniki obrotowe do test\u00f3w wytrzyma\u0142o\u015bci zm\u0119czeniowej \u2794 Odkryj wi\u0119cej\" \/>\n<meta name=\"robots\" content=\"index, follow, max-snippet:-1, max-image-preview:large, max-video-preview:-1\" \/>\n<link rel=\"canonical\" href=\"https:\/\/hense-systeme.com\/pl\/produkty\/technologia-stanowisk-testowych\/\" \/>\n<meta property=\"og:locale\" content=\"pl_PL\" \/>\n<meta property=\"og:type\" content=\"article\" \/>\n<meta property=\"og:title\" content=\"Hydrauliczne jednostki obrotowe do obrotowych stanowisk testowych\" \/>\n<meta property=\"og:description\" content=\"Technologia stanowisk testowych Hense \u2705 Skr\u0119tne stanowiska testowe o wysokiej g\u0119sto\u015bci mocy dla przemys\u0142u \u2705 Zoptymalizowane silniki obrotowe do test\u00f3w wytrzyma\u0142o\u015bci zm\u0119czeniowej \u2794 Odkryj wi\u0119cej\" \/>\n<meta property=\"og:url\" content=\"https:\/\/hense-systeme.com\/pl\/produkty\/technologia-stanowisk-testowych\/\" \/>\n<meta property=\"og:site_name\" content=\"Hense Systemtechnik GmbH &amp; Co. KG\" \/>\n<meta property=\"article:modified_time\" content=\"2024-04-09T08:19:51+00:00\" \/>\n<meta name=\"twitter:card\" content=\"summary_large_image\" \/>\n<meta name=\"twitter:label1\" content=\"Szacowany czas czytania\" \/>\n\t<meta name=\"twitter:data1\" content=\"2 minuty\" \/>\n<script type=\"application\/ld+json\" class=\"yoast-schema-graph\">{\"@context\":\"https:\\\/\\\/schema.org\",\"@graph\":[{\"@type\":\"WebPage\",\"@id\":\"https:\\\/\\\/hense-systeme.com\\\/pl\\\/produkty\\\/technologia-stanowisk-testowych\\\/\",\"url\":\"https:\\\/\\\/hense-systeme.com\\\/pl\\\/produkty\\\/technologia-stanowisk-testowych\\\/\",\"name\":\"Hydrauliczne jednostki obrotowe do obrotowych stanowisk testowych\",\"isPartOf\":{\"@id\":\"https:\\\/\\\/hense-systeme.com\\\/pl\\\/#website\"},\"datePublished\":\"2024-02-13T12:57:06+00:00\",\"dateModified\":\"2024-04-09T08:19:51+00:00\",\"description\":\"Technologia stanowisk testowych Hense \u2705 Skr\u0119tne stanowiska testowe o wysokiej g\u0119sto\u015bci mocy dla przemys\u0142u \u2705 Zoptymalizowane silniki obrotowe do test\u00f3w wytrzyma\u0142o\u015bci zm\u0119czeniowej \u2794 Odkryj wi\u0119cej\",\"breadcrumb\":{\"@id\":\"https:\\\/\\\/hense-systeme.com\\\/pl\\\/produkty\\\/technologia-stanowisk-testowych\\\/#breadcrumb\"},\"inLanguage\":\"pl-PL\",\"potentialAction\":[{\"@type\":\"ReadAction\",\"target\":[\"https:\\\/\\\/hense-systeme.com\\\/pl\\\/produkty\\\/technologia-stanowisk-testowych\\\/\"]}]},{\"@type\":\"BreadcrumbList\",\"@id\":\"https:\\\/\\\/hense-systeme.com\\\/pl\\\/produkty\\\/technologia-stanowisk-testowych\\\/#breadcrumb\",\"itemListElement\":[{\"@type\":\"ListItem\",\"position\":1,\"name\":\"Startseite\",\"item\":\"https:\\\/\\\/hense-systeme.com\\\/pl\\\/\"},{\"@type\":\"ListItem\",\"position\":2,\"name\":\"Produkty\",\"item\":\"https:\\\/\\\/hense-systeme.com\\\/pl\\\/produkte\\\/\"},{\"@type\":\"ListItem\",\"position\":3,\"name\":\"Technologia stanowisk testowych\"}]},{\"@type\":\"WebSite\",\"@id\":\"https:\\\/\\\/hense-systeme.com\\\/pl\\\/#website\",\"url\":\"https:\\\/\\\/hense-systeme.com\\\/pl\\\/\",\"name\":\"Hense Systemtechnik GmbH &amp; Co. KG\",\"description\":\"\",\"publisher\":{\"@id\":\"https:\\\/\\\/hense-systeme.com\\\/pl\\\/#organization\"},\"potentialAction\":[{\"@type\":\"SearchAction\",\"target\":{\"@type\":\"EntryPoint\",\"urlTemplate\":\"https:\\\/\\\/hense-systeme.com\\\/pl\\\/?s={search_term_string}\"},\"query-input\":{\"@type\":\"PropertyValueSpecification\",\"valueRequired\":true,\"valueName\":\"search_term_string\"}}],\"inLanguage\":\"pl-PL\"},{\"@type\":\"Organization\",\"@id\":\"https:\\\/\\\/hense-systeme.com\\\/pl\\\/#organization\",\"name\":\"Hense Systemtechnik GmbH &amp; Co. KG\",\"url\":\"https:\\\/\\\/hense-systeme.com\\\/pl\\\/\",\"logo\":{\"@type\":\"ImageObject\",\"inLanguage\":\"pl-PL\",\"@id\":\"https:\\\/\\\/hense-systeme.com\\\/pl\\\/#\\\/schema\\\/logo\\\/image\\\/\",\"url\":\"https:\\\/\\\/hense-systeme.com\\\/wp-content\\\/uploads\\\/2024\\\/02\\\/hense_logo.svg\",\"contentUrl\":\"https:\\\/\\\/hense-systeme.com\\\/wp-content\\\/uploads\\\/2024\\\/02\\\/hense_logo.svg\",\"width\":241,\"height\":76,\"caption\":\"Hense Systemtechnik GmbH &amp; Co. KG\"},\"image\":{\"@id\":\"https:\\\/\\\/hense-systeme.com\\\/pl\\\/#\\\/schema\\\/logo\\\/image\\\/\"}}]}<\/script>\n<!-- \/ Yoast SEO plugin. -->","yoast_head_json":{"title":"Hydrauliczne jednostki obrotowe do obrotowych stanowisk testowych","description":"Technologia stanowisk testowych Hense \u2705 Skr\u0119tne stanowiska testowe o wysokiej g\u0119sto\u015bci mocy dla przemys\u0142u \u2705 Zoptymalizowane silniki obrotowe do test\u00f3w wytrzyma\u0142o\u015bci zm\u0119czeniowej \u2794 Odkryj wi\u0119cej","robots":{"index":"index","follow":"follow","max-snippet":"max-snippet:-1","max-image-preview":"max-image-preview:large","max-video-preview":"max-video-preview:-1"},"canonical":"https:\/\/hense-systeme.com\/pl\/produkty\/technologia-stanowisk-testowych\/","og_locale":"pl_PL","og_type":"article","og_title":"Hydrauliczne jednostki obrotowe do obrotowych stanowisk testowych","og_description":"Technologia stanowisk testowych Hense \u2705 Skr\u0119tne stanowiska testowe o wysokiej g\u0119sto\u015bci mocy dla przemys\u0142u \u2705 Zoptymalizowane silniki obrotowe do test\u00f3w wytrzyma\u0142o\u015bci zm\u0119czeniowej \u2794 Odkryj wi\u0119cej","og_url":"https:\/\/hense-systeme.com\/pl\/produkty\/technologia-stanowisk-testowych\/","og_site_name":"Hense Systemtechnik GmbH &amp; Co. KG","article_modified_time":"2024-04-09T08:19:51+00:00","twitter_card":"summary_large_image","twitter_misc":{"Szacowany czas czytania":"2 minuty"},"schema":{"@context":"https:\/\/schema.org","@graph":[{"@type":"WebPage","@id":"https:\/\/hense-systeme.com\/pl\/produkty\/technologia-stanowisk-testowych\/","url":"https:\/\/hense-systeme.com\/pl\/produkty\/technologia-stanowisk-testowych\/","name":"Hydrauliczne jednostki obrotowe do obrotowych stanowisk testowych","isPartOf":{"@id":"https:\/\/hense-systeme.com\/pl\/#website"},"datePublished":"2024-02-13T12:57:06+00:00","dateModified":"2024-04-09T08:19:51+00:00","description":"Technologia stanowisk testowych Hense \u2705 Skr\u0119tne stanowiska testowe o wysokiej g\u0119sto\u015bci mocy dla przemys\u0142u \u2705 Zoptymalizowane silniki obrotowe do test\u00f3w wytrzyma\u0142o\u015bci zm\u0119czeniowej \u2794 Odkryj wi\u0119cej","breadcrumb":{"@id":"https:\/\/hense-systeme.com\/pl\/produkty\/technologia-stanowisk-testowych\/#breadcrumb"},"inLanguage":"pl-PL","potentialAction":[{"@type":"ReadAction","target":["https:\/\/hense-systeme.com\/pl\/produkty\/technologia-stanowisk-testowych\/"]}]},{"@type":"BreadcrumbList","@id":"https:\/\/hense-systeme.com\/pl\/produkty\/technologia-stanowisk-testowych\/#breadcrumb","itemListElement":[{"@type":"ListItem","position":1,"name":"Startseite","item":"https:\/\/hense-systeme.com\/pl\/"},{"@type":"ListItem","position":2,"name":"Produkty","item":"https:\/\/hense-systeme.com\/pl\/produkte\/"},{"@type":"ListItem","position":3,"name":"Technologia stanowisk testowych"}]},{"@type":"WebSite","@id":"https:\/\/hense-systeme.com\/pl\/#website","url":"https:\/\/hense-systeme.com\/pl\/","name":"Hense Systemtechnik GmbH &amp; Co. KG","description":"","publisher":{"@id":"https:\/\/hense-systeme.com\/pl\/#organization"},"potentialAction":[{"@type":"SearchAction","target":{"@type":"EntryPoint","urlTemplate":"https:\/\/hense-systeme.com\/pl\/?s={search_term_string}"},"query-input":{"@type":"PropertyValueSpecification","valueRequired":true,"valueName":"search_term_string"}}],"inLanguage":"pl-PL"},{"@type":"Organization","@id":"https:\/\/hense-systeme.com\/pl\/#organization","name":"Hense Systemtechnik GmbH &amp; Co. KG","url":"https:\/\/hense-systeme.com\/pl\/","logo":{"@type":"ImageObject","inLanguage":"pl-PL","@id":"https:\/\/hense-systeme.com\/pl\/#\/schema\/logo\/image\/","url":"https:\/\/hense-systeme.com\/wp-content\/uploads\/2024\/02\/hense_logo.svg","contentUrl":"https:\/\/hense-systeme.com\/wp-content\/uploads\/2024\/02\/hense_logo.svg","width":241,"height":76,"caption":"Hense Systemtechnik GmbH &amp; Co. KG"},"image":{"@id":"https:\/\/hense-systeme.com\/pl\/#\/schema\/logo\/image\/"}}]}},"_links":{"self":[{"href":"https:\/\/hense-systeme.com\/pl\/wp-json\/wp\/v2\/pages\/5780","targetHints":{"allow":["GET"]}}],"collection":[{"href":"https:\/\/hense-systeme.com\/pl\/wp-json\/wp\/v2\/pages"}],"about":[{"href":"https:\/\/hense-systeme.com\/pl\/wp-json\/wp\/v2\/types\/page"}],"author":[{"embeddable":true,"href":"https:\/\/hense-systeme.com\/pl\/wp-json\/wp\/v2\/users\/1"}],"replies":[{"embeddable":true,"href":"https:\/\/hense-systeme.com\/pl\/wp-json\/wp\/v2\/comments?post=5780"}],"version-history":[{"count":2,"href":"https:\/\/hense-systeme.com\/pl\/wp-json\/wp\/v2\/pages\/5780\/revisions"}],"predecessor-version":[{"id":8374,"href":"https:\/\/hense-systeme.com\/pl\/wp-json\/wp\/v2\/pages\/5780\/revisions\/8374"}],"up":[{"embeddable":true,"href":"https:\/\/hense-systeme.com\/pl\/wp-json\/wp\/v2\/pages\/5575"}],"wp:attachment":[{"href":"https:\/\/hense-systeme.com\/pl\/wp-json\/wp\/v2\/media?parent=5780"}],"curies":[{"name":"wp","href":"https:\/\/api.w.org\/{rel}","templated":true}]}}