{"id":5809,"date":"2024-02-13T13:57:06","date_gmt":"2024-02-13T12:57:06","guid":{"rendered":"https:\/\/hense.pixel-tal.de\/produkty\/kombinacja-podnoszenia-i-obracania\/"},"modified":"2025-06-11T13:32:06","modified_gmt":"2025-06-11T11:32:06","slug":"kombinacja-podnoszenia-i-obracania","status":"publish","type":"page","link":"https:\/\/hense-systeme.com\/pl\/produkty\/kombinacja-podnoszenia-i-obracania\/","title":{"rendered":"Kombinacja podnoszenia i obracania"},"content":{"rendered":"<section id=\"6480098a\" class=\"hero hero-6480098a hero--text\" data-theme=\"dark\">\n\t\t\t\t\t\t\t\t<div class=\"acf-innerblocks-container\">\n\r\n\t\t\t       \r\n                    \r\n            <div id=\"28c516e5\" class=\"hero-item hero-item-28c516e5 hero-item--image\">\r\n\t\t\t\t<div class=\"hero-canvas\">\r\n\t\t\t\t\t<div class=\"acf-innerblocks-container\">\n<div id=\"0928ea7c\" class=\"gb-container gb-container-0928ea7c center\" data-container-type=\"container\" data-theme=\"inherit\" data-aos=\"fade-up\">\n\n<div class=\"wp-block-pixel-headline headlines --subheadline-top has-text-align-center is-gap-sm center\"><h1 class=\"headline\" style=\"color:var(--base-3)\"><strong>Lift-<\/strong><br>Po\u0142\u0105czenie obrotowe<\/h1><span class=\"subheadline\" style=\"color:var(--global-color-gruen)\">Produkty<\/span><\/div>\n\n<\/div>\n<\/div>\r\n\t\t\t\t<\/div>\r\n\t\t\t\t<div class=\"hero-media hero-media-image\"><img loading=\"lazy\" decoding=\"async\" width=\"1920\" height=\"868\" src=\"https:\/\/hense-systeme.com\/wp-content\/uploads\/2024\/01\/home-image.png\" class=\"attachment-full size-full\" alt=\"\" srcset=\"https:\/\/hense-systeme.com\/wp-content\/uploads\/2024\/01\/home-image.png 1920w, https:\/\/hense-systeme.com\/wp-content\/uploads\/2024\/01\/home-image-300x136.png 300w, https:\/\/hense-systeme.com\/wp-content\/uploads\/2024\/01\/home-image-1024x463.png 1024w, https:\/\/hense-systeme.com\/wp-content\/uploads\/2024\/01\/home-image-768x347.png 768w, https:\/\/hense-systeme.com\/wp-content\/uploads\/2024\/01\/home-image-1536x694.png 1536w\" sizes=\"auto, (max-width: 1920px) 100vw, 1920px\" \/><\/div>            <\/div>\r\n\t\t\t\t\r\n            \r\n\t\t\t\r\n        \r\n            \n<\/div>\n\t\t\t\t\t\t\t\t\t\t\t\t<div id=\"start\"><\/div>\n\t\t\t<\/section>\n\t\t\t\t\n\t\t\t\n\t\t\t        \n            <section id=\"b6a6500f\" class=\"gb-section gb-container gb-container-b6a6500f\" data-container-type=\"section\" data-theme=\"dark\">\n<section id=\"cfe90332\" class=\"gb-inner-section gb-container gb-container-cfe90332\" data-container-type=\"container\" data-theme=\"inherit\">\n<div class=\"gb-grid-wrapper gb-grid-wrapper-e7261f94\">\n<div class=\"gb-grid-column gb-grid-column-32f3d6d6\"><div id=\"32f3d6d6\" class=\"gb-container gb-container-32f3d6d6\" data-container-type=\"container\" data-theme=\"inherit\" data-aos=\"fade-right\">\n\n<div class=\"wp-block-pixel-headline headlines --subheadline-top has-text-align-left is-gap-off\"><h2 class=\"headline\" style=\"color:\"><strong>Systemy podnoszenia i obracania<\/strong><\/h2><span class=\"subheadline\" style=\"color:\">JEDNOSTKA PODNOSZ\u0104CA I OBROTOWA<\/span><\/div>\n\n<\/div><\/div>\n\n<div class=\"gb-grid-column gb-grid-column-5872b21c\"><div id=\"5872b21c\" class=\"gb-container gb-container-5872b21c\" data-container-type=\"container\" data-theme=\"inherit\" data-aos=\"fade-right\">\n\n<p class=\"wp-block-paragraph\">W wielu przypadkach dzisiejsze obrabiarki nie s\u0105 ju\u017c wyposa\u017cone w sta\u0142\u0105 powierzchni\u0119 mocowania na stole maszynowym, ale posiadaj\u0105 wymienne no\u015bniki obrabianych przedmiot\u00f3w, tak zwane palety, na kt\u00f3rych obrabiane przedmioty s\u0105 mocowane bezpo\u015brednio lub za pomoc\u0105 urz\u0105dze\u0144. Umo\u017cliwia to wst\u0119pn\u0105 konfiguracj\u0119 poza maszyn\u0105, a tym samym skraca czas konfiguracji i czas nieprodukcyjny. <\/p>\n\n\n\n<p class=\"wp-block-paragraph\">Zmieniarki palet Hense Systeme z serii HPW wykonuj\u0105 zadanie wymiany palety na stacji ustawiania na palet\u0119 w obszarze przetwarzania.<\/p>\n\n\n\n<p class=\"wp-block-paragraph\">Posiadaj\u0105 one liniow\u0105 i obrotow\u0105 o\u015b nap\u0119dow\u0105, kt\u00f3re mog\u0105 by\u0107 sterowane niezale\u017cnie od siebie i realizuj\u0105 sekwencj\u0119 ruch\u00f3w wymagan\u0105 do wymiany palety, podnoszenie &#8211; obr\u00f3t o 180\u00b0 &#8211; opuszczanie. Obie osie mog\u0105 by\u0107 ustawione szeregowo lub r\u00f3wnolegle wzgl\u0119dem siebie. <\/p>\n\n<\/div><\/div>\n\n<div class=\"gb-grid-column gb-grid-column-09ecf06b\"><div id=\"09ecf06b\" class=\"gb-container gb-container-09ecf06b\" data-container-type=\"container\" data-theme=\"inherit\" data-aos=\"fade-left\">\n\n<figure class=\"gb-block-image gb-block-image-6ad14fae\"><img loading=\"lazy\" decoding=\"async\" width=\"985\" height=\"827\" class=\"gb-image gb-image-6ad14fae\" src=\"https:\/\/hense-systeme.com\/wp-content\/uploads\/0418699-_-FO-11.jpg\" alt=\"\" title=\"0418699-_-FO-11\" srcset=\"https:\/\/hense-systeme.com\/wp-content\/uploads\/0418699-_-FO-11.jpg 985w, https:\/\/hense-systeme.com\/wp-content\/uploads\/0418699-_-FO-11-300x252.jpg 300w, https:\/\/hense-systeme.com\/wp-content\/uploads\/0418699-_-FO-11-768x645.jpg 768w, https:\/\/hense-systeme.com\/wp-content\/uploads\/0418699-_-FO-11-1x1.jpg 1w\" sizes=\"auto, (max-width: 985px) 100vw, 985px\" \/><\/figure>\n\n<\/div><\/div>\n\n<div class=\"gb-grid-column gb-grid-column-50f4f1ee\"><div id=\"50f4f1ee\" class=\"gb-container gb-container-50f4f1ee\" data-container-type=\"container\" data-theme=\"inherit\" data-aos=\"fade-left\">\n\n<figure class=\"gb-block-image gb-block-image-79428f1e\"><img loading=\"lazy\" decoding=\"async\" width=\"467\" height=\"442\" class=\"gb-image gb-image-79428f1e\" src=\"https:\/\/hense-systeme.com\/wp-content\/uploads\/produkt_hub_schwenksysteme_03.png\" alt=\"\" title=\"product_hub_swivelling_systems_03\" srcset=\"https:\/\/hense-systeme.com\/wp-content\/uploads\/produkt_hub_schwenksysteme_03.png 467w, https:\/\/hense-systeme.com\/wp-content\/uploads\/produkt_hub_schwenksysteme_03-300x284.png 300w, https:\/\/hense-systeme.com\/wp-content\/uploads\/produkt_hub_schwenksysteme_03-1x1.png 1w\" sizes=\"auto, (max-width: 467px) 100vw, 467px\" \/><\/figure>\n\n<\/div><\/div>\n\n<div class=\"gb-grid-column gb-grid-column-a94488a8\"><div id=\"a94488a8\" class=\"gb-container gb-container-a94488a8\" data-container-type=\"container\" data-theme=\"inherit\" data-aos=\"fade-right\">\n\n<p class=\"wp-block-paragraph\">Dzi\u0119ki dodaniu do osi nap\u0119dowych kolejnych komponent\u00f3w, takich jak obrotowa stacja \u0142aduj\u0105ca z nap\u0119dem silnikowym ze zintegrowanym interfejsem medi\u00f3w i hydraulik\u0105 zaciskow\u0105 do mocowania palety, korpus do mocowania osi i stacji \u0142aduj\u0105cej, zaw\u00f3r i technologia sterowania, zmieniarka palet staje si\u0119 wysokiej jako\u015bci i funkcjonalnym zespo\u0142em.<\/p>\n\n\n\n<p class=\"wp-block-paragraph\">Niezale\u017cnie od u\u0142o\u017cenia osi nap\u0119dowych wzgl\u0119dem siebie, zmieniarki palet Hense Systeme mog\u0105 by\u0107 umieszczone przed \u0142o\u017cem maszyny jako samodzielny system lub mog\u0105 by\u0107 przymocowane do \u0142o\u017ca maszyny, jednocze\u015bnie je zabudowuj\u0105c. Oznacza to, \u017ce zmieniacze palet Hense Systeme mo\u017cna optymalnie dostosowa\u0107 do warunk\u00f3w panuj\u0105cych w obrabiarce. <\/p>\n\n<\/div><\/div>\n<\/div>\n<\/section>\n<\/section><section id=\"67fd8ab5\" class=\"gb-section gb-container gb-container-67fd8ab5\" data-container-type=\"section\" data-theme=\"dark\" style=\"--section-padding-top:0;\">\n<div id=\"256bbec6\" class=\"gb-inner-section gb-container gb-container-256bbec6 center\" data-container-type=\"container\" data-theme=\"inherit\">\n<div class=\"gb-grid-wrapper gb-grid-wrapper-7e356255\">\n<div class=\"gb-grid-column gb-grid-column-b9d5d676\"><div id=\"b9d5d676\" class=\"gb-container gb-container-b9d5d676\" data-container-type=\"container\" data-theme=\"inherit\" data-aos=\"fade-up\">\n\n<div class=\"wp-block-pixel-headline headlines --subheadline-top has-text-align-center\"><h2 class=\"headline\" style=\"color:\"><strong>Przegl\u0105d produkt\u00f3w<\/strong><\/h2><\/div>\n\n<\/div><\/div>\n<\/div>\n<\/div>\n<\/section><section id=\"e96e5b84\" class=\"gb-section gb-container gb-container-e96e5b84 alignfull gb-container-bg-radial-gradient-blue\" data-container-type=\"section\" data-theme=\"dark\">\n<div id=\"6e661d9e\" class=\"gb-inner-section gb-container gb-container-6e661d9e product_overlap center\" data-container-type=\"container\" data-theme=\"inherit\">\n<div class=\"gb-grid-wrapper gb-grid-wrapper-4ccc56db content_overview\">\n<div class=\"gb-grid-column gb-grid-column-61ec46a0\"><div id=\"61ec46a0\" class=\"gb-container gb-container-61ec46a0\" data-container-type=\"container\" data-theme=\"inherit\" data-aos=\"fade-up\" data-aos-delay=\"200\">\n\n\t\t\t \n\t\t\t\t\n\t\t\t\t<p>Nie znaleziono \u017cadnych artyku\u0142\u00f3w.<\/p>\n\t\t\t\t\n\t\t\t\t\t\t\t\n\t\t\t\n            <!-- end:grid -->\n        \n            \n<\/div><\/div>\n<\/div>\n<\/div>\n<\/section><section id=\"c33659b1\" class=\"gb-section gb-container gb-container-c33659b1\" data-container-type=\"section\" data-theme=\"dark\">\n<section id=\"40231590\" class=\"gb-inner-section gb-container gb-container-40231590\" data-container-type=\"container\" data-theme=\"inherit\">\n<div class=\"gb-grid-wrapper gb-grid-wrapper-b5d201f1\">\n<div class=\"gb-grid-column gb-grid-column-00d70859\"><div id=\"00d70859\" class=\"gb-container gb-container-00d70859\" data-container-type=\"container\" data-theme=\"inherit\" data-aos=\"fade-up\">\n\n<div class=\"wp-block-pixel-headline headlines --subheadline-top has-text-align-left\"><h2 class=\"headline\" style=\"color:\">Cieszymy si\u0119, \u017ce mo\u017cemy Ci <strong>pom\u00f3c<\/strong> <\/h2><span class=\"subheadline\" style=\"color:\">Czy masz jeszcze jakie\u015b pytania?<\/span><\/div>\n\n<\/div><\/div>\n\n<div class=\"gb-grid-column gb-grid-column-64e43af8\"><div id=\"64e43af8\" class=\"gb-container gb-container-64e43af8\" data-container-type=\"container\" data-theme=\"inherit\" data-aos=\"fade-right\">\n<div class=\"contact-area\" style=\"--contacts-count:1;\"><div id=\"contact\" class=\"contact-area-form\">\n<div class=\"wpcf7 no-js\" id=\"wpcf7-f6332-o1\" lang=\"pl-PL\" dir=\"ltr\" data-wpcf7-id=\"6332\">\n<div class=\"screen-reader-response\"><p role=\"status\" aria-live=\"polite\" aria-atomic=\"true\"><\/p> <ul><\/ul><\/div>\n<form action=\"\/pl\/wp-json\/wp\/v2\/pages\/5809#wpcf7-f6332-o1\" method=\"post\" class=\"wpcf7-form init\" aria-label=\"Formularz kontaktowy\" novalidate=\"novalidate\" data-status=\"init\">\n<fieldset class=\"hidden-fields-container\"><input type=\"hidden\" name=\"_wpcf7\" value=\"6332\" \/><input type=\"hidden\" name=\"_wpcf7_version\" value=\"6.1.5\" \/><input type=\"hidden\" name=\"_wpcf7_locale\" value=\"pl_PL\" \/><input type=\"hidden\" name=\"_wpcf7_unit_tag\" value=\"wpcf7-f6332-o1\" \/><input type=\"hidden\" name=\"_wpcf7_container_post\" value=\"0\" \/><input type=\"hidden\" name=\"_wpcf7_posted_data_hash\" value=\"\" \/><input type=\"hidden\" name=\"_wpcf7_recaptcha_response\" value=\"\" \/>\n<\/fieldset>\n<div class=\"form-fields\">\n    <div class=\"form-field\"><label>Imi\u0119 i nazwisko*<\/label><span class=\"wpcf7-form-control-wrap\" data-name=\"name\"><input size=\"40\" maxlength=\"400\" class=\"wpcf7-form-control wpcf7-text wpcf7-validates-as-required\" aria-required=\"true\" aria-invalid=\"false\" value=\"\" type=\"text\" name=\"name\" \/><\/span><\/div>\n    <div class=\"form-field\"><label>Firma<\/label><span class=\"wpcf7-form-control-wrap\" data-name=\"company\"><input size=\"40\" maxlength=\"400\" class=\"wpcf7-form-control wpcf7-text\" aria-invalid=\"false\" value=\"\" type=\"text\" name=\"company\" \/><\/span><\/div>\n    <div class=\"form-field\"><label>Pozycja<\/label><span class=\"wpcf7-form-control-wrap\" data-name=\"pos\"><input size=\"40\" maxlength=\"400\" class=\"wpcf7-form-control wpcf7-text\" aria-invalid=\"false\" value=\"\" type=\"text\" name=\"pos\" \/><\/span><\/div>\n    <div class=\"form-field\"><label>E-mail*<\/label><span class=\"wpcf7-form-control-wrap\" data-name=\"mail\"><input size=\"40\" maxlength=\"400\" class=\"wpcf7-form-control wpcf7-email wpcf7-validates-as-required wpcf7-text wpcf7-validates-as-email\" aria-required=\"true\" aria-invalid=\"false\" value=\"\" type=\"email\" name=\"mail\" \/><\/span><\/div>\n    <div class=\"form-field\"><label>Telefon<\/label><span class=\"wpcf7-form-control-wrap\" data-name=\"phone\"><input size=\"40\" maxlength=\"400\" class=\"wpcf7-form-control wpcf7-text\" aria-invalid=\"false\" value=\"\" type=\"text\" name=\"phone\" \/><\/span><\/div>\n    <div class=\"form-field textarea\"><label>Twoja wiadomo\u015b\u0107<\/label><span class=\"wpcf7-form-control-wrap\" data-name=\"message\"><textarea cols=\"40\" rows=\"10\" maxlength=\"2000\" class=\"wpcf7-form-control wpcf7-textarea\" aria-invalid=\"false\" name=\"message\"><\/textarea><\/span><\/div>\n<\/div>\n\n<span class=\"required\">* Pola obowi\u0105zkowe<\/span>\n<div class=\"form-fields form-footer\">\n<div class=\"form-privacy\"><span class=\"wpcf7-form-control-wrap\" data-name=\"ds\"><span class=\"wpcf7-form-control wpcf7-acceptance\"><span class=\"wpcf7-list-item\"><input type=\"checkbox\" name=\"ds\" value=\"1\" aria-invalid=\"false\" \/><\/span><\/span><\/span><span class=\"privacy-policy-note\">Akceptuj\u0119 <a href=\"\/rechtliches\/datenschutz\/\" target=\"_blank\">polityk\u0119 prywatno\u015bci<\/a>. Ten formularz jest chroniony przez Google reCaptcha.<\/span><\/div>\n\n<\/div>\n<div class=\"form-submit\"><button id=\"submit\" class=\"wpcf7-form-control wpcf7-submit\">Wysy\u0142anie<\/button><\/div><div class=\"wpcf7-response-output\" aria-hidden=\"true\"><\/div>\n<\/form>\n<\/div>\n<\/div><div id=\"\" class=\"grid grid-contacts contact-area-contacts\" style=\"--grid-columns:3;--grid-gap:2.5;\"><div class=\"grid-inner\"><div class=\"grid-item\"><div class=\"card card-contact card-contact-6257\" >\r\n\t\t\t\t<div class=\"card-media\"><img loading=\"lazy\" decoding=\"async\" width=\"730\" height=\"570\" src=\"https:\/\/hense-systeme.com\/wp-content\/uploads\/kontakt_winzen.jpg\" class=\"attachment-contact size-contact\" alt=\"\" srcset=\"https:\/\/hense-systeme.com\/wp-content\/uploads\/kontakt_winzen.jpg 730w, https:\/\/hense-systeme.com\/wp-content\/uploads\/kontakt_winzen-300x234.jpg 300w, https:\/\/hense-systeme.com\/wp-content\/uploads\/kontakt_winzen-1x1.jpg 1w\" sizes=\"auto, (max-width: 730px) 100vw, 730px\" \/><\/div>\t\t\t\t\r\n\t\t\t\t<div class=\"card-content\">\r\n\t\t\t\t\t<div class=\"card-inner\">\r\n\t\t\t\t\t\t<div class=\"card-headlines headlines --subheadline-bottom\"><span class=\"card-headline headline --h3\">Dipl.-Ing. (FH) Rolf Winzen<\/span><span class=\"card-subheadline subheadline\">Kierownik dzia\u0142u bada\u0144 i rozwoju<\/span><\/div>\t\t\t\t\t<\/div>\r\n\r\n\t\t\t\t\t<div class=\"card-action team-information\"><span class=\"card-line card-line-contact\"><div class=\"card-action\"><span class=\"card-line card-line-phone\"><span>Tel: <\/span><a href=\"tel:0234-95388-31\" target=\"_blank\" rel=\"nofollow\">0234 &#8211; 95388 &#8211; 31<\/a><\/span><span class=\"card-line card-line-email\"><a href=\"mailto:rolf.winzen@hense-systeme.de\" target=\"_blank\" rel=\"nofollow\">rolf.winzen@hense-systeme.de<\/a><\/span><\/div><\/span><\/div>\t\t\t\t<\/div>\r\n\t\t\t<\/div><\/div><\/div><div class=\"swiper-pagination\"><\/div><\/div><\/div>\n<\/div><\/div>\n<\/div>\n<\/section>\n<\/section>","protected":false},"excerpt":{"rendered":"","protected":false},"author":1,"featured_media":0,"parent":5575,"menu_order":2,"comment_status":"closed","ping_status":"closed","template":"","meta":{"_acf_changed":false,"_crdt_document":"","footnotes":""},"class_list":{"0":"post-5809","1":"page","2":"type-page","3":"status-publish","5":"no-featured-image-padding"},"acf":[],"yoast_head":"<!-- This site is optimized with the Yoast SEO plugin v27.3 - https:\/\/yoast.com\/product\/yoast-seo-wordpress\/ -->\n<title>Jednostki podnosz\u0105ce i obrotowe firmy Hense - wydajna wymiana palet<\/title>\n<meta name=\"description\" content=\"Zoptymalizuj czas pracy maszyny dzi\u0119ki jednostkom podnosz\u0105cym\/obrotowym Henses \u2705 Elastyczne podnoszenie i obracanie w celu szybkiej wymiany palet \u2794 Dowiedz si\u0119 wi\u0119cej\" \/>\n<meta name=\"robots\" content=\"index, follow, max-snippet:-1, max-image-preview:large, max-video-preview:-1\" \/>\n<link rel=\"canonical\" href=\"https:\/\/hense-systeme.com\/pl\/produkty\/kombinacja-podnoszenia-i-obracania\/\" \/>\n<meta property=\"og:locale\" content=\"pl_PL\" \/>\n<meta property=\"og:type\" content=\"article\" \/>\n<meta property=\"og:title\" content=\"Jednostki podnosz\u0105ce i obrotowe firmy Hense - wydajna wymiana palet\" \/>\n<meta property=\"og:description\" content=\"Zoptymalizuj czas pracy maszyny dzi\u0119ki jednostkom podnosz\u0105cym\/obrotowym Henses \u2705 Elastyczne podnoszenie i obracanie w celu szybkiej wymiany palet \u2794 Dowiedz si\u0119 wi\u0119cej\" \/>\n<meta property=\"og:url\" content=\"https:\/\/hense-systeme.com\/pl\/produkty\/kombinacja-podnoszenia-i-obracania\/\" \/>\n<meta property=\"og:site_name\" content=\"Hense Systemtechnik GmbH &amp; Co. KG\" \/>\n<meta property=\"article:modified_time\" content=\"2025-06-11T11:32:06+00:00\" \/>\n<meta property=\"og:image\" content=\"https:\/\/hense-systeme.com\/wp-content\/uploads\/0418699-_-FO-11.jpg\" \/>\n<meta name=\"twitter:card\" content=\"summary_large_image\" \/>\n<meta name=\"twitter:label1\" content=\"Szacowany czas czytania\" \/>\n\t<meta name=\"twitter:data1\" content=\"2 minuty\" \/>\n<script type=\"application\/ld+json\" class=\"yoast-schema-graph\">{\"@context\":\"https:\\\/\\\/schema.org\",\"@graph\":[{\"@type\":\"WebPage\",\"@id\":\"https:\\\/\\\/hense-systeme.com\\\/pl\\\/produkty\\\/kombinacja-podnoszenia-i-obracania\\\/\",\"url\":\"https:\\\/\\\/hense-systeme.com\\\/pl\\\/produkty\\\/kombinacja-podnoszenia-i-obracania\\\/\",\"name\":\"Jednostki podnosz\u0105ce i obrotowe firmy Hense - wydajna wymiana palet\",\"isPartOf\":{\"@id\":\"https:\\\/\\\/hense-systeme.com\\\/pl\\\/#website\"},\"primaryImageOfPage\":{\"@id\":\"https:\\\/\\\/hense-systeme.com\\\/pl\\\/produkty\\\/kombinacja-podnoszenia-i-obracania\\\/#primaryimage\"},\"image\":{\"@id\":\"https:\\\/\\\/hense-systeme.com\\\/pl\\\/produkty\\\/kombinacja-podnoszenia-i-obracania\\\/#primaryimage\"},\"thumbnailUrl\":\"https:\\\/\\\/hense-systeme.com\\\/wp-content\\\/uploads\\\/0418699-_-FO-11.jpg\",\"datePublished\":\"2024-02-13T12:57:06+00:00\",\"dateModified\":\"2025-06-11T11:32:06+00:00\",\"description\":\"Zoptymalizuj czas pracy maszyny dzi\u0119ki jednostkom podnosz\u0105cym\\\/obrotowym Henses \u2705 Elastyczne podnoszenie i obracanie w celu szybkiej wymiany palet \u2794 Dowiedz si\u0119 wi\u0119cej\",\"breadcrumb\":{\"@id\":\"https:\\\/\\\/hense-systeme.com\\\/pl\\\/produkty\\\/kombinacja-podnoszenia-i-obracania\\\/#breadcrumb\"},\"inLanguage\":\"pl-PL\",\"potentialAction\":[{\"@type\":\"ReadAction\",\"target\":[\"https:\\\/\\\/hense-systeme.com\\\/pl\\\/produkty\\\/kombinacja-podnoszenia-i-obracania\\\/\"]}]},{\"@type\":\"ImageObject\",\"inLanguage\":\"pl-PL\",\"@id\":\"https:\\\/\\\/hense-systeme.com\\\/pl\\\/produkty\\\/kombinacja-podnoszenia-i-obracania\\\/#primaryimage\",\"url\":\"https:\\\/\\\/hense-systeme.com\\\/wp-content\\\/uploads\\\/0418699-_-FO-11.jpg\",\"contentUrl\":\"https:\\\/\\\/hense-systeme.com\\\/wp-content\\\/uploads\\\/0418699-_-FO-11.jpg\"},{\"@type\":\"BreadcrumbList\",\"@id\":\"https:\\\/\\\/hense-systeme.com\\\/pl\\\/produkty\\\/kombinacja-podnoszenia-i-obracania\\\/#breadcrumb\",\"itemListElement\":[{\"@type\":\"ListItem\",\"position\":1,\"name\":\"Startseite\",\"item\":\"https:\\\/\\\/hense-systeme.com\\\/pl\\\/\"},{\"@type\":\"ListItem\",\"position\":2,\"name\":\"Produkty\",\"item\":\"https:\\\/\\\/hense-systeme.com\\\/pl\\\/produkte\\\/\"},{\"@type\":\"ListItem\",\"position\":3,\"name\":\"Kombinacja podnoszenia i obracania\"}]},{\"@type\":\"WebSite\",\"@id\":\"https:\\\/\\\/hense-systeme.com\\\/pl\\\/#website\",\"url\":\"https:\\\/\\\/hense-systeme.com\\\/pl\\\/\",\"name\":\"Hense Systemtechnik GmbH &amp; Co. KG\",\"description\":\"\",\"publisher\":{\"@id\":\"https:\\\/\\\/hense-systeme.com\\\/pl\\\/#organization\"},\"potentialAction\":[{\"@type\":\"SearchAction\",\"target\":{\"@type\":\"EntryPoint\",\"urlTemplate\":\"https:\\\/\\\/hense-systeme.com\\\/pl\\\/?s={search_term_string}\"},\"query-input\":{\"@type\":\"PropertyValueSpecification\",\"valueRequired\":true,\"valueName\":\"search_term_string\"}}],\"inLanguage\":\"pl-PL\"},{\"@type\":\"Organization\",\"@id\":\"https:\\\/\\\/hense-systeme.com\\\/pl\\\/#organization\",\"name\":\"Hense Systemtechnik GmbH &amp; Co. KG\",\"url\":\"https:\\\/\\\/hense-systeme.com\\\/pl\\\/\",\"logo\":{\"@type\":\"ImageObject\",\"inLanguage\":\"pl-PL\",\"@id\":\"https:\\\/\\\/hense-systeme.com\\\/pl\\\/#\\\/schema\\\/logo\\\/image\\\/\",\"url\":\"https:\\\/\\\/hense-systeme.com\\\/wp-content\\\/uploads\\\/2024\\\/02\\\/hense_logo.svg\",\"contentUrl\":\"https:\\\/\\\/hense-systeme.com\\\/wp-content\\\/uploads\\\/2024\\\/02\\\/hense_logo.svg\",\"width\":241,\"height\":76,\"caption\":\"Hense Systemtechnik GmbH &amp; Co. KG\"},\"image\":{\"@id\":\"https:\\\/\\\/hense-systeme.com\\\/pl\\\/#\\\/schema\\\/logo\\\/image\\\/\"}}]}<\/script>\n<!-- \/ Yoast SEO plugin. -->","yoast_head_json":{"title":"Jednostki podnosz\u0105ce i obrotowe firmy Hense - wydajna wymiana palet","description":"Zoptymalizuj czas pracy maszyny dzi\u0119ki jednostkom podnosz\u0105cym\/obrotowym Henses \u2705 Elastyczne podnoszenie i obracanie w celu szybkiej wymiany palet \u2794 Dowiedz si\u0119 wi\u0119cej","robots":{"index":"index","follow":"follow","max-snippet":"max-snippet:-1","max-image-preview":"max-image-preview:large","max-video-preview":"max-video-preview:-1"},"canonical":"https:\/\/hense-systeme.com\/pl\/produkty\/kombinacja-podnoszenia-i-obracania\/","og_locale":"pl_PL","og_type":"article","og_title":"Jednostki podnosz\u0105ce i obrotowe firmy Hense - wydajna wymiana palet","og_description":"Zoptymalizuj czas pracy maszyny dzi\u0119ki jednostkom podnosz\u0105cym\/obrotowym Henses \u2705 Elastyczne podnoszenie i obracanie w celu szybkiej wymiany palet \u2794 Dowiedz si\u0119 wi\u0119cej","og_url":"https:\/\/hense-systeme.com\/pl\/produkty\/kombinacja-podnoszenia-i-obracania\/","og_site_name":"Hense Systemtechnik GmbH &amp; Co. KG","article_modified_time":"2025-06-11T11:32:06+00:00","og_image":[{"url":"https:\/\/hense-systeme.com\/wp-content\/uploads\/0418699-_-FO-11.jpg","type":"","width":"","height":""}],"twitter_card":"summary_large_image","twitter_misc":{"Szacowany czas czytania":"2 minuty"},"schema":{"@context":"https:\/\/schema.org","@graph":[{"@type":"WebPage","@id":"https:\/\/hense-systeme.com\/pl\/produkty\/kombinacja-podnoszenia-i-obracania\/","url":"https:\/\/hense-systeme.com\/pl\/produkty\/kombinacja-podnoszenia-i-obracania\/","name":"Jednostki podnosz\u0105ce i obrotowe firmy Hense - wydajna wymiana palet","isPartOf":{"@id":"https:\/\/hense-systeme.com\/pl\/#website"},"primaryImageOfPage":{"@id":"https:\/\/hense-systeme.com\/pl\/produkty\/kombinacja-podnoszenia-i-obracania\/#primaryimage"},"image":{"@id":"https:\/\/hense-systeme.com\/pl\/produkty\/kombinacja-podnoszenia-i-obracania\/#primaryimage"},"thumbnailUrl":"https:\/\/hense-systeme.com\/wp-content\/uploads\/0418699-_-FO-11.jpg","datePublished":"2024-02-13T12:57:06+00:00","dateModified":"2025-06-11T11:32:06+00:00","description":"Zoptymalizuj czas pracy maszyny dzi\u0119ki jednostkom podnosz\u0105cym\/obrotowym Henses \u2705 Elastyczne podnoszenie i obracanie w celu szybkiej wymiany palet \u2794 Dowiedz si\u0119 wi\u0119cej","breadcrumb":{"@id":"https:\/\/hense-systeme.com\/pl\/produkty\/kombinacja-podnoszenia-i-obracania\/#breadcrumb"},"inLanguage":"pl-PL","potentialAction":[{"@type":"ReadAction","target":["https:\/\/hense-systeme.com\/pl\/produkty\/kombinacja-podnoszenia-i-obracania\/"]}]},{"@type":"ImageObject","inLanguage":"pl-PL","@id":"https:\/\/hense-systeme.com\/pl\/produkty\/kombinacja-podnoszenia-i-obracania\/#primaryimage","url":"https:\/\/hense-systeme.com\/wp-content\/uploads\/0418699-_-FO-11.jpg","contentUrl":"https:\/\/hense-systeme.com\/wp-content\/uploads\/0418699-_-FO-11.jpg"},{"@type":"BreadcrumbList","@id":"https:\/\/hense-systeme.com\/pl\/produkty\/kombinacja-podnoszenia-i-obracania\/#breadcrumb","itemListElement":[{"@type":"ListItem","position":1,"name":"Startseite","item":"https:\/\/hense-systeme.com\/pl\/"},{"@type":"ListItem","position":2,"name":"Produkty","item":"https:\/\/hense-systeme.com\/pl\/produkte\/"},{"@type":"ListItem","position":3,"name":"Kombinacja podnoszenia i obracania"}]},{"@type":"WebSite","@id":"https:\/\/hense-systeme.com\/pl\/#website","url":"https:\/\/hense-systeme.com\/pl\/","name":"Hense Systemtechnik GmbH &amp; Co. KG","description":"","publisher":{"@id":"https:\/\/hense-systeme.com\/pl\/#organization"},"potentialAction":[{"@type":"SearchAction","target":{"@type":"EntryPoint","urlTemplate":"https:\/\/hense-systeme.com\/pl\/?s={search_term_string}"},"query-input":{"@type":"PropertyValueSpecification","valueRequired":true,"valueName":"search_term_string"}}],"inLanguage":"pl-PL"},{"@type":"Organization","@id":"https:\/\/hense-systeme.com\/pl\/#organization","name":"Hense Systemtechnik GmbH &amp; Co. KG","url":"https:\/\/hense-systeme.com\/pl\/","logo":{"@type":"ImageObject","inLanguage":"pl-PL","@id":"https:\/\/hense-systeme.com\/pl\/#\/schema\/logo\/image\/","url":"https:\/\/hense-systeme.com\/wp-content\/uploads\/2024\/02\/hense_logo.svg","contentUrl":"https:\/\/hense-systeme.com\/wp-content\/uploads\/2024\/02\/hense_logo.svg","width":241,"height":76,"caption":"Hense Systemtechnik GmbH &amp; Co. KG"},"image":{"@id":"https:\/\/hense-systeme.com\/pl\/#\/schema\/logo\/image\/"}}]}},"_links":{"self":[{"href":"https:\/\/hense-systeme.com\/pl\/wp-json\/wp\/v2\/pages\/5809","targetHints":{"allow":["GET"]}}],"collection":[{"href":"https:\/\/hense-systeme.com\/pl\/wp-json\/wp\/v2\/pages"}],"about":[{"href":"https:\/\/hense-systeme.com\/pl\/wp-json\/wp\/v2\/types\/page"}],"author":[{"embeddable":true,"href":"https:\/\/hense-systeme.com\/pl\/wp-json\/wp\/v2\/users\/1"}],"replies":[{"embeddable":true,"href":"https:\/\/hense-systeme.com\/pl\/wp-json\/wp\/v2\/comments?post=5809"}],"version-history":[{"count":4,"href":"https:\/\/hense-systeme.com\/pl\/wp-json\/wp\/v2\/pages\/5809\/revisions"}],"predecessor-version":[{"id":10918,"href":"https:\/\/hense-systeme.com\/pl\/wp-json\/wp\/v2\/pages\/5809\/revisions\/10918"}],"up":[{"embeddable":true,"href":"https:\/\/hense-systeme.com\/pl\/wp-json\/wp\/v2\/pages\/5575"}],"wp:attachment":[{"href":"https:\/\/hense-systeme.com\/pl\/wp-json\/wp\/v2\/media?parent=5809"}],"curies":[{"name":"wp","href":"https:\/\/api.w.org\/{rel}","templated":true}]}}