{"id":5885,"date":"2024-03-13T14:57:57","date_gmt":"2024-03-13T13:57:57","guid":{"rendered":"https:\/\/hense.pixel-tal.de\/produkty\/kombinacja-podnoszenia-i-obracania\/system-wymiany-narzedzi\/"},"modified":"2024-04-08T13:20:47","modified_gmt":"2024-04-08T11:20:47","slug":"system-wymiany-narzedzi","status":"publish","type":"page","link":"https:\/\/hense-systeme.com\/pl\/produkty\/kombinacja-podnoszenia-i-obracania\/system-wymiany-narzedzi\/","title":{"rendered":"System wymiany narz\u0119dzi"},"content":{"rendered":"<section id=\"aa3820d1\" class=\"gb-section gb-container gb-container-aa3820d1\" data-container-type=\"section\" data-theme=\"dark\">\n<section id=\"fcd75ec4\" class=\"gb-inner-section gb-container gb-container-fcd75ec4\" data-container-type=\"container\" data-theme=\"inherit\">\n\n<div class=\"wp-block-pixel-headline headlines --subheadline-top has-text-align-left\"><h1 class=\"headline\" style=\"color:var(--base-3)\"><strong>System wymiany narz\u0119dzi<\/strong><\/h1><span class=\"subheadline\" style=\"color:\">Kombinacja obrotowa HUB<\/span><\/div>\n\n<\/section>\n<\/section><section id=\"8d4d20d2\" class=\"gb-section gb-container gb-container-8d4d20d2\" data-container-type=\"section\" data-theme=\"dark\">\n<div id=\"2a91b84a\" class=\"gb-inner-section gb-container gb-container-2a91b84a\" data-container-type=\"container\" data-theme=\"inherit\">\n<div class=\"gb-grid-wrapper gb-grid-wrapper-36ddb237\">\n<div class=\"gb-grid-column gb-grid-column-4b19ce47\"><section id=\"4b19ce47\" class=\"gb-container gb-container-4b19ce47\" data-container-type=\"container\" data-theme=\"inherit\">\n\n<div class=\"wp-block-pixel-headline headlines --subheadline-top has-text-align-left\"><h2 class=\"headline\" style=\"color:\"><strong>\n  <strong>HSWW-<\/strong>\n<\/strong>System wymiany narz\u0119dzi<\/h2><span class=\"subheadline\" style=\"color:\">DO\u015aWIADCZENIE OD 1988 ROKU<\/span><\/div>\n\n\n\n<p class=\"wp-block-paragraph\">Automatyczne podawanie narz\u0119dzi z magazynu narz\u0119dzi do wrzeciona obr\u00f3bczego jest realizowane w nowoczesnych centrach obr\u00f3bczych za pomoc\u0105 zmieniacza narz\u0119dzi. Jednocze\u015bnie urz\u0105dzenie to s\u0142u\u017cy do zwrotu narz\u0119dzi do magazynu narz\u0119dzi.<\/p>\n\n\n\n<p class=\"wp-block-paragraph\">Zmniejszenie czas\u00f3w nieprodukcyjnych jest wa\u017cnym kryterium zwi\u0119kszania wydajno\u015bci centr\u00f3w obr\u00f3bczych. Szybka wymiana narz\u0119dzia, tj. kr\u00f3tki czas wymiany narz\u0119dzia, ma bezpo\u015bredni pozytywny wp\u0142yw na czas wymiany wi\u00f3r\u00f3w.<\/p>\n\n<\/section><\/div>\n\n<div class=\"gb-grid-column gb-grid-column-f2fbc061\"><section id=\"f2fbc061\" class=\"gb-container gb-container-f2fbc061\" data-container-type=\"container\" data-theme=\"inherit\">\n\n<figure class=\"gb-block-image gb-block-image-5ef330eb\"><img loading=\"lazy\" decoding=\"async\" width=\"730\" height=\"395\" class=\"gb-image gb-image-5ef330eb\" src=\"https:\/\/hense-systeme.com\/wp-content\/uploads\/hsww_werkzeugwechsel-system_01.jpg\" alt=\"\" title=\"hsww_tool-change-system_01\" srcset=\"https:\/\/hense-systeme.com\/wp-content\/uploads\/hsww_werkzeugwechsel-system_01.jpg 730w, https:\/\/hense-systeme.com\/wp-content\/uploads\/hsww_werkzeugwechsel-system_01-300x162.jpg 300w, https:\/\/hense-systeme.com\/wp-content\/uploads\/hsww_werkzeugwechsel-system_01-1x1.jpg 1w\" sizes=\"auto, (max-width: 730px) 100vw, 730px\" \/><\/figure>\n\n<\/section><\/div>\n<\/div>\n<\/div>\n<\/section><section id=\"7d5d452d\" class=\"gb-section gb-container gb-container-7d5d452d\" data-container-type=\"section\" data-theme=\"dark\" style=\"--section-padding-top:0;--section-padding-bottom:0;\">\n<div id=\"b6a85379\" class=\"gb-inner-section gb-container gb-container-b6a85379\" data-container-type=\"container\" data-theme=\"inherit\">\n<div class=\"gb-grid-wrapper gb-grid-wrapper-f2171cde\">\n<div class=\"gb-grid-column gb-grid-column-96a40c7d\"><section id=\"96a40c7d\" class=\"gb-container gb-container-96a40c7d\" data-container-type=\"container\" data-theme=\"inherit\">\n\n<figure class=\"gb-block-image gb-block-image-ea95850b\"><img loading=\"lazy\" decoding=\"async\" width=\"730\" height=\"997\" class=\"gb-image gb-image-ea95850b\" src=\"https:\/\/hense-systeme.com\/wp-content\/uploads\/hsww_fo_02.jpg\" alt=\"\" title=\"hsww_fo_02\" srcset=\"https:\/\/hense-systeme.com\/wp-content\/uploads\/hsww_fo_02.jpg 730w, https:\/\/hense-systeme.com\/wp-content\/uploads\/hsww_fo_02-220x300.jpg 220w, https:\/\/hense-systeme.com\/wp-content\/uploads\/hsww_fo_02-1x1.jpg 1w\" sizes=\"auto, (max-width: 730px) 100vw, 730px\" \/><\/figure>\n\n<\/section><\/div>\n\n<div class=\"gb-grid-column gb-grid-column-dc300982\"><section id=\"dc300982\" class=\"gb-container gb-container-dc300982\" data-container-type=\"container\" data-theme=\"inherit\">\n\n<div class=\"wp-block-pixel-headline headlines --subheadline-top has-text-align-left\"><h2 class=\"headline\" style=\"color:\">Przegl\u0105d produkcji<\/h2><\/div>\n\n\n\n<p class=\"wp-block-paragraph\">Dzi\u0119ki dw\u00f3m niezale\u017cnie sterowanym osiom ruchu, zmieniacze narz\u0119dzi Hense Systeme stanowi\u0105 podstaw\u0119 dla producenta obrabiarek do optymalizacji czasu wymiany narz\u0119dzi. Jednocze\u015bnie bezpieczna obs\u0142uga nawet du\u017cych i ci\u0119\u017ckich narz\u0119dzi jest gwarantowana dzi\u0119ki zastosowaniu zmieniarki narz\u0119dzi Hense Systeme. Adaptowalne systemy chwytak\u00f3w, np. podw\u00f3jny chwytak z aktywnie prze\u0142\u0105czan\u0105 funkcj\u0105 otwierania dla obu chwytak\u00f3w, s\u0105 dostosowywane do indywidualnych potrzeb.<\/p>\n\n\n\n<p class=\"wp-block-paragraph\">Swobodna konstrukcja osi liniowej i obrotowej umo\u017cliwia szybkie, zmienne skoki i k\u0105ty obrotu do 270\u00b0.<\/p>\n\n\n\n<p class=\"wp-block-paragraph\">Oferujemy niestandardowe rozwi\u0105zania dla szerokiego zakresu zastosowa\u0144. Nasz wykwalifikowany zesp\u00f3\u0142 z przyjemno\u015bci\u0105 doradzi w zakresie projektowania i realizacji.<\/p>\n\n<\/section><\/div>\n<\/div>\n<\/div>\n<\/section><section id=\"c33659b1\" class=\"gb-section gb-container gb-container-c33659b1\" data-container-type=\"section\" data-theme=\"dark\">\n<section id=\"40231590\" class=\"gb-inner-section gb-container gb-container-40231590\" data-container-type=\"container\" data-theme=\"inherit\">\n<div class=\"gb-grid-wrapper gb-grid-wrapper-b5d201f1\">\n<div class=\"gb-grid-column gb-grid-column-00d70859\"><div id=\"00d70859\" class=\"gb-container gb-container-00d70859\" data-container-type=\"container\" data-theme=\"inherit\" data-aos=\"fade-up\">\n\n<div class=\"wp-block-pixel-headline headlines --subheadline-top has-text-align-left\"><h2 class=\"headline\" style=\"color:\"><strong>Porady indywidualne<\/strong><br>Jeste\u015bmy do Pa\u0144stwa dyspozycji<\/h2><span class=\"subheadline\" style=\"color:\">Czy masz jeszcze jakie\u015b pytania?<\/span><\/div>\n\n<\/div><\/div>\n\n<div class=\"gb-grid-column gb-grid-column-64e43af8\"><div id=\"64e43af8\" class=\"gb-container gb-container-64e43af8\" data-container-type=\"container\" data-theme=\"inherit\" data-aos=\"fade-right\">\n<div class=\"contact-area\" style=\"--contacts-count:1;\"><div id=\"contact\" class=\"contact-area-form\">\n<div class=\"wpcf7 no-js\" id=\"wpcf7-f6332-o1\" lang=\"pl-PL\" dir=\"ltr\" data-wpcf7-id=\"6332\">\n<div class=\"screen-reader-response\"><p role=\"status\" aria-live=\"polite\" aria-atomic=\"true\"><\/p> <ul><\/ul><\/div>\n<form action=\"\/pl\/wp-json\/wp\/v2\/pages\/5885#wpcf7-f6332-o1\" method=\"post\" class=\"wpcf7-form init\" aria-label=\"Formularz kontaktowy\" novalidate=\"novalidate\" data-status=\"init\">\n<fieldset class=\"hidden-fields-container\"><input type=\"hidden\" name=\"_wpcf7\" value=\"6332\" \/><input type=\"hidden\" name=\"_wpcf7_version\" value=\"6.1.5\" \/><input type=\"hidden\" name=\"_wpcf7_locale\" value=\"pl_PL\" \/><input type=\"hidden\" name=\"_wpcf7_unit_tag\" value=\"wpcf7-f6332-o1\" \/><input type=\"hidden\" name=\"_wpcf7_container_post\" value=\"0\" \/><input type=\"hidden\" name=\"_wpcf7_posted_data_hash\" value=\"\" \/><input type=\"hidden\" name=\"_wpcf7_recaptcha_response\" value=\"\" \/>\n<\/fieldset>\n<div class=\"form-fields\">\n    <div class=\"form-field\"><label>Imi\u0119 i nazwisko*<\/label><span class=\"wpcf7-form-control-wrap\" data-name=\"name\"><input size=\"40\" maxlength=\"400\" class=\"wpcf7-form-control wpcf7-text wpcf7-validates-as-required\" aria-required=\"true\" aria-invalid=\"false\" value=\"\" type=\"text\" name=\"name\" \/><\/span><\/div>\n    <div class=\"form-field\"><label>Firma<\/label><span class=\"wpcf7-form-control-wrap\" data-name=\"company\"><input size=\"40\" maxlength=\"400\" class=\"wpcf7-form-control wpcf7-text\" aria-invalid=\"false\" value=\"\" type=\"text\" name=\"company\" \/><\/span><\/div>\n    <div class=\"form-field\"><label>Pozycja<\/label><span class=\"wpcf7-form-control-wrap\" data-name=\"pos\"><input size=\"40\" maxlength=\"400\" class=\"wpcf7-form-control wpcf7-text\" aria-invalid=\"false\" value=\"\" type=\"text\" name=\"pos\" \/><\/span><\/div>\n    <div class=\"form-field\"><label>E-mail*<\/label><span class=\"wpcf7-form-control-wrap\" data-name=\"mail\"><input size=\"40\" maxlength=\"400\" class=\"wpcf7-form-control wpcf7-email wpcf7-validates-as-required wpcf7-text wpcf7-validates-as-email\" aria-required=\"true\" aria-invalid=\"false\" value=\"\" type=\"email\" name=\"mail\" \/><\/span><\/div>\n    <div class=\"form-field\"><label>Telefon<\/label><span class=\"wpcf7-form-control-wrap\" data-name=\"phone\"><input size=\"40\" maxlength=\"400\" class=\"wpcf7-form-control wpcf7-text\" aria-invalid=\"false\" value=\"\" type=\"text\" name=\"phone\" \/><\/span><\/div>\n    <div class=\"form-field textarea\"><label>Twoja wiadomo\u015b\u0107<\/label><span class=\"wpcf7-form-control-wrap\" data-name=\"message\"><textarea cols=\"40\" rows=\"10\" maxlength=\"2000\" class=\"wpcf7-form-control wpcf7-textarea\" aria-invalid=\"false\" name=\"message\"><\/textarea><\/span><\/div>\n<\/div>\n\n<span class=\"required\">* Pola obowi\u0105zkowe<\/span>\n<div class=\"form-fields form-footer\">\n<div class=\"form-privacy\"><span class=\"wpcf7-form-control-wrap\" data-name=\"ds\"><span class=\"wpcf7-form-control wpcf7-acceptance\"><span class=\"wpcf7-list-item\"><input type=\"checkbox\" name=\"ds\" value=\"1\" aria-invalid=\"false\" \/><\/span><\/span><\/span><span class=\"privacy-policy-note\">Akceptuj\u0119 <a href=\"\/rechtliches\/datenschutz\/\" target=\"_blank\">polityk\u0119 prywatno\u015bci<\/a>. Ten formularz jest chroniony przez Google reCaptcha.<\/span><\/div>\n\n<\/div>\n<div class=\"form-submit\"><button id=\"submit\" class=\"wpcf7-form-control wpcf7-submit\">Wysy\u0142anie<\/button><\/div><div class=\"wpcf7-response-output\" aria-hidden=\"true\"><\/div>\n<\/form>\n<\/div>\n<\/div><div id=\"\" class=\"grid grid-contacts contact-area-contacts\" style=\"--grid-columns:3;--grid-gap:2.5;\"><div class=\"grid-inner\"><div class=\"grid-item\"><div class=\"card card-contact card-contact-6257\" >\r\n\t\t\t\t<div class=\"card-media\"><img loading=\"lazy\" decoding=\"async\" width=\"730\" height=\"570\" src=\"https:\/\/hense-systeme.com\/wp-content\/uploads\/kontakt_winzen.jpg\" class=\"attachment-contact size-contact\" alt=\"\" srcset=\"https:\/\/hense-systeme.com\/wp-content\/uploads\/kontakt_winzen.jpg 730w, https:\/\/hense-systeme.com\/wp-content\/uploads\/kontakt_winzen-300x234.jpg 300w, https:\/\/hense-systeme.com\/wp-content\/uploads\/kontakt_winzen-1x1.jpg 1w\" sizes=\"auto, (max-width: 730px) 100vw, 730px\" \/><\/div>\t\t\t\t\r\n\t\t\t\t<div class=\"card-content\">\r\n\t\t\t\t\t<div class=\"card-inner\">\r\n\t\t\t\t\t\t<div class=\"card-headlines headlines --subheadline-bottom\"><span class=\"card-headline headline --h3\">Dipl.-Ing. (FH) Rolf Winzen<\/span><span class=\"card-subheadline subheadline\">Kierownik dzia\u0142u bada\u0144 i rozwoju<\/span><\/div>\t\t\t\t\t<\/div>\r\n\r\n\t\t\t\t\t<div class=\"card-action team-information\"><span class=\"card-line card-line-contact\"><div class=\"card-action\"><span class=\"card-line card-line-phone\"><span>Tel: <\/span><a href=\"tel:0234-95388-31\" target=\"_blank\" rel=\"nofollow\">0234 &#8211; 95388 &#8211; 31<\/a><\/span><span class=\"card-line card-line-email\"><a href=\"mailto:rolf.winzen@hense-systeme.de\" target=\"_blank\" rel=\"nofollow\">rolf.winzen@hense-systeme.de<\/a><\/span><\/div><\/span><\/div>\t\t\t\t<\/div>\r\n\t\t\t<\/div><\/div><\/div><div class=\"swiper-pagination\"><\/div><\/div><\/div>\n<\/div><\/div>\n<\/div>\n<\/section>\n<\/section>","protected":false},"excerpt":{"rendered":"","protected":false},"author":1,"featured_media":0,"parent":5809,"menu_order":1,"comment_status":"closed","ping_status":"closed","template":"","meta":{"_acf_changed":false,"_crdt_document":"","footnotes":""},"class_list":{"0":"post-5885","1":"page","2":"type-page","3":"status-publish","5":"no-featured-image-padding"},"acf":[],"yoast_head":"<!-- This site is optimized with the Yoast SEO plugin v27.3 - https:\/\/yoast.com\/product\/yoast-seo-wordpress\/ -->\n<title>Zmieniarka narz\u0119dzi Hense - wydajne procesy produkcyjne<\/title>\n<meta name=\"description\" content=\"Zoptymalizuj swoj\u0105 produkcj\u0119 dzi\u0119ki zmieniarce narz\u0119dzi Hense \u2705 Dopasowane systemy do szybkiej wymiany i bezpiecznej obs\u0142ugi \u2794 Porady w zestawie\" \/>\n<meta name=\"robots\" content=\"index, follow, max-snippet:-1, max-image-preview:large, max-video-preview:-1\" \/>\n<link rel=\"canonical\" href=\"https:\/\/hense-systeme.com\/pl\/produkty\/kombinacja-podnoszenia-i-obracania\/system-wymiany-narzedzi\/\" \/>\n<meta property=\"og:locale\" content=\"pl_PL\" \/>\n<meta property=\"og:type\" content=\"article\" \/>\n<meta property=\"og:title\" content=\"Zmieniarka narz\u0119dzi Hense - wydajne procesy produkcyjne\" \/>\n<meta property=\"og:description\" content=\"Zoptymalizuj swoj\u0105 produkcj\u0119 dzi\u0119ki zmieniarce narz\u0119dzi Hense \u2705 Dopasowane systemy do szybkiej wymiany i bezpiecznej obs\u0142ugi \u2794 Porady w zestawie\" \/>\n<meta property=\"og:url\" content=\"https:\/\/hense-systeme.com\/pl\/produkty\/kombinacja-podnoszenia-i-obracania\/system-wymiany-narzedzi\/\" \/>\n<meta property=\"og:site_name\" content=\"Hense Systemtechnik GmbH &amp; Co. KG\" \/>\n<meta property=\"article:modified_time\" content=\"2024-04-08T11:20:47+00:00\" \/>\n<meta property=\"og:image\" content=\"https:\/\/hense-systeme.com\/wp-content\/uploads\/hsww_werkzeugwechsel-system_01.jpg\" \/>\n<meta name=\"twitter:card\" content=\"summary_large_image\" \/>\n<meta name=\"twitter:label1\" content=\"Szacowany czas czytania\" \/>\n\t<meta name=\"twitter:data1\" content=\"1 minuta\" \/>\n<script type=\"application\/ld+json\" class=\"yoast-schema-graph\">{\"@context\":\"https:\\\/\\\/schema.org\",\"@graph\":[{\"@type\":\"WebPage\",\"@id\":\"https:\\\/\\\/hense-systeme.com\\\/pl\\\/produkty\\\/kombinacja-podnoszenia-i-obracania\\\/system-wymiany-narzedzi\\\/\",\"url\":\"https:\\\/\\\/hense-systeme.com\\\/pl\\\/produkty\\\/kombinacja-podnoszenia-i-obracania\\\/system-wymiany-narzedzi\\\/\",\"name\":\"Zmieniarka narz\u0119dzi Hense - wydajne procesy produkcyjne\",\"isPartOf\":{\"@id\":\"https:\\\/\\\/hense-systeme.com\\\/pl\\\/#website\"},\"primaryImageOfPage\":{\"@id\":\"https:\\\/\\\/hense-systeme.com\\\/pl\\\/produkty\\\/kombinacja-podnoszenia-i-obracania\\\/system-wymiany-narzedzi\\\/#primaryimage\"},\"image\":{\"@id\":\"https:\\\/\\\/hense-systeme.com\\\/pl\\\/produkty\\\/kombinacja-podnoszenia-i-obracania\\\/system-wymiany-narzedzi\\\/#primaryimage\"},\"thumbnailUrl\":\"https:\\\/\\\/hense-systeme.com\\\/wp-content\\\/uploads\\\/hsww_werkzeugwechsel-system_01.jpg\",\"datePublished\":\"2024-03-13T13:57:57+00:00\",\"dateModified\":\"2024-04-08T11:20:47+00:00\",\"description\":\"Zoptymalizuj swoj\u0105 produkcj\u0119 dzi\u0119ki zmieniarce narz\u0119dzi Hense \u2705 Dopasowane systemy do szybkiej wymiany i bezpiecznej obs\u0142ugi \u2794 Porady w zestawie\",\"breadcrumb\":{\"@id\":\"https:\\\/\\\/hense-systeme.com\\\/pl\\\/produkty\\\/kombinacja-podnoszenia-i-obracania\\\/system-wymiany-narzedzi\\\/#breadcrumb\"},\"inLanguage\":\"pl-PL\",\"potentialAction\":[{\"@type\":\"ReadAction\",\"target\":[\"https:\\\/\\\/hense-systeme.com\\\/pl\\\/produkty\\\/kombinacja-podnoszenia-i-obracania\\\/system-wymiany-narzedzi\\\/\"]}]},{\"@type\":\"ImageObject\",\"inLanguage\":\"pl-PL\",\"@id\":\"https:\\\/\\\/hense-systeme.com\\\/pl\\\/produkty\\\/kombinacja-podnoszenia-i-obracania\\\/system-wymiany-narzedzi\\\/#primaryimage\",\"url\":\"https:\\\/\\\/hense-systeme.com\\\/wp-content\\\/uploads\\\/hsww_werkzeugwechsel-system_01.jpg\",\"contentUrl\":\"https:\\\/\\\/hense-systeme.com\\\/wp-content\\\/uploads\\\/hsww_werkzeugwechsel-system_01.jpg\"},{\"@type\":\"BreadcrumbList\",\"@id\":\"https:\\\/\\\/hense-systeme.com\\\/pl\\\/produkty\\\/kombinacja-podnoszenia-i-obracania\\\/system-wymiany-narzedzi\\\/#breadcrumb\",\"itemListElement\":[{\"@type\":\"ListItem\",\"position\":1,\"name\":\"Startseite\",\"item\":\"https:\\\/\\\/hense-systeme.com\\\/pl\\\/\"},{\"@type\":\"ListItem\",\"position\":2,\"name\":\"Produkty\",\"item\":\"https:\\\/\\\/hense-systeme.com\\\/pl\\\/produkte\\\/\"},{\"@type\":\"ListItem\",\"position\":3,\"name\":\"Kombinacja podnoszenia i obracania\",\"item\":\"https:\\\/\\\/hense-systeme.com\\\/pl\\\/produkty\\\/kombinacja-podnoszenia-i-obracania\\\/\"},{\"@type\":\"ListItem\",\"position\":4,\"name\":\"System wymiany narz\u0119dzi\"}]},{\"@type\":\"WebSite\",\"@id\":\"https:\\\/\\\/hense-systeme.com\\\/pl\\\/#website\",\"url\":\"https:\\\/\\\/hense-systeme.com\\\/pl\\\/\",\"name\":\"Hense Systemtechnik GmbH &amp; Co. KG\",\"description\":\"\",\"publisher\":{\"@id\":\"https:\\\/\\\/hense-systeme.com\\\/pl\\\/#organization\"},\"potentialAction\":[{\"@type\":\"SearchAction\",\"target\":{\"@type\":\"EntryPoint\",\"urlTemplate\":\"https:\\\/\\\/hense-systeme.com\\\/pl\\\/?s={search_term_string}\"},\"query-input\":{\"@type\":\"PropertyValueSpecification\",\"valueRequired\":true,\"valueName\":\"search_term_string\"}}],\"inLanguage\":\"pl-PL\"},{\"@type\":\"Organization\",\"@id\":\"https:\\\/\\\/hense-systeme.com\\\/pl\\\/#organization\",\"name\":\"Hense Systemtechnik GmbH &amp; Co. KG\",\"url\":\"https:\\\/\\\/hense-systeme.com\\\/pl\\\/\",\"logo\":{\"@type\":\"ImageObject\",\"inLanguage\":\"pl-PL\",\"@id\":\"https:\\\/\\\/hense-systeme.com\\\/pl\\\/#\\\/schema\\\/logo\\\/image\\\/\",\"url\":\"https:\\\/\\\/hense-systeme.com\\\/wp-content\\\/uploads\\\/2024\\\/02\\\/hense_logo.svg\",\"contentUrl\":\"https:\\\/\\\/hense-systeme.com\\\/wp-content\\\/uploads\\\/2024\\\/02\\\/hense_logo.svg\",\"width\":241,\"height\":76,\"caption\":\"Hense Systemtechnik GmbH &amp; Co. KG\"},\"image\":{\"@id\":\"https:\\\/\\\/hense-systeme.com\\\/pl\\\/#\\\/schema\\\/logo\\\/image\\\/\"}}]}<\/script>\n<!-- \/ Yoast SEO plugin. -->","yoast_head_json":{"title":"Zmieniarka narz\u0119dzi Hense - wydajne procesy produkcyjne","description":"Zoptymalizuj swoj\u0105 produkcj\u0119 dzi\u0119ki zmieniarce narz\u0119dzi Hense \u2705 Dopasowane systemy do szybkiej wymiany i bezpiecznej obs\u0142ugi \u2794 Porady w zestawie","robots":{"index":"index","follow":"follow","max-snippet":"max-snippet:-1","max-image-preview":"max-image-preview:large","max-video-preview":"max-video-preview:-1"},"canonical":"https:\/\/hense-systeme.com\/pl\/produkty\/kombinacja-podnoszenia-i-obracania\/system-wymiany-narzedzi\/","og_locale":"pl_PL","og_type":"article","og_title":"Zmieniarka narz\u0119dzi Hense - wydajne procesy produkcyjne","og_description":"Zoptymalizuj swoj\u0105 produkcj\u0119 dzi\u0119ki zmieniarce narz\u0119dzi Hense \u2705 Dopasowane systemy do szybkiej wymiany i bezpiecznej obs\u0142ugi \u2794 Porady w zestawie","og_url":"https:\/\/hense-systeme.com\/pl\/produkty\/kombinacja-podnoszenia-i-obracania\/system-wymiany-narzedzi\/","og_site_name":"Hense Systemtechnik GmbH &amp; Co. KG","article_modified_time":"2024-04-08T11:20:47+00:00","og_image":[{"url":"https:\/\/hense-systeme.com\/wp-content\/uploads\/hsww_werkzeugwechsel-system_01.jpg","type":"","width":"","height":""}],"twitter_card":"summary_large_image","twitter_misc":{"Szacowany czas czytania":"1 minuta"},"schema":{"@context":"https:\/\/schema.org","@graph":[{"@type":"WebPage","@id":"https:\/\/hense-systeme.com\/pl\/produkty\/kombinacja-podnoszenia-i-obracania\/system-wymiany-narzedzi\/","url":"https:\/\/hense-systeme.com\/pl\/produkty\/kombinacja-podnoszenia-i-obracania\/system-wymiany-narzedzi\/","name":"Zmieniarka narz\u0119dzi Hense - wydajne procesy produkcyjne","isPartOf":{"@id":"https:\/\/hense-systeme.com\/pl\/#website"},"primaryImageOfPage":{"@id":"https:\/\/hense-systeme.com\/pl\/produkty\/kombinacja-podnoszenia-i-obracania\/system-wymiany-narzedzi\/#primaryimage"},"image":{"@id":"https:\/\/hense-systeme.com\/pl\/produkty\/kombinacja-podnoszenia-i-obracania\/system-wymiany-narzedzi\/#primaryimage"},"thumbnailUrl":"https:\/\/hense-systeme.com\/wp-content\/uploads\/hsww_werkzeugwechsel-system_01.jpg","datePublished":"2024-03-13T13:57:57+00:00","dateModified":"2024-04-08T11:20:47+00:00","description":"Zoptymalizuj swoj\u0105 produkcj\u0119 dzi\u0119ki zmieniarce narz\u0119dzi Hense \u2705 Dopasowane systemy do szybkiej wymiany i bezpiecznej obs\u0142ugi \u2794 Porady w zestawie","breadcrumb":{"@id":"https:\/\/hense-systeme.com\/pl\/produkty\/kombinacja-podnoszenia-i-obracania\/system-wymiany-narzedzi\/#breadcrumb"},"inLanguage":"pl-PL","potentialAction":[{"@type":"ReadAction","target":["https:\/\/hense-systeme.com\/pl\/produkty\/kombinacja-podnoszenia-i-obracania\/system-wymiany-narzedzi\/"]}]},{"@type":"ImageObject","inLanguage":"pl-PL","@id":"https:\/\/hense-systeme.com\/pl\/produkty\/kombinacja-podnoszenia-i-obracania\/system-wymiany-narzedzi\/#primaryimage","url":"https:\/\/hense-systeme.com\/wp-content\/uploads\/hsww_werkzeugwechsel-system_01.jpg","contentUrl":"https:\/\/hense-systeme.com\/wp-content\/uploads\/hsww_werkzeugwechsel-system_01.jpg"},{"@type":"BreadcrumbList","@id":"https:\/\/hense-systeme.com\/pl\/produkty\/kombinacja-podnoszenia-i-obracania\/system-wymiany-narzedzi\/#breadcrumb","itemListElement":[{"@type":"ListItem","position":1,"name":"Startseite","item":"https:\/\/hense-systeme.com\/pl\/"},{"@type":"ListItem","position":2,"name":"Produkty","item":"https:\/\/hense-systeme.com\/pl\/produkte\/"},{"@type":"ListItem","position":3,"name":"Kombinacja podnoszenia i obracania","item":"https:\/\/hense-systeme.com\/pl\/produkty\/kombinacja-podnoszenia-i-obracania\/"},{"@type":"ListItem","position":4,"name":"System wymiany narz\u0119dzi"}]},{"@type":"WebSite","@id":"https:\/\/hense-systeme.com\/pl\/#website","url":"https:\/\/hense-systeme.com\/pl\/","name":"Hense Systemtechnik GmbH &amp; Co. KG","description":"","publisher":{"@id":"https:\/\/hense-systeme.com\/pl\/#organization"},"potentialAction":[{"@type":"SearchAction","target":{"@type":"EntryPoint","urlTemplate":"https:\/\/hense-systeme.com\/pl\/?s={search_term_string}"},"query-input":{"@type":"PropertyValueSpecification","valueRequired":true,"valueName":"search_term_string"}}],"inLanguage":"pl-PL"},{"@type":"Organization","@id":"https:\/\/hense-systeme.com\/pl\/#organization","name":"Hense Systemtechnik GmbH &amp; Co. KG","url":"https:\/\/hense-systeme.com\/pl\/","logo":{"@type":"ImageObject","inLanguage":"pl-PL","@id":"https:\/\/hense-systeme.com\/pl\/#\/schema\/logo\/image\/","url":"https:\/\/hense-systeme.com\/wp-content\/uploads\/2024\/02\/hense_logo.svg","contentUrl":"https:\/\/hense-systeme.com\/wp-content\/uploads\/2024\/02\/hense_logo.svg","width":241,"height":76,"caption":"Hense Systemtechnik GmbH &amp; Co. KG"},"image":{"@id":"https:\/\/hense-systeme.com\/pl\/#\/schema\/logo\/image\/"}}]}},"_links":{"self":[{"href":"https:\/\/hense-systeme.com\/pl\/wp-json\/wp\/v2\/pages\/5885","targetHints":{"allow":["GET"]}}],"collection":[{"href":"https:\/\/hense-systeme.com\/pl\/wp-json\/wp\/v2\/pages"}],"about":[{"href":"https:\/\/hense-systeme.com\/pl\/wp-json\/wp\/v2\/types\/page"}],"author":[{"embeddable":true,"href":"https:\/\/hense-systeme.com\/pl\/wp-json\/wp\/v2\/users\/1"}],"replies":[{"embeddable":true,"href":"https:\/\/hense-systeme.com\/pl\/wp-json\/wp\/v2\/comments?post=5885"}],"version-history":[{"count":2,"href":"https:\/\/hense-systeme.com\/pl\/wp-json\/wp\/v2\/pages\/5885\/revisions"}],"predecessor-version":[{"id":8377,"href":"https:\/\/hense-systeme.com\/pl\/wp-json\/wp\/v2\/pages\/5885\/revisions\/8377"}],"up":[{"embeddable":true,"href":"https:\/\/hense-systeme.com\/pl\/wp-json\/wp\/v2\/pages\/5809"}],"wp:attachment":[{"href":"https:\/\/hense-systeme.com\/pl\/wp-json\/wp\/v2\/media?parent=5885"}],"curies":[{"name":"wp","href":"https:\/\/api.w.org\/{rel}","templated":true}]}}