{"id":6576,"date":"2024-02-13T14:02:55","date_gmt":"2024-02-13T13:02:55","guid":{"rendered":"https:\/\/hense.pixel-tal.de\/produkt\/seria-l-30\/"},"modified":"2024-04-08T15:17:01","modified_gmt":"2024-04-08T13:17:01","slug":"seria-l-30","status":"publish","type":"product","link":"https:\/\/hense-systeme.com\/pl\/produkt\/seria-l-30\/","title":{"rendered":"Seria L-30"},"content":{"rendered":"<p>Seria L-30 sk\u0142ada si\u0119 z naszego nap\u0119du hydraulicznego z przek\u0142adni\u0105 \u015brubow\u0105 do ci\u0119\u017ckich zastosowa\u0144; jest szczeg\u00f3lnie odpowiednia do trudnych warunk\u00f3w. Seria L-30 zosta\u0142a zaprojektowana do zastosowa\u0144 wymagaj\u0105cych wyj\u0105tkowo du\u017cej no\u015bno\u015bci i jest dost\u0119pna z opcj\u0105 monta\u017cu na stopie lub ko\u0142nierzu z nap\u0119dem ko\u0142nierzowym. Technologia \u015blizgowego wielowypustu Helac z przek\u0142adni\u0105 \u015brubow\u0105 nie jest samoblokuj\u0105ca i oferuje zar\u00f3wno wysok\u0105 odporno\u015b\u0107 na uderzenia, jak i wysoki moment obrotowy dla wymagaj\u0105cych zastosowa\u0144.<\/p>\n<p>Dzia\u0142a zar\u00f3wno jako urz\u0105dzenie obrotowe, jak i jako wspornik monta\u017cowy i konstrukcja wsporcza, dzi\u0119ki czemu nie s\u0105 wymagane \u017cadne zewn\u0119trzne systemy \u0142o\u017cysk, hamulce ani urz\u0105dzenia blokuj\u0105ce. Dost\u0119pne w dziesi\u0119ciu standardowych rozmiarach z wyj\u015bciowym momentem obrotowym do 83 600 Nm przy 210 barach.<\/p>","protected":false},"excerpt":{"rendered":"<p>Seria L-30 jest idealna do ci\u0119\u017ckich zastosowa\u0144, szczeg\u00f3lnie w trudnych warunkach. Dost\u0119pne w dziesi\u0119ciu standardowych rozmiarach z wyj\u015bciowym momentem obrotowym do 83 600 Nm przy 210 barach.<\/p>\n","protected":false},"featured_media":7224,"parent":0,"template":"","product_applications":[],"product_category":[69],"class_list":["post-6576","product","type-product","status-publish","has-post-thumbnail","hentry","product_category-silowniki-niepelnoobrotowe-helac","no-featured-image-padding"],"acf":[],"yoast_head":"<!-- This site is optimized with the Yoast SEO plugin v27.3 - https:\/\/yoast.com\/product\/yoast-seo-wordpress\/ -->\n<title>Seria L-30 - Hense Systemtechnik GmbH &amp; Co. KG<\/title>\n<meta name=\"robots\" content=\"index, follow, max-snippet:-1, max-image-preview:large, max-video-preview:-1\" \/>\n<link rel=\"canonical\" href=\"https:\/\/hense-systeme.com\/pl\/produkt\/seria-l-30\/\" \/>\n<meta property=\"og:locale\" content=\"pl_PL\" \/>\n<meta property=\"og:type\" content=\"article\" \/>\n<meta property=\"og:title\" content=\"Seria L-30 - Hense Systemtechnik GmbH &amp; Co. KG\" \/>\n<meta property=\"og:description\" content=\"Seria L-30 jest idealna do ci\u0119\u017ckich zastosowa\u0144, szczeg\u00f3lnie w trudnych warunkach. Dost\u0119pne w dziesi\u0119ciu standardowych rozmiarach z wyj\u015bciowym momentem obrotowym do 83 600 Nm przy 210 barach.\" \/>\n<meta property=\"og:url\" content=\"https:\/\/hense-systeme.com\/pl\/produkt\/seria-l-30\/\" \/>\n<meta property=\"og:site_name\" content=\"Hense Systemtechnik GmbH &amp; Co. KG\" \/>\n<meta property=\"article:modified_time\" content=\"2024-04-08T13:17:01+00:00\" \/>\n<meta property=\"og:image\" content=\"https:\/\/hense-systeme.com\/wp-content\/uploads\/produkt_helac_l30_serie.png\" \/>\n\t<meta property=\"og:image:width\" content=\"467\" \/>\n\t<meta property=\"og:image:height\" content=\"382\" \/>\n\t<meta property=\"og:image:type\" content=\"image\/png\" \/>\n<meta name=\"twitter:card\" content=\"summary_large_image\" \/>\n<meta name=\"twitter:label1\" content=\"Szacowany czas czytania\" \/>\n\t<meta name=\"twitter:data1\" content=\"1 minuta\" \/>\n<script type=\"application\/ld+json\" class=\"yoast-schema-graph\">{\"@context\":\"https:\\\/\\\/schema.org\",\"@graph\":[{\"@type\":\"WebPage\",\"@id\":\"https:\\\/\\\/hense-systeme.com\\\/pl\\\/produkt\\\/seria-l-30\\\/\",\"url\":\"https:\\\/\\\/hense-systeme.com\\\/pl\\\/produkt\\\/seria-l-30\\\/\",\"name\":\"Seria L-30 - Hense Systemtechnik GmbH &amp; Co. KG\",\"isPartOf\":{\"@id\":\"https:\\\/\\\/hense-systeme.com\\\/pl\\\/#website\"},\"primaryImageOfPage\":{\"@id\":\"https:\\\/\\\/hense-systeme.com\\\/pl\\\/produkt\\\/seria-l-30\\\/#primaryimage\"},\"image\":{\"@id\":\"https:\\\/\\\/hense-systeme.com\\\/pl\\\/produkt\\\/seria-l-30\\\/#primaryimage\"},\"thumbnailUrl\":\"https:\\\/\\\/hense-systeme.com\\\/wp-content\\\/uploads\\\/produkt_helac_l30_serie.png\",\"datePublished\":\"2024-02-13T13:02:55+00:00\",\"dateModified\":\"2024-04-08T13:17:01+00:00\",\"breadcrumb\":{\"@id\":\"https:\\\/\\\/hense-systeme.com\\\/pl\\\/produkt\\\/seria-l-30\\\/#breadcrumb\"},\"inLanguage\":\"pl-PL\",\"potentialAction\":[{\"@type\":\"ReadAction\",\"target\":[\"https:\\\/\\\/hense-systeme.com\\\/pl\\\/produkt\\\/seria-l-30\\\/\"]}]},{\"@type\":\"ImageObject\",\"inLanguage\":\"pl-PL\",\"@id\":\"https:\\\/\\\/hense-systeme.com\\\/pl\\\/produkt\\\/seria-l-30\\\/#primaryimage\",\"url\":\"https:\\\/\\\/hense-systeme.com\\\/wp-content\\\/uploads\\\/produkt_helac_l30_serie.png\",\"contentUrl\":\"https:\\\/\\\/hense-systeme.com\\\/wp-content\\\/uploads\\\/produkt_helac_l30_serie.png\",\"width\":467,\"height\":382},{\"@type\":\"BreadcrumbList\",\"@id\":\"https:\\\/\\\/hense-systeme.com\\\/pl\\\/produkt\\\/seria-l-30\\\/#breadcrumb\",\"itemListElement\":[{\"@type\":\"ListItem\",\"position\":1,\"name\":\"Startseite\",\"item\":\"https:\\\/\\\/hense-systeme.com\\\/pl\\\/\"},{\"@type\":\"ListItem\",\"position\":2,\"name\":\"Produkte\",\"item\":\"https:\\\/\\\/hense-systeme.com\\\/pl\\\/produkt\\\/\"},{\"@type\":\"ListItem\",\"position\":3,\"name\":\"Seria L-30\"}]},{\"@type\":\"WebSite\",\"@id\":\"https:\\\/\\\/hense-systeme.com\\\/pl\\\/#website\",\"url\":\"https:\\\/\\\/hense-systeme.com\\\/pl\\\/\",\"name\":\"Hense Systemtechnik GmbH &amp; Co. KG\",\"description\":\"\",\"publisher\":{\"@id\":\"https:\\\/\\\/hense-systeme.com\\\/pl\\\/#organization\"},\"potentialAction\":[{\"@type\":\"SearchAction\",\"target\":{\"@type\":\"EntryPoint\",\"urlTemplate\":\"https:\\\/\\\/hense-systeme.com\\\/pl\\\/?s={search_term_string}\"},\"query-input\":{\"@type\":\"PropertyValueSpecification\",\"valueRequired\":true,\"valueName\":\"search_term_string\"}}],\"inLanguage\":\"pl-PL\"},{\"@type\":\"Organization\",\"@id\":\"https:\\\/\\\/hense-systeme.com\\\/pl\\\/#organization\",\"name\":\"Hense Systemtechnik GmbH &amp; Co. KG\",\"url\":\"https:\\\/\\\/hense-systeme.com\\\/pl\\\/\",\"logo\":{\"@type\":\"ImageObject\",\"inLanguage\":\"pl-PL\",\"@id\":\"https:\\\/\\\/hense-systeme.com\\\/pl\\\/#\\\/schema\\\/logo\\\/image\\\/\",\"url\":\"https:\\\/\\\/hense-systeme.com\\\/wp-content\\\/uploads\\\/2024\\\/02\\\/hense_logo.svg\",\"contentUrl\":\"https:\\\/\\\/hense-systeme.com\\\/wp-content\\\/uploads\\\/2024\\\/02\\\/hense_logo.svg\",\"width\":241,\"height\":76,\"caption\":\"Hense Systemtechnik GmbH &amp; Co. KG\"},\"image\":{\"@id\":\"https:\\\/\\\/hense-systeme.com\\\/pl\\\/#\\\/schema\\\/logo\\\/image\\\/\"}}]}<\/script>\n<!-- \/ Yoast SEO plugin. -->","yoast_head_json":{"title":"Seria L-30 - Hense Systemtechnik GmbH &amp; Co. KG","robots":{"index":"index","follow":"follow","max-snippet":"max-snippet:-1","max-image-preview":"max-image-preview:large","max-video-preview":"max-video-preview:-1"},"canonical":"https:\/\/hense-systeme.com\/pl\/produkt\/seria-l-30\/","og_locale":"pl_PL","og_type":"article","og_title":"Seria L-30 - Hense Systemtechnik GmbH &amp; Co. KG","og_description":"Seria L-30 jest idealna do ci\u0119\u017ckich zastosowa\u0144, szczeg\u00f3lnie w trudnych warunkach. Dost\u0119pne w dziesi\u0119ciu standardowych rozmiarach z wyj\u015bciowym momentem obrotowym do 83 600 Nm przy 210 barach.","og_url":"https:\/\/hense-systeme.com\/pl\/produkt\/seria-l-30\/","og_site_name":"Hense Systemtechnik GmbH &amp; Co. KG","article_modified_time":"2024-04-08T13:17:01+00:00","og_image":[{"width":467,"height":382,"url":"https:\/\/hense-systeme.com\/wp-content\/uploads\/produkt_helac_l30_serie.png","type":"image\/png"}],"twitter_card":"summary_large_image","twitter_misc":{"Szacowany czas czytania":"1 minuta"},"schema":{"@context":"https:\/\/schema.org","@graph":[{"@type":"WebPage","@id":"https:\/\/hense-systeme.com\/pl\/produkt\/seria-l-30\/","url":"https:\/\/hense-systeme.com\/pl\/produkt\/seria-l-30\/","name":"Seria L-30 - Hense Systemtechnik GmbH &amp; Co. KG","isPartOf":{"@id":"https:\/\/hense-systeme.com\/pl\/#website"},"primaryImageOfPage":{"@id":"https:\/\/hense-systeme.com\/pl\/produkt\/seria-l-30\/#primaryimage"},"image":{"@id":"https:\/\/hense-systeme.com\/pl\/produkt\/seria-l-30\/#primaryimage"},"thumbnailUrl":"https:\/\/hense-systeme.com\/wp-content\/uploads\/produkt_helac_l30_serie.png","datePublished":"2024-02-13T13:02:55+00:00","dateModified":"2024-04-08T13:17:01+00:00","breadcrumb":{"@id":"https:\/\/hense-systeme.com\/pl\/produkt\/seria-l-30\/#breadcrumb"},"inLanguage":"pl-PL","potentialAction":[{"@type":"ReadAction","target":["https:\/\/hense-systeme.com\/pl\/produkt\/seria-l-30\/"]}]},{"@type":"ImageObject","inLanguage":"pl-PL","@id":"https:\/\/hense-systeme.com\/pl\/produkt\/seria-l-30\/#primaryimage","url":"https:\/\/hense-systeme.com\/wp-content\/uploads\/produkt_helac_l30_serie.png","contentUrl":"https:\/\/hense-systeme.com\/wp-content\/uploads\/produkt_helac_l30_serie.png","width":467,"height":382},{"@type":"BreadcrumbList","@id":"https:\/\/hense-systeme.com\/pl\/produkt\/seria-l-30\/#breadcrumb","itemListElement":[{"@type":"ListItem","position":1,"name":"Startseite","item":"https:\/\/hense-systeme.com\/pl\/"},{"@type":"ListItem","position":2,"name":"Produkte","item":"https:\/\/hense-systeme.com\/pl\/produkt\/"},{"@type":"ListItem","position":3,"name":"Seria L-30"}]},{"@type":"WebSite","@id":"https:\/\/hense-systeme.com\/pl\/#website","url":"https:\/\/hense-systeme.com\/pl\/","name":"Hense Systemtechnik GmbH &amp; Co. KG","description":"","publisher":{"@id":"https:\/\/hense-systeme.com\/pl\/#organization"},"potentialAction":[{"@type":"SearchAction","target":{"@type":"EntryPoint","urlTemplate":"https:\/\/hense-systeme.com\/pl\/?s={search_term_string}"},"query-input":{"@type":"PropertyValueSpecification","valueRequired":true,"valueName":"search_term_string"}}],"inLanguage":"pl-PL"},{"@type":"Organization","@id":"https:\/\/hense-systeme.com\/pl\/#organization","name":"Hense Systemtechnik GmbH &amp; Co. KG","url":"https:\/\/hense-systeme.com\/pl\/","logo":{"@type":"ImageObject","inLanguage":"pl-PL","@id":"https:\/\/hense-systeme.com\/pl\/#\/schema\/logo\/image\/","url":"https:\/\/hense-systeme.com\/wp-content\/uploads\/2024\/02\/hense_logo.svg","contentUrl":"https:\/\/hense-systeme.com\/wp-content\/uploads\/2024\/02\/hense_logo.svg","width":241,"height":76,"caption":"Hense Systemtechnik GmbH &amp; Co. KG"},"image":{"@id":"https:\/\/hense-systeme.com\/pl\/#\/schema\/logo\/image\/"}}]}},"_links":{"self":[{"href":"https:\/\/hense-systeme.com\/pl\/wp-json\/wp\/v2\/product\/6576","targetHints":{"allow":["GET"]}}],"collection":[{"href":"https:\/\/hense-systeme.com\/pl\/wp-json\/wp\/v2\/product"}],"about":[{"href":"https:\/\/hense-systeme.com\/pl\/wp-json\/wp\/v2\/types\/product"}],"version-history":[{"count":1,"href":"https:\/\/hense-systeme.com\/pl\/wp-json\/wp\/v2\/product\/6576\/revisions"}],"predecessor-version":[{"id":7225,"href":"https:\/\/hense-systeme.com\/pl\/wp-json\/wp\/v2\/product\/6576\/revisions\/7225"}],"wp:featuredmedia":[{"embeddable":true,"href":"https:\/\/hense-systeme.com\/pl\/wp-json\/wp\/v2\/media\/7224"}],"wp:attachment":[{"href":"https:\/\/hense-systeme.com\/pl\/wp-json\/wp\/v2\/media?parent=6576"}],"wp:term":[{"taxonomy":"product_applications","embeddable":true,"href":"https:\/\/hense-systeme.com\/pl\/wp-json\/wp\/v2\/product_applications?post=6576"},{"taxonomy":"product_category","embeddable":true,"href":"https:\/\/hense-systeme.com\/pl\/wp-json\/wp\/v2\/product_category?post=6576"}],"curies":[{"name":"wp","href":"https:\/\/api.w.org\/{rel}","templated":true}]}}