{"id":6589,"date":"2024-02-13T14:02:56","date_gmt":"2024-02-13T13:02:56","guid":{"rendered":"https:\/\/hense.pixel-tal.de\/produkt\/seryjna-zmieniarka-palet\/"},"modified":"2024-04-08T15:17:03","modified_gmt":"2024-04-08T13:17:03","slug":"seryjna-zmieniarka-palet","status":"publish","type":"product","link":"https:\/\/hense-systeme.com\/pl\/produkt\/seryjna-zmieniarka-palet\/","title":{"rendered":"Seryjna zmieniarka palet"},"content":{"rendered":"<p>W uk\u0142adzie szeregowym liniowa o\u015b nap\u0119dowa (si\u0142ownik liniowy dwustronnego dzia\u0142ania), kt\u00f3ra jest r\u00f3wnie\u017c wyr\u00f3wnana w pionie, jest zamontowana na wyr\u00f3wnanej w pionie obrotowej osi nap\u0119dowej (silnik obrotowy), tj. t\u0142oczysko si\u0142ownika i wa\u0142 wyj\u015bciowy silnika obrotowego s\u0105 mechanicznie po\u0142\u0105czone za pomoc\u0105 po\u0142\u0105czenia \u015blizgowego wa\u0142-piasta.<\/p>\n<p>Uchwyt palety jest podnoszony przez t\u0142oczysko, kt\u00f3re s\u0142u\u017cy r\u00f3wnie\u017c jako \u0142o\u017cysko dla uchwytu palety i bezpiecznie poch\u0142ania wszystkie si\u0142y generowane podczas asymetrycznego obci\u0105\u017cenia.<\/p>\n<p>Oferujemy niestandardowe rozwi\u0105zania do r\u00f3\u017cnych zastosowa\u0144. Nasz wykwalifikowany zesp\u00f3\u0142 ch\u0119tnie Ci doradzi.<\/p>","protected":false},"excerpt":{"rendered":"<p>Ta wersja generuje w\u0105sk\u0105 i wyd\u0142u\u017con\u0105 konstrukcj\u0119. Jednocze\u015bnie szeregowa konstrukcja eliminuje potrzeb\u0119 dodatkowego oddzielnego przechowywania uchwytu na palety.  <\/p>\n","protected":false},"featured_media":7263,"parent":0,"template":"","product_applications":[],"product_category":[70],"class_list":["post-6589","product","type-product","status-publish","has-post-thumbnail","hentry","product_category-kombinacja-skok-obrot","no-featured-image-padding"],"acf":[],"yoast_head":"<!-- This site is optimized with the Yoast SEO plugin v27.5 - https:\/\/yoast.com\/product\/yoast-seo-wordpress\/ -->\n<title>Jednostka podnosz\u0105ca i obrotowa: seryjny zmieniacz palet Hense<\/title>\n<meta name=\"description\" content=\"Szeregowa jednostka podnosz\u0105co-obrotowa firmy Hense umo\u017cliwia tworzenie rozwi\u0105za\u0144 automatyzacji dostosowanych do potrzeb klienta, zapewniaj\u0105cych optymalne wykorzystanie przestrzeni i wydajno\u015b\u0107 procesu.\" \/>\n<meta name=\"robots\" content=\"index, follow, max-snippet:-1, max-image-preview:large, max-video-preview:-1\" \/>\n<link rel=\"canonical\" href=\"https:\/\/hense-systeme.com\/pl\/produkt\/seryjna-zmieniarka-palet\/\" \/>\n<meta property=\"og:locale\" content=\"pl_PL\" \/>\n<meta property=\"og:type\" content=\"article\" \/>\n<meta property=\"og:title\" content=\"Jednostka podnosz\u0105ca i obrotowa: seryjny zmieniacz palet Hense\" \/>\n<meta property=\"og:description\" content=\"Szeregowa jednostka podnosz\u0105co-obrotowa firmy Hense umo\u017cliwia tworzenie rozwi\u0105za\u0144 automatyzacji dostosowanych do potrzeb klienta, zapewniaj\u0105cych optymalne wykorzystanie przestrzeni i wydajno\u015b\u0107 procesu.\" \/>\n<meta property=\"og:url\" content=\"https:\/\/hense-systeme.com\/pl\/produkt\/seryjna-zmieniarka-palet\/\" \/>\n<meta property=\"og:site_name\" content=\"Hense Systemtechnik GmbH &amp; Co. KG\" \/>\n<meta property=\"article:modified_time\" content=\"2024-04-08T13:17:03+00:00\" \/>\n<meta property=\"og:image\" content=\"https:\/\/hense-systeme.com\/wp-content\/uploads\/produkt_hub_schwenksysteme_seriell_02.png\" \/>\n\t<meta property=\"og:image:width\" content=\"467\" \/>\n\t<meta property=\"og:image:height\" content=\"442\" \/>\n\t<meta property=\"og:image:type\" content=\"image\/png\" \/>\n<meta name=\"twitter:card\" content=\"summary_large_image\" \/>\n<meta name=\"twitter:label1\" content=\"Szacowany czas czytania\" \/>\n\t<meta name=\"twitter:data1\" content=\"1 minuta\" \/>\n<script type=\"application\/ld+json\" class=\"yoast-schema-graph\">{\"@context\":\"https:\\\/\\\/schema.org\",\"@graph\":[{\"@type\":\"WebPage\",\"@id\":\"https:\\\/\\\/hense-systeme.com\\\/pl\\\/produkt\\\/seryjna-zmieniarka-palet\\\/\",\"url\":\"https:\\\/\\\/hense-systeme.com\\\/pl\\\/produkt\\\/seryjna-zmieniarka-palet\\\/\",\"name\":\"Jednostka podnosz\u0105ca i obrotowa: seryjny zmieniacz palet Hense\",\"isPartOf\":{\"@id\":\"https:\\\/\\\/hense-systeme.com\\\/pl\\\/#website\"},\"primaryImageOfPage\":{\"@id\":\"https:\\\/\\\/hense-systeme.com\\\/pl\\\/produkt\\\/seryjna-zmieniarka-palet\\\/#primaryimage\"},\"image\":{\"@id\":\"https:\\\/\\\/hense-systeme.com\\\/pl\\\/produkt\\\/seryjna-zmieniarka-palet\\\/#primaryimage\"},\"thumbnailUrl\":\"https:\\\/\\\/hense-systeme.com\\\/wp-content\\\/uploads\\\/produkt_hub_schwenksysteme_seriell_02.png\",\"datePublished\":\"2024-02-13T13:02:56+00:00\",\"dateModified\":\"2024-04-08T13:17:03+00:00\",\"description\":\"Szeregowa jednostka podnosz\u0105co-obrotowa firmy Hense umo\u017cliwia tworzenie rozwi\u0105za\u0144 automatyzacji dostosowanych do potrzeb klienta, zapewniaj\u0105cych optymalne wykorzystanie przestrzeni i wydajno\u015b\u0107 procesu.\",\"breadcrumb\":{\"@id\":\"https:\\\/\\\/hense-systeme.com\\\/pl\\\/produkt\\\/seryjna-zmieniarka-palet\\\/#breadcrumb\"},\"inLanguage\":\"pl-PL\",\"potentialAction\":[{\"@type\":\"ReadAction\",\"target\":[\"https:\\\/\\\/hense-systeme.com\\\/pl\\\/produkt\\\/seryjna-zmieniarka-palet\\\/\"]}]},{\"@type\":\"ImageObject\",\"inLanguage\":\"pl-PL\",\"@id\":\"https:\\\/\\\/hense-systeme.com\\\/pl\\\/produkt\\\/seryjna-zmieniarka-palet\\\/#primaryimage\",\"url\":\"https:\\\/\\\/hense-systeme.com\\\/wp-content\\\/uploads\\\/produkt_hub_schwenksysteme_seriell_02.png\",\"contentUrl\":\"https:\\\/\\\/hense-systeme.com\\\/wp-content\\\/uploads\\\/produkt_hub_schwenksysteme_seriell_02.png\",\"width\":467,\"height\":442,\"caption\":\"Technische Schnittdarstellung eines seriellen Hub-Schwenksystems f\u00fcr industrielle Automatisierung\"},{\"@type\":\"BreadcrumbList\",\"@id\":\"https:\\\/\\\/hense-systeme.com\\\/pl\\\/produkt\\\/seryjna-zmieniarka-palet\\\/#breadcrumb\",\"itemListElement\":[{\"@type\":\"ListItem\",\"position\":1,\"name\":\"Startseite\",\"item\":\"https:\\\/\\\/hense-systeme.com\\\/pl\\\/\"},{\"@type\":\"ListItem\",\"position\":2,\"name\":\"Produkte\",\"item\":\"https:\\\/\\\/hense-systeme.com\\\/pl\\\/produkt\\\/\"},{\"@type\":\"ListItem\",\"position\":3,\"name\":\"Seryjna zmieniarka palet\"}]},{\"@type\":\"WebSite\",\"@id\":\"https:\\\/\\\/hense-systeme.com\\\/pl\\\/#website\",\"url\":\"https:\\\/\\\/hense-systeme.com\\\/pl\\\/\",\"name\":\"Hense Systemtechnik GmbH &amp; Co. KG\",\"description\":\"\",\"publisher\":{\"@id\":\"https:\\\/\\\/hense-systeme.com\\\/pl\\\/#organization\"},\"potentialAction\":[{\"@type\":\"SearchAction\",\"target\":{\"@type\":\"EntryPoint\",\"urlTemplate\":\"https:\\\/\\\/hense-systeme.com\\\/pl\\\/?s={search_term_string}\"},\"query-input\":{\"@type\":\"PropertyValueSpecification\",\"valueRequired\":true,\"valueName\":\"search_term_string\"}}],\"inLanguage\":\"pl-PL\"},{\"@type\":\"Organization\",\"@id\":\"https:\\\/\\\/hense-systeme.com\\\/pl\\\/#organization\",\"name\":\"Hense Systemtechnik GmbH &amp; Co. KG\",\"url\":\"https:\\\/\\\/hense-systeme.com\\\/pl\\\/\",\"logo\":{\"@type\":\"ImageObject\",\"inLanguage\":\"pl-PL\",\"@id\":\"https:\\\/\\\/hense-systeme.com\\\/pl\\\/#\\\/schema\\\/logo\\\/image\\\/\",\"url\":\"https:\\\/\\\/hense-systeme.com\\\/wp-content\\\/uploads\\\/2024\\\/02\\\/hense_logo.svg\",\"contentUrl\":\"https:\\\/\\\/hense-systeme.com\\\/wp-content\\\/uploads\\\/2024\\\/02\\\/hense_logo.svg\",\"width\":241,\"height\":76,\"caption\":\"Hense Systemtechnik GmbH &amp; Co. KG\"},\"image\":{\"@id\":\"https:\\\/\\\/hense-systeme.com\\\/pl\\\/#\\\/schema\\\/logo\\\/image\\\/\"}}]}<\/script>\n<!-- \/ Yoast SEO plugin. -->","yoast_head_json":{"title":"Jednostka podnosz\u0105ca i obrotowa: seryjny zmieniacz palet Hense","description":"Szeregowa jednostka podnosz\u0105co-obrotowa firmy Hense umo\u017cliwia tworzenie rozwi\u0105za\u0144 automatyzacji dostosowanych do potrzeb klienta, zapewniaj\u0105cych optymalne wykorzystanie przestrzeni i wydajno\u015b\u0107 procesu.","robots":{"index":"index","follow":"follow","max-snippet":"max-snippet:-1","max-image-preview":"max-image-preview:large","max-video-preview":"max-video-preview:-1"},"canonical":"https:\/\/hense-systeme.com\/pl\/produkt\/seryjna-zmieniarka-palet\/","og_locale":"pl_PL","og_type":"article","og_title":"Jednostka podnosz\u0105ca i obrotowa: seryjny zmieniacz palet Hense","og_description":"Szeregowa jednostka podnosz\u0105co-obrotowa firmy Hense umo\u017cliwia tworzenie rozwi\u0105za\u0144 automatyzacji dostosowanych do potrzeb klienta, zapewniaj\u0105cych optymalne wykorzystanie przestrzeni i wydajno\u015b\u0107 procesu.","og_url":"https:\/\/hense-systeme.com\/pl\/produkt\/seryjna-zmieniarka-palet\/","og_site_name":"Hense Systemtechnik GmbH &amp; Co. KG","article_modified_time":"2024-04-08T13:17:03+00:00","og_image":[{"width":467,"height":442,"url":"https:\/\/hense-systeme.com\/wp-content\/uploads\/produkt_hub_schwenksysteme_seriell_02.png","type":"image\/png"}],"twitter_card":"summary_large_image","twitter_misc":{"Szacowany czas czytania":"1 minuta"},"schema":{"@context":"https:\/\/schema.org","@graph":[{"@type":"WebPage","@id":"https:\/\/hense-systeme.com\/pl\/produkt\/seryjna-zmieniarka-palet\/","url":"https:\/\/hense-systeme.com\/pl\/produkt\/seryjna-zmieniarka-palet\/","name":"Jednostka podnosz\u0105ca i obrotowa: seryjny zmieniacz palet Hense","isPartOf":{"@id":"https:\/\/hense-systeme.com\/pl\/#website"},"primaryImageOfPage":{"@id":"https:\/\/hense-systeme.com\/pl\/produkt\/seryjna-zmieniarka-palet\/#primaryimage"},"image":{"@id":"https:\/\/hense-systeme.com\/pl\/produkt\/seryjna-zmieniarka-palet\/#primaryimage"},"thumbnailUrl":"https:\/\/hense-systeme.com\/wp-content\/uploads\/produkt_hub_schwenksysteme_seriell_02.png","datePublished":"2024-02-13T13:02:56+00:00","dateModified":"2024-04-08T13:17:03+00:00","description":"Szeregowa jednostka podnosz\u0105co-obrotowa firmy Hense umo\u017cliwia tworzenie rozwi\u0105za\u0144 automatyzacji dostosowanych do potrzeb klienta, zapewniaj\u0105cych optymalne wykorzystanie przestrzeni i wydajno\u015b\u0107 procesu.","breadcrumb":{"@id":"https:\/\/hense-systeme.com\/pl\/produkt\/seryjna-zmieniarka-palet\/#breadcrumb"},"inLanguage":"pl-PL","potentialAction":[{"@type":"ReadAction","target":["https:\/\/hense-systeme.com\/pl\/produkt\/seryjna-zmieniarka-palet\/"]}]},{"@type":"ImageObject","inLanguage":"pl-PL","@id":"https:\/\/hense-systeme.com\/pl\/produkt\/seryjna-zmieniarka-palet\/#primaryimage","url":"https:\/\/hense-systeme.com\/wp-content\/uploads\/produkt_hub_schwenksysteme_seriell_02.png","contentUrl":"https:\/\/hense-systeme.com\/wp-content\/uploads\/produkt_hub_schwenksysteme_seriell_02.png","width":467,"height":442,"caption":"Technische Schnittdarstellung eines seriellen Hub-Schwenksystems f\u00fcr industrielle Automatisierung"},{"@type":"BreadcrumbList","@id":"https:\/\/hense-systeme.com\/pl\/produkt\/seryjna-zmieniarka-palet\/#breadcrumb","itemListElement":[{"@type":"ListItem","position":1,"name":"Startseite","item":"https:\/\/hense-systeme.com\/pl\/"},{"@type":"ListItem","position":2,"name":"Produkte","item":"https:\/\/hense-systeme.com\/pl\/produkt\/"},{"@type":"ListItem","position":3,"name":"Seryjna zmieniarka palet"}]},{"@type":"WebSite","@id":"https:\/\/hense-systeme.com\/pl\/#website","url":"https:\/\/hense-systeme.com\/pl\/","name":"Hense Systemtechnik GmbH &amp; Co. KG","description":"","publisher":{"@id":"https:\/\/hense-systeme.com\/pl\/#organization"},"potentialAction":[{"@type":"SearchAction","target":{"@type":"EntryPoint","urlTemplate":"https:\/\/hense-systeme.com\/pl\/?s={search_term_string}"},"query-input":{"@type":"PropertyValueSpecification","valueRequired":true,"valueName":"search_term_string"}}],"inLanguage":"pl-PL"},{"@type":"Organization","@id":"https:\/\/hense-systeme.com\/pl\/#organization","name":"Hense Systemtechnik GmbH &amp; Co. KG","url":"https:\/\/hense-systeme.com\/pl\/","logo":{"@type":"ImageObject","inLanguage":"pl-PL","@id":"https:\/\/hense-systeme.com\/pl\/#\/schema\/logo\/image\/","url":"https:\/\/hense-systeme.com\/wp-content\/uploads\/2024\/02\/hense_logo.svg","contentUrl":"https:\/\/hense-systeme.com\/wp-content\/uploads\/2024\/02\/hense_logo.svg","width":241,"height":76,"caption":"Hense Systemtechnik GmbH &amp; Co. KG"},"image":{"@id":"https:\/\/hense-systeme.com\/pl\/#\/schema\/logo\/image\/"}}]}},"_links":{"self":[{"href":"https:\/\/hense-systeme.com\/pl\/wp-json\/wp\/v2\/product\/6589","targetHints":{"allow":["GET"]}}],"collection":[{"href":"https:\/\/hense-systeme.com\/pl\/wp-json\/wp\/v2\/product"}],"about":[{"href":"https:\/\/hense-systeme.com\/pl\/wp-json\/wp\/v2\/types\/product"}],"version-history":[{"count":1,"href":"https:\/\/hense-systeme.com\/pl\/wp-json\/wp\/v2\/product\/6589\/revisions"}],"predecessor-version":[{"id":7264,"href":"https:\/\/hense-systeme.com\/pl\/wp-json\/wp\/v2\/product\/6589\/revisions\/7264"}],"wp:featuredmedia":[{"embeddable":true,"href":"https:\/\/hense-systeme.com\/pl\/wp-json\/wp\/v2\/media\/7263"}],"wp:attachment":[{"href":"https:\/\/hense-systeme.com\/pl\/wp-json\/wp\/v2\/media?parent=6589"}],"wp:term":[{"taxonomy":"product_applications","embeddable":true,"href":"https:\/\/hense-systeme.com\/pl\/wp-json\/wp\/v2\/product_applications?post=6589"},{"taxonomy":"product_category","embeddable":true,"href":"https:\/\/hense-systeme.com\/pl\/wp-json\/wp\/v2\/product_category?post=6589"}],"curies":[{"name":"wp","href":"https:\/\/api.w.org\/{rel}","templated":true}]}}