{"id":6590,"date":"2024-02-13T14:02:56","date_gmt":"2024-02-13T13:02:56","guid":{"rendered":"https:\/\/hense.pixel-tal.de\/produkt\/rownolegly-zmieniacz-palet\/"},"modified":"2024-04-08T15:17:03","modified_gmt":"2024-04-08T13:17:03","slug":"rownolegly-zmieniacz-palet","status":"publish","type":"product","link":"https:\/\/hense-systeme.com\/pl\/produkt\/rownolegly-zmieniacz-palet\/","title":{"rendered":"R\u00f3wnoleg\u0142y zmieniacz palet"},"content":{"rendered":"<p>Zasadniczo pionowo ustawiona obrotowa o\u015b nap\u0119dowa (silnik obrotowy) jest umieszczona obok podobnie pionowo ustawionej liniowej osi nap\u0119dowej, najlepiej sk\u0142adaj\u0105cej si\u0119 z dw\u00f3ch cylindr\u00f3w liniowych, w uk\u0142adzie r\u00f3wnoleg\u0142ym. Silnik obrotowy jest wk\u0142adany i podnoszony we wsporniku silnika zamontowanym oddzielnie w prowadnicach liniowych.<\/p>\n<p>Uchwyt palety jest montowany bezpo\u015brednio na wale silnika obrotowego lub w oddzielnym \u0142o\u017cysku obrotowym we wsporniku silnika. Momenty przechylaj\u0105ce spowodowane du\u017cymi asymetrycznymi warunkami obci\u0105\u017cenia s\u0105 w ten spos\u00f3b bezpiecznie absorbowane.<\/p>\n<p>Oferujemy niestandardowe rozwi\u0105zania do r\u00f3\u017cnych zastosowa\u0144. Nasz wykwalifikowany zesp\u00f3\u0142 ch\u0119tnie Ci doradzi.<\/p>","protected":false},"excerpt":{"rendered":"<p>Taka konstrukcja generuje kr\u00f3tk\u0105 i szersz\u0105 zmieniark\u0119 palet z woln\u0105 przestrzeni\u0105 poni\u017cej obrotowej osi obrotu. Umo\u017cliwia to na przyk\u0142ad umieszczenie osi obrotowej bezpo\u015brednio nad przeno\u015bnikiem wi\u00f3r\u00f3w.<\/p>\n","protected":false},"featured_media":7265,"parent":0,"template":"","product_applications":[],"product_category":[70],"class_list":["post-6590","product","type-product","status-publish","has-post-thumbnail","hentry","product_category-kombinacja-skok-obrot","no-featured-image-padding"],"acf":[],"yoast_head":"<!-- This site is optimized with the Yoast SEO plugin v27.3 - https:\/\/yoast.com\/product\/yoast-seo-wordpress\/ -->\n<title>Jednostka podnosz\u0105ca i obrotowa: R\u00f3wnoleg\u0142y zmieniacz palet Hense<\/title>\n<meta name=\"description\" content=\"Rozszerz swoje rozwi\u0105zania automatyzacji o r\u00f3wnoleg\u0142\u0105 wersj\u0119 liniowej jednostki obrotowej Hense do wszechstronnych zastosowa\u0144\" \/>\n<meta name=\"robots\" content=\"index, follow, max-snippet:-1, max-image-preview:large, max-video-preview:-1\" \/>\n<link rel=\"canonical\" href=\"https:\/\/hense-systeme.com\/pl\/produkt\/rownolegly-zmieniacz-palet\/\" \/>\n<meta property=\"og:locale\" content=\"pl_PL\" \/>\n<meta property=\"og:type\" content=\"article\" \/>\n<meta property=\"og:title\" content=\"Jednostka podnosz\u0105ca i obrotowa: R\u00f3wnoleg\u0142y zmieniacz palet Hense\" \/>\n<meta property=\"og:description\" content=\"Rozszerz swoje rozwi\u0105zania automatyzacji o r\u00f3wnoleg\u0142\u0105 wersj\u0119 liniowej jednostki obrotowej Hense do wszechstronnych zastosowa\u0144\" \/>\n<meta property=\"og:url\" content=\"https:\/\/hense-systeme.com\/pl\/produkt\/rownolegly-zmieniacz-palet\/\" \/>\n<meta property=\"og:site_name\" content=\"Hense Systemtechnik GmbH &amp; Co. KG\" \/>\n<meta property=\"article:modified_time\" content=\"2024-04-08T13:17:03+00:00\" \/>\n<meta property=\"og:image\" content=\"https:\/\/hense-systeme.com\/wp-content\/uploads\/produkt_hub_schwenksysteme.png\" \/>\n\t<meta property=\"og:image:width\" content=\"450\" \/>\n\t<meta property=\"og:image:height\" content=\"426\" \/>\n\t<meta property=\"og:image:type\" content=\"image\/png\" \/>\n<meta name=\"twitter:card\" content=\"summary_large_image\" \/>\n<meta name=\"twitter:label1\" content=\"Szacowany czas czytania\" \/>\n\t<meta name=\"twitter:data1\" content=\"1 minuta\" \/>\n<script type=\"application\/ld+json\" class=\"yoast-schema-graph\">{\"@context\":\"https:\\\/\\\/schema.org\",\"@graph\":[{\"@type\":\"WebPage\",\"@id\":\"https:\\\/\\\/hense-systeme.com\\\/pl\\\/produkt\\\/rownolegly-zmieniacz-palet\\\/\",\"url\":\"https:\\\/\\\/hense-systeme.com\\\/pl\\\/produkt\\\/rownolegly-zmieniacz-palet\\\/\",\"name\":\"Jednostka podnosz\u0105ca i obrotowa: R\u00f3wnoleg\u0142y zmieniacz palet Hense\",\"isPartOf\":{\"@id\":\"https:\\\/\\\/hense-systeme.com\\\/pl\\\/#website\"},\"primaryImageOfPage\":{\"@id\":\"https:\\\/\\\/hense-systeme.com\\\/pl\\\/produkt\\\/rownolegly-zmieniacz-palet\\\/#primaryimage\"},\"image\":{\"@id\":\"https:\\\/\\\/hense-systeme.com\\\/pl\\\/produkt\\\/rownolegly-zmieniacz-palet\\\/#primaryimage\"},\"thumbnailUrl\":\"https:\\\/\\\/hense-systeme.com\\\/wp-content\\\/uploads\\\/produkt_hub_schwenksysteme.png\",\"datePublished\":\"2024-02-13T13:02:56+00:00\",\"dateModified\":\"2024-04-08T13:17:03+00:00\",\"description\":\"Rozszerz swoje rozwi\u0105zania automatyzacji o r\u00f3wnoleg\u0142\u0105 wersj\u0119 liniowej jednostki obrotowej Hense do wszechstronnych zastosowa\u0144\",\"breadcrumb\":{\"@id\":\"https:\\\/\\\/hense-systeme.com\\\/pl\\\/produkt\\\/rownolegly-zmieniacz-palet\\\/#breadcrumb\"},\"inLanguage\":\"pl-PL\",\"potentialAction\":[{\"@type\":\"ReadAction\",\"target\":[\"https:\\\/\\\/hense-systeme.com\\\/pl\\\/produkt\\\/rownolegly-zmieniacz-palet\\\/\"]}]},{\"@type\":\"ImageObject\",\"inLanguage\":\"pl-PL\",\"@id\":\"https:\\\/\\\/hense-systeme.com\\\/pl\\\/produkt\\\/rownolegly-zmieniacz-palet\\\/#primaryimage\",\"url\":\"https:\\\/\\\/hense-systeme.com\\\/wp-content\\\/uploads\\\/produkt_hub_schwenksysteme.png\",\"contentUrl\":\"https:\\\/\\\/hense-systeme.com\\\/wp-content\\\/uploads\\\/produkt_hub_schwenksysteme.png\",\"width\":450,\"height\":426},{\"@type\":\"BreadcrumbList\",\"@id\":\"https:\\\/\\\/hense-systeme.com\\\/pl\\\/produkt\\\/rownolegly-zmieniacz-palet\\\/#breadcrumb\",\"itemListElement\":[{\"@type\":\"ListItem\",\"position\":1,\"name\":\"Startseite\",\"item\":\"https:\\\/\\\/hense-systeme.com\\\/pl\\\/\"},{\"@type\":\"ListItem\",\"position\":2,\"name\":\"Produkte\",\"item\":\"https:\\\/\\\/hense-systeme.com\\\/pl\\\/produkt\\\/\"},{\"@type\":\"ListItem\",\"position\":3,\"name\":\"R\u00f3wnoleg\u0142y zmieniacz palet\"}]},{\"@type\":\"WebSite\",\"@id\":\"https:\\\/\\\/hense-systeme.com\\\/pl\\\/#website\",\"url\":\"https:\\\/\\\/hense-systeme.com\\\/pl\\\/\",\"name\":\"Hense Systemtechnik GmbH &amp; Co. KG\",\"description\":\"\",\"publisher\":{\"@id\":\"https:\\\/\\\/hense-systeme.com\\\/pl\\\/#organization\"},\"potentialAction\":[{\"@type\":\"SearchAction\",\"target\":{\"@type\":\"EntryPoint\",\"urlTemplate\":\"https:\\\/\\\/hense-systeme.com\\\/pl\\\/?s={search_term_string}\"},\"query-input\":{\"@type\":\"PropertyValueSpecification\",\"valueRequired\":true,\"valueName\":\"search_term_string\"}}],\"inLanguage\":\"pl-PL\"},{\"@type\":\"Organization\",\"@id\":\"https:\\\/\\\/hense-systeme.com\\\/pl\\\/#organization\",\"name\":\"Hense Systemtechnik GmbH &amp; Co. KG\",\"url\":\"https:\\\/\\\/hense-systeme.com\\\/pl\\\/\",\"logo\":{\"@type\":\"ImageObject\",\"inLanguage\":\"pl-PL\",\"@id\":\"https:\\\/\\\/hense-systeme.com\\\/pl\\\/#\\\/schema\\\/logo\\\/image\\\/\",\"url\":\"https:\\\/\\\/hense-systeme.com\\\/wp-content\\\/uploads\\\/2024\\\/02\\\/hense_logo.svg\",\"contentUrl\":\"https:\\\/\\\/hense-systeme.com\\\/wp-content\\\/uploads\\\/2024\\\/02\\\/hense_logo.svg\",\"width\":241,\"height\":76,\"caption\":\"Hense Systemtechnik GmbH &amp; Co. KG\"},\"image\":{\"@id\":\"https:\\\/\\\/hense-systeme.com\\\/pl\\\/#\\\/schema\\\/logo\\\/image\\\/\"}}]}<\/script>\n<!-- \/ Yoast SEO plugin. -->","yoast_head_json":{"title":"Jednostka podnosz\u0105ca i obrotowa: R\u00f3wnoleg\u0142y zmieniacz palet Hense","description":"Rozszerz swoje rozwi\u0105zania automatyzacji o r\u00f3wnoleg\u0142\u0105 wersj\u0119 liniowej jednostki obrotowej Hense do wszechstronnych zastosowa\u0144","robots":{"index":"index","follow":"follow","max-snippet":"max-snippet:-1","max-image-preview":"max-image-preview:large","max-video-preview":"max-video-preview:-1"},"canonical":"https:\/\/hense-systeme.com\/pl\/produkt\/rownolegly-zmieniacz-palet\/","og_locale":"pl_PL","og_type":"article","og_title":"Jednostka podnosz\u0105ca i obrotowa: R\u00f3wnoleg\u0142y zmieniacz palet Hense","og_description":"Rozszerz swoje rozwi\u0105zania automatyzacji o r\u00f3wnoleg\u0142\u0105 wersj\u0119 liniowej jednostki obrotowej Hense do wszechstronnych zastosowa\u0144","og_url":"https:\/\/hense-systeme.com\/pl\/produkt\/rownolegly-zmieniacz-palet\/","og_site_name":"Hense Systemtechnik GmbH &amp; Co. KG","article_modified_time":"2024-04-08T13:17:03+00:00","og_image":[{"width":450,"height":426,"url":"https:\/\/hense-systeme.com\/wp-content\/uploads\/produkt_hub_schwenksysteme.png","type":"image\/png"}],"twitter_card":"summary_large_image","twitter_misc":{"Szacowany czas czytania":"1 minuta"},"schema":{"@context":"https:\/\/schema.org","@graph":[{"@type":"WebPage","@id":"https:\/\/hense-systeme.com\/pl\/produkt\/rownolegly-zmieniacz-palet\/","url":"https:\/\/hense-systeme.com\/pl\/produkt\/rownolegly-zmieniacz-palet\/","name":"Jednostka podnosz\u0105ca i obrotowa: R\u00f3wnoleg\u0142y zmieniacz palet Hense","isPartOf":{"@id":"https:\/\/hense-systeme.com\/pl\/#website"},"primaryImageOfPage":{"@id":"https:\/\/hense-systeme.com\/pl\/produkt\/rownolegly-zmieniacz-palet\/#primaryimage"},"image":{"@id":"https:\/\/hense-systeme.com\/pl\/produkt\/rownolegly-zmieniacz-palet\/#primaryimage"},"thumbnailUrl":"https:\/\/hense-systeme.com\/wp-content\/uploads\/produkt_hub_schwenksysteme.png","datePublished":"2024-02-13T13:02:56+00:00","dateModified":"2024-04-08T13:17:03+00:00","description":"Rozszerz swoje rozwi\u0105zania automatyzacji o r\u00f3wnoleg\u0142\u0105 wersj\u0119 liniowej jednostki obrotowej Hense do wszechstronnych zastosowa\u0144","breadcrumb":{"@id":"https:\/\/hense-systeme.com\/pl\/produkt\/rownolegly-zmieniacz-palet\/#breadcrumb"},"inLanguage":"pl-PL","potentialAction":[{"@type":"ReadAction","target":["https:\/\/hense-systeme.com\/pl\/produkt\/rownolegly-zmieniacz-palet\/"]}]},{"@type":"ImageObject","inLanguage":"pl-PL","@id":"https:\/\/hense-systeme.com\/pl\/produkt\/rownolegly-zmieniacz-palet\/#primaryimage","url":"https:\/\/hense-systeme.com\/wp-content\/uploads\/produkt_hub_schwenksysteme.png","contentUrl":"https:\/\/hense-systeme.com\/wp-content\/uploads\/produkt_hub_schwenksysteme.png","width":450,"height":426},{"@type":"BreadcrumbList","@id":"https:\/\/hense-systeme.com\/pl\/produkt\/rownolegly-zmieniacz-palet\/#breadcrumb","itemListElement":[{"@type":"ListItem","position":1,"name":"Startseite","item":"https:\/\/hense-systeme.com\/pl\/"},{"@type":"ListItem","position":2,"name":"Produkte","item":"https:\/\/hense-systeme.com\/pl\/produkt\/"},{"@type":"ListItem","position":3,"name":"R\u00f3wnoleg\u0142y zmieniacz palet"}]},{"@type":"WebSite","@id":"https:\/\/hense-systeme.com\/pl\/#website","url":"https:\/\/hense-systeme.com\/pl\/","name":"Hense Systemtechnik GmbH &amp; Co. KG","description":"","publisher":{"@id":"https:\/\/hense-systeme.com\/pl\/#organization"},"potentialAction":[{"@type":"SearchAction","target":{"@type":"EntryPoint","urlTemplate":"https:\/\/hense-systeme.com\/pl\/?s={search_term_string}"},"query-input":{"@type":"PropertyValueSpecification","valueRequired":true,"valueName":"search_term_string"}}],"inLanguage":"pl-PL"},{"@type":"Organization","@id":"https:\/\/hense-systeme.com\/pl\/#organization","name":"Hense Systemtechnik GmbH &amp; Co. KG","url":"https:\/\/hense-systeme.com\/pl\/","logo":{"@type":"ImageObject","inLanguage":"pl-PL","@id":"https:\/\/hense-systeme.com\/pl\/#\/schema\/logo\/image\/","url":"https:\/\/hense-systeme.com\/wp-content\/uploads\/2024\/02\/hense_logo.svg","contentUrl":"https:\/\/hense-systeme.com\/wp-content\/uploads\/2024\/02\/hense_logo.svg","width":241,"height":76,"caption":"Hense Systemtechnik GmbH &amp; Co. KG"},"image":{"@id":"https:\/\/hense-systeme.com\/pl\/#\/schema\/logo\/image\/"}}]}},"_links":{"self":[{"href":"https:\/\/hense-systeme.com\/pl\/wp-json\/wp\/v2\/product\/6590","targetHints":{"allow":["GET"]}}],"collection":[{"href":"https:\/\/hense-systeme.com\/pl\/wp-json\/wp\/v2\/product"}],"about":[{"href":"https:\/\/hense-systeme.com\/pl\/wp-json\/wp\/v2\/types\/product"}],"version-history":[{"count":1,"href":"https:\/\/hense-systeme.com\/pl\/wp-json\/wp\/v2\/product\/6590\/revisions"}],"predecessor-version":[{"id":7269,"href":"https:\/\/hense-systeme.com\/pl\/wp-json\/wp\/v2\/product\/6590\/revisions\/7269"}],"wp:featuredmedia":[{"embeddable":true,"href":"https:\/\/hense-systeme.com\/pl\/wp-json\/wp\/v2\/media\/7265"}],"wp:attachment":[{"href":"https:\/\/hense-systeme.com\/pl\/wp-json\/wp\/v2\/media?parent=6590"}],"wp:term":[{"taxonomy":"product_applications","embeddable":true,"href":"https:\/\/hense-systeme.com\/pl\/wp-json\/wp\/v2\/product_applications?post=6590"},{"taxonomy":"product_category","embeddable":true,"href":"https:\/\/hense-systeme.com\/pl\/wp-json\/wp\/v2\/product_category?post=6590"}],"curies":[{"name":"wp","href":"https:\/\/api.w.org\/{rel}","templated":true}]}}