{"id":6597,"date":"2024-02-13T14:02:54","date_gmt":"2024-02-13T13:02:54","guid":{"rendered":"https:\/\/hense.pixel-tal.de\/produkt\/seria-hss\/"},"modified":"2025-06-11T13:33:11","modified_gmt":"2025-06-11T11:33:11","slug":"seria-hss","status":"publish","type":"product","link":"https:\/\/hense-systeme.com\/pl\/produkt\/seria-hss\/","title":{"rendered":"Silnik obrotowy HSS"},"content":{"rendered":"<p>Nasz obrotowy silnik \u0142opatkowy z serii HSS mo\u017ce by\u0107 u\u017cywany w dowolnej pozycji monta\u017cowej. Podobnie jak wszystkie silniki obrotowe Hense Systeme, ten silnik obrotowy zosta\u0142 zaprojektowany zgodnie z zasad\u0105 obrotowej \u0142opatki. Wa\u0142 nap\u0119dowy ma osiowe i promieniowe \u0142o\u017cyska \u015blizgowe w powlekanych tulejach. Zastosowana pow\u0142oka jest zoptymalizowana trybologicznie i zapewnia niskie zu\u017cycie. Dostarczany olej hydrauliczny zapewnia wystarczaj\u0105ce smarowanie \u0142o\u017cysk. Aby zmniejszy\u0107 tarcie wewn\u0119trzne silnika, hydrauliczna separacja kom\u00f3r roboczych w tej serii jest cz\u0119\u015bciowo osi\u0105gana za pomoc\u0105 sekcji d\u0142awi\u0105cych zale\u017cnych od ci\u015bnienia i lepko\u015bci.     <\/p>\n<p>Silniki HSS s\u0105 idealne do generowania oscylacyjnych ruch\u00f3w obrotowych w zakresie cz\u0119stotliwo\u015bci z ma\u0142ymi amplitudami k\u0105towymi w kontrolowanych systemach. Seria HSS jest zatem zalecana do stosowania wsz\u0119dzie tam, gdzie p\u00f3\u0142dynamiczne testy skr\u0119cania musz\u0105 by\u0107 wykonywane niezawodnie i ekonomicznie. <\/p>\n<p><strong>Serwohydrauliczny oscylator<\/strong>hydrauliczny <strong><br \/>\n W po\u0142\u0105czeniu z innymi wysokiej jako\u015bci komponentami, takimi jak serwozawory, akumulatory pulsacji i systemy pomiaru k\u0105ta o wysokiej rozdzielczo\u015bci, oscylator hydrauliczny jest przeznaczony do generowania zmiennych obci\u0105\u017ce\u0144 skr\u0119tnych.<\/strong><\/p>\n<p>Oferujemy niestandardowe rozwi\u0105zania dla szerokiego zakresu zastosowa\u0144. Nasz wykwalifikowany zesp\u00f3\u0142 z przyjemno\u015bci\u0105 doradzi w zakresie projektowania i realizacji. <\/p>","protected":false},"excerpt":{"rendered":"<p>Nap\u0119dy te s\u0105 preferowane do stosowania w systemach sterowania z oscylacyjnymi ruchami obrotowymi w zakresie niskich cz\u0119stotliwo\u015bci. Wype\u0142niaj\u0105 one luk\u0119 technologiczn\u0105 mi\u0119dzy konwencjonalnymi silnikami obrotowymi do zastosowa\u0144 przemys\u0142owych a seri\u0105 HSH. <\/p>\n","protected":false},"featured_media":7406,"parent":0,"template":"","product_applications":[],"product_category":[72],"class_list":["post-6597","product","type-product","status-publish","has-post-thumbnail","hentry","product_category-technologia-stanowiska-testowego","no-featured-image-padding"],"acf":[],"yoast_head":"<!-- This site is optimized with the Yoast SEO plugin v27.3 - https:\/\/yoast.com\/product\/yoast-seo-wordpress\/ -->\n<title>Obrotowy silnik \u0142opatkowy HSS do bardzo dynamicznych system\u00f3w<\/title>\n<meta name=\"description\" content=\"Hydrauliczne silniki obrotowe serii HSS z promieniowymi i osiowymi wa\u0142ami nap\u0119dowymi z \u0142o\u017cyskami \u015blizgowymi do p\u00f3\u0142dynamicznych test\u00f3w skr\u0119cania! Dowiedz si\u0119 wi\u0119cej ju\u017c teraz!\" \/>\n<meta name=\"robots\" content=\"index, follow, max-snippet:-1, max-image-preview:large, max-video-preview:-1\" \/>\n<link rel=\"canonical\" href=\"https:\/\/hense-systeme.com\/pl\/produkt\/seria-hss\/\" \/>\n<meta property=\"og:locale\" content=\"pl_PL\" \/>\n<meta property=\"og:type\" content=\"article\" \/>\n<meta property=\"og:title\" content=\"Obrotowy silnik \u0142opatkowy HSS do bardzo dynamicznych system\u00f3w\" \/>\n<meta property=\"og:description\" content=\"Hydrauliczne silniki obrotowe serii HSS z promieniowymi i osiowymi wa\u0142ami nap\u0119dowymi z \u0142o\u017cyskami \u015blizgowymi do p\u00f3\u0142dynamicznych test\u00f3w skr\u0119cania! Dowiedz si\u0119 wi\u0119cej ju\u017c teraz!\" \/>\n<meta property=\"og:url\" content=\"https:\/\/hense-systeme.com\/pl\/produkt\/seria-hss\/\" \/>\n<meta property=\"og:site_name\" content=\"Hense Systemtechnik GmbH &amp; Co. KG\" \/>\n<meta property=\"article:modified_time\" content=\"2025-06-11T11:33:11+00:00\" \/>\n<meta property=\"og:image\" content=\"https:\/\/hense-systeme.com\/wp-content\/uploads\/produkte_baureihe-hss_02.png\" \/>\n\t<meta property=\"og:image:width\" content=\"450\" \/>\n\t<meta property=\"og:image:height\" content=\"412\" \/>\n\t<meta property=\"og:image:type\" content=\"image\/png\" \/>\n<meta name=\"twitter:card\" content=\"summary_large_image\" \/>\n<meta name=\"twitter:label1\" content=\"Szacowany czas czytania\" \/>\n\t<meta name=\"twitter:data1\" content=\"1 minuta\" \/>\n<script type=\"application\/ld+json\" class=\"yoast-schema-graph\">{\"@context\":\"https:\\\/\\\/schema.org\",\"@graph\":[{\"@type\":\"WebPage\",\"@id\":\"https:\\\/\\\/hense-systeme.com\\\/pl\\\/produkt\\\/seria-hss\\\/\",\"url\":\"https:\\\/\\\/hense-systeme.com\\\/pl\\\/produkt\\\/seria-hss\\\/\",\"name\":\"Obrotowy silnik \u0142opatkowy HSS do bardzo dynamicznych system\u00f3w\",\"isPartOf\":{\"@id\":\"https:\\\/\\\/hense-systeme.com\\\/pl\\\/#website\"},\"primaryImageOfPage\":{\"@id\":\"https:\\\/\\\/hense-systeme.com\\\/pl\\\/produkt\\\/seria-hss\\\/#primaryimage\"},\"image\":{\"@id\":\"https:\\\/\\\/hense-systeme.com\\\/pl\\\/produkt\\\/seria-hss\\\/#primaryimage\"},\"thumbnailUrl\":\"https:\\\/\\\/hense-systeme.com\\\/wp-content\\\/uploads\\\/produkte_baureihe-hss_02.png\",\"datePublished\":\"2024-02-13T13:02:54+00:00\",\"dateModified\":\"2025-06-11T11:33:11+00:00\",\"description\":\"Hydrauliczne silniki obrotowe serii HSS z promieniowymi i osiowymi wa\u0142ami nap\u0119dowymi z \u0142o\u017cyskami \u015blizgowymi do p\u00f3\u0142dynamicznych test\u00f3w skr\u0119cania! Dowiedz si\u0119 wi\u0119cej ju\u017c teraz!\",\"breadcrumb\":{\"@id\":\"https:\\\/\\\/hense-systeme.com\\\/pl\\\/produkt\\\/seria-hss\\\/#breadcrumb\"},\"inLanguage\":\"pl-PL\",\"potentialAction\":[{\"@type\":\"ReadAction\",\"target\":[\"https:\\\/\\\/hense-systeme.com\\\/pl\\\/produkt\\\/seria-hss\\\/\"]}]},{\"@type\":\"ImageObject\",\"inLanguage\":\"pl-PL\",\"@id\":\"https:\\\/\\\/hense-systeme.com\\\/pl\\\/produkt\\\/seria-hss\\\/#primaryimage\",\"url\":\"https:\\\/\\\/hense-systeme.com\\\/wp-content\\\/uploads\\\/produkte_baureihe-hss_02.png\",\"contentUrl\":\"https:\\\/\\\/hense-systeme.com\\\/wp-content\\\/uploads\\\/produkte_baureihe-hss_02.png\",\"width\":450,\"height\":412},{\"@type\":\"BreadcrumbList\",\"@id\":\"https:\\\/\\\/hense-systeme.com\\\/pl\\\/produkt\\\/seria-hss\\\/#breadcrumb\",\"itemListElement\":[{\"@type\":\"ListItem\",\"position\":1,\"name\":\"Startseite\",\"item\":\"https:\\\/\\\/hense-systeme.com\\\/pl\\\/\"},{\"@type\":\"ListItem\",\"position\":2,\"name\":\"Produkte\",\"item\":\"https:\\\/\\\/hense-systeme.com\\\/pl\\\/produkt\\\/\"},{\"@type\":\"ListItem\",\"position\":3,\"name\":\"Silnik obrotowy HSS\"}]},{\"@type\":\"WebSite\",\"@id\":\"https:\\\/\\\/hense-systeme.com\\\/pl\\\/#website\",\"url\":\"https:\\\/\\\/hense-systeme.com\\\/pl\\\/\",\"name\":\"Hense Systemtechnik GmbH &amp; Co. KG\",\"description\":\"\",\"publisher\":{\"@id\":\"https:\\\/\\\/hense-systeme.com\\\/pl\\\/#organization\"},\"potentialAction\":[{\"@type\":\"SearchAction\",\"target\":{\"@type\":\"EntryPoint\",\"urlTemplate\":\"https:\\\/\\\/hense-systeme.com\\\/pl\\\/?s={search_term_string}\"},\"query-input\":{\"@type\":\"PropertyValueSpecification\",\"valueRequired\":true,\"valueName\":\"search_term_string\"}}],\"inLanguage\":\"pl-PL\"},{\"@type\":\"Organization\",\"@id\":\"https:\\\/\\\/hense-systeme.com\\\/pl\\\/#organization\",\"name\":\"Hense Systemtechnik GmbH &amp; Co. KG\",\"url\":\"https:\\\/\\\/hense-systeme.com\\\/pl\\\/\",\"logo\":{\"@type\":\"ImageObject\",\"inLanguage\":\"pl-PL\",\"@id\":\"https:\\\/\\\/hense-systeme.com\\\/pl\\\/#\\\/schema\\\/logo\\\/image\\\/\",\"url\":\"https:\\\/\\\/hense-systeme.com\\\/wp-content\\\/uploads\\\/2024\\\/02\\\/hense_logo.svg\",\"contentUrl\":\"https:\\\/\\\/hense-systeme.com\\\/wp-content\\\/uploads\\\/2024\\\/02\\\/hense_logo.svg\",\"width\":241,\"height\":76,\"caption\":\"Hense Systemtechnik GmbH &amp; Co. KG\"},\"image\":{\"@id\":\"https:\\\/\\\/hense-systeme.com\\\/pl\\\/#\\\/schema\\\/logo\\\/image\\\/\"}}]}<\/script>\n<!-- \/ Yoast SEO plugin. -->","yoast_head_json":{"title":"Obrotowy silnik \u0142opatkowy HSS do bardzo dynamicznych system\u00f3w","description":"Hydrauliczne silniki obrotowe serii HSS z promieniowymi i osiowymi wa\u0142ami nap\u0119dowymi z \u0142o\u017cyskami \u015blizgowymi do p\u00f3\u0142dynamicznych test\u00f3w skr\u0119cania! Dowiedz si\u0119 wi\u0119cej ju\u017c teraz!","robots":{"index":"index","follow":"follow","max-snippet":"max-snippet:-1","max-image-preview":"max-image-preview:large","max-video-preview":"max-video-preview:-1"},"canonical":"https:\/\/hense-systeme.com\/pl\/produkt\/seria-hss\/","og_locale":"pl_PL","og_type":"article","og_title":"Obrotowy silnik \u0142opatkowy HSS do bardzo dynamicznych system\u00f3w","og_description":"Hydrauliczne silniki obrotowe serii HSS z promieniowymi i osiowymi wa\u0142ami nap\u0119dowymi z \u0142o\u017cyskami \u015blizgowymi do p\u00f3\u0142dynamicznych test\u00f3w skr\u0119cania! Dowiedz si\u0119 wi\u0119cej ju\u017c teraz!","og_url":"https:\/\/hense-systeme.com\/pl\/produkt\/seria-hss\/","og_site_name":"Hense Systemtechnik GmbH &amp; Co. KG","article_modified_time":"2025-06-11T11:33:11+00:00","og_image":[{"width":450,"height":412,"url":"https:\/\/hense-systeme.com\/wp-content\/uploads\/produkte_baureihe-hss_02.png","type":"image\/png"}],"twitter_card":"summary_large_image","twitter_misc":{"Szacowany czas czytania":"1 minuta"},"schema":{"@context":"https:\/\/schema.org","@graph":[{"@type":"WebPage","@id":"https:\/\/hense-systeme.com\/pl\/produkt\/seria-hss\/","url":"https:\/\/hense-systeme.com\/pl\/produkt\/seria-hss\/","name":"Obrotowy silnik \u0142opatkowy HSS do bardzo dynamicznych system\u00f3w","isPartOf":{"@id":"https:\/\/hense-systeme.com\/pl\/#website"},"primaryImageOfPage":{"@id":"https:\/\/hense-systeme.com\/pl\/produkt\/seria-hss\/#primaryimage"},"image":{"@id":"https:\/\/hense-systeme.com\/pl\/produkt\/seria-hss\/#primaryimage"},"thumbnailUrl":"https:\/\/hense-systeme.com\/wp-content\/uploads\/produkte_baureihe-hss_02.png","datePublished":"2024-02-13T13:02:54+00:00","dateModified":"2025-06-11T11:33:11+00:00","description":"Hydrauliczne silniki obrotowe serii HSS z promieniowymi i osiowymi wa\u0142ami nap\u0119dowymi z \u0142o\u017cyskami \u015blizgowymi do p\u00f3\u0142dynamicznych test\u00f3w skr\u0119cania! Dowiedz si\u0119 wi\u0119cej ju\u017c teraz!","breadcrumb":{"@id":"https:\/\/hense-systeme.com\/pl\/produkt\/seria-hss\/#breadcrumb"},"inLanguage":"pl-PL","potentialAction":[{"@type":"ReadAction","target":["https:\/\/hense-systeme.com\/pl\/produkt\/seria-hss\/"]}]},{"@type":"ImageObject","inLanguage":"pl-PL","@id":"https:\/\/hense-systeme.com\/pl\/produkt\/seria-hss\/#primaryimage","url":"https:\/\/hense-systeme.com\/wp-content\/uploads\/produkte_baureihe-hss_02.png","contentUrl":"https:\/\/hense-systeme.com\/wp-content\/uploads\/produkte_baureihe-hss_02.png","width":450,"height":412},{"@type":"BreadcrumbList","@id":"https:\/\/hense-systeme.com\/pl\/produkt\/seria-hss\/#breadcrumb","itemListElement":[{"@type":"ListItem","position":1,"name":"Startseite","item":"https:\/\/hense-systeme.com\/pl\/"},{"@type":"ListItem","position":2,"name":"Produkte","item":"https:\/\/hense-systeme.com\/pl\/produkt\/"},{"@type":"ListItem","position":3,"name":"Silnik obrotowy HSS"}]},{"@type":"WebSite","@id":"https:\/\/hense-systeme.com\/pl\/#website","url":"https:\/\/hense-systeme.com\/pl\/","name":"Hense Systemtechnik GmbH &amp; Co. KG","description":"","publisher":{"@id":"https:\/\/hense-systeme.com\/pl\/#organization"},"potentialAction":[{"@type":"SearchAction","target":{"@type":"EntryPoint","urlTemplate":"https:\/\/hense-systeme.com\/pl\/?s={search_term_string}"},"query-input":{"@type":"PropertyValueSpecification","valueRequired":true,"valueName":"search_term_string"}}],"inLanguage":"pl-PL"},{"@type":"Organization","@id":"https:\/\/hense-systeme.com\/pl\/#organization","name":"Hense Systemtechnik GmbH &amp; Co. KG","url":"https:\/\/hense-systeme.com\/pl\/","logo":{"@type":"ImageObject","inLanguage":"pl-PL","@id":"https:\/\/hense-systeme.com\/pl\/#\/schema\/logo\/image\/","url":"https:\/\/hense-systeme.com\/wp-content\/uploads\/2024\/02\/hense_logo.svg","contentUrl":"https:\/\/hense-systeme.com\/wp-content\/uploads\/2024\/02\/hense_logo.svg","width":241,"height":76,"caption":"Hense Systemtechnik GmbH &amp; Co. KG"},"image":{"@id":"https:\/\/hense-systeme.com\/pl\/#\/schema\/logo\/image\/"}}]}},"_links":{"self":[{"href":"https:\/\/hense-systeme.com\/pl\/wp-json\/wp\/v2\/product\/6597","targetHints":{"allow":["GET"]}}],"collection":[{"href":"https:\/\/hense-systeme.com\/pl\/wp-json\/wp\/v2\/product"}],"about":[{"href":"https:\/\/hense-systeme.com\/pl\/wp-json\/wp\/v2\/types\/product"}],"version-history":[{"count":3,"href":"https:\/\/hense-systeme.com\/pl\/wp-json\/wp\/v2\/product\/6597\/revisions"}],"predecessor-version":[{"id":10935,"href":"https:\/\/hense-systeme.com\/pl\/wp-json\/wp\/v2\/product\/6597\/revisions\/10935"}],"wp:featuredmedia":[{"embeddable":true,"href":"https:\/\/hense-systeme.com\/pl\/wp-json\/wp\/v2\/media\/7406"}],"wp:attachment":[{"href":"https:\/\/hense-systeme.com\/pl\/wp-json\/wp\/v2\/media?parent=6597"}],"wp:term":[{"taxonomy":"product_applications","embeddable":true,"href":"https:\/\/hense-systeme.com\/pl\/wp-json\/wp\/v2\/product_applications?post=6597"},{"taxonomy":"product_category","embeddable":true,"href":"https:\/\/hense-systeme.com\/pl\/wp-json\/wp\/v2\/product_category?post=6597"}],"curies":[{"name":"wp","href":"https:\/\/api.w.org\/{rel}","templated":true}]}}