{"id":6744,"date":"2024-02-13T14:01:50","date_gmt":"2024-02-13T13:01:50","guid":{"rendered":"https:\/\/hense.pixel-tal.de\/produkt\/seria-hse\/"},"modified":"2025-06-11T13:33:06","modified_gmt":"2025-06-11T11:33:06","slug":"seria-hse","status":"publish","type":"product","link":"https:\/\/hense-systeme.com\/pl\/produkt\/seria-hse\/","title":{"rendered":"Silnik obrotowy HSE"},"content":{"rendered":"<p>Nasz silnik do drzwi wahad\u0142owych z serii HSG mo\u017ce by\u0107 stosowany w dowolnej pozycji monta\u017cowej. Silnik obrotowy spe\u0142nia r\u00f3wnie\u017c funkcj\u0119 t\u0142umienia pozycji ko\u0144cowej z lub bez regulowanego ograniczenia k\u0105ta obrotu. Odnosi si\u0119 to do hamowania i spowalniania ruchu obrotowego do zatrzymania. W celu t\u0142umienia, przekr\u00f3j otworu dla wyp\u0142ywaj\u0105cego medium jest stale zmniejszany, a poruszaj\u0105ce si\u0119 masy s\u0105 w ten spos\u00f3b hydraulicznie hamowane. Pozycja ko\u0144cowa jest osi\u0105gana, gdy otw\u00f3r jest ca\u0142kowicie zamkni\u0119ty i medium nie mo\u017ce ju\u017c wyp\u0142ywa\u0107.    <\/p>\n<p>Aby zapewni\u0107 naszym klientom odpowiedni nap\u0119d do wszystkich obszar\u00f3w zastosowa\u0144, silnik obrotowy HSE jest dost\u0119pny w 6 r\u00f3\u017cnych wersjach. Poni\u017cej wymienili\u015bmy najwa\u017cniejsze dane. Wszystkie dalsze szczeg\u00f3\u0142y mo\u017cna znale\u017a\u0107 w naszym arkuszu danych.  <\/p>","protected":false},"excerpt":{"rendered":"<p>Silniki obrotowe pe\u0142ni\u0105 r\u00f3wnie\u017c funkcj\u0119 t\u0142umienia po\u0142o\u017cenia kra\u0144cowego z lub bez regulowanego ograniczenia k\u0105ta obrotu.<\/p>\n","protected":false},"featured_media":11105,"parent":0,"template":"","product_applications":[66,67,68],"product_category":[73],"class_list":["post-6744","product","type-product","status-publish","has-post-thumbnail","hentry","product_applications-ogolna-inzynieria-mechaniczna","product_applications-technologia-przeladunku","product_applications-specjalna-konstrukcja-maszyn","product_category-silniki-obrotowe-do-zastosowan-przemyslowych","no-featured-image-padding"],"acf":[],"yoast_head":"<!-- This site is optimized with the Yoast SEO plugin v27.3 - https:\/\/yoast.com\/product\/yoast-seo-wordpress\/ -->\n<title>Silnik drzwi skrzyd\u0142owych z t\u0142umieniem po\u0142o\u017cenia kra\u0144cowego | Seria HSE<\/title>\n<meta name=\"description\" content=\"Silnik obrotowy HSE z funkcj\u0105 t\u0142umienia po\u0142o\u017ce\u0144 kra\u0144cowych. Do hamowania ruch\u00f3w obrotowych \u2713 \u25ba Dowiedz si\u0119 wi\u0119cej i uzyskaj porad\u0119 ju\u017c teraz!\" \/>\n<meta name=\"robots\" content=\"index, follow, max-snippet:-1, max-image-preview:large, max-video-preview:-1\" \/>\n<link rel=\"canonical\" href=\"https:\/\/hense-systeme.com\/pl\/produkt\/seria-hse\/\" \/>\n<meta property=\"og:locale\" content=\"pl_PL\" \/>\n<meta property=\"og:type\" content=\"article\" \/>\n<meta property=\"og:title\" content=\"Silnik drzwi skrzyd\u0142owych z t\u0142umieniem po\u0142o\u017cenia kra\u0144cowego | Seria HSE\" \/>\n<meta property=\"og:description\" content=\"Silnik obrotowy HSE z funkcj\u0105 t\u0142umienia po\u0142o\u017ce\u0144 kra\u0144cowych. Do hamowania ruch\u00f3w obrotowych \u2713 \u25ba Dowiedz si\u0119 wi\u0119cej i uzyskaj porad\u0119 ju\u017c teraz!\" \/>\n<meta property=\"og:url\" content=\"https:\/\/hense-systeme.com\/pl\/produkt\/seria-hse\/\" \/>\n<meta property=\"og:site_name\" content=\"Hense Systemtechnik GmbH &amp; Co. KG\" \/>\n<meta property=\"article:modified_time\" content=\"2025-06-11T11:33:06+00:00\" \/>\n<meta property=\"og:image\" content=\"https:\/\/hense-systeme.com\/wp-content\/uploads\/produkte_baureihe-hse_02.png\" \/>\n\t<meta property=\"og:image:width\" content=\"650\" \/>\n\t<meta property=\"og:image:height\" content=\"420\" \/>\n\t<meta property=\"og:image:type\" content=\"image\/png\" \/>\n<meta name=\"twitter:card\" content=\"summary_large_image\" \/>\n<meta name=\"twitter:label1\" content=\"Szacowany czas czytania\" \/>\n\t<meta name=\"twitter:data1\" content=\"1 minuta\" \/>\n<script type=\"application\/ld+json\" class=\"yoast-schema-graph\">{\"@context\":\"https:\\\/\\\/schema.org\",\"@graph\":[{\"@type\":\"WebPage\",\"@id\":\"https:\\\/\\\/hense-systeme.com\\\/pl\\\/produkt\\\/seria-hse\\\/\",\"url\":\"https:\\\/\\\/hense-systeme.com\\\/pl\\\/produkt\\\/seria-hse\\\/\",\"name\":\"Silnik drzwi skrzyd\u0142owych z t\u0142umieniem po\u0142o\u017cenia kra\u0144cowego | Seria HSE\",\"isPartOf\":{\"@id\":\"https:\\\/\\\/hense-systeme.com\\\/pl\\\/#website\"},\"primaryImageOfPage\":{\"@id\":\"https:\\\/\\\/hense-systeme.com\\\/pl\\\/produkt\\\/seria-hse\\\/#primaryimage\"},\"image\":{\"@id\":\"https:\\\/\\\/hense-systeme.com\\\/pl\\\/produkt\\\/seria-hse\\\/#primaryimage\"},\"thumbnailUrl\":\"https:\\\/\\\/hense-systeme.com\\\/wp-content\\\/uploads\\\/baureihe_hse-1.png\",\"datePublished\":\"2024-02-13T13:01:50+00:00\",\"dateModified\":\"2025-06-11T11:33:06+00:00\",\"description\":\"Silnik obrotowy HSE z funkcj\u0105 t\u0142umienia po\u0142o\u017ce\u0144 kra\u0144cowych. Do hamowania ruch\u00f3w obrotowych \u2713 \u25ba Dowiedz si\u0119 wi\u0119cej i uzyskaj porad\u0119 ju\u017c teraz!\",\"breadcrumb\":{\"@id\":\"https:\\\/\\\/hense-systeme.com\\\/pl\\\/produkt\\\/seria-hse\\\/#breadcrumb\"},\"inLanguage\":\"pl-PL\",\"potentialAction\":[{\"@type\":\"ReadAction\",\"target\":[\"https:\\\/\\\/hense-systeme.com\\\/pl\\\/produkt\\\/seria-hse\\\/\"]}]},{\"@type\":\"ImageObject\",\"inLanguage\":\"pl-PL\",\"@id\":\"https:\\\/\\\/hense-systeme.com\\\/pl\\\/produkt\\\/seria-hse\\\/#primaryimage\",\"url\":\"https:\\\/\\\/hense-systeme.com\\\/wp-content\\\/uploads\\\/baureihe_hse-1.png\",\"contentUrl\":\"https:\\\/\\\/hense-systeme.com\\\/wp-content\\\/uploads\\\/baureihe_hse-1.png\",\"width\":252,\"height\":217},{\"@type\":\"BreadcrumbList\",\"@id\":\"https:\\\/\\\/hense-systeme.com\\\/pl\\\/produkt\\\/seria-hse\\\/#breadcrumb\",\"itemListElement\":[{\"@type\":\"ListItem\",\"position\":1,\"name\":\"Startseite\",\"item\":\"https:\\\/\\\/hense-systeme.com\\\/pl\\\/\"},{\"@type\":\"ListItem\",\"position\":2,\"name\":\"Produkte\",\"item\":\"https:\\\/\\\/hense-systeme.com\\\/pl\\\/produkt\\\/\"},{\"@type\":\"ListItem\",\"position\":3,\"name\":\"Silnik obrotowy HSE\"}]},{\"@type\":\"WebSite\",\"@id\":\"https:\\\/\\\/hense-systeme.com\\\/pl\\\/#website\",\"url\":\"https:\\\/\\\/hense-systeme.com\\\/pl\\\/\",\"name\":\"Hense Systemtechnik GmbH &amp; Co. KG\",\"description\":\"\",\"publisher\":{\"@id\":\"https:\\\/\\\/hense-systeme.com\\\/pl\\\/#organization\"},\"potentialAction\":[{\"@type\":\"SearchAction\",\"target\":{\"@type\":\"EntryPoint\",\"urlTemplate\":\"https:\\\/\\\/hense-systeme.com\\\/pl\\\/?s={search_term_string}\"},\"query-input\":{\"@type\":\"PropertyValueSpecification\",\"valueRequired\":true,\"valueName\":\"search_term_string\"}}],\"inLanguage\":\"pl-PL\"},{\"@type\":\"Organization\",\"@id\":\"https:\\\/\\\/hense-systeme.com\\\/pl\\\/#organization\",\"name\":\"Hense Systemtechnik GmbH &amp; Co. KG\",\"url\":\"https:\\\/\\\/hense-systeme.com\\\/pl\\\/\",\"logo\":{\"@type\":\"ImageObject\",\"inLanguage\":\"pl-PL\",\"@id\":\"https:\\\/\\\/hense-systeme.com\\\/pl\\\/#\\\/schema\\\/logo\\\/image\\\/\",\"url\":\"https:\\\/\\\/hense-systeme.com\\\/wp-content\\\/uploads\\\/2024\\\/02\\\/hense_logo.svg\",\"contentUrl\":\"https:\\\/\\\/hense-systeme.com\\\/wp-content\\\/uploads\\\/2024\\\/02\\\/hense_logo.svg\",\"width\":241,\"height\":76,\"caption\":\"Hense Systemtechnik GmbH &amp; Co. KG\"},\"image\":{\"@id\":\"https:\\\/\\\/hense-systeme.com\\\/pl\\\/#\\\/schema\\\/logo\\\/image\\\/\"}}]}<\/script>\n<!-- \/ Yoast SEO plugin. -->","yoast_head_json":{"title":"Silnik drzwi skrzyd\u0142owych z t\u0142umieniem po\u0142o\u017cenia kra\u0144cowego | Seria HSE","description":"Silnik obrotowy HSE z funkcj\u0105 t\u0142umienia po\u0142o\u017ce\u0144 kra\u0144cowych. Do hamowania ruch\u00f3w obrotowych \u2713 \u25ba Dowiedz si\u0119 wi\u0119cej i uzyskaj porad\u0119 ju\u017c teraz!","robots":{"index":"index","follow":"follow","max-snippet":"max-snippet:-1","max-image-preview":"max-image-preview:large","max-video-preview":"max-video-preview:-1"},"canonical":"https:\/\/hense-systeme.com\/pl\/produkt\/seria-hse\/","og_locale":"pl_PL","og_type":"article","og_title":"Silnik drzwi skrzyd\u0142owych z t\u0142umieniem po\u0142o\u017cenia kra\u0144cowego | Seria HSE","og_description":"Silnik obrotowy HSE z funkcj\u0105 t\u0142umienia po\u0142o\u017ce\u0144 kra\u0144cowych. Do hamowania ruch\u00f3w obrotowych \u2713 \u25ba Dowiedz si\u0119 wi\u0119cej i uzyskaj porad\u0119 ju\u017c teraz!","og_url":"https:\/\/hense-systeme.com\/pl\/produkt\/seria-hse\/","og_site_name":"Hense Systemtechnik GmbH &amp; Co. KG","article_modified_time":"2025-06-11T11:33:06+00:00","og_image":[{"width":650,"height":420,"url":"https:\/\/hense-systeme.com\/wp-content\/uploads\/produkte_baureihe-hse_02.png","type":"image\/png"}],"twitter_card":"summary_large_image","twitter_misc":{"Szacowany czas czytania":"1 minuta"},"schema":{"@context":"https:\/\/schema.org","@graph":[{"@type":"WebPage","@id":"https:\/\/hense-systeme.com\/pl\/produkt\/seria-hse\/","url":"https:\/\/hense-systeme.com\/pl\/produkt\/seria-hse\/","name":"Silnik drzwi skrzyd\u0142owych z t\u0142umieniem po\u0142o\u017cenia kra\u0144cowego | Seria HSE","isPartOf":{"@id":"https:\/\/hense-systeme.com\/pl\/#website"},"primaryImageOfPage":{"@id":"https:\/\/hense-systeme.com\/pl\/produkt\/seria-hse\/#primaryimage"},"image":{"@id":"https:\/\/hense-systeme.com\/pl\/produkt\/seria-hse\/#primaryimage"},"thumbnailUrl":"https:\/\/hense-systeme.com\/wp-content\/uploads\/baureihe_hse-1.png","datePublished":"2024-02-13T13:01:50+00:00","dateModified":"2025-06-11T11:33:06+00:00","description":"Silnik obrotowy HSE z funkcj\u0105 t\u0142umienia po\u0142o\u017ce\u0144 kra\u0144cowych. Do hamowania ruch\u00f3w obrotowych \u2713 \u25ba Dowiedz si\u0119 wi\u0119cej i uzyskaj porad\u0119 ju\u017c teraz!","breadcrumb":{"@id":"https:\/\/hense-systeme.com\/pl\/produkt\/seria-hse\/#breadcrumb"},"inLanguage":"pl-PL","potentialAction":[{"@type":"ReadAction","target":["https:\/\/hense-systeme.com\/pl\/produkt\/seria-hse\/"]}]},{"@type":"ImageObject","inLanguage":"pl-PL","@id":"https:\/\/hense-systeme.com\/pl\/produkt\/seria-hse\/#primaryimage","url":"https:\/\/hense-systeme.com\/wp-content\/uploads\/baureihe_hse-1.png","contentUrl":"https:\/\/hense-systeme.com\/wp-content\/uploads\/baureihe_hse-1.png","width":252,"height":217},{"@type":"BreadcrumbList","@id":"https:\/\/hense-systeme.com\/pl\/produkt\/seria-hse\/#breadcrumb","itemListElement":[{"@type":"ListItem","position":1,"name":"Startseite","item":"https:\/\/hense-systeme.com\/pl\/"},{"@type":"ListItem","position":2,"name":"Produkte","item":"https:\/\/hense-systeme.com\/pl\/produkt\/"},{"@type":"ListItem","position":3,"name":"Silnik obrotowy HSE"}]},{"@type":"WebSite","@id":"https:\/\/hense-systeme.com\/pl\/#website","url":"https:\/\/hense-systeme.com\/pl\/","name":"Hense Systemtechnik GmbH &amp; Co. KG","description":"","publisher":{"@id":"https:\/\/hense-systeme.com\/pl\/#organization"},"potentialAction":[{"@type":"SearchAction","target":{"@type":"EntryPoint","urlTemplate":"https:\/\/hense-systeme.com\/pl\/?s={search_term_string}"},"query-input":{"@type":"PropertyValueSpecification","valueRequired":true,"valueName":"search_term_string"}}],"inLanguage":"pl-PL"},{"@type":"Organization","@id":"https:\/\/hense-systeme.com\/pl\/#organization","name":"Hense Systemtechnik GmbH &amp; Co. KG","url":"https:\/\/hense-systeme.com\/pl\/","logo":{"@type":"ImageObject","inLanguage":"pl-PL","@id":"https:\/\/hense-systeme.com\/pl\/#\/schema\/logo\/image\/","url":"https:\/\/hense-systeme.com\/wp-content\/uploads\/2024\/02\/hense_logo.svg","contentUrl":"https:\/\/hense-systeme.com\/wp-content\/uploads\/2024\/02\/hense_logo.svg","width":241,"height":76,"caption":"Hense Systemtechnik GmbH &amp; Co. KG"},"image":{"@id":"https:\/\/hense-systeme.com\/pl\/#\/schema\/logo\/image\/"}}]}},"_links":{"self":[{"href":"https:\/\/hense-systeme.com\/pl\/wp-json\/wp\/v2\/product\/6744","targetHints":{"allow":["GET"]}}],"collection":[{"href":"https:\/\/hense-systeme.com\/pl\/wp-json\/wp\/v2\/product"}],"about":[{"href":"https:\/\/hense-systeme.com\/pl\/wp-json\/wp\/v2\/types\/product"}],"version-history":[{"count":5,"href":"https:\/\/hense-systeme.com\/pl\/wp-json\/wp\/v2\/product\/6744\/revisions"}],"predecessor-version":[{"id":10926,"href":"https:\/\/hense-systeme.com\/pl\/wp-json\/wp\/v2\/product\/6744\/revisions\/10926"}],"wp:featuredmedia":[{"embeddable":true,"href":"https:\/\/hense-systeme.com\/pl\/wp-json\/wp\/v2\/media\/11105"}],"wp:attachment":[{"href":"https:\/\/hense-systeme.com\/pl\/wp-json\/wp\/v2\/media?parent=6744"}],"wp:term":[{"taxonomy":"product_applications","embeddable":true,"href":"https:\/\/hense-systeme.com\/pl\/wp-json\/wp\/v2\/product_applications?post=6744"},{"taxonomy":"product_category","embeddable":true,"href":"https:\/\/hense-systeme.com\/pl\/wp-json\/wp\/v2\/product_category?post=6744"}],"curies":[{"name":"wp","href":"https:\/\/api.w.org\/{rel}","templated":true}]}}