{"id":6868,"date":"2024-02-13T14:02:53","date_gmt":"2024-02-13T13:02:53","guid":{"rendered":"https:\/\/hense.pixel-tal.de\/produkt\/seria-hsh\/"},"modified":"2025-06-11T13:33:05","modified_gmt":"2025-06-11T11:33:05","slug":"seria-hsh","status":"publish","type":"product","link":"https:\/\/hense-systeme.com\/pl\/produkt\/seria-hsh\/","title":{"rendered":"Silnik obrotowy HSH"},"content":{"rendered":"<p>Nasz obrotowy silnik \u0142opatkowy serii HSH mo\u017ce by\u0107 u\u017cywany w dowolnej pozycji monta\u017cowej. Wa\u0142 wyj\u015bciowy silnika obrotowego jest zamontowany na promieniowych i osiowych \u0142o\u017cyskach hydrostatycznych. \u0141o\u017cyska promieniowe i osiowe s\u0105 zasilane olejem pod ci\u015bnieniem za po\u015brednictwem oddzielnego przy\u0142\u0105cza ci\u015bnieniowego. W rezultacie wa\u0142 wyj\u015bciowy jest wy\u015brodkowany promieniowo i osiowo mi\u0119dzy poduszkami p\u0142ynu, a wszystkie metalowe powierzchnie styku s\u0105 trwale oddzielone od siebie cienk\u0105 warstw\u0105 p\u0142ynu. Eliminuje to zu\u017cycie spowodowane tarciem metalicznym w ka\u017cdym stanie roboczym, nawet przy zerowej pr\u0119dko\u015bci w por\u00f3wnaniu z hydrodynamicznymi \u0142o\u017cyskami \u015blizgowymi.    <\/p>\n<p>W po\u0142\u0105czeniu z wysoce dynamicznymi zaworami steruj\u0105cymi i czujnikami k\u0105ta obrotu, si\u0142owniki te s\u0105 preferowane do stosowania w systemach sterowanych, w kt\u00f3rych zmienne zak\u0142\u00f3caj\u0105ce, takie jak tarcie wewn\u0119trzne i efekt stick-slip, musz\u0105 by\u0107 zminimalizowane. Ponadto, ze wzgl\u0119du na brak wewn\u0119trznych uszczelek, s\u0105 one idealne do serii testowych z du\u017cymi cyklami obci\u0105\u017cenia, w kt\u00f3rych przerwa, np. z powodu wymiany wewn\u0119trznych uszczelek, jest niedozwolona. <\/p>\n<p>Seria HSH jest zatem predestynowana do stosowania jako <strong>serwo-hydrauliczny przetwornik hydrauliczny<\/strong> i jako <strong>hydrauliczny silnik napinaj\u0105cy<\/strong> na <strong>stanowiskach testowych napinania<\/strong>.<\/p>\n<p><img loading=\"lazy\" decoding=\"async\" class=\"alignnone wp-image-3196 size-full\" style=\"color: #333333; font-family: -apple-system, system-ui, BlinkMacSystemFont, 'Segoe UI', Helvetica, Arial, sans-serif, 'Apple Color Emoji', 'Segoe UI Emoji', 'Segoe UI Symbol'; font-size: 17px; font-weight: 400; letter-spacing: normal;\" src=\"https:\/\/hense-systeme.com\/wp-content\/uploads\/baureihe_hss_specs.png\" alt=\"\" width=\"830\" height=\"392\" srcset=\"https:\/\/hense-systeme.com\/wp-content\/uploads\/baureihe_hss_specs.png 830w, https:\/\/hense-systeme.com\/wp-content\/uploads\/baureihe_hss_specs-300x142.png 300w, https:\/\/hense-systeme.com\/wp-content\/uploads\/baureihe_hss_specs-768x363.png 768w, https:\/\/hense-systeme.com\/wp-content\/uploads\/baureihe_hss_specs-1x1.png 1w\" sizes=\"auto, (max-width: 830px) 100vw, 830px\" \/><\/p>\n<p><strong>Stanowisko<\/strong><strong>testowe<\/strong><strong>do napinania<\/strong><strong><br \/>\n<\/strong>Hydrauliczny silnik napinaj\u0105cy jest zintegrowany z zamkni\u0119tym obwodem napinaj\u0105cym ze sprz\u0119\u017ceniem zwrotnym mocy. Silnik obrotowy obraca si\u0119 i jest zasilany energi\u0105 za po\u015brednictwem wielo\u015bcie\u017ckowego przepustu obrotowego, podczas gdy w kontrolowany spos\u00f3b przyk\u0142ada statyczny, quasi-statyczny lub dynamiczny moment skr\u0119caj\u0105cy do obracaj\u0105cych si\u0119 splot\u00f3w. <\/p>\n<p>Oferujemy niestandardowe rozwi\u0105zania dla szerokiego zakresu zastosowa\u0144. Nasz wykwalifikowany zesp\u00f3\u0142 z przyjemno\u015bci\u0105 doradzi w zakresie projektowania i realizacji. <\/p>","protected":false},"excerpt":{"rendered":"<p>Silniki HSH s\u0105 preferowane w wysoce dynamicznie sterowanych systemach z oscylacyjnymi ruchami obrotowymi, w kt\u00f3rych zmienne zak\u0142\u00f3caj\u0105ce, takie jak tarcie naturalne i efekt stick-slip, musz\u0105 by\u0107 zredukowane do minimum i musi by\u0107 osi\u0105gni\u0119ta najwy\u017csza liczba cykli obci\u0105\u017cenia.<\/p>\n","protected":false},"featured_media":6869,"parent":0,"template":"","product_applications":[],"product_category":[72],"class_list":["post-6868","product","type-product","status-publish","has-post-thumbnail","hentry","product_category-technologia-stanowiska-testowego","no-featured-image-padding"],"acf":[],"yoast_head":"<!-- This site is optimized with the Yoast SEO plugin v27.3 - https:\/\/yoast.com\/product\/yoast-seo-wordpress\/ -->\n<title>Obrotowy silnik \u0142opatkowy z wa\u0142em nap\u0119dowym | Seria HSH<\/title>\n<meta name=\"description\" content=\"Hydrauliczne silniki obrotowe z serii HSH z promieniowymi i osiowymi hydrostatycznymi \u0142o\u017cyskowanymi wa\u0142ami nap\u0119dowymi do sterowanych system\u00f3w i serii testowych \u25ba Dowiedz si\u0119 wi\u0119cej ju\u017c teraz!\" \/>\n<meta name=\"robots\" content=\"index, follow, max-snippet:-1, max-image-preview:large, max-video-preview:-1\" \/>\n<link rel=\"canonical\" href=\"https:\/\/hense-systeme.com\/pl\/produkt\/seria-hsh\/\" \/>\n<meta property=\"og:locale\" content=\"pl_PL\" \/>\n<meta property=\"og:type\" content=\"article\" \/>\n<meta property=\"og:title\" content=\"Obrotowy silnik \u0142opatkowy z wa\u0142em nap\u0119dowym | Seria HSH\" \/>\n<meta property=\"og:description\" content=\"Hydrauliczne silniki obrotowe z serii HSH z promieniowymi i osiowymi hydrostatycznymi \u0142o\u017cyskowanymi wa\u0142ami nap\u0119dowymi do sterowanych system\u00f3w i serii testowych \u25ba Dowiedz si\u0119 wi\u0119cej ju\u017c teraz!\" \/>\n<meta property=\"og:url\" content=\"https:\/\/hense-systeme.com\/pl\/produkt\/seria-hsh\/\" \/>\n<meta property=\"og:site_name\" content=\"Hense Systemtechnik GmbH &amp; Co. KG\" \/>\n<meta property=\"article:modified_time\" content=\"2025-06-11T11:33:05+00:00\" \/>\n<meta property=\"og:image\" content=\"https:\/\/hense-systeme.com\/wp-content\/uploads\/produkte_baureihe-hsh.png\" \/>\n\t<meta property=\"og:image:width\" content=\"467\" \/>\n\t<meta property=\"og:image:height\" content=\"442\" \/>\n\t<meta property=\"og:image:type\" content=\"image\/png\" \/>\n<meta name=\"twitter:card\" content=\"summary_large_image\" \/>\n<meta name=\"twitter:label1\" content=\"Szacowany czas czytania\" \/>\n\t<meta name=\"twitter:data1\" content=\"2 minuty\" \/>\n<script type=\"application\/ld+json\" class=\"yoast-schema-graph\">{\"@context\":\"https:\\\/\\\/schema.org\",\"@graph\":[{\"@type\":\"WebPage\",\"@id\":\"https:\\\/\\\/hense-systeme.com\\\/pl\\\/produkt\\\/seria-hsh\\\/\",\"url\":\"https:\\\/\\\/hense-systeme.com\\\/pl\\\/produkt\\\/seria-hsh\\\/\",\"name\":\"Obrotowy silnik \u0142opatkowy z wa\u0142em nap\u0119dowym | Seria HSH\",\"isPartOf\":{\"@id\":\"https:\\\/\\\/hense-systeme.com\\\/pl\\\/#website\"},\"primaryImageOfPage\":{\"@id\":\"https:\\\/\\\/hense-systeme.com\\\/pl\\\/produkt\\\/seria-hsh\\\/#primaryimage\"},\"image\":{\"@id\":\"https:\\\/\\\/hense-systeme.com\\\/pl\\\/produkt\\\/seria-hsh\\\/#primaryimage\"},\"thumbnailUrl\":\"https:\\\/\\\/hense-systeme.com\\\/wp-content\\\/uploads\\\/produkte_baureihe-hsh.png\",\"datePublished\":\"2024-02-13T13:02:53+00:00\",\"dateModified\":\"2025-06-11T11:33:05+00:00\",\"description\":\"Hydrauliczne silniki obrotowe z serii HSH z promieniowymi i osiowymi hydrostatycznymi \u0142o\u017cyskowanymi wa\u0142ami nap\u0119dowymi do sterowanych system\u00f3w i serii testowych \u25ba Dowiedz si\u0119 wi\u0119cej ju\u017c teraz!\",\"breadcrumb\":{\"@id\":\"https:\\\/\\\/hense-systeme.com\\\/pl\\\/produkt\\\/seria-hsh\\\/#breadcrumb\"},\"inLanguage\":\"pl-PL\",\"potentialAction\":[{\"@type\":\"ReadAction\",\"target\":[\"https:\\\/\\\/hense-systeme.com\\\/pl\\\/produkt\\\/seria-hsh\\\/\"]}]},{\"@type\":\"ImageObject\",\"inLanguage\":\"pl-PL\",\"@id\":\"https:\\\/\\\/hense-systeme.com\\\/pl\\\/produkt\\\/seria-hsh\\\/#primaryimage\",\"url\":\"https:\\\/\\\/hense-systeme.com\\\/wp-content\\\/uploads\\\/produkte_baureihe-hsh.png\",\"contentUrl\":\"https:\\\/\\\/hense-systeme.com\\\/wp-content\\\/uploads\\\/produkte_baureihe-hsh.png\",\"width\":467,\"height\":442},{\"@type\":\"BreadcrumbList\",\"@id\":\"https:\\\/\\\/hense-systeme.com\\\/pl\\\/produkt\\\/seria-hsh\\\/#breadcrumb\",\"itemListElement\":[{\"@type\":\"ListItem\",\"position\":1,\"name\":\"Startseite\",\"item\":\"https:\\\/\\\/hense-systeme.com\\\/pl\\\/\"},{\"@type\":\"ListItem\",\"position\":2,\"name\":\"Produkte\",\"item\":\"https:\\\/\\\/hense-systeme.com\\\/pl\\\/produkt\\\/\"},{\"@type\":\"ListItem\",\"position\":3,\"name\":\"Silnik obrotowy HSH\"}]},{\"@type\":\"WebSite\",\"@id\":\"https:\\\/\\\/hense-systeme.com\\\/pl\\\/#website\",\"url\":\"https:\\\/\\\/hense-systeme.com\\\/pl\\\/\",\"name\":\"Hense Systemtechnik GmbH &amp; Co. KG\",\"description\":\"\",\"publisher\":{\"@id\":\"https:\\\/\\\/hense-systeme.com\\\/pl\\\/#organization\"},\"potentialAction\":[{\"@type\":\"SearchAction\",\"target\":{\"@type\":\"EntryPoint\",\"urlTemplate\":\"https:\\\/\\\/hense-systeme.com\\\/pl\\\/?s={search_term_string}\"},\"query-input\":{\"@type\":\"PropertyValueSpecification\",\"valueRequired\":true,\"valueName\":\"search_term_string\"}}],\"inLanguage\":\"pl-PL\"},{\"@type\":\"Organization\",\"@id\":\"https:\\\/\\\/hense-systeme.com\\\/pl\\\/#organization\",\"name\":\"Hense Systemtechnik GmbH &amp; Co. KG\",\"url\":\"https:\\\/\\\/hense-systeme.com\\\/pl\\\/\",\"logo\":{\"@type\":\"ImageObject\",\"inLanguage\":\"pl-PL\",\"@id\":\"https:\\\/\\\/hense-systeme.com\\\/pl\\\/#\\\/schema\\\/logo\\\/image\\\/\",\"url\":\"https:\\\/\\\/hense-systeme.com\\\/wp-content\\\/uploads\\\/2024\\\/02\\\/hense_logo.svg\",\"contentUrl\":\"https:\\\/\\\/hense-systeme.com\\\/wp-content\\\/uploads\\\/2024\\\/02\\\/hense_logo.svg\",\"width\":241,\"height\":76,\"caption\":\"Hense Systemtechnik GmbH &amp; Co. KG\"},\"image\":{\"@id\":\"https:\\\/\\\/hense-systeme.com\\\/pl\\\/#\\\/schema\\\/logo\\\/image\\\/\"}}]}<\/script>\n<!-- \/ Yoast SEO plugin. -->","yoast_head_json":{"title":"Obrotowy silnik \u0142opatkowy z wa\u0142em nap\u0119dowym | Seria HSH","description":"Hydrauliczne silniki obrotowe z serii HSH z promieniowymi i osiowymi hydrostatycznymi \u0142o\u017cyskowanymi wa\u0142ami nap\u0119dowymi do sterowanych system\u00f3w i serii testowych \u25ba Dowiedz si\u0119 wi\u0119cej ju\u017c teraz!","robots":{"index":"index","follow":"follow","max-snippet":"max-snippet:-1","max-image-preview":"max-image-preview:large","max-video-preview":"max-video-preview:-1"},"canonical":"https:\/\/hense-systeme.com\/pl\/produkt\/seria-hsh\/","og_locale":"pl_PL","og_type":"article","og_title":"Obrotowy silnik \u0142opatkowy z wa\u0142em nap\u0119dowym | Seria HSH","og_description":"Hydrauliczne silniki obrotowe z serii HSH z promieniowymi i osiowymi hydrostatycznymi \u0142o\u017cyskowanymi wa\u0142ami nap\u0119dowymi do sterowanych system\u00f3w i serii testowych \u25ba Dowiedz si\u0119 wi\u0119cej ju\u017c teraz!","og_url":"https:\/\/hense-systeme.com\/pl\/produkt\/seria-hsh\/","og_site_name":"Hense Systemtechnik GmbH &amp; Co. KG","article_modified_time":"2025-06-11T11:33:05+00:00","og_image":[{"width":467,"height":442,"url":"https:\/\/hense-systeme.com\/wp-content\/uploads\/produkte_baureihe-hsh.png","type":"image\/png"}],"twitter_card":"summary_large_image","twitter_misc":{"Szacowany czas czytania":"2 minuty"},"schema":{"@context":"https:\/\/schema.org","@graph":[{"@type":"WebPage","@id":"https:\/\/hense-systeme.com\/pl\/produkt\/seria-hsh\/","url":"https:\/\/hense-systeme.com\/pl\/produkt\/seria-hsh\/","name":"Obrotowy silnik \u0142opatkowy z wa\u0142em nap\u0119dowym | Seria HSH","isPartOf":{"@id":"https:\/\/hense-systeme.com\/pl\/#website"},"primaryImageOfPage":{"@id":"https:\/\/hense-systeme.com\/pl\/produkt\/seria-hsh\/#primaryimage"},"image":{"@id":"https:\/\/hense-systeme.com\/pl\/produkt\/seria-hsh\/#primaryimage"},"thumbnailUrl":"https:\/\/hense-systeme.com\/wp-content\/uploads\/produkte_baureihe-hsh.png","datePublished":"2024-02-13T13:02:53+00:00","dateModified":"2025-06-11T11:33:05+00:00","description":"Hydrauliczne silniki obrotowe z serii HSH z promieniowymi i osiowymi hydrostatycznymi \u0142o\u017cyskowanymi wa\u0142ami nap\u0119dowymi do sterowanych system\u00f3w i serii testowych \u25ba Dowiedz si\u0119 wi\u0119cej ju\u017c teraz!","breadcrumb":{"@id":"https:\/\/hense-systeme.com\/pl\/produkt\/seria-hsh\/#breadcrumb"},"inLanguage":"pl-PL","potentialAction":[{"@type":"ReadAction","target":["https:\/\/hense-systeme.com\/pl\/produkt\/seria-hsh\/"]}]},{"@type":"ImageObject","inLanguage":"pl-PL","@id":"https:\/\/hense-systeme.com\/pl\/produkt\/seria-hsh\/#primaryimage","url":"https:\/\/hense-systeme.com\/wp-content\/uploads\/produkte_baureihe-hsh.png","contentUrl":"https:\/\/hense-systeme.com\/wp-content\/uploads\/produkte_baureihe-hsh.png","width":467,"height":442},{"@type":"BreadcrumbList","@id":"https:\/\/hense-systeme.com\/pl\/produkt\/seria-hsh\/#breadcrumb","itemListElement":[{"@type":"ListItem","position":1,"name":"Startseite","item":"https:\/\/hense-systeme.com\/pl\/"},{"@type":"ListItem","position":2,"name":"Produkte","item":"https:\/\/hense-systeme.com\/pl\/produkt\/"},{"@type":"ListItem","position":3,"name":"Silnik obrotowy HSH"}]},{"@type":"WebSite","@id":"https:\/\/hense-systeme.com\/pl\/#website","url":"https:\/\/hense-systeme.com\/pl\/","name":"Hense Systemtechnik GmbH &amp; Co. KG","description":"","publisher":{"@id":"https:\/\/hense-systeme.com\/pl\/#organization"},"potentialAction":[{"@type":"SearchAction","target":{"@type":"EntryPoint","urlTemplate":"https:\/\/hense-systeme.com\/pl\/?s={search_term_string}"},"query-input":{"@type":"PropertyValueSpecification","valueRequired":true,"valueName":"search_term_string"}}],"inLanguage":"pl-PL"},{"@type":"Organization","@id":"https:\/\/hense-systeme.com\/pl\/#organization","name":"Hense Systemtechnik GmbH &amp; Co. KG","url":"https:\/\/hense-systeme.com\/pl\/","logo":{"@type":"ImageObject","inLanguage":"pl-PL","@id":"https:\/\/hense-systeme.com\/pl\/#\/schema\/logo\/image\/","url":"https:\/\/hense-systeme.com\/wp-content\/uploads\/2024\/02\/hense_logo.svg","contentUrl":"https:\/\/hense-systeme.com\/wp-content\/uploads\/2024\/02\/hense_logo.svg","width":241,"height":76,"caption":"Hense Systemtechnik GmbH &amp; Co. KG"},"image":{"@id":"https:\/\/hense-systeme.com\/pl\/#\/schema\/logo\/image\/"}}]}},"_links":{"self":[{"href":"https:\/\/hense-systeme.com\/pl\/wp-json\/wp\/v2\/product\/6868","targetHints":{"allow":["GET"]}}],"collection":[{"href":"https:\/\/hense-systeme.com\/pl\/wp-json\/wp\/v2\/product"}],"about":[{"href":"https:\/\/hense-systeme.com\/pl\/wp-json\/wp\/v2\/types\/product"}],"version-history":[{"count":4,"href":"https:\/\/hense-systeme.com\/pl\/wp-json\/wp\/v2\/product\/6868\/revisions"}],"predecessor-version":[{"id":10925,"href":"https:\/\/hense-systeme.com\/pl\/wp-json\/wp\/v2\/product\/6868\/revisions\/10925"}],"wp:featuredmedia":[{"embeddable":true,"href":"https:\/\/hense-systeme.com\/pl\/wp-json\/wp\/v2\/media\/6869"}],"wp:attachment":[{"href":"https:\/\/hense-systeme.com\/pl\/wp-json\/wp\/v2\/media?parent=6868"}],"wp:term":[{"taxonomy":"product_applications","embeddable":true,"href":"https:\/\/hense-systeme.com\/pl\/wp-json\/wp\/v2\/product_applications?post=6868"},{"taxonomy":"product_category","embeddable":true,"href":"https:\/\/hense-systeme.com\/pl\/wp-json\/wp\/v2\/product_category?post=6868"}],"curies":[{"name":"wp","href":"https:\/\/api.w.org\/{rel}","templated":true}]}}